{"id":2088,"date":"2026-05-11T14:33:57","date_gmt":"2026-05-11T14:33:57","guid":{"rendered":"https:\/\/ecosupplements.ch\/?product=mullein-leaf-500mg-90-vcaps"},"modified":"2026-05-13T07:25:54","modified_gmt":"2026-05-13T07:25:54","slug":"mullein-leaf-500mg-90-vcaps","status":"publish","type":"product","link":"https:\/\/ecosupplements.ch\/?product=mullein-leaf-500mg-90-vcaps","title":{"rendered":"Mullein Leaf, 500mg &#8211; 90 vcaps"},"content":{"rendered":"<div class=\"chcg-product-description\">\n<h2 class=\"chcg-heading\">\u00dcber Nature&#8217;s Answer \u2013 Mullein Leaf, 500mg \u2013 90 Kapseln<\/h2>\n<div class=\"chcg-intro\">\n<p>K\u00f6nigskerze (Verbascum thapsus) ist eine traditionelle Heilpflanze, die seit Jahrhunderten in der Naturheilkunde gesch\u00e4tzt wird. Nature&#8217;s Answer bietet dieses klassische Kraut in praktischer Kapselform mit einer Wirkstoffmenge von 500 mg pro Kapsel an \u2013 f\u00fcr eine einfache und pr\u00e4zise Dosierung im Alltag.<\/p>\n<p>Die Kapseln von Nature&#8217;s Answer bestehen aus pflanzlicher Zellulose und sind somit vollst\u00e4ndig vegan und vegetarisch. Die Rezeptur enth\u00e4lt keine k\u00fcnstlichen Zusatzstoffe, kein Gluten und keine Laktose \u2013 ideal f\u00fcr Menschen mit besonderen Ern\u00e4hrungsanforderungen.<\/p>\n<p>Mit 90 Kapseln pro Packung und einer flexiblen Dosierungsempfehlung von ein bis drei Kapseln t\u00e4glich bietet dieses Produkt einen unkomplizierten Weg, K\u00f6nigskerzenblatt in die t\u00e4gliche Nahrungserg\u00e4nzungsroutine zu integrieren.<\/p>\n<\/p><\/div>\n<div class=\"chcg-nutrition\">\n<h3>N\u00e4hrwertangaben<\/h3>\n<table class=\"chcg-nutrition-table\">\n<thead>\n<tr>\n<th>N\u00e4hrstoff<\/th>\n<th>Pro Portion (1 Kapsel)<\/th>\n<\/tr>\n<\/thead>\n<tbody>\n<tr>\n<td>Mullein Leaf (Verbascum thapsus)<\/td>\n<td>500 mg *<\/td>\n<\/tr>\n<\/tbody>\n<\/table>\n<p class=\"chcg-footnote\">* Kein festgelegter Tagesreferenzwert.<\/p>\n<\/p><\/div>\n<div class=\"chcg-ingredients\">\n<h3>Zutaten<\/h3>\n<p>Mullein Leaf (Verbascum thapsus) 500 mg. Weitere Zutaten: pflanzliche Zellulose (Kapsel), Reismehl, Kalziumsilikat.<\/p>\n<p class=\"chcg-capsule-shell\">Kapselh\u00fclle: pflanzliche Zellulose<\/p>\n<\/p><\/div>\n<div class=\"chcg-dosage\">\n<h3>Verzehrempfehlung<\/h3>\n<p>Als Nahrungserg\u00e4nzungsmittel eine (1) Kapsel 1\u20133-mal t\u00e4glich zu einer Mahlzeit oder mit Wasser einnehmen.<\/p>\n<\/p><\/div>\n<div class=\"chcg-warnings\">\n<h3>Warnhinweise<\/h3>\n<p>Ausserhalb der Reichweite von Kindern aufbewahren. Nicht verwenden, wenn das Sicherheitssiegel besch\u00e4digt oder nicht vorhanden ist. Nicht verwenden w\u00e4hrend der Schwangerschaft oder Stillzeit. Wenn Sie Medikamente einnehmen, einen medizinischen Eingriff planen oder an einer Erkrankung leiden, konsultieren Sie vor der Anwendung Ihre \u00c4rztin oder Ihren Arzt. Warnung gem\u00e4ss California Prop. 65: Der Konsum dieses Produkts kann Sie chemischen Stoffen aussetzen, darunter Blei, das nach dem Recht des US-Bundesstaates Kalifornien als krebserregend sowie als Ursache von Geburtsfehlern oder anderen Fortpflanzungssch\u00e4den bekannt ist.<\/p>\n<\/p><\/div>\n<div class=\"chcg-allergens\">\n<h3>Allergeninformationen<\/h3>\n<p>Frei von Gluten, Milchprodukten, Weizen und k\u00fcnstlichen Zutaten. Auf dem Etikett sind keine Allergene deklariert.<\/p>\n<\/p><\/div>\n<div class=\"chcg-storage\">\n<h3>Lagerung<\/h3>\n<p>An einem k\u00fchlen, trockenen Ort aufbewahren.<\/p>\n<\/p><\/div>\n<div class=\"chcg-dietary\">\n<h3>Ern\u00e4hrungshinweise<\/h3>\n<ul>\n<li>Vegan<\/li>\n<li>Vegetarisch<\/li>\n<li>Glutenfrei<\/li>\n<li>Laktosefrei<\/li>\n<\/ul><\/div>\n<\/div>\n","protected":false},"excerpt":{"rendered":"<p>Mullein Leaf von Nature&#8217;s Answer liefert 500 mg K\u00f6nigskerzenblatt (Verbascum thapsus) pro Kapsel. Die veganen Kapseln sind glutenfrei und ohne k\u00fcnstliche Zusatzstoffe \u2013 90 Kapseln pro Packung.<\/p>\n","protected":false},"featured_media":2089,"comment_status":"closed","ping_status":"open","template":"","meta":[],"product_brand":[266],"product_cat":[48,25,44,22,21],"product_tag":[],"class_list":{"0":"post-2088","1":"product","2":"type-product","3":"status-publish","4":"has-post-thumbnail","6":"product_brand-natures-answer","7":"product_cat-gesunde-ernaehrung","8":"product_cat-gesundheit-und-wohlbefinden","9":"product_cat-pflanzliche-nahrungsergaenzungsmittel","10":"product_cat-vegane-produkte","11":"product_cat-vitamine-und-mineralstoffe","13":"first","14":"outofstock","15":"taxable","16":"shipping-taxable","17":"purchasable","18":"product-type-simple"},"yoast_head":"<!-- This site is optimized with the Yoast SEO plugin v27.5 - https:\/\/yoast.com\/product\/yoast-seo-wordpress\/ -->\n<title>Mullein Leaf 500mg \u2013 Nature&#039;s Answer | ecosupplements.ch<\/title>\n<meta name=\"description\" content=\"Nature&#039;s Answer Mullein Leaf mit 500 mg K\u00f6nigskerzenblatt pro Kapsel \u2013 vegan, glutenfrei, 90 Kapseln. Jetzt bestellen.\" \/>\n<meta name=\"robots\" content=\"index, follow, max-snippet:-1, max-image-preview:large, max-video-preview:-1\" \/>\n<link rel=\"canonical\" href=\"https:\/\/ecosupplements.ch\/?product=mullein-leaf-500mg-90-vcaps\" \/>\n<meta property=\"og:locale\" content=\"de_DE\" \/>\n<meta property=\"og:type\" content=\"article\" \/>\n<meta property=\"og:title\" content=\"Mullein Leaf 500mg \u2013 Nature&#039;s Answer | ecosupplements.ch\" \/>\n<meta property=\"og:description\" content=\"Nature&#039;s Answer Mullein Leaf mit 500 mg K\u00f6nigskerzenblatt pro Kapsel \u2013 vegan, glutenfrei, 90 Kapseln. Jetzt bestellen.\" \/>\n<meta property=\"og:url\" content=\"https:\/\/ecosupplements.ch\/?product=mullein-leaf-500mg-90-vcaps\" \/>\n<meta property=\"og:site_name\" content=\"Eco Supplements\" \/>\n<meta property=\"article:modified_time\" content=\"2026-05-13T07:25:54+00:00\" \/>\n<meta property=\"og:image\" content=\"https:\/\/ecosupplements.ch\/wp-content\/uploads\/2026\/05\/Mullein-Leaf-500mg-90-vcaps.jpg\" \/>\n\t<meta property=\"og:image:width\" content=\"1080\" \/>\n\t<meta property=\"og:image:height\" content=\"1080\" \/>\n\t<meta property=\"og:image:type\" content=\"image\/jpeg\" \/>\n<meta name=\"twitter:card\" content=\"summary_large_image\" \/>\n<meta name=\"twitter:label1\" content=\"Price\" \/>\n\t<meta name=\"twitter:data1\" content=\"&#067;&#072;&#070;&nbsp;18.54\" \/>\n\t<meta name=\"twitter:label2\" content=\"Availability\" \/>\n\t<meta name=\"twitter:data2\" content=\"Out of stock\" \/>\n<script type=\"application\/ld+json\" class=\"yoast-schema-graph\">{\"@context\":\"https:\\\/\\\/schema.org\",\"@graph\":[{\"@type\":\"WebPage\",\"@id\":\"https:\\\/\\\/ecosupplements.ch\\\/?product=mullein-leaf-500mg-90-vcaps\",\"url\":\"https:\\\/\\\/ecosupplements.ch\\\/?product=mullein-leaf-500mg-90-vcaps\",\"name\":\"Mullein Leaf 500mg \u2013 Nature's Answer | ecosupplements.ch\",\"isPartOf\":{\"@id\":\"https:\\\/\\\/ecosupplements.ch\\\/#website\"},\"primaryImageOfPage\":{\"@id\":\"https:\\\/\\\/ecosupplements.ch\\\/?product=mullein-leaf-500mg-90-vcaps#primaryimage\"},\"image\":{\"@id\":\"https:\\\/\\\/ecosupplements.ch\\\/?product=mullein-leaf-500mg-90-vcaps#primaryimage\"},\"thumbnailUrl\":\"https:\\\/\\\/ecosupplements.ch\\\/wp-content\\\/uploads\\\/2026\\\/05\\\/Mullein-Leaf-500mg-90-vcaps.jpg\",\"datePublished\":\"2026-05-11T14:33:57+00:00\",\"dateModified\":\"2026-05-13T07:25:54+00:00\",\"description\":\"Nature's Answer Mullein Leaf mit 500 mg K\u00f6nigskerzenblatt pro Kapsel \u2013 vegan, glutenfrei, 90 Kapseln. Jetzt bestellen.\",\"breadcrumb\":{\"@id\":\"https:\\\/\\\/ecosupplements.ch\\\/?product=mullein-leaf-500mg-90-vcaps#breadcrumb\"},\"inLanguage\":\"de-CH\",\"potentialAction\":[{\"@type\":\"ReadAction\",\"target\":[\"https:\\\/\\\/ecosupplements.ch\\\/?product=mullein-leaf-500mg-90-vcaps\"]}]},{\"@type\":\"ImageObject\",\"inLanguage\":\"de-CH\",\"@id\":\"https:\\\/\\\/ecosupplements.ch\\\/?product=mullein-leaf-500mg-90-vcaps#primaryimage\",\"url\":\"https:\\\/\\\/ecosupplements.ch\\\/wp-content\\\/uploads\\\/2026\\\/05\\\/Mullein-Leaf-500mg-90-vcaps.jpg\",\"contentUrl\":\"https:\\\/\\\/ecosupplements.ch\\\/wp-content\\\/uploads\\\/2026\\\/05\\\/Mullein-Leaf-500mg-90-vcaps.jpg\",\"width\":1080,\"height\":1080,\"caption\":\"Mullein Leaf\"},{\"@type\":\"BreadcrumbList\",\"@id\":\"https:\\\/\\\/ecosupplements.ch\\\/?product=mullein-leaf-500mg-90-vcaps#breadcrumb\",\"itemListElement\":[{\"@type\":\"ListItem\",\"position\":1,\"name\":\"Home\",\"item\":\"https:\\\/\\\/ecosupplements.ch\\\/\"},{\"@type\":\"ListItem\",\"position\":2,\"name\":\"Shop\",\"item\":\"https:\\\/\\\/ecosupplements.ch\\\/?page_id=14\"},{\"@type\":\"ListItem\",\"position\":3,\"name\":\"Mullein Leaf, 500mg &#8211; 90 vcaps\"}]},{\"@type\":\"WebSite\",\"@id\":\"https:\\\/\\\/ecosupplements.ch\\\/#website\",\"url\":\"https:\\\/\\\/ecosupplements.ch\\\/\",\"name\":\"Eco Supplements\",\"description\":\"\",\"potentialAction\":[{\"@type\":\"SearchAction\",\"target\":{\"@type\":\"EntryPoint\",\"urlTemplate\":\"https:\\\/\\\/ecosupplements.ch\\\/?s={search_term_string}\"},\"query-input\":{\"@type\":\"PropertyValueSpecification\",\"valueRequired\":true,\"valueName\":\"search_term_string\"}}],\"inLanguage\":\"de-CH\"}]}<\/script>\n<meta property=\"product:price:amount\" content=\"18.54\" \/>\n<meta property=\"product:price:currency\" content=\"CHF\" \/>\n<meta property=\"og:availability\" content=\"out of stock\" \/>\n<meta property=\"product:availability\" content=\"out of stock\" \/>\n<meta property=\"product:retailer_item_id\" content=\"083000162985\" \/>\n<meta property=\"product:condition\" content=\"new\" \/>\n<!-- \/ Yoast SEO plugin. -->","yoast_head_json":{"title":"Mullein Leaf 500mg \u2013 Nature's Answer | ecosupplements.ch","description":"Nature's Answer Mullein Leaf mit 500 mg K\u00f6nigskerzenblatt pro Kapsel \u2013 vegan, glutenfrei, 90 Kapseln. Jetzt bestellen.","robots":{"index":"index","follow":"follow","max-snippet":"max-snippet:-1","max-image-preview":"max-image-preview:large","max-video-preview":"max-video-preview:-1"},"canonical":"https:\/\/ecosupplements.ch\/?product=mullein-leaf-500mg-90-vcaps","og_locale":"de_DE","og_type":"article","og_title":"Mullein Leaf 500mg \u2013 Nature's Answer | ecosupplements.ch","og_description":"Nature's Answer Mullein Leaf mit 500 mg K\u00f6nigskerzenblatt pro Kapsel \u2013 vegan, glutenfrei, 90 Kapseln. Jetzt bestellen.","og_url":"https:\/\/ecosupplements.ch\/?product=mullein-leaf-500mg-90-vcaps","og_site_name":"Eco Supplements","article_modified_time":"2026-05-13T07:25:54+00:00","og_image":[{"width":1080,"height":1080,"url":"https:\/\/ecosupplements.ch\/wp-content\/uploads\/2026\/05\/Mullein-Leaf-500mg-90-vcaps.jpg","type":"image\/jpeg"}],"twitter_card":"summary_large_image","twitter_misc":{"Price":"&#67;&#72;&#70;&nbsp;18.54","Availability":"Out of stock"},"schema":{"@context":"https:\/\/schema.org","@graph":[{"@type":"WebPage","@id":"https:\/\/ecosupplements.ch\/?product=mullein-leaf-500mg-90-vcaps","url":"https:\/\/ecosupplements.ch\/?product=mullein-leaf-500mg-90-vcaps","name":"Mullein Leaf 500mg \u2013 Nature's Answer | ecosupplements.ch","isPartOf":{"@id":"https:\/\/ecosupplements.ch\/#website"},"primaryImageOfPage":{"@id":"https:\/\/ecosupplements.ch\/?product=mullein-leaf-500mg-90-vcaps#primaryimage"},"image":{"@id":"https:\/\/ecosupplements.ch\/?product=mullein-leaf-500mg-90-vcaps#primaryimage"},"thumbnailUrl":"https:\/\/ecosupplements.ch\/wp-content\/uploads\/2026\/05\/Mullein-Leaf-500mg-90-vcaps.jpg","datePublished":"2026-05-11T14:33:57+00:00","dateModified":"2026-05-13T07:25:54+00:00","description":"Nature's Answer Mullein Leaf mit 500 mg K\u00f6nigskerzenblatt pro Kapsel \u2013 vegan, glutenfrei, 90 Kapseln. Jetzt bestellen.","breadcrumb":{"@id":"https:\/\/ecosupplements.ch\/?product=mullein-leaf-500mg-90-vcaps#breadcrumb"},"inLanguage":"de-CH","potentialAction":[{"@type":"ReadAction","target":["https:\/\/ecosupplements.ch\/?product=mullein-leaf-500mg-90-vcaps"]}]},{"@type":"ImageObject","inLanguage":"de-CH","@id":"https:\/\/ecosupplements.ch\/?product=mullein-leaf-500mg-90-vcaps#primaryimage","url":"https:\/\/ecosupplements.ch\/wp-content\/uploads\/2026\/05\/Mullein-Leaf-500mg-90-vcaps.jpg","contentUrl":"https:\/\/ecosupplements.ch\/wp-content\/uploads\/2026\/05\/Mullein-Leaf-500mg-90-vcaps.jpg","width":1080,"height":1080,"caption":"Mullein Leaf"},{"@type":"BreadcrumbList","@id":"https:\/\/ecosupplements.ch\/?product=mullein-leaf-500mg-90-vcaps#breadcrumb","itemListElement":[{"@type":"ListItem","position":1,"name":"Home","item":"https:\/\/ecosupplements.ch\/"},{"@type":"ListItem","position":2,"name":"Shop","item":"https:\/\/ecosupplements.ch\/?page_id=14"},{"@type":"ListItem","position":3,"name":"Mullein Leaf, 500mg &#8211; 90 vcaps"}]},{"@type":"WebSite","@id":"https:\/\/ecosupplements.ch\/#website","url":"https:\/\/ecosupplements.ch\/","name":"Eco Supplements","description":"","potentialAction":[{"@type":"SearchAction","target":{"@type":"EntryPoint","urlTemplate":"https:\/\/ecosupplements.ch\/?s={search_term_string}"},"query-input":{"@type":"PropertyValueSpecification","valueRequired":true,"valueName":"search_term_string"}}],"inLanguage":"de-CH"}]},"product_price_amount":"18.54","product_price_currency":"CHF","og_availability":"out of stock","product_availability":"out of stock","product_retailer_item_id":"083000162985","product_condition":"new"},"_links":{"self":[{"href":"https:\/\/ecosupplements.ch\/index.php?rest_route=\/wp\/v2\/product\/2088","targetHints":{"allow":["GET"]}}],"collection":[{"href":"https:\/\/ecosupplements.ch\/index.php?rest_route=\/wp\/v2\/product"}],"about":[{"href":"https:\/\/ecosupplements.ch\/index.php?rest_route=\/wp\/v2\/types\/product"}],"replies":[{"embeddable":true,"href":"https:\/\/ecosupplements.ch\/index.php?rest_route=%2Fwp%2Fv2%2Fcomments&post=2088"}],"wp:featuredmedia":[{"embeddable":true,"href":"https:\/\/ecosupplements.ch\/index.php?rest_route=\/wp\/v2\/media\/2089"}],"wp:attachment":[{"href":"https:\/\/ecosupplements.ch\/index.php?rest_route=%2Fwp%2Fv2%2Fmedia&parent=2088"}],"wp:term":[{"taxonomy":"product_brand","embeddable":true,"href":"https:\/\/ecosupplements.ch\/index.php?rest_route=%2Fwp%2Fv2%2Fproduct_brand&post=2088"},{"taxonomy":"product_cat","embeddable":true,"href":"https:\/\/ecosupplements.ch\/index.php?rest_route=%2Fwp%2Fv2%2Fproduct_cat&post=2088"},{"taxonomy":"product_tag","embeddable":true,"href":"https:\/\/ecosupplements.ch\/index.php?rest_route=%2Fwp%2Fv2%2Fproduct_tag&post=2088"}],"curies":[{"name":"wp","href":"https:\/\/api.w.org\/{rel}","templated":true}]}}