{"id":2090,"date":"2026-05-11T14:33:58","date_gmt":"2026-05-11T14:33:58","guid":{"rendered":"https:\/\/ecosupplements.ch\/?product=passionflower-aerial-parts-30-ml"},"modified":"2026-05-13T07:25:54","modified_gmt":"2026-05-13T07:25:54","slug":"passionflower-aerial-parts-30-ml","status":"publish","type":"product","link":"https:\/\/ecosupplements.ch\/?product=passionflower-aerial-parts-30-ml","title":{"rendered":"Passionflower Aerial Parts &#8211; 30 ml."},"content":{"rendered":"<div class=\"chcg-product-description\">\n<h2 class=\"chcg-heading\">\u00dcber Nature&#8217;s Answer \u2013 Passionflower Aerial Parts \u2013 30 ml<\/h2>\n<div class=\"chcg-intro\">\n<p>Der fl\u00fcssige Passionsblumen-Extrakt von Nature&#8217;s Answer enth\u00e4lt oberirdische Pflanzenteile der <em>Passiflora incarnata L.<\/em> in einer konzentrierten 1:1-Tinktur. Pro empfohlener Tagesportion liefert dieses Produkt einen sorgf\u00e4ltig standardisierten Extrakt, der die nat\u00fcrlichen Wirkstoffe der Passionsblume in ihrer vollen Bandbreite bewahrt.<\/p>\n<p>Nature&#8217;s Answer steht seit Jahrzehnten f\u00fcr h\u00f6chste Qualit\u00e4tsstandards bei pflanzlichen Extrakten. Das fl\u00fcssige Format erm\u00f6glicht eine flexible Dosierung und eine rasche Aufnahme im Vergleich zu festen Darreichungsformen. Der Extrakt wird in vegetabilischem Glycerin und gereinigtem USP-Wasser gel\u00f6st \u2013 ohne den Einsatz von Alkohol.<\/p>\n<p>Das Produkt ist vegan, vegetarisch und frei von Gluten sowie allen 14 grossen Hauptallergenen gem\u00e4ss EU-Anhang II. Es eignet sich somit f\u00fcr Menschen mit verschiedenen Ern\u00e4hrungsweisen und Unvertr\u00e4glichkeiten.<\/p>\n<\/p><\/div>\n<div class=\"chcg-nutrition\">\n<h3>N\u00e4hrwertangaben<\/h3>\n<table class=\"chcg-nutrition-table\">\n<thead>\n<tr>\n<th>N\u00e4hrstoff<\/th>\n<th>Pro Portion (2 ml \/ ca. 74 Tropfen)<\/th>\n<\/tr>\n<\/thead>\n<tbody>\n<tr>\n<td>Passionsblumen (<em>Passiflora incarnata<\/em> L.) oberirdische Pflanzenteile Extrakt (1:1 Trocken\u00e4quivalent)<\/td>\n<td>2000 mg *<\/td>\n<\/tr>\n<\/tbody>\n<\/table>\n<p class=\"chcg-footnote\">* Kein festgelegter Tagesbedarf (NRV nicht etabliert).<\/p>\n<p class=\"chcg-footnote\">Pro 100 ml: Passionsblumen oberirdische Pflanzenteile Extrakt: 100 000 mg.<\/p>\n<p class=\"chcg-footnote\">Ca. 15 Portionen pro Beh\u00e4lter.<\/p>\n<\/p><\/div>\n<div class=\"chcg-ingredients\">\n<h3>Zutaten<\/h3>\n<p>Passionsblumen (<em>Passiflora incarnata<\/em> L.) oberirdische Pflanzenteile Extrakt (2000 mg (1:1) Trocken\u00e4quivalent), pflanzliches Glycerin, USP gereinigtes Wasser.<\/p>\n<\/p><\/div>\n<div class=\"chcg-dosage\">\n<h3>Verzehrempfehlung<\/h3>\n<p>Als Nahrungserg\u00e4nzungsmittel 1\u20132 ml (33\u201374 Tropfen) dreimal (3x) t\u00e4glich in einer kleinen Menge Wasser einnehmen. Vor dem Gebrauch gut sch\u00fctteln.<\/p>\n<\/p><\/div>\n<div class=\"chcg-warnings\">\n<h3>Warnhinweise<\/h3>\n<p>Ausserhalb der Reichweite von Kindern aufbewahren. Nicht w\u00e4hrend der Schwangerschaft oder Stillzeit verwenden. Nicht verwenden, wenn das Sicherheitssiegel besch\u00e4digt oder nicht vorhanden ist.<\/p>\n<\/p><\/div>\n<div class=\"chcg-allergens\">\n<h3>Allergeninformationen<\/h3>\n<p>Frei von allen 14 grossen Hauptallergenen gem\u00e4ss EU-Anhang II \/ Verordnung 1169\/2011. Glutenfrei, weizenfrei, maisfrei, milchfrei, sojafrei.<\/p>\n<\/p><\/div>\n<div class=\"chcg-storage\">\n<h3>Lagerung<\/h3>\n<p>An einem k\u00fchlen, trockenen Ort lagern.<\/p>\n<\/p><\/div>\n<div class=\"chcg-dietary\">\n<h3>Ern\u00e4hrungshinweise<\/h3>\n<ul>\n<li>Vegan<\/li>\n<li>Vegetarisch<\/li>\n<li>Glutenfrei<\/li>\n<li>Laktosefrei<\/li>\n<\/ul><\/div>\n<\/div>\n","protected":false},"excerpt":{"rendered":"<p>Fl\u00fcssiger Passionsblumen-Extrakt (Passiflora incarnata L.) von Nature&#8217;s Answer \u2013 2000 mg pro Portion, vegan und glutenfrei. 30 ml Flasche mit ca. 15 Portionen, ohne Alkohol.<\/p>\n","protected":false},"featured_media":2091,"comment_status":"closed","ping_status":"open","template":"","meta":[],"product_brand":[266],"product_cat":[48,25,44,165,137,21],"product_tag":[],"class_list":{"0":"post-2090","1":"product","2":"type-product","3":"status-publish","4":"has-post-thumbnail","6":"product_brand-natures-answer","7":"product_cat-gesunde-ernaehrung","8":"product_cat-gesundheit-und-wohlbefinden","9":"product_cat-pflanzliche-nahrungsergaenzungsmittel","10":"product_cat-humorforbedring","11":"product_cat-forbedring-af-humoret","12":"product_cat-vitamine-und-mineralstoffe","14":"first","15":"outofstock","16":"taxable","17":"shipping-taxable","18":"purchasable","19":"product-type-simple"},"yoast_head":"<!-- This site is optimized with the Yoast SEO plugin v27.5 - https:\/\/yoast.com\/product\/yoast-seo-wordpress\/ -->\n<title>Passionflower Aerial Parts 30 ml \u2013 Nature&#039;s Answer | ecosupplements.ch<\/title>\n<meta name=\"description\" content=\"Passionsblumen-Extrakt von Nature&#039;s Answer \u2013 2000 mg pro Portion, alkoholfrei, vegan und glutenfrei, 30 ml. Jetzt bestellen.\" \/>\n<meta name=\"robots\" content=\"index, follow, max-snippet:-1, max-image-preview:large, max-video-preview:-1\" \/>\n<link rel=\"canonical\" href=\"https:\/\/ecosupplements.ch\/?product=passionflower-aerial-parts-30-ml\" \/>\n<meta property=\"og:locale\" content=\"de_DE\" \/>\n<meta property=\"og:type\" content=\"article\" \/>\n<meta property=\"og:title\" content=\"Passionflower Aerial Parts 30 ml \u2013 Nature&#039;s Answer | ecosupplements.ch\" \/>\n<meta property=\"og:description\" content=\"Passionsblumen-Extrakt von Nature&#039;s Answer \u2013 2000 mg pro Portion, alkoholfrei, vegan und glutenfrei, 30 ml. Jetzt bestellen.\" \/>\n<meta property=\"og:url\" content=\"https:\/\/ecosupplements.ch\/?product=passionflower-aerial-parts-30-ml\" \/>\n<meta property=\"og:site_name\" content=\"Eco Supplements\" \/>\n<meta property=\"article:modified_time\" content=\"2026-05-13T07:25:54+00:00\" \/>\n<meta property=\"og:image\" content=\"https:\/\/ecosupplements.ch\/wp-content\/uploads\/2026\/05\/Passionflower-Aerial-Parts-30-ml.jpg\" \/>\n\t<meta property=\"og:image:width\" content=\"1200\" \/>\n\t<meta property=\"og:image:height\" content=\"1200\" \/>\n\t<meta property=\"og:image:type\" content=\"image\/jpeg\" \/>\n<meta name=\"twitter:card\" content=\"summary_large_image\" \/>\n<meta name=\"twitter:label1\" content=\"Price\" \/>\n\t<meta name=\"twitter:data1\" content=\"&#067;&#072;&#070;&nbsp;14.76\" \/>\n\t<meta name=\"twitter:label2\" content=\"Availability\" \/>\n\t<meta name=\"twitter:data2\" content=\"Out of stock\" \/>\n<script type=\"application\/ld+json\" class=\"yoast-schema-graph\">{\"@context\":\"https:\\\/\\\/schema.org\",\"@graph\":[{\"@type\":\"WebPage\",\"@id\":\"https:\\\/\\\/ecosupplements.ch\\\/?product=passionflower-aerial-parts-30-ml\",\"url\":\"https:\\\/\\\/ecosupplements.ch\\\/?product=passionflower-aerial-parts-30-ml\",\"name\":\"Passionflower Aerial Parts 30 ml \u2013 Nature's Answer | ecosupplements.ch\",\"isPartOf\":{\"@id\":\"https:\\\/\\\/ecosupplements.ch\\\/#website\"},\"primaryImageOfPage\":{\"@id\":\"https:\\\/\\\/ecosupplements.ch\\\/?product=passionflower-aerial-parts-30-ml#primaryimage\"},\"image\":{\"@id\":\"https:\\\/\\\/ecosupplements.ch\\\/?product=passionflower-aerial-parts-30-ml#primaryimage\"},\"thumbnailUrl\":\"https:\\\/\\\/ecosupplements.ch\\\/wp-content\\\/uploads\\\/2026\\\/05\\\/Passionflower-Aerial-Parts-30-ml.jpg\",\"datePublished\":\"2026-05-11T14:33:58+00:00\",\"dateModified\":\"2026-05-13T07:25:54+00:00\",\"description\":\"Passionsblumen-Extrakt von Nature's Answer \u2013 2000 mg pro Portion, alkoholfrei, vegan und glutenfrei, 30 ml. Jetzt bestellen.\",\"breadcrumb\":{\"@id\":\"https:\\\/\\\/ecosupplements.ch\\\/?product=passionflower-aerial-parts-30-ml#breadcrumb\"},\"inLanguage\":\"de-CH\",\"potentialAction\":[{\"@type\":\"ReadAction\",\"target\":[\"https:\\\/\\\/ecosupplements.ch\\\/?product=passionflower-aerial-parts-30-ml\"]}]},{\"@type\":\"ImageObject\",\"inLanguage\":\"de-CH\",\"@id\":\"https:\\\/\\\/ecosupplements.ch\\\/?product=passionflower-aerial-parts-30-ml#primaryimage\",\"url\":\"https:\\\/\\\/ecosupplements.ch\\\/wp-content\\\/uploads\\\/2026\\\/05\\\/Passionflower-Aerial-Parts-30-ml.jpg\",\"contentUrl\":\"https:\\\/\\\/ecosupplements.ch\\\/wp-content\\\/uploads\\\/2026\\\/05\\\/Passionflower-Aerial-Parts-30-ml.jpg\",\"width\":1200,\"height\":1200,\"caption\":\"Passionflower Aerial Parts - 30 ml.\"},{\"@type\":\"BreadcrumbList\",\"@id\":\"https:\\\/\\\/ecosupplements.ch\\\/?product=passionflower-aerial-parts-30-ml#breadcrumb\",\"itemListElement\":[{\"@type\":\"ListItem\",\"position\":1,\"name\":\"Home\",\"item\":\"https:\\\/\\\/ecosupplements.ch\\\/\"},{\"@type\":\"ListItem\",\"position\":2,\"name\":\"Shop\",\"item\":\"https:\\\/\\\/ecosupplements.ch\\\/?page_id=14\"},{\"@type\":\"ListItem\",\"position\":3,\"name\":\"Passionflower Aerial Parts &#8211; 30 ml.\"}]},{\"@type\":\"WebSite\",\"@id\":\"https:\\\/\\\/ecosupplements.ch\\\/#website\",\"url\":\"https:\\\/\\\/ecosupplements.ch\\\/\",\"name\":\"Eco Supplements\",\"description\":\"\",\"potentialAction\":[{\"@type\":\"SearchAction\",\"target\":{\"@type\":\"EntryPoint\",\"urlTemplate\":\"https:\\\/\\\/ecosupplements.ch\\\/?s={search_term_string}\"},\"query-input\":{\"@type\":\"PropertyValueSpecification\",\"valueRequired\":true,\"valueName\":\"search_term_string\"}}],\"inLanguage\":\"de-CH\"}]}<\/script>\n<meta property=\"product:price:amount\" content=\"14.76\" \/>\n<meta property=\"product:price:currency\" content=\"CHF\" \/>\n<meta property=\"og:availability\" content=\"out of stock\" \/>\n<meta property=\"product:availability\" content=\"out of stock\" \/>\n<meta property=\"product:retailer_item_id\" content=\"083000006548\" \/>\n<meta property=\"product:condition\" content=\"new\" \/>\n<!-- \/ Yoast SEO plugin. -->","yoast_head_json":{"title":"Passionflower Aerial Parts 30 ml \u2013 Nature's Answer | ecosupplements.ch","description":"Passionsblumen-Extrakt von Nature's Answer \u2013 2000 mg pro Portion, alkoholfrei, vegan und glutenfrei, 30 ml. Jetzt bestellen.","robots":{"index":"index","follow":"follow","max-snippet":"max-snippet:-1","max-image-preview":"max-image-preview:large","max-video-preview":"max-video-preview:-1"},"canonical":"https:\/\/ecosupplements.ch\/?product=passionflower-aerial-parts-30-ml","og_locale":"de_DE","og_type":"article","og_title":"Passionflower Aerial Parts 30 ml \u2013 Nature's Answer | ecosupplements.ch","og_description":"Passionsblumen-Extrakt von Nature's Answer \u2013 2000 mg pro Portion, alkoholfrei, vegan und glutenfrei, 30 ml. Jetzt bestellen.","og_url":"https:\/\/ecosupplements.ch\/?product=passionflower-aerial-parts-30-ml","og_site_name":"Eco Supplements","article_modified_time":"2026-05-13T07:25:54+00:00","og_image":[{"width":1200,"height":1200,"url":"https:\/\/ecosupplements.ch\/wp-content\/uploads\/2026\/05\/Passionflower-Aerial-Parts-30-ml.jpg","type":"image\/jpeg"}],"twitter_card":"summary_large_image","twitter_misc":{"Price":"&#67;&#72;&#70;&nbsp;14.76","Availability":"Out of stock"},"schema":{"@context":"https:\/\/schema.org","@graph":[{"@type":"WebPage","@id":"https:\/\/ecosupplements.ch\/?product=passionflower-aerial-parts-30-ml","url":"https:\/\/ecosupplements.ch\/?product=passionflower-aerial-parts-30-ml","name":"Passionflower Aerial Parts 30 ml \u2013 Nature's Answer | ecosupplements.ch","isPartOf":{"@id":"https:\/\/ecosupplements.ch\/#website"},"primaryImageOfPage":{"@id":"https:\/\/ecosupplements.ch\/?product=passionflower-aerial-parts-30-ml#primaryimage"},"image":{"@id":"https:\/\/ecosupplements.ch\/?product=passionflower-aerial-parts-30-ml#primaryimage"},"thumbnailUrl":"https:\/\/ecosupplements.ch\/wp-content\/uploads\/2026\/05\/Passionflower-Aerial-Parts-30-ml.jpg","datePublished":"2026-05-11T14:33:58+00:00","dateModified":"2026-05-13T07:25:54+00:00","description":"Passionsblumen-Extrakt von Nature's Answer \u2013 2000 mg pro Portion, alkoholfrei, vegan und glutenfrei, 30 ml. Jetzt bestellen.","breadcrumb":{"@id":"https:\/\/ecosupplements.ch\/?product=passionflower-aerial-parts-30-ml#breadcrumb"},"inLanguage":"de-CH","potentialAction":[{"@type":"ReadAction","target":["https:\/\/ecosupplements.ch\/?product=passionflower-aerial-parts-30-ml"]}]},{"@type":"ImageObject","inLanguage":"de-CH","@id":"https:\/\/ecosupplements.ch\/?product=passionflower-aerial-parts-30-ml#primaryimage","url":"https:\/\/ecosupplements.ch\/wp-content\/uploads\/2026\/05\/Passionflower-Aerial-Parts-30-ml.jpg","contentUrl":"https:\/\/ecosupplements.ch\/wp-content\/uploads\/2026\/05\/Passionflower-Aerial-Parts-30-ml.jpg","width":1200,"height":1200,"caption":"Passionflower Aerial Parts - 30 ml."},{"@type":"BreadcrumbList","@id":"https:\/\/ecosupplements.ch\/?product=passionflower-aerial-parts-30-ml#breadcrumb","itemListElement":[{"@type":"ListItem","position":1,"name":"Home","item":"https:\/\/ecosupplements.ch\/"},{"@type":"ListItem","position":2,"name":"Shop","item":"https:\/\/ecosupplements.ch\/?page_id=14"},{"@type":"ListItem","position":3,"name":"Passionflower Aerial Parts &#8211; 30 ml."}]},{"@type":"WebSite","@id":"https:\/\/ecosupplements.ch\/#website","url":"https:\/\/ecosupplements.ch\/","name":"Eco Supplements","description":"","potentialAction":[{"@type":"SearchAction","target":{"@type":"EntryPoint","urlTemplate":"https:\/\/ecosupplements.ch\/?s={search_term_string}"},"query-input":{"@type":"PropertyValueSpecification","valueRequired":true,"valueName":"search_term_string"}}],"inLanguage":"de-CH"}]},"product_price_amount":"14.76","product_price_currency":"CHF","og_availability":"out of stock","product_availability":"out of stock","product_retailer_item_id":"083000006548","product_condition":"new"},"_links":{"self":[{"href":"https:\/\/ecosupplements.ch\/index.php?rest_route=\/wp\/v2\/product\/2090","targetHints":{"allow":["GET"]}}],"collection":[{"href":"https:\/\/ecosupplements.ch\/index.php?rest_route=\/wp\/v2\/product"}],"about":[{"href":"https:\/\/ecosupplements.ch\/index.php?rest_route=\/wp\/v2\/types\/product"}],"replies":[{"embeddable":true,"href":"https:\/\/ecosupplements.ch\/index.php?rest_route=%2Fwp%2Fv2%2Fcomments&post=2090"}],"wp:featuredmedia":[{"embeddable":true,"href":"https:\/\/ecosupplements.ch\/index.php?rest_route=\/wp\/v2\/media\/2091"}],"wp:attachment":[{"href":"https:\/\/ecosupplements.ch\/index.php?rest_route=%2Fwp%2Fv2%2Fmedia&parent=2090"}],"wp:term":[{"taxonomy":"product_brand","embeddable":true,"href":"https:\/\/ecosupplements.ch\/index.php?rest_route=%2Fwp%2Fv2%2Fproduct_brand&post=2090"},{"taxonomy":"product_cat","embeddable":true,"href":"https:\/\/ecosupplements.ch\/index.php?rest_route=%2Fwp%2Fv2%2Fproduct_cat&post=2090"},{"taxonomy":"product_tag","embeddable":true,"href":"https:\/\/ecosupplements.ch\/index.php?rest_route=%2Fwp%2Fv2%2Fproduct_tag&post=2090"}],"curies":[{"name":"wp","href":"https:\/\/api.w.org\/{rel}","templated":true}]}}