{"id":2114,"date":"2026-05-11T14:34:08","date_gmt":"2026-05-11T14:34:08","guid":{"rendered":"https:\/\/ecosupplements.ch\/?product=super-collagen-vitamin-c-biotin-90-tablets"},"modified":"2026-05-13T07:25:24","modified_gmt":"2026-05-13T07:25:24","slug":"super-collagen-vitamin-c-biotin-90-tablets","status":"publish","type":"product","link":"https:\/\/ecosupplements.ch\/?product=super-collagen-vitamin-c-biotin-90-tablets","title":{"rendered":"Super Collagen + Vitamin C &amp; Biotin &#8211; 90 tablets"},"content":{"rendered":"<div class=\"chcg-product-description\">\n<h2 class=\"chcg-heading\">\u00dcber NeoCell \u2013 Super Collagen + Vitamin C &amp; Biotin \u2013 90 Tabletten<\/h2>\n<div class=\"chcg-intro\">\n<p>NeoCell Super Collagen + Vitamin C &amp; Biotin ist eine hochwertige Nahrungserg\u00e4nzungsformel, die hydrolysiertes Rinderkollagen der Typen 1 &amp; 3 mit Vitamin C und Biotin kombiniert. Kollagen der Typen 1 und 3 geh\u00f6rt zu den h\u00e4ufigsten Kollagenformen im menschlichen K\u00f6rper und ist ein wichtiger Bestandteil von Haut, Haaren, N\u00e4geln und Bindegewebe. Durch die Hydrolyse wird das Kollagen in kleinere Peptide aufgespalten, was die Aufnahme im K\u00f6rper erleichtern kann.<\/p>\n<p>Vitamin C tr\u00e4gt zur normalen Kollagenbildung f\u00fcr eine normale Funktion der Haut bei und unterst\u00fctzt zus\u00e4tzlich die normale Funktion des Immunsystems. Biotin tr\u00e4gt zur Erhaltung normaler Haut sowie normaler Haare und N\u00e4gel bei \u2013 eine ideale Erg\u00e4nzung f\u00fcr alle, die ihre Sch\u00f6nheitspflege von innen unterst\u00fctzen m\u00f6chten.<\/p>\n<p>Mit 3 g hydrolysiertem Rinderkollagen pro Tagesportion (3 Tabletten) \u2013 oder bis zu 6 g bei 6 Tabletten t\u00e4glich \u2013 bietet NeoCell Super Collagen eine praktische Tablettenform f\u00fcr den t\u00e4glichen Gebrauch. Das Produkt enth\u00e4lt kein Soja, keinen Weizen, keine Laktose, keine St\u00e4rke und keine k\u00fcnstlichen Aromastoffe.<\/p>\n<\/p><\/div>\n<div class=\"chcg-nutrition\">\n<h3>N\u00e4hrwertangaben<\/h3>\n<table class=\"chcg-nutrition-table\">\n<thead>\n<tr>\n<th>N\u00e4hrstoff<\/th>\n<th>Pro Portion (3 Tabletten)<\/th>\n<\/tr>\n<\/thead>\n<tbody>\n<tr>\n<td>Kalorien<\/td>\n<td>10<\/td>\n<\/tr>\n<tr>\n<td>Protein<\/td>\n<td>3 g<\/td>\n<\/tr>\n<tr>\n<td>Vitamin C (als Calciumascorbat)<\/td>\n<td>30 mg<\/td>\n<\/tr>\n<tr>\n<td>Biotin<\/td>\n<td>2500 mcg<\/td>\n<\/tr>\n<tr>\n<td>Natrium<\/td>\n<td>15 mg<\/td>\n<\/tr>\n<tr>\n<td>Hydrolysiertes Rinderkollagen (Typen 1 &amp; 3)<\/td>\n<td>3 g (6000 mg pro Portion von 6 Tabletten)<\/td>\n<\/tr>\n<\/tbody>\n<\/table>\n<p class=\"chcg-footnote\">Portionsgr\u00f6sse: 3 Tabletten | Portionen pro Packung: 30<\/p>\n<\/p><\/div>\n<div class=\"chcg-ingredients\">\n<h3>Zutaten<\/h3>\n<p>Hydrolysiertes Rinderkollagen (Typen 1 &amp; 3), Calciumascorbat, Biotin.<\/p>\n<p>Weitere Zutaten: Pflanzliches Magnesiumstearat.<\/p>\n<p>Enth\u00e4lt kein Soja, keinen Weizen, keine Laktose, keine St\u00e4rke und keine k\u00fcnstlichen Aromastoffe. Kann Spuren von nat\u00fcrlich vorkommendem Sulfitr\u00fcckstand enthalten.<\/p>\n<\/p><\/div>\n<div class=\"chcg-dosage\">\n<h3>Verzehrempfehlung<\/h3>\n<p>T\u00e4glich 3 Tabletten einnehmen (oder 6 Tabletten t\u00e4glich zur verst\u00e4rkten Unterst\u00fctzung der inneren Sch\u00f6nheitspflege), vorzugsweise auf n\u00fcchternen Magen mit ca. 240 ml (8 oz) Wasser.<\/p>\n<\/p><\/div>\n<div class=\"chcg-warnings\">\n<h3>Warnhinweise<\/h3>\n<p>Ausserhalb der Reichweite von Kindern aufbewahren. Nur f\u00fcr Erwachsene. Wie bei allen Nahrungserg\u00e4nzungsmitteln gilt: Wenn Sie schwanger sind, stillen, Medikamente einnehmen oder an einer Erkrankung leiden, konsultieren Sie vor der Anwendung dieses Produkts Ihren Arzt. Bei unerw\u00fcnschten Reaktionen die Einnahme abbrechen und einen Arzt aufsuchen. Hinweis: Dieses Produkt ausschliesslich als Nahrungserg\u00e4nzungsmittel verwenden. Nicht zur Gewichtsreduktion einsetzen. Manipulationsschutz: Nicht verwenden, wenn das Sicherheitssiegel besch\u00e4digt oder nicht vorhanden ist.<\/p>\n<\/p><\/div>\n<div class=\"chcg-allergens\">\n<h3>Allergeninformationen<\/h3>\n<p>Enth\u00e4lt kein Soja, keinen Weizen, keine Laktose, keine St\u00e4rke und keine k\u00fcnstlichen Aromastoffe. Kann Spuren von nat\u00fcrlich vorkommendem Sulfitr\u00fcckstand enthalten.<\/p>\n<\/p><\/div>\n<div class=\"chcg-storage\">\n<h3>Lagerung<\/h3>\n<p>An einem k\u00fchlen, trockenen Ort aufbewahren.<\/p>\n<\/p><\/div>\n<div class=\"chcg-dietary\">\n<h3>Ern\u00e4hrungshinweise<\/h3>\n<ul>\n<li>Glutenfrei<\/li>\n<li>Laktosefrei<\/li>\n<\/ul><\/div>\n<\/div>\n","protected":false},"excerpt":{"rendered":"<p>NeoCell Super Collagen + Vitamin C &amp; Biotin liefert 3 g hydrolysiertes Rinderkollagen (Typen 1 &amp; 3) pro Tagesportion und unterst\u00fctzt Haut, Haare und N\u00e4gel von innen. 90 Tabletten, glutenfrei und laktosefrei.<\/p>\n","protected":false},"featured_media":2115,"comment_status":"closed","ping_status":"open","template":"","meta":[],"product_brand":[212],"product_cat":[113,27,48,103,25,80,98,21],"product_tag":[],"class_list":{"0":"post-2114","1":"product","2":"type-product","3":"status-publish","4":"has-post-thumbnail","6":"product_brand-neocell","7":"product_cat-biotin","8":"product_cat-einige-vitamine","9":"product_cat-gesunde-ernaehrung","10":"product_cat-gesunde-haut","11":"product_cat-gesundheit-und-wohlbefinden","12":"product_cat-kollagen","13":"product_cat-vitalitaet","14":"product_cat-vitamine-und-mineralstoffe","16":"first","17":"outofstock","18":"taxable","19":"shipping-taxable","20":"purchasable","21":"product-type-simple"},"yoast_head":"<!-- This site is optimized with the Yoast SEO plugin v27.5 - https:\/\/yoast.com\/product\/yoast-seo-wordpress\/ -->\n<title>Super Collagen + Vitamin C &amp; Biotin \u2013 NeoCell | ecosupplements.ch<\/title>\n<meta name=\"description\" content=\"NeoCell Super Collagen mit Vitamin C &amp; Biotin unterst\u00fctzt Haut, Haare und N\u00e4gel \u2013 90 Tabletten, glutenfrei. Jetzt bestellen.\" \/>\n<meta name=\"robots\" content=\"index, follow, max-snippet:-1, max-image-preview:large, max-video-preview:-1\" \/>\n<link rel=\"canonical\" href=\"https:\/\/ecosupplements.ch\/?product=super-collagen-vitamin-c-biotin-90-tablets\" \/>\n<meta property=\"og:locale\" content=\"de_DE\" \/>\n<meta property=\"og:type\" content=\"article\" \/>\n<meta property=\"og:title\" content=\"Super Collagen + Vitamin C &amp; Biotin \u2013 NeoCell | ecosupplements.ch\" \/>\n<meta property=\"og:description\" content=\"NeoCell Super Collagen mit Vitamin C &amp; Biotin unterst\u00fctzt Haut, Haare und N\u00e4gel \u2013 90 Tabletten, glutenfrei. Jetzt bestellen.\" \/>\n<meta property=\"og:url\" content=\"https:\/\/ecosupplements.ch\/?product=super-collagen-vitamin-c-biotin-90-tablets\" \/>\n<meta property=\"og:site_name\" content=\"Eco Supplements\" \/>\n<meta property=\"article:modified_time\" content=\"2026-05-13T07:25:24+00:00\" \/>\n<meta property=\"og:image\" content=\"https:\/\/ecosupplements.ch\/wp-content\/uploads\/2026\/05\/Super-Collagen-Vitamin-C-Biotin-90-tablets.jpg\" \/>\n\t<meta property=\"og:image:width\" content=\"600\" \/>\n\t<meta property=\"og:image:height\" content=\"600\" \/>\n\t<meta property=\"og:image:type\" content=\"image\/jpeg\" \/>\n<meta name=\"twitter:card\" content=\"summary_large_image\" \/>\n<meta name=\"twitter:label1\" content=\"Price\" \/>\n\t<meta name=\"twitter:data1\" content=\"&#067;&#072;&#070;&nbsp;15.39\" \/>\n\t<meta name=\"twitter:label2\" content=\"Availability\" \/>\n\t<meta name=\"twitter:data2\" content=\"Out of stock\" \/>\n<script type=\"application\/ld+json\" class=\"yoast-schema-graph\">{\"@context\":\"https:\\\/\\\/schema.org\",\"@graph\":[{\"@type\":\"WebPage\",\"@id\":\"https:\\\/\\\/ecosupplements.ch\\\/?product=super-collagen-vitamin-c-biotin-90-tablets\",\"url\":\"https:\\\/\\\/ecosupplements.ch\\\/?product=super-collagen-vitamin-c-biotin-90-tablets\",\"name\":\"Super Collagen + Vitamin C & Biotin \u2013 NeoCell | ecosupplements.ch\",\"isPartOf\":{\"@id\":\"https:\\\/\\\/ecosupplements.ch\\\/#website\"},\"primaryImageOfPage\":{\"@id\":\"https:\\\/\\\/ecosupplements.ch\\\/?product=super-collagen-vitamin-c-biotin-90-tablets#primaryimage\"},\"image\":{\"@id\":\"https:\\\/\\\/ecosupplements.ch\\\/?product=super-collagen-vitamin-c-biotin-90-tablets#primaryimage\"},\"thumbnailUrl\":\"https:\\\/\\\/ecosupplements.ch\\\/wp-content\\\/uploads\\\/2026\\\/05\\\/Super-Collagen-Vitamin-C-Biotin-90-tablets.jpg\",\"datePublished\":\"2026-05-11T14:34:08+00:00\",\"dateModified\":\"2026-05-13T07:25:24+00:00\",\"description\":\"NeoCell Super Collagen mit Vitamin C & Biotin unterst\u00fctzt Haut, Haare und N\u00e4gel \u2013 90 Tabletten, glutenfrei. Jetzt bestellen.\",\"breadcrumb\":{\"@id\":\"https:\\\/\\\/ecosupplements.ch\\\/?product=super-collagen-vitamin-c-biotin-90-tablets#breadcrumb\"},\"inLanguage\":\"de-CH\",\"potentialAction\":[{\"@type\":\"ReadAction\",\"target\":[\"https:\\\/\\\/ecosupplements.ch\\\/?product=super-collagen-vitamin-c-biotin-90-tablets\"]}]},{\"@type\":\"ImageObject\",\"inLanguage\":\"de-CH\",\"@id\":\"https:\\\/\\\/ecosupplements.ch\\\/?product=super-collagen-vitamin-c-biotin-90-tablets#primaryimage\",\"url\":\"https:\\\/\\\/ecosupplements.ch\\\/wp-content\\\/uploads\\\/2026\\\/05\\\/Super-Collagen-Vitamin-C-Biotin-90-tablets.jpg\",\"contentUrl\":\"https:\\\/\\\/ecosupplements.ch\\\/wp-content\\\/uploads\\\/2026\\\/05\\\/Super-Collagen-Vitamin-C-Biotin-90-tablets.jpg\",\"width\":600,\"height\":600,\"caption\":\"Super Collagen + Vitamin C & Biotin - 90 tablets\"},{\"@type\":\"BreadcrumbList\",\"@id\":\"https:\\\/\\\/ecosupplements.ch\\\/?product=super-collagen-vitamin-c-biotin-90-tablets#breadcrumb\",\"itemListElement\":[{\"@type\":\"ListItem\",\"position\":1,\"name\":\"Home\",\"item\":\"https:\\\/\\\/ecosupplements.ch\\\/\"},{\"@type\":\"ListItem\",\"position\":2,\"name\":\"Shop\",\"item\":\"https:\\\/\\\/ecosupplements.ch\\\/?page_id=14\"},{\"@type\":\"ListItem\",\"position\":3,\"name\":\"Super Collagen + Vitamin C &amp; Biotin &#8211; 90 tablets\"}]},{\"@type\":\"WebSite\",\"@id\":\"https:\\\/\\\/ecosupplements.ch\\\/#website\",\"url\":\"https:\\\/\\\/ecosupplements.ch\\\/\",\"name\":\"Eco Supplements\",\"description\":\"\",\"potentialAction\":[{\"@type\":\"SearchAction\",\"target\":{\"@type\":\"EntryPoint\",\"urlTemplate\":\"https:\\\/\\\/ecosupplements.ch\\\/?s={search_term_string}\"},\"query-input\":{\"@type\":\"PropertyValueSpecification\",\"valueRequired\":true,\"valueName\":\"search_term_string\"}}],\"inLanguage\":\"de-CH\"}]}<\/script>\n<meta property=\"product:price:amount\" content=\"15.39\" \/>\n<meta property=\"product:price:currency\" content=\"CHF\" \/>\n<meta property=\"og:availability\" content=\"out of stock\" \/>\n<meta property=\"product:availability\" content=\"out of stock\" \/>\n<meta property=\"product:retailer_item_id\" content=\"016185129238\" \/>\n<meta property=\"product:condition\" content=\"new\" \/>\n<!-- \/ Yoast SEO plugin. -->","yoast_head_json":{"title":"Super Collagen + Vitamin C & Biotin \u2013 NeoCell | ecosupplements.ch","description":"NeoCell Super Collagen mit Vitamin C & Biotin unterst\u00fctzt Haut, Haare und N\u00e4gel \u2013 90 Tabletten, glutenfrei. Jetzt bestellen.","robots":{"index":"index","follow":"follow","max-snippet":"max-snippet:-1","max-image-preview":"max-image-preview:large","max-video-preview":"max-video-preview:-1"},"canonical":"https:\/\/ecosupplements.ch\/?product=super-collagen-vitamin-c-biotin-90-tablets","og_locale":"de_DE","og_type":"article","og_title":"Super Collagen + Vitamin C & Biotin \u2013 NeoCell | ecosupplements.ch","og_description":"NeoCell Super Collagen mit Vitamin C & Biotin unterst\u00fctzt Haut, Haare und N\u00e4gel \u2013 90 Tabletten, glutenfrei. Jetzt bestellen.","og_url":"https:\/\/ecosupplements.ch\/?product=super-collagen-vitamin-c-biotin-90-tablets","og_site_name":"Eco Supplements","article_modified_time":"2026-05-13T07:25:24+00:00","og_image":[{"width":600,"height":600,"url":"https:\/\/ecosupplements.ch\/wp-content\/uploads\/2026\/05\/Super-Collagen-Vitamin-C-Biotin-90-tablets.jpg","type":"image\/jpeg"}],"twitter_card":"summary_large_image","twitter_misc":{"Price":"&#67;&#72;&#70;&nbsp;15.39","Availability":"Out of stock"},"schema":{"@context":"https:\/\/schema.org","@graph":[{"@type":"WebPage","@id":"https:\/\/ecosupplements.ch\/?product=super-collagen-vitamin-c-biotin-90-tablets","url":"https:\/\/ecosupplements.ch\/?product=super-collagen-vitamin-c-biotin-90-tablets","name":"Super Collagen + Vitamin C & Biotin \u2013 NeoCell | ecosupplements.ch","isPartOf":{"@id":"https:\/\/ecosupplements.ch\/#website"},"primaryImageOfPage":{"@id":"https:\/\/ecosupplements.ch\/?product=super-collagen-vitamin-c-biotin-90-tablets#primaryimage"},"image":{"@id":"https:\/\/ecosupplements.ch\/?product=super-collagen-vitamin-c-biotin-90-tablets#primaryimage"},"thumbnailUrl":"https:\/\/ecosupplements.ch\/wp-content\/uploads\/2026\/05\/Super-Collagen-Vitamin-C-Biotin-90-tablets.jpg","datePublished":"2026-05-11T14:34:08+00:00","dateModified":"2026-05-13T07:25:24+00:00","description":"NeoCell Super Collagen mit Vitamin C & Biotin unterst\u00fctzt Haut, Haare und N\u00e4gel \u2013 90 Tabletten, glutenfrei. Jetzt bestellen.","breadcrumb":{"@id":"https:\/\/ecosupplements.ch\/?product=super-collagen-vitamin-c-biotin-90-tablets#breadcrumb"},"inLanguage":"de-CH","potentialAction":[{"@type":"ReadAction","target":["https:\/\/ecosupplements.ch\/?product=super-collagen-vitamin-c-biotin-90-tablets"]}]},{"@type":"ImageObject","inLanguage":"de-CH","@id":"https:\/\/ecosupplements.ch\/?product=super-collagen-vitamin-c-biotin-90-tablets#primaryimage","url":"https:\/\/ecosupplements.ch\/wp-content\/uploads\/2026\/05\/Super-Collagen-Vitamin-C-Biotin-90-tablets.jpg","contentUrl":"https:\/\/ecosupplements.ch\/wp-content\/uploads\/2026\/05\/Super-Collagen-Vitamin-C-Biotin-90-tablets.jpg","width":600,"height":600,"caption":"Super Collagen + Vitamin C & Biotin - 90 tablets"},{"@type":"BreadcrumbList","@id":"https:\/\/ecosupplements.ch\/?product=super-collagen-vitamin-c-biotin-90-tablets#breadcrumb","itemListElement":[{"@type":"ListItem","position":1,"name":"Home","item":"https:\/\/ecosupplements.ch\/"},{"@type":"ListItem","position":2,"name":"Shop","item":"https:\/\/ecosupplements.ch\/?page_id=14"},{"@type":"ListItem","position":3,"name":"Super Collagen + Vitamin C &amp; Biotin &#8211; 90 tablets"}]},{"@type":"WebSite","@id":"https:\/\/ecosupplements.ch\/#website","url":"https:\/\/ecosupplements.ch\/","name":"Eco Supplements","description":"","potentialAction":[{"@type":"SearchAction","target":{"@type":"EntryPoint","urlTemplate":"https:\/\/ecosupplements.ch\/?s={search_term_string}"},"query-input":{"@type":"PropertyValueSpecification","valueRequired":true,"valueName":"search_term_string"}}],"inLanguage":"de-CH"}]},"product_price_amount":"15.39","product_price_currency":"CHF","og_availability":"out of stock","product_availability":"out of stock","product_retailer_item_id":"016185129238","product_condition":"new"},"_links":{"self":[{"href":"https:\/\/ecosupplements.ch\/index.php?rest_route=\/wp\/v2\/product\/2114","targetHints":{"allow":["GET"]}}],"collection":[{"href":"https:\/\/ecosupplements.ch\/index.php?rest_route=\/wp\/v2\/product"}],"about":[{"href":"https:\/\/ecosupplements.ch\/index.php?rest_route=\/wp\/v2\/types\/product"}],"replies":[{"embeddable":true,"href":"https:\/\/ecosupplements.ch\/index.php?rest_route=%2Fwp%2Fv2%2Fcomments&post=2114"}],"wp:featuredmedia":[{"embeddable":true,"href":"https:\/\/ecosupplements.ch\/index.php?rest_route=\/wp\/v2\/media\/2115"}],"wp:attachment":[{"href":"https:\/\/ecosupplements.ch\/index.php?rest_route=%2Fwp%2Fv2%2Fmedia&parent=2114"}],"wp:term":[{"taxonomy":"product_brand","embeddable":true,"href":"https:\/\/ecosupplements.ch\/index.php?rest_route=%2Fwp%2Fv2%2Fproduct_brand&post=2114"},{"taxonomy":"product_cat","embeddable":true,"href":"https:\/\/ecosupplements.ch\/index.php?rest_route=%2Fwp%2Fv2%2Fproduct_cat&post=2114"},{"taxonomy":"product_tag","embeddable":true,"href":"https:\/\/ecosupplements.ch\/index.php?rest_route=%2Fwp%2Fv2%2Fproduct_tag&post=2114"}],"curies":[{"name":"wp","href":"https:\/\/api.w.org\/{rel}","templated":true}]}}