{"id":2116,"date":"2026-05-11T14:34:09","date_gmt":"2026-05-11T14:34:09","guid":{"rendered":"https:\/\/ecosupplements.ch\/?product=acai-liquid-concentrate-473-ml"},"modified":"2026-05-13T07:22:53","modified_gmt":"2026-05-13T07:22:53","slug":"acai-liquid-concentrate-473-ml","status":"publish","type":"product","link":"https:\/\/ecosupplements.ch\/?product=acai-liquid-concentrate-473-ml","title":{"rendered":"Acai Liquid Concentrate &#8211; 473 ml."},"content":{"rendered":"<div class=\"chcg-product-description\">\n<h2 class=\"chcg-heading\">\u00dcber NOW Foods \u2013 Acai Liquid Concentrate \u2013 473 ml<\/h2>\n<div class=\"chcg-intro\">\n<p>Das Acai Liquid Concentrate von NOW Foods liefert den kraftvollen Gehalt der Acai-Palmbeere in fl\u00fcssiger, konzentrierter Form. Jeder Essl\u00f6ffel (15 ml) enth\u00e4lt 500 mg gefriergetrocknetes Acai-Extrakt aus Fruchtschale und -fruchtfleisch der <em>Euterpe oleracea<\/em> \u2013 entsprechend 35&#8217;000 mg frischer Acai-Beere. So profitieren Sie von einer besonders wirkungsvollen Konzentration dieser beliebten Superfrucht aus dem Amazonasbecken.<\/p>\n<p>Die Acai-Beere ist bekannt f\u00fcr ihren nat\u00fcrlichen Reichtum an sekund\u00e4ren Pflanzenstoffen, Antioxidantien sowie wertvollen Fetts\u00e4uren und Ballaststoffen. Das fl\u00fcssige Konzentrat von NOW Foods erm\u00f6glicht eine einfache und flexible Einnahme \u2013 pur, mit Wasser oder als Erg\u00e4nzung zu Fruchts\u00e4ften. Das Produkt enth\u00e4lt keine k\u00fcnstlichen Aromen, sondern nat\u00fcrliches Acai-Aroma und wird nach GMP-Standards (Good Manufacturing Practice) hergestellt.<\/p>\n<p>Die praktische 473-ml-Flasche ergibt rund 32 Portionen und ist damit eine ergiebige Wahl f\u00fcr den t\u00e4glichen Gebrauch. Dank der Gefriertrocknung bleiben die nat\u00fcrlichen Eigenschaften der Acai-Palmbeere bestm\u00f6glich erhalten.<\/p>\n<\/p><\/div>\n<div class=\"chcg-nutrition\">\n<h3>N\u00e4hrwertangaben<\/h3>\n<table class=\"chcg-nutrition-table\">\n<thead>\n<tr>\n<th>N\u00e4hrstoff<\/th>\n<th>Pro Portion (15 ml)<\/th>\n<\/tr>\n<\/thead>\n<tbody>\n<tr>\n<td>Acai Palmberry (gefriergetrocknet) (<em>Euterpe oleracea<\/em>) (Fruchtschale und -fruchtfleisch) [entspricht 35&#8217;000 mg frischer Acai]<\/td>\n<td>500 mg*<\/td>\n<\/tr>\n<\/tbody>\n<\/table>\n<p class=\"chcg-footnote\">* Kein festgelegter Tagesreferenzwert vorhanden.<\/p>\n<\/p><\/div>\n<div class=\"chcg-ingredients\">\n<h3>Zutaten<\/h3>\n<p>Acai Palmberry (gefriergetrocknet) (<em>Euterpe oleracea<\/em>) (Fruchtschale und -fruchtfleisch) (entspricht 35&#8217;000 mg frischer Acai). Weitere Zutaten: Entionisiertes Wasser, pflanzliches Glycerin, Zitronens\u00e4ure, nat\u00fcrliches Acai-Aroma und Kaliumsorbat (als Konservierungsmittel).<\/p>\n<\/p><\/div>\n<div class=\"chcg-dosage\">\n<h3>Verzehrempfehlung<\/h3>\n<p>Vor der Verwendung gut sch\u00fctteln. 1 Essl\u00f6ffel (15 ml) 2- bis 3-mal t\u00e4glich einnehmen. Kann direkt eingenommen oder mit Wasser oder Saft gemischt werden.<\/p>\n<\/p><\/div>\n<div class=\"chcg-warnings\">\n<h3>Warnhinweise<\/h3>\n<p>Nur f\u00fcr Erwachsene. Bei Schwangerschaft oder Stillzeit, bei der Einnahme von Medikamenten oder bei bestehenden gesundheitlichen Beschwerden vor der Einnahme einen Arzt konsultieren. Ausserhalb der Reichweite von Kindern aufbewahren. Nat\u00fcrliche Farbschwankungen k\u00f6nnen bei diesem Produkt auftreten. Das Produkt kann ausserdem eine \u00d6l-\/Safttrennung mit sichtbaren kleinen Partikeln aufweisen. Dies ist eine nat\u00fcrliche Reaktion des gefriergetrockneten Acai-Pulvers. Vor der Verwendung gut sch\u00fctteln.<\/p>\n<\/p><\/div>\n<div class=\"chcg-allergens\">\n<h3>Allergeninformationen<\/h3>\n<p>Nicht hergestellt mit Hefe, Weizen, Gluten, Soja, Milch, Ei, Fisch oder Schalentieren. Produziert in einem GMP-Betrieb, der andere Zutaten verarbeitet, die diese Allergene enthalten k\u00f6nnen.<\/p>\n<\/p><\/div>\n<div class=\"chcg-storage\">\n<h3>Lagerung<\/h3>\n<p>Nach dem \u00d6ffnen im K\u00fchlschrank aufbewahren.<\/p>\n<\/p><\/div>\n<div class=\"chcg-dietary\">\n<h3>Ern\u00e4hrungshinweise<\/h3>\n<ul>\n<li>Vegan<\/li>\n<li>Vegetarisch<\/li>\n<li>Glutenfrei<\/li>\n<li>Laktosefrei<\/li>\n<\/ul><\/div>\n<\/div>\n","protected":false},"excerpt":{"rendered":"<p>NOW Foods Acai Liquid Concentrate liefert 500 mg gefriergetrocknetes Acai-Extrakt pro Portion \u2013 entsprechend 35&#8217;000 mg frischer Acai-Beere. Das fl\u00fcssige Konzentrat (473 ml, ca. 32 Portionen) kann pur oder mit Wasser gemischt eingenommen werden. Vegan, glutenfrei und laktosefrei.<\/p>\n","protected":false},"featured_media":2117,"comment_status":"closed","ping_status":"open","template":"","meta":[],"product_brand":[207],"product_cat":[48,25,44,22,21],"product_tag":[],"class_list":{"0":"post-2116","1":"product","2":"type-product","3":"status-publish","4":"has-post-thumbnail","6":"product_brand-now-foods","7":"product_cat-gesunde-ernaehrung","8":"product_cat-gesundheit-und-wohlbefinden","9":"product_cat-pflanzliche-nahrungsergaenzungsmittel","10":"product_cat-vegane-produkte","11":"product_cat-vitamine-und-mineralstoffe","13":"first","14":"outofstock","15":"taxable","16":"shipping-taxable","17":"purchasable","18":"product-type-simple"},"yoast_head":"<!-- This site is optimized with the Yoast SEO plugin v27.5 - https:\/\/yoast.com\/product\/yoast-seo-wordpress\/ -->\n<title>Acai Liquid Concentrate \u2013 NOW Foods | ecosupplements.ch<\/title>\n<meta name=\"description\" content=\"NOW Foods Acai Liquid Concentrate \u2013 473 ml, ca. 32 Portionen gefriergetrocknetes Acai-Extrakt, vegan und glutenfrei. Jetzt bestellen.\" \/>\n<meta name=\"robots\" content=\"index, follow, max-snippet:-1, max-image-preview:large, max-video-preview:-1\" \/>\n<link rel=\"canonical\" href=\"https:\/\/ecosupplements.ch\/?product=acai-liquid-concentrate-473-ml\" \/>\n<meta property=\"og:locale\" content=\"de_DE\" \/>\n<meta property=\"og:type\" content=\"article\" \/>\n<meta property=\"og:title\" content=\"Acai Liquid Concentrate \u2013 NOW Foods | ecosupplements.ch\" \/>\n<meta property=\"og:description\" content=\"NOW Foods Acai Liquid Concentrate \u2013 473 ml, ca. 32 Portionen gefriergetrocknetes Acai-Extrakt, vegan und glutenfrei. Jetzt bestellen.\" \/>\n<meta property=\"og:url\" content=\"https:\/\/ecosupplements.ch\/?product=acai-liquid-concentrate-473-ml\" \/>\n<meta property=\"og:site_name\" content=\"Eco Supplements\" \/>\n<meta property=\"article:modified_time\" content=\"2026-05-13T07:22:53+00:00\" \/>\n<meta property=\"og:image\" content=\"https:\/\/ecosupplements.ch\/wp-content\/uploads\/2026\/05\/Acai-Liquid-Concentrate-473-ml.png\" \/>\n\t<meta property=\"og:image:width\" content=\"385\" \/>\n\t<meta property=\"og:image:height\" content=\"880\" \/>\n\t<meta property=\"og:image:type\" content=\"image\/jpeg\" \/>\n<meta name=\"twitter:card\" content=\"summary_large_image\" \/>\n<meta name=\"twitter:label1\" content=\"Price\" \/>\n\t<meta name=\"twitter:data1\" content=\"&#067;&#072;&#070;&nbsp;22.72\" \/>\n\t<meta name=\"twitter:label2\" content=\"Availability\" \/>\n\t<meta name=\"twitter:data2\" content=\"Out of stock\" \/>\n<script type=\"application\/ld+json\" class=\"yoast-schema-graph\">{\"@context\":\"https:\\\/\\\/schema.org\",\"@graph\":[{\"@type\":\"WebPage\",\"@id\":\"https:\\\/\\\/ecosupplements.ch\\\/?product=acai-liquid-concentrate-473-ml\",\"url\":\"https:\\\/\\\/ecosupplements.ch\\\/?product=acai-liquid-concentrate-473-ml\",\"name\":\"Acai Liquid Concentrate \u2013 NOW Foods | ecosupplements.ch\",\"isPartOf\":{\"@id\":\"https:\\\/\\\/ecosupplements.ch\\\/#website\"},\"primaryImageOfPage\":{\"@id\":\"https:\\\/\\\/ecosupplements.ch\\\/?product=acai-liquid-concentrate-473-ml#primaryimage\"},\"image\":{\"@id\":\"https:\\\/\\\/ecosupplements.ch\\\/?product=acai-liquid-concentrate-473-ml#primaryimage\"},\"thumbnailUrl\":\"https:\\\/\\\/ecosupplements.ch\\\/wp-content\\\/uploads\\\/2026\\\/05\\\/Acai-Liquid-Concentrate-473-ml.png\",\"datePublished\":\"2026-05-11T14:34:09+00:00\",\"dateModified\":\"2026-05-13T07:22:53+00:00\",\"description\":\"NOW Foods Acai Liquid Concentrate \u2013 473 ml, ca. 32 Portionen gefriergetrocknetes Acai-Extrakt, vegan und glutenfrei. Jetzt bestellen.\",\"breadcrumb\":{\"@id\":\"https:\\\/\\\/ecosupplements.ch\\\/?product=acai-liquid-concentrate-473-ml#breadcrumb\"},\"inLanguage\":\"de-CH\",\"potentialAction\":[{\"@type\":\"ReadAction\",\"target\":[\"https:\\\/\\\/ecosupplements.ch\\\/?product=acai-liquid-concentrate-473-ml\"]}]},{\"@type\":\"ImageObject\",\"inLanguage\":\"de-CH\",\"@id\":\"https:\\\/\\\/ecosupplements.ch\\\/?product=acai-liquid-concentrate-473-ml#primaryimage\",\"url\":\"https:\\\/\\\/ecosupplements.ch\\\/wp-content\\\/uploads\\\/2026\\\/05\\\/Acai-Liquid-Concentrate-473-ml.png\",\"contentUrl\":\"https:\\\/\\\/ecosupplements.ch\\\/wp-content\\\/uploads\\\/2026\\\/05\\\/Acai-Liquid-Concentrate-473-ml.png\",\"width\":385,\"height\":880,\"caption\":\"Acai Liquid Concentrate - 473 ml.\"},{\"@type\":\"BreadcrumbList\",\"@id\":\"https:\\\/\\\/ecosupplements.ch\\\/?product=acai-liquid-concentrate-473-ml#breadcrumb\",\"itemListElement\":[{\"@type\":\"ListItem\",\"position\":1,\"name\":\"Home\",\"item\":\"https:\\\/\\\/ecosupplements.ch\\\/\"},{\"@type\":\"ListItem\",\"position\":2,\"name\":\"Shop\",\"item\":\"https:\\\/\\\/ecosupplements.ch\\\/?page_id=14\"},{\"@type\":\"ListItem\",\"position\":3,\"name\":\"Acai Liquid Concentrate &#8211; 473 ml.\"}]},{\"@type\":\"WebSite\",\"@id\":\"https:\\\/\\\/ecosupplements.ch\\\/#website\",\"url\":\"https:\\\/\\\/ecosupplements.ch\\\/\",\"name\":\"Eco Supplements\",\"description\":\"\",\"potentialAction\":[{\"@type\":\"SearchAction\",\"target\":{\"@type\":\"EntryPoint\",\"urlTemplate\":\"https:\\\/\\\/ecosupplements.ch\\\/?s={search_term_string}\"},\"query-input\":{\"@type\":\"PropertyValueSpecification\",\"valueRequired\":true,\"valueName\":\"search_term_string\"}}],\"inLanguage\":\"de-CH\"}]}<\/script>\n<meta property=\"product:price:amount\" content=\"22.72\" \/>\n<meta property=\"product:price:currency\" content=\"CHF\" \/>\n<meta property=\"og:availability\" content=\"out of stock\" \/>\n<meta property=\"product:availability\" content=\"out of stock\" \/>\n<meta property=\"product:retailer_item_id\" content=\"733739048042\" \/>\n<meta property=\"product:condition\" content=\"new\" \/>\n<!-- \/ Yoast SEO plugin. -->","yoast_head_json":{"title":"Acai Liquid Concentrate \u2013 NOW Foods | ecosupplements.ch","description":"NOW Foods Acai Liquid Concentrate \u2013 473 ml, ca. 32 Portionen gefriergetrocknetes Acai-Extrakt, vegan und glutenfrei. Jetzt bestellen.","robots":{"index":"index","follow":"follow","max-snippet":"max-snippet:-1","max-image-preview":"max-image-preview:large","max-video-preview":"max-video-preview:-1"},"canonical":"https:\/\/ecosupplements.ch\/?product=acai-liquid-concentrate-473-ml","og_locale":"de_DE","og_type":"article","og_title":"Acai Liquid Concentrate \u2013 NOW Foods | ecosupplements.ch","og_description":"NOW Foods Acai Liquid Concentrate \u2013 473 ml, ca. 32 Portionen gefriergetrocknetes Acai-Extrakt, vegan und glutenfrei. Jetzt bestellen.","og_url":"https:\/\/ecosupplements.ch\/?product=acai-liquid-concentrate-473-ml","og_site_name":"Eco Supplements","article_modified_time":"2026-05-13T07:22:53+00:00","og_image":[{"width":385,"height":880,"url":"https:\/\/ecosupplements.ch\/wp-content\/uploads\/2026\/05\/Acai-Liquid-Concentrate-473-ml.png","type":"image\/jpeg"}],"twitter_card":"summary_large_image","twitter_misc":{"Price":"&#67;&#72;&#70;&nbsp;22.72","Availability":"Out of stock"},"schema":{"@context":"https:\/\/schema.org","@graph":[{"@type":"WebPage","@id":"https:\/\/ecosupplements.ch\/?product=acai-liquid-concentrate-473-ml","url":"https:\/\/ecosupplements.ch\/?product=acai-liquid-concentrate-473-ml","name":"Acai Liquid Concentrate \u2013 NOW Foods | ecosupplements.ch","isPartOf":{"@id":"https:\/\/ecosupplements.ch\/#website"},"primaryImageOfPage":{"@id":"https:\/\/ecosupplements.ch\/?product=acai-liquid-concentrate-473-ml#primaryimage"},"image":{"@id":"https:\/\/ecosupplements.ch\/?product=acai-liquid-concentrate-473-ml#primaryimage"},"thumbnailUrl":"https:\/\/ecosupplements.ch\/wp-content\/uploads\/2026\/05\/Acai-Liquid-Concentrate-473-ml.png","datePublished":"2026-05-11T14:34:09+00:00","dateModified":"2026-05-13T07:22:53+00:00","description":"NOW Foods Acai Liquid Concentrate \u2013 473 ml, ca. 32 Portionen gefriergetrocknetes Acai-Extrakt, vegan und glutenfrei. Jetzt bestellen.","breadcrumb":{"@id":"https:\/\/ecosupplements.ch\/?product=acai-liquid-concentrate-473-ml#breadcrumb"},"inLanguage":"de-CH","potentialAction":[{"@type":"ReadAction","target":["https:\/\/ecosupplements.ch\/?product=acai-liquid-concentrate-473-ml"]}]},{"@type":"ImageObject","inLanguage":"de-CH","@id":"https:\/\/ecosupplements.ch\/?product=acai-liquid-concentrate-473-ml#primaryimage","url":"https:\/\/ecosupplements.ch\/wp-content\/uploads\/2026\/05\/Acai-Liquid-Concentrate-473-ml.png","contentUrl":"https:\/\/ecosupplements.ch\/wp-content\/uploads\/2026\/05\/Acai-Liquid-Concentrate-473-ml.png","width":385,"height":880,"caption":"Acai Liquid Concentrate - 473 ml."},{"@type":"BreadcrumbList","@id":"https:\/\/ecosupplements.ch\/?product=acai-liquid-concentrate-473-ml#breadcrumb","itemListElement":[{"@type":"ListItem","position":1,"name":"Home","item":"https:\/\/ecosupplements.ch\/"},{"@type":"ListItem","position":2,"name":"Shop","item":"https:\/\/ecosupplements.ch\/?page_id=14"},{"@type":"ListItem","position":3,"name":"Acai Liquid Concentrate &#8211; 473 ml."}]},{"@type":"WebSite","@id":"https:\/\/ecosupplements.ch\/#website","url":"https:\/\/ecosupplements.ch\/","name":"Eco Supplements","description":"","potentialAction":[{"@type":"SearchAction","target":{"@type":"EntryPoint","urlTemplate":"https:\/\/ecosupplements.ch\/?s={search_term_string}"},"query-input":{"@type":"PropertyValueSpecification","valueRequired":true,"valueName":"search_term_string"}}],"inLanguage":"de-CH"}]},"product_price_amount":"22.72","product_price_currency":"CHF","og_availability":"out of stock","product_availability":"out of stock","product_retailer_item_id":"733739048042","product_condition":"new"},"_links":{"self":[{"href":"https:\/\/ecosupplements.ch\/index.php?rest_route=\/wp\/v2\/product\/2116","targetHints":{"allow":["GET"]}}],"collection":[{"href":"https:\/\/ecosupplements.ch\/index.php?rest_route=\/wp\/v2\/product"}],"about":[{"href":"https:\/\/ecosupplements.ch\/index.php?rest_route=\/wp\/v2\/types\/product"}],"replies":[{"embeddable":true,"href":"https:\/\/ecosupplements.ch\/index.php?rest_route=%2Fwp%2Fv2%2Fcomments&post=2116"}],"wp:featuredmedia":[{"embeddable":true,"href":"https:\/\/ecosupplements.ch\/index.php?rest_route=\/wp\/v2\/media\/2117"}],"wp:attachment":[{"href":"https:\/\/ecosupplements.ch\/index.php?rest_route=%2Fwp%2Fv2%2Fmedia&parent=2116"}],"wp:term":[{"taxonomy":"product_brand","embeddable":true,"href":"https:\/\/ecosupplements.ch\/index.php?rest_route=%2Fwp%2Fv2%2Fproduct_brand&post=2116"},{"taxonomy":"product_cat","embeddable":true,"href":"https:\/\/ecosupplements.ch\/index.php?rest_route=%2Fwp%2Fv2%2Fproduct_cat&post=2116"},{"taxonomy":"product_tag","embeddable":true,"href":"https:\/\/ecosupplements.ch\/index.php?rest_route=%2Fwp%2Fv2%2Fproduct_tag&post=2116"}],"curies":[{"name":"wp","href":"https:\/\/api.w.org\/{rel}","templated":true}]}}