{"id":2120,"date":"2026-05-11T14:34:10","date_gmt":"2026-05-11T14:34:10","guid":{"rendered":"https:\/\/ecosupplements.ch\/?product=acidophilus-two-billion-100-vcaps"},"modified":"2026-05-13T07:22:53","modified_gmt":"2026-05-13T07:22:53","slug":"acidophilus-two-billion-100-vcaps","status":"publish","type":"product","link":"https:\/\/ecosupplements.ch\/?product=acidophilus-two-billion-100-vcaps","title":{"rendered":"Acidophilus Two Billion &#8211; 100 vcaps"},"content":{"rendered":"<div class=\"chcg-product-description\">\n<h2 class=\"chcg-heading\">\u00dcber NOW Foods \u2013 Acidophilus Two Billion \u2013 100 Kapseln<\/h2>\n<div class=\"chcg-intro\">\n<p>NOW Foods Acidophilus Two Billion liefert pro Kapsel 2 Milliarden koloniebildende Einheiten (CFU) des bew\u00e4hrten Lactobacillus acidophilus-Stamms La-14. Dieser Milchs\u00e4urebakterienstamm geh\u00f6rt zu den am besten erforschten probiotischen Kulturen und tr\u00e4gt zur Aufrechterhaltung einer ausgewogenen Darmflora bei.<\/p>\n<p>Die veganen Kapseln sind sorgf\u00e4ltig formuliert und enthalten keine unn\u00f6tigen Zusatzstoffe. Die Formulierung eignet sich f\u00fcr Personen, die auf eine pflanzenbasierte Ern\u00e4hrung achten, da s\u00e4mtliche Inhaltsstoffe aus nicht-tierischen Quellen stammen.<\/p>\n<p>F\u00fcr eine optimale Wirksamkeit empfiehlt NOW Foods die Einnahme zwischen den Mahlzeiten oder auf n\u00fcchternen Magen sowie die Lagerung im K\u00fchlschrank, um die Lebendigkeit der Kulturen zu erhalten.<\/p>\n<\/p><\/div>\n<div class=\"chcg-nutrition\">\n<h3>N\u00e4hrwertangaben<\/h3>\n<table class=\"chcg-nutrition-table\">\n<thead>\n<tr>\n<th>N\u00e4hrstoff<\/th>\n<th>Pro Portion (1 Kapsel)<\/th>\n<\/tr>\n<\/thead>\n<tbody>\n<tr>\n<td>Lactobacillus acidophilus (La-14)<\/td>\n<td>20 mg \/ 2 Milliarden CFU*<\/td>\n<\/tr>\n<\/tbody>\n<\/table>\n<p class=\"chcg-footnote\">* Kein festgelegter Tagesbedarf.<\/p>\n<\/p><\/div>\n<div class=\"chcg-ingredients\">\n<h3>Zutaten<\/h3>\n<p>Lactobacillus acidophilus (La-14) 2 Milliarden CFU, 20 mg. Weitere Zutaten: Mikrokristalline Cellulose, Hypromellose (Zellulosekapselh\u00fclle), Stearins\u00e4ure (pflanzliche Quelle) und Siliziumdioxid.<\/p>\n<p class=\"chcg-capsule-shell\">Kapselh\u00fclle: Hypromellose (Zellulosekapselh\u00fclle)<\/p>\n<\/p><\/div>\n<div class=\"chcg-dosage\">\n<h3>Verzehrempfehlung<\/h3>\n<p>1 Kapsel 1- bis 4-mal t\u00e4glich zwischen den Mahlzeiten oder auf n\u00fcchternen Magen einnehmen. K\u00fchl lagern, um die Wirksamkeit zu erhalten.<\/p>\n<\/p><\/div>\n<div class=\"chcg-warnings\">\n<h3>Warnhinweise<\/h3>\n<p>Vor der Einnahme einen Arzt konsultieren, wenn Sie schwanger sind oder stillen, Medikamente einnehmen (insbesondere immunsupprimierende Arzneimittel) oder an einer Erkrankung leiden (insbesondere bei eingeschr\u00e4nkter Immunfunktion). Ausserhalb der Reichweite von Kindern aufbewahren. Nat\u00fcrliche Farbabweichungen k\u00f6nnen bei diesem Produkt auftreten.<\/p>\n<\/p><\/div>\n<div class=\"chcg-allergens\">\n<h3>Allergeninformationen<\/h3>\n<p>Nicht hergestellt mit Weizen, Gluten, Soja, Mais, Milch, Ei, Fisch, Schalentieren, Baumn\u00fcssen oder Sesam. Produziert in einem GMP-zertifizierten Betrieb, der auch andere Zutaten verarbeitet, die diese Allergene enthalten k\u00f6nnen.<\/p>\n<\/p><\/div>\n<div class=\"chcg-storage\">\n<h3>Lagerung<\/h3>\n<p>K\u00fchl lagern, um die Wirksamkeit zu erhalten.<\/p>\n<\/p><\/div>\n<div class=\"chcg-dietary\">\n<h3>Ern\u00e4hrungshinweise<\/h3>\n<ul>\n<li>Vegan<\/li>\n<li>Vegetarisch<\/li>\n<li>Glutenfrei<\/li>\n<li>Laktosefrei<\/li>\n<\/ul><\/div>\n<\/div>\n","protected":false},"excerpt":{"rendered":"<p>NOW Foods Acidophilus Two Billion unterst\u00fctzt eine ausgewogene Darmflora mit 2 Milliarden CFU Lactobacillus acidophilus (La-14) pro veganer Kapsel. Das Produkt ist vegan, glutenfrei und laktosefrei \u2013 erh\u00e4ltlich in einer Packung mit 100 Kapseln.<\/p>\n","protected":false},"featured_media":2121,"comment_status":"closed","ping_status":"open","template":"","meta":[],"product_brand":[207],"product_cat":[129,48,25,104,22],"product_tag":[],"class_list":{"0":"post-2120","1":"product","2":"type-product","3":"status-publish","4":"has-post-thumbnail","6":"product_brand-now-foods","7":"product_cat-acidophilus","8":"product_cat-gesunde-ernaehrung","9":"product_cat-gesundheit-und-wohlbefinden","10":"product_cat-probiotika","11":"product_cat-vegane-produkte","13":"first","14":"outofstock","15":"taxable","16":"shipping-taxable","17":"purchasable","18":"product-type-simple"},"yoast_head":"<!-- This site is optimized with the Yoast SEO plugin v27.5 - https:\/\/yoast.com\/product\/yoast-seo-wordpress\/ -->\n<title>Acidophilus Two Billion 100 Kapseln \u2013 NOW Foods | ecosupplements.ch<\/title>\n<meta name=\"description\" content=\"NOW Foods Acidophilus Two Billion liefert 2 Mrd. CFU pro Kapsel f\u00fcr eine ausgewogene Darmflora \u2013 vegan, glutenfrei, 100 Kapseln. Jetzt bestellen.\" \/>\n<meta name=\"robots\" content=\"index, follow, max-snippet:-1, max-image-preview:large, max-video-preview:-1\" \/>\n<link rel=\"canonical\" href=\"https:\/\/ecosupplements.ch\/?product=acidophilus-two-billion-100-vcaps\" \/>\n<meta property=\"og:locale\" content=\"de_DE\" \/>\n<meta property=\"og:type\" content=\"article\" \/>\n<meta property=\"og:title\" content=\"Acidophilus Two Billion 100 Kapseln \u2013 NOW Foods | ecosupplements.ch\" \/>\n<meta property=\"og:description\" content=\"NOW Foods Acidophilus Two Billion liefert 2 Mrd. CFU pro Kapsel f\u00fcr eine ausgewogene Darmflora \u2013 vegan, glutenfrei, 100 Kapseln. Jetzt bestellen.\" \/>\n<meta property=\"og:url\" content=\"https:\/\/ecosupplements.ch\/?product=acidophilus-two-billion-100-vcaps\" \/>\n<meta property=\"og:site_name\" content=\"Eco Supplements\" \/>\n<meta property=\"article:modified_time\" content=\"2026-05-13T07:22:53+00:00\" \/>\n<meta property=\"og:image\" content=\"https:\/\/ecosupplements.ch\/wp-content\/uploads\/2026\/05\/Acidophilus-Two-Billion-100-vcaps.jpg\" \/>\n\t<meta property=\"og:image:width\" content=\"474\" \/>\n\t<meta property=\"og:image:height\" content=\"880\" \/>\n\t<meta property=\"og:image:type\" content=\"image\/jpeg\" \/>\n<meta name=\"twitter:card\" content=\"summary_large_image\" \/>\n<meta name=\"twitter:label1\" content=\"Price\" \/>\n\t<meta name=\"twitter:data1\" content=\"&#067;&#072;&#070;&nbsp;10.76\" \/>\n\t<meta name=\"twitter:label2\" content=\"Availability\" \/>\n\t<meta name=\"twitter:data2\" content=\"Out of stock\" \/>\n<script type=\"application\/ld+json\" class=\"yoast-schema-graph\">{\"@context\":\"https:\\\/\\\/schema.org\",\"@graph\":[{\"@type\":\"WebPage\",\"@id\":\"https:\\\/\\\/ecosupplements.ch\\\/?product=acidophilus-two-billion-100-vcaps\",\"url\":\"https:\\\/\\\/ecosupplements.ch\\\/?product=acidophilus-two-billion-100-vcaps\",\"name\":\"Acidophilus Two Billion 100 Kapseln \u2013 NOW Foods | ecosupplements.ch\",\"isPartOf\":{\"@id\":\"https:\\\/\\\/ecosupplements.ch\\\/#website\"},\"primaryImageOfPage\":{\"@id\":\"https:\\\/\\\/ecosupplements.ch\\\/?product=acidophilus-two-billion-100-vcaps#primaryimage\"},\"image\":{\"@id\":\"https:\\\/\\\/ecosupplements.ch\\\/?product=acidophilus-two-billion-100-vcaps#primaryimage\"},\"thumbnailUrl\":\"https:\\\/\\\/ecosupplements.ch\\\/wp-content\\\/uploads\\\/2026\\\/05\\\/Acidophilus-Two-Billion-100-vcaps.jpg\",\"datePublished\":\"2026-05-11T14:34:10+00:00\",\"dateModified\":\"2026-05-13T07:22:53+00:00\",\"description\":\"NOW Foods Acidophilus Two Billion liefert 2 Mrd. CFU pro Kapsel f\u00fcr eine ausgewogene Darmflora \u2013 vegan, glutenfrei, 100 Kapseln. Jetzt bestellen.\",\"breadcrumb\":{\"@id\":\"https:\\\/\\\/ecosupplements.ch\\\/?product=acidophilus-two-billion-100-vcaps#breadcrumb\"},\"inLanguage\":\"de-CH\",\"potentialAction\":[{\"@type\":\"ReadAction\",\"target\":[\"https:\\\/\\\/ecosupplements.ch\\\/?product=acidophilus-two-billion-100-vcaps\"]}]},{\"@type\":\"ImageObject\",\"inLanguage\":\"de-CH\",\"@id\":\"https:\\\/\\\/ecosupplements.ch\\\/?product=acidophilus-two-billion-100-vcaps#primaryimage\",\"url\":\"https:\\\/\\\/ecosupplements.ch\\\/wp-content\\\/uploads\\\/2026\\\/05\\\/Acidophilus-Two-Billion-100-vcaps.jpg\",\"contentUrl\":\"https:\\\/\\\/ecosupplements.ch\\\/wp-content\\\/uploads\\\/2026\\\/05\\\/Acidophilus-Two-Billion-100-vcaps.jpg\",\"width\":474,\"height\":880,\"caption\":\"Acidophilus Two Billion - 100 vcaps\"},{\"@type\":\"BreadcrumbList\",\"@id\":\"https:\\\/\\\/ecosupplements.ch\\\/?product=acidophilus-two-billion-100-vcaps#breadcrumb\",\"itemListElement\":[{\"@type\":\"ListItem\",\"position\":1,\"name\":\"Home\",\"item\":\"https:\\\/\\\/ecosupplements.ch\\\/\"},{\"@type\":\"ListItem\",\"position\":2,\"name\":\"Shop\",\"item\":\"https:\\\/\\\/ecosupplements.ch\\\/?page_id=14\"},{\"@type\":\"ListItem\",\"position\":3,\"name\":\"Acidophilus Two Billion &#8211; 100 vcaps\"}]},{\"@type\":\"WebSite\",\"@id\":\"https:\\\/\\\/ecosupplements.ch\\\/#website\",\"url\":\"https:\\\/\\\/ecosupplements.ch\\\/\",\"name\":\"Eco Supplements\",\"description\":\"\",\"potentialAction\":[{\"@type\":\"SearchAction\",\"target\":{\"@type\":\"EntryPoint\",\"urlTemplate\":\"https:\\\/\\\/ecosupplements.ch\\\/?s={search_term_string}\"},\"query-input\":{\"@type\":\"PropertyValueSpecification\",\"valueRequired\":true,\"valueName\":\"search_term_string\"}}],\"inLanguage\":\"de-CH\"}]}<\/script>\n<meta property=\"product:price:amount\" content=\"10.76\" \/>\n<meta property=\"product:price:currency\" content=\"CHF\" \/>\n<meta property=\"og:availability\" content=\"out of stock\" \/>\n<meta property=\"product:availability\" content=\"out of stock\" \/>\n<meta property=\"product:retailer_item_id\" content=\"733739029058\" \/>\n<meta property=\"product:condition\" content=\"new\" \/>\n<!-- \/ Yoast SEO plugin. -->","yoast_head_json":{"title":"Acidophilus Two Billion 100 Kapseln \u2013 NOW Foods | ecosupplements.ch","description":"NOW Foods Acidophilus Two Billion liefert 2 Mrd. CFU pro Kapsel f\u00fcr eine ausgewogene Darmflora \u2013 vegan, glutenfrei, 100 Kapseln. Jetzt bestellen.","robots":{"index":"index","follow":"follow","max-snippet":"max-snippet:-1","max-image-preview":"max-image-preview:large","max-video-preview":"max-video-preview:-1"},"canonical":"https:\/\/ecosupplements.ch\/?product=acidophilus-two-billion-100-vcaps","og_locale":"de_DE","og_type":"article","og_title":"Acidophilus Two Billion 100 Kapseln \u2013 NOW Foods | ecosupplements.ch","og_description":"NOW Foods Acidophilus Two Billion liefert 2 Mrd. CFU pro Kapsel f\u00fcr eine ausgewogene Darmflora \u2013 vegan, glutenfrei, 100 Kapseln. Jetzt bestellen.","og_url":"https:\/\/ecosupplements.ch\/?product=acidophilus-two-billion-100-vcaps","og_site_name":"Eco Supplements","article_modified_time":"2026-05-13T07:22:53+00:00","og_image":[{"width":474,"height":880,"url":"https:\/\/ecosupplements.ch\/wp-content\/uploads\/2026\/05\/Acidophilus-Two-Billion-100-vcaps.jpg","type":"image\/jpeg"}],"twitter_card":"summary_large_image","twitter_misc":{"Price":"&#67;&#72;&#70;&nbsp;10.76","Availability":"Out of stock"},"schema":{"@context":"https:\/\/schema.org","@graph":[{"@type":"WebPage","@id":"https:\/\/ecosupplements.ch\/?product=acidophilus-two-billion-100-vcaps","url":"https:\/\/ecosupplements.ch\/?product=acidophilus-two-billion-100-vcaps","name":"Acidophilus Two Billion 100 Kapseln \u2013 NOW Foods | ecosupplements.ch","isPartOf":{"@id":"https:\/\/ecosupplements.ch\/#website"},"primaryImageOfPage":{"@id":"https:\/\/ecosupplements.ch\/?product=acidophilus-two-billion-100-vcaps#primaryimage"},"image":{"@id":"https:\/\/ecosupplements.ch\/?product=acidophilus-two-billion-100-vcaps#primaryimage"},"thumbnailUrl":"https:\/\/ecosupplements.ch\/wp-content\/uploads\/2026\/05\/Acidophilus-Two-Billion-100-vcaps.jpg","datePublished":"2026-05-11T14:34:10+00:00","dateModified":"2026-05-13T07:22:53+00:00","description":"NOW Foods Acidophilus Two Billion liefert 2 Mrd. CFU pro Kapsel f\u00fcr eine ausgewogene Darmflora \u2013 vegan, glutenfrei, 100 Kapseln. Jetzt bestellen.","breadcrumb":{"@id":"https:\/\/ecosupplements.ch\/?product=acidophilus-two-billion-100-vcaps#breadcrumb"},"inLanguage":"de-CH","potentialAction":[{"@type":"ReadAction","target":["https:\/\/ecosupplements.ch\/?product=acidophilus-two-billion-100-vcaps"]}]},{"@type":"ImageObject","inLanguage":"de-CH","@id":"https:\/\/ecosupplements.ch\/?product=acidophilus-two-billion-100-vcaps#primaryimage","url":"https:\/\/ecosupplements.ch\/wp-content\/uploads\/2026\/05\/Acidophilus-Two-Billion-100-vcaps.jpg","contentUrl":"https:\/\/ecosupplements.ch\/wp-content\/uploads\/2026\/05\/Acidophilus-Two-Billion-100-vcaps.jpg","width":474,"height":880,"caption":"Acidophilus Two Billion - 100 vcaps"},{"@type":"BreadcrumbList","@id":"https:\/\/ecosupplements.ch\/?product=acidophilus-two-billion-100-vcaps#breadcrumb","itemListElement":[{"@type":"ListItem","position":1,"name":"Home","item":"https:\/\/ecosupplements.ch\/"},{"@type":"ListItem","position":2,"name":"Shop","item":"https:\/\/ecosupplements.ch\/?page_id=14"},{"@type":"ListItem","position":3,"name":"Acidophilus Two Billion &#8211; 100 vcaps"}]},{"@type":"WebSite","@id":"https:\/\/ecosupplements.ch\/#website","url":"https:\/\/ecosupplements.ch\/","name":"Eco Supplements","description":"","potentialAction":[{"@type":"SearchAction","target":{"@type":"EntryPoint","urlTemplate":"https:\/\/ecosupplements.ch\/?s={search_term_string}"},"query-input":{"@type":"PropertyValueSpecification","valueRequired":true,"valueName":"search_term_string"}}],"inLanguage":"de-CH"}]},"product_price_amount":"10.76","product_price_currency":"CHF","og_availability":"out of stock","product_availability":"out of stock","product_retailer_item_id":"733739029058","product_condition":"new"},"_links":{"self":[{"href":"https:\/\/ecosupplements.ch\/index.php?rest_route=\/wp\/v2\/product\/2120","targetHints":{"allow":["GET"]}}],"collection":[{"href":"https:\/\/ecosupplements.ch\/index.php?rest_route=\/wp\/v2\/product"}],"about":[{"href":"https:\/\/ecosupplements.ch\/index.php?rest_route=\/wp\/v2\/types\/product"}],"replies":[{"embeddable":true,"href":"https:\/\/ecosupplements.ch\/index.php?rest_route=%2Fwp%2Fv2%2Fcomments&post=2120"}],"wp:featuredmedia":[{"embeddable":true,"href":"https:\/\/ecosupplements.ch\/index.php?rest_route=\/wp\/v2\/media\/2121"}],"wp:attachment":[{"href":"https:\/\/ecosupplements.ch\/index.php?rest_route=%2Fwp%2Fv2%2Fmedia&parent=2120"}],"wp:term":[{"taxonomy":"product_brand","embeddable":true,"href":"https:\/\/ecosupplements.ch\/index.php?rest_route=%2Fwp%2Fv2%2Fproduct_brand&post=2120"},{"taxonomy":"product_cat","embeddable":true,"href":"https:\/\/ecosupplements.ch\/index.php?rest_route=%2Fwp%2Fv2%2Fproduct_cat&post=2120"},{"taxonomy":"product_tag","embeddable":true,"href":"https:\/\/ecosupplements.ch\/index.php?rest_route=%2Fwp%2Fv2%2Fproduct_tag&post=2120"}],"curies":[{"name":"wp","href":"https:\/\/api.w.org\/{rel}","templated":true}]}}