{"id":2127,"date":"2026-05-11T14:34:13","date_gmt":"2026-05-11T14:34:13","guid":{"rendered":"https:\/\/ecosupplements.ch\/?product=arginine-citrulline-120-vcaps"},"modified":"2026-05-13T07:22:54","modified_gmt":"2026-05-13T07:22:54","slug":"arginine-citrulline-120-vcaps","status":"publish","type":"product","link":"https:\/\/ecosupplements.ch\/?product=arginine-citrulline-120-vcaps","title":{"rendered":"Arginine &amp; Citrulline &#8211; 120 vcaps"},"content":{"rendered":"<div class=\"chcg-product-description\">\n<h2 class=\"chcg-heading\">\u00dcber NOW Foods \u2013 Arginine &amp; Citrulline \u2013 120 Veg Kapseln<\/h2>\n<div class=\"chcg-intro\">\n<p>Arginine &amp; Citrulline von NOW Foods kombiniert zwei nat\u00fcrlich vorkommende Aminos\u00e4uren in einer praktischen pflanzlichen Kapsel. L-Arginin ist eine semi-essentielle Aminos\u00e4ure, die im K\u00f6rper als Vorstufe von Stickstoffmonoxid dient und so zur normalen Durchblutung beitragen kann. L-Citrullin erg\u00e4nzt diese Wirkung, indem es im Stoffwechsel zu L-Arginin umgewandelt wird und damit die Verf\u00fcgbarkeit dieser Aminos\u00e4ure im K\u00f6rper unterst\u00fctzt.<\/p>\n<p>Die Kombination beider Aminos\u00e4uren in freier Form sorgt f\u00fcr eine optimale Bioverf\u00fcgbarkeit. Jede Kapsel liefert 500 mg L-Arginin und 250 mg L-Citrullin \u2013 beides in hochwertiger, frei vorliegender Form. Das Produkt eignet sich besonders f\u00fcr Personen, die ihre Aminos\u00e4ureversorgung gezielt erg\u00e4nzen m\u00f6chten.<\/p>\n<p>NOW Foods steht f\u00fcr kompromisslose Qualit\u00e4t: Das Produkt wird in einer GMP-zertifizierten Anlage hergestellt, ist vegan, glutenfrei und enth\u00e4lt ausschliesslich pflanzliche Hilfsstoffe.<\/p>\n<\/p><\/div>\n<div class=\"chcg-nutrition\">\n<h3>N\u00e4hrwertangaben<\/h3>\n<table class=\"chcg-nutrition-table\">\n<thead>\n<tr>\n<th>N\u00e4hrstoff<\/th>\n<th>Pro Portion (1 Veg Kapsel)<\/th>\n<\/tr>\n<\/thead>\n<tbody>\n<tr>\n<td>L-Arginin (freie Form)<\/td>\n<td>500 mg *<\/td>\n<\/tr>\n<tr>\n<td>L-Citrullin (freie Form)<\/td>\n<td>250 mg *<\/td>\n<\/tr>\n<\/tbody>\n<\/table>\n<p class=\"chcg-footnote\">* Kein festgelegter Tagesbedarf (Referenzwert nicht etabliert).<\/p>\n<\/p><\/div>\n<div class=\"chcg-ingredients\">\n<h3>Zutaten<\/h3>\n<p>L-Arginin (freie Form) 500 mg, L-Citrullin (freie Form) 250 mg. Weitere Zutaten: Hypromellose (pflanzliche Kapsel), Stearins\u00e4ure (pflanzlicher Herkunft) und Siliziumdioxid.<\/p>\n<p class=\"chcg-capsule-shell\">Kapselh\u00fclle: Hypromellose (Zellulosekapseln)<\/p>\n<\/p><\/div>\n<div class=\"chcg-dosage\">\n<h3>Verzehrempfehlung<\/h3>\n<p>1 Kapsel 2-mal t\u00e4glich einnehmen.<\/p>\n<\/p><\/div>\n<div class=\"chcg-warnings\">\n<h3>Warnhinweise<\/h3>\n<p>Nur f\u00fcr Erwachsene. Bei Schwangerschaft oder Stillzeit, bei der Einnahme von Medikamenten (insbesondere Antihypertensiva, Nitrate oder andere Herzmedikamente) oder bei bestehenden Erkrankungen (insbesondere Herpes, Niereninsuffizienz und\/oder Glaukom) vor der Einnahme einen Arzt konsultieren. Ausserhalb der Reichweite von Kindern aufbewahren. Nat\u00fcrliche Farbabweichungen des Produktes sind m\u00f6glich.<\/p>\n<\/p><\/div>\n<div class=\"chcg-allergens\">\n<h3>Allergeninformationen<\/h3>\n<p>Nicht hergestellt mit Weizen, Gluten, Soja, Milch, Ei, Fisch, Schalentieren, Baumn\u00fcssen oder Sesam. Hergestellt in einer GMP-Anlage, in der andere Zutaten verarbeitet werden, die diese Allergene enthalten k\u00f6nnen.<\/p>\n<\/p><\/div>\n<div class=\"chcg-storage\">\n<h3>Lagerung<\/h3>\n<p>Nach dem \u00d6ffnen an einem k\u00fchlen, trockenen und dunklen Ort aufbewahren.<\/p>\n<\/p><\/div>\n<div class=\"chcg-dietary\">\n<h3>Ern\u00e4hrungshinweise<\/h3>\n<ul>\n<li>Vegan<\/li>\n<li>Vegetarisch<\/li>\n<li>Glutenfrei<\/li>\n<li>Laktosefrei<\/li>\n<\/ul><\/div>\n<\/div>\n","protected":false},"excerpt":{"rendered":"<p>Arginine &amp; Citrulline von NOW Foods liefert 500 mg L-Arginin und 250 mg L-Citrullin pro Kapsel \u2013 in freier Form und optimal bioverf\u00fcgbar. 120 vegane Kapseln pro Packung, vegan und glutenfrei.<\/p>\n","protected":false},"featured_media":2128,"comment_status":"closed","ping_status":"open","template":"","meta":[],"product_brand":[207],"product_cat":[517,514,90,48,518,22,21],"product_tag":[],"class_list":{"0":"post-2127","1":"product","2":"type-product","3":"status-publish","4":"has-post-thumbnail","6":"product_brand-now-foods","7":"product_cat-aminosaeuremischungen-aminosaeuren-und-bcaas","8":"product_cat-aminosaeuren-und-bcaas","9":"product_cat-fitness-training","10":"product_cat-gesunde-ernaehrung","11":"product_cat-l-arginin-aminosaeuren-und-bcaas","12":"product_cat-vegane-produkte","13":"product_cat-vitamine-und-mineralstoffe","15":"first","16":"outofstock","17":"taxable","18":"shipping-taxable","19":"purchasable","20":"product-type-simple"},"yoast_head":"<!-- This site is optimized with the Yoast SEO plugin v27.5 - https:\/\/yoast.com\/product\/yoast-seo-wordpress\/ -->\n<title>Arginine &amp; Citrulline 120 Veg Kapseln \u2013 NOW Foods | ecosupplements.ch<\/title>\n<meta name=\"description\" content=\"NOW Foods Arginine &amp; Citrulline \u2013 500 mg L-Arginin &amp; 250 mg L-Citrullin pro Kapsel, vegan und glutenfrei, 120 Veg Kapseln. Jetzt bestellen.\" \/>\n<meta name=\"robots\" content=\"index, follow, max-snippet:-1, max-image-preview:large, max-video-preview:-1\" \/>\n<link rel=\"canonical\" href=\"https:\/\/ecosupplements.ch\/?product=arginine-citrulline-120-vcaps\" \/>\n<meta property=\"og:locale\" content=\"de_DE\" \/>\n<meta property=\"og:type\" content=\"article\" \/>\n<meta property=\"og:title\" content=\"Arginine &amp; Citrulline 120 Veg Kapseln \u2013 NOW Foods | ecosupplements.ch\" \/>\n<meta property=\"og:description\" content=\"NOW Foods Arginine &amp; Citrulline \u2013 500 mg L-Arginin &amp; 250 mg L-Citrullin pro Kapsel, vegan und glutenfrei, 120 Veg Kapseln. Jetzt bestellen.\" \/>\n<meta property=\"og:url\" content=\"https:\/\/ecosupplements.ch\/?product=arginine-citrulline-120-vcaps\" \/>\n<meta property=\"og:site_name\" content=\"Eco Supplements\" \/>\n<meta property=\"article:modified_time\" content=\"2026-05-13T07:22:54+00:00\" \/>\n<meta property=\"og:image\" content=\"https:\/\/ecosupplements.ch\/wp-content\/uploads\/2026\/05\/Arginine-Citrulline-120-vcaps.jpg\" \/>\n\t<meta property=\"og:image:width\" content=\"495\" \/>\n\t<meta property=\"og:image:height\" content=\"880\" \/>\n\t<meta property=\"og:image:type\" content=\"image\/jpeg\" \/>\n<meta name=\"twitter:card\" content=\"summary_large_image\" \/>\n<meta name=\"twitter:label1\" content=\"Price\" \/>\n\t<meta name=\"twitter:data1\" content=\"&#067;&#072;&#070;&nbsp;20.25\" \/>\n\t<meta name=\"twitter:label2\" content=\"Availability\" \/>\n\t<meta name=\"twitter:data2\" content=\"Out of stock\" \/>\n<script type=\"application\/ld+json\" class=\"yoast-schema-graph\">{\"@context\":\"https:\\\/\\\/schema.org\",\"@graph\":[{\"@type\":\"WebPage\",\"@id\":\"https:\\\/\\\/ecosupplements.ch\\\/?product=arginine-citrulline-120-vcaps\",\"url\":\"https:\\\/\\\/ecosupplements.ch\\\/?product=arginine-citrulline-120-vcaps\",\"name\":\"Arginine & Citrulline 120 Veg Kapseln \u2013 NOW Foods | ecosupplements.ch\",\"isPartOf\":{\"@id\":\"https:\\\/\\\/ecosupplements.ch\\\/#website\"},\"primaryImageOfPage\":{\"@id\":\"https:\\\/\\\/ecosupplements.ch\\\/?product=arginine-citrulline-120-vcaps#primaryimage\"},\"image\":{\"@id\":\"https:\\\/\\\/ecosupplements.ch\\\/?product=arginine-citrulline-120-vcaps#primaryimage\"},\"thumbnailUrl\":\"https:\\\/\\\/ecosupplements.ch\\\/wp-content\\\/uploads\\\/2026\\\/05\\\/Arginine-Citrulline-120-vcaps.jpg\",\"datePublished\":\"2026-05-11T14:34:13+00:00\",\"dateModified\":\"2026-05-13T07:22:54+00:00\",\"description\":\"NOW Foods Arginine & Citrulline \u2013 500 mg L-Arginin & 250 mg L-Citrullin pro Kapsel, vegan und glutenfrei, 120 Veg Kapseln. Jetzt bestellen.\",\"breadcrumb\":{\"@id\":\"https:\\\/\\\/ecosupplements.ch\\\/?product=arginine-citrulline-120-vcaps#breadcrumb\"},\"inLanguage\":\"de-CH\",\"potentialAction\":[{\"@type\":\"ReadAction\",\"target\":[\"https:\\\/\\\/ecosupplements.ch\\\/?product=arginine-citrulline-120-vcaps\"]}]},{\"@type\":\"ImageObject\",\"inLanguage\":\"de-CH\",\"@id\":\"https:\\\/\\\/ecosupplements.ch\\\/?product=arginine-citrulline-120-vcaps#primaryimage\",\"url\":\"https:\\\/\\\/ecosupplements.ch\\\/wp-content\\\/uploads\\\/2026\\\/05\\\/Arginine-Citrulline-120-vcaps.jpg\",\"contentUrl\":\"https:\\\/\\\/ecosupplements.ch\\\/wp-content\\\/uploads\\\/2026\\\/05\\\/Arginine-Citrulline-120-vcaps.jpg\",\"width\":495,\"height\":880,\"caption\":\"Arginine & Citrulline - 120 vcaps\"},{\"@type\":\"BreadcrumbList\",\"@id\":\"https:\\\/\\\/ecosupplements.ch\\\/?product=arginine-citrulline-120-vcaps#breadcrumb\",\"itemListElement\":[{\"@type\":\"ListItem\",\"position\":1,\"name\":\"Home\",\"item\":\"https:\\\/\\\/ecosupplements.ch\\\/\"},{\"@type\":\"ListItem\",\"position\":2,\"name\":\"Shop\",\"item\":\"https:\\\/\\\/ecosupplements.ch\\\/?page_id=14\"},{\"@type\":\"ListItem\",\"position\":3,\"name\":\"Arginine &amp; Citrulline &#8211; 120 vcaps\"}]},{\"@type\":\"WebSite\",\"@id\":\"https:\\\/\\\/ecosupplements.ch\\\/#website\",\"url\":\"https:\\\/\\\/ecosupplements.ch\\\/\",\"name\":\"Eco Supplements\",\"description\":\"\",\"potentialAction\":[{\"@type\":\"SearchAction\",\"target\":{\"@type\":\"EntryPoint\",\"urlTemplate\":\"https:\\\/\\\/ecosupplements.ch\\\/?s={search_term_string}\"},\"query-input\":{\"@type\":\"PropertyValueSpecification\",\"valueRequired\":true,\"valueName\":\"search_term_string\"}}],\"inLanguage\":\"de-CH\"}]}<\/script>\n<meta property=\"product:price:amount\" content=\"20.25\" \/>\n<meta property=\"product:price:currency\" content=\"CHF\" \/>\n<meta property=\"og:availability\" content=\"out of stock\" \/>\n<meta property=\"product:availability\" content=\"out of stock\" \/>\n<meta property=\"product:retailer_item_id\" content=\"733739000378\" \/>\n<meta property=\"product:condition\" content=\"new\" \/>\n<!-- \/ Yoast SEO plugin. -->","yoast_head_json":{"title":"Arginine & Citrulline 120 Veg Kapseln \u2013 NOW Foods | ecosupplements.ch","description":"NOW Foods Arginine & Citrulline \u2013 500 mg L-Arginin & 250 mg L-Citrullin pro Kapsel, vegan und glutenfrei, 120 Veg Kapseln. Jetzt bestellen.","robots":{"index":"index","follow":"follow","max-snippet":"max-snippet:-1","max-image-preview":"max-image-preview:large","max-video-preview":"max-video-preview:-1"},"canonical":"https:\/\/ecosupplements.ch\/?product=arginine-citrulline-120-vcaps","og_locale":"de_DE","og_type":"article","og_title":"Arginine & Citrulline 120 Veg Kapseln \u2013 NOW Foods | ecosupplements.ch","og_description":"NOW Foods Arginine & Citrulline \u2013 500 mg L-Arginin & 250 mg L-Citrullin pro Kapsel, vegan und glutenfrei, 120 Veg Kapseln. Jetzt bestellen.","og_url":"https:\/\/ecosupplements.ch\/?product=arginine-citrulline-120-vcaps","og_site_name":"Eco Supplements","article_modified_time":"2026-05-13T07:22:54+00:00","og_image":[{"width":495,"height":880,"url":"https:\/\/ecosupplements.ch\/wp-content\/uploads\/2026\/05\/Arginine-Citrulline-120-vcaps.jpg","type":"image\/jpeg"}],"twitter_card":"summary_large_image","twitter_misc":{"Price":"&#67;&#72;&#70;&nbsp;20.25","Availability":"Out of stock"},"schema":{"@context":"https:\/\/schema.org","@graph":[{"@type":"WebPage","@id":"https:\/\/ecosupplements.ch\/?product=arginine-citrulline-120-vcaps","url":"https:\/\/ecosupplements.ch\/?product=arginine-citrulline-120-vcaps","name":"Arginine & Citrulline 120 Veg Kapseln \u2013 NOW Foods | ecosupplements.ch","isPartOf":{"@id":"https:\/\/ecosupplements.ch\/#website"},"primaryImageOfPage":{"@id":"https:\/\/ecosupplements.ch\/?product=arginine-citrulline-120-vcaps#primaryimage"},"image":{"@id":"https:\/\/ecosupplements.ch\/?product=arginine-citrulline-120-vcaps#primaryimage"},"thumbnailUrl":"https:\/\/ecosupplements.ch\/wp-content\/uploads\/2026\/05\/Arginine-Citrulline-120-vcaps.jpg","datePublished":"2026-05-11T14:34:13+00:00","dateModified":"2026-05-13T07:22:54+00:00","description":"NOW Foods Arginine & Citrulline \u2013 500 mg L-Arginin & 250 mg L-Citrullin pro Kapsel, vegan und glutenfrei, 120 Veg Kapseln. Jetzt bestellen.","breadcrumb":{"@id":"https:\/\/ecosupplements.ch\/?product=arginine-citrulline-120-vcaps#breadcrumb"},"inLanguage":"de-CH","potentialAction":[{"@type":"ReadAction","target":["https:\/\/ecosupplements.ch\/?product=arginine-citrulline-120-vcaps"]}]},{"@type":"ImageObject","inLanguage":"de-CH","@id":"https:\/\/ecosupplements.ch\/?product=arginine-citrulline-120-vcaps#primaryimage","url":"https:\/\/ecosupplements.ch\/wp-content\/uploads\/2026\/05\/Arginine-Citrulline-120-vcaps.jpg","contentUrl":"https:\/\/ecosupplements.ch\/wp-content\/uploads\/2026\/05\/Arginine-Citrulline-120-vcaps.jpg","width":495,"height":880,"caption":"Arginine & Citrulline - 120 vcaps"},{"@type":"BreadcrumbList","@id":"https:\/\/ecosupplements.ch\/?product=arginine-citrulline-120-vcaps#breadcrumb","itemListElement":[{"@type":"ListItem","position":1,"name":"Home","item":"https:\/\/ecosupplements.ch\/"},{"@type":"ListItem","position":2,"name":"Shop","item":"https:\/\/ecosupplements.ch\/?page_id=14"},{"@type":"ListItem","position":3,"name":"Arginine &amp; Citrulline &#8211; 120 vcaps"}]},{"@type":"WebSite","@id":"https:\/\/ecosupplements.ch\/#website","url":"https:\/\/ecosupplements.ch\/","name":"Eco Supplements","description":"","potentialAction":[{"@type":"SearchAction","target":{"@type":"EntryPoint","urlTemplate":"https:\/\/ecosupplements.ch\/?s={search_term_string}"},"query-input":{"@type":"PropertyValueSpecification","valueRequired":true,"valueName":"search_term_string"}}],"inLanguage":"de-CH"}]},"product_price_amount":"20.25","product_price_currency":"CHF","og_availability":"out of stock","product_availability":"out of stock","product_retailer_item_id":"733739000378","product_condition":"new"},"_links":{"self":[{"href":"https:\/\/ecosupplements.ch\/index.php?rest_route=\/wp\/v2\/product\/2127","targetHints":{"allow":["GET"]}}],"collection":[{"href":"https:\/\/ecosupplements.ch\/index.php?rest_route=\/wp\/v2\/product"}],"about":[{"href":"https:\/\/ecosupplements.ch\/index.php?rest_route=\/wp\/v2\/types\/product"}],"replies":[{"embeddable":true,"href":"https:\/\/ecosupplements.ch\/index.php?rest_route=%2Fwp%2Fv2%2Fcomments&post=2127"}],"wp:featuredmedia":[{"embeddable":true,"href":"https:\/\/ecosupplements.ch\/index.php?rest_route=\/wp\/v2\/media\/2128"}],"wp:attachment":[{"href":"https:\/\/ecosupplements.ch\/index.php?rest_route=%2Fwp%2Fv2%2Fmedia&parent=2127"}],"wp:term":[{"taxonomy":"product_brand","embeddable":true,"href":"https:\/\/ecosupplements.ch\/index.php?rest_route=%2Fwp%2Fv2%2Fproduct_brand&post=2127"},{"taxonomy":"product_cat","embeddable":true,"href":"https:\/\/ecosupplements.ch\/index.php?rest_route=%2Fwp%2Fv2%2Fproduct_cat&post=2127"},{"taxonomy":"product_tag","embeddable":true,"href":"https:\/\/ecosupplements.ch\/index.php?rest_route=%2Fwp%2Fv2%2Fproduct_tag&post=2127"}],"curies":[{"name":"wp","href":"https:\/\/api.w.org\/{rel}","templated":true}]}}