{"id":2157,"date":"2026-05-11T14:34:24","date_gmt":"2026-05-11T14:34:24","guid":{"rendered":"https:\/\/ecosupplements.ch\/?product=collagen-jelly-beauty-complex-sweet-orange-10-jelly-sticks"},"modified":"2026-05-13T07:25:47","modified_gmt":"2026-05-13T07:25:47","slug":"collagen-jelly-beauty-complex-sweet-orange-10-jelly-sticks","status":"publish","type":"product","link":"https:\/\/ecosupplements.ch\/?product=collagen-jelly-beauty-complex-sweet-orange-10-jelly-sticks","title":{"rendered":"Collagen Jelly Beauty Complex, Sweet Orange &#8211; 10 jelly sticks"},"content":{"rendered":"<div class=\"chcg-product-description\">\n<h2 class=\"chcg-heading\">\u00dcber NOW Foods \u2013 Collagen Jelly Beauty Complex, Sweet Orange \u2013 10 Jelly Sticks<\/h2>\n<div class=\"chcg-intro\">\n<p>Der Collagen Jelly Beauty Complex von NOW Foods verbindet hochwertiges hydrolysiertes Rinderkollagen mit einem erfrischenden S\u00fcssorangengeschmack \u2013 in einer praktischen Jelly-Stick-Form, die sich ideal f\u00fcr unterwegs eignet. Jeder Stick enth\u00e4lt 2,50 g BSE-freies, hydrolysiertes Kollagen, das sich durch seine feine Molekularstruktur auszeichnet und gut vertr\u00e4glich ist.<\/p>\n<p>Die Rezeptur enth\u00e4lt zudem pflanzliche Begleitstoffe wie Gr\u00fcntee-Extrakt-Konzentrat, Knoblauch-Extrakt sowie Rutin (enzymbehandelt) und wird mit nat\u00fcrlichem Orangenaroma verfeinert. Der Jelly Stick ist angenehm zu kauen, leicht ges\u00fcsst mit Erythritol, Allulose und Stevia-Blattextrakt \u2013 ganz ohne k\u00fcnstliche S\u00fcssungsmittel.<\/p>\n<p>Das Produkt eignet sich besonders f\u00fcr alle, die ihre t\u00e4gliche Kollagenversorgung auf eine schmackhafte und unkomplizierte Weise erg\u00e4nzen m\u00f6chten. Die handliche Verpackung mit 10 Sticks erm\u00f6glicht eine einfache Dosierung und l\u00e4sst sich m\u00fchelos in den Alltag integrieren.<\/p>\n<\/p><\/div>\n<div class=\"chcg-nutrition\">\n<h3>N\u00e4hrwertangaben<\/h3>\n<table class=\"chcg-nutrition-table\">\n<thead>\n<tr>\n<th>N\u00e4hrstoff<\/th>\n<th>Pro Portion (1 Stick, 20 g)<\/th>\n<\/tr>\n<\/thead>\n<tbody>\n<tr>\n<td>Natrium<\/td>\n<td>15 mg<\/td>\n<\/tr>\n<tr>\n<td>Hydrolysiertes Kollagen (Rind) (BSE-frei)<\/td>\n<td>2,50 g<\/td>\n<\/tr>\n<\/tbody>\n<\/table>\n<p class=\"chcg-footnote\">* Kein festgelegter Tagesbedarf.<\/p>\n<\/p><\/div>\n<div class=\"chcg-ingredients\">\n<h3>Zutaten<\/h3>\n<p>Wirkstoff: Hydrolysiertes Kollagen (Rind) (BSE-frei) 2,50 g. Sonstige Zutaten: Wasser, Fructooligosaccharide, Erythritol, nat\u00fcrliches Orangenaroma, Gelmischung (Johannisbrotkernmehl, Xanthan, Glukose, Agar, Tamarindenkernmehl), Zitronens\u00e4ure, Allulose, Orangenkonzentrat, Agar, Calciumlactat, Trinatriumcitrat, Stevia-Blattextrakt (enzymbehandelt), Hydroxypropylmethylcellulose, Knoblauch-Komplex-Extrakt (Gr\u00fcntee-Extrakt-Konzentrat, Knoblauch-Extrakt-Konzentrat), Rutin (enzymbehandelt).<\/p>\n<\/p><\/div>\n<div class=\"chcg-dosage\">\n<h3>Verzehrempfehlung<\/h3>\n<p>T\u00e4glich einen Jelly Stick einnehmen. Oberen Teil an der Perforation abreissen und geniessen! Bitte gut kauen, bevor Sie schlucken. Am besten gek\u00fchlt verzehren.<\/p>\n<\/p><\/div>\n<div class=\"chcg-warnings\">\n<h3>Warnhinweise<\/h3>\n<p>Nur f\u00fcr Erwachsene. Bei Schwangerschaft oder Stillzeit, bei Einnahme von Medikamenten oder bei bestehenden gesundheitlichen Beschwerden ist vor der Einnahme ein Arzt zu konsultieren. Ausserhalb der Reichweite von Kindern aufbewahren.<\/p>\n<\/p><\/div>\n<div class=\"chcg-allergens\">\n<h3>Allergeninformationen<\/h3>\n<p>Nicht hergestellt mit Weizen-, Gluten-, Soja-, Milch-, Ei-, Fisch-, Schalen- oder Weichtier-, Baumnuss- oder Sesam-Zutaten. Produziert in einer GMP-zertifizierten Anlage, die auch andere Zutaten verarbeitet, welche diese Allergene enthalten k\u00f6nnen.<\/p>\n<\/p><\/div>\n<div class=\"chcg-storage\">\n<h3>Lagerung<\/h3>\n<p>Nach dem \u00d6ffnen an einem k\u00fchlen, trockenen Ort aufbewahren.<\/p>\n<\/p><\/div>\n<div class=\"chcg-dietary\">\n<h3>Ern\u00e4hrungshinweise<\/h3>\n<ul>\n<li>Glutenfrei<\/li>\n<li>Laktosefrei<\/li>\n<\/ul><\/div>\n<\/div>\n","protected":false},"excerpt":{"rendered":"<p>Collagen Jelly Beauty Complex von NOW Foods liefert 2,50 g hydrolysiertes Rinderkollagen (BSE-frei) pro Stick \u2013 in erfrischender S\u00fcssorange. 10 gebrauchsfertige Jelly Sticks, glutenfrei und laktosefrei.<\/p>\n","protected":false},"featured_media":2158,"comment_status":"closed","ping_status":"open","template":"","meta":[],"product_brand":[207],"product_cat":[48,25,80,21],"product_tag":[],"class_list":{"0":"post-2157","1":"product","2":"type-product","3":"status-publish","4":"has-post-thumbnail","6":"product_brand-now-foods","7":"product_cat-gesunde-ernaehrung","8":"product_cat-gesundheit-und-wohlbefinden","9":"product_cat-kollagen","10":"product_cat-vitamine-und-mineralstoffe","12":"first","13":"outofstock","14":"taxable","15":"shipping-taxable","16":"purchasable","17":"product-type-simple"},"yoast_head":"<!-- This site is optimized with the Yoast SEO plugin v27.5 - https:\/\/yoast.com\/product\/yoast-seo-wordpress\/ -->\n<title>Collagen Jelly Beauty Complex Orange \u2013 NOW Foods | ecosupplements.ch<\/title>\n<meta name=\"description\" content=\"NOW Foods Collagen Jelly Beauty Complex mit 2,50 g hydrolysiertem Rinderkollagen pro Stick \u2013 10 Jelly Sticks in S\u00fcssorange, glutenfrei. Jetzt bestellen.\" \/>\n<meta name=\"robots\" content=\"index, follow, max-snippet:-1, max-image-preview:large, max-video-preview:-1\" \/>\n<link rel=\"canonical\" href=\"https:\/\/ecosupplements.ch\/?product=collagen-jelly-beauty-complex-sweet-orange-10-jelly-sticks\" \/>\n<meta property=\"og:locale\" content=\"de_DE\" \/>\n<meta property=\"og:type\" content=\"article\" \/>\n<meta property=\"og:title\" content=\"Collagen Jelly Beauty Complex Orange \u2013 NOW Foods | ecosupplements.ch\" \/>\n<meta property=\"og:description\" content=\"NOW Foods Collagen Jelly Beauty Complex mit 2,50 g hydrolysiertem Rinderkollagen pro Stick \u2013 10 Jelly Sticks in S\u00fcssorange, glutenfrei. Jetzt bestellen.\" \/>\n<meta property=\"og:url\" content=\"https:\/\/ecosupplements.ch\/?product=collagen-jelly-beauty-complex-sweet-orange-10-jelly-sticks\" \/>\n<meta property=\"og:site_name\" content=\"Eco Supplements\" \/>\n<meta property=\"article:modified_time\" content=\"2026-05-13T07:25:47+00:00\" \/>\n<meta property=\"og:image\" content=\"https:\/\/ecosupplements.ch\/wp-content\/uploads\/2026\/05\/Collagen-Jelly-Beauty-Complex-Sweet-Orange-10-jelly-sticks.jpg\" \/>\n\t<meta property=\"og:image:width\" content=\"375\" \/>\n\t<meta property=\"og:image:height\" content=\"600\" \/>\n\t<meta property=\"og:image:type\" content=\"image\/jpeg\" \/>\n<meta name=\"twitter:card\" content=\"summary_large_image\" \/>\n<meta name=\"twitter:label1\" content=\"Price\" \/>\n\t<meta name=\"twitter:data1\" content=\"&#067;&#072;&#070;&nbsp;19.66\" \/>\n\t<meta name=\"twitter:label2\" content=\"Availability\" \/>\n\t<meta name=\"twitter:data2\" content=\"Out of stock\" \/>\n<script type=\"application\/ld+json\" class=\"yoast-schema-graph\">{\"@context\":\"https:\\\/\\\/schema.org\",\"@graph\":[{\"@type\":\"WebPage\",\"@id\":\"https:\\\/\\\/ecosupplements.ch\\\/?product=collagen-jelly-beauty-complex-sweet-orange-10-jelly-sticks\",\"url\":\"https:\\\/\\\/ecosupplements.ch\\\/?product=collagen-jelly-beauty-complex-sweet-orange-10-jelly-sticks\",\"name\":\"Collagen Jelly Beauty Complex Orange \u2013 NOW Foods | ecosupplements.ch\",\"isPartOf\":{\"@id\":\"https:\\\/\\\/ecosupplements.ch\\\/#website\"},\"primaryImageOfPage\":{\"@id\":\"https:\\\/\\\/ecosupplements.ch\\\/?product=collagen-jelly-beauty-complex-sweet-orange-10-jelly-sticks#primaryimage\"},\"image\":{\"@id\":\"https:\\\/\\\/ecosupplements.ch\\\/?product=collagen-jelly-beauty-complex-sweet-orange-10-jelly-sticks#primaryimage\"},\"thumbnailUrl\":\"https:\\\/\\\/ecosupplements.ch\\\/wp-content\\\/uploads\\\/2026\\\/05\\\/Collagen-Jelly-Beauty-Complex-Sweet-Orange-10-jelly-sticks.jpg\",\"datePublished\":\"2026-05-11T14:34:24+00:00\",\"dateModified\":\"2026-05-13T07:25:47+00:00\",\"description\":\"NOW Foods Collagen Jelly Beauty Complex mit 2,50 g hydrolysiertem Rinderkollagen pro Stick \u2013 10 Jelly Sticks in S\u00fcssorange, glutenfrei. Jetzt bestellen.\",\"breadcrumb\":{\"@id\":\"https:\\\/\\\/ecosupplements.ch\\\/?product=collagen-jelly-beauty-complex-sweet-orange-10-jelly-sticks#breadcrumb\"},\"inLanguage\":\"de-CH\",\"potentialAction\":[{\"@type\":\"ReadAction\",\"target\":[\"https:\\\/\\\/ecosupplements.ch\\\/?product=collagen-jelly-beauty-complex-sweet-orange-10-jelly-sticks\"]}]},{\"@type\":\"ImageObject\",\"inLanguage\":\"de-CH\",\"@id\":\"https:\\\/\\\/ecosupplements.ch\\\/?product=collagen-jelly-beauty-complex-sweet-orange-10-jelly-sticks#primaryimage\",\"url\":\"https:\\\/\\\/ecosupplements.ch\\\/wp-content\\\/uploads\\\/2026\\\/05\\\/Collagen-Jelly-Beauty-Complex-Sweet-Orange-10-jelly-sticks.jpg\",\"contentUrl\":\"https:\\\/\\\/ecosupplements.ch\\\/wp-content\\\/uploads\\\/2026\\\/05\\\/Collagen-Jelly-Beauty-Complex-Sweet-Orange-10-jelly-sticks.jpg\",\"width\":375,\"height\":600,\"caption\":\"Collagen Jelly Beauty Complex\"},{\"@type\":\"BreadcrumbList\",\"@id\":\"https:\\\/\\\/ecosupplements.ch\\\/?product=collagen-jelly-beauty-complex-sweet-orange-10-jelly-sticks#breadcrumb\",\"itemListElement\":[{\"@type\":\"ListItem\",\"position\":1,\"name\":\"Home\",\"item\":\"https:\\\/\\\/ecosupplements.ch\\\/\"},{\"@type\":\"ListItem\",\"position\":2,\"name\":\"Shop\",\"item\":\"https:\\\/\\\/ecosupplements.ch\\\/?page_id=14\"},{\"@type\":\"ListItem\",\"position\":3,\"name\":\"Collagen Jelly Beauty Complex, Sweet Orange &#8211; 10 jelly sticks\"}]},{\"@type\":\"WebSite\",\"@id\":\"https:\\\/\\\/ecosupplements.ch\\\/#website\",\"url\":\"https:\\\/\\\/ecosupplements.ch\\\/\",\"name\":\"Eco Supplements\",\"description\":\"\",\"potentialAction\":[{\"@type\":\"SearchAction\",\"target\":{\"@type\":\"EntryPoint\",\"urlTemplate\":\"https:\\\/\\\/ecosupplements.ch\\\/?s={search_term_string}\"},\"query-input\":{\"@type\":\"PropertyValueSpecification\",\"valueRequired\":true,\"valueName\":\"search_term_string\"}}],\"inLanguage\":\"de-CH\"}]}<\/script>\n<meta property=\"product:price:amount\" content=\"19.66\" \/>\n<meta property=\"product:price:currency\" content=\"CHF\" \/>\n<meta property=\"og:availability\" content=\"out of stock\" \/>\n<meta property=\"product:availability\" content=\"out of stock\" \/>\n<meta property=\"product:retailer_item_id\" content=\"733739078803\" \/>\n<meta property=\"product:condition\" content=\"new\" \/>\n<!-- \/ Yoast SEO plugin. -->","yoast_head_json":{"title":"Collagen Jelly Beauty Complex Orange \u2013 NOW Foods | ecosupplements.ch","description":"NOW Foods Collagen Jelly Beauty Complex mit 2,50 g hydrolysiertem Rinderkollagen pro Stick \u2013 10 Jelly Sticks in S\u00fcssorange, glutenfrei. Jetzt bestellen.","robots":{"index":"index","follow":"follow","max-snippet":"max-snippet:-1","max-image-preview":"max-image-preview:large","max-video-preview":"max-video-preview:-1"},"canonical":"https:\/\/ecosupplements.ch\/?product=collagen-jelly-beauty-complex-sweet-orange-10-jelly-sticks","og_locale":"de_DE","og_type":"article","og_title":"Collagen Jelly Beauty Complex Orange \u2013 NOW Foods | ecosupplements.ch","og_description":"NOW Foods Collagen Jelly Beauty Complex mit 2,50 g hydrolysiertem Rinderkollagen pro Stick \u2013 10 Jelly Sticks in S\u00fcssorange, glutenfrei. Jetzt bestellen.","og_url":"https:\/\/ecosupplements.ch\/?product=collagen-jelly-beauty-complex-sweet-orange-10-jelly-sticks","og_site_name":"Eco Supplements","article_modified_time":"2026-05-13T07:25:47+00:00","og_image":[{"width":375,"height":600,"url":"https:\/\/ecosupplements.ch\/wp-content\/uploads\/2026\/05\/Collagen-Jelly-Beauty-Complex-Sweet-Orange-10-jelly-sticks.jpg","type":"image\/jpeg"}],"twitter_card":"summary_large_image","twitter_misc":{"Price":"&#67;&#72;&#70;&nbsp;19.66","Availability":"Out of stock"},"schema":{"@context":"https:\/\/schema.org","@graph":[{"@type":"WebPage","@id":"https:\/\/ecosupplements.ch\/?product=collagen-jelly-beauty-complex-sweet-orange-10-jelly-sticks","url":"https:\/\/ecosupplements.ch\/?product=collagen-jelly-beauty-complex-sweet-orange-10-jelly-sticks","name":"Collagen Jelly Beauty Complex Orange \u2013 NOW Foods | ecosupplements.ch","isPartOf":{"@id":"https:\/\/ecosupplements.ch\/#website"},"primaryImageOfPage":{"@id":"https:\/\/ecosupplements.ch\/?product=collagen-jelly-beauty-complex-sweet-orange-10-jelly-sticks#primaryimage"},"image":{"@id":"https:\/\/ecosupplements.ch\/?product=collagen-jelly-beauty-complex-sweet-orange-10-jelly-sticks#primaryimage"},"thumbnailUrl":"https:\/\/ecosupplements.ch\/wp-content\/uploads\/2026\/05\/Collagen-Jelly-Beauty-Complex-Sweet-Orange-10-jelly-sticks.jpg","datePublished":"2026-05-11T14:34:24+00:00","dateModified":"2026-05-13T07:25:47+00:00","description":"NOW Foods Collagen Jelly Beauty Complex mit 2,50 g hydrolysiertem Rinderkollagen pro Stick \u2013 10 Jelly Sticks in S\u00fcssorange, glutenfrei. Jetzt bestellen.","breadcrumb":{"@id":"https:\/\/ecosupplements.ch\/?product=collagen-jelly-beauty-complex-sweet-orange-10-jelly-sticks#breadcrumb"},"inLanguage":"de-CH","potentialAction":[{"@type":"ReadAction","target":["https:\/\/ecosupplements.ch\/?product=collagen-jelly-beauty-complex-sweet-orange-10-jelly-sticks"]}]},{"@type":"ImageObject","inLanguage":"de-CH","@id":"https:\/\/ecosupplements.ch\/?product=collagen-jelly-beauty-complex-sweet-orange-10-jelly-sticks#primaryimage","url":"https:\/\/ecosupplements.ch\/wp-content\/uploads\/2026\/05\/Collagen-Jelly-Beauty-Complex-Sweet-Orange-10-jelly-sticks.jpg","contentUrl":"https:\/\/ecosupplements.ch\/wp-content\/uploads\/2026\/05\/Collagen-Jelly-Beauty-Complex-Sweet-Orange-10-jelly-sticks.jpg","width":375,"height":600,"caption":"Collagen Jelly Beauty Complex"},{"@type":"BreadcrumbList","@id":"https:\/\/ecosupplements.ch\/?product=collagen-jelly-beauty-complex-sweet-orange-10-jelly-sticks#breadcrumb","itemListElement":[{"@type":"ListItem","position":1,"name":"Home","item":"https:\/\/ecosupplements.ch\/"},{"@type":"ListItem","position":2,"name":"Shop","item":"https:\/\/ecosupplements.ch\/?page_id=14"},{"@type":"ListItem","position":3,"name":"Collagen Jelly Beauty Complex, Sweet Orange &#8211; 10 jelly sticks"}]},{"@type":"WebSite","@id":"https:\/\/ecosupplements.ch\/#website","url":"https:\/\/ecosupplements.ch\/","name":"Eco Supplements","description":"","potentialAction":[{"@type":"SearchAction","target":{"@type":"EntryPoint","urlTemplate":"https:\/\/ecosupplements.ch\/?s={search_term_string}"},"query-input":{"@type":"PropertyValueSpecification","valueRequired":true,"valueName":"search_term_string"}}],"inLanguage":"de-CH"}]},"product_price_amount":"19.66","product_price_currency":"CHF","og_availability":"out of stock","product_availability":"out of stock","product_retailer_item_id":"733739078803","product_condition":"new"},"_links":{"self":[{"href":"https:\/\/ecosupplements.ch\/index.php?rest_route=\/wp\/v2\/product\/2157","targetHints":{"allow":["GET"]}}],"collection":[{"href":"https:\/\/ecosupplements.ch\/index.php?rest_route=\/wp\/v2\/product"}],"about":[{"href":"https:\/\/ecosupplements.ch\/index.php?rest_route=\/wp\/v2\/types\/product"}],"replies":[{"embeddable":true,"href":"https:\/\/ecosupplements.ch\/index.php?rest_route=%2Fwp%2Fv2%2Fcomments&post=2157"}],"wp:featuredmedia":[{"embeddable":true,"href":"https:\/\/ecosupplements.ch\/index.php?rest_route=\/wp\/v2\/media\/2158"}],"wp:attachment":[{"href":"https:\/\/ecosupplements.ch\/index.php?rest_route=%2Fwp%2Fv2%2Fmedia&parent=2157"}],"wp:term":[{"taxonomy":"product_brand","embeddable":true,"href":"https:\/\/ecosupplements.ch\/index.php?rest_route=%2Fwp%2Fv2%2Fproduct_brand&post=2157"},{"taxonomy":"product_cat","embeddable":true,"href":"https:\/\/ecosupplements.ch\/index.php?rest_route=%2Fwp%2Fv2%2Fproduct_cat&post=2157"},{"taxonomy":"product_tag","embeddable":true,"href":"https:\/\/ecosupplements.ch\/index.php?rest_route=%2Fwp%2Fv2%2Fproduct_tag&post=2157"}],"curies":[{"name":"wp","href":"https:\/\/api.w.org\/{rel}","templated":true}]}}