{"id":2167,"date":"2026-05-11T14:34:30","date_gmt":"2026-05-11T14:34:30","guid":{"rendered":"https:\/\/ecosupplements.ch\/?product=d-mannose-500mg-240-vcaps"},"modified":"2026-05-13T07:23:01","modified_gmt":"2026-05-13T07:23:01","slug":"d-mannose-500mg-240-vcaps","status":"publish","type":"product","link":"https:\/\/ecosupplements.ch\/?product=d-mannose-500mg-240-vcaps","title":{"rendered":"D-Mannose, 500mg &#8211; 240 vcaps"},"content":{"rendered":"<div class=\"chcg-product-description\">\n<h2 class=\"chcg-heading\">\u00dcber NOW Foods \u2013 D-Mannose, 500mg \u2013 240 Vkaps.<\/h2>\n<div class=\"chcg-intro\">\n<p>D-Mannose ist ein nat\u00fcrlich vorkommendes Einfachzucker, der in kleinen Mengen in verschiedenen Fr\u00fcchten und im menschlichen K\u00f6rper vorkommt. NOW Foods D-Mannose liefert pro Portion 1500 mg reines D-Mannose in praktischen pflanzlichen Kapseln \u2013 ohne unn\u00f6tige Zusatzstoffe.<\/p>\n<p>Das Produkt eignet sich f\u00fcr Erwachsene, die ihren Alltag mit einem hochwertigen Nahrungserg\u00e4nzungsmittel unterst\u00fctzen m\u00f6chten. Die veganen Kapseln aus Hypromellose sind ideal f\u00fcr Menschen, die eine pflanzenbasierte Ern\u00e4hrungsweise bevorzugen.<\/p>\n<p>NOW Foods steht seit Jahrzehnten f\u00fcr hohe Qualit\u00e4tsstandards und produziert nach GMP-Richtlinien (Good Manufacturing Practice). Das Produkt ist frei von Gluten, Laktose und tierischen Inhaltsstoffen.<\/p>\n<\/p><\/div>\n<div class=\"chcg-nutrition\">\n<h3>N\u00e4hrwertangaben<\/h3>\n<table class=\"chcg-nutrition-table\">\n<thead>\n<tr>\n<th>N\u00e4hrstoff<\/th>\n<th>Pro Portion (3 Vkaps.)<\/th>\n<\/tr>\n<\/thead>\n<tbody>\n<tr>\n<td>Kalorien<\/td>\n<td>5<\/td>\n<\/tr>\n<tr>\n<td>Gesamtkohlenhydrate<\/td>\n<td>1,5 g (&lt;1 % des Tagesbedarfs)<\/td>\n<\/tr>\n<tr>\n<td>\u2013 davon Gesamtzucker<\/td>\n<td>1,5 g *<\/td>\n<\/tr>\n<tr>\n<td>D-Mannose<\/td>\n<td>1,5 g \/ 1500 mg *<\/td>\n<\/tr>\n<\/tbody>\n<\/table>\n<p class=\"chcg-footnote\">* Kein festgelegter Tagesbedarf.<\/p>\n<\/p><\/div>\n<div class=\"chcg-ingredients\">\n<h3>Zutaten<\/h3>\n<p>D-Mannose 500 mg. Weitere Zutaten: Hypromellose (Zellulosekapselh\u00fclle), Reismehl, Stearins\u00e4ure (pflanzlicher Herkunft), Magnesiumstearat (pflanzlicher Herkunft) und Siliziumdioxid.<\/p>\n<p class=\"chcg-capsule-shell\">Kapselh\u00fclle: Hypromellose (Zellulosekapselh\u00fclle)<\/p>\n<\/p><\/div>\n<div class=\"chcg-dosage\">\n<h3>Verzehrempfehlung<\/h3>\n<p>3 Kapseln 1- bis 3-mal t\u00e4glich einnehmen. Mit Wasser oder unges\u00fcsstem Saft, wie z. B. unges\u00fcsstem Cranberrysaft, einnehmen.<\/p>\n<\/p><\/div>\n<div class=\"chcg-warnings\">\n<h3>Warnhinweise<\/h3>\n<p>Nur f\u00fcr Erwachsene geeignet. Bei Schwangerschaft oder Stillzeit, bei der Einnahme von Medikamenten oder bei bestehenden gesundheitlichen Beschwerden vor der Einnahme einen Arzt konsultieren. Ausserhalb der Reichweite von Kindern aufbewahren. Nat\u00fcrliche Farbvariationen des Produkts sind m\u00f6glich.<\/p>\n<\/p><\/div>\n<div class=\"chcg-allergens\">\n<h3>Allergeninformationen<\/h3>\n<p>Nicht hergestellt mit Hefe, Weizen, Gluten, Soja, Milch, Ei, Fisch, Schalentieren, Baumn\u00fcssen oder Sesam. Produziert in einer GMP-zertifizierten Anlage, in der andere Zutaten verarbeitet werden, die diese Allergene enthalten k\u00f6nnen.<\/p>\n<\/p><\/div>\n<div class=\"chcg-storage\">\n<h3>Lagerung<\/h3>\n<p>Nach dem \u00d6ffnen an einem k\u00fchlen, trockenen Ort aufbewahren.<\/p>\n<\/p><\/div>\n<div class=\"chcg-dietary\">\n<h3>Ern\u00e4hrungshinweise<\/h3>\n<ul>\n<li>Vegan<\/li>\n<li>Vegetarisch<\/li>\n<li>Glutenfrei<\/li>\n<li>Laktosefrei<\/li>\n<\/ul><\/div>\n<\/div>\n","protected":false},"excerpt":{"rendered":"<p>NOW Foods D-Mannose liefert 1500 mg reines D-Mannose pro Portion in praktischen veganen Kapseln. Packung mit 240 Kapseln (80 Portionen). Vegan, glutenfrei und ohne Laktose.<\/p>\n","protected":false},"featured_media":2168,"comment_status":"closed","ping_status":"open","template":"","meta":[],"product_brand":[207],"product_cat":[48,25,55,102,21],"product_tag":[],"class_list":{"0":"post-2167","1":"product","2":"type-product","3":"status-publish","4":"has-post-thumbnail","6":"product_brand-now-foods","7":"product_cat-gesunde-ernaehrung","8":"product_cat-gesundheit-und-wohlbefinden","9":"product_cat-spezialformel","10":"product_cat-verdauungsgesundheit","11":"product_cat-vitamine-und-mineralstoffe","13":"first","14":"outofstock","15":"taxable","16":"shipping-taxable","17":"purchasable","18":"product-type-simple"},"yoast_head":"<!-- This site is optimized with the Yoast SEO plugin v27.5 - https:\/\/yoast.com\/product\/yoast-seo-wordpress\/ -->\n<title>D-Mannose 500mg, 240 Vkaps. \u2013 NOW Foods | ecosupplements.ch<\/title>\n<meta name=\"description\" content=\"NOW Foods D-Mannose mit 1500 mg pro Portion in 240 veganen Kapseln \u2013 glutenfrei und laktosefrei. Jetzt bestellen.\" \/>\n<meta name=\"robots\" content=\"index, follow, max-snippet:-1, max-image-preview:large, max-video-preview:-1\" \/>\n<link rel=\"canonical\" href=\"https:\/\/ecosupplements.ch\/?product=d-mannose-500mg-240-vcaps\" \/>\n<meta property=\"og:locale\" content=\"de_DE\" \/>\n<meta property=\"og:type\" content=\"article\" \/>\n<meta property=\"og:title\" content=\"D-Mannose 500mg, 240 Vkaps. \u2013 NOW Foods | ecosupplements.ch\" \/>\n<meta property=\"og:description\" content=\"NOW Foods D-Mannose mit 1500 mg pro Portion in 240 veganen Kapseln \u2013 glutenfrei und laktosefrei. Jetzt bestellen.\" \/>\n<meta property=\"og:url\" content=\"https:\/\/ecosupplements.ch\/?product=d-mannose-500mg-240-vcaps\" \/>\n<meta property=\"og:site_name\" content=\"Eco Supplements\" \/>\n<meta property=\"article:modified_time\" content=\"2026-05-13T07:23:01+00:00\" \/>\n<meta property=\"og:image\" content=\"https:\/\/ecosupplements.ch\/wp-content\/uploads\/2026\/05\/D-Mannose-500mg-240-vcaps.jpg\" \/>\n\t<meta property=\"og:image:width\" content=\"542\" \/>\n\t<meta property=\"og:image:height\" content=\"880\" \/>\n\t<meta property=\"og:image:type\" content=\"image\/jpeg\" \/>\n<meta name=\"twitter:card\" content=\"summary_large_image\" \/>\n<meta name=\"twitter:label1\" content=\"Price\" \/>\n\t<meta name=\"twitter:data1\" content=\"&#067;&#072;&#070;&nbsp;43.32\" \/>\n\t<meta name=\"twitter:label2\" content=\"Availability\" \/>\n\t<meta name=\"twitter:data2\" content=\"Out of stock\" \/>\n<script type=\"application\/ld+json\" class=\"yoast-schema-graph\">{\"@context\":\"https:\\\/\\\/schema.org\",\"@graph\":[{\"@type\":\"WebPage\",\"@id\":\"https:\\\/\\\/ecosupplements.ch\\\/?product=d-mannose-500mg-240-vcaps\",\"url\":\"https:\\\/\\\/ecosupplements.ch\\\/?product=d-mannose-500mg-240-vcaps\",\"name\":\"D-Mannose 500mg, 240 Vkaps. \u2013 NOW Foods | ecosupplements.ch\",\"isPartOf\":{\"@id\":\"https:\\\/\\\/ecosupplements.ch\\\/#website\"},\"primaryImageOfPage\":{\"@id\":\"https:\\\/\\\/ecosupplements.ch\\\/?product=d-mannose-500mg-240-vcaps#primaryimage\"},\"image\":{\"@id\":\"https:\\\/\\\/ecosupplements.ch\\\/?product=d-mannose-500mg-240-vcaps#primaryimage\"},\"thumbnailUrl\":\"https:\\\/\\\/ecosupplements.ch\\\/wp-content\\\/uploads\\\/2026\\\/05\\\/D-Mannose-500mg-240-vcaps.jpg\",\"datePublished\":\"2026-05-11T14:34:30+00:00\",\"dateModified\":\"2026-05-13T07:23:01+00:00\",\"description\":\"NOW Foods D-Mannose mit 1500 mg pro Portion in 240 veganen Kapseln \u2013 glutenfrei und laktosefrei. Jetzt bestellen.\",\"breadcrumb\":{\"@id\":\"https:\\\/\\\/ecosupplements.ch\\\/?product=d-mannose-500mg-240-vcaps#breadcrumb\"},\"inLanguage\":\"de-CH\",\"potentialAction\":[{\"@type\":\"ReadAction\",\"target\":[\"https:\\\/\\\/ecosupplements.ch\\\/?product=d-mannose-500mg-240-vcaps\"]}]},{\"@type\":\"ImageObject\",\"inLanguage\":\"de-CH\",\"@id\":\"https:\\\/\\\/ecosupplements.ch\\\/?product=d-mannose-500mg-240-vcaps#primaryimage\",\"url\":\"https:\\\/\\\/ecosupplements.ch\\\/wp-content\\\/uploads\\\/2026\\\/05\\\/D-Mannose-500mg-240-vcaps.jpg\",\"contentUrl\":\"https:\\\/\\\/ecosupplements.ch\\\/wp-content\\\/uploads\\\/2026\\\/05\\\/D-Mannose-500mg-240-vcaps.jpg\",\"width\":542,\"height\":880,\"caption\":\"D-Mannose\"},{\"@type\":\"BreadcrumbList\",\"@id\":\"https:\\\/\\\/ecosupplements.ch\\\/?product=d-mannose-500mg-240-vcaps#breadcrumb\",\"itemListElement\":[{\"@type\":\"ListItem\",\"position\":1,\"name\":\"Home\",\"item\":\"https:\\\/\\\/ecosupplements.ch\\\/\"},{\"@type\":\"ListItem\",\"position\":2,\"name\":\"Shop\",\"item\":\"https:\\\/\\\/ecosupplements.ch\\\/?page_id=14\"},{\"@type\":\"ListItem\",\"position\":3,\"name\":\"D-Mannose, 500mg &#8211; 240 vcaps\"}]},{\"@type\":\"WebSite\",\"@id\":\"https:\\\/\\\/ecosupplements.ch\\\/#website\",\"url\":\"https:\\\/\\\/ecosupplements.ch\\\/\",\"name\":\"Eco Supplements\",\"description\":\"\",\"potentialAction\":[{\"@type\":\"SearchAction\",\"target\":{\"@type\":\"EntryPoint\",\"urlTemplate\":\"https:\\\/\\\/ecosupplements.ch\\\/?s={search_term_string}\"},\"query-input\":{\"@type\":\"PropertyValueSpecification\",\"valueRequired\":true,\"valueName\":\"search_term_string\"}}],\"inLanguage\":\"de-CH\"}]}<\/script>\n<meta property=\"product:price:amount\" content=\"43.32\" \/>\n<meta property=\"product:price:currency\" content=\"CHF\" \/>\n<meta property=\"og:availability\" content=\"out of stock\" \/>\n<meta property=\"product:availability\" content=\"out of stock\" \/>\n<meta property=\"product:retailer_item_id\" content=\"733739028167\" \/>\n<meta property=\"product:condition\" content=\"new\" \/>\n<!-- \/ Yoast SEO plugin. -->","yoast_head_json":{"title":"D-Mannose 500mg, 240 Vkaps. \u2013 NOW Foods | ecosupplements.ch","description":"NOW Foods D-Mannose mit 1500 mg pro Portion in 240 veganen Kapseln \u2013 glutenfrei und laktosefrei. Jetzt bestellen.","robots":{"index":"index","follow":"follow","max-snippet":"max-snippet:-1","max-image-preview":"max-image-preview:large","max-video-preview":"max-video-preview:-1"},"canonical":"https:\/\/ecosupplements.ch\/?product=d-mannose-500mg-240-vcaps","og_locale":"de_DE","og_type":"article","og_title":"D-Mannose 500mg, 240 Vkaps. \u2013 NOW Foods | ecosupplements.ch","og_description":"NOW Foods D-Mannose mit 1500 mg pro Portion in 240 veganen Kapseln \u2013 glutenfrei und laktosefrei. Jetzt bestellen.","og_url":"https:\/\/ecosupplements.ch\/?product=d-mannose-500mg-240-vcaps","og_site_name":"Eco Supplements","article_modified_time":"2026-05-13T07:23:01+00:00","og_image":[{"width":542,"height":880,"url":"https:\/\/ecosupplements.ch\/wp-content\/uploads\/2026\/05\/D-Mannose-500mg-240-vcaps.jpg","type":"image\/jpeg"}],"twitter_card":"summary_large_image","twitter_misc":{"Price":"&#67;&#72;&#70;&nbsp;43.32","Availability":"Out of stock"},"schema":{"@context":"https:\/\/schema.org","@graph":[{"@type":"WebPage","@id":"https:\/\/ecosupplements.ch\/?product=d-mannose-500mg-240-vcaps","url":"https:\/\/ecosupplements.ch\/?product=d-mannose-500mg-240-vcaps","name":"D-Mannose 500mg, 240 Vkaps. \u2013 NOW Foods | ecosupplements.ch","isPartOf":{"@id":"https:\/\/ecosupplements.ch\/#website"},"primaryImageOfPage":{"@id":"https:\/\/ecosupplements.ch\/?product=d-mannose-500mg-240-vcaps#primaryimage"},"image":{"@id":"https:\/\/ecosupplements.ch\/?product=d-mannose-500mg-240-vcaps#primaryimage"},"thumbnailUrl":"https:\/\/ecosupplements.ch\/wp-content\/uploads\/2026\/05\/D-Mannose-500mg-240-vcaps.jpg","datePublished":"2026-05-11T14:34:30+00:00","dateModified":"2026-05-13T07:23:01+00:00","description":"NOW Foods D-Mannose mit 1500 mg pro Portion in 240 veganen Kapseln \u2013 glutenfrei und laktosefrei. Jetzt bestellen.","breadcrumb":{"@id":"https:\/\/ecosupplements.ch\/?product=d-mannose-500mg-240-vcaps#breadcrumb"},"inLanguage":"de-CH","potentialAction":[{"@type":"ReadAction","target":["https:\/\/ecosupplements.ch\/?product=d-mannose-500mg-240-vcaps"]}]},{"@type":"ImageObject","inLanguage":"de-CH","@id":"https:\/\/ecosupplements.ch\/?product=d-mannose-500mg-240-vcaps#primaryimage","url":"https:\/\/ecosupplements.ch\/wp-content\/uploads\/2026\/05\/D-Mannose-500mg-240-vcaps.jpg","contentUrl":"https:\/\/ecosupplements.ch\/wp-content\/uploads\/2026\/05\/D-Mannose-500mg-240-vcaps.jpg","width":542,"height":880,"caption":"D-Mannose"},{"@type":"BreadcrumbList","@id":"https:\/\/ecosupplements.ch\/?product=d-mannose-500mg-240-vcaps#breadcrumb","itemListElement":[{"@type":"ListItem","position":1,"name":"Home","item":"https:\/\/ecosupplements.ch\/"},{"@type":"ListItem","position":2,"name":"Shop","item":"https:\/\/ecosupplements.ch\/?page_id=14"},{"@type":"ListItem","position":3,"name":"D-Mannose, 500mg &#8211; 240 vcaps"}]},{"@type":"WebSite","@id":"https:\/\/ecosupplements.ch\/#website","url":"https:\/\/ecosupplements.ch\/","name":"Eco Supplements","description":"","potentialAction":[{"@type":"SearchAction","target":{"@type":"EntryPoint","urlTemplate":"https:\/\/ecosupplements.ch\/?s={search_term_string}"},"query-input":{"@type":"PropertyValueSpecification","valueRequired":true,"valueName":"search_term_string"}}],"inLanguage":"de-CH"}]},"product_price_amount":"43.32","product_price_currency":"CHF","og_availability":"out of stock","product_availability":"out of stock","product_retailer_item_id":"733739028167","product_condition":"new"},"_links":{"self":[{"href":"https:\/\/ecosupplements.ch\/index.php?rest_route=\/wp\/v2\/product\/2167","targetHints":{"allow":["GET"]}}],"collection":[{"href":"https:\/\/ecosupplements.ch\/index.php?rest_route=\/wp\/v2\/product"}],"about":[{"href":"https:\/\/ecosupplements.ch\/index.php?rest_route=\/wp\/v2\/types\/product"}],"replies":[{"embeddable":true,"href":"https:\/\/ecosupplements.ch\/index.php?rest_route=%2Fwp%2Fv2%2Fcomments&post=2167"}],"wp:featuredmedia":[{"embeddable":true,"href":"https:\/\/ecosupplements.ch\/index.php?rest_route=\/wp\/v2\/media\/2168"}],"wp:attachment":[{"href":"https:\/\/ecosupplements.ch\/index.php?rest_route=%2Fwp%2Fv2%2Fmedia&parent=2167"}],"wp:term":[{"taxonomy":"product_brand","embeddable":true,"href":"https:\/\/ecosupplements.ch\/index.php?rest_route=%2Fwp%2Fv2%2Fproduct_brand&post=2167"},{"taxonomy":"product_cat","embeddable":true,"href":"https:\/\/ecosupplements.ch\/index.php?rest_route=%2Fwp%2Fv2%2Fproduct_cat&post=2167"},{"taxonomy":"product_tag","embeddable":true,"href":"https:\/\/ecosupplements.ch\/index.php?rest_route=%2Fwp%2Fv2%2Fproduct_tag&post=2167"}],"curies":[{"name":"wp","href":"https:\/\/api.w.org\/{rel}","templated":true}]}}