{"id":2186,"date":"2026-05-11T14:34:38","date_gmt":"2026-05-11T14:34:38","guid":{"rendered":"https:\/\/ecosupplements.ch\/?product=essential-oil-lemongrass-oil-30-ml"},"modified":"2026-05-13T07:23:04","modified_gmt":"2026-05-13T07:23:04","slug":"essential-oil-lemongrass-oil-30-ml","status":"publish","type":"product","link":"https:\/\/ecosupplements.ch\/?product=essential-oil-lemongrass-oil-30-ml","title":{"rendered":"Essential Oil, Lemongrass Oil &#8211; 30 ml."},"content":{"rendered":"<div class=\"chcg-product-description\">\n<h2 class=\"chcg-heading\">\u00dcber NOW Foods \u2013 Essential Oil, Lemongrass Oil \u2013 30 ml<\/h2>\n<div class=\"chcg-intro\">\n<p>Das Lemongrass Oil von NOW Foods ist ein reines \u00e4therisches \u00d6l, gewonnen aus <em>Cymbopogon flexuosus<\/em> \u2013 einer der bekanntesten Lemongrass-Arten, die f\u00fcr ihr frisches, zitrusartiges und leicht erdiges Aroma gesch\u00e4tzt wird. Das \u00d6l wird ohne Zusatzstoffe oder Streckmittel abgef\u00fcllt und bietet damit eine naturbelassene Qualit\u00e4t in konzentrierter Form.<\/p>\n<p>Lemongrass-\u00d6l ist ein vielseitiger Begleiter in der Aromatherapie: Sein belebender Duft kann die Raumluft erfrischen und eine angenehme Atmosph\u00e4re schaffen. In Kombination mit anderen \u00e4therischen \u00d6len \u2013 etwa Zitrone oder Eukalyptus \u2013 entfaltet es im Diffuser ein harmonisches und erfrischendes Dufterlebnis.<\/p>\n<p>NOW Foods steht seit Jahrzehnten f\u00fcr Nahrungserg\u00e4nzungsmittel und Naturprodukte, die h\u00f6chsten Qualit\u00e4tsanforderungen gerecht werden. Das Lemongrass-\u00d6l in der praktischen 30-ml-Flasche ist ideal f\u00fcr den regelm\u00e4ssigen Einsatz zu Hause \u2013 ob im Diffuser, bei der K\u00f6rperpflege (verd\u00fcnnt) oder in selbst gemischten Raumsprays.<\/p>\n<\/p><\/div>\n<div class=\"chcg-ingredients\">\n<h3>Zutaten<\/h3>\n<p>Reines Lemongrass-\u00d6l (<em>Cymbopogon flexuosus<\/em>).<\/p>\n<\/p><\/div>\n<div class=\"chcg-dosage\">\n<h3>Verzehrempfehlung<\/h3>\n<p>F\u00fcr die Aromatherapie: 10 Tropfen Lemongrass-\u00d6l, 5 Tropfen Zitronen\u00f6l und 1 Tropfen Eukalyptus\u00f6l in einen Diffuser geben und geniessen. F\u00fcr alle anderen Anwendungen sorgf\u00e4ltig mit einem Tr\u00e4ger\u00f6l wie Jojoba\u00f6l, Traubenkern\u00f6l, Oliven\u00f6l oder Mandel\u00f6l verd\u00fcnnen. Bitte ein Buch \u00fcber \u00e4therische \u00d6le oder eine andere Fachreferenz f\u00fcr empfohlene Verd\u00fcnnungsverh\u00e4ltnisse zu Rate ziehen.<\/p>\n<\/p><\/div>\n<div class=\"chcg-warnings\">\n<h3>Warnhinweise<\/h3>\n<p>Nur f\u00fcr die Aromatherapie bestimmt. F\u00fcr alle anderen Anwendungen sorgf\u00e4ltig mit einem Tr\u00e4ger\u00f6l wie Jojoba\u00f6l, Traubenkern\u00f6l, Oliven\u00f6l oder Mandel\u00f6l verd\u00fcnnen. Bitte ein Buch \u00fcber \u00e4therische \u00d6le oder eine andere Fachreferenz f\u00fcr empfohlene Verd\u00fcnnungsverh\u00e4ltnisse zu Rate ziehen. Nat\u00fcrliche \u00e4therische \u00d6le sind hochkonzentriert und m\u00fcssen mit Vorsicht verwendet werden. Ausserhalb der Reichweite von Kindern aufbewahren. Kontakt mit den Augen vermeiden. W\u00e4hrend der Schwangerschaft oder Stillzeit vor der Anwendung eine Fachperson des Gesundheitswesens konsultieren.<\/p>\n<\/p><\/div>\n<div class=\"chcg-storage\">\n<h3>Lagerung<\/h3>\n<p>Nach der Verwendung von \u00e4therischen \u00d6len die Verschl\u00fcsse sofort fest schliessen, um Oxidation zu verhindern. F\u00fcr beste Ergebnisse bei Raumtemperatur und in der Originalflasche aufbewahren. Lagerung in der N\u00e4he von W\u00e4rmequellen, direkter Sonneneinstrahlung oder in Bereichen mit hoher Luftfeuchtigkeit vermeiden.<\/p>\n<\/p><\/div>\n<div class=\"chcg-dietary\">\n<h3>Ern\u00e4hrungshinweise<\/h3>\n<ul>\n<li>Vegan<\/li>\n<li>Vegetarisch<\/li>\n<li>Glutenfrei<\/li>\n<li>Laktosefrei<\/li>\n<\/ul><\/div>\n<\/div>\n","protected":false},"excerpt":{"rendered":"<p>Reines Lemongrass-\u00d6l (Cymbopogon flexuosus) von NOW Foods f\u00fcr die Aromatherapie \u2013 frisch, zitrusartig und belebend. Erh\u00e4ltlich in der 30-ml-Originalflasche. Vegan, vegetarisch und glutenfrei.<\/p>\n","protected":false},"featured_media":2187,"comment_status":"closed","ping_status":"open","template":"","meta":[],"product_brand":[207],"product_cat":[72,143,48,25,22],"product_tag":[],"class_list":{"0":"post-2186","1":"product","2":"type-product","3":"status-publish","4":"has-post-thumbnail","6":"product_brand-now-foods","7":"product_cat-aetherische-oele","8":"product_cat-aetherisches-oel","9":"product_cat-gesunde-ernaehrung","10":"product_cat-gesundheit-und-wohlbefinden","11":"product_cat-vegane-produkte","13":"first","14":"outofstock","15":"taxable","16":"shipping-taxable","17":"purchasable","18":"product-type-simple"},"yoast_head":"<!-- This site is optimized with the Yoast SEO plugin v27.5 - https:\/\/yoast.com\/product\/yoast-seo-wordpress\/ -->\n<title>Lemongrass Oil Essential Oil 30 ml \u2013 NOW Foods | ecosupplements.ch<\/title>\n<meta name=\"description\" content=\"Reines \u00e4therisches Lemongrass-\u00d6l von NOW Foods \u2013 ideal f\u00fcr den Diffuser oder verd\u00fcnnt zur K\u00f6rperpflege, 30 ml. Jetzt bestellen.\" \/>\n<meta name=\"robots\" content=\"index, follow, max-snippet:-1, max-image-preview:large, max-video-preview:-1\" \/>\n<link rel=\"canonical\" href=\"https:\/\/ecosupplements.ch\/?product=essential-oil-lemongrass-oil-30-ml\" \/>\n<meta property=\"og:locale\" content=\"de_DE\" \/>\n<meta property=\"og:type\" content=\"article\" \/>\n<meta property=\"og:title\" content=\"Lemongrass Oil Essential Oil 30 ml \u2013 NOW Foods | ecosupplements.ch\" \/>\n<meta property=\"og:description\" content=\"Reines \u00e4therisches Lemongrass-\u00d6l von NOW Foods \u2013 ideal f\u00fcr den Diffuser oder verd\u00fcnnt zur K\u00f6rperpflege, 30 ml. Jetzt bestellen.\" \/>\n<meta property=\"og:url\" content=\"https:\/\/ecosupplements.ch\/?product=essential-oil-lemongrass-oil-30-ml\" \/>\n<meta property=\"og:site_name\" content=\"Eco Supplements\" \/>\n<meta property=\"article:modified_time\" content=\"2026-05-13T07:23:04+00:00\" \/>\n<meta property=\"og:image\" content=\"https:\/\/ecosupplements.ch\/wp-content\/uploads\/2026\/05\/Essential-Oil-Lemongrass-Oil-30-ml.jpg\" \/>\n\t<meta property=\"og:image:width\" content=\"800\" \/>\n\t<meta property=\"og:image:height\" content=\"800\" \/>\n\t<meta property=\"og:image:type\" content=\"image\/jpeg\" \/>\n<meta name=\"twitter:card\" content=\"summary_large_image\" \/>\n<meta name=\"twitter:label1\" content=\"Price\" \/>\n\t<meta name=\"twitter:data1\" content=\"&#067;&#072;&#070;&nbsp;6.74\" \/>\n\t<meta name=\"twitter:label2\" content=\"Availability\" \/>\n\t<meta name=\"twitter:data2\" content=\"Out of stock\" \/>\n<script type=\"application\/ld+json\" class=\"yoast-schema-graph\">{\"@context\":\"https:\\\/\\\/schema.org\",\"@graph\":[{\"@type\":\"WebPage\",\"@id\":\"https:\\\/\\\/ecosupplements.ch\\\/?product=essential-oil-lemongrass-oil-30-ml\",\"url\":\"https:\\\/\\\/ecosupplements.ch\\\/?product=essential-oil-lemongrass-oil-30-ml\",\"name\":\"Lemongrass Oil Essential Oil 30 ml \u2013 NOW Foods | ecosupplements.ch\",\"isPartOf\":{\"@id\":\"https:\\\/\\\/ecosupplements.ch\\\/#website\"},\"primaryImageOfPage\":{\"@id\":\"https:\\\/\\\/ecosupplements.ch\\\/?product=essential-oil-lemongrass-oil-30-ml#primaryimage\"},\"image\":{\"@id\":\"https:\\\/\\\/ecosupplements.ch\\\/?product=essential-oil-lemongrass-oil-30-ml#primaryimage\"},\"thumbnailUrl\":\"https:\\\/\\\/ecosupplements.ch\\\/wp-content\\\/uploads\\\/2026\\\/05\\\/Essential-Oil-Lemongrass-Oil-30-ml.jpg\",\"datePublished\":\"2026-05-11T14:34:38+00:00\",\"dateModified\":\"2026-05-13T07:23:04+00:00\",\"description\":\"Reines \u00e4therisches Lemongrass-\u00d6l von NOW Foods \u2013 ideal f\u00fcr den Diffuser oder verd\u00fcnnt zur K\u00f6rperpflege, 30 ml. Jetzt bestellen.\",\"breadcrumb\":{\"@id\":\"https:\\\/\\\/ecosupplements.ch\\\/?product=essential-oil-lemongrass-oil-30-ml#breadcrumb\"},\"inLanguage\":\"de-CH\",\"potentialAction\":[{\"@type\":\"ReadAction\",\"target\":[\"https:\\\/\\\/ecosupplements.ch\\\/?product=essential-oil-lemongrass-oil-30-ml\"]}]},{\"@type\":\"ImageObject\",\"inLanguage\":\"de-CH\",\"@id\":\"https:\\\/\\\/ecosupplements.ch\\\/?product=essential-oil-lemongrass-oil-30-ml#primaryimage\",\"url\":\"https:\\\/\\\/ecosupplements.ch\\\/wp-content\\\/uploads\\\/2026\\\/05\\\/Essential-Oil-Lemongrass-Oil-30-ml.jpg\",\"contentUrl\":\"https:\\\/\\\/ecosupplements.ch\\\/wp-content\\\/uploads\\\/2026\\\/05\\\/Essential-Oil-Lemongrass-Oil-30-ml.jpg\",\"width\":800,\"height\":800,\"caption\":\"Essential Oil\"},{\"@type\":\"BreadcrumbList\",\"@id\":\"https:\\\/\\\/ecosupplements.ch\\\/?product=essential-oil-lemongrass-oil-30-ml#breadcrumb\",\"itemListElement\":[{\"@type\":\"ListItem\",\"position\":1,\"name\":\"Home\",\"item\":\"https:\\\/\\\/ecosupplements.ch\\\/\"},{\"@type\":\"ListItem\",\"position\":2,\"name\":\"Shop\",\"item\":\"https:\\\/\\\/ecosupplements.ch\\\/?page_id=14\"},{\"@type\":\"ListItem\",\"position\":3,\"name\":\"Essential Oil, Lemongrass Oil &#8211; 30 ml.\"}]},{\"@type\":\"WebSite\",\"@id\":\"https:\\\/\\\/ecosupplements.ch\\\/#website\",\"url\":\"https:\\\/\\\/ecosupplements.ch\\\/\",\"name\":\"Eco Supplements\",\"description\":\"\",\"potentialAction\":[{\"@type\":\"SearchAction\",\"target\":{\"@type\":\"EntryPoint\",\"urlTemplate\":\"https:\\\/\\\/ecosupplements.ch\\\/?s={search_term_string}\"},\"query-input\":{\"@type\":\"PropertyValueSpecification\",\"valueRequired\":true,\"valueName\":\"search_term_string\"}}],\"inLanguage\":\"de-CH\"}]}<\/script>\n<meta property=\"product:price:amount\" content=\"6.74\" \/>\n<meta property=\"product:price:currency\" content=\"CHF\" \/>\n<meta property=\"og:availability\" content=\"out of stock\" \/>\n<meta property=\"product:availability\" content=\"out of stock\" \/>\n<meta property=\"product:retailer_item_id\" content=\"733739075826\" \/>\n<meta property=\"product:condition\" content=\"new\" \/>\n<!-- \/ Yoast SEO plugin. -->","yoast_head_json":{"title":"Lemongrass Oil Essential Oil 30 ml \u2013 NOW Foods | ecosupplements.ch","description":"Reines \u00e4therisches Lemongrass-\u00d6l von NOW Foods \u2013 ideal f\u00fcr den Diffuser oder verd\u00fcnnt zur K\u00f6rperpflege, 30 ml. Jetzt bestellen.","robots":{"index":"index","follow":"follow","max-snippet":"max-snippet:-1","max-image-preview":"max-image-preview:large","max-video-preview":"max-video-preview:-1"},"canonical":"https:\/\/ecosupplements.ch\/?product=essential-oil-lemongrass-oil-30-ml","og_locale":"de_DE","og_type":"article","og_title":"Lemongrass Oil Essential Oil 30 ml \u2013 NOW Foods | ecosupplements.ch","og_description":"Reines \u00e4therisches Lemongrass-\u00d6l von NOW Foods \u2013 ideal f\u00fcr den Diffuser oder verd\u00fcnnt zur K\u00f6rperpflege, 30 ml. Jetzt bestellen.","og_url":"https:\/\/ecosupplements.ch\/?product=essential-oil-lemongrass-oil-30-ml","og_site_name":"Eco Supplements","article_modified_time":"2026-05-13T07:23:04+00:00","og_image":[{"width":800,"height":800,"url":"https:\/\/ecosupplements.ch\/wp-content\/uploads\/2026\/05\/Essential-Oil-Lemongrass-Oil-30-ml.jpg","type":"image\/jpeg"}],"twitter_card":"summary_large_image","twitter_misc":{"Price":"&#67;&#72;&#70;&nbsp;6.74","Availability":"Out of stock"},"schema":{"@context":"https:\/\/schema.org","@graph":[{"@type":"WebPage","@id":"https:\/\/ecosupplements.ch\/?product=essential-oil-lemongrass-oil-30-ml","url":"https:\/\/ecosupplements.ch\/?product=essential-oil-lemongrass-oil-30-ml","name":"Lemongrass Oil Essential Oil 30 ml \u2013 NOW Foods | ecosupplements.ch","isPartOf":{"@id":"https:\/\/ecosupplements.ch\/#website"},"primaryImageOfPage":{"@id":"https:\/\/ecosupplements.ch\/?product=essential-oil-lemongrass-oil-30-ml#primaryimage"},"image":{"@id":"https:\/\/ecosupplements.ch\/?product=essential-oil-lemongrass-oil-30-ml#primaryimage"},"thumbnailUrl":"https:\/\/ecosupplements.ch\/wp-content\/uploads\/2026\/05\/Essential-Oil-Lemongrass-Oil-30-ml.jpg","datePublished":"2026-05-11T14:34:38+00:00","dateModified":"2026-05-13T07:23:04+00:00","description":"Reines \u00e4therisches Lemongrass-\u00d6l von NOW Foods \u2013 ideal f\u00fcr den Diffuser oder verd\u00fcnnt zur K\u00f6rperpflege, 30 ml. Jetzt bestellen.","breadcrumb":{"@id":"https:\/\/ecosupplements.ch\/?product=essential-oil-lemongrass-oil-30-ml#breadcrumb"},"inLanguage":"de-CH","potentialAction":[{"@type":"ReadAction","target":["https:\/\/ecosupplements.ch\/?product=essential-oil-lemongrass-oil-30-ml"]}]},{"@type":"ImageObject","inLanguage":"de-CH","@id":"https:\/\/ecosupplements.ch\/?product=essential-oil-lemongrass-oil-30-ml#primaryimage","url":"https:\/\/ecosupplements.ch\/wp-content\/uploads\/2026\/05\/Essential-Oil-Lemongrass-Oil-30-ml.jpg","contentUrl":"https:\/\/ecosupplements.ch\/wp-content\/uploads\/2026\/05\/Essential-Oil-Lemongrass-Oil-30-ml.jpg","width":800,"height":800,"caption":"Essential Oil"},{"@type":"BreadcrumbList","@id":"https:\/\/ecosupplements.ch\/?product=essential-oil-lemongrass-oil-30-ml#breadcrumb","itemListElement":[{"@type":"ListItem","position":1,"name":"Home","item":"https:\/\/ecosupplements.ch\/"},{"@type":"ListItem","position":2,"name":"Shop","item":"https:\/\/ecosupplements.ch\/?page_id=14"},{"@type":"ListItem","position":3,"name":"Essential Oil, Lemongrass Oil &#8211; 30 ml."}]},{"@type":"WebSite","@id":"https:\/\/ecosupplements.ch\/#website","url":"https:\/\/ecosupplements.ch\/","name":"Eco Supplements","description":"","potentialAction":[{"@type":"SearchAction","target":{"@type":"EntryPoint","urlTemplate":"https:\/\/ecosupplements.ch\/?s={search_term_string}"},"query-input":{"@type":"PropertyValueSpecification","valueRequired":true,"valueName":"search_term_string"}}],"inLanguage":"de-CH"}]},"product_price_amount":"6.74","product_price_currency":"CHF","og_availability":"out of stock","product_availability":"out of stock","product_retailer_item_id":"733739075826","product_condition":"new"},"_links":{"self":[{"href":"https:\/\/ecosupplements.ch\/index.php?rest_route=\/wp\/v2\/product\/2186","targetHints":{"allow":["GET"]}}],"collection":[{"href":"https:\/\/ecosupplements.ch\/index.php?rest_route=\/wp\/v2\/product"}],"about":[{"href":"https:\/\/ecosupplements.ch\/index.php?rest_route=\/wp\/v2\/types\/product"}],"replies":[{"embeddable":true,"href":"https:\/\/ecosupplements.ch\/index.php?rest_route=%2Fwp%2Fv2%2Fcomments&post=2186"}],"wp:featuredmedia":[{"embeddable":true,"href":"https:\/\/ecosupplements.ch\/index.php?rest_route=\/wp\/v2\/media\/2187"}],"wp:attachment":[{"href":"https:\/\/ecosupplements.ch\/index.php?rest_route=%2Fwp%2Fv2%2Fmedia&parent=2186"}],"wp:term":[{"taxonomy":"product_brand","embeddable":true,"href":"https:\/\/ecosupplements.ch\/index.php?rest_route=%2Fwp%2Fv2%2Fproduct_brand&post=2186"},{"taxonomy":"product_cat","embeddable":true,"href":"https:\/\/ecosupplements.ch\/index.php?rest_route=%2Fwp%2Fv2%2Fproduct_cat&post=2186"},{"taxonomy":"product_tag","embeddable":true,"href":"https:\/\/ecosupplements.ch\/index.php?rest_route=%2Fwp%2Fv2%2Fproduct_tag&post=2186"}],"curies":[{"name":"wp","href":"https:\/\/api.w.org\/{rel}","templated":true}]}}