{"id":2188,"date":"2026-05-11T14:34:39","date_gmt":"2026-05-11T14:34:39","guid":{"rendered":"https:\/\/ecosupplements.ch\/?product=essential-oil-myrrh-oil-blend-30-ml"},"modified":"2026-05-13T07:23:05","modified_gmt":"2026-05-13T07:23:05","slug":"essential-oil-myrrh-oil-blend-30-ml","status":"publish","type":"product","link":"https:\/\/ecosupplements.ch\/?product=essential-oil-myrrh-oil-blend-30-ml","title":{"rendered":"Essential Oil, Myrrh Oil Blend &#8211; 30 ml."},"content":{"rendered":"<div class=\"chcg-product-description\">\n<h2 class=\"chcg-heading\">\u00dcber NOW Foods \u2013 Essential Oil, Myrrh Oil Blend \u2013 30 ml<\/h2>\n<div class=\"chcg-intro\">\n<p>Die Myrrh Oil Blend von NOW Foods vereint reines Jojoba\u00f6l mit reinem Myrrh\u00f6l zu einer hochwertigen, gebrauchsfertigen Mischung. Myrrhe wird seit Jahrhunderten in der Aromatherapie und f\u00fcr Pflegeanwendungen gesch\u00e4tzt und verleiht dieser Mischung ihren charakteristischen, warmen und erdigen Duft. Das Jojoba\u00f6l dient als sanftes Tr\u00e4ger\u00f6l und macht das Produkt direkt anwendungsbereit.<\/p>\n<p>Die Mischung ist bereits vorgemischt und auf die Haut angewendet werden \u2013 ganz ohne weiteres Verd\u00fcnnen. Dank des praktischen 30-ml-Fl\u00e4schchens l\u00e4sst sich das \u00d6l einfach und sicher aufbewahren und bei Bedarf verwenden. NOW Foods steht seit Jahrzehnten f\u00fcr kompromisslose Qualit\u00e4t und sorgf\u00e4ltig ausgew\u00e4hlte Rohstoffe.<\/p>\n<p>Ob f\u00fcr Aromatherapie-Rituale, Massageanwendungen oder die t\u00e4gliche Hautpflege \u2013 diese Mischung bietet eine vielseitige und nat\u00fcrliche Erg\u00e4nzung f\u00fcr Ihre Wellness-Routine. Bitte beachten Sie die Hinweise zur sachgem\u00e4ssen Anwendung und Lagerung.<\/p>\n<\/p><\/div>\n<div class=\"chcg-ingredients\">\n<h3>Zutaten<\/h3>\n<p>Reines Jojoba\u00f6l &amp; reines Myrrh\u00f6l.<\/p>\n<\/p><\/div>\n<div class=\"chcg-dosage\">\n<h3>Verzehrempfehlung<\/h3>\n<p>Diese Mischung ist bereits vorgemischt und sofort einsatzbereit. Bitte konsultieren Sie ein Buch \u00fcber \u00e4therische \u00d6le oder eine andere Fachquelle f\u00fcr Anwendungsempfehlungen.<\/p>\n<\/p><\/div>\n<div class=\"chcg-warnings\">\n<h3>Warnhinweise<\/h3>\n<p>Ausserhalb der Reichweite von Kindern aufbewahren. Kontakt mit den Augen vermeiden. Bei Schwangerschaft oder Stillzeit vor der Anwendung eine Fachperson des Gesundheitswesens konsultieren. Nicht zur inneren Anwendung geeignet. Nat\u00fcrliche \u00e4therische \u00d6le sind mit Sorgfalt zu handhaben. \u00c4therische \u00d6le, die mit Tr\u00e4ger\u00f6len gemischt sind, k\u00f6nnen Diffuser verstopfen; bitte nach jedem Gebrauch gr\u00fcndlich reinigen.<\/p>\n<\/p><\/div>\n<div class=\"chcg-storage\">\n<h3>Lagerung<\/h3>\n<p>Nach der Verwendung \u00e4therischer \u00d6le den Verschluss sofort fest schliessen, um Oxidation zu vermeiden. F\u00fcr beste Resultate bei Raumtemperatur und im Originalbeh\u00e4lter aufbewahren. Lagerung in der N\u00e4he von W\u00e4rmequellen, direkter Sonneneinstrahlung oder in Bereichen mit hoher Luftfeuchtigkeit wie Badezimmern vermeiden.<\/p>\n<\/p><\/div>\n<div class=\"chcg-dietary\">\n<h3>Ern\u00e4hrungshinweise<\/h3>\n<ul>\n<li>Vegan<\/li>\n<li>Vegetarisch<\/li>\n<\/ul><\/div>\n<\/div>\n","protected":false},"excerpt":{"rendered":"<p>Die Myrrh Oil Blend von NOW Foods ist eine gebrauchsfertige Mischung aus reinem Jojoba\u00f6l und reinem Myrrh\u00f6l \u2013 ideal f\u00fcr Aromatherapie und Pflegeanwendungen. Erh\u00e4ltlich im praktischen 30-ml-Fl\u00e4schchen. Vegan und vegetarisch.<\/p>\n","protected":false},"featured_media":2189,"comment_status":"closed","ping_status":"open","template":"","meta":[],"product_brand":[207],"product_cat":[72,48,25],"product_tag":[],"class_list":{"0":"post-2188","1":"product","2":"type-product","3":"status-publish","4":"has-post-thumbnail","6":"product_brand-now-foods","7":"product_cat-aetherische-oele","8":"product_cat-gesunde-ernaehrung","9":"product_cat-gesundheit-und-wohlbefinden","11":"first","12":"outofstock","13":"taxable","14":"shipping-taxable","15":"purchasable","16":"product-type-simple"},"yoast_head":"<!-- This site is optimized with the Yoast SEO plugin v27.5 - https:\/\/yoast.com\/product\/yoast-seo-wordpress\/ -->\n<title>Essential Oil Myrrh Oil Blend 30 ml \u2013 NOW Foods | ecosupplements.ch<\/title>\n<meta name=\"description\" content=\"Gebrauchsfertige Myrrh Oil Blend von NOW Foods \u2013 reines Jojoba\u00f6l und Myrrh\u00f6l f\u00fcr Aromatherapie und Pflege, 30 ml. Jetzt bestellen.\" \/>\n<meta name=\"robots\" content=\"index, follow, max-snippet:-1, max-image-preview:large, max-video-preview:-1\" \/>\n<link rel=\"canonical\" href=\"https:\/\/ecosupplements.ch\/?product=essential-oil-myrrh-oil-blend-30-ml\" \/>\n<meta property=\"og:locale\" content=\"de_DE\" \/>\n<meta property=\"og:type\" content=\"article\" \/>\n<meta property=\"og:title\" content=\"Essential Oil Myrrh Oil Blend 30 ml \u2013 NOW Foods | ecosupplements.ch\" \/>\n<meta property=\"og:description\" content=\"Gebrauchsfertige Myrrh Oil Blend von NOW Foods \u2013 reines Jojoba\u00f6l und Myrrh\u00f6l f\u00fcr Aromatherapie und Pflege, 30 ml. Jetzt bestellen.\" \/>\n<meta property=\"og:url\" content=\"https:\/\/ecosupplements.ch\/?product=essential-oil-myrrh-oil-blend-30-ml\" \/>\n<meta property=\"og:site_name\" content=\"Eco Supplements\" \/>\n<meta property=\"article:modified_time\" content=\"2026-05-13T07:23:05+00:00\" \/>\n<meta property=\"og:image\" content=\"https:\/\/ecosupplements.ch\/wp-content\/uploads\/2026\/05\/Essential-Oil-Myrrh-Oil-Blend-30-ml.jpg\" \/>\n\t<meta property=\"og:image:width\" content=\"365\" \/>\n\t<meta property=\"og:image:height\" content=\"880\" \/>\n\t<meta property=\"og:image:type\" content=\"image\/jpeg\" \/>\n<meta name=\"twitter:card\" content=\"summary_large_image\" \/>\n<meta name=\"twitter:label1\" content=\"Price\" \/>\n\t<meta name=\"twitter:data1\" content=\"&#067;&#072;&#070;&nbsp;16.17\" \/>\n\t<meta name=\"twitter:label2\" content=\"Availability\" \/>\n\t<meta name=\"twitter:data2\" content=\"Out of stock\" \/>\n<script type=\"application\/ld+json\" class=\"yoast-schema-graph\">{\"@context\":\"https:\\\/\\\/schema.org\",\"@graph\":[{\"@type\":\"WebPage\",\"@id\":\"https:\\\/\\\/ecosupplements.ch\\\/?product=essential-oil-myrrh-oil-blend-30-ml\",\"url\":\"https:\\\/\\\/ecosupplements.ch\\\/?product=essential-oil-myrrh-oil-blend-30-ml\",\"name\":\"Essential Oil Myrrh Oil Blend 30 ml \u2013 NOW Foods | ecosupplements.ch\",\"isPartOf\":{\"@id\":\"https:\\\/\\\/ecosupplements.ch\\\/#website\"},\"primaryImageOfPage\":{\"@id\":\"https:\\\/\\\/ecosupplements.ch\\\/?product=essential-oil-myrrh-oil-blend-30-ml#primaryimage\"},\"image\":{\"@id\":\"https:\\\/\\\/ecosupplements.ch\\\/?product=essential-oil-myrrh-oil-blend-30-ml#primaryimage\"},\"thumbnailUrl\":\"https:\\\/\\\/ecosupplements.ch\\\/wp-content\\\/uploads\\\/2026\\\/05\\\/Essential-Oil-Myrrh-Oil-Blend-30-ml.jpg\",\"datePublished\":\"2026-05-11T14:34:39+00:00\",\"dateModified\":\"2026-05-13T07:23:05+00:00\",\"description\":\"Gebrauchsfertige Myrrh Oil Blend von NOW Foods \u2013 reines Jojoba\u00f6l und Myrrh\u00f6l f\u00fcr Aromatherapie und Pflege, 30 ml. Jetzt bestellen.\",\"breadcrumb\":{\"@id\":\"https:\\\/\\\/ecosupplements.ch\\\/?product=essential-oil-myrrh-oil-blend-30-ml#breadcrumb\"},\"inLanguage\":\"de-CH\",\"potentialAction\":[{\"@type\":\"ReadAction\",\"target\":[\"https:\\\/\\\/ecosupplements.ch\\\/?product=essential-oil-myrrh-oil-blend-30-ml\"]}]},{\"@type\":\"ImageObject\",\"inLanguage\":\"de-CH\",\"@id\":\"https:\\\/\\\/ecosupplements.ch\\\/?product=essential-oil-myrrh-oil-blend-30-ml#primaryimage\",\"url\":\"https:\\\/\\\/ecosupplements.ch\\\/wp-content\\\/uploads\\\/2026\\\/05\\\/Essential-Oil-Myrrh-Oil-Blend-30-ml.jpg\",\"contentUrl\":\"https:\\\/\\\/ecosupplements.ch\\\/wp-content\\\/uploads\\\/2026\\\/05\\\/Essential-Oil-Myrrh-Oil-Blend-30-ml.jpg\",\"width\":365,\"height\":880,\"caption\":\"Essential Oil\"},{\"@type\":\"BreadcrumbList\",\"@id\":\"https:\\\/\\\/ecosupplements.ch\\\/?product=essential-oil-myrrh-oil-blend-30-ml#breadcrumb\",\"itemListElement\":[{\"@type\":\"ListItem\",\"position\":1,\"name\":\"Home\",\"item\":\"https:\\\/\\\/ecosupplements.ch\\\/\"},{\"@type\":\"ListItem\",\"position\":2,\"name\":\"Shop\",\"item\":\"https:\\\/\\\/ecosupplements.ch\\\/?page_id=14\"},{\"@type\":\"ListItem\",\"position\":3,\"name\":\"Essential Oil, Myrrh Oil Blend &#8211; 30 ml.\"}]},{\"@type\":\"WebSite\",\"@id\":\"https:\\\/\\\/ecosupplements.ch\\\/#website\",\"url\":\"https:\\\/\\\/ecosupplements.ch\\\/\",\"name\":\"Eco Supplements\",\"description\":\"\",\"potentialAction\":[{\"@type\":\"SearchAction\",\"target\":{\"@type\":\"EntryPoint\",\"urlTemplate\":\"https:\\\/\\\/ecosupplements.ch\\\/?s={search_term_string}\"},\"query-input\":{\"@type\":\"PropertyValueSpecification\",\"valueRequired\":true,\"valueName\":\"search_term_string\"}}],\"inLanguage\":\"de-CH\"}]}<\/script>\n<meta property=\"product:price:amount\" content=\"16.17\" \/>\n<meta property=\"product:price:currency\" content=\"CHF\" \/>\n<meta property=\"og:availability\" content=\"out of stock\" \/>\n<meta property=\"product:availability\" content=\"out of stock\" \/>\n<meta property=\"product:retailer_item_id\" content=\"733739075437\" \/>\n<meta property=\"product:condition\" content=\"new\" \/>\n<!-- \/ Yoast SEO plugin. -->","yoast_head_json":{"title":"Essential Oil Myrrh Oil Blend 30 ml \u2013 NOW Foods | ecosupplements.ch","description":"Gebrauchsfertige Myrrh Oil Blend von NOW Foods \u2013 reines Jojoba\u00f6l und Myrrh\u00f6l f\u00fcr Aromatherapie und Pflege, 30 ml. Jetzt bestellen.","robots":{"index":"index","follow":"follow","max-snippet":"max-snippet:-1","max-image-preview":"max-image-preview:large","max-video-preview":"max-video-preview:-1"},"canonical":"https:\/\/ecosupplements.ch\/?product=essential-oil-myrrh-oil-blend-30-ml","og_locale":"de_DE","og_type":"article","og_title":"Essential Oil Myrrh Oil Blend 30 ml \u2013 NOW Foods | ecosupplements.ch","og_description":"Gebrauchsfertige Myrrh Oil Blend von NOW Foods \u2013 reines Jojoba\u00f6l und Myrrh\u00f6l f\u00fcr Aromatherapie und Pflege, 30 ml. Jetzt bestellen.","og_url":"https:\/\/ecosupplements.ch\/?product=essential-oil-myrrh-oil-blend-30-ml","og_site_name":"Eco Supplements","article_modified_time":"2026-05-13T07:23:05+00:00","og_image":[{"width":365,"height":880,"url":"https:\/\/ecosupplements.ch\/wp-content\/uploads\/2026\/05\/Essential-Oil-Myrrh-Oil-Blend-30-ml.jpg","type":"image\/jpeg"}],"twitter_card":"summary_large_image","twitter_misc":{"Price":"&#67;&#72;&#70;&nbsp;16.17","Availability":"Out of stock"},"schema":{"@context":"https:\/\/schema.org","@graph":[{"@type":"WebPage","@id":"https:\/\/ecosupplements.ch\/?product=essential-oil-myrrh-oil-blend-30-ml","url":"https:\/\/ecosupplements.ch\/?product=essential-oil-myrrh-oil-blend-30-ml","name":"Essential Oil Myrrh Oil Blend 30 ml \u2013 NOW Foods | ecosupplements.ch","isPartOf":{"@id":"https:\/\/ecosupplements.ch\/#website"},"primaryImageOfPage":{"@id":"https:\/\/ecosupplements.ch\/?product=essential-oil-myrrh-oil-blend-30-ml#primaryimage"},"image":{"@id":"https:\/\/ecosupplements.ch\/?product=essential-oil-myrrh-oil-blend-30-ml#primaryimage"},"thumbnailUrl":"https:\/\/ecosupplements.ch\/wp-content\/uploads\/2026\/05\/Essential-Oil-Myrrh-Oil-Blend-30-ml.jpg","datePublished":"2026-05-11T14:34:39+00:00","dateModified":"2026-05-13T07:23:05+00:00","description":"Gebrauchsfertige Myrrh Oil Blend von NOW Foods \u2013 reines Jojoba\u00f6l und Myrrh\u00f6l f\u00fcr Aromatherapie und Pflege, 30 ml. Jetzt bestellen.","breadcrumb":{"@id":"https:\/\/ecosupplements.ch\/?product=essential-oil-myrrh-oil-blend-30-ml#breadcrumb"},"inLanguage":"de-CH","potentialAction":[{"@type":"ReadAction","target":["https:\/\/ecosupplements.ch\/?product=essential-oil-myrrh-oil-blend-30-ml"]}]},{"@type":"ImageObject","inLanguage":"de-CH","@id":"https:\/\/ecosupplements.ch\/?product=essential-oil-myrrh-oil-blend-30-ml#primaryimage","url":"https:\/\/ecosupplements.ch\/wp-content\/uploads\/2026\/05\/Essential-Oil-Myrrh-Oil-Blend-30-ml.jpg","contentUrl":"https:\/\/ecosupplements.ch\/wp-content\/uploads\/2026\/05\/Essential-Oil-Myrrh-Oil-Blend-30-ml.jpg","width":365,"height":880,"caption":"Essential Oil"},{"@type":"BreadcrumbList","@id":"https:\/\/ecosupplements.ch\/?product=essential-oil-myrrh-oil-blend-30-ml#breadcrumb","itemListElement":[{"@type":"ListItem","position":1,"name":"Home","item":"https:\/\/ecosupplements.ch\/"},{"@type":"ListItem","position":2,"name":"Shop","item":"https:\/\/ecosupplements.ch\/?page_id=14"},{"@type":"ListItem","position":3,"name":"Essential Oil, Myrrh Oil Blend &#8211; 30 ml."}]},{"@type":"WebSite","@id":"https:\/\/ecosupplements.ch\/#website","url":"https:\/\/ecosupplements.ch\/","name":"Eco Supplements","description":"","potentialAction":[{"@type":"SearchAction","target":{"@type":"EntryPoint","urlTemplate":"https:\/\/ecosupplements.ch\/?s={search_term_string}"},"query-input":{"@type":"PropertyValueSpecification","valueRequired":true,"valueName":"search_term_string"}}],"inLanguage":"de-CH"}]},"product_price_amount":"16.17","product_price_currency":"CHF","og_availability":"out of stock","product_availability":"out of stock","product_retailer_item_id":"733739075437","product_condition":"new"},"_links":{"self":[{"href":"https:\/\/ecosupplements.ch\/index.php?rest_route=\/wp\/v2\/product\/2188","targetHints":{"allow":["GET"]}}],"collection":[{"href":"https:\/\/ecosupplements.ch\/index.php?rest_route=\/wp\/v2\/product"}],"about":[{"href":"https:\/\/ecosupplements.ch\/index.php?rest_route=\/wp\/v2\/types\/product"}],"replies":[{"embeddable":true,"href":"https:\/\/ecosupplements.ch\/index.php?rest_route=%2Fwp%2Fv2%2Fcomments&post=2188"}],"wp:featuredmedia":[{"embeddable":true,"href":"https:\/\/ecosupplements.ch\/index.php?rest_route=\/wp\/v2\/media\/2189"}],"wp:attachment":[{"href":"https:\/\/ecosupplements.ch\/index.php?rest_route=%2Fwp%2Fv2%2Fmedia&parent=2188"}],"wp:term":[{"taxonomy":"product_brand","embeddable":true,"href":"https:\/\/ecosupplements.ch\/index.php?rest_route=%2Fwp%2Fv2%2Fproduct_brand&post=2188"},{"taxonomy":"product_cat","embeddable":true,"href":"https:\/\/ecosupplements.ch\/index.php?rest_route=%2Fwp%2Fv2%2Fproduct_cat&post=2188"},{"taxonomy":"product_tag","embeddable":true,"href":"https:\/\/ecosupplements.ch\/index.php?rest_route=%2Fwp%2Fv2%2Fproduct_tag&post=2188"}],"curies":[{"name":"wp","href":"https:\/\/api.w.org\/{rel}","templated":true}]}}