{"id":2212,"date":"2026-05-11T14:34:47","date_gmt":"2026-05-11T14:34:47","guid":{"rendered":"https:\/\/ecosupplements.ch\/?product=glutathione-500mg-120-vcaps"},"modified":"2026-05-13T07:25:25","modified_gmt":"2026-05-13T07:25:25","slug":"glutathione-500mg-120-vcaps","status":"publish","type":"product","link":"https:\/\/ecosupplements.ch\/?product=glutathione-500mg-120-vcaps","title":{"rendered":"Glutathione, 500mg &#8211; 120 vcaps"},"content":{"rendered":"<div class=\"chcg-product-description\">\n<h2 class=\"chcg-heading\">\u00dcber NOW Foods \u2013 Glutathione, 500mg \u2013 120 Vkaps.<\/h2>\n<div class=\"chcg-intro\">\n<p>Glutathion ist eines der wichtigsten k\u00f6rpereigenen Antioxidantien und kommt in nahezu jeder Zelle des menschlichen K\u00f6rpers vor. NOW Foods liefert Glutathion in seiner reduzierten, biologisch aktiven Form \u2013 500 mg pro Kapsel \u2013 und unterst\u00fctzt damit die nat\u00fcrliche antioxidative Schutzfunktion des Organismus.<\/p>\n<p>Die Formel wird durch Mariendistel-Extrakt (standardisiert auf 80 % Silymarin-Flavonoide) sowie Alpha-Lipons\u00e4ure erg\u00e4nzt. Diese Inhaltsstoffe sind ebenfalls f\u00fcr ihre antioxidativen Eigenschaften bekannt und k\u00f6nnen das Glutathion in seiner Wirkung sinnvoll unterst\u00fctzen.<\/p>\n<p>Die Kapseln sind auf pflanzlicher Basis (Hypromellose) hergestellt und f\u00fcr eine vegane sowie glutenfreie Ern\u00e4hrungsweise geeignet. Mit 120 Kapseln pro Packung ist ein dreimonatiger Vorrat enthalten.<\/p>\n<\/p><\/div>\n<div class=\"chcg-nutrition\">\n<h3>N\u00e4hrwertangaben<\/h3>\n<table class=\"chcg-nutrition-table\">\n<thead>\n<tr>\n<th>N\u00e4hrstoff<\/th>\n<th>Pro Portion (1 Veg. Kapsel)<\/th>\n<\/tr>\n<\/thead>\n<tbody>\n<tr>\n<td>Glutathion (reduzierte Form)<\/td>\n<td>500 mg*<\/td>\n<\/tr>\n<tr>\n<td>Mariendistel-Extrakt (<em>Silybum marianum<\/em>) (Frucht\/Samen) (standardisiert auf 80 % Silymarin-Flavonoide)<\/td>\n<td>100 mg*<\/td>\n<\/tr>\n<tr>\n<td>Alpha-Lipons\u00e4ure<\/td>\n<td>50 mg*<\/td>\n<\/tr>\n<\/tbody>\n<\/table>\n<p class=\"chcg-footnote\">* Kein etablierter t\u00e4glicher Referenzwert vorhanden.<\/p>\n<\/p><\/div>\n<div class=\"chcg-ingredients\">\n<h3>Zutaten<\/h3>\n<p>Glutathion (reduzierte Form) 500 mg, Mariendistel-Extrakt (<em>Silybum marianum<\/em>) (Frucht\/Samen) (standardisiert auf 80 % Silymarin-Flavonoide) 100 mg, Alpha-Lipons\u00e4ure 50 mg. Weitere Zutaten: Hypromellose (Zellulosekapselh\u00fclle), mikrokristalline Zellulose, Magnesiumstearat (pflanzlicher Ursprung) und Siliziumdioxid.<\/p>\n<p class=\"chcg-capsule-shell\">Kapselh\u00fclle: Hypromellose (Zellulosekapselh\u00fclle)<\/p>\n<\/p><\/div>\n<div class=\"chcg-dosage\">\n<h3>Verzehrempfehlung<\/h3>\n<p>T\u00e4glich 1 Kapsel einnehmen, vorzugsweise auf n\u00fcchternen Magen.<\/p>\n<\/p><\/div>\n<div class=\"chcg-warnings\">\n<h3>Warnhinweise<\/h3>\n<p>Nur f\u00fcr Erwachsene geeignet. Bei Schwangerschaft oder Stillzeit, bei der Einnahme von Medikamenten oder bei bestehenden gesundheitlichen Beschwerden ist vor der Einnahme eine \u00c4rztin oder ein Arzt zu konsultieren. Ausserhalb der Reichweite von Kindern aufbewahren.<\/p>\n<\/p><\/div>\n<div class=\"chcg-allergens\">\n<h3>Allergeninformationen<\/h3>\n<p>Nicht hergestellt mit Weizen, Gluten, Soja, Milch, Ei, Fisch, Schalentieren, Baumn\u00fcssen oder Sesam als Zutaten. Produziert in einem GMP-zertifizierten Betrieb, der auch andere Zutaten verarbeitet, welche diese Allergene enthalten k\u00f6nnen.<\/p>\n<\/p><\/div>\n<div class=\"chcg-storage\">\n<h3>Lagerung<\/h3>\n<p>Nach dem \u00d6ffnen an einem k\u00fchlen, trockenen Ort aufbewahren.<\/p>\n<\/p><\/div>\n<div class=\"chcg-dietary\">\n<h3>Ern\u00e4hrungshinweise<\/h3>\n<ul>\n<li>Vegan<\/li>\n<li>Vegetarisch<\/li>\n<li>Glutenfrei<\/li>\n<li>Laktosefrei<\/li>\n<\/ul><\/div>\n<\/div>\n","protected":false},"excerpt":{"rendered":"<p>NOW Foods Glutathion in der biologisch aktiven reduzierten Form, erg\u00e4nzt mit Mariendistel-Extrakt und Alpha-Lipons\u00e4ure. 120 vegane Kapseln \u00e0 500 mg \u2013 vegan und glutenfrei.<\/p>\n","protected":false},"featured_media":2213,"comment_status":"closed","ping_status":"open","template":"","meta":[],"product_brand":[207],"product_cat":[514,34,90,48,25,519,169,21],"product_tag":[],"class_list":{"0":"post-2212","1":"product","2":"type-product","3":"status-publish","4":"has-post-thumbnail","6":"product_brand-now-foods","7":"product_cat-aminosaeuren-und-bcaas","8":"product_cat-antioxidantien","9":"product_cat-fitness-training","10":"product_cat-gesunde-ernaehrung","11":"product_cat-gesundheit-und-wohlbefinden","12":"product_cat-glutamin-aminosaeuren-und-bcaas","13":"product_cat-nordische-vitalitaet","14":"product_cat-vitamine-und-mineralstoffe","16":"first","17":"outofstock","18":"taxable","19":"shipping-taxable","20":"purchasable","21":"product-type-simple"},"yoast_head":"<!-- This site is optimized with the Yoast SEO plugin v27.5 - https:\/\/yoast.com\/product\/yoast-seo-wordpress\/ -->\n<title>Glutathione 500mg \u2013 NOW Foods | ecosupplements.ch<\/title>\n<meta name=\"description\" content=\"NOW Foods Glutathion 500mg in reduzierter Form \u2013 120 vegane Kapseln mit Mariendistel und Alpha-Lipons\u00e4ure. Jetzt bestellen.\" \/>\n<meta name=\"robots\" content=\"index, follow, max-snippet:-1, max-image-preview:large, max-video-preview:-1\" \/>\n<link rel=\"canonical\" href=\"https:\/\/ecosupplements.ch\/?product=glutathione-500mg-120-vcaps\" \/>\n<meta property=\"og:locale\" content=\"de_DE\" \/>\n<meta property=\"og:type\" content=\"article\" \/>\n<meta property=\"og:title\" content=\"Glutathione 500mg \u2013 NOW Foods | ecosupplements.ch\" \/>\n<meta property=\"og:description\" content=\"NOW Foods Glutathion 500mg in reduzierter Form \u2013 120 vegane Kapseln mit Mariendistel und Alpha-Lipons\u00e4ure. Jetzt bestellen.\" \/>\n<meta property=\"og:url\" content=\"https:\/\/ecosupplements.ch\/?product=glutathione-500mg-120-vcaps\" \/>\n<meta property=\"og:site_name\" content=\"Eco Supplements\" \/>\n<meta property=\"article:modified_time\" content=\"2026-05-13T07:25:25+00:00\" \/>\n<meta property=\"og:image\" content=\"https:\/\/ecosupplements.ch\/wp-content\/uploads\/2026\/05\/Glutathione-500mg-120-vcaps.png\" \/>\n\t<meta property=\"og:image:width\" content=\"468\" \/>\n\t<meta property=\"og:image:height\" content=\"880\" \/>\n\t<meta property=\"og:image:type\" content=\"image\/jpeg\" \/>\n<meta name=\"twitter:card\" content=\"summary_large_image\" \/>\n<meta name=\"twitter:label1\" content=\"Price\" \/>\n\t<meta name=\"twitter:data1\" content=\"&#067;&#072;&#070;&nbsp;55.88\" \/>\n\t<meta name=\"twitter:label2\" content=\"Availability\" \/>\n\t<meta name=\"twitter:data2\" content=\"Out of stock\" \/>\n<script type=\"application\/ld+json\" class=\"yoast-schema-graph\">{\"@context\":\"https:\\\/\\\/schema.org\",\"@graph\":[{\"@type\":\"WebPage\",\"@id\":\"https:\\\/\\\/ecosupplements.ch\\\/?product=glutathione-500mg-120-vcaps\",\"url\":\"https:\\\/\\\/ecosupplements.ch\\\/?product=glutathione-500mg-120-vcaps\",\"name\":\"Glutathione 500mg \u2013 NOW Foods | ecosupplements.ch\",\"isPartOf\":{\"@id\":\"https:\\\/\\\/ecosupplements.ch\\\/#website\"},\"primaryImageOfPage\":{\"@id\":\"https:\\\/\\\/ecosupplements.ch\\\/?product=glutathione-500mg-120-vcaps#primaryimage\"},\"image\":{\"@id\":\"https:\\\/\\\/ecosupplements.ch\\\/?product=glutathione-500mg-120-vcaps#primaryimage\"},\"thumbnailUrl\":\"https:\\\/\\\/ecosupplements.ch\\\/wp-content\\\/uploads\\\/2026\\\/05\\\/Glutathione-500mg-120-vcaps.png\",\"datePublished\":\"2026-05-11T14:34:47+00:00\",\"dateModified\":\"2026-05-13T07:25:25+00:00\",\"description\":\"NOW Foods Glutathion 500mg in reduzierter Form \u2013 120 vegane Kapseln mit Mariendistel und Alpha-Lipons\u00e4ure. Jetzt bestellen.\",\"breadcrumb\":{\"@id\":\"https:\\\/\\\/ecosupplements.ch\\\/?product=glutathione-500mg-120-vcaps#breadcrumb\"},\"inLanguage\":\"de-CH\",\"potentialAction\":[{\"@type\":\"ReadAction\",\"target\":[\"https:\\\/\\\/ecosupplements.ch\\\/?product=glutathione-500mg-120-vcaps\"]}]},{\"@type\":\"ImageObject\",\"inLanguage\":\"de-CH\",\"@id\":\"https:\\\/\\\/ecosupplements.ch\\\/?product=glutathione-500mg-120-vcaps#primaryimage\",\"url\":\"https:\\\/\\\/ecosupplements.ch\\\/wp-content\\\/uploads\\\/2026\\\/05\\\/Glutathione-500mg-120-vcaps.png\",\"contentUrl\":\"https:\\\/\\\/ecosupplements.ch\\\/wp-content\\\/uploads\\\/2026\\\/05\\\/Glutathione-500mg-120-vcaps.png\",\"width\":468,\"height\":880,\"caption\":\"Glutathione\"},{\"@type\":\"BreadcrumbList\",\"@id\":\"https:\\\/\\\/ecosupplements.ch\\\/?product=glutathione-500mg-120-vcaps#breadcrumb\",\"itemListElement\":[{\"@type\":\"ListItem\",\"position\":1,\"name\":\"Home\",\"item\":\"https:\\\/\\\/ecosupplements.ch\\\/\"},{\"@type\":\"ListItem\",\"position\":2,\"name\":\"Shop\",\"item\":\"https:\\\/\\\/ecosupplements.ch\\\/?page_id=14\"},{\"@type\":\"ListItem\",\"position\":3,\"name\":\"Glutathione, 500mg &#8211; 120 vcaps\"}]},{\"@type\":\"WebSite\",\"@id\":\"https:\\\/\\\/ecosupplements.ch\\\/#website\",\"url\":\"https:\\\/\\\/ecosupplements.ch\\\/\",\"name\":\"Eco Supplements\",\"description\":\"\",\"potentialAction\":[{\"@type\":\"SearchAction\",\"target\":{\"@type\":\"EntryPoint\",\"urlTemplate\":\"https:\\\/\\\/ecosupplements.ch\\\/?s={search_term_string}\"},\"query-input\":{\"@type\":\"PropertyValueSpecification\",\"valueRequired\":true,\"valueName\":\"search_term_string\"}}],\"inLanguage\":\"de-CH\"}]}<\/script>\n<meta property=\"product:price:amount\" content=\"55.88\" \/>\n<meta property=\"product:price:currency\" content=\"CHF\" \/>\n<meta property=\"og:availability\" content=\"out of stock\" \/>\n<meta property=\"product:availability\" content=\"out of stock\" \/>\n<meta property=\"product:retailer_item_id\" content=\"733739001764\" \/>\n<meta property=\"product:condition\" content=\"new\" \/>\n<!-- \/ Yoast SEO plugin. -->","yoast_head_json":{"title":"Glutathione 500mg \u2013 NOW Foods | ecosupplements.ch","description":"NOW Foods Glutathion 500mg in reduzierter Form \u2013 120 vegane Kapseln mit Mariendistel und Alpha-Lipons\u00e4ure. Jetzt bestellen.","robots":{"index":"index","follow":"follow","max-snippet":"max-snippet:-1","max-image-preview":"max-image-preview:large","max-video-preview":"max-video-preview:-1"},"canonical":"https:\/\/ecosupplements.ch\/?product=glutathione-500mg-120-vcaps","og_locale":"de_DE","og_type":"article","og_title":"Glutathione 500mg \u2013 NOW Foods | ecosupplements.ch","og_description":"NOW Foods Glutathion 500mg in reduzierter Form \u2013 120 vegane Kapseln mit Mariendistel und Alpha-Lipons\u00e4ure. Jetzt bestellen.","og_url":"https:\/\/ecosupplements.ch\/?product=glutathione-500mg-120-vcaps","og_site_name":"Eco Supplements","article_modified_time":"2026-05-13T07:25:25+00:00","og_image":[{"width":468,"height":880,"url":"https:\/\/ecosupplements.ch\/wp-content\/uploads\/2026\/05\/Glutathione-500mg-120-vcaps.png","type":"image\/jpeg"}],"twitter_card":"summary_large_image","twitter_misc":{"Price":"&#67;&#72;&#70;&nbsp;55.88","Availability":"Out of stock"},"schema":{"@context":"https:\/\/schema.org","@graph":[{"@type":"WebPage","@id":"https:\/\/ecosupplements.ch\/?product=glutathione-500mg-120-vcaps","url":"https:\/\/ecosupplements.ch\/?product=glutathione-500mg-120-vcaps","name":"Glutathione 500mg \u2013 NOW Foods | ecosupplements.ch","isPartOf":{"@id":"https:\/\/ecosupplements.ch\/#website"},"primaryImageOfPage":{"@id":"https:\/\/ecosupplements.ch\/?product=glutathione-500mg-120-vcaps#primaryimage"},"image":{"@id":"https:\/\/ecosupplements.ch\/?product=glutathione-500mg-120-vcaps#primaryimage"},"thumbnailUrl":"https:\/\/ecosupplements.ch\/wp-content\/uploads\/2026\/05\/Glutathione-500mg-120-vcaps.png","datePublished":"2026-05-11T14:34:47+00:00","dateModified":"2026-05-13T07:25:25+00:00","description":"NOW Foods Glutathion 500mg in reduzierter Form \u2013 120 vegane Kapseln mit Mariendistel und Alpha-Lipons\u00e4ure. Jetzt bestellen.","breadcrumb":{"@id":"https:\/\/ecosupplements.ch\/?product=glutathione-500mg-120-vcaps#breadcrumb"},"inLanguage":"de-CH","potentialAction":[{"@type":"ReadAction","target":["https:\/\/ecosupplements.ch\/?product=glutathione-500mg-120-vcaps"]}]},{"@type":"ImageObject","inLanguage":"de-CH","@id":"https:\/\/ecosupplements.ch\/?product=glutathione-500mg-120-vcaps#primaryimage","url":"https:\/\/ecosupplements.ch\/wp-content\/uploads\/2026\/05\/Glutathione-500mg-120-vcaps.png","contentUrl":"https:\/\/ecosupplements.ch\/wp-content\/uploads\/2026\/05\/Glutathione-500mg-120-vcaps.png","width":468,"height":880,"caption":"Glutathione"},{"@type":"BreadcrumbList","@id":"https:\/\/ecosupplements.ch\/?product=glutathione-500mg-120-vcaps#breadcrumb","itemListElement":[{"@type":"ListItem","position":1,"name":"Home","item":"https:\/\/ecosupplements.ch\/"},{"@type":"ListItem","position":2,"name":"Shop","item":"https:\/\/ecosupplements.ch\/?page_id=14"},{"@type":"ListItem","position":3,"name":"Glutathione, 500mg &#8211; 120 vcaps"}]},{"@type":"WebSite","@id":"https:\/\/ecosupplements.ch\/#website","url":"https:\/\/ecosupplements.ch\/","name":"Eco Supplements","description":"","potentialAction":[{"@type":"SearchAction","target":{"@type":"EntryPoint","urlTemplate":"https:\/\/ecosupplements.ch\/?s={search_term_string}"},"query-input":{"@type":"PropertyValueSpecification","valueRequired":true,"valueName":"search_term_string"}}],"inLanguage":"de-CH"}]},"product_price_amount":"55.88","product_price_currency":"CHF","og_availability":"out of stock","product_availability":"out of stock","product_retailer_item_id":"733739001764","product_condition":"new"},"_links":{"self":[{"href":"https:\/\/ecosupplements.ch\/index.php?rest_route=\/wp\/v2\/product\/2212","targetHints":{"allow":["GET"]}}],"collection":[{"href":"https:\/\/ecosupplements.ch\/index.php?rest_route=\/wp\/v2\/product"}],"about":[{"href":"https:\/\/ecosupplements.ch\/index.php?rest_route=\/wp\/v2\/types\/product"}],"replies":[{"embeddable":true,"href":"https:\/\/ecosupplements.ch\/index.php?rest_route=%2Fwp%2Fv2%2Fcomments&post=2212"}],"wp:featuredmedia":[{"embeddable":true,"href":"https:\/\/ecosupplements.ch\/index.php?rest_route=\/wp\/v2\/media\/2213"}],"wp:attachment":[{"href":"https:\/\/ecosupplements.ch\/index.php?rest_route=%2Fwp%2Fv2%2Fmedia&parent=2212"}],"wp:term":[{"taxonomy":"product_brand","embeddable":true,"href":"https:\/\/ecosupplements.ch\/index.php?rest_route=%2Fwp%2Fv2%2Fproduct_brand&post=2212"},{"taxonomy":"product_cat","embeddable":true,"href":"https:\/\/ecosupplements.ch\/index.php?rest_route=%2Fwp%2Fv2%2Fproduct_cat&post=2212"},{"taxonomy":"product_tag","embeddable":true,"href":"https:\/\/ecosupplements.ch\/index.php?rest_route=%2Fwp%2Fv2%2Fproduct_tag&post=2212"}],"curies":[{"name":"wp","href":"https:\/\/api.w.org\/{rel}","templated":true}]}}