{"id":2226,"date":"2026-05-11T14:34:52","date_gmt":"2026-05-11T14:34:52","guid":{"rendered":"https:\/\/ecosupplements.ch\/?product=l-citrulline-pure-powder-113g"},"modified":"2026-05-13T07:23:11","modified_gmt":"2026-05-13T07:23:11","slug":"l-citrulline-pure-powder-113g","status":"publish","type":"product","link":"https:\/\/ecosupplements.ch\/?product=l-citrulline-pure-powder-113g","title":{"rendered":"L-Citrulline, Pure Powder &#8211; 113g"},"content":{"rendered":"<div class=\"chcg-product-description\">\n<h2 class=\"chcg-heading\">\u00dcber NOW Foods \u2013 L-Citrulline, Reines Pulver \u2013 113g<\/h2>\n<div class=\"chcg-intro\">\n<p>L-Citrullin ist eine nat\u00fcrlich vorkommende Aminos\u00e4ure, die im K\u00f6rper eine wichtige Rolle im Harnstoffzyklus spielt und zur normalen Stickstoffverwertung beitr\u00e4gt. NOW Foods bietet dieses Produkt in reiner Pulverform an \u2013 ohne Zusatzstoffe, ohne F\u00fcllstoffe, nur die Wirksubstanz selbst. Die praktische Pulverform erlaubt eine flexible Dosierung und l\u00e4sst sich einfach in Wasser oder Getr\u00e4nke einr\u00fchren.<\/p>\n<p>Das L-Citrullin-Pulver von NOW Foods enth\u00e4lt pro Portion (ca. 1,5 g) ausschliesslich reines L-Citrullin, ohne weitere Zutaten. Die Dose mit 113 g Inhalt ergibt rund 75 Portionen und bietet damit ein ausgezeichnetes Preis-Leistungs-Verh\u00e4ltnis f\u00fcr eine langfristige Anwendung.<\/p>\n<p>NOW Foods steht seit Jahrzehnten f\u00fcr hohe Qualit\u00e4tsstandards in der Nahrungserg\u00e4nzungsmittelbranche. Dieses Produkt wird in einer GMP-zertifizierten Anlage hergestellt und ist vegan, vegetarisch sowie frei von Gluten und Laktose.<\/p>\n<\/p><\/div>\n<div class=\"chcg-nutrition\">\n<h3>N\u00e4hrwertangaben<\/h3>\n<table class=\"chcg-nutrition-table\">\n<thead>\n<tr>\n<th>N\u00e4hrstoff<\/th>\n<th>Pro Portion (ca. 1,5 g)<\/th>\n<\/tr>\n<\/thead>\n<tbody>\n<tr>\n<td>Kalorien<\/td>\n<td>5 kcal<\/td>\n<\/tr>\n<tr>\n<td>L-Citrullin<\/td>\n<td>1,5 g (1 500 mg)*<\/td>\n<\/tr>\n<\/tbody>\n<\/table>\n<p class=\"chcg-footnote\">* Kein festgelegter Tagesbedarf.<\/p>\n<p class=\"chcg-footnote\">Portionsgr\u00f6sse: \u00bd gestrichener Teel\u00f6ffel (ca. 1,5 g) | Portionen pro Beh\u00e4lter: ca. 75<\/p>\n<\/p><\/div>\n<div class=\"chcg-ingredients\">\n<h3>Zutaten<\/h3>\n<p>L-Citrullin. Weitere Zutaten: Keine.<\/p>\n<\/p><\/div>\n<div class=\"chcg-dosage\">\n<h3>Verzehrempfehlung<\/h3>\n<p>T\u00e4glich 1 bis 2 Mal einen halben gestrichenen Teel\u00f6ffel zwischen den Mahlzeiten einnehmen.<\/p>\n<\/p><\/div>\n<div class=\"chcg-warnings\">\n<h3>Warnhinweise<\/h3>\n<p>Nur f\u00fcr Erwachsene. Vor der Einnahme einen Arzt konsultieren, wenn Sie schwanger sind oder stillen, Medikamente einnehmen (insbesondere Blutdruckmittel, Nitrate oder andere gef\u00e4sserweiternde Mittel) oder an einer Erkrankung leiden (insbesondere bei abnormalem Blutdruck). Ausserhalb der Reichweite von Kindern aufbewahren. Das beiliegende Frischhaltepaket nicht essen. Nat\u00fcrliche Farbvariationen k\u00f6nnen in diesem Produkt vorkommen. Dieses Produkt wird nach Gewicht und nicht nach Volumen verkauft.<\/p>\n<\/p><\/div>\n<div class=\"chcg-allergens\">\n<h3>Allergeninformationen<\/h3>\n<p>Nicht hergestellt mit Weizen, Gluten, Soja, Milch, Ei, Fisch, Schalentieren, Baumn\u00fcssen oder Sesam. Produziert in einer GMP-Anlage, die andere Zutaten verarbeitet, welche diese Allergene enthalten k\u00f6nnen.<\/p>\n<\/p><\/div>\n<div class=\"chcg-storage\">\n<h3>Lagerung<\/h3>\n<p>Nach dem \u00d6ffnen an einem k\u00fchlen, trockenen Ort aufbewahren.<\/p>\n<\/p><\/div>\n<div class=\"chcg-dietary\">\n<h3>Ern\u00e4hrungshinweise<\/h3>\n<ul>\n<li>Vegan<\/li>\n<li>Vegetarisch<\/li>\n<li>Glutenfrei<\/li>\n<li>Laktosefrei<\/li>\n<\/ul><\/div>\n<\/div>\n","protected":false},"excerpt":{"rendered":"<p>Reines L-Citrullin-Pulver von NOW Foods \u2013 ohne Zusatzstoffe, vegan und glutenfrei. Pro Portion (ca. 1,5 g) ausschliesslich L-Citrullin. Dose mit 113 g f\u00fcr ca. 75 Portionen.<\/p>\n","protected":false},"featured_media":2227,"comment_status":"closed","ping_status":"open","template":"","meta":[],"product_brand":[207],"product_cat":[517,514,90,48,25,518],"product_tag":[],"class_list":{"0":"post-2226","1":"product","2":"type-product","3":"status-publish","4":"has-post-thumbnail","6":"product_brand-now-foods","7":"product_cat-aminosaeuremischungen-aminosaeuren-und-bcaas","8":"product_cat-aminosaeuren-und-bcaas","9":"product_cat-fitness-training","10":"product_cat-gesunde-ernaehrung","11":"product_cat-gesundheit-und-wohlbefinden","12":"product_cat-l-arginin-aminosaeuren-und-bcaas","14":"first","15":"outofstock","16":"taxable","17":"shipping-taxable","18":"purchasable","19":"product-type-simple"},"yoast_head":"<!-- This site is optimized with the Yoast SEO plugin v27.5 - https:\/\/yoast.com\/product\/yoast-seo-wordpress\/ -->\n<title>L-Citrulline Reines Pulver 113g \u2013 NOW Foods | ecosupplements.ch<\/title>\n<meta name=\"description\" content=\"Reines L-Citrullin-Pulver von NOW Foods, vegan und glutenfrei, ca. 75 Portionen \u00e0 1,5 g. Jetzt bestellen.\" \/>\n<meta name=\"robots\" content=\"index, follow, max-snippet:-1, max-image-preview:large, max-video-preview:-1\" \/>\n<link rel=\"canonical\" href=\"https:\/\/ecosupplements.ch\/?product=l-citrulline-pure-powder-113g\" \/>\n<meta property=\"og:locale\" content=\"de_DE\" \/>\n<meta property=\"og:type\" content=\"article\" \/>\n<meta property=\"og:title\" content=\"L-Citrulline Reines Pulver 113g \u2013 NOW Foods | ecosupplements.ch\" \/>\n<meta property=\"og:description\" content=\"Reines L-Citrullin-Pulver von NOW Foods, vegan und glutenfrei, ca. 75 Portionen \u00e0 1,5 g. Jetzt bestellen.\" \/>\n<meta property=\"og:url\" content=\"https:\/\/ecosupplements.ch\/?product=l-citrulline-pure-powder-113g\" \/>\n<meta property=\"og:site_name\" content=\"Eco Supplements\" \/>\n<meta property=\"article:modified_time\" content=\"2026-05-13T07:23:11+00:00\" \/>\n<meta property=\"og:image\" content=\"https:\/\/ecosupplements.ch\/wp-content\/uploads\/2026\/05\/L-Citrulline-Pure-Powder-113g.jpg\" \/>\n\t<meta property=\"og:image:width\" content=\"471\" \/>\n\t<meta property=\"og:image:height\" content=\"880\" \/>\n\t<meta property=\"og:image:type\" content=\"image\/jpeg\" \/>\n<meta name=\"twitter:card\" content=\"summary_large_image\" \/>\n<meta name=\"twitter:label1\" content=\"Price\" \/>\n\t<meta name=\"twitter:data1\" content=\"&#067;&#072;&#070;&nbsp;24.37\" \/>\n\t<meta name=\"twitter:label2\" content=\"Availability\" \/>\n\t<meta name=\"twitter:data2\" content=\"Out of stock\" \/>\n<script type=\"application\/ld+json\" class=\"yoast-schema-graph\">{\"@context\":\"https:\\\/\\\/schema.org\",\"@graph\":[{\"@type\":\"WebPage\",\"@id\":\"https:\\\/\\\/ecosupplements.ch\\\/?product=l-citrulline-pure-powder-113g\",\"url\":\"https:\\\/\\\/ecosupplements.ch\\\/?product=l-citrulline-pure-powder-113g\",\"name\":\"L-Citrulline Reines Pulver 113g \u2013 NOW Foods | ecosupplements.ch\",\"isPartOf\":{\"@id\":\"https:\\\/\\\/ecosupplements.ch\\\/#website\"},\"primaryImageOfPage\":{\"@id\":\"https:\\\/\\\/ecosupplements.ch\\\/?product=l-citrulline-pure-powder-113g#primaryimage\"},\"image\":{\"@id\":\"https:\\\/\\\/ecosupplements.ch\\\/?product=l-citrulline-pure-powder-113g#primaryimage\"},\"thumbnailUrl\":\"https:\\\/\\\/ecosupplements.ch\\\/wp-content\\\/uploads\\\/2026\\\/05\\\/L-Citrulline-Pure-Powder-113g.jpg\",\"datePublished\":\"2026-05-11T14:34:52+00:00\",\"dateModified\":\"2026-05-13T07:23:11+00:00\",\"description\":\"Reines L-Citrullin-Pulver von NOW Foods, vegan und glutenfrei, ca. 75 Portionen \u00e0 1,5 g. Jetzt bestellen.\",\"breadcrumb\":{\"@id\":\"https:\\\/\\\/ecosupplements.ch\\\/?product=l-citrulline-pure-powder-113g#breadcrumb\"},\"inLanguage\":\"de-CH\",\"potentialAction\":[{\"@type\":\"ReadAction\",\"target\":[\"https:\\\/\\\/ecosupplements.ch\\\/?product=l-citrulline-pure-powder-113g\"]}]},{\"@type\":\"ImageObject\",\"inLanguage\":\"de-CH\",\"@id\":\"https:\\\/\\\/ecosupplements.ch\\\/?product=l-citrulline-pure-powder-113g#primaryimage\",\"url\":\"https:\\\/\\\/ecosupplements.ch\\\/wp-content\\\/uploads\\\/2026\\\/05\\\/L-Citrulline-Pure-Powder-113g.jpg\",\"contentUrl\":\"https:\\\/\\\/ecosupplements.ch\\\/wp-content\\\/uploads\\\/2026\\\/05\\\/L-Citrulline-Pure-Powder-113g.jpg\",\"width\":471,\"height\":880,\"caption\":\"L-Citrulline\"},{\"@type\":\"BreadcrumbList\",\"@id\":\"https:\\\/\\\/ecosupplements.ch\\\/?product=l-citrulline-pure-powder-113g#breadcrumb\",\"itemListElement\":[{\"@type\":\"ListItem\",\"position\":1,\"name\":\"Home\",\"item\":\"https:\\\/\\\/ecosupplements.ch\\\/\"},{\"@type\":\"ListItem\",\"position\":2,\"name\":\"Shop\",\"item\":\"https:\\\/\\\/ecosupplements.ch\\\/?page_id=14\"},{\"@type\":\"ListItem\",\"position\":3,\"name\":\"L-Citrulline, Pure Powder &#8211; 113g\"}]},{\"@type\":\"WebSite\",\"@id\":\"https:\\\/\\\/ecosupplements.ch\\\/#website\",\"url\":\"https:\\\/\\\/ecosupplements.ch\\\/\",\"name\":\"Eco Supplements\",\"description\":\"\",\"potentialAction\":[{\"@type\":\"SearchAction\",\"target\":{\"@type\":\"EntryPoint\",\"urlTemplate\":\"https:\\\/\\\/ecosupplements.ch\\\/?s={search_term_string}\"},\"query-input\":{\"@type\":\"PropertyValueSpecification\",\"valueRequired\":true,\"valueName\":\"search_term_string\"}}],\"inLanguage\":\"de-CH\"}]}<\/script>\n<meta property=\"product:price:amount\" content=\"24.37\" \/>\n<meta property=\"product:price:currency\" content=\"CHF\" \/>\n<meta property=\"og:availability\" content=\"out of stock\" \/>\n<meta property=\"product:availability\" content=\"out of stock\" \/>\n<meta property=\"product:retailer_item_id\" content=\"733739002143\" \/>\n<meta property=\"product:condition\" content=\"new\" \/>\n<!-- \/ Yoast SEO plugin. -->","yoast_head_json":{"title":"L-Citrulline Reines Pulver 113g \u2013 NOW Foods | ecosupplements.ch","description":"Reines L-Citrullin-Pulver von NOW Foods, vegan und glutenfrei, ca. 75 Portionen \u00e0 1,5 g. Jetzt bestellen.","robots":{"index":"index","follow":"follow","max-snippet":"max-snippet:-1","max-image-preview":"max-image-preview:large","max-video-preview":"max-video-preview:-1"},"canonical":"https:\/\/ecosupplements.ch\/?product=l-citrulline-pure-powder-113g","og_locale":"de_DE","og_type":"article","og_title":"L-Citrulline Reines Pulver 113g \u2013 NOW Foods | ecosupplements.ch","og_description":"Reines L-Citrullin-Pulver von NOW Foods, vegan und glutenfrei, ca. 75 Portionen \u00e0 1,5 g. Jetzt bestellen.","og_url":"https:\/\/ecosupplements.ch\/?product=l-citrulline-pure-powder-113g","og_site_name":"Eco Supplements","article_modified_time":"2026-05-13T07:23:11+00:00","og_image":[{"width":471,"height":880,"url":"https:\/\/ecosupplements.ch\/wp-content\/uploads\/2026\/05\/L-Citrulline-Pure-Powder-113g.jpg","type":"image\/jpeg"}],"twitter_card":"summary_large_image","twitter_misc":{"Price":"&#67;&#72;&#70;&nbsp;24.37","Availability":"Out of stock"},"schema":{"@context":"https:\/\/schema.org","@graph":[{"@type":"WebPage","@id":"https:\/\/ecosupplements.ch\/?product=l-citrulline-pure-powder-113g","url":"https:\/\/ecosupplements.ch\/?product=l-citrulline-pure-powder-113g","name":"L-Citrulline Reines Pulver 113g \u2013 NOW Foods | ecosupplements.ch","isPartOf":{"@id":"https:\/\/ecosupplements.ch\/#website"},"primaryImageOfPage":{"@id":"https:\/\/ecosupplements.ch\/?product=l-citrulline-pure-powder-113g#primaryimage"},"image":{"@id":"https:\/\/ecosupplements.ch\/?product=l-citrulline-pure-powder-113g#primaryimage"},"thumbnailUrl":"https:\/\/ecosupplements.ch\/wp-content\/uploads\/2026\/05\/L-Citrulline-Pure-Powder-113g.jpg","datePublished":"2026-05-11T14:34:52+00:00","dateModified":"2026-05-13T07:23:11+00:00","description":"Reines L-Citrullin-Pulver von NOW Foods, vegan und glutenfrei, ca. 75 Portionen \u00e0 1,5 g. Jetzt bestellen.","breadcrumb":{"@id":"https:\/\/ecosupplements.ch\/?product=l-citrulline-pure-powder-113g#breadcrumb"},"inLanguage":"de-CH","potentialAction":[{"@type":"ReadAction","target":["https:\/\/ecosupplements.ch\/?product=l-citrulline-pure-powder-113g"]}]},{"@type":"ImageObject","inLanguage":"de-CH","@id":"https:\/\/ecosupplements.ch\/?product=l-citrulline-pure-powder-113g#primaryimage","url":"https:\/\/ecosupplements.ch\/wp-content\/uploads\/2026\/05\/L-Citrulline-Pure-Powder-113g.jpg","contentUrl":"https:\/\/ecosupplements.ch\/wp-content\/uploads\/2026\/05\/L-Citrulline-Pure-Powder-113g.jpg","width":471,"height":880,"caption":"L-Citrulline"},{"@type":"BreadcrumbList","@id":"https:\/\/ecosupplements.ch\/?product=l-citrulline-pure-powder-113g#breadcrumb","itemListElement":[{"@type":"ListItem","position":1,"name":"Home","item":"https:\/\/ecosupplements.ch\/"},{"@type":"ListItem","position":2,"name":"Shop","item":"https:\/\/ecosupplements.ch\/?page_id=14"},{"@type":"ListItem","position":3,"name":"L-Citrulline, Pure Powder &#8211; 113g"}]},{"@type":"WebSite","@id":"https:\/\/ecosupplements.ch\/#website","url":"https:\/\/ecosupplements.ch\/","name":"Eco Supplements","description":"","potentialAction":[{"@type":"SearchAction","target":{"@type":"EntryPoint","urlTemplate":"https:\/\/ecosupplements.ch\/?s={search_term_string}"},"query-input":{"@type":"PropertyValueSpecification","valueRequired":true,"valueName":"search_term_string"}}],"inLanguage":"de-CH"}]},"product_price_amount":"24.37","product_price_currency":"CHF","og_availability":"out of stock","product_availability":"out of stock","product_retailer_item_id":"733739002143","product_condition":"new"},"_links":{"self":[{"href":"https:\/\/ecosupplements.ch\/index.php?rest_route=\/wp\/v2\/product\/2226","targetHints":{"allow":["GET"]}}],"collection":[{"href":"https:\/\/ecosupplements.ch\/index.php?rest_route=\/wp\/v2\/product"}],"about":[{"href":"https:\/\/ecosupplements.ch\/index.php?rest_route=\/wp\/v2\/types\/product"}],"replies":[{"embeddable":true,"href":"https:\/\/ecosupplements.ch\/index.php?rest_route=%2Fwp%2Fv2%2Fcomments&post=2226"}],"wp:featuredmedia":[{"embeddable":true,"href":"https:\/\/ecosupplements.ch\/index.php?rest_route=\/wp\/v2\/media\/2227"}],"wp:attachment":[{"href":"https:\/\/ecosupplements.ch\/index.php?rest_route=%2Fwp%2Fv2%2Fmedia&parent=2226"}],"wp:term":[{"taxonomy":"product_brand","embeddable":true,"href":"https:\/\/ecosupplements.ch\/index.php?rest_route=%2Fwp%2Fv2%2Fproduct_brand&post=2226"},{"taxonomy":"product_cat","embeddable":true,"href":"https:\/\/ecosupplements.ch\/index.php?rest_route=%2Fwp%2Fv2%2Fproduct_cat&post=2226"},{"taxonomy":"product_tag","embeddable":true,"href":"https:\/\/ecosupplements.ch\/index.php?rest_route=%2Fwp%2Fv2%2Fproduct_tag&post=2226"}],"curies":[{"name":"wp","href":"https:\/\/api.w.org\/{rel}","templated":true}]}}