{"id":2228,"date":"2026-05-11T14:34:53","date_gmt":"2026-05-11T14:34:53","guid":{"rendered":"https:\/\/ecosupplements.ch\/?product=l-glutamine-powder-454g"},"modified":"2026-05-13T07:23:12","modified_gmt":"2026-05-13T07:23:12","slug":"l-glutamine-powder-454g","status":"publish","type":"product","link":"https:\/\/ecosupplements.ch\/?product=l-glutamine-powder-454g","title":{"rendered":"L-Glutamine, Powder &#8211; 454g"},"content":{"rendered":"<div class=\"chcg-product-description\">\n<h2 class=\"chcg-heading\">\u00dcber NOW Foods \u2013 L-Glutamine, Pulver \u2013 454g<\/h2>\n<div class=\"chcg-intro\">\n<p>L-Glutamin ist die am h\u00e4ufigsten vorkommende Aminos\u00e4ure im menschlichen K\u00f6rper und spielt eine wichtige Rolle im Stoffwechsel sowie f\u00fcr die Zellfunktion. Als freie Form (Free-Form) liegt L-Glutamin in dieser Formulierung in einer besonders reinen und direkt verf\u00fcgbaren Form vor, was eine schnelle Aufnahme unterst\u00fctzt.<\/p>\n<p>Das Pulver von NOW Foods enth\u00e4lt ausschliesslich L-Glutamin als Wirkstoff \u2013 ohne weitere Zusatzstoffe. Pro Portion (1 geh\u00e4ufter Teel\u00f6ffel, 5 g) wird eine grossz\u00fcgige Menge dieser Aminos\u00e4ure geliefert. Die Verpackung mit 454 g erm\u00f6glicht eine langfristige und wirtschaftliche Anwendung mit rund 90 Portionen.<\/p>\n<p>NOW Foods steht seit Jahrzehnten f\u00fcr Qualit\u00e4t und Transparenz in der Nahrungserg\u00e4nzung. Dieses Produkt wird in einer GMP-zertifizierten Anlage hergestellt und ist frei von unn\u00f6tigen F\u00fcll- oder Hilfsstoffen \u2013 ideal f\u00fcr alle, die Wert auf eine unkomplizierte und saubere Supplementierung legen.<\/p>\n<\/p><\/div>\n<div class=\"chcg-nutrition\">\n<h3>N\u00e4hrwertangaben<\/h3>\n<table class=\"chcg-nutrition-table\">\n<thead>\n<tr>\n<th>N\u00e4hrstoff<\/th>\n<th>Pro Portion (5 g)<\/th>\n<\/tr>\n<\/thead>\n<tbody>\n<tr>\n<td>L-Glutamin (Free-Form)<\/td>\n<td>5 g<\/td>\n<\/tr>\n<\/tbody>\n<\/table>\n<p class=\"chcg-footnote\">Portionsgr\u00f6sse: 1 geh\u00e4ufter Teel\u00f6ffel (5 g) | Portionen pro Packung: ca. 90<\/p>\n<p class=\"chcg-footnote\">* Kein festgelegter Tagesbedarf (NRV) vorhanden.<\/p>\n<\/p><\/div>\n<div class=\"chcg-ingredients\">\n<h3>Zutaten<\/h3>\n<p>L-Glutamin (Free-Form). Weitere Zutaten: Keine.<\/p>\n<\/p><\/div>\n<div class=\"chcg-dosage\">\n<h3>Verzehrempfehlung<\/h3>\n<p>1 geh\u00e4uften Teel\u00f6ffel (5 g) in Fruchtsaft einr\u00fchren, vorzugsweise zwischen den Mahlzeiten, 1- bis 2-mal t\u00e4glich nach Bedarf.<\/p>\n<\/p><\/div>\n<div class=\"chcg-warnings\">\n<h3>Warnhinweise<\/h3>\n<p>Nur f\u00fcr Erwachsene. Bei Schwangerschaft oder Stillzeit, bei Einnahme von Medikamenten oder bei einer bestehenden Erkrankung (einschliesslich Lebererkrankungen oder bipolarer St\u00f6rung) vor der Anwendung einen Arzt konsultieren. Ausserhalb der Reichweite von Kindern aufbewahren. Das beigelegte Frischhaltepaket nicht verzehren. Nat\u00fcrliche Farbschwankungen sind bei diesem Produkt m\u00f6glich. Dieses Produkt wird nach Gewicht, nicht nach Volumen verkauft.<\/p>\n<\/p><\/div>\n<div class=\"chcg-allergens\">\n<h3>Allergeninformationen<\/h3>\n<p>Nicht hergestellt mit Weizen, Gluten, Soja, Milch, Ei, Fisch, Schalentieren, Baumn\u00fcssen oder Sesam. Hergestellt in einer GMP-Anlage, die auch andere Zutaten verarbeitet, welche diese Allergene enthalten.<\/p>\n<\/p><\/div>\n<div class=\"chcg-storage\">\n<h3>Lagerung<\/h3>\n<p>Nach dem \u00d6ffnen an einem k\u00fchlen, trockenen und dunklen Ort aufbewahren.<\/p>\n<\/p><\/div>\n<div class=\"chcg-dietary\">\n<h3>Ern\u00e4hrungshinweise<\/h3>\n<ul>\n<li>Vegan<\/li>\n<li>Vegetarisch<\/li>\n<li>Glutenfrei<\/li>\n<li>Laktosefrei<\/li>\n<\/ul><\/div>\n<\/div>\n","protected":false},"excerpt":{"rendered":"<p>NOW Foods L-Glutamine Pulver liefert 5 g reines L-Glutamin (Free-Form) pro Portion \u2013 ohne Zusatzstoffe. Die 454-g-Packung ergibt ca. 90 Portionen. Vegan, glutenfrei und laktosefrei.<\/p>\n","protected":false},"featured_media":2229,"comment_status":"closed","ping_status":"open","template":"","meta":[],"product_brand":[207],"product_cat":[514,90,48,25,519,50,21],"product_tag":[],"class_list":{"0":"post-2228","1":"product","2":"type-product","3":"status-publish","4":"has-post-thumbnail","6":"product_brand-now-foods","7":"product_cat-aminosaeuren-und-bcaas","8":"product_cat-fitness-training","9":"product_cat-gesunde-ernaehrung","10":"product_cat-gesundheit-und-wohlbefinden","11":"product_cat-glutamin-aminosaeuren-und-bcaas","12":"product_cat-proteine","13":"product_cat-vitamine-und-mineralstoffe","15":"first","16":"outofstock","17":"taxable","18":"shipping-taxable","19":"purchasable","20":"product-type-simple"},"yoast_head":"<!-- This site is optimized with the Yoast SEO plugin v27.5 - https:\/\/yoast.com\/product\/yoast-seo-wordpress\/ -->\n<title>L-Glutamine Pulver 454g \u2013 NOW Foods | ecosupplements.ch<\/title>\n<meta name=\"description\" content=\"Reines L-Glutamin (Free-Form) als Pulver \u2013 5 g pro Portion, ca. 90 Portionen, vegan und glutenfrei. Jetzt bestellen.\" \/>\n<meta name=\"robots\" content=\"index, follow, max-snippet:-1, max-image-preview:large, max-video-preview:-1\" \/>\n<link rel=\"canonical\" href=\"https:\/\/ecosupplements.ch\/?product=l-glutamine-powder-454g\" \/>\n<meta property=\"og:locale\" content=\"de_DE\" \/>\n<meta property=\"og:type\" content=\"article\" \/>\n<meta property=\"og:title\" content=\"L-Glutamine Pulver 454g \u2013 NOW Foods | ecosupplements.ch\" \/>\n<meta property=\"og:description\" content=\"Reines L-Glutamin (Free-Form) als Pulver \u2013 5 g pro Portion, ca. 90 Portionen, vegan und glutenfrei. Jetzt bestellen.\" \/>\n<meta property=\"og:url\" content=\"https:\/\/ecosupplements.ch\/?product=l-glutamine-powder-454g\" \/>\n<meta property=\"og:site_name\" content=\"Eco Supplements\" \/>\n<meta property=\"article:modified_time\" content=\"2026-05-13T07:23:12+00:00\" \/>\n<meta property=\"og:image\" content=\"https:\/\/ecosupplements.ch\/wp-content\/uploads\/2026\/05\/L-Glutamine-Powder-454g.jpg\" \/>\n\t<meta property=\"og:image:width\" content=\"880\" \/>\n\t<meta property=\"og:image:height\" content=\"880\" \/>\n\t<meta property=\"og:image:type\" content=\"image\/jpeg\" \/>\n<meta name=\"twitter:card\" content=\"summary_large_image\" \/>\n<meta name=\"twitter:label1\" content=\"Price\" \/>\n\t<meta name=\"twitter:data1\" content=\"&#067;&#072;&#070;&nbsp;34.85\" \/>\n\t<meta name=\"twitter:label2\" content=\"Availability\" \/>\n\t<meta name=\"twitter:data2\" content=\"Out of stock\" \/>\n<script type=\"application\/ld+json\" class=\"yoast-schema-graph\">{\"@context\":\"https:\\\/\\\/schema.org\",\"@graph\":[{\"@type\":\"WebPage\",\"@id\":\"https:\\\/\\\/ecosupplements.ch\\\/?product=l-glutamine-powder-454g\",\"url\":\"https:\\\/\\\/ecosupplements.ch\\\/?product=l-glutamine-powder-454g\",\"name\":\"L-Glutamine Pulver 454g \u2013 NOW Foods | ecosupplements.ch\",\"isPartOf\":{\"@id\":\"https:\\\/\\\/ecosupplements.ch\\\/#website\"},\"primaryImageOfPage\":{\"@id\":\"https:\\\/\\\/ecosupplements.ch\\\/?product=l-glutamine-powder-454g#primaryimage\"},\"image\":{\"@id\":\"https:\\\/\\\/ecosupplements.ch\\\/?product=l-glutamine-powder-454g#primaryimage\"},\"thumbnailUrl\":\"https:\\\/\\\/ecosupplements.ch\\\/wp-content\\\/uploads\\\/2026\\\/05\\\/L-Glutamine-Powder-454g.jpg\",\"datePublished\":\"2026-05-11T14:34:53+00:00\",\"dateModified\":\"2026-05-13T07:23:12+00:00\",\"description\":\"Reines L-Glutamin (Free-Form) als Pulver \u2013 5 g pro Portion, ca. 90 Portionen, vegan und glutenfrei. Jetzt bestellen.\",\"breadcrumb\":{\"@id\":\"https:\\\/\\\/ecosupplements.ch\\\/?product=l-glutamine-powder-454g#breadcrumb\"},\"inLanguage\":\"de-CH\",\"potentialAction\":[{\"@type\":\"ReadAction\",\"target\":[\"https:\\\/\\\/ecosupplements.ch\\\/?product=l-glutamine-powder-454g\"]}]},{\"@type\":\"ImageObject\",\"inLanguage\":\"de-CH\",\"@id\":\"https:\\\/\\\/ecosupplements.ch\\\/?product=l-glutamine-powder-454g#primaryimage\",\"url\":\"https:\\\/\\\/ecosupplements.ch\\\/wp-content\\\/uploads\\\/2026\\\/05\\\/L-Glutamine-Powder-454g.jpg\",\"contentUrl\":\"https:\\\/\\\/ecosupplements.ch\\\/wp-content\\\/uploads\\\/2026\\\/05\\\/L-Glutamine-Powder-454g.jpg\",\"width\":880,\"height\":880,\"caption\":\"L-Glutamine\"},{\"@type\":\"BreadcrumbList\",\"@id\":\"https:\\\/\\\/ecosupplements.ch\\\/?product=l-glutamine-powder-454g#breadcrumb\",\"itemListElement\":[{\"@type\":\"ListItem\",\"position\":1,\"name\":\"Home\",\"item\":\"https:\\\/\\\/ecosupplements.ch\\\/\"},{\"@type\":\"ListItem\",\"position\":2,\"name\":\"Shop\",\"item\":\"https:\\\/\\\/ecosupplements.ch\\\/?page_id=14\"},{\"@type\":\"ListItem\",\"position\":3,\"name\":\"L-Glutamine, Powder &#8211; 454g\"}]},{\"@type\":\"WebSite\",\"@id\":\"https:\\\/\\\/ecosupplements.ch\\\/#website\",\"url\":\"https:\\\/\\\/ecosupplements.ch\\\/\",\"name\":\"Eco Supplements\",\"description\":\"\",\"potentialAction\":[{\"@type\":\"SearchAction\",\"target\":{\"@type\":\"EntryPoint\",\"urlTemplate\":\"https:\\\/\\\/ecosupplements.ch\\\/?s={search_term_string}\"},\"query-input\":{\"@type\":\"PropertyValueSpecification\",\"valueRequired\":true,\"valueName\":\"search_term_string\"}}],\"inLanguage\":\"de-CH\"}]}<\/script>\n<meta property=\"product:price:amount\" content=\"34.85\" \/>\n<meta property=\"product:price:currency\" content=\"CHF\" \/>\n<meta property=\"og:availability\" content=\"out of stock\" \/>\n<meta property=\"product:availability\" content=\"out of stock\" \/>\n<meta property=\"product:retailer_item_id\" content=\"733739002211\" \/>\n<meta property=\"product:condition\" content=\"new\" \/>\n<!-- \/ Yoast SEO plugin. -->","yoast_head_json":{"title":"L-Glutamine Pulver 454g \u2013 NOW Foods | ecosupplements.ch","description":"Reines L-Glutamin (Free-Form) als Pulver \u2013 5 g pro Portion, ca. 90 Portionen, vegan und glutenfrei. Jetzt bestellen.","robots":{"index":"index","follow":"follow","max-snippet":"max-snippet:-1","max-image-preview":"max-image-preview:large","max-video-preview":"max-video-preview:-1"},"canonical":"https:\/\/ecosupplements.ch\/?product=l-glutamine-powder-454g","og_locale":"de_DE","og_type":"article","og_title":"L-Glutamine Pulver 454g \u2013 NOW Foods | ecosupplements.ch","og_description":"Reines L-Glutamin (Free-Form) als Pulver \u2013 5 g pro Portion, ca. 90 Portionen, vegan und glutenfrei. Jetzt bestellen.","og_url":"https:\/\/ecosupplements.ch\/?product=l-glutamine-powder-454g","og_site_name":"Eco Supplements","article_modified_time":"2026-05-13T07:23:12+00:00","og_image":[{"width":880,"height":880,"url":"https:\/\/ecosupplements.ch\/wp-content\/uploads\/2026\/05\/L-Glutamine-Powder-454g.jpg","type":"image\/jpeg"}],"twitter_card":"summary_large_image","twitter_misc":{"Price":"&#67;&#72;&#70;&nbsp;34.85","Availability":"Out of stock"},"schema":{"@context":"https:\/\/schema.org","@graph":[{"@type":"WebPage","@id":"https:\/\/ecosupplements.ch\/?product=l-glutamine-powder-454g","url":"https:\/\/ecosupplements.ch\/?product=l-glutamine-powder-454g","name":"L-Glutamine Pulver 454g \u2013 NOW Foods | ecosupplements.ch","isPartOf":{"@id":"https:\/\/ecosupplements.ch\/#website"},"primaryImageOfPage":{"@id":"https:\/\/ecosupplements.ch\/?product=l-glutamine-powder-454g#primaryimage"},"image":{"@id":"https:\/\/ecosupplements.ch\/?product=l-glutamine-powder-454g#primaryimage"},"thumbnailUrl":"https:\/\/ecosupplements.ch\/wp-content\/uploads\/2026\/05\/L-Glutamine-Powder-454g.jpg","datePublished":"2026-05-11T14:34:53+00:00","dateModified":"2026-05-13T07:23:12+00:00","description":"Reines L-Glutamin (Free-Form) als Pulver \u2013 5 g pro Portion, ca. 90 Portionen, vegan und glutenfrei. Jetzt bestellen.","breadcrumb":{"@id":"https:\/\/ecosupplements.ch\/?product=l-glutamine-powder-454g#breadcrumb"},"inLanguage":"de-CH","potentialAction":[{"@type":"ReadAction","target":["https:\/\/ecosupplements.ch\/?product=l-glutamine-powder-454g"]}]},{"@type":"ImageObject","inLanguage":"de-CH","@id":"https:\/\/ecosupplements.ch\/?product=l-glutamine-powder-454g#primaryimage","url":"https:\/\/ecosupplements.ch\/wp-content\/uploads\/2026\/05\/L-Glutamine-Powder-454g.jpg","contentUrl":"https:\/\/ecosupplements.ch\/wp-content\/uploads\/2026\/05\/L-Glutamine-Powder-454g.jpg","width":880,"height":880,"caption":"L-Glutamine"},{"@type":"BreadcrumbList","@id":"https:\/\/ecosupplements.ch\/?product=l-glutamine-powder-454g#breadcrumb","itemListElement":[{"@type":"ListItem","position":1,"name":"Home","item":"https:\/\/ecosupplements.ch\/"},{"@type":"ListItem","position":2,"name":"Shop","item":"https:\/\/ecosupplements.ch\/?page_id=14"},{"@type":"ListItem","position":3,"name":"L-Glutamine, Powder &#8211; 454g"}]},{"@type":"WebSite","@id":"https:\/\/ecosupplements.ch\/#website","url":"https:\/\/ecosupplements.ch\/","name":"Eco Supplements","description":"","potentialAction":[{"@type":"SearchAction","target":{"@type":"EntryPoint","urlTemplate":"https:\/\/ecosupplements.ch\/?s={search_term_string}"},"query-input":{"@type":"PropertyValueSpecification","valueRequired":true,"valueName":"search_term_string"}}],"inLanguage":"de-CH"}]},"product_price_amount":"34.85","product_price_currency":"CHF","og_availability":"out of stock","product_availability":"out of stock","product_retailer_item_id":"733739002211","product_condition":"new"},"_links":{"self":[{"href":"https:\/\/ecosupplements.ch\/index.php?rest_route=\/wp\/v2\/product\/2228","targetHints":{"allow":["GET"]}}],"collection":[{"href":"https:\/\/ecosupplements.ch\/index.php?rest_route=\/wp\/v2\/product"}],"about":[{"href":"https:\/\/ecosupplements.ch\/index.php?rest_route=\/wp\/v2\/types\/product"}],"replies":[{"embeddable":true,"href":"https:\/\/ecosupplements.ch\/index.php?rest_route=%2Fwp%2Fv2%2Fcomments&post=2228"}],"wp:featuredmedia":[{"embeddable":true,"href":"https:\/\/ecosupplements.ch\/index.php?rest_route=\/wp\/v2\/media\/2229"}],"wp:attachment":[{"href":"https:\/\/ecosupplements.ch\/index.php?rest_route=%2Fwp%2Fv2%2Fmedia&parent=2228"}],"wp:term":[{"taxonomy":"product_brand","embeddable":true,"href":"https:\/\/ecosupplements.ch\/index.php?rest_route=%2Fwp%2Fv2%2Fproduct_brand&post=2228"},{"taxonomy":"product_cat","embeddable":true,"href":"https:\/\/ecosupplements.ch\/index.php?rest_route=%2Fwp%2Fv2%2Fproduct_cat&post=2228"},{"taxonomy":"product_tag","embeddable":true,"href":"https:\/\/ecosupplements.ch\/index.php?rest_route=%2Fwp%2Fv2%2Fproduct_tag&post=2228"}],"curies":[{"name":"wp","href":"https:\/\/api.w.org\/{rel}","templated":true}]}}