{"id":2232,"date":"2026-05-11T14:34:54","date_gmt":"2026-05-11T14:34:54","guid":{"rendered":"https:\/\/ecosupplements.ch\/?product=l-theanine-with-inositol-and-taurine-100mg-90-chewables"},"modified":"2026-05-13T07:23:12","modified_gmt":"2026-05-13T07:23:12","slug":"l-theanine-with-inositol-and-taurine-100mg-90-chewables","status":"publish","type":"product","link":"https:\/\/ecosupplements.ch\/?product=l-theanine-with-inositol-and-taurine-100mg-90-chewables","title":{"rendered":"L-Theanine with Inositol and Taurine, 100mg &#8211; 90 chewables"},"content":{"rendered":"<div class=\"chcg-product-description\">\n<h2 class=\"chcg-heading\">\u00dcber NOW Foods \u2013 L-Theanine mit Inositol und Taurine, 100mg \u2013 90 Kautabletten<\/h2>\n<div class=\"chcg-intro\">\n<p>Diese Kautabletten von NOW Foods kombinieren drei bew\u00e4hrte Aminos\u00e4uren und aminos\u00e4ure\u00e4hnliche Verbindungen in einer praktischen, angenehm schmeckenden Form: L-Theanine, Inositol und Taurine \u2013 jede Verbindung mit je 100 mg pro Tablette. Die Formulierung richtet sich an Erwachsene, die ihren Alltag mit gezielt eingesetzten N\u00e4hrstoffen erg\u00e4nzen m\u00f6chten, ohne auf Kapseln oder Wasser angewiesen zu sein.<\/p>\n<p>L-Theanine ist eine nat\u00fcrlich vorkommende Aminos\u00e4ure, die vor allem in Teebl\u00e4ttern (Camellia sinensis) gefunden wird. In Kombination mit Inositol \u2013 einem k\u00f6rpereigenen, vitamin\u00e4hnlichen Stoff \u2013 und dem freien Taurine ergibt sich eine ausgewogene N\u00e4hrstoffkombination. Die Kautabletten sind mit nat\u00fcrlichen Aromen und Biopflanzenextrakten wie Bio-Stevia-Blattextrakt und R\u00fcbenmehl abgerundet und enthalten keine k\u00fcnstlichen S\u00fcssungsmittel.<\/p>\n<p>Das Produkt wird in einer GMP-zertifizierten Anlage hergestellt und entspricht den Qualit\u00e4tsstandards, f\u00fcr die NOW Foods seit Jahrzehnten bekannt ist. Mit 90 Kautabletten pro Packung steht Ihnen eine ergiebige Vorratsmenge zur Verf\u00fcgung.<\/p>\n<\/p><\/div>\n<div class=\"chcg-nutrition\">\n<h3>N\u00e4hrwertangaben<\/h3>\n<table class=\"chcg-nutrition-table\">\n<thead>\n<tr>\n<th>N\u00e4hrstoff<\/th>\n<th>Pro Portion (1 Kautablette)<\/th>\n<\/tr>\n<\/thead>\n<tbody>\n<tr>\n<td>L-Theanine<\/td>\n<td>100 mg*<\/td>\n<\/tr>\n<tr>\n<td>Inositol<\/td>\n<td>100 mg*<\/td>\n<\/tr>\n<tr>\n<td>Taurine (freie Form)<\/td>\n<td>100 mg*<\/td>\n<\/tr>\n<\/tbody>\n<\/table>\n<p class=\"chcg-footnote\">* Kein festgelegter Tagesbedarf.<\/p>\n<\/p><\/div>\n<div class=\"chcg-ingredients\">\n<h3>Zutaten<\/h3>\n<p>L-Theanine 100 mg, Inositol 100 mg, Taurine (freie Form) 100 mg. Weitere Zutaten: Xylitol, Sorbitol, Stearins\u00e4ure (pflanzliche Quelle), Mikrokristalline Cellulose, Hydroxypropylcellulose, Nat\u00fcrliche Aromen, Siliziumdioxid, \u00c4pfels\u00e4ure, Magnesiumstearat (pflanzliche Quelle), Bio-Stevia-Blattextrakt (enzymmodifizierte Steviolglykoside) und R\u00fcbenmehlpulver.<\/p>\n<\/p><\/div>\n<div class=\"chcg-dosage\">\n<h3>Verzehrempfehlung<\/h3>\n<p>1 Kautablette 1- bis 3-mal t\u00e4glich nach Bedarf kauen, vorzugsweise auf n\u00fcchternen Magen.<\/p>\n<\/p><\/div>\n<div class=\"chcg-warnings\">\n<h3>Warnhinweise<\/h3>\n<p>Nur f\u00fcr Erwachsene. Bei Schwangerschaft oder Stillzeit, bei der Einnahme von Medikamenten (insbesondere Blutdruckmittel) oder bei bestehenden gesundheitlichen Beschwerden vor der Einnahme einen Arzt konsultieren. Ausserhalb der Reichweite von Kindern aufbewahren. Xylitol ist f\u00fcr Haustiere sch\u00e4dlich; bei Verdacht auf Einnahme durch ein Tier sofort tier\u00e4rztliche Hilfe in Anspruch nehmen.<\/p>\n<\/p><\/div>\n<div class=\"chcg-allergens\">\n<h3>Allergeninformationen<\/h3>\n<p>Nicht hergestellt mit Weizen, Gluten, Soja, Milch, Ei, Fisch, Schalentieren oder Sesam. Produziert in einer GMP-Anlage, die auch andere Zutaten verarbeitet, welche diese Allergene enthalten k\u00f6nnen.<\/p>\n<\/p><\/div>\n<div class=\"chcg-storage\">\n<h3>Lagerung<\/h3>\n<p>Nach dem \u00d6ffnen an einem k\u00fchlen, trockenen Ort aufbewahren.<\/p>\n<\/p><\/div>\n<div class=\"chcg-dietary\">\n<h3>Ern\u00e4hrungshinweise<\/h3>\n<ul>\n<li>Vegan<\/li>\n<li>Vegetarisch<\/li>\n<li>Glutenfrei<\/li>\n<li>Laktosefrei<\/li>\n<\/ul><\/div>\n<\/div>\n","protected":false},"excerpt":{"rendered":"<p>NOW Foods L-Theanine mit Inositol und Taurine liefert je 100 mg pro Kautablette und ist vegan sowie glutenfrei. 90 angenehm schmeckende Kautabletten pro Packung \u2013 praktisch ohne Wasser einnehmbar.<\/p>\n","protected":false},"featured_media":2233,"comment_status":"closed","ping_status":"open","template":"","meta":[],"product_brand":[207],"product_cat":[514,90,48,25,521,42,128,22,21],"product_tag":[],"class_list":{"0":"post-2232","1":"product","2":"type-product","3":"status-publish","4":"has-post-thumbnail","6":"product_brand-now-foods","7":"product_cat-aminosaeuren-und-bcaas","8":"product_cat-fitness-training","9":"product_cat-gesunde-ernaehrung","10":"product_cat-gesundheit-und-wohlbefinden","11":"product_cat-l-tyrosin-aminosaeuren-und-bcaas","12":"product_cat-mentale-konzentration-und-gedaechtnis","13":"product_cat-taurin","14":"product_cat-vegane-produkte","15":"product_cat-vitamine-und-mineralstoffe","17":"first","18":"outofstock","19":"taxable","20":"shipping-taxable","21":"purchasable","22":"product-type-simple"},"yoast_head":"<!-- This site is optimized with the Yoast SEO plugin v27.5 - https:\/\/yoast.com\/product\/yoast-seo-wordpress\/ -->\n<title>L-Theanine mit Inositol und Taurine \u2013 NOW Foods | ecosupplements.ch<\/title>\n<meta name=\"description\" content=\"NOW Foods L-Theanine mit Inositol und Taurine: je 100 mg pro Kautablette, vegan und glutenfrei, 90 St\u00fcck. Jetzt bestellen.\" \/>\n<meta name=\"robots\" content=\"index, follow, max-snippet:-1, max-image-preview:large, max-video-preview:-1\" \/>\n<link rel=\"canonical\" href=\"https:\/\/ecosupplements.ch\/?product=l-theanine-with-inositol-and-taurine-100mg-90-chewables\" \/>\n<meta property=\"og:locale\" content=\"de_DE\" \/>\n<meta property=\"og:type\" content=\"article\" \/>\n<meta property=\"og:title\" content=\"L-Theanine mit Inositol und Taurine \u2013 NOW Foods | ecosupplements.ch\" \/>\n<meta property=\"og:description\" content=\"NOW Foods L-Theanine mit Inositol und Taurine: je 100 mg pro Kautablette, vegan und glutenfrei, 90 St\u00fcck. Jetzt bestellen.\" \/>\n<meta property=\"og:url\" content=\"https:\/\/ecosupplements.ch\/?product=l-theanine-with-inositol-and-taurine-100mg-90-chewables\" \/>\n<meta property=\"og:site_name\" content=\"Eco Supplements\" \/>\n<meta property=\"article:modified_time\" content=\"2026-05-13T07:23:12+00:00\" \/>\n<meta property=\"og:image\" content=\"https:\/\/ecosupplements.ch\/wp-content\/uploads\/2026\/05\/L-Theanine-with-Inositol-and-Taurine-100mg-90-chewables.jpg\" \/>\n\t<meta property=\"og:image:width\" content=\"485\" \/>\n\t<meta property=\"og:image:height\" content=\"880\" \/>\n\t<meta property=\"og:image:type\" content=\"image\/jpeg\" \/>\n<meta name=\"twitter:card\" content=\"summary_large_image\" \/>\n<meta name=\"twitter:label1\" content=\"Price\" \/>\n\t<meta name=\"twitter:data1\" content=\"&#067;&#072;&#070;&nbsp;20.87\" \/>\n\t<meta name=\"twitter:label2\" content=\"Availability\" \/>\n\t<meta name=\"twitter:data2\" content=\"Out of stock\" \/>\n<script type=\"application\/ld+json\" class=\"yoast-schema-graph\">{\"@context\":\"https:\\\/\\\/schema.org\",\"@graph\":[{\"@type\":\"WebPage\",\"@id\":\"https:\\\/\\\/ecosupplements.ch\\\/?product=l-theanine-with-inositol-and-taurine-100mg-90-chewables\",\"url\":\"https:\\\/\\\/ecosupplements.ch\\\/?product=l-theanine-with-inositol-and-taurine-100mg-90-chewables\",\"name\":\"L-Theanine mit Inositol und Taurine \u2013 NOW Foods | ecosupplements.ch\",\"isPartOf\":{\"@id\":\"https:\\\/\\\/ecosupplements.ch\\\/#website\"},\"primaryImageOfPage\":{\"@id\":\"https:\\\/\\\/ecosupplements.ch\\\/?product=l-theanine-with-inositol-and-taurine-100mg-90-chewables#primaryimage\"},\"image\":{\"@id\":\"https:\\\/\\\/ecosupplements.ch\\\/?product=l-theanine-with-inositol-and-taurine-100mg-90-chewables#primaryimage\"},\"thumbnailUrl\":\"https:\\\/\\\/ecosupplements.ch\\\/wp-content\\\/uploads\\\/2026\\\/05\\\/L-Theanine-with-Inositol-and-Taurine-100mg-90-chewables.jpg\",\"datePublished\":\"2026-05-11T14:34:54+00:00\",\"dateModified\":\"2026-05-13T07:23:12+00:00\",\"description\":\"NOW Foods L-Theanine mit Inositol und Taurine: je 100 mg pro Kautablette, vegan und glutenfrei, 90 St\u00fcck. Jetzt bestellen.\",\"breadcrumb\":{\"@id\":\"https:\\\/\\\/ecosupplements.ch\\\/?product=l-theanine-with-inositol-and-taurine-100mg-90-chewables#breadcrumb\"},\"inLanguage\":\"de-CH\",\"potentialAction\":[{\"@type\":\"ReadAction\",\"target\":[\"https:\\\/\\\/ecosupplements.ch\\\/?product=l-theanine-with-inositol-and-taurine-100mg-90-chewables\"]}]},{\"@type\":\"ImageObject\",\"inLanguage\":\"de-CH\",\"@id\":\"https:\\\/\\\/ecosupplements.ch\\\/?product=l-theanine-with-inositol-and-taurine-100mg-90-chewables#primaryimage\",\"url\":\"https:\\\/\\\/ecosupplements.ch\\\/wp-content\\\/uploads\\\/2026\\\/05\\\/L-Theanine-with-Inositol-and-Taurine-100mg-90-chewables.jpg\",\"contentUrl\":\"https:\\\/\\\/ecosupplements.ch\\\/wp-content\\\/uploads\\\/2026\\\/05\\\/L-Theanine-with-Inositol-and-Taurine-100mg-90-chewables.jpg\",\"width\":485,\"height\":880,\"caption\":\"L-Theanine with Inositol and Taurine\"},{\"@type\":\"BreadcrumbList\",\"@id\":\"https:\\\/\\\/ecosupplements.ch\\\/?product=l-theanine-with-inositol-and-taurine-100mg-90-chewables#breadcrumb\",\"itemListElement\":[{\"@type\":\"ListItem\",\"position\":1,\"name\":\"Home\",\"item\":\"https:\\\/\\\/ecosupplements.ch\\\/\"},{\"@type\":\"ListItem\",\"position\":2,\"name\":\"Shop\",\"item\":\"https:\\\/\\\/ecosupplements.ch\\\/?page_id=14\"},{\"@type\":\"ListItem\",\"position\":3,\"name\":\"L-Theanine with Inositol and Taurine, 100mg &#8211; 90 chewables\"}]},{\"@type\":\"WebSite\",\"@id\":\"https:\\\/\\\/ecosupplements.ch\\\/#website\",\"url\":\"https:\\\/\\\/ecosupplements.ch\\\/\",\"name\":\"Eco Supplements\",\"description\":\"\",\"potentialAction\":[{\"@type\":\"SearchAction\",\"target\":{\"@type\":\"EntryPoint\",\"urlTemplate\":\"https:\\\/\\\/ecosupplements.ch\\\/?s={search_term_string}\"},\"query-input\":{\"@type\":\"PropertyValueSpecification\",\"valueRequired\":true,\"valueName\":\"search_term_string\"}}],\"inLanguage\":\"de-CH\"}]}<\/script>\n<meta property=\"product:price:amount\" content=\"20.87\" \/>\n<meta property=\"product:price:currency\" content=\"CHF\" \/>\n<meta property=\"og:availability\" content=\"out of stock\" \/>\n<meta property=\"product:availability\" content=\"out of stock\" \/>\n<meta property=\"product:retailer_item_id\" content=\"733739001443\" \/>\n<meta property=\"product:condition\" content=\"new\" \/>\n<!-- \/ Yoast SEO plugin. -->","yoast_head_json":{"title":"L-Theanine mit Inositol und Taurine \u2013 NOW Foods | ecosupplements.ch","description":"NOW Foods L-Theanine mit Inositol und Taurine: je 100 mg pro Kautablette, vegan und glutenfrei, 90 St\u00fcck. Jetzt bestellen.","robots":{"index":"index","follow":"follow","max-snippet":"max-snippet:-1","max-image-preview":"max-image-preview:large","max-video-preview":"max-video-preview:-1"},"canonical":"https:\/\/ecosupplements.ch\/?product=l-theanine-with-inositol-and-taurine-100mg-90-chewables","og_locale":"de_DE","og_type":"article","og_title":"L-Theanine mit Inositol und Taurine \u2013 NOW Foods | ecosupplements.ch","og_description":"NOW Foods L-Theanine mit Inositol und Taurine: je 100 mg pro Kautablette, vegan und glutenfrei, 90 St\u00fcck. Jetzt bestellen.","og_url":"https:\/\/ecosupplements.ch\/?product=l-theanine-with-inositol-and-taurine-100mg-90-chewables","og_site_name":"Eco Supplements","article_modified_time":"2026-05-13T07:23:12+00:00","og_image":[{"width":485,"height":880,"url":"https:\/\/ecosupplements.ch\/wp-content\/uploads\/2026\/05\/L-Theanine-with-Inositol-and-Taurine-100mg-90-chewables.jpg","type":"image\/jpeg"}],"twitter_card":"summary_large_image","twitter_misc":{"Price":"&#67;&#72;&#70;&nbsp;20.87","Availability":"Out of stock"},"schema":{"@context":"https:\/\/schema.org","@graph":[{"@type":"WebPage","@id":"https:\/\/ecosupplements.ch\/?product=l-theanine-with-inositol-and-taurine-100mg-90-chewables","url":"https:\/\/ecosupplements.ch\/?product=l-theanine-with-inositol-and-taurine-100mg-90-chewables","name":"L-Theanine mit Inositol und Taurine \u2013 NOW Foods | ecosupplements.ch","isPartOf":{"@id":"https:\/\/ecosupplements.ch\/#website"},"primaryImageOfPage":{"@id":"https:\/\/ecosupplements.ch\/?product=l-theanine-with-inositol-and-taurine-100mg-90-chewables#primaryimage"},"image":{"@id":"https:\/\/ecosupplements.ch\/?product=l-theanine-with-inositol-and-taurine-100mg-90-chewables#primaryimage"},"thumbnailUrl":"https:\/\/ecosupplements.ch\/wp-content\/uploads\/2026\/05\/L-Theanine-with-Inositol-and-Taurine-100mg-90-chewables.jpg","datePublished":"2026-05-11T14:34:54+00:00","dateModified":"2026-05-13T07:23:12+00:00","description":"NOW Foods L-Theanine mit Inositol und Taurine: je 100 mg pro Kautablette, vegan und glutenfrei, 90 St\u00fcck. Jetzt bestellen.","breadcrumb":{"@id":"https:\/\/ecosupplements.ch\/?product=l-theanine-with-inositol-and-taurine-100mg-90-chewables#breadcrumb"},"inLanguage":"de-CH","potentialAction":[{"@type":"ReadAction","target":["https:\/\/ecosupplements.ch\/?product=l-theanine-with-inositol-and-taurine-100mg-90-chewables"]}]},{"@type":"ImageObject","inLanguage":"de-CH","@id":"https:\/\/ecosupplements.ch\/?product=l-theanine-with-inositol-and-taurine-100mg-90-chewables#primaryimage","url":"https:\/\/ecosupplements.ch\/wp-content\/uploads\/2026\/05\/L-Theanine-with-Inositol-and-Taurine-100mg-90-chewables.jpg","contentUrl":"https:\/\/ecosupplements.ch\/wp-content\/uploads\/2026\/05\/L-Theanine-with-Inositol-and-Taurine-100mg-90-chewables.jpg","width":485,"height":880,"caption":"L-Theanine with Inositol and Taurine"},{"@type":"BreadcrumbList","@id":"https:\/\/ecosupplements.ch\/?product=l-theanine-with-inositol-and-taurine-100mg-90-chewables#breadcrumb","itemListElement":[{"@type":"ListItem","position":1,"name":"Home","item":"https:\/\/ecosupplements.ch\/"},{"@type":"ListItem","position":2,"name":"Shop","item":"https:\/\/ecosupplements.ch\/?page_id=14"},{"@type":"ListItem","position":3,"name":"L-Theanine with Inositol and Taurine, 100mg &#8211; 90 chewables"}]},{"@type":"WebSite","@id":"https:\/\/ecosupplements.ch\/#website","url":"https:\/\/ecosupplements.ch\/","name":"Eco Supplements","description":"","potentialAction":[{"@type":"SearchAction","target":{"@type":"EntryPoint","urlTemplate":"https:\/\/ecosupplements.ch\/?s={search_term_string}"},"query-input":{"@type":"PropertyValueSpecification","valueRequired":true,"valueName":"search_term_string"}}],"inLanguage":"de-CH"}]},"product_price_amount":"20.87","product_price_currency":"CHF","og_availability":"out of stock","product_availability":"out of stock","product_retailer_item_id":"733739001443","product_condition":"new"},"_links":{"self":[{"href":"https:\/\/ecosupplements.ch\/index.php?rest_route=\/wp\/v2\/product\/2232","targetHints":{"allow":["GET"]}}],"collection":[{"href":"https:\/\/ecosupplements.ch\/index.php?rest_route=\/wp\/v2\/product"}],"about":[{"href":"https:\/\/ecosupplements.ch\/index.php?rest_route=\/wp\/v2\/types\/product"}],"replies":[{"embeddable":true,"href":"https:\/\/ecosupplements.ch\/index.php?rest_route=%2Fwp%2Fv2%2Fcomments&post=2232"}],"wp:featuredmedia":[{"embeddable":true,"href":"https:\/\/ecosupplements.ch\/index.php?rest_route=\/wp\/v2\/media\/2233"}],"wp:attachment":[{"href":"https:\/\/ecosupplements.ch\/index.php?rest_route=%2Fwp%2Fv2%2Fmedia&parent=2232"}],"wp:term":[{"taxonomy":"product_brand","embeddable":true,"href":"https:\/\/ecosupplements.ch\/index.php?rest_route=%2Fwp%2Fv2%2Fproduct_brand&post=2232"},{"taxonomy":"product_cat","embeddable":true,"href":"https:\/\/ecosupplements.ch\/index.php?rest_route=%2Fwp%2Fv2%2Fproduct_cat&post=2232"},{"taxonomy":"product_tag","embeddable":true,"href":"https:\/\/ecosupplements.ch\/index.php?rest_route=%2Fwp%2Fv2%2Fproduct_tag&post=2232"}],"curies":[{"name":"wp","href":"https:\/\/api.w.org\/{rel}","templated":true}]}}