{"id":2249,"date":"2026-05-11T14:35:02","date_gmt":"2026-05-11T14:35:02","guid":{"rendered":"https:\/\/ecosupplements.ch\/?product=micronized-creatine-monohydrate-500g"},"modified":"2026-05-13T07:25:26","modified_gmt":"2026-05-13T07:25:26","slug":"micronized-creatine-monohydrate-500g","status":"publish","type":"product","link":"https:\/\/ecosupplements.ch\/?product=micronized-creatine-monohydrate-500g","title":{"rendered":"Micronized Creatine Monohydrate &#8211; 500g"},"content":{"rendered":"<div class=\"chcg-product-description\">\n<h2 class=\"chcg-heading\">\u00dcber NOW Foods \u2013 Micronized Creatine Monohydrate \u2013 500g<\/h2>\n<div class=\"chcg-intro\">\n<p>Das Micronized Creatine Monohydrate von NOW Foods ist ein reines, mikronisiertes Kreatin-Monohydrat-Pulver ohne Zusatzstoffe \u2013 ideal f\u00fcr Sportlerinnen und Sportler, die ihre k\u00f6rperliche Leistungsf\u00e4higkeit gezielt unterst\u00fctzen m\u00f6chten. Kreatin tr\u00e4gt nachweislich zur Steigerung der k\u00f6rperlichen Leistung bei Schnellkrafttraining im Rahmen kurzzeitiger, hochintensiver k\u00f6rperlicher Aktivit\u00e4t bei.<\/p>\n<p>Dank der Mikronisierung ist das Pulver besonders fein gemahlen und l\u00e4sst sich hervorragend in Fruchtsaft oder anderen Getr\u00e4nken aufl\u00f6sen. Jede Portion liefert 4&#8217;200 mg reines Creatine Monohydrate \u2013 ohne F\u00fcllstoffe, Aromen oder weitere Zus\u00e4tze.<\/p>\n<p>Mit rund 119 Portionen pro Beh\u00e4lter (500 g) bietet dieses Produkt ein ausgezeichnetes Preis-Leistungs-Verh\u00e4ltnis f\u00fcr den t\u00e4glichen Einsatz im Training.<\/p>\n<\/p><\/div>\n<div class=\"chcg-nutrition\">\n<h3>N\u00e4hrwertangaben<\/h3>\n<table class=\"chcg-nutrition-table\">\n<thead>\n<tr>\n<th>N\u00e4hrstoff<\/th>\n<th>Pro Portion (ca. 4,2 g)<\/th>\n<\/tr>\n<\/thead>\n<tbody>\n<tr>\n<td>Creatine Monohydrate<\/td>\n<td>4&#8217;200 mg **<\/td>\n<\/tr>\n<\/tbody>\n<\/table>\n<p class=\"chcg-footnote\">** Kein festgelegter Tagesreferenzwert vorhanden.<\/p>\n<\/p><\/div>\n<div class=\"chcg-ingredients\">\n<h3>Zutaten<\/h3>\n<p>Creatine Monohydrate. Weitere Zutaten: Keine.<\/p>\n<\/p><\/div>\n<div class=\"chcg-dosage\">\n<h3>Verzehrempfehlung<\/h3>\n<p>1\u00bd gestrichene Teel\u00f6ffel (ca. 4,2 g) in Fruchtsaft oder einem anderen ges\u00fcssten Getr\u00e4nk aufl\u00f6sen und in den ersten 7 Tagen 3- bis 4-mal t\u00e4glich einnehmen \u2013 vor und nach dem Training. Danach zur Erhaltung 1- bis 3-mal t\u00e4glich konsumieren. Zwischen den Einnahmen 3 bis 4 Stunden Abstand einhalten. Bei einer kontinuierlichen Anwendung \u00fcber 28 Tage hinaus eine Portion t\u00e4glich einnehmen. Ausreichend Fl\u00fcssigkeit zu diesem Produkt trinken.<\/p>\n<\/p><\/div>\n<div class=\"chcg-warnings\">\n<h3>Warnhinweise<\/h3>\n<p>Nur f\u00fcr Erwachsene. Bei Schwangerschaft oder Stillzeit, bei Einnahme von Medikamenten oder bei einer bestehenden Erkrankung (insbesondere Nierenerkrankungen) vor der Einnahme einen Arzt konsultieren. Ausserhalb der Reichweite von Kindern aufbewahren. Nat\u00fcrliche Farbschwankungen k\u00f6nnen bei diesem Produkt auftreten. Dieses Produkt wird nach Gewicht und nicht nach Volumen verkauft.<\/p>\n<\/p><\/div>\n<div class=\"chcg-allergens\">\n<h3>Allergeninformationen<\/h3>\n<p>Nicht hergestellt mit Hefe, Weizen, Gluten, Soja, Mais, Milch, Ei, Fisch, Schalentieren oder Baumnuss-Zutaten. Hergestellt in einem GMP-zertifizierten Betrieb, der andere Zutaten verarbeitet, die diese Allergene enthalten.<\/p>\n<\/p><\/div>\n<div class=\"chcg-storage\">\n<h3>Lagerung<\/h3>\n<p>Nach dem \u00d6ffnen k\u00fchl, trocken und dunkel lagern.<\/p>\n<\/p><\/div>\n<div class=\"chcg-dietary\">\n<h3>Ern\u00e4hrungshinweise<\/h3>\n<ul>\n<li>Vegan<\/li>\n<li>Vegetarisch<\/li>\n<li>Glutenfrei<\/li>\n<li>Laktosefrei<\/li>\n<\/ul><\/div>\n<\/div>\n","protected":false},"excerpt":{"rendered":"<p>Micronized Creatine Monohydrate von NOW Foods liefert 4&#8217;200 mg reines Kreatin pro Portion zur Unterst\u00fctzung der sportlichen Leistung. Das fein gemahlene Pulver (500 g, ca. 119 Portionen) ist vegan, glutenfrei und ohne Zusatzstoffe.<\/p>\n","protected":false},"featured_media":2250,"comment_status":"closed","ping_status":"open","template":"","meta":[],"product_brand":[207],"product_cat":[90,48,25,75,70,169,22],"product_tag":[],"class_list":{"0":"post-2249","1":"product","2":"type-product","3":"status-publish","4":"has-post-thumbnail","6":"product_brand-now-foods","7":"product_cat-fitness-training","8":"product_cat-gesunde-ernaehrung","9":"product_cat-gesundheit-und-wohlbefinden","10":"product_cat-kreatinmonohydrat","11":"product_cat-kreatinpraeparate","12":"product_cat-nordische-vitalitaet","13":"product_cat-vegane-produkte","15":"first","16":"outofstock","17":"taxable","18":"shipping-taxable","19":"purchasable","20":"product-type-simple"},"yoast_head":"<!-- This site is optimized with the Yoast SEO plugin v27.5 - https:\/\/yoast.com\/product\/yoast-seo-wordpress\/ -->\n<title>Micronized Creatine Monohydrate 500g \u2013 NOW Foods | ecosupplements.ch<\/title>\n<meta name=\"description\" content=\"Reines mikronisiertes Kreatin-Monohydrat-Pulver von NOW Foods \u2013 4&#039;200 mg pro Portion, 500 g, vegan und glutenfrei. Jetzt bestellen.\" \/>\n<meta name=\"robots\" content=\"index, follow, max-snippet:-1, max-image-preview:large, max-video-preview:-1\" \/>\n<link rel=\"canonical\" href=\"https:\/\/ecosupplements.ch\/?product=micronized-creatine-monohydrate-500g\" \/>\n<meta property=\"og:locale\" content=\"de_DE\" \/>\n<meta property=\"og:type\" content=\"article\" \/>\n<meta property=\"og:title\" content=\"Micronized Creatine Monohydrate 500g \u2013 NOW Foods | ecosupplements.ch\" \/>\n<meta property=\"og:description\" content=\"Reines mikronisiertes Kreatin-Monohydrat-Pulver von NOW Foods \u2013 4&#039;200 mg pro Portion, 500 g, vegan und glutenfrei. Jetzt bestellen.\" \/>\n<meta property=\"og:url\" content=\"https:\/\/ecosupplements.ch\/?product=micronized-creatine-monohydrate-500g\" \/>\n<meta property=\"og:site_name\" content=\"Eco Supplements\" \/>\n<meta property=\"article:modified_time\" content=\"2026-05-13T07:25:26+00:00\" \/>\n<meta property=\"og:image\" content=\"https:\/\/ecosupplements.ch\/wp-content\/uploads\/2026\/05\/Micronized-Creatine-Monohydrate-500g.jpg\" \/>\n\t<meta property=\"og:image:width\" content=\"495\" \/>\n\t<meta property=\"og:image:height\" content=\"880\" \/>\n\t<meta property=\"og:image:type\" content=\"image\/jpeg\" \/>\n<meta name=\"twitter:card\" content=\"summary_large_image\" \/>\n<meta name=\"twitter:label1\" content=\"Price\" \/>\n\t<meta name=\"twitter:data1\" content=\"&#067;&#072;&#070;&nbsp;31.58\" \/>\n\t<meta name=\"twitter:label2\" content=\"Availability\" \/>\n\t<meta name=\"twitter:data2\" content=\"Out of stock\" \/>\n<script type=\"application\/ld+json\" class=\"yoast-schema-graph\">{\"@context\":\"https:\\\/\\\/schema.org\",\"@graph\":[{\"@type\":\"WebPage\",\"@id\":\"https:\\\/\\\/ecosupplements.ch\\\/?product=micronized-creatine-monohydrate-500g\",\"url\":\"https:\\\/\\\/ecosupplements.ch\\\/?product=micronized-creatine-monohydrate-500g\",\"name\":\"Micronized Creatine Monohydrate 500g \u2013 NOW Foods | ecosupplements.ch\",\"isPartOf\":{\"@id\":\"https:\\\/\\\/ecosupplements.ch\\\/#website\"},\"primaryImageOfPage\":{\"@id\":\"https:\\\/\\\/ecosupplements.ch\\\/?product=micronized-creatine-monohydrate-500g#primaryimage\"},\"image\":{\"@id\":\"https:\\\/\\\/ecosupplements.ch\\\/?product=micronized-creatine-monohydrate-500g#primaryimage\"},\"thumbnailUrl\":\"https:\\\/\\\/ecosupplements.ch\\\/wp-content\\\/uploads\\\/2026\\\/05\\\/Micronized-Creatine-Monohydrate-500g.jpg\",\"datePublished\":\"2026-05-11T14:35:02+00:00\",\"dateModified\":\"2026-05-13T07:25:26+00:00\",\"description\":\"Reines mikronisiertes Kreatin-Monohydrat-Pulver von NOW Foods \u2013 4'200 mg pro Portion, 500 g, vegan und glutenfrei. Jetzt bestellen.\",\"breadcrumb\":{\"@id\":\"https:\\\/\\\/ecosupplements.ch\\\/?product=micronized-creatine-monohydrate-500g#breadcrumb\"},\"inLanguage\":\"de-CH\",\"potentialAction\":[{\"@type\":\"ReadAction\",\"target\":[\"https:\\\/\\\/ecosupplements.ch\\\/?product=micronized-creatine-monohydrate-500g\"]}]},{\"@type\":\"ImageObject\",\"inLanguage\":\"de-CH\",\"@id\":\"https:\\\/\\\/ecosupplements.ch\\\/?product=micronized-creatine-monohydrate-500g#primaryimage\",\"url\":\"https:\\\/\\\/ecosupplements.ch\\\/wp-content\\\/uploads\\\/2026\\\/05\\\/Micronized-Creatine-Monohydrate-500g.jpg\",\"contentUrl\":\"https:\\\/\\\/ecosupplements.ch\\\/wp-content\\\/uploads\\\/2026\\\/05\\\/Micronized-Creatine-Monohydrate-500g.jpg\",\"width\":495,\"height\":880,\"caption\":\"Micronized Creatine Monohydrate - 500g\"},{\"@type\":\"BreadcrumbList\",\"@id\":\"https:\\\/\\\/ecosupplements.ch\\\/?product=micronized-creatine-monohydrate-500g#breadcrumb\",\"itemListElement\":[{\"@type\":\"ListItem\",\"position\":1,\"name\":\"Home\",\"item\":\"https:\\\/\\\/ecosupplements.ch\\\/\"},{\"@type\":\"ListItem\",\"position\":2,\"name\":\"Shop\",\"item\":\"https:\\\/\\\/ecosupplements.ch\\\/?page_id=14\"},{\"@type\":\"ListItem\",\"position\":3,\"name\":\"Micronized Creatine Monohydrate &#8211; 500g\"}]},{\"@type\":\"WebSite\",\"@id\":\"https:\\\/\\\/ecosupplements.ch\\\/#website\",\"url\":\"https:\\\/\\\/ecosupplements.ch\\\/\",\"name\":\"Eco Supplements\",\"description\":\"\",\"potentialAction\":[{\"@type\":\"SearchAction\",\"target\":{\"@type\":\"EntryPoint\",\"urlTemplate\":\"https:\\\/\\\/ecosupplements.ch\\\/?s={search_term_string}\"},\"query-input\":{\"@type\":\"PropertyValueSpecification\",\"valueRequired\":true,\"valueName\":\"search_term_string\"}}],\"inLanguage\":\"de-CH\"}]}<\/script>\n<meta property=\"product:price:amount\" content=\"31.58\" \/>\n<meta property=\"product:price:currency\" content=\"CHF\" \/>\n<meta property=\"og:availability\" content=\"out of stock\" \/>\n<meta property=\"product:availability\" content=\"out of stock\" \/>\n<meta property=\"product:retailer_item_id\" content=\"733739020383\" \/>\n<meta property=\"product:condition\" content=\"new\" \/>\n<!-- \/ Yoast SEO plugin. -->","yoast_head_json":{"title":"Micronized Creatine Monohydrate 500g \u2013 NOW Foods | ecosupplements.ch","description":"Reines mikronisiertes Kreatin-Monohydrat-Pulver von NOW Foods \u2013 4'200 mg pro Portion, 500 g, vegan und glutenfrei. Jetzt bestellen.","robots":{"index":"index","follow":"follow","max-snippet":"max-snippet:-1","max-image-preview":"max-image-preview:large","max-video-preview":"max-video-preview:-1"},"canonical":"https:\/\/ecosupplements.ch\/?product=micronized-creatine-monohydrate-500g","og_locale":"de_DE","og_type":"article","og_title":"Micronized Creatine Monohydrate 500g \u2013 NOW Foods | ecosupplements.ch","og_description":"Reines mikronisiertes Kreatin-Monohydrat-Pulver von NOW Foods \u2013 4'200 mg pro Portion, 500 g, vegan und glutenfrei. Jetzt bestellen.","og_url":"https:\/\/ecosupplements.ch\/?product=micronized-creatine-monohydrate-500g","og_site_name":"Eco Supplements","article_modified_time":"2026-05-13T07:25:26+00:00","og_image":[{"width":495,"height":880,"url":"https:\/\/ecosupplements.ch\/wp-content\/uploads\/2026\/05\/Micronized-Creatine-Monohydrate-500g.jpg","type":"image\/jpeg"}],"twitter_card":"summary_large_image","twitter_misc":{"Price":"&#67;&#72;&#70;&nbsp;31.58","Availability":"Out of stock"},"schema":{"@context":"https:\/\/schema.org","@graph":[{"@type":"WebPage","@id":"https:\/\/ecosupplements.ch\/?product=micronized-creatine-monohydrate-500g","url":"https:\/\/ecosupplements.ch\/?product=micronized-creatine-monohydrate-500g","name":"Micronized Creatine Monohydrate 500g \u2013 NOW Foods | ecosupplements.ch","isPartOf":{"@id":"https:\/\/ecosupplements.ch\/#website"},"primaryImageOfPage":{"@id":"https:\/\/ecosupplements.ch\/?product=micronized-creatine-monohydrate-500g#primaryimage"},"image":{"@id":"https:\/\/ecosupplements.ch\/?product=micronized-creatine-monohydrate-500g#primaryimage"},"thumbnailUrl":"https:\/\/ecosupplements.ch\/wp-content\/uploads\/2026\/05\/Micronized-Creatine-Monohydrate-500g.jpg","datePublished":"2026-05-11T14:35:02+00:00","dateModified":"2026-05-13T07:25:26+00:00","description":"Reines mikronisiertes Kreatin-Monohydrat-Pulver von NOW Foods \u2013 4'200 mg pro Portion, 500 g, vegan und glutenfrei. Jetzt bestellen.","breadcrumb":{"@id":"https:\/\/ecosupplements.ch\/?product=micronized-creatine-monohydrate-500g#breadcrumb"},"inLanguage":"de-CH","potentialAction":[{"@type":"ReadAction","target":["https:\/\/ecosupplements.ch\/?product=micronized-creatine-monohydrate-500g"]}]},{"@type":"ImageObject","inLanguage":"de-CH","@id":"https:\/\/ecosupplements.ch\/?product=micronized-creatine-monohydrate-500g#primaryimage","url":"https:\/\/ecosupplements.ch\/wp-content\/uploads\/2026\/05\/Micronized-Creatine-Monohydrate-500g.jpg","contentUrl":"https:\/\/ecosupplements.ch\/wp-content\/uploads\/2026\/05\/Micronized-Creatine-Monohydrate-500g.jpg","width":495,"height":880,"caption":"Micronized Creatine Monohydrate - 500g"},{"@type":"BreadcrumbList","@id":"https:\/\/ecosupplements.ch\/?product=micronized-creatine-monohydrate-500g#breadcrumb","itemListElement":[{"@type":"ListItem","position":1,"name":"Home","item":"https:\/\/ecosupplements.ch\/"},{"@type":"ListItem","position":2,"name":"Shop","item":"https:\/\/ecosupplements.ch\/?page_id=14"},{"@type":"ListItem","position":3,"name":"Micronized Creatine Monohydrate &#8211; 500g"}]},{"@type":"WebSite","@id":"https:\/\/ecosupplements.ch\/#website","url":"https:\/\/ecosupplements.ch\/","name":"Eco Supplements","description":"","potentialAction":[{"@type":"SearchAction","target":{"@type":"EntryPoint","urlTemplate":"https:\/\/ecosupplements.ch\/?s={search_term_string}"},"query-input":{"@type":"PropertyValueSpecification","valueRequired":true,"valueName":"search_term_string"}}],"inLanguage":"de-CH"}]},"product_price_amount":"31.58","product_price_currency":"CHF","og_availability":"out of stock","product_availability":"out of stock","product_retailer_item_id":"733739020383","product_condition":"new"},"_links":{"self":[{"href":"https:\/\/ecosupplements.ch\/index.php?rest_route=\/wp\/v2\/product\/2249","targetHints":{"allow":["GET"]}}],"collection":[{"href":"https:\/\/ecosupplements.ch\/index.php?rest_route=\/wp\/v2\/product"}],"about":[{"href":"https:\/\/ecosupplements.ch\/index.php?rest_route=\/wp\/v2\/types\/product"}],"replies":[{"embeddable":true,"href":"https:\/\/ecosupplements.ch\/index.php?rest_route=%2Fwp%2Fv2%2Fcomments&post=2249"}],"wp:featuredmedia":[{"embeddable":true,"href":"https:\/\/ecosupplements.ch\/index.php?rest_route=\/wp\/v2\/media\/2250"}],"wp:attachment":[{"href":"https:\/\/ecosupplements.ch\/index.php?rest_route=%2Fwp%2Fv2%2Fmedia&parent=2249"}],"wp:term":[{"taxonomy":"product_brand","embeddable":true,"href":"https:\/\/ecosupplements.ch\/index.php?rest_route=%2Fwp%2Fv2%2Fproduct_brand&post=2249"},{"taxonomy":"product_cat","embeddable":true,"href":"https:\/\/ecosupplements.ch\/index.php?rest_route=%2Fwp%2Fv2%2Fproduct_cat&post=2249"},{"taxonomy":"product_tag","embeddable":true,"href":"https:\/\/ecosupplements.ch\/index.php?rest_route=%2Fwp%2Fv2%2Fproduct_tag&post=2249"}],"curies":[{"name":"wp","href":"https:\/\/api.w.org\/{rel}","templated":true}]}}