{"id":2266,"date":"2026-05-11T14:35:08","date_gmt":"2026-05-11T14:35:08","guid":{"rendered":"https:\/\/ecosupplements.ch\/?product=potassium-iodide-30mg-60-tabs"},"modified":"2026-05-13T07:23:21","modified_gmt":"2026-05-13T07:23:21","slug":"potassium-iodide-30mg-60-tabs","status":"publish","type":"product","link":"https:\/\/ecosupplements.ch\/?product=potassium-iodide-30mg-60-tabs","title":{"rendered":"Potassium Iodide, 30mg &#8211; 60 tabs"},"content":{"rendered":"<div class=\"chcg-product-description\">\n<h2 class=\"chcg-heading\">\u00dcber NOW Foods \u2013 Potassium Iodide, 30mg \u2013 60 Tabletten<\/h2>\n<div class=\"chcg-intro\">\n<p>Kaliumiodid (Potassium Iodide) von NOW Foods ist ein gezielt einsetzbares Nahrungserg\u00e4nzungsmittel, das pro Tablette 30 mg Kaliumiodid liefert. Jod tr\u00e4gt zur normalen Schilddr\u00fcsenfunktion sowie zur normalen Produktion von Schilddr\u00fcsenhormonen bei. Das Produkt richtet sich an Erwachsene und Jugendliche, die auf Anweisung einer Fachperson f\u00fcr medizinische Betreuung gezielt eine kurzfristige Joderg\u00e4nzung ben\u00f6tigen.<\/p>\n<p>Die Tabletten sind mit bew\u00e4hrten Hilfstoffen aus pflanzlichen Quellen formuliert und entsprechen den Anforderungen der GMP-Herstellung (Good Manufacturing Practice). Das Produkt ist vegan, vegetarisch und glutenfrei \u2013 hergestellt und qualit\u00e4tsgepr\u00fcft in den USA mit weltweit bezogenen Zutaten.<\/p>\n<p>Bitte beachten Sie: Dieses Produkt darf ausschliesslich gem\u00e4ss der Anweisung einer Fachperson f\u00fcr medizinische Betreuung und nur f\u00fcr den kurzfristigen Gebrauch verwendet werden. Lesen Sie die Warnhinweise sorgf\u00e4ltig, bevor Sie das Produkt verwenden.<\/p>\n<\/p><\/div>\n<div class=\"chcg-nutrition\">\n<h3>N\u00e4hrwertangaben<\/h3>\n<table class=\"chcg-nutrition-table\">\n<thead>\n<tr>\n<th>N\u00e4hrstoff<\/th>\n<th>Pro Portion (3 Tabletten)<\/th>\n<\/tr>\n<\/thead>\n<tbody>\n<tr>\n<td>Potassium Iodide (Kaliumiodid)<\/td>\n<td>90 mg \/ 90&#8217;000 \u00b5g (5% NRW*)<\/td>\n<\/tr>\n<\/tbody>\n<\/table>\n<p class=\"chcg-footnote\">Portionsgr\u00f6sse: 3 Tabletten | Portionen pro Packung: 20<\/p>\n<p class=\"chcg-footnote\">* NRW = N\u00e4hrwert-Referenzwert. Die angegebenen 5% NRW beziehen sich auf den Jod-Referenzwert gem\u00e4ss EU\/regionalem Etikettenformat (Jod als Bestandteil von Kaliumiodid).<\/p>\n<\/p><\/div>\n<div class=\"chcg-ingredients\">\n<h3>Zutaten<\/h3>\n<p>Potassium Iodide (Kaliumiodid) 30 mg. Weitere Zutaten: Mikrokristalline Cellulose, Croscarmellose-Natrium, Stearins\u00e4ure (pflanzliche Quelle) und Siliciumdioxid.<\/p>\n<\/p><\/div>\n<div class=\"chcg-dosage\">\n<h3>Verzehrempfehlung<\/h3>\n<p>Nur gem\u00e4ss Anweisung einer Fachperson f\u00fcr medizinische Betreuung f\u00fcr den einmaligen kurzfristigen Gebrauch: Erwachsene und Jugendliche nehmen 3 Tabletten. Nicht f\u00fcr Kinder unter 12 Jahren geeignet, es sei denn, eine Fachperson f\u00fcr medizinische Betreuung empfiehlt dies ausdr\u00fccklich.<\/p>\n<\/p><\/div>\n<div class=\"chcg-warnings\">\n<h3>Warnhinweise<\/h3>\n<p>Kaliumiodid in der in diesem Produkt enthaltenen Form darf nur gem\u00e4ss Anweisung einer Fachperson f\u00fcr medizinische Betreuung eingenommen werden. Informieren Sie Ihre Fachperson f\u00fcr medizinische Betreuung, wenn Sie schwanger sind oder stillen, Medikamente einnehmen oder eine gesundheitliche Erkrankung haben. Die empfohlene Verzehrmenge darf nicht \u00fcberschritten werden. Nur f\u00fcr kurzfristigen Gebrauch. Setzen Sie die Einnahme ab, wenn Sie geschwollene Speicheldr\u00fcsen, Magenbeschwerden oder einen Hautausschlag entwickeln. Nicht anwenden, wenn Sie eine Jodempfindlichkeit oder eine Schilddr\u00fcsenerkrankung haben oder wenn Sie blutdrucksenkende Medikamente oder Schilddr\u00fcsenhemmer einnehmen. Ausserhalb der Reichweite von Kindern aufbewahren. Nat\u00fcrliche Farbvariationen in diesem Produkt sind m\u00f6glich. Hergestellt und qualit\u00e4tsgepr\u00fcft in den USA mit weltweit bezogenen Zutaten.<\/p>\n<\/p><\/div>\n<div class=\"chcg-allergens\">\n<h3>Allergeninformationen<\/h3>\n<p>Nicht hergestellt mit Hefe, Weizen, Gluten, Soja, Milch, Ei, Fisch, Schalentieren, Baumn\u00fcssen oder Sesam. Produziert in einer GMP-Einrichtung, die andere Zutaten verarbeitet, die diese Allergene enthalten.<\/p>\n<\/p><\/div>\n<div class=\"chcg-storage\">\n<h3>Lagerung<\/h3>\n<p>Nach dem \u00d6ffnen an einem k\u00fchlen, trockenen Ort aufbewahren.<\/p>\n<\/p><\/div>\n<div class=\"chcg-dietary\">\n<h3>Ern\u00e4hrungshinweise<\/h3>\n<ul>\n<li>Vegan<\/li>\n<li>Vegetarisch<\/li>\n<li>Glutenfrei<\/li>\n<li>Laktosefrei<\/li>\n<\/ul><\/div>\n<\/div>\n","protected":false},"excerpt":{"rendered":"<p>Potassium Iodide von NOW Foods liefert 30 mg Kaliumiodid pro Tablette f\u00fcr die gezielte, kurzfristige Anwendung unter \u00e4rztlicher Aufsicht. 60 Tabletten, vegan und glutenfrei.<\/p>\n","protected":false},"featured_media":2267,"comment_status":"closed","ping_status":"open","template":"","meta":[],"product_brand":[207],"product_cat":[23,48,109,22,171,21],"product_tag":[],"class_list":{"0":"post-2266","1":"product","2":"type-product","3":"status-publish","4":"has-post-thumbnail","6":"product_brand-now-foods","7":"product_cat-einige-mineralien","8":"product_cat-gesunde-ernaehrung","9":"product_cat-jod","10":"product_cat-vegane-produkte","11":"product_cat-vitamine-und-mineralien","12":"product_cat-vitamine-und-mineralstoffe","14":"first","15":"outofstock","16":"taxable","17":"shipping-taxable","18":"purchasable","19":"product-type-simple"},"yoast_head":"<!-- This site is optimized with the Yoast SEO plugin v27.5 - https:\/\/yoast.com\/product\/yoast-seo-wordpress\/ -->\n<title>Potassium Iodide 30mg \u2013 NOW Foods | ecosupplements.ch<\/title>\n<meta name=\"description\" content=\"NOW Foods Potassium Iodide, 30mg \u2013 60 Tabletten f\u00fcr kurzfristige Joderg\u00e4nzung unter \u00e4rztlicher Anweisung. Vegan, glutenfrei. Jetzt bestellen.\" \/>\n<meta name=\"robots\" content=\"index, follow, max-snippet:-1, max-image-preview:large, max-video-preview:-1\" \/>\n<link rel=\"canonical\" href=\"https:\/\/ecosupplements.ch\/?product=potassium-iodide-30mg-60-tabs\" \/>\n<meta property=\"og:locale\" content=\"de_DE\" \/>\n<meta property=\"og:type\" content=\"article\" \/>\n<meta property=\"og:title\" content=\"Potassium Iodide 30mg \u2013 NOW Foods | ecosupplements.ch\" \/>\n<meta property=\"og:description\" content=\"NOW Foods Potassium Iodide, 30mg \u2013 60 Tabletten f\u00fcr kurzfristige Joderg\u00e4nzung unter \u00e4rztlicher Anweisung. Vegan, glutenfrei. Jetzt bestellen.\" \/>\n<meta property=\"og:url\" content=\"https:\/\/ecosupplements.ch\/?product=potassium-iodide-30mg-60-tabs\" \/>\n<meta property=\"og:site_name\" content=\"Eco Supplements\" \/>\n<meta property=\"article:modified_time\" content=\"2026-05-13T07:23:21+00:00\" \/>\n<meta property=\"og:image\" content=\"https:\/\/ecosupplements.ch\/wp-content\/uploads\/2026\/05\/Potassium-Iodide-30mg-60-tabs.jpg\" \/>\n\t<meta property=\"og:image:width\" content=\"474\" \/>\n\t<meta property=\"og:image:height\" content=\"880\" \/>\n\t<meta property=\"og:image:type\" content=\"image\/jpeg\" \/>\n<meta name=\"twitter:card\" content=\"summary_large_image\" \/>\n<meta name=\"twitter:label1\" content=\"Price\" \/>\n\t<meta name=\"twitter:data1\" content=\"&#067;&#072;&#070;&nbsp;9.92\" \/>\n\t<meta name=\"twitter:label2\" content=\"Availability\" \/>\n\t<meta name=\"twitter:data2\" content=\"Out of stock\" \/>\n<script type=\"application\/ld+json\" class=\"yoast-schema-graph\">{\"@context\":\"https:\\\/\\\/schema.org\",\"@graph\":[{\"@type\":\"WebPage\",\"@id\":\"https:\\\/\\\/ecosupplements.ch\\\/?product=potassium-iodide-30mg-60-tabs\",\"url\":\"https:\\\/\\\/ecosupplements.ch\\\/?product=potassium-iodide-30mg-60-tabs\",\"name\":\"Potassium Iodide 30mg \u2013 NOW Foods | ecosupplements.ch\",\"isPartOf\":{\"@id\":\"https:\\\/\\\/ecosupplements.ch\\\/#website\"},\"primaryImageOfPage\":{\"@id\":\"https:\\\/\\\/ecosupplements.ch\\\/?product=potassium-iodide-30mg-60-tabs#primaryimage\"},\"image\":{\"@id\":\"https:\\\/\\\/ecosupplements.ch\\\/?product=potassium-iodide-30mg-60-tabs#primaryimage\"},\"thumbnailUrl\":\"https:\\\/\\\/ecosupplements.ch\\\/wp-content\\\/uploads\\\/2026\\\/05\\\/Potassium-Iodide-30mg-60-tabs.jpg\",\"datePublished\":\"2026-05-11T14:35:08+00:00\",\"dateModified\":\"2026-05-13T07:23:21+00:00\",\"description\":\"NOW Foods Potassium Iodide, 30mg \u2013 60 Tabletten f\u00fcr kurzfristige Joderg\u00e4nzung unter \u00e4rztlicher Anweisung. Vegan, glutenfrei. Jetzt bestellen.\",\"breadcrumb\":{\"@id\":\"https:\\\/\\\/ecosupplements.ch\\\/?product=potassium-iodide-30mg-60-tabs#breadcrumb\"},\"inLanguage\":\"de-CH\",\"potentialAction\":[{\"@type\":\"ReadAction\",\"target\":[\"https:\\\/\\\/ecosupplements.ch\\\/?product=potassium-iodide-30mg-60-tabs\"]}]},{\"@type\":\"ImageObject\",\"inLanguage\":\"de-CH\",\"@id\":\"https:\\\/\\\/ecosupplements.ch\\\/?product=potassium-iodide-30mg-60-tabs#primaryimage\",\"url\":\"https:\\\/\\\/ecosupplements.ch\\\/wp-content\\\/uploads\\\/2026\\\/05\\\/Potassium-Iodide-30mg-60-tabs.jpg\",\"contentUrl\":\"https:\\\/\\\/ecosupplements.ch\\\/wp-content\\\/uploads\\\/2026\\\/05\\\/Potassium-Iodide-30mg-60-tabs.jpg\",\"width\":474,\"height\":880,\"caption\":\"Potassium Iodide\"},{\"@type\":\"BreadcrumbList\",\"@id\":\"https:\\\/\\\/ecosupplements.ch\\\/?product=potassium-iodide-30mg-60-tabs#breadcrumb\",\"itemListElement\":[{\"@type\":\"ListItem\",\"position\":1,\"name\":\"Home\",\"item\":\"https:\\\/\\\/ecosupplements.ch\\\/\"},{\"@type\":\"ListItem\",\"position\":2,\"name\":\"Shop\",\"item\":\"https:\\\/\\\/ecosupplements.ch\\\/?page_id=14\"},{\"@type\":\"ListItem\",\"position\":3,\"name\":\"Potassium Iodide, 30mg &#8211; 60 tabs\"}]},{\"@type\":\"WebSite\",\"@id\":\"https:\\\/\\\/ecosupplements.ch\\\/#website\",\"url\":\"https:\\\/\\\/ecosupplements.ch\\\/\",\"name\":\"Eco Supplements\",\"description\":\"\",\"potentialAction\":[{\"@type\":\"SearchAction\",\"target\":{\"@type\":\"EntryPoint\",\"urlTemplate\":\"https:\\\/\\\/ecosupplements.ch\\\/?s={search_term_string}\"},\"query-input\":{\"@type\":\"PropertyValueSpecification\",\"valueRequired\":true,\"valueName\":\"search_term_string\"}}],\"inLanguage\":\"de-CH\"}]}<\/script>\n<meta property=\"product:price:amount\" content=\"9.92\" \/>\n<meta property=\"product:price:currency\" content=\"CHF\" \/>\n<meta property=\"og:availability\" content=\"out of stock\" \/>\n<meta property=\"product:availability\" content=\"out of stock\" \/>\n<meta property=\"product:retailer_item_id\" content=\"733739014542\" \/>\n<meta property=\"product:condition\" content=\"new\" \/>\n<!-- \/ Yoast SEO plugin. -->","yoast_head_json":{"title":"Potassium Iodide 30mg \u2013 NOW Foods | ecosupplements.ch","description":"NOW Foods Potassium Iodide, 30mg \u2013 60 Tabletten f\u00fcr kurzfristige Joderg\u00e4nzung unter \u00e4rztlicher Anweisung. Vegan, glutenfrei. Jetzt bestellen.","robots":{"index":"index","follow":"follow","max-snippet":"max-snippet:-1","max-image-preview":"max-image-preview:large","max-video-preview":"max-video-preview:-1"},"canonical":"https:\/\/ecosupplements.ch\/?product=potassium-iodide-30mg-60-tabs","og_locale":"de_DE","og_type":"article","og_title":"Potassium Iodide 30mg \u2013 NOW Foods | ecosupplements.ch","og_description":"NOW Foods Potassium Iodide, 30mg \u2013 60 Tabletten f\u00fcr kurzfristige Joderg\u00e4nzung unter \u00e4rztlicher Anweisung. Vegan, glutenfrei. Jetzt bestellen.","og_url":"https:\/\/ecosupplements.ch\/?product=potassium-iodide-30mg-60-tabs","og_site_name":"Eco Supplements","article_modified_time":"2026-05-13T07:23:21+00:00","og_image":[{"width":474,"height":880,"url":"https:\/\/ecosupplements.ch\/wp-content\/uploads\/2026\/05\/Potassium-Iodide-30mg-60-tabs.jpg","type":"image\/jpeg"}],"twitter_card":"summary_large_image","twitter_misc":{"Price":"&#67;&#72;&#70;&nbsp;9.92","Availability":"Out of stock"},"schema":{"@context":"https:\/\/schema.org","@graph":[{"@type":"WebPage","@id":"https:\/\/ecosupplements.ch\/?product=potassium-iodide-30mg-60-tabs","url":"https:\/\/ecosupplements.ch\/?product=potassium-iodide-30mg-60-tabs","name":"Potassium Iodide 30mg \u2013 NOW Foods | ecosupplements.ch","isPartOf":{"@id":"https:\/\/ecosupplements.ch\/#website"},"primaryImageOfPage":{"@id":"https:\/\/ecosupplements.ch\/?product=potassium-iodide-30mg-60-tabs#primaryimage"},"image":{"@id":"https:\/\/ecosupplements.ch\/?product=potassium-iodide-30mg-60-tabs#primaryimage"},"thumbnailUrl":"https:\/\/ecosupplements.ch\/wp-content\/uploads\/2026\/05\/Potassium-Iodide-30mg-60-tabs.jpg","datePublished":"2026-05-11T14:35:08+00:00","dateModified":"2026-05-13T07:23:21+00:00","description":"NOW Foods Potassium Iodide, 30mg \u2013 60 Tabletten f\u00fcr kurzfristige Joderg\u00e4nzung unter \u00e4rztlicher Anweisung. Vegan, glutenfrei. Jetzt bestellen.","breadcrumb":{"@id":"https:\/\/ecosupplements.ch\/?product=potassium-iodide-30mg-60-tabs#breadcrumb"},"inLanguage":"de-CH","potentialAction":[{"@type":"ReadAction","target":["https:\/\/ecosupplements.ch\/?product=potassium-iodide-30mg-60-tabs"]}]},{"@type":"ImageObject","inLanguage":"de-CH","@id":"https:\/\/ecosupplements.ch\/?product=potassium-iodide-30mg-60-tabs#primaryimage","url":"https:\/\/ecosupplements.ch\/wp-content\/uploads\/2026\/05\/Potassium-Iodide-30mg-60-tabs.jpg","contentUrl":"https:\/\/ecosupplements.ch\/wp-content\/uploads\/2026\/05\/Potassium-Iodide-30mg-60-tabs.jpg","width":474,"height":880,"caption":"Potassium Iodide"},{"@type":"BreadcrumbList","@id":"https:\/\/ecosupplements.ch\/?product=potassium-iodide-30mg-60-tabs#breadcrumb","itemListElement":[{"@type":"ListItem","position":1,"name":"Home","item":"https:\/\/ecosupplements.ch\/"},{"@type":"ListItem","position":2,"name":"Shop","item":"https:\/\/ecosupplements.ch\/?page_id=14"},{"@type":"ListItem","position":3,"name":"Potassium Iodide, 30mg &#8211; 60 tabs"}]},{"@type":"WebSite","@id":"https:\/\/ecosupplements.ch\/#website","url":"https:\/\/ecosupplements.ch\/","name":"Eco Supplements","description":"","potentialAction":[{"@type":"SearchAction","target":{"@type":"EntryPoint","urlTemplate":"https:\/\/ecosupplements.ch\/?s={search_term_string}"},"query-input":{"@type":"PropertyValueSpecification","valueRequired":true,"valueName":"search_term_string"}}],"inLanguage":"de-CH"}]},"product_price_amount":"9.92","product_price_currency":"CHF","og_availability":"out of stock","product_availability":"out of stock","product_retailer_item_id":"733739014542","product_condition":"new"},"_links":{"self":[{"href":"https:\/\/ecosupplements.ch\/index.php?rest_route=\/wp\/v2\/product\/2266","targetHints":{"allow":["GET"]}}],"collection":[{"href":"https:\/\/ecosupplements.ch\/index.php?rest_route=\/wp\/v2\/product"}],"about":[{"href":"https:\/\/ecosupplements.ch\/index.php?rest_route=\/wp\/v2\/types\/product"}],"replies":[{"embeddable":true,"href":"https:\/\/ecosupplements.ch\/index.php?rest_route=%2Fwp%2Fv2%2Fcomments&post=2266"}],"wp:featuredmedia":[{"embeddable":true,"href":"https:\/\/ecosupplements.ch\/index.php?rest_route=\/wp\/v2\/media\/2267"}],"wp:attachment":[{"href":"https:\/\/ecosupplements.ch\/index.php?rest_route=%2Fwp%2Fv2%2Fmedia&parent=2266"}],"wp:term":[{"taxonomy":"product_brand","embeddable":true,"href":"https:\/\/ecosupplements.ch\/index.php?rest_route=%2Fwp%2Fv2%2Fproduct_brand&post=2266"},{"taxonomy":"product_cat","embeddable":true,"href":"https:\/\/ecosupplements.ch\/index.php?rest_route=%2Fwp%2Fv2%2Fproduct_cat&post=2266"},{"taxonomy":"product_tag","embeddable":true,"href":"https:\/\/ecosupplements.ch\/index.php?rest_route=%2Fwp%2Fv2%2Fproduct_tag&post=2266"}],"curies":[{"name":"wp","href":"https:\/\/api.w.org\/{rel}","templated":true}]}}