{"id":2270,"date":"2026-05-11T14:35:10","date_gmt":"2026-05-11T14:35:10","guid":{"rendered":"https:\/\/ecosupplements.ch\/?product=pycnogenol-30mg-60-vcaps"},"modified":"2026-05-13T07:23:23","modified_gmt":"2026-05-13T07:23:23","slug":"pycnogenol-30mg-60-vcaps","status":"publish","type":"product","link":"https:\/\/ecosupplements.ch\/?product=pycnogenol-30mg-60-vcaps","title":{"rendered":"Pycnogenol, 30mg &#8211; 60 vcaps"},"content":{"rendered":"<div class=\"chcg-product-description\">\n<h2 class=\"chcg-heading\">\u00dcber NOW Foods \u2013 Pycnogenol, 30mg \u2013 60 Vkaps<\/h2>\n<div class=\"chcg-intro\">\n<p>Pycnogenol\u00ae ist ein standardisierter Extrakt aus der Rinde der franz\u00f6sischen Meereskiefer (<em>Pinus pinaster<\/em>) und geh\u00f6rt zu den am intensivsten erforschten pflanzlichen Wirkstoffen weltweit. NOW Foods kombiniert diesen hochwertigen markengesch\u00fctzten Extrakt mit einem Citrus-Bioflavonoid-Komplex, um ein ausgewogenes Nahrungserg\u00e4nzungsmittel f\u00fcr alle anzubieten, die ihre t\u00e4gliche Versorgung mit nat\u00fcrlichen Pflanzenstoffen gezielt erg\u00e4nzen m\u00f6chten.<\/p>\n<p>Jede Kapsel liefert 30 mg Pycnogenol\u00ae sowie 300 mg Citrus-Bioflavonoide \u2013 zwei Portionen t\u00e4glich entsprechen damit 60 mg Pycnogenol\u00ae und 600 mg Citrus-Bioflavonoide. Die vegane Kapselh\u00fclle aus Hypromellose macht dieses Produkt f\u00fcr eine breite Zielgruppe geeignet, einschliesslich Veganer und Vegetarier.<\/p>\n<p>NOW Foods steht seit Jahrzehnten f\u00fcr kompromisslose Qualit\u00e4t und produziert dieses Produkt gem\u00e4ss den strengen GMP-Richtlinien (Good Manufacturing Practice). Das Produkt ist frei von Gluten, Laktose und tierischen Inhaltsstoffen und f\u00fcgt sich damit problemlos in verschiedenste Ern\u00e4hrungsweisen ein.<\/p>\n<\/p><\/div>\n<div class=\"chcg-nutrition\">\n<h3>N\u00e4hrwertangaben<\/h3>\n<table class=\"chcg-nutrition-table\">\n<thead>\n<tr>\n<th>N\u00e4hrstoff<\/th>\n<th>Pro Portion (2 Vkaps)<\/th>\n<\/tr>\n<\/thead>\n<tbody>\n<tr>\n<td>Pycnogenol\u00ae (Rindenextrakt der franz\u00f6sischen Meereskiefer) (<em>Pinus pinaster<\/em>)<\/td>\n<td>60 mg *<\/td>\n<\/tr>\n<tr>\n<td>Citrus-Bioflavonoid-Komplex<\/td>\n<td>600 mg *<\/td>\n<\/tr>\n<\/tbody>\n<\/table>\n<p class=\"chcg-footnote\">* Kein festgelegter Tagesreferenzwert vorhanden.<\/p>\n<p class=\"chcg-footnote\">Portionsgr\u00f6sse: 2 vegane Kapseln | Portionen pro Packung: 30<\/p>\n<\/p><\/div>\n<div class=\"chcg-ingredients\">\n<h3>Zutaten<\/h3>\n<p>Pycnogenol\u00ae (Rindenextrakt der franz\u00f6sischen Meereskiefer) (<em>Pinus pinaster<\/em>) 30 mg, Citrus-Bioflavonoid-Komplex 300 mg. Weitere Zutaten: Hypromellose (Zellulosekapselh\u00fclle), Reismehl und Stearins\u00e4ure (pflanzliche Quelle).<\/p>\n<p class=\"chcg-capsule-shell\">Kapselh\u00fclle: Hypromellose (Zellulosekapselh\u00fclle)<\/p>\n<\/p><\/div>\n<div class=\"chcg-dosage\">\n<h3>Verzehrempfehlung<\/h3>\n<p>2 Kapseln 1- bis 3-mal t\u00e4glich einnehmen.<\/p>\n<\/p><\/div>\n<div class=\"chcg-warnings\">\n<h3>Warnhinweise<\/h3>\n<p>Nur f\u00fcr Erwachsene. Bei Schwangerschaft oder Stillzeit, bei der Einnahme von Medikamenten oder bei bestehenden gesundheitlichen Beschwerden ist vor der Einnahme ein Arzt zu konsultieren. Ausserhalb der Reichweite von Kindern aufbewahren. Nat\u00fcrliche Farbabweichungen des Produkts sind m\u00f6glich.<\/p>\n<\/p><\/div>\n<div class=\"chcg-allergens\">\n<h3>Allergeninformationen<\/h3>\n<p>Nicht hergestellt mit Hefe, Weizen, Gluten, Soja, Milch, Ei, Fisch, Schalentieren oder Baumnuss-Inhaltsstoffen. Produziert in einem GMP-zertifizierten Betrieb, der auch andere Zutaten verarbeitet, die diese Allergene enthalten k\u00f6nnen.<\/p>\n<\/p><\/div>\n<div class=\"chcg-storage\">\n<h3>Lagerung<\/h3>\n<p>Nach dem \u00d6ffnen an einem k\u00fchlen, trockenen Ort aufbewahren.<\/p>\n<\/p><\/div>\n<div class=\"chcg-dietary\">\n<h3>Ern\u00e4hrungshinweise<\/h3>\n<ul>\n<li>Vegan<\/li>\n<li>Vegetarisch<\/li>\n<li>Glutenfrei<\/li>\n<li>Laktosefrei<\/li>\n<\/ul><\/div>\n<\/div>\n","protected":false},"excerpt":{"rendered":"<p>Pycnogenol\u00ae aus franz\u00f6sischer Meeresk\u00fcsten-Kiefer, kombiniert mit Citrus-Bioflavonoiden \u2013 60 vegane Kapseln von NOW Foods f\u00fcr die gezielte Erg\u00e4nzung nat\u00fcrlicher Pflanzenstoffe im Alltag.<\/p>\n","protected":false},"featured_media":2271,"comment_status":"closed","ping_status":"open","template":"","meta":[],"product_brand":[207],"product_cat":[34,48,25,44,171,21],"product_tag":[],"class_list":{"0":"post-2270","1":"product","2":"type-product","3":"status-publish","4":"has-post-thumbnail","6":"product_brand-now-foods","7":"product_cat-antioxidantien","8":"product_cat-gesunde-ernaehrung","9":"product_cat-gesundheit-und-wohlbefinden","10":"product_cat-pflanzliche-nahrungsergaenzungsmittel","11":"product_cat-vitamine-und-mineralien","12":"product_cat-vitamine-und-mineralstoffe","14":"first","15":"outofstock","16":"taxable","17":"shipping-taxable","18":"purchasable","19":"product-type-simple"},"yoast_head":"<!-- This site is optimized with the Yoast SEO plugin v27.5 - https:\/\/yoast.com\/product\/yoast-seo-wordpress\/ -->\n<title>Pycnogenol 30mg, 60 Vkaps \u2013 NOW Foods | ecosupplements.ch<\/title>\n<meta name=\"description\" content=\"Pycnogenol\u00ae mit Citrus-Bioflavonoiden in veganen Kapseln \u2013 60 St\u00fcck von NOW Foods, glutenfrei und laktosefrei. Jetzt bestellen.\" \/>\n<meta name=\"robots\" content=\"index, follow, max-snippet:-1, max-image-preview:large, max-video-preview:-1\" \/>\n<link rel=\"canonical\" href=\"https:\/\/ecosupplements.ch\/?product=pycnogenol-30mg-60-vcaps\" \/>\n<meta property=\"og:locale\" content=\"de_DE\" \/>\n<meta property=\"og:type\" content=\"article\" \/>\n<meta property=\"og:title\" content=\"Pycnogenol 30mg, 60 Vkaps \u2013 NOW Foods | ecosupplements.ch\" \/>\n<meta property=\"og:description\" content=\"Pycnogenol\u00ae mit Citrus-Bioflavonoiden in veganen Kapseln \u2013 60 St\u00fcck von NOW Foods, glutenfrei und laktosefrei. Jetzt bestellen.\" \/>\n<meta property=\"og:url\" content=\"https:\/\/ecosupplements.ch\/?product=pycnogenol-30mg-60-vcaps\" \/>\n<meta property=\"og:site_name\" content=\"Eco Supplements\" \/>\n<meta property=\"article:modified_time\" content=\"2026-05-13T07:23:23+00:00\" \/>\n<meta property=\"og:image\" content=\"https:\/\/ecosupplements.ch\/wp-content\/uploads\/2026\/05\/Pycnogenol-30mg-60-vcaps.jpg\" \/>\n\t<meta property=\"og:image:width\" content=\"422\" \/>\n\t<meta property=\"og:image:height\" content=\"880\" \/>\n\t<meta property=\"og:image:type\" content=\"image\/jpeg\" \/>\n<meta name=\"twitter:card\" content=\"summary_large_image\" \/>\n<meta name=\"twitter:label1\" content=\"Price\" \/>\n\t<meta name=\"twitter:data1\" content=\"&#067;&#072;&#070;&nbsp;27.43\" \/>\n\t<meta name=\"twitter:label2\" content=\"Availability\" \/>\n\t<meta name=\"twitter:data2\" content=\"Out of stock\" \/>\n<script type=\"application\/ld+json\" class=\"yoast-schema-graph\">{\"@context\":\"https:\\\/\\\/schema.org\",\"@graph\":[{\"@type\":\"WebPage\",\"@id\":\"https:\\\/\\\/ecosupplements.ch\\\/?product=pycnogenol-30mg-60-vcaps\",\"url\":\"https:\\\/\\\/ecosupplements.ch\\\/?product=pycnogenol-30mg-60-vcaps\",\"name\":\"Pycnogenol 30mg, 60 Vkaps \u2013 NOW Foods | ecosupplements.ch\",\"isPartOf\":{\"@id\":\"https:\\\/\\\/ecosupplements.ch\\\/#website\"},\"primaryImageOfPage\":{\"@id\":\"https:\\\/\\\/ecosupplements.ch\\\/?product=pycnogenol-30mg-60-vcaps#primaryimage\"},\"image\":{\"@id\":\"https:\\\/\\\/ecosupplements.ch\\\/?product=pycnogenol-30mg-60-vcaps#primaryimage\"},\"thumbnailUrl\":\"https:\\\/\\\/ecosupplements.ch\\\/wp-content\\\/uploads\\\/2026\\\/05\\\/Pycnogenol-30mg-60-vcaps.jpg\",\"datePublished\":\"2026-05-11T14:35:10+00:00\",\"dateModified\":\"2026-05-13T07:23:23+00:00\",\"description\":\"Pycnogenol\u00ae mit Citrus-Bioflavonoiden in veganen Kapseln \u2013 60 St\u00fcck von NOW Foods, glutenfrei und laktosefrei. Jetzt bestellen.\",\"breadcrumb\":{\"@id\":\"https:\\\/\\\/ecosupplements.ch\\\/?product=pycnogenol-30mg-60-vcaps#breadcrumb\"},\"inLanguage\":\"de-CH\",\"potentialAction\":[{\"@type\":\"ReadAction\",\"target\":[\"https:\\\/\\\/ecosupplements.ch\\\/?product=pycnogenol-30mg-60-vcaps\"]}]},{\"@type\":\"ImageObject\",\"inLanguage\":\"de-CH\",\"@id\":\"https:\\\/\\\/ecosupplements.ch\\\/?product=pycnogenol-30mg-60-vcaps#primaryimage\",\"url\":\"https:\\\/\\\/ecosupplements.ch\\\/wp-content\\\/uploads\\\/2026\\\/05\\\/Pycnogenol-30mg-60-vcaps.jpg\",\"contentUrl\":\"https:\\\/\\\/ecosupplements.ch\\\/wp-content\\\/uploads\\\/2026\\\/05\\\/Pycnogenol-30mg-60-vcaps.jpg\",\"width\":422,\"height\":880,\"caption\":\"Pycnogenol\"},{\"@type\":\"BreadcrumbList\",\"@id\":\"https:\\\/\\\/ecosupplements.ch\\\/?product=pycnogenol-30mg-60-vcaps#breadcrumb\",\"itemListElement\":[{\"@type\":\"ListItem\",\"position\":1,\"name\":\"Home\",\"item\":\"https:\\\/\\\/ecosupplements.ch\\\/\"},{\"@type\":\"ListItem\",\"position\":2,\"name\":\"Shop\",\"item\":\"https:\\\/\\\/ecosupplements.ch\\\/?page_id=14\"},{\"@type\":\"ListItem\",\"position\":3,\"name\":\"Pycnogenol, 30mg &#8211; 60 vcaps\"}]},{\"@type\":\"WebSite\",\"@id\":\"https:\\\/\\\/ecosupplements.ch\\\/#website\",\"url\":\"https:\\\/\\\/ecosupplements.ch\\\/\",\"name\":\"Eco Supplements\",\"description\":\"\",\"potentialAction\":[{\"@type\":\"SearchAction\",\"target\":{\"@type\":\"EntryPoint\",\"urlTemplate\":\"https:\\\/\\\/ecosupplements.ch\\\/?s={search_term_string}\"},\"query-input\":{\"@type\":\"PropertyValueSpecification\",\"valueRequired\":true,\"valueName\":\"search_term_string\"}}],\"inLanguage\":\"de-CH\"}]}<\/script>\n<meta property=\"product:price:amount\" content=\"27.43\" \/>\n<meta property=\"product:price:currency\" content=\"CHF\" \/>\n<meta property=\"og:availability\" content=\"out of stock\" \/>\n<meta property=\"product:availability\" content=\"out of stock\" \/>\n<meta property=\"product:retailer_item_id\" content=\"733739032645\" \/>\n<meta property=\"product:condition\" content=\"new\" \/>\n<!-- \/ Yoast SEO plugin. -->","yoast_head_json":{"title":"Pycnogenol 30mg, 60 Vkaps \u2013 NOW Foods | ecosupplements.ch","description":"Pycnogenol\u00ae mit Citrus-Bioflavonoiden in veganen Kapseln \u2013 60 St\u00fcck von NOW Foods, glutenfrei und laktosefrei. Jetzt bestellen.","robots":{"index":"index","follow":"follow","max-snippet":"max-snippet:-1","max-image-preview":"max-image-preview:large","max-video-preview":"max-video-preview:-1"},"canonical":"https:\/\/ecosupplements.ch\/?product=pycnogenol-30mg-60-vcaps","og_locale":"de_DE","og_type":"article","og_title":"Pycnogenol 30mg, 60 Vkaps \u2013 NOW Foods | ecosupplements.ch","og_description":"Pycnogenol\u00ae mit Citrus-Bioflavonoiden in veganen Kapseln \u2013 60 St\u00fcck von NOW Foods, glutenfrei und laktosefrei. Jetzt bestellen.","og_url":"https:\/\/ecosupplements.ch\/?product=pycnogenol-30mg-60-vcaps","og_site_name":"Eco Supplements","article_modified_time":"2026-05-13T07:23:23+00:00","og_image":[{"width":422,"height":880,"url":"https:\/\/ecosupplements.ch\/wp-content\/uploads\/2026\/05\/Pycnogenol-30mg-60-vcaps.jpg","type":"image\/jpeg"}],"twitter_card":"summary_large_image","twitter_misc":{"Price":"&#67;&#72;&#70;&nbsp;27.43","Availability":"Out of stock"},"schema":{"@context":"https:\/\/schema.org","@graph":[{"@type":"WebPage","@id":"https:\/\/ecosupplements.ch\/?product=pycnogenol-30mg-60-vcaps","url":"https:\/\/ecosupplements.ch\/?product=pycnogenol-30mg-60-vcaps","name":"Pycnogenol 30mg, 60 Vkaps \u2013 NOW Foods | ecosupplements.ch","isPartOf":{"@id":"https:\/\/ecosupplements.ch\/#website"},"primaryImageOfPage":{"@id":"https:\/\/ecosupplements.ch\/?product=pycnogenol-30mg-60-vcaps#primaryimage"},"image":{"@id":"https:\/\/ecosupplements.ch\/?product=pycnogenol-30mg-60-vcaps#primaryimage"},"thumbnailUrl":"https:\/\/ecosupplements.ch\/wp-content\/uploads\/2026\/05\/Pycnogenol-30mg-60-vcaps.jpg","datePublished":"2026-05-11T14:35:10+00:00","dateModified":"2026-05-13T07:23:23+00:00","description":"Pycnogenol\u00ae mit Citrus-Bioflavonoiden in veganen Kapseln \u2013 60 St\u00fcck von NOW Foods, glutenfrei und laktosefrei. Jetzt bestellen.","breadcrumb":{"@id":"https:\/\/ecosupplements.ch\/?product=pycnogenol-30mg-60-vcaps#breadcrumb"},"inLanguage":"de-CH","potentialAction":[{"@type":"ReadAction","target":["https:\/\/ecosupplements.ch\/?product=pycnogenol-30mg-60-vcaps"]}]},{"@type":"ImageObject","inLanguage":"de-CH","@id":"https:\/\/ecosupplements.ch\/?product=pycnogenol-30mg-60-vcaps#primaryimage","url":"https:\/\/ecosupplements.ch\/wp-content\/uploads\/2026\/05\/Pycnogenol-30mg-60-vcaps.jpg","contentUrl":"https:\/\/ecosupplements.ch\/wp-content\/uploads\/2026\/05\/Pycnogenol-30mg-60-vcaps.jpg","width":422,"height":880,"caption":"Pycnogenol"},{"@type":"BreadcrumbList","@id":"https:\/\/ecosupplements.ch\/?product=pycnogenol-30mg-60-vcaps#breadcrumb","itemListElement":[{"@type":"ListItem","position":1,"name":"Home","item":"https:\/\/ecosupplements.ch\/"},{"@type":"ListItem","position":2,"name":"Shop","item":"https:\/\/ecosupplements.ch\/?page_id=14"},{"@type":"ListItem","position":3,"name":"Pycnogenol, 30mg &#8211; 60 vcaps"}]},{"@type":"WebSite","@id":"https:\/\/ecosupplements.ch\/#website","url":"https:\/\/ecosupplements.ch\/","name":"Eco Supplements","description":"","potentialAction":[{"@type":"SearchAction","target":{"@type":"EntryPoint","urlTemplate":"https:\/\/ecosupplements.ch\/?s={search_term_string}"},"query-input":{"@type":"PropertyValueSpecification","valueRequired":true,"valueName":"search_term_string"}}],"inLanguage":"de-CH"}]},"product_price_amount":"27.43","product_price_currency":"CHF","og_availability":"out of stock","product_availability":"out of stock","product_retailer_item_id":"733739032645","product_condition":"new"},"_links":{"self":[{"href":"https:\/\/ecosupplements.ch\/index.php?rest_route=\/wp\/v2\/product\/2270","targetHints":{"allow":["GET"]}}],"collection":[{"href":"https:\/\/ecosupplements.ch\/index.php?rest_route=\/wp\/v2\/product"}],"about":[{"href":"https:\/\/ecosupplements.ch\/index.php?rest_route=\/wp\/v2\/types\/product"}],"replies":[{"embeddable":true,"href":"https:\/\/ecosupplements.ch\/index.php?rest_route=%2Fwp%2Fv2%2Fcomments&post=2270"}],"wp:featuredmedia":[{"embeddable":true,"href":"https:\/\/ecosupplements.ch\/index.php?rest_route=\/wp\/v2\/media\/2271"}],"wp:attachment":[{"href":"https:\/\/ecosupplements.ch\/index.php?rest_route=%2Fwp%2Fv2%2Fmedia&parent=2270"}],"wp:term":[{"taxonomy":"product_brand","embeddable":true,"href":"https:\/\/ecosupplements.ch\/index.php?rest_route=%2Fwp%2Fv2%2Fproduct_brand&post=2270"},{"taxonomy":"product_cat","embeddable":true,"href":"https:\/\/ecosupplements.ch\/index.php?rest_route=%2Fwp%2Fv2%2Fproduct_cat&post=2270"},{"taxonomy":"product_tag","embeddable":true,"href":"https:\/\/ecosupplements.ch\/index.php?rest_route=%2Fwp%2Fv2%2Fproduct_tag&post=2270"}],"curies":[{"name":"wp","href":"https:\/\/api.w.org\/{rel}","templated":true}]}}