{"id":2278,"date":"2026-05-11T14:35:13","date_gmt":"2026-05-11T14:35:13","guid":{"rendered":"https:\/\/ecosupplements.ch\/?product=soy-isoflavones-120-vcaps"},"modified":"2026-05-13T07:23:26","modified_gmt":"2026-05-13T07:23:26","slug":"soy-isoflavones-120-vcaps","status":"publish","type":"product","link":"https:\/\/ecosupplements.ch\/?product=soy-isoflavones-120-vcaps","title":{"rendered":"Soy Isoflavones &#8211; 120 vcaps"},"content":{"rendered":"<div class=\"chcg-product-description\">\n<h2 class=\"chcg-heading\">\u00dcber NOW Foods \u2013 Soy Isoflavones \u2013 120 Kapseln<\/h2>\n<div class=\"chcg-intro\">\n<p>Soja-Isoflavone sind nat\u00fcrlich vorkommende pflanzliche Verbindungen aus der Sojabohne (<em>Glycine max<\/em>), die zur Gruppe der Phyto\u00f6strogene geh\u00f6ren. NOW Foods Soy Isoflavones liefern pro Kapsel 150 mg nicht-gentechnisch ver\u00e4ndertes Soja-Isoflavon-Pulver mit einem garantierten Gehalt von mindestens 40 % Gesamt-Isoflavonen (60 mg), darunter Genistein, Daidzein und Glycitein.<\/p>\n<p>Das Produkt eignet sich f\u00fcr Erwachsene, die ihren Alltag mit einem standardisierten Soja-Isoflavon-Extrakt erg\u00e4nzen m\u00f6chten. Die Kapseln sind vegan, glutenfrei und werden aus nicht-gentechnisch ver\u00e4nderter Soja hergestellt \u2013 passend f\u00fcr eine bewusste und pflanzenbasierte Lebensweise.<\/p>\n<p>NOW Foods steht seit Jahrzehnten f\u00fcr hohe Qualit\u00e4tsstandards und GMP-zertifizierte Herstellung. Mit 120 vegetarischen Kapseln pro Packung bietet dieses Produkt einen langfristigen Vorrat f\u00fcr eine t\u00e4gliche Anwendung.<\/p>\n<\/p><\/div>\n<div class=\"chcg-nutrition\">\n<h3>N\u00e4hrwertangaben<\/h3>\n<table class=\"chcg-nutrition-table\">\n<thead>\n<tr>\n<th>N\u00e4hrstoff<\/th>\n<th>Pro Portion (1 Kapsel)<\/th>\n<\/tr>\n<\/thead>\n<tbody>\n<tr>\n<td>Nicht-GVO Soja-Isoflavon-Pulver (<em>Glycine max<\/em>) (Samen) [mind. 40 % Gesamt-Isoflavone (60 mg), enth\u00e4lt Genistein, Daidzein und Glycitein]<\/td>\n<td>150 mg *<\/td>\n<\/tr>\n<\/tbody>\n<\/table>\n<p class=\"chcg-footnote\">* Kein festgelegter Tagesbedarf.<\/p>\n<\/p><\/div>\n<div class=\"chcg-ingredients\">\n<h3>Zutaten<\/h3>\n<p>Nicht-GVO Soja-Isoflavon-Pulver (<em>Glycine max<\/em>) (Samen) [mind. 40 % Gesamt-Isoflavone (60 mg), enth\u00e4lt Genistein, Daidzein und Glycitein] 150 mg. Weitere Zutaten: Reismehl, Cellulose (Kapsel), Siliciumdioxid und Magnesiumstearat (pflanzliche Quelle).<\/p>\n<p class=\"chcg-capsule-shell\">Kapselh\u00fclle: Cellulose<\/p>\n<\/p><\/div>\n<div class=\"chcg-dosage\">\n<h3>Verzehrempfehlung<\/h3>\n<p>1 Kapsel 1- bis 3-mal t\u00e4glich einnehmen.<\/p>\n<\/p><\/div>\n<div class=\"chcg-warnings\">\n<h3>Warnhinweise<\/h3>\n<p>Nur f\u00fcr Erwachsene geeignet. Bei Schwangerschaft oder Stillzeit, bei der Einnahme von Medikamenten oder bei bestehenden gesundheitlichen Beschwerden ist vor der Verwendung ein Arzt zu konsultieren. Ausserhalb der Reichweite von Kindern aufbewahren.<\/p>\n<\/p><\/div>\n<div class=\"chcg-allergens\">\n<h3>Allergeninformationen<\/h3>\n<p>Nicht hergestellt mit Weizen, Gluten, Mais, Milch, Ei, Fisch, Schalentieren oder Baumn\u00fcssen. Produziert in einem GMP-Betrieb, der auch andere Zutaten verarbeitet, welche diese Allergene enthalten. Enth\u00e4lt Soja.<\/p>\n<\/p><\/div>\n<div class=\"chcg-storage\">\n<h3>Lagerung<\/h3>\n<p>Nach dem \u00d6ffnen an einem k\u00fchlen, trockenen Ort aufbewahren.<\/p>\n<\/p><\/div>\n<div class=\"chcg-dietary\">\n<h3>Ern\u00e4hrungshinweise<\/h3>\n<ul>\n<li>Vegan<\/li>\n<li>Vegetarisch<\/li>\n<li>Glutenfrei<\/li>\n<li>Laktosefrei<\/li>\n<\/ul><\/div>\n<\/div>\n","protected":false},"excerpt":{"rendered":"<p>NOW Foods Soy Isoflavones liefern 60 mg standardisierte Soja-Isoflavone (Genistein, Daidzein, Glycitein) pro veganer Kapsel. Die Packung enth\u00e4lt 120 Kapseln aus nicht-gentechnisch ver\u00e4nderter Soja \u2013 vegan und glutenfrei.<\/p>\n","protected":false},"featured_media":2279,"comment_status":"closed","ping_status":"open","template":"","meta":[],"product_brand":[207],"product_cat":[48,25,22,171,21],"product_tag":[],"class_list":{"0":"post-2278","1":"product","2":"type-product","3":"status-publish","4":"has-post-thumbnail","6":"product_brand-now-foods","7":"product_cat-gesunde-ernaehrung","8":"product_cat-gesundheit-und-wohlbefinden","9":"product_cat-vegane-produkte","10":"product_cat-vitamine-und-mineralien","11":"product_cat-vitamine-und-mineralstoffe","13":"first","14":"outofstock","15":"taxable","16":"shipping-taxable","17":"purchasable","18":"product-type-simple"},"yoast_head":"<!-- This site is optimized with the Yoast SEO plugin v27.5 - https:\/\/yoast.com\/product\/yoast-seo-wordpress\/ -->\n<title>Soy Isoflavones 120 Kapseln \u2013 NOW Foods | ecosupplements.ch<\/title>\n<meta name=\"description\" content=\"NOW Foods Soy Isoflavones mit 60 mg Isoflavonen pro Kapsel \u2013 vegan, glutenfrei, 120 vegetarische Kapseln. Jetzt bestellen.\" \/>\n<meta name=\"robots\" content=\"index, follow, max-snippet:-1, max-image-preview:large, max-video-preview:-1\" \/>\n<link rel=\"canonical\" href=\"https:\/\/ecosupplements.ch\/?product=soy-isoflavones-120-vcaps\" \/>\n<meta property=\"og:locale\" content=\"de_DE\" \/>\n<meta property=\"og:type\" content=\"article\" \/>\n<meta property=\"og:title\" content=\"Soy Isoflavones 120 Kapseln \u2013 NOW Foods | ecosupplements.ch\" \/>\n<meta property=\"og:description\" content=\"NOW Foods Soy Isoflavones mit 60 mg Isoflavonen pro Kapsel \u2013 vegan, glutenfrei, 120 vegetarische Kapseln. Jetzt bestellen.\" \/>\n<meta property=\"og:url\" content=\"https:\/\/ecosupplements.ch\/?product=soy-isoflavones-120-vcaps\" \/>\n<meta property=\"og:site_name\" content=\"Eco Supplements\" \/>\n<meta property=\"article:modified_time\" content=\"2026-05-13T07:23:26+00:00\" \/>\n<meta property=\"og:image\" content=\"https:\/\/ecosupplements.ch\/wp-content\/uploads\/2026\/05\/Soy-Isoflavones-120-vcaps.jpg\" \/>\n\t<meta property=\"og:image:width\" content=\"491\" \/>\n\t<meta property=\"og:image:height\" content=\"880\" \/>\n\t<meta property=\"og:image:type\" content=\"image\/jpeg\" \/>\n<meta name=\"twitter:card\" content=\"summary_large_image\" \/>\n<meta name=\"twitter:label1\" content=\"Price\" \/>\n\t<meta name=\"twitter:data1\" content=\"&#067;&#072;&#070;&nbsp;36.68\" \/>\n\t<meta name=\"twitter:label2\" content=\"Availability\" \/>\n\t<meta name=\"twitter:data2\" content=\"Out of stock\" \/>\n<script type=\"application\/ld+json\" class=\"yoast-schema-graph\">{\"@context\":\"https:\\\/\\\/schema.org\",\"@graph\":[{\"@type\":\"WebPage\",\"@id\":\"https:\\\/\\\/ecosupplements.ch\\\/?product=soy-isoflavones-120-vcaps\",\"url\":\"https:\\\/\\\/ecosupplements.ch\\\/?product=soy-isoflavones-120-vcaps\",\"name\":\"Soy Isoflavones 120 Kapseln \u2013 NOW Foods | ecosupplements.ch\",\"isPartOf\":{\"@id\":\"https:\\\/\\\/ecosupplements.ch\\\/#website\"},\"primaryImageOfPage\":{\"@id\":\"https:\\\/\\\/ecosupplements.ch\\\/?product=soy-isoflavones-120-vcaps#primaryimage\"},\"image\":{\"@id\":\"https:\\\/\\\/ecosupplements.ch\\\/?product=soy-isoflavones-120-vcaps#primaryimage\"},\"thumbnailUrl\":\"https:\\\/\\\/ecosupplements.ch\\\/wp-content\\\/uploads\\\/2026\\\/05\\\/Soy-Isoflavones-120-vcaps.jpg\",\"datePublished\":\"2026-05-11T14:35:13+00:00\",\"dateModified\":\"2026-05-13T07:23:26+00:00\",\"description\":\"NOW Foods Soy Isoflavones mit 60 mg Isoflavonen pro Kapsel \u2013 vegan, glutenfrei, 120 vegetarische Kapseln. Jetzt bestellen.\",\"breadcrumb\":{\"@id\":\"https:\\\/\\\/ecosupplements.ch\\\/?product=soy-isoflavones-120-vcaps#breadcrumb\"},\"inLanguage\":\"de-CH\",\"potentialAction\":[{\"@type\":\"ReadAction\",\"target\":[\"https:\\\/\\\/ecosupplements.ch\\\/?product=soy-isoflavones-120-vcaps\"]}]},{\"@type\":\"ImageObject\",\"inLanguage\":\"de-CH\",\"@id\":\"https:\\\/\\\/ecosupplements.ch\\\/?product=soy-isoflavones-120-vcaps#primaryimage\",\"url\":\"https:\\\/\\\/ecosupplements.ch\\\/wp-content\\\/uploads\\\/2026\\\/05\\\/Soy-Isoflavones-120-vcaps.jpg\",\"contentUrl\":\"https:\\\/\\\/ecosupplements.ch\\\/wp-content\\\/uploads\\\/2026\\\/05\\\/Soy-Isoflavones-120-vcaps.jpg\",\"width\":491,\"height\":880,\"caption\":\"Soy Isoflavones - 120 vcaps\"},{\"@type\":\"BreadcrumbList\",\"@id\":\"https:\\\/\\\/ecosupplements.ch\\\/?product=soy-isoflavones-120-vcaps#breadcrumb\",\"itemListElement\":[{\"@type\":\"ListItem\",\"position\":1,\"name\":\"Home\",\"item\":\"https:\\\/\\\/ecosupplements.ch\\\/\"},{\"@type\":\"ListItem\",\"position\":2,\"name\":\"Shop\",\"item\":\"https:\\\/\\\/ecosupplements.ch\\\/?page_id=14\"},{\"@type\":\"ListItem\",\"position\":3,\"name\":\"Soy Isoflavones &#8211; 120 vcaps\"}]},{\"@type\":\"WebSite\",\"@id\":\"https:\\\/\\\/ecosupplements.ch\\\/#website\",\"url\":\"https:\\\/\\\/ecosupplements.ch\\\/\",\"name\":\"Eco Supplements\",\"description\":\"\",\"potentialAction\":[{\"@type\":\"SearchAction\",\"target\":{\"@type\":\"EntryPoint\",\"urlTemplate\":\"https:\\\/\\\/ecosupplements.ch\\\/?s={search_term_string}\"},\"query-input\":{\"@type\":\"PropertyValueSpecification\",\"valueRequired\":true,\"valueName\":\"search_term_string\"}}],\"inLanguage\":\"de-CH\"}]}<\/script>\n<meta property=\"product:price:amount\" content=\"36.68\" \/>\n<meta property=\"product:price:currency\" content=\"CHF\" \/>\n<meta property=\"og:availability\" content=\"out of stock\" \/>\n<meta property=\"product:availability\" content=\"out of stock\" \/>\n<meta property=\"product:retailer_item_id\" content=\"733739032881\" \/>\n<meta property=\"product:condition\" content=\"new\" \/>\n<!-- \/ Yoast SEO plugin. -->","yoast_head_json":{"title":"Soy Isoflavones 120 Kapseln \u2013 NOW Foods | ecosupplements.ch","description":"NOW Foods Soy Isoflavones mit 60 mg Isoflavonen pro Kapsel \u2013 vegan, glutenfrei, 120 vegetarische Kapseln. Jetzt bestellen.","robots":{"index":"index","follow":"follow","max-snippet":"max-snippet:-1","max-image-preview":"max-image-preview:large","max-video-preview":"max-video-preview:-1"},"canonical":"https:\/\/ecosupplements.ch\/?product=soy-isoflavones-120-vcaps","og_locale":"de_DE","og_type":"article","og_title":"Soy Isoflavones 120 Kapseln \u2013 NOW Foods | ecosupplements.ch","og_description":"NOW Foods Soy Isoflavones mit 60 mg Isoflavonen pro Kapsel \u2013 vegan, glutenfrei, 120 vegetarische Kapseln. Jetzt bestellen.","og_url":"https:\/\/ecosupplements.ch\/?product=soy-isoflavones-120-vcaps","og_site_name":"Eco Supplements","article_modified_time":"2026-05-13T07:23:26+00:00","og_image":[{"width":491,"height":880,"url":"https:\/\/ecosupplements.ch\/wp-content\/uploads\/2026\/05\/Soy-Isoflavones-120-vcaps.jpg","type":"image\/jpeg"}],"twitter_card":"summary_large_image","twitter_misc":{"Price":"&#67;&#72;&#70;&nbsp;36.68","Availability":"Out of stock"},"schema":{"@context":"https:\/\/schema.org","@graph":[{"@type":"WebPage","@id":"https:\/\/ecosupplements.ch\/?product=soy-isoflavones-120-vcaps","url":"https:\/\/ecosupplements.ch\/?product=soy-isoflavones-120-vcaps","name":"Soy Isoflavones 120 Kapseln \u2013 NOW Foods | ecosupplements.ch","isPartOf":{"@id":"https:\/\/ecosupplements.ch\/#website"},"primaryImageOfPage":{"@id":"https:\/\/ecosupplements.ch\/?product=soy-isoflavones-120-vcaps#primaryimage"},"image":{"@id":"https:\/\/ecosupplements.ch\/?product=soy-isoflavones-120-vcaps#primaryimage"},"thumbnailUrl":"https:\/\/ecosupplements.ch\/wp-content\/uploads\/2026\/05\/Soy-Isoflavones-120-vcaps.jpg","datePublished":"2026-05-11T14:35:13+00:00","dateModified":"2026-05-13T07:23:26+00:00","description":"NOW Foods Soy Isoflavones mit 60 mg Isoflavonen pro Kapsel \u2013 vegan, glutenfrei, 120 vegetarische Kapseln. Jetzt bestellen.","breadcrumb":{"@id":"https:\/\/ecosupplements.ch\/?product=soy-isoflavones-120-vcaps#breadcrumb"},"inLanguage":"de-CH","potentialAction":[{"@type":"ReadAction","target":["https:\/\/ecosupplements.ch\/?product=soy-isoflavones-120-vcaps"]}]},{"@type":"ImageObject","inLanguage":"de-CH","@id":"https:\/\/ecosupplements.ch\/?product=soy-isoflavones-120-vcaps#primaryimage","url":"https:\/\/ecosupplements.ch\/wp-content\/uploads\/2026\/05\/Soy-Isoflavones-120-vcaps.jpg","contentUrl":"https:\/\/ecosupplements.ch\/wp-content\/uploads\/2026\/05\/Soy-Isoflavones-120-vcaps.jpg","width":491,"height":880,"caption":"Soy Isoflavones - 120 vcaps"},{"@type":"BreadcrumbList","@id":"https:\/\/ecosupplements.ch\/?product=soy-isoflavones-120-vcaps#breadcrumb","itemListElement":[{"@type":"ListItem","position":1,"name":"Home","item":"https:\/\/ecosupplements.ch\/"},{"@type":"ListItem","position":2,"name":"Shop","item":"https:\/\/ecosupplements.ch\/?page_id=14"},{"@type":"ListItem","position":3,"name":"Soy Isoflavones &#8211; 120 vcaps"}]},{"@type":"WebSite","@id":"https:\/\/ecosupplements.ch\/#website","url":"https:\/\/ecosupplements.ch\/","name":"Eco Supplements","description":"","potentialAction":[{"@type":"SearchAction","target":{"@type":"EntryPoint","urlTemplate":"https:\/\/ecosupplements.ch\/?s={search_term_string}"},"query-input":{"@type":"PropertyValueSpecification","valueRequired":true,"valueName":"search_term_string"}}],"inLanguage":"de-CH"}]},"product_price_amount":"36.68","product_price_currency":"CHF","og_availability":"out of stock","product_availability":"out of stock","product_retailer_item_id":"733739032881","product_condition":"new"},"_links":{"self":[{"href":"https:\/\/ecosupplements.ch\/index.php?rest_route=\/wp\/v2\/product\/2278","targetHints":{"allow":["GET"]}}],"collection":[{"href":"https:\/\/ecosupplements.ch\/index.php?rest_route=\/wp\/v2\/product"}],"about":[{"href":"https:\/\/ecosupplements.ch\/index.php?rest_route=\/wp\/v2\/types\/product"}],"replies":[{"embeddable":true,"href":"https:\/\/ecosupplements.ch\/index.php?rest_route=%2Fwp%2Fv2%2Fcomments&post=2278"}],"wp:featuredmedia":[{"embeddable":true,"href":"https:\/\/ecosupplements.ch\/index.php?rest_route=\/wp\/v2\/media\/2279"}],"wp:attachment":[{"href":"https:\/\/ecosupplements.ch\/index.php?rest_route=%2Fwp%2Fv2%2Fmedia&parent=2278"}],"wp:term":[{"taxonomy":"product_brand","embeddable":true,"href":"https:\/\/ecosupplements.ch\/index.php?rest_route=%2Fwp%2Fv2%2Fproduct_brand&post=2278"},{"taxonomy":"product_cat","embeddable":true,"href":"https:\/\/ecosupplements.ch\/index.php?rest_route=%2Fwp%2Fv2%2Fproduct_cat&post=2278"},{"taxonomy":"product_tag","embeddable":true,"href":"https:\/\/ecosupplements.ch\/index.php?rest_route=%2Fwp%2Fv2%2Fproduct_tag&post=2278"}],"curies":[{"name":"wp","href":"https:\/\/api.w.org\/{rel}","templated":true}]}}