{"id":2294,"date":"2026-05-11T14:35:20","date_gmt":"2026-05-11T14:35:20","guid":{"rendered":"https:\/\/ecosupplements.ch\/?product=st-johns-wort-300mg-250-vcaps"},"modified":"2026-05-13T07:23:27","modified_gmt":"2026-05-13T07:23:27","slug":"st-johns-wort-300mg-250-vcaps","status":"publish","type":"product","link":"https:\/\/ecosupplements.ch\/?product=st-johns-wort-300mg-250-vcaps","title":{"rendered":"St. John&#8217;s Wort, 300mg &#8211; 250 vcaps"},"content":{"rendered":"<div class=\"chcg-product-description\">\n<h2 class=\"chcg-heading\">\u00dcber NOW Foods \u2013 St. John&#8217;s Wort, 300mg \u2013 250 Vkapseln<\/h2>\n<div class=\"chcg-intro\">\n<p>St. John&#8217;s Wort (Hypericum perforatum), auf Deutsch bekannt als Johanniskraut, ist eine der bekanntesten und am h\u00e4ufigsten verwendeten Heilpflanzen \u00fcberhaupt. NOW Foods bietet einen standardisierten Extrakt mit mindestens 0,3 % Hypericin \u2013 dem charakteristischen Wirkstoff der Pflanze \u2013 in praktischer vegetarischer Kapselform an. Jede Kapsel enth\u00e4lt 300 mg Extrakt aus dem oberirdischen Teil der Pflanze einschliesslich der Bl\u00fcten.<\/p>\n<p>Das Produkt ist in einer Grosspackung mit 250 vegetarischen Kapseln erh\u00e4ltlich und eignet sich damit besonders f\u00fcr eine l\u00e4ngerfristige Anwendung. Die Kapselh\u00fclle besteht aus Hypromellose und ist somit vollst\u00e4ndig vegan und gelatinefrei.<\/p>\n<p>NOW Foods steht seit Jahrzehnten f\u00fcr hohe Qualit\u00e4tsstandards in der Nahrungserg\u00e4nzungsmittelindustrie. Die Produkte werden in GMP-zertifizierten Anlagen hergestellt und unterliegen strengen Qualit\u00e4tskontrollen \u2013 f\u00fcr ein Supplement, dem Sie vertrauen k\u00f6nnen.<\/p>\n<\/p><\/div>\n<div class=\"chcg-nutrition\">\n<h3>N\u00e4hrwertangaben<\/h3>\n<table class=\"chcg-nutrition-table\">\n<thead>\n<tr>\n<th>N\u00e4hrstoff<\/th>\n<th>Pro Portion (1 Vkapsel)<\/th>\n<\/tr>\n<\/thead>\n<tbody>\n<tr>\n<td>St. John&#8217;s Wort Extrakt (<em>Hypericum perforatum<\/em>) (oberirdischer Teil mit Bl\u00fcten) (min. 0,3 % Hypericin)<\/td>\n<td>300 mg*<\/td>\n<\/tr>\n<\/tbody>\n<\/table>\n<p class=\"chcg-footnote\">* Kein festgelegter t\u00e4glicher Referenzwert.<\/p>\n<\/p><\/div>\n<div class=\"chcg-ingredients\">\n<h3>Zutaten<\/h3>\n<p>St. John&#8217;s Wort Extrakt (<em>Hypericum perforatum<\/em>) (oberirdischer Teil mit Bl\u00fcten) (min. 0,3 % Hypericin) 300 mg. Weitere Zutaten: Hypromellose (Zellulosekapselh\u00fclle), Stearins\u00e4ure (pflanzliche Quelle) und Siliziumdioxid.<\/p>\n<p class=\"chcg-capsule-shell\">Kapselh\u00fclle: Hypromellose (Zellulosekapselh\u00fclle)<\/p>\n<\/p><\/div>\n<div class=\"chcg-dosage\">\n<h3>Verzehrempfehlung<\/h3>\n<p>1 Kapsel 3-mal t\u00e4glich einnehmen, vorzugsweise zu den Mahlzeiten. 3 Kapseln t\u00e4glich nicht \u00fcberschreiten, sofern nicht von einem Arzt oder einer \u00c4rztin anders angewiesen.<\/p>\n<\/p><\/div>\n<div class=\"chcg-warnings\">\n<h3>Warnhinweise<\/h3>\n<p>Nur f\u00fcr Erwachsene. 3 Kapseln t\u00e4glich nicht \u00fcberschreiten, sofern nicht von einem Arzt oder einer \u00c4rztin anders angewiesen. H\u00f6here Mengen k\u00f6nnen bei starker Sonnenbestrahlung oder der Nutzung von Solarien zu lichtempfindlichen Reaktionen (Hautr\u00f6tungen) beitragen. Es ist bekannt, dass Johanniskraut Wechselwirkungen mit Antidepressiva, oralen Kontrazeptiva, Immunsuppressiva, Antikoagulanzien, Antikonvulsiva, Chemotherapeutika sowie anderen verschreibungspflichtigen und rezeptfreien Medikamenten haben kann. Dieses Produkt nicht gleichzeitig mit Medikamenten oder bei Vorliegen einer Erkrankung einnehmen, ohne vorher \u00e4rztlichen Rat einzuholen. Nicht f\u00fcr schwangere oder stillende Frauen geeignet. Ausserhalb der Reichweite von Kindern aufbewahren.<\/p>\n<\/p><\/div>\n<div class=\"chcg-allergens\">\n<h3>Allergeninformationen<\/h3>\n<p>Nicht hergestellt mit Weizen, Gluten, Soja, Milch, Ei, Fisch, Schalentieren, Baumn\u00fcssen oder Sesam. Hergestellt in einer GMP-zertifizierten Anlage, die andere Zutaten verarbeitet, welche diese Allergene enthalten.<\/p>\n<\/p><\/div>\n<div class=\"chcg-storage\">\n<h3>Lagerung<\/h3>\n<p>Nach dem \u00d6ffnen an einem k\u00fchlen, trockenen Ort aufbewahren.<\/p>\n<\/p><\/div>\n<div class=\"chcg-dietary\">\n<h3>Ern\u00e4hrungshinweise<\/h3>\n<ul>\n<li>Vegan<\/li>\n<li>Vegetarisch<\/li>\n<li>Glutenfrei<\/li>\n<li>Laktosefrei<\/li>\n<\/ul><\/div>\n<\/div>\n","protected":false},"excerpt":{"rendered":"<p>NOW Foods St. John&#8217;s Wort liefert 300 mg standardisierten Johanniskraut-Extrakt (min. 0,3 % Hypericin) pro vegetarischer Kapsel. Die Grosspackung mit 250 Vkapseln ist vegan, glutenfrei und ideal f\u00fcr eine l\u00e4ngerfristige Anwendung.<\/p>\n","protected":false},"featured_media":2295,"comment_status":"closed","ping_status":"open","template":"","meta":[],"product_brand":[207],"product_cat":[48,25,44,22,21],"product_tag":[],"class_list":{"0":"post-2294","1":"product","2":"type-product","3":"status-publish","4":"has-post-thumbnail","6":"product_brand-now-foods","7":"product_cat-gesunde-ernaehrung","8":"product_cat-gesundheit-und-wohlbefinden","9":"product_cat-pflanzliche-nahrungsergaenzungsmittel","10":"product_cat-vegane-produkte","11":"product_cat-vitamine-und-mineralstoffe","13":"first","14":"outofstock","15":"taxable","16":"shipping-taxable","17":"purchasable","18":"product-type-simple"},"yoast_head":"<!-- This site is optimized with the Yoast SEO plugin v27.5 - https:\/\/yoast.com\/product\/yoast-seo-wordpress\/ -->\n<title>St. John&#039;s Wort 300mg, 250 Vkapseln \u2013 NOW Foods | ecosupplements.ch<\/title>\n<meta name=\"description\" content=\"Standardisierter Johanniskraut-Extrakt von NOW Foods \u2013 300 mg pro Kapsel, 250 vegane Vkapseln, glutenfrei. Jetzt bestellen.\" \/>\n<meta name=\"robots\" content=\"index, follow, max-snippet:-1, max-image-preview:large, max-video-preview:-1\" \/>\n<link rel=\"canonical\" href=\"https:\/\/ecosupplements.ch\/?product=st-johns-wort-300mg-250-vcaps\" \/>\n<meta property=\"og:locale\" content=\"de_DE\" \/>\n<meta property=\"og:type\" content=\"article\" \/>\n<meta property=\"og:title\" content=\"St. John&#039;s Wort 300mg, 250 Vkapseln \u2013 NOW Foods | ecosupplements.ch\" \/>\n<meta property=\"og:description\" content=\"Standardisierter Johanniskraut-Extrakt von NOW Foods \u2013 300 mg pro Kapsel, 250 vegane Vkapseln, glutenfrei. Jetzt bestellen.\" \/>\n<meta property=\"og:url\" content=\"https:\/\/ecosupplements.ch\/?product=st-johns-wort-300mg-250-vcaps\" \/>\n<meta property=\"og:site_name\" content=\"Eco Supplements\" \/>\n<meta property=\"article:modified_time\" content=\"2026-05-13T07:23:27+00:00\" \/>\n<meta property=\"og:image\" content=\"https:\/\/ecosupplements.ch\/wp-content\/uploads\/2026\/05\/St.-Johns-Wort-300mg-250-vcaps.jpg\" \/>\n\t<meta property=\"og:image:width\" content=\"495\" \/>\n\t<meta property=\"og:image:height\" content=\"880\" \/>\n\t<meta property=\"og:image:type\" content=\"image\/jpeg\" \/>\n<meta name=\"twitter:card\" content=\"summary_large_image\" \/>\n<meta name=\"twitter:label1\" content=\"Price\" \/>\n\t<meta name=\"twitter:data1\" content=\"&#067;&#072;&#070;&nbsp;29.27\" \/>\n\t<meta name=\"twitter:label2\" content=\"Availability\" \/>\n\t<meta name=\"twitter:data2\" content=\"Out of stock\" \/>\n<script type=\"application\/ld+json\" class=\"yoast-schema-graph\">{\"@context\":\"https:\\\/\\\/schema.org\",\"@graph\":[{\"@type\":\"WebPage\",\"@id\":\"https:\\\/\\\/ecosupplements.ch\\\/?product=st-johns-wort-300mg-250-vcaps\",\"url\":\"https:\\\/\\\/ecosupplements.ch\\\/?product=st-johns-wort-300mg-250-vcaps\",\"name\":\"St. John's Wort 300mg, 250 Vkapseln \u2013 NOW Foods | ecosupplements.ch\",\"isPartOf\":{\"@id\":\"https:\\\/\\\/ecosupplements.ch\\\/#website\"},\"primaryImageOfPage\":{\"@id\":\"https:\\\/\\\/ecosupplements.ch\\\/?product=st-johns-wort-300mg-250-vcaps#primaryimage\"},\"image\":{\"@id\":\"https:\\\/\\\/ecosupplements.ch\\\/?product=st-johns-wort-300mg-250-vcaps#primaryimage\"},\"thumbnailUrl\":\"https:\\\/\\\/ecosupplements.ch\\\/wp-content\\\/uploads\\\/2026\\\/05\\\/St.-Johns-Wort-300mg-250-vcaps.jpg\",\"datePublished\":\"2026-05-11T14:35:20+00:00\",\"dateModified\":\"2026-05-13T07:23:27+00:00\",\"description\":\"Standardisierter Johanniskraut-Extrakt von NOW Foods \u2013 300 mg pro Kapsel, 250 vegane Vkapseln, glutenfrei. Jetzt bestellen.\",\"breadcrumb\":{\"@id\":\"https:\\\/\\\/ecosupplements.ch\\\/?product=st-johns-wort-300mg-250-vcaps#breadcrumb\"},\"inLanguage\":\"de-CH\",\"potentialAction\":[{\"@type\":\"ReadAction\",\"target\":[\"https:\\\/\\\/ecosupplements.ch\\\/?product=st-johns-wort-300mg-250-vcaps\"]}]},{\"@type\":\"ImageObject\",\"inLanguage\":\"de-CH\",\"@id\":\"https:\\\/\\\/ecosupplements.ch\\\/?product=st-johns-wort-300mg-250-vcaps#primaryimage\",\"url\":\"https:\\\/\\\/ecosupplements.ch\\\/wp-content\\\/uploads\\\/2026\\\/05\\\/St.-Johns-Wort-300mg-250-vcaps.jpg\",\"contentUrl\":\"https:\\\/\\\/ecosupplements.ch\\\/wp-content\\\/uploads\\\/2026\\\/05\\\/St.-Johns-Wort-300mg-250-vcaps.jpg\",\"width\":495,\"height\":880,\"caption\":\"St. John's Wort\"},{\"@type\":\"BreadcrumbList\",\"@id\":\"https:\\\/\\\/ecosupplements.ch\\\/?product=st-johns-wort-300mg-250-vcaps#breadcrumb\",\"itemListElement\":[{\"@type\":\"ListItem\",\"position\":1,\"name\":\"Home\",\"item\":\"https:\\\/\\\/ecosupplements.ch\\\/\"},{\"@type\":\"ListItem\",\"position\":2,\"name\":\"Shop\",\"item\":\"https:\\\/\\\/ecosupplements.ch\\\/?page_id=14\"},{\"@type\":\"ListItem\",\"position\":3,\"name\":\"St. John&#8217;s Wort, 300mg &#8211; 250 vcaps\"}]},{\"@type\":\"WebSite\",\"@id\":\"https:\\\/\\\/ecosupplements.ch\\\/#website\",\"url\":\"https:\\\/\\\/ecosupplements.ch\\\/\",\"name\":\"Eco Supplements\",\"description\":\"\",\"potentialAction\":[{\"@type\":\"SearchAction\",\"target\":{\"@type\":\"EntryPoint\",\"urlTemplate\":\"https:\\\/\\\/ecosupplements.ch\\\/?s={search_term_string}\"},\"query-input\":{\"@type\":\"PropertyValueSpecification\",\"valueRequired\":true,\"valueName\":\"search_term_string\"}}],\"inLanguage\":\"de-CH\"}]}<\/script>\n<meta property=\"product:price:amount\" content=\"29.27\" \/>\n<meta property=\"product:price:currency\" content=\"CHF\" \/>\n<meta property=\"og:availability\" content=\"out of stock\" \/>\n<meta property=\"product:availability\" content=\"out of stock\" \/>\n<meta property=\"product:retailer_item_id\" content=\"733739047618\" \/>\n<meta property=\"product:condition\" content=\"new\" \/>\n<!-- \/ Yoast SEO plugin. -->","yoast_head_json":{"title":"St. John's Wort 300mg, 250 Vkapseln \u2013 NOW Foods | ecosupplements.ch","description":"Standardisierter Johanniskraut-Extrakt von NOW Foods \u2013 300 mg pro Kapsel, 250 vegane Vkapseln, glutenfrei. Jetzt bestellen.","robots":{"index":"index","follow":"follow","max-snippet":"max-snippet:-1","max-image-preview":"max-image-preview:large","max-video-preview":"max-video-preview:-1"},"canonical":"https:\/\/ecosupplements.ch\/?product=st-johns-wort-300mg-250-vcaps","og_locale":"de_DE","og_type":"article","og_title":"St. John's Wort 300mg, 250 Vkapseln \u2013 NOW Foods | ecosupplements.ch","og_description":"Standardisierter Johanniskraut-Extrakt von NOW Foods \u2013 300 mg pro Kapsel, 250 vegane Vkapseln, glutenfrei. Jetzt bestellen.","og_url":"https:\/\/ecosupplements.ch\/?product=st-johns-wort-300mg-250-vcaps","og_site_name":"Eco Supplements","article_modified_time":"2026-05-13T07:23:27+00:00","og_image":[{"width":495,"height":880,"url":"https:\/\/ecosupplements.ch\/wp-content\/uploads\/2026\/05\/St.-Johns-Wort-300mg-250-vcaps.jpg","type":"image\/jpeg"}],"twitter_card":"summary_large_image","twitter_misc":{"Price":"&#67;&#72;&#70;&nbsp;29.27","Availability":"Out of stock"},"schema":{"@context":"https:\/\/schema.org","@graph":[{"@type":"WebPage","@id":"https:\/\/ecosupplements.ch\/?product=st-johns-wort-300mg-250-vcaps","url":"https:\/\/ecosupplements.ch\/?product=st-johns-wort-300mg-250-vcaps","name":"St. John's Wort 300mg, 250 Vkapseln \u2013 NOW Foods | ecosupplements.ch","isPartOf":{"@id":"https:\/\/ecosupplements.ch\/#website"},"primaryImageOfPage":{"@id":"https:\/\/ecosupplements.ch\/?product=st-johns-wort-300mg-250-vcaps#primaryimage"},"image":{"@id":"https:\/\/ecosupplements.ch\/?product=st-johns-wort-300mg-250-vcaps#primaryimage"},"thumbnailUrl":"https:\/\/ecosupplements.ch\/wp-content\/uploads\/2026\/05\/St.-Johns-Wort-300mg-250-vcaps.jpg","datePublished":"2026-05-11T14:35:20+00:00","dateModified":"2026-05-13T07:23:27+00:00","description":"Standardisierter Johanniskraut-Extrakt von NOW Foods \u2013 300 mg pro Kapsel, 250 vegane Vkapseln, glutenfrei. Jetzt bestellen.","breadcrumb":{"@id":"https:\/\/ecosupplements.ch\/?product=st-johns-wort-300mg-250-vcaps#breadcrumb"},"inLanguage":"de-CH","potentialAction":[{"@type":"ReadAction","target":["https:\/\/ecosupplements.ch\/?product=st-johns-wort-300mg-250-vcaps"]}]},{"@type":"ImageObject","inLanguage":"de-CH","@id":"https:\/\/ecosupplements.ch\/?product=st-johns-wort-300mg-250-vcaps#primaryimage","url":"https:\/\/ecosupplements.ch\/wp-content\/uploads\/2026\/05\/St.-Johns-Wort-300mg-250-vcaps.jpg","contentUrl":"https:\/\/ecosupplements.ch\/wp-content\/uploads\/2026\/05\/St.-Johns-Wort-300mg-250-vcaps.jpg","width":495,"height":880,"caption":"St. John's Wort"},{"@type":"BreadcrumbList","@id":"https:\/\/ecosupplements.ch\/?product=st-johns-wort-300mg-250-vcaps#breadcrumb","itemListElement":[{"@type":"ListItem","position":1,"name":"Home","item":"https:\/\/ecosupplements.ch\/"},{"@type":"ListItem","position":2,"name":"Shop","item":"https:\/\/ecosupplements.ch\/?page_id=14"},{"@type":"ListItem","position":3,"name":"St. John&#8217;s Wort, 300mg &#8211; 250 vcaps"}]},{"@type":"WebSite","@id":"https:\/\/ecosupplements.ch\/#website","url":"https:\/\/ecosupplements.ch\/","name":"Eco Supplements","description":"","potentialAction":[{"@type":"SearchAction","target":{"@type":"EntryPoint","urlTemplate":"https:\/\/ecosupplements.ch\/?s={search_term_string}"},"query-input":{"@type":"PropertyValueSpecification","valueRequired":true,"valueName":"search_term_string"}}],"inLanguage":"de-CH"}]},"product_price_amount":"29.27","product_price_currency":"CHF","og_availability":"out of stock","product_availability":"out of stock","product_retailer_item_id":"733739047618","product_condition":"new"},"_links":{"self":[{"href":"https:\/\/ecosupplements.ch\/index.php?rest_route=\/wp\/v2\/product\/2294","targetHints":{"allow":["GET"]}}],"collection":[{"href":"https:\/\/ecosupplements.ch\/index.php?rest_route=\/wp\/v2\/product"}],"about":[{"href":"https:\/\/ecosupplements.ch\/index.php?rest_route=\/wp\/v2\/types\/product"}],"replies":[{"embeddable":true,"href":"https:\/\/ecosupplements.ch\/index.php?rest_route=%2Fwp%2Fv2%2Fcomments&post=2294"}],"wp:featuredmedia":[{"embeddable":true,"href":"https:\/\/ecosupplements.ch\/index.php?rest_route=\/wp\/v2\/media\/2295"}],"wp:attachment":[{"href":"https:\/\/ecosupplements.ch\/index.php?rest_route=%2Fwp%2Fv2%2Fmedia&parent=2294"}],"wp:term":[{"taxonomy":"product_brand","embeddable":true,"href":"https:\/\/ecosupplements.ch\/index.php?rest_route=%2Fwp%2Fv2%2Fproduct_brand&post=2294"},{"taxonomy":"product_cat","embeddable":true,"href":"https:\/\/ecosupplements.ch\/index.php?rest_route=%2Fwp%2Fv2%2Fproduct_cat&post=2294"},{"taxonomy":"product_tag","embeddable":true,"href":"https:\/\/ecosupplements.ch\/index.php?rest_route=%2Fwp%2Fv2%2Fproduct_tag&post=2294"}],"curies":[{"name":"wp","href":"https:\/\/api.w.org\/{rel}","templated":true}]}}