{"id":2298,"date":"2026-05-11T14:35:22","date_gmt":"2026-05-11T14:35:22","guid":{"rendered":"https:\/\/ecosupplements.ch\/?product=true-balance-120-caps"},"modified":"2026-05-13T07:22:39","modified_gmt":"2026-05-13T07:22:39","slug":"true-balance-120-caps","status":"publish","type":"product","link":"https:\/\/ecosupplements.ch\/?product=true-balance-120-caps","title":{"rendered":"True Balance &#8211; 120 caps"},"content":{"rendered":"<div class=\"chcg-product-description\">\n<h2 class=\"chcg-heading\">\u00dcber NOW Foods \u2013 True Balance \u2013 120 Kapseln<\/h2>\n<div class=\"chcg-intro\">\n<p>True Balance von NOW Foods ist eine sorgf\u00e4ltig zusammengestellte Multivitamin- und Mineralstoffformel, die ein breites Spektrum an essenziellen N\u00e4hrstoffen in einer einzigen Kapsel vereint. Die Formel enth\u00e4lt Vitamine, Mineralstoffe sowie erg\u00e4nzende Pflanzenstoffe und Aminos\u00e4urederivate, um eine umfassende t\u00e4gliche Versorgung zu unterst\u00fctzen.<\/p>\n<p>Besonders hervorzuheben ist die Auswahl hochwertiger N\u00e4hrstoffformen: Folat aus Quatrefolic\u00ae als bioverf\u00fcgbares (6S)-5-MTHF, Vitamin B-12 als Methylcobalamin, Magnesium und Mangan in TRAACS\u00ae-Bisglycinate sowie L-Carnitine in der Carnipure\u00ae-Qualit\u00e4t. Diese sorgf\u00e4ltige Auswahl der Rohstoffe zeugt vom Qualit\u00e4tsanspruch von NOW Foods.<\/p>\n<p>Das Produkt ist f\u00fcr Veganer und Vegetarier geeignet, glutenfrei und in pflanzlichen Kapseln aus Hypromellose abgef\u00fcllt. Mit 120 Kapseln (60 Portionen zu je 2 Kapseln) bietet True Balance einen zweimonatigen Vorrat f\u00fcr eine strukturierte t\u00e4gliche Einnahme.<\/p>\n<\/p><\/div>\n<div class=\"chcg-nutrition\">\n<h3>N\u00e4hrwertangaben<\/h3>\n<table class=\"chcg-nutrition-table\">\n<thead>\n<tr>\n<th>N\u00e4hrstoff<\/th>\n<th>Pro Portion (2 Kapseln)<\/th>\n<\/tr>\n<\/thead>\n<tbody>\n<tr>\n<td>Vitamin A (100% als Beta-Carotin)<\/td>\n<td>750 mcg (83% NRV)<\/td>\n<\/tr>\n<tr>\n<td>Vitamin C (aus Calcium Ascorbat)<\/td>\n<td>120 mg (133% NRV)<\/td>\n<\/tr>\n<tr>\n<td>Vitamin D-3 (als Cholecalciferol)<\/td>\n<td>12,5 mcg \/ 500 IU (63% NRV)<\/td>\n<\/tr>\n<tr>\n<td>Vitamin E (als d-alpha Tocopheryl Succinat)<\/td>\n<td>134 mg (893% NRV)<\/td>\n<\/tr>\n<tr>\n<td>Vitamin K-2 (als Menaquinon-7 \/ MK-7 \/ MenaQ7\u00ae)<\/td>\n<td>50 mcg (42% NRV)<\/td>\n<\/tr>\n<tr>\n<td>Thiamin (aus Thiamin HCl)<\/td>\n<td>20 mg (1667% NRV)<\/td>\n<\/tr>\n<tr>\n<td>Riboflavin<\/td>\n<td>15 mg (1154% NRV)<\/td>\n<\/tr>\n<tr>\n<td>Niacin (als Niacinamid und Niacin)<\/td>\n<td>70 mg (438% NRV)<\/td>\n<\/tr>\n<tr>\n<td>Vitamin B-6 (aus Pyridoxin HCl)<\/td>\n<td>16,5 mg (971% NRV)<\/td>\n<\/tr>\n<tr>\n<td>Folat [aus Quatrefolic\u00ae (6S)-5-MTHF Glucosaminsalz]<\/td>\n<td>340 mcg DFE \/ 200 mcg (6S)-5-MTHF (85% NRV)<\/td>\n<\/tr>\n<tr>\n<td>Vitamin B-12 (als Methylcobalamin)<\/td>\n<td>40 mcg (1667% NRV)<\/td>\n<\/tr>\n<tr>\n<td>Biotin<\/td>\n<td>1&#8217;600 mcg (5333% NRV)<\/td>\n<\/tr>\n<tr>\n<td>Pantothens\u00e4ure (aus Calcium Pantothenat)<\/td>\n<td>60 mg (1200% NRV)<\/td>\n<\/tr>\n<tr>\n<td>Cholin (aus Cholin Bitartrat)<\/td>\n<td>15 mg (3% NRV)<\/td>\n<\/tr>\n<tr>\n<td>Calcium (aus Calcium Citrat und Ascorbat)<\/td>\n<td>60 mg (5% NRV)<\/td>\n<\/tr>\n<tr>\n<td>Magnesium (aus Magnesium Citrat und Bisglycinate \u2013 TRAACS\u00ae)<\/td>\n<td>30 mg (7% NRV)<\/td>\n<\/tr>\n<tr>\n<td>Zink (aus Zink Gluconat)<\/td>\n<td>15 mg (136% NRV)<\/td>\n<\/tr>\n<tr>\n<td>Selen (aus L-Selenomethionin)<\/td>\n<td>62,5 mcg (114% NRV)<\/td>\n<\/tr>\n<tr>\n<td>Mangan (aus Mangan Bisglycinate \u2013 TRAACS\u00ae)<\/td>\n<td>2,5 mg (109% NRV)<\/td>\n<\/tr>\n<tr>\n<td>Chrom (aus Chrom Nicotinat Glycinate \u2013 TRAACS\u00ae)<\/td>\n<td>450 mcg (1286% NRV)<\/td>\n<\/tr>\n<tr>\n<td>Kalium (aus Kaliumchlorid und -citrat)<\/td>\n<td>50 mg (1% NRV)<\/td>\n<\/tr>\n<tr>\n<td>Gymnema sylvestre Extrakt (Blatt)<\/td>\n<td>50 mg (*)<\/td>\n<\/tr>\n<tr>\n<td>L-Carnitine (Carnipure\u00ae, aus L-Carnitin Tartrat)<\/td>\n<td>20 mg (*)<\/td>\n<\/tr>\n<tr>\n<td>Inositol<\/td>\n<td>15 mg (*)<\/td>\n<\/tr>\n<tr>\n<td>Vanadium (aus Aminos\u00e4ure-Chelat)<\/td>\n<td>9 mcg (*)<\/td>\n<\/tr>\n<\/tbody>\n<\/table>\n<p class=\"chcg-footnote\">* Kein N\u00e4hrstoffreferenzwert (NRV) festgelegt.<\/p>\n<\/p><\/div>\n<div class=\"chcg-ingredients\">\n<h3>Zutaten<\/h3>\n<p>Vitamin A (100% als Beta-Carotin) 750 mcg, Vitamin C (aus Calcium Ascorbat) 120 mg, Vitamin D-3 (als Cholecalciferol) 12,5 mcg (500 IU), Vitamin E (als d-alpha Tocopheryl Succinat) 134 mg, Vitamin K-2 (als Menaquinon-7 \/ MK-7 \/ MenaQ7\u00ae) 50 mcg, Thiamin (aus Thiamin HCl) 20 mg, Riboflavin 15 mg, Niacin (als Niacinamid und Niacin) 70 mg, Vitamin B-6 (aus Pyridoxin HCl) 16,5 mg, Folat [aus Quatrefolic\u00ae (6S)-5-MTHF Glucosaminsalz] 340 mcg DFE [200 mcg (6S)-5-MTHF], Vitamin B-12 (als Methylcobalamin) 40 mcg, Biotin 1&#8217;600 mcg, Pantothens\u00e4ure (aus Calcium Pantothenat) 60 mg, Cholin (aus Cholin Bitartrat) 15 mg, Calcium (aus Calcium Citrat und Ascorbat) 60 mg, Magnesium (aus Magnesium Citrat und Bisglycinate \u2013 TRAACS\u00ae) 30 mg, Zink (aus Zink Gluconat) 15 mg, Selen (aus L-Selenomethionin) 62,5 mcg, Mangan (aus Mangan Bisglycinate \u2013 TRAACS\u00ae) 2,5 mg, Chrom (aus Chrom Nicotinat Glycinate \u2013 TRAACS\u00ae) 450 mcg, Kalium (aus Kaliumchlorid und -citrat) 50 mg, Gymnema sylvestre Extrakt (Blatt) 50 mg, L-Carnitine (Carnipure\u00ae, aus L-Carnitin Tartrat) 20 mg, Inositol 15 mg, Vanadium (aus Aminos\u00e4ure-Chelat) 9 mcg. Weitere Zutaten: Hypromellose (Cellulose-Kapsel), Stearins\u00e4ure (pflanzlicher Herkunft) und Siliziumdioxid. Vitamin E aus gentechnikfreier Soja.<\/p>\n<p class=\"chcg-capsule-shell\">Kapselh\u00fclle: Hypromellose (Cellulose-Kapsel)<\/p>\n<\/p><\/div>\n<div class=\"chcg-dosage\">\n<h3>Verzehrempfehlung<\/h3>\n<p>T\u00e4glich 2 Kapseln zweimal t\u00e4glich zu einer Mahlzeit einnehmen.<\/p>\n<\/p><\/div>\n<div class=\"chcg-warnings\">\n<h3>Warnhinweise<\/h3>\n<p>Nur f\u00fcr Erwachsene. Diabetiker und Personen mit Hypoglyk\u00e4mie sollten vor der Einnahme dieses Produkts einen Arzt konsultieren. Bei Schwangerschaft oder Stillzeit, bei Einnahme von Medikamenten oder bei bestehenden Erkrankungen ist vor der Einnahme ein Arzt zu konsultieren. Ausserhalb der Reichweite von Kindern aufbewahren. Dieses Produkt enth\u00e4lt Biotin, das bestimmte Bluttestergebnisse beeinflussen kann.<\/p>\n<\/p><\/div>\n<div class=\"chcg-allergens\">\n<h3>Allergeninformationen<\/h3>\n<p>Vitamin E aus gentechnikfreier Soja. Nicht hergestellt mit Weizen, Gluten, Milch, Ei, Fisch, Schalentieren oder Sesam. Produziert in einer GMP-zertifizierten Anlage, die andere Zutaten verarbeitet, die diese Allergene enthalten k\u00f6nnen.<\/p>\n<\/p><\/div>\n<div class=\"chcg-storage\">\n<h3>Lagerung<\/h3>\n<p>An einem k\u00fchlen, trockenen Ort lagern.<\/p>\n<\/p><\/div>\n<div class=\"chcg-dietary\">\n<h3>Ern\u00e4hrungshinweise<\/h3>\n<ul>\n<li>Vegan<\/li>\n<li>Vegetarisch<\/li>\n<li>Glutenfrei<\/li>\n<li>Laktosefrei<\/li>\n<\/ul><\/div>\n<\/div>\n","protected":false},"excerpt":{"rendered":"<p>True Balance von NOW Foods ist eine umfassende Multivitamin- und Mineralstoffformel in veganen Kapseln mit hochwertigen N\u00e4hrstoffformen. Inhalt: 120 Kapseln (60 Portionen). Geeignet f\u00fcr Veganer, glutenfrei.<\/p>\n","protected":false},"featured_media":2299,"comment_status":"closed","ping_status":"open","template":"","meta":[],"product_brand":[207],"product_cat":[48,26,21],"product_tag":[],"class_list":{"0":"post-2298","1":"product","2":"type-product","3":"status-publish","4":"has-post-thumbnail","6":"product_brand-now-foods","7":"product_cat-gesunde-ernaehrung","8":"product_cat-multivitamine","9":"product_cat-vitamine-und-mineralstoffe","11":"first","12":"outofstock","13":"taxable","14":"shipping-taxable","15":"purchasable","16":"product-type-simple"},"yoast_head":"<!-- This site is optimized with the Yoast SEO plugin v27.5 - https:\/\/yoast.com\/product\/yoast-seo-wordpress\/ -->\n<title>True Balance 120 Kapseln \u2013 NOW Foods | ecosupplements.ch<\/title>\n<meta name=\"description\" content=\"True Balance von NOW Foods liefert essentielle Vitamine und Mineralstoffe in hochwertigen Formen \u2013 120 vegane Kapseln f\u00fcr 60 Portionen. Jetzt bestellen.\" \/>\n<meta name=\"robots\" content=\"index, follow, max-snippet:-1, max-image-preview:large, max-video-preview:-1\" \/>\n<link rel=\"canonical\" href=\"https:\/\/ecosupplements.ch\/?product=true-balance-120-caps\" \/>\n<meta property=\"og:locale\" content=\"de_DE\" \/>\n<meta property=\"og:type\" content=\"article\" \/>\n<meta property=\"og:title\" content=\"True Balance 120 Kapseln \u2013 NOW Foods | ecosupplements.ch\" \/>\n<meta property=\"og:description\" content=\"True Balance von NOW Foods liefert essentielle Vitamine und Mineralstoffe in hochwertigen Formen \u2013 120 vegane Kapseln f\u00fcr 60 Portionen. Jetzt bestellen.\" \/>\n<meta property=\"og:url\" content=\"https:\/\/ecosupplements.ch\/?product=true-balance-120-caps\" \/>\n<meta property=\"og:site_name\" content=\"Eco Supplements\" \/>\n<meta property=\"article:modified_time\" content=\"2026-05-13T07:22:39+00:00\" \/>\n<meta property=\"og:image\" content=\"https:\/\/ecosupplements.ch\/wp-content\/uploads\/2026\/05\/True-Balance-120-caps.jpg\" \/>\n\t<meta property=\"og:image:width\" content=\"442\" \/>\n\t<meta property=\"og:image:height\" content=\"810\" \/>\n\t<meta property=\"og:image:type\" content=\"image\/jpeg\" \/>\n<meta name=\"twitter:card\" content=\"summary_large_image\" \/>\n<meta name=\"twitter:label1\" content=\"Price\" \/>\n\t<meta name=\"twitter:data1\" content=\"&#067;&#072;&#070;&nbsp;28.95\" \/>\n\t<meta name=\"twitter:label2\" content=\"Availability\" \/>\n\t<meta name=\"twitter:data2\" content=\"Out of stock\" \/>\n<script type=\"application\/ld+json\" class=\"yoast-schema-graph\">{\"@context\":\"https:\\\/\\\/schema.org\",\"@graph\":[{\"@type\":\"WebPage\",\"@id\":\"https:\\\/\\\/ecosupplements.ch\\\/?product=true-balance-120-caps\",\"url\":\"https:\\\/\\\/ecosupplements.ch\\\/?product=true-balance-120-caps\",\"name\":\"True Balance 120 Kapseln \u2013 NOW Foods | ecosupplements.ch\",\"isPartOf\":{\"@id\":\"https:\\\/\\\/ecosupplements.ch\\\/#website\"},\"primaryImageOfPage\":{\"@id\":\"https:\\\/\\\/ecosupplements.ch\\\/?product=true-balance-120-caps#primaryimage\"},\"image\":{\"@id\":\"https:\\\/\\\/ecosupplements.ch\\\/?product=true-balance-120-caps#primaryimage\"},\"thumbnailUrl\":\"https:\\\/\\\/ecosupplements.ch\\\/wp-content\\\/uploads\\\/2026\\\/05\\\/True-Balance-120-caps.jpg\",\"datePublished\":\"2026-05-11T14:35:22+00:00\",\"dateModified\":\"2026-05-13T07:22:39+00:00\",\"description\":\"True Balance von NOW Foods liefert essentielle Vitamine und Mineralstoffe in hochwertigen Formen \u2013 120 vegane Kapseln f\u00fcr 60 Portionen. Jetzt bestellen.\",\"breadcrumb\":{\"@id\":\"https:\\\/\\\/ecosupplements.ch\\\/?product=true-balance-120-caps#breadcrumb\"},\"inLanguage\":\"de-CH\",\"potentialAction\":[{\"@type\":\"ReadAction\",\"target\":[\"https:\\\/\\\/ecosupplements.ch\\\/?product=true-balance-120-caps\"]}]},{\"@type\":\"ImageObject\",\"inLanguage\":\"de-CH\",\"@id\":\"https:\\\/\\\/ecosupplements.ch\\\/?product=true-balance-120-caps#primaryimage\",\"url\":\"https:\\\/\\\/ecosupplements.ch\\\/wp-content\\\/uploads\\\/2026\\\/05\\\/True-Balance-120-caps.jpg\",\"contentUrl\":\"https:\\\/\\\/ecosupplements.ch\\\/wp-content\\\/uploads\\\/2026\\\/05\\\/True-Balance-120-caps.jpg\",\"width\":442,\"height\":810,\"caption\":\"True Balance - 120 caps\"},{\"@type\":\"BreadcrumbList\",\"@id\":\"https:\\\/\\\/ecosupplements.ch\\\/?product=true-balance-120-caps#breadcrumb\",\"itemListElement\":[{\"@type\":\"ListItem\",\"position\":1,\"name\":\"Home\",\"item\":\"https:\\\/\\\/ecosupplements.ch\\\/\"},{\"@type\":\"ListItem\",\"position\":2,\"name\":\"Shop\",\"item\":\"https:\\\/\\\/ecosupplements.ch\\\/?page_id=14\"},{\"@type\":\"ListItem\",\"position\":3,\"name\":\"True Balance &#8211; 120 caps\"}]},{\"@type\":\"WebSite\",\"@id\":\"https:\\\/\\\/ecosupplements.ch\\\/#website\",\"url\":\"https:\\\/\\\/ecosupplements.ch\\\/\",\"name\":\"Eco Supplements\",\"description\":\"\",\"potentialAction\":[{\"@type\":\"SearchAction\",\"target\":{\"@type\":\"EntryPoint\",\"urlTemplate\":\"https:\\\/\\\/ecosupplements.ch\\\/?s={search_term_string}\"},\"query-input\":{\"@type\":\"PropertyValueSpecification\",\"valueRequired\":true,\"valueName\":\"search_term_string\"}}],\"inLanguage\":\"de-CH\"}]}<\/script>\n<meta property=\"product:price:amount\" content=\"28.95\" \/>\n<meta property=\"product:price:currency\" content=\"CHF\" \/>\n<meta property=\"og:availability\" content=\"out of stock\" \/>\n<meta property=\"product:availability\" content=\"out of stock\" \/>\n<meta property=\"product:retailer_item_id\" content=\"733739033802\" \/>\n<meta property=\"product:condition\" content=\"new\" \/>\n<!-- \/ Yoast SEO plugin. -->","yoast_head_json":{"title":"True Balance 120 Kapseln \u2013 NOW Foods | ecosupplements.ch","description":"True Balance von NOW Foods liefert essentielle Vitamine und Mineralstoffe in hochwertigen Formen \u2013 120 vegane Kapseln f\u00fcr 60 Portionen. Jetzt bestellen.","robots":{"index":"index","follow":"follow","max-snippet":"max-snippet:-1","max-image-preview":"max-image-preview:large","max-video-preview":"max-video-preview:-1"},"canonical":"https:\/\/ecosupplements.ch\/?product=true-balance-120-caps","og_locale":"de_DE","og_type":"article","og_title":"True Balance 120 Kapseln \u2013 NOW Foods | ecosupplements.ch","og_description":"True Balance von NOW Foods liefert essentielle Vitamine und Mineralstoffe in hochwertigen Formen \u2013 120 vegane Kapseln f\u00fcr 60 Portionen. Jetzt bestellen.","og_url":"https:\/\/ecosupplements.ch\/?product=true-balance-120-caps","og_site_name":"Eco Supplements","article_modified_time":"2026-05-13T07:22:39+00:00","og_image":[{"width":442,"height":810,"url":"https:\/\/ecosupplements.ch\/wp-content\/uploads\/2026\/05\/True-Balance-120-caps.jpg","type":"image\/jpeg"}],"twitter_card":"summary_large_image","twitter_misc":{"Price":"&#67;&#72;&#70;&nbsp;28.95","Availability":"Out of stock"},"schema":{"@context":"https:\/\/schema.org","@graph":[{"@type":"WebPage","@id":"https:\/\/ecosupplements.ch\/?product=true-balance-120-caps","url":"https:\/\/ecosupplements.ch\/?product=true-balance-120-caps","name":"True Balance 120 Kapseln \u2013 NOW Foods | ecosupplements.ch","isPartOf":{"@id":"https:\/\/ecosupplements.ch\/#website"},"primaryImageOfPage":{"@id":"https:\/\/ecosupplements.ch\/?product=true-balance-120-caps#primaryimage"},"image":{"@id":"https:\/\/ecosupplements.ch\/?product=true-balance-120-caps#primaryimage"},"thumbnailUrl":"https:\/\/ecosupplements.ch\/wp-content\/uploads\/2026\/05\/True-Balance-120-caps.jpg","datePublished":"2026-05-11T14:35:22+00:00","dateModified":"2026-05-13T07:22:39+00:00","description":"True Balance von NOW Foods liefert essentielle Vitamine und Mineralstoffe in hochwertigen Formen \u2013 120 vegane Kapseln f\u00fcr 60 Portionen. Jetzt bestellen.","breadcrumb":{"@id":"https:\/\/ecosupplements.ch\/?product=true-balance-120-caps#breadcrumb"},"inLanguage":"de-CH","potentialAction":[{"@type":"ReadAction","target":["https:\/\/ecosupplements.ch\/?product=true-balance-120-caps"]}]},{"@type":"ImageObject","inLanguage":"de-CH","@id":"https:\/\/ecosupplements.ch\/?product=true-balance-120-caps#primaryimage","url":"https:\/\/ecosupplements.ch\/wp-content\/uploads\/2026\/05\/True-Balance-120-caps.jpg","contentUrl":"https:\/\/ecosupplements.ch\/wp-content\/uploads\/2026\/05\/True-Balance-120-caps.jpg","width":442,"height":810,"caption":"True Balance - 120 caps"},{"@type":"BreadcrumbList","@id":"https:\/\/ecosupplements.ch\/?product=true-balance-120-caps#breadcrumb","itemListElement":[{"@type":"ListItem","position":1,"name":"Home","item":"https:\/\/ecosupplements.ch\/"},{"@type":"ListItem","position":2,"name":"Shop","item":"https:\/\/ecosupplements.ch\/?page_id=14"},{"@type":"ListItem","position":3,"name":"True Balance &#8211; 120 caps"}]},{"@type":"WebSite","@id":"https:\/\/ecosupplements.ch\/#website","url":"https:\/\/ecosupplements.ch\/","name":"Eco Supplements","description":"","potentialAction":[{"@type":"SearchAction","target":{"@type":"EntryPoint","urlTemplate":"https:\/\/ecosupplements.ch\/?s={search_term_string}"},"query-input":{"@type":"PropertyValueSpecification","valueRequired":true,"valueName":"search_term_string"}}],"inLanguage":"de-CH"}]},"product_price_amount":"28.95","product_price_currency":"CHF","og_availability":"out of stock","product_availability":"out of stock","product_retailer_item_id":"733739033802","product_condition":"new"},"_links":{"self":[{"href":"https:\/\/ecosupplements.ch\/index.php?rest_route=\/wp\/v2\/product\/2298","targetHints":{"allow":["GET"]}}],"collection":[{"href":"https:\/\/ecosupplements.ch\/index.php?rest_route=\/wp\/v2\/product"}],"about":[{"href":"https:\/\/ecosupplements.ch\/index.php?rest_route=\/wp\/v2\/types\/product"}],"replies":[{"embeddable":true,"href":"https:\/\/ecosupplements.ch\/index.php?rest_route=%2Fwp%2Fv2%2Fcomments&post=2298"}],"wp:featuredmedia":[{"embeddable":true,"href":"https:\/\/ecosupplements.ch\/index.php?rest_route=\/wp\/v2\/media\/2299"}],"wp:attachment":[{"href":"https:\/\/ecosupplements.ch\/index.php?rest_route=%2Fwp%2Fv2%2Fmedia&parent=2298"}],"wp:term":[{"taxonomy":"product_brand","embeddable":true,"href":"https:\/\/ecosupplements.ch\/index.php?rest_route=%2Fwp%2Fv2%2Fproduct_brand&post=2298"},{"taxonomy":"product_cat","embeddable":true,"href":"https:\/\/ecosupplements.ch\/index.php?rest_route=%2Fwp%2Fv2%2Fproduct_cat&post=2298"},{"taxonomy":"product_tag","embeddable":true,"href":"https:\/\/ecosupplements.ch\/index.php?rest_route=%2Fwp%2Fv2%2Fproduct_tag&post=2298"}],"curies":[{"name":"wp","href":"https:\/\/api.w.org\/{rel}","templated":true}]}}