{"id":2306,"date":"2026-05-11T14:35:27","date_gmt":"2026-05-11T14:35:27","guid":{"rendered":"https:\/\/ecosupplements.ch\/?product=ubiquinol-200mg-60-softgels"},"modified":"2026-05-13T07:22:39","modified_gmt":"2026-05-13T07:22:39","slug":"ubiquinol-200mg-60-softgels","status":"publish","type":"product","link":"https:\/\/ecosupplements.ch\/?product=ubiquinol-200mg-60-softgels","title":{"rendered":"Ubiquinol, 200mg &#8211; 60 softgels"},"content":{"rendered":"<div class=\"chcg-product-description\">\n<h2 class=\"chcg-heading\">\u00dcber NOW Foods \u2013 Ubiquinol, 200mg \u2013 60 Softgels<\/h2>\n<div class=\"chcg-intro\">\n<p>Ubiquinol ist die reduzierte, bioaktive Form von Coenzym Q10 (CoQ10) und gilt als besonders gut verwertbar. Im Gegensatz zur oxidierten Form Ubiquinon liegt Ubiquinol im K\u00f6rper direkt in der aktiven Form vor, was eine aufwendige Umwandlung \u00fcberfl\u00fcssig macht. NOW Foods setzt dabei auf Kaneka Ubiquinol\u2122 \u2013 einen renommierten japanischen Wirkstoff, der durch nat\u00fcrliche Fermentation gewonnen wird und f\u00fcr seine hohe Reinheit bekannt ist.<\/p>\n<p>Coenzym Q10 ist ein k\u00f6rpereigenes Molek\u00fcl, das in nahezu jeder Zelle vorkommt und eine zentrale Rolle in der mitochondrialen Energieproduktion spielt. Es tr\u00e4gt dazu bei, die Zellen vor oxidativem Stress zu sch\u00fctzen, und unterst\u00fctzt die normale Herzfunktion. Mit zunehmendem Alter nimmt die k\u00f6rpereigene CoQ10-Produktion ab, weshalb eine gezielte Erg\u00e4nzung sinnvoll sein kann.<\/p>\n<p>Jede Softgel-Kapsel liefert 200 mg Ubiquinol in einer praktischen Tagesportion. Die Softgel-Form mit MCT-\u00d6l aus Kokos- oder Palmkern\u00f6l verbessert die fettl\u00f6sliche Aufnahme des Wirkstoffs und macht die Einnahme besonders unkompliziert.<\/p>\n<\/p><\/div>\n<div class=\"chcg-nutrition\">\n<h3>N\u00e4hrwertangaben<\/h3>\n<table class=\"chcg-nutrition-table\">\n<thead>\n<tr>\n<th>N\u00e4hrstoff<\/th>\n<th>Pro Portion (1 Softgel)<\/th>\n<\/tr>\n<\/thead>\n<tbody>\n<tr>\n<td>Ubiquinol (Kaneka Ubiquinol\u2122) (Reduzierte Form CoQ10)<\/td>\n<td>200 mg *<\/td>\n<\/tr>\n<\/tbody>\n<\/table>\n<p class=\"chcg-footnote\">* Kein gesetzlicher Tagesbedarf festgelegt.<\/p>\n<\/p><\/div>\n<div class=\"chcg-ingredients\">\n<h3>Zutaten<\/h3>\n<p>MCT-\u00d6l (mittelkettige Triglyceride aus Kokos-\/Palmkern\u00f6l), Bienenwachs.<\/p>\n<p class=\"chcg-capsule-shell\">Kapselh\u00fclle: Rindergelatine (BSE-frei), Glycerin, Wasser, Johannisbrot.<\/p>\n<\/p><\/div>\n<div class=\"chcg-dosage\">\n<h3>Verzehrempfehlung<\/h3>\n<p>T\u00e4glich 1 Softgel zusammen mit einer fetthaltigen Mahlzeit einnehmen.<\/p>\n<\/p><\/div>\n<div class=\"chcg-warnings\">\n<h3>Warnhinweise<\/h3>\n<p>Nur f\u00fcr Erwachsene. Bei Schwangerschaft oder Stillzeit, bei der Einnahme von Medikamenten oder bei bestehenden gesundheitlichen Beschwerden ist vor der Anwendung ein Arzt zu konsultieren. Ausserhalb der Reichweite von Kindern aufbewahren. Die empfohlene Tagesportion nicht \u00fcberschreiten.<\/p>\n<\/p><\/div>\n<div class=\"chcg-allergens\">\n<h3>Allergeninformationen<\/h3>\n<p>Nicht hergestellt mit Weizen, Gluten, Soja, Milch, Ei, Fisch, Schalentieren oder Sesam. Produziert in einem GMP-zertifizierten Betrieb, der auch andere Zutaten verarbeitet, die diese Allergene enthalten k\u00f6nnen.<\/p>\n<\/p><\/div>\n<div class=\"chcg-storage\">\n<h3>Lagerung<\/h3>\n<p>Nach dem \u00d6ffnen k\u00fchl und trocken lagern.<\/p>\n<\/p><\/div>\n<div class=\"chcg-dietary\">\n<h3>Ern\u00e4hrungshinweise<\/h3>\n<ul>\n<li>Glutenfrei<\/li>\n<li>Laktosefrei<\/li>\n<\/ul><\/div>\n<\/div>\n","protected":false},"excerpt":{"rendered":"<p>NOW Foods Ubiquinol 200mg liefert Coenzym Q10 in der bioaktiven, reduzierten Form f\u00fcr optimale Zellverwertung. 60 Softgels mit Kaneka Ubiquinol\u2122 \u2013 glutenfrei und laktosefrei.<\/p>\n","protected":false},"featured_media":2307,"comment_status":"closed","ping_status":"open","template":"","meta":[],"product_brand":[207],"product_cat":[34,48,25,21],"product_tag":[],"class_list":{"0":"post-2306","1":"product","2":"type-product","3":"status-publish","4":"has-post-thumbnail","6":"product_brand-now-foods","7":"product_cat-antioxidantien","8":"product_cat-gesunde-ernaehrung","9":"product_cat-gesundheit-und-wohlbefinden","10":"product_cat-vitamine-und-mineralstoffe","12":"first","13":"outofstock","14":"taxable","15":"shipping-taxable","16":"purchasable","17":"product-type-simple"},"yoast_head":"<!-- This site is optimized with the Yoast SEO plugin v27.5 - https:\/\/yoast.com\/product\/yoast-seo-wordpress\/ -->\n<title>Ubiquinol 200mg \u2013 60 Softgels \u2013 NOW Foods | ecosupplements.ch<\/title>\n<meta name=\"description\" content=\"Ubiquinol 200mg von NOW Foods in bioaktiver CoQ10-Form \u2013 60 Softgels mit Kaneka Ubiquinol\u2122 f\u00fcr optimale Aufnahme. Jetzt bestellen.\" \/>\n<meta name=\"robots\" content=\"index, follow, max-snippet:-1, max-image-preview:large, max-video-preview:-1\" \/>\n<link rel=\"canonical\" href=\"https:\/\/ecosupplements.ch\/?product=ubiquinol-200mg-60-softgels\" \/>\n<meta property=\"og:locale\" content=\"de_DE\" \/>\n<meta property=\"og:type\" content=\"article\" \/>\n<meta property=\"og:title\" content=\"Ubiquinol 200mg \u2013 60 Softgels \u2013 NOW Foods | ecosupplements.ch\" \/>\n<meta property=\"og:description\" content=\"Ubiquinol 200mg von NOW Foods in bioaktiver CoQ10-Form \u2013 60 Softgels mit Kaneka Ubiquinol\u2122 f\u00fcr optimale Aufnahme. Jetzt bestellen.\" \/>\n<meta property=\"og:url\" content=\"https:\/\/ecosupplements.ch\/?product=ubiquinol-200mg-60-softgels\" \/>\n<meta property=\"og:site_name\" content=\"Eco Supplements\" \/>\n<meta property=\"article:modified_time\" content=\"2026-05-13T07:22:39+00:00\" \/>\n<meta property=\"og:image\" content=\"https:\/\/ecosupplements.ch\/wp-content\/uploads\/2026\/05\/Ubiquinol-200mg-60-softgels.jpg\" \/>\n\t<meta property=\"og:image:width\" content=\"415\" \/>\n\t<meta property=\"og:image:height\" content=\"880\" \/>\n\t<meta property=\"og:image:type\" content=\"image\/jpeg\" \/>\n<meta name=\"twitter:card\" content=\"summary_large_image\" \/>\n<meta name=\"twitter:label1\" content=\"Price\" \/>\n\t<meta name=\"twitter:data1\" content=\"&#067;&#072;&#070;&nbsp;80.44\" \/>\n\t<meta name=\"twitter:label2\" content=\"Availability\" \/>\n\t<meta name=\"twitter:data2\" content=\"Out of stock\" \/>\n<script type=\"application\/ld+json\" class=\"yoast-schema-graph\">{\"@context\":\"https:\\\/\\\/schema.org\",\"@graph\":[{\"@type\":\"WebPage\",\"@id\":\"https:\\\/\\\/ecosupplements.ch\\\/?product=ubiquinol-200mg-60-softgels\",\"url\":\"https:\\\/\\\/ecosupplements.ch\\\/?product=ubiquinol-200mg-60-softgels\",\"name\":\"Ubiquinol 200mg \u2013 60 Softgels \u2013 NOW Foods | ecosupplements.ch\",\"isPartOf\":{\"@id\":\"https:\\\/\\\/ecosupplements.ch\\\/#website\"},\"primaryImageOfPage\":{\"@id\":\"https:\\\/\\\/ecosupplements.ch\\\/?product=ubiquinol-200mg-60-softgels#primaryimage\"},\"image\":{\"@id\":\"https:\\\/\\\/ecosupplements.ch\\\/?product=ubiquinol-200mg-60-softgels#primaryimage\"},\"thumbnailUrl\":\"https:\\\/\\\/ecosupplements.ch\\\/wp-content\\\/uploads\\\/2026\\\/05\\\/Ubiquinol-200mg-60-softgels.jpg\",\"datePublished\":\"2026-05-11T14:35:27+00:00\",\"dateModified\":\"2026-05-13T07:22:39+00:00\",\"description\":\"Ubiquinol 200mg von NOW Foods in bioaktiver CoQ10-Form \u2013 60 Softgels mit Kaneka Ubiquinol\u2122 f\u00fcr optimale Aufnahme. Jetzt bestellen.\",\"breadcrumb\":{\"@id\":\"https:\\\/\\\/ecosupplements.ch\\\/?product=ubiquinol-200mg-60-softgels#breadcrumb\"},\"inLanguage\":\"de-CH\",\"potentialAction\":[{\"@type\":\"ReadAction\",\"target\":[\"https:\\\/\\\/ecosupplements.ch\\\/?product=ubiquinol-200mg-60-softgels\"]}]},{\"@type\":\"ImageObject\",\"inLanguage\":\"de-CH\",\"@id\":\"https:\\\/\\\/ecosupplements.ch\\\/?product=ubiquinol-200mg-60-softgels#primaryimage\",\"url\":\"https:\\\/\\\/ecosupplements.ch\\\/wp-content\\\/uploads\\\/2026\\\/05\\\/Ubiquinol-200mg-60-softgels.jpg\",\"contentUrl\":\"https:\\\/\\\/ecosupplements.ch\\\/wp-content\\\/uploads\\\/2026\\\/05\\\/Ubiquinol-200mg-60-softgels.jpg\",\"width\":415,\"height\":880,\"caption\":\"Ubiquinol\"},{\"@type\":\"BreadcrumbList\",\"@id\":\"https:\\\/\\\/ecosupplements.ch\\\/?product=ubiquinol-200mg-60-softgels#breadcrumb\",\"itemListElement\":[{\"@type\":\"ListItem\",\"position\":1,\"name\":\"Home\",\"item\":\"https:\\\/\\\/ecosupplements.ch\\\/\"},{\"@type\":\"ListItem\",\"position\":2,\"name\":\"Shop\",\"item\":\"https:\\\/\\\/ecosupplements.ch\\\/?page_id=14\"},{\"@type\":\"ListItem\",\"position\":3,\"name\":\"Ubiquinol, 200mg &#8211; 60 softgels\"}]},{\"@type\":\"WebSite\",\"@id\":\"https:\\\/\\\/ecosupplements.ch\\\/#website\",\"url\":\"https:\\\/\\\/ecosupplements.ch\\\/\",\"name\":\"Eco Supplements\",\"description\":\"\",\"potentialAction\":[{\"@type\":\"SearchAction\",\"target\":{\"@type\":\"EntryPoint\",\"urlTemplate\":\"https:\\\/\\\/ecosupplements.ch\\\/?s={search_term_string}\"},\"query-input\":{\"@type\":\"PropertyValueSpecification\",\"valueRequired\":true,\"valueName\":\"search_term_string\"}}],\"inLanguage\":\"de-CH\"}]}<\/script>\n<meta property=\"product:price:amount\" content=\"80.44\" \/>\n<meta property=\"product:price:currency\" content=\"CHF\" \/>\n<meta property=\"og:availability\" content=\"out of stock\" \/>\n<meta property=\"product:availability\" content=\"out of stock\" \/>\n<meta property=\"product:retailer_item_id\" content=\"733739031440\" \/>\n<meta property=\"product:condition\" content=\"new\" \/>\n<!-- \/ Yoast SEO plugin. -->","yoast_head_json":{"title":"Ubiquinol 200mg \u2013 60 Softgels \u2013 NOW Foods | ecosupplements.ch","description":"Ubiquinol 200mg von NOW Foods in bioaktiver CoQ10-Form \u2013 60 Softgels mit Kaneka Ubiquinol\u2122 f\u00fcr optimale Aufnahme. Jetzt bestellen.","robots":{"index":"index","follow":"follow","max-snippet":"max-snippet:-1","max-image-preview":"max-image-preview:large","max-video-preview":"max-video-preview:-1"},"canonical":"https:\/\/ecosupplements.ch\/?product=ubiquinol-200mg-60-softgels","og_locale":"de_DE","og_type":"article","og_title":"Ubiquinol 200mg \u2013 60 Softgels \u2013 NOW Foods | ecosupplements.ch","og_description":"Ubiquinol 200mg von NOW Foods in bioaktiver CoQ10-Form \u2013 60 Softgels mit Kaneka Ubiquinol\u2122 f\u00fcr optimale Aufnahme. Jetzt bestellen.","og_url":"https:\/\/ecosupplements.ch\/?product=ubiquinol-200mg-60-softgels","og_site_name":"Eco Supplements","article_modified_time":"2026-05-13T07:22:39+00:00","og_image":[{"width":415,"height":880,"url":"https:\/\/ecosupplements.ch\/wp-content\/uploads\/2026\/05\/Ubiquinol-200mg-60-softgels.jpg","type":"image\/jpeg"}],"twitter_card":"summary_large_image","twitter_misc":{"Price":"&#67;&#72;&#70;&nbsp;80.44","Availability":"Out of stock"},"schema":{"@context":"https:\/\/schema.org","@graph":[{"@type":"WebPage","@id":"https:\/\/ecosupplements.ch\/?product=ubiquinol-200mg-60-softgels","url":"https:\/\/ecosupplements.ch\/?product=ubiquinol-200mg-60-softgels","name":"Ubiquinol 200mg \u2013 60 Softgels \u2013 NOW Foods | ecosupplements.ch","isPartOf":{"@id":"https:\/\/ecosupplements.ch\/#website"},"primaryImageOfPage":{"@id":"https:\/\/ecosupplements.ch\/?product=ubiquinol-200mg-60-softgels#primaryimage"},"image":{"@id":"https:\/\/ecosupplements.ch\/?product=ubiquinol-200mg-60-softgels#primaryimage"},"thumbnailUrl":"https:\/\/ecosupplements.ch\/wp-content\/uploads\/2026\/05\/Ubiquinol-200mg-60-softgels.jpg","datePublished":"2026-05-11T14:35:27+00:00","dateModified":"2026-05-13T07:22:39+00:00","description":"Ubiquinol 200mg von NOW Foods in bioaktiver CoQ10-Form \u2013 60 Softgels mit Kaneka Ubiquinol\u2122 f\u00fcr optimale Aufnahme. Jetzt bestellen.","breadcrumb":{"@id":"https:\/\/ecosupplements.ch\/?product=ubiquinol-200mg-60-softgels#breadcrumb"},"inLanguage":"de-CH","potentialAction":[{"@type":"ReadAction","target":["https:\/\/ecosupplements.ch\/?product=ubiquinol-200mg-60-softgels"]}]},{"@type":"ImageObject","inLanguage":"de-CH","@id":"https:\/\/ecosupplements.ch\/?product=ubiquinol-200mg-60-softgels#primaryimage","url":"https:\/\/ecosupplements.ch\/wp-content\/uploads\/2026\/05\/Ubiquinol-200mg-60-softgels.jpg","contentUrl":"https:\/\/ecosupplements.ch\/wp-content\/uploads\/2026\/05\/Ubiquinol-200mg-60-softgels.jpg","width":415,"height":880,"caption":"Ubiquinol"},{"@type":"BreadcrumbList","@id":"https:\/\/ecosupplements.ch\/?product=ubiquinol-200mg-60-softgels#breadcrumb","itemListElement":[{"@type":"ListItem","position":1,"name":"Home","item":"https:\/\/ecosupplements.ch\/"},{"@type":"ListItem","position":2,"name":"Shop","item":"https:\/\/ecosupplements.ch\/?page_id=14"},{"@type":"ListItem","position":3,"name":"Ubiquinol, 200mg &#8211; 60 softgels"}]},{"@type":"WebSite","@id":"https:\/\/ecosupplements.ch\/#website","url":"https:\/\/ecosupplements.ch\/","name":"Eco Supplements","description":"","potentialAction":[{"@type":"SearchAction","target":{"@type":"EntryPoint","urlTemplate":"https:\/\/ecosupplements.ch\/?s={search_term_string}"},"query-input":{"@type":"PropertyValueSpecification","valueRequired":true,"valueName":"search_term_string"}}],"inLanguage":"de-CH"}]},"product_price_amount":"80.44","product_price_currency":"CHF","og_availability":"out of stock","product_availability":"out of stock","product_retailer_item_id":"733739031440","product_condition":"new"},"_links":{"self":[{"href":"https:\/\/ecosupplements.ch\/index.php?rest_route=\/wp\/v2\/product\/2306","targetHints":{"allow":["GET"]}}],"collection":[{"href":"https:\/\/ecosupplements.ch\/index.php?rest_route=\/wp\/v2\/product"}],"about":[{"href":"https:\/\/ecosupplements.ch\/index.php?rest_route=\/wp\/v2\/types\/product"}],"replies":[{"embeddable":true,"href":"https:\/\/ecosupplements.ch\/index.php?rest_route=%2Fwp%2Fv2%2Fcomments&post=2306"}],"wp:featuredmedia":[{"embeddable":true,"href":"https:\/\/ecosupplements.ch\/index.php?rest_route=\/wp\/v2\/media\/2307"}],"wp:attachment":[{"href":"https:\/\/ecosupplements.ch\/index.php?rest_route=%2Fwp%2Fv2%2Fmedia&parent=2306"}],"wp:term":[{"taxonomy":"product_brand","embeddable":true,"href":"https:\/\/ecosupplements.ch\/index.php?rest_route=%2Fwp%2Fv2%2Fproduct_brand&post=2306"},{"taxonomy":"product_cat","embeddable":true,"href":"https:\/\/ecosupplements.ch\/index.php?rest_route=%2Fwp%2Fv2%2Fproduct_cat&post=2306"},{"taxonomy":"product_tag","embeddable":true,"href":"https:\/\/ecosupplements.ch\/index.php?rest_route=%2Fwp%2Fv2%2Fproduct_tag&post=2306"}],"curies":[{"name":"wp","href":"https:\/\/api.w.org\/{rel}","templated":true}]}}