{"id":2325,"date":"2026-05-11T14:35:35","date_gmt":"2026-05-11T14:35:35","guid":{"rendered":"https:\/\/ecosupplements.ch\/?product=fat-direct-2in1-shot-20-x-60-ml"},"modified":"2026-05-12T17:01:06","modified_gmt":"2026-05-12T17:01:06","slug":"fat-direct-2in1-shot-20-x-60-ml","status":"publish","type":"product","link":"https:\/\/ecosupplements.ch\/?product=fat-direct-2in1-shot-20-x-60-ml","title":{"rendered":"Fat Direct 2in1 Shot &#8211; 20 x 60 ml."},"content":{"rendered":"<div class=\"chcg-product-description\">\n<h2 class=\"chcg-heading\">\u00dcber Nutrend \u2013 Fat Direct 2in1 Shot \u2013 20 x 60 ml<\/h2>\n<div class=\"chcg-intro\">\n<p>Der Fat Direct 2in1 Shot von Nutrend ist ein gebrauchsfertiger Fl\u00fcssig-Shot, der speziell f\u00fcr den Einsatz vor dem Training entwickelt wurde. Die praktische 60-ml-Einzelportion kombiniert L-Carnitin (2000 mg) und L-Arginin (1500 mg) mit Beta-Alanin, Glucuronolacton, Cholin und Koffein \u2013 alles in einer einzigen, trinkfertigen Einheit ohne Abmessen oder Mischen.<\/p>\n<p>Die Formel wird durch einen gezielten B-Vitaminkomplex erg\u00e4nzt: Riboflavin (B2), Niacin (B3), Pantothens\u00e4ure (B5), Vitamin B6 und Biotin tragen zum normalen Energiestoffwechsel sowie zur Verringerung von M\u00fcdigkeit und Ersch\u00f6pfung bei. Koffein unterst\u00fctzt die Konzentration und Aufmerksamkeit, w\u00e4hrend Beta-Alanin und Glucuronolacton die Formel sinnvoll abrunden.<\/p>\n<p>Das Paket enth\u00e4lt 20 Shots \u00e0 60 ml \u2013 ideal f\u00fcr Sportlerinnen und Sportler, die eine praktische, dosierungsgenaue L\u00f6sung f\u00fcr ihren Trainingsalltag suchen. Der Shot kann pur getrunken oder in ein Sportgetr\u00e4nk einger\u00fchrt werden.<\/p>\n<\/p><\/div>\n<div class=\"chcg-nutrition\">\n<h3>N\u00e4hrwertangaben<\/h3>\n<table class=\"chcg-nutrition-table\">\n<thead>\n<tr>\n<th>N\u00e4hrstoff<\/th>\n<th>Pro Portion (60 ml)<\/th>\n<\/tr>\n<\/thead>\n<tbody>\n<tr>\n<td>L-Arginin<\/td>\n<td>1500 mg<\/td>\n<\/tr>\n<tr>\n<td>L-Carnitin<\/td>\n<td>2000 mg<\/td>\n<\/tr>\n<tr>\n<td>Beta-Alanin<\/td>\n<td>1000 mg<\/td>\n<\/tr>\n<tr>\n<td>Glucuronolacton<\/td>\n<td>500 mg<\/td>\n<\/tr>\n<tr>\n<td>Cholin<\/td>\n<td>200 mg<\/td>\n<\/tr>\n<tr>\n<td>Koffein<\/td>\n<td>100 mg<\/td>\n<\/tr>\n<tr>\n<td>Vitamin B6 (Pyridoxinhydrochlorid)<\/td>\n<td>5 mg (357 % NRV)<\/td>\n<\/tr>\n<tr>\n<td>Niacin (Vitamin B3, Nicotinamid)<\/td>\n<td>15 mg (94 % NRV)<\/td>\n<\/tr>\n<tr>\n<td>Riboflavin (Vitamin B2, Riboflavin-5&#8242;-phosphat-Natrium)<\/td>\n<td>10 mg (714 % NRV)<\/td>\n<\/tr>\n<tr>\n<td>Pantothens\u00e4ure (Vitamin B5, Calcium-D-Pantothenat)<\/td>\n<td>10 mg (167 % NRV)<\/td>\n<\/tr>\n<tr>\n<td>Biotin (D-Biotin)<\/td>\n<td>25 \u00b5g (50 % NRV)<\/td>\n<\/tr>\n<\/tbody>\n<\/table>\n<p class=\"chcg-footnote\">NRV = Referenzwert f\u00fcr die N\u00e4hrstoffzufuhr (Nutrient Reference Value) gem\u00e4ss EU-Verordnung Nr. 1169\/2011.<\/p>\n<\/p><\/div>\n<div class=\"chcg-ingredients\">\n<h3>Zutaten<\/h3>\n<p>Wasser, L-Carnitin, L-Arginin, Beta-Alanin, S\u00e4ureregulatoren \u00c4pfels\u00e4ure und Zitronens\u00e4ure, Glucuronolacton, Cholin-L-Bitartrat, aromatische Emulsion (Aroma, Farbstoffe E 150d, E 104 \u2013 kann die Aktivit\u00e4t und Aufmerksamkeit bei Kindern beeintr\u00e4chtigen), Koffein, Konservierungsstoffe Kaliumsorbat und Natriumbenzoat, S\u00fcssstoffe Acesulfam K und Steviolglykoside, Nicotinamid, Riboflavin-5&#8242;-phosphat-Natrium, S\u00fcssstoff Sucralose, Calcium-D-Pantothenat, Pyridoxinhydrochlorid, S\u00fcssstoff Neohesperidin DC, D-Biotin.<\/p>\n<\/p><\/div>\n<div class=\"chcg-dosage\">\n<h3>Verzehrempfehlung<\/h3>\n<p>1 Shot (60 ml) 15 Minuten vor der k\u00f6rperlichen Leistung trinken. Die maximale Tagesdosis betr\u00e4gt 60 ml. Die empfohlene Dosierung darf nicht \u00fcberschritten werden. F\u00fcr den direkten Konsum geeignet oder zum Einr\u00fchren in ein Sportgetr\u00e4nk. Nach dem \u00d6ffnen sofort verbrauchen. Vor Gebrauch sch\u00fctteln! Ein allf\u00e4lliger Bodensatz stellt keinen Mangel dar. Ein Kribbeln auf der Haut ist eine normale Reaktion.<\/p>\n<\/p><\/div>\n<div class=\"chcg-warnings\">\n<h3>Warnhinweise<\/h3>\n<p>Nahrungserg\u00e4nzungsmittel mit S\u00fcssstoffen. Enth\u00e4lt Koffein (100 mg\/60 ml) \u2013 nicht geeignet f\u00fcr Kinder, Schwangere und stillende Frauen. Ersetzt keine abwechslungsreiche Ern\u00e4hrung. Ausserhalb der Reichweite von Kindern aufbewahren! Hoher Koffeingehalt (166,7 mg\/100 ml).<\/p>\n<\/p><\/div>\n<div class=\"chcg-allergens\">\n<h3>Allergeninformationen<\/h3>\n<p>Keine Allergene ausdr\u00fccklich deklariert. Farbstoff E 104 \u2013 kann die Aktivit\u00e4t und Aufmerksamkeit bei Kindern beeintr\u00e4chtigen.<\/p>\n<\/p><\/div>\n<div class=\"chcg-storage\">\n<h3>Lagerung<\/h3>\n<p>Vor Hitze, Frost, Feuchtigkeit und direkter Sonneneinstrahlung sch\u00fctzen.<\/p>\n<\/p><\/div>\n<div class=\"chcg-dietary\">\n<h3>Ern\u00e4hrungshinweise<\/h3>\n<ul>\n<li>Laktosefrei<\/li>\n<\/ul><\/div>\n<\/div>\n","protected":false},"excerpt":{"rendered":"<p>Nutrend Fat Direct 2in1 Shot liefert pro Portion L-Carnitin, L-Arginin, Beta-Alanin und Koffein in einem trinkfertigen 60-ml-Shot. Paket mit 20 Einzelshots \u2013 ideal vor dem Training. Laktosefrei.<\/p>\n","protected":false},"featured_media":2326,"comment_status":"closed","ping_status":"open","template":"","meta":[],"product_brand":[456],"product_cat":[15],"product_tag":[],"class_list":{"0":"post-2325","1":"product","2":"type-product","3":"status-publish","4":"has-post-thumbnail","6":"product_brand-nutrend","7":"product_cat-uncategorized","9":"first","10":"outofstock","11":"taxable","12":"shipping-taxable","13":"purchasable","14":"product-type-simple"},"yoast_head":"<!-- This site is optimized with the Yoast SEO plugin v27.5 - https:\/\/yoast.com\/product\/yoast-seo-wordpress\/ -->\n<title>Fat Direct 2in1 Shot 20x60ml \u2013 Nutrend | ecosupplements.ch<\/title>\n<meta name=\"description\" content=\"Nutrend Fat Direct 2in1 Shot mit L-Carnitin, Koffein &amp; B-Vitaminen \u2013 20 trinkfertige Shots \u00e0 60 ml f\u00fcr vor dem Training. Jetzt bestellen.\" \/>\n<meta name=\"robots\" content=\"index, follow, max-snippet:-1, max-image-preview:large, max-video-preview:-1\" \/>\n<link rel=\"canonical\" href=\"https:\/\/ecosupplements.ch\/?product=fat-direct-2in1-shot-20-x-60-ml\" \/>\n<meta property=\"og:locale\" content=\"de_DE\" \/>\n<meta property=\"og:type\" content=\"article\" \/>\n<meta property=\"og:title\" content=\"Fat Direct 2in1 Shot 20x60ml \u2013 Nutrend | ecosupplements.ch\" \/>\n<meta property=\"og:description\" content=\"Nutrend Fat Direct 2in1 Shot mit L-Carnitin, Koffein &amp; B-Vitaminen \u2013 20 trinkfertige Shots \u00e0 60 ml f\u00fcr vor dem Training. Jetzt bestellen.\" \/>\n<meta property=\"og:url\" content=\"https:\/\/ecosupplements.ch\/?product=fat-direct-2in1-shot-20-x-60-ml\" \/>\n<meta property=\"og:site_name\" content=\"Eco Supplements\" \/>\n<meta property=\"article:modified_time\" content=\"2026-05-12T17:01:06+00:00\" \/>\n<meta property=\"og:image\" content=\"https:\/\/ecosupplements.ch\/wp-content\/uploads\/2026\/05\/Fat-Direct-2in1-Shot-20-x-60-ml.jpg\" \/>\n\t<meta property=\"og:image:width\" content=\"695\" \/>\n\t<meta property=\"og:image:height\" content=\"699\" \/>\n\t<meta property=\"og:image:type\" content=\"image\/jpeg\" \/>\n<meta name=\"twitter:card\" content=\"summary_large_image\" \/>\n<meta name=\"twitter:label1\" content=\"Price\" \/>\n\t<meta name=\"twitter:data1\" content=\"&#067;&#072;&#070;&nbsp;34.02\" \/>\n\t<meta name=\"twitter:label2\" content=\"Availability\" \/>\n\t<meta name=\"twitter:data2\" content=\"Out of stock\" \/>\n<script type=\"application\/ld+json\" class=\"yoast-schema-graph\">{\"@context\":\"https:\\\/\\\/schema.org\",\"@graph\":[{\"@type\":\"WebPage\",\"@id\":\"https:\\\/\\\/ecosupplements.ch\\\/?product=fat-direct-2in1-shot-20-x-60-ml\",\"url\":\"https:\\\/\\\/ecosupplements.ch\\\/?product=fat-direct-2in1-shot-20-x-60-ml\",\"name\":\"Fat Direct 2in1 Shot 20x60ml \u2013 Nutrend | ecosupplements.ch\",\"isPartOf\":{\"@id\":\"https:\\\/\\\/ecosupplements.ch\\\/#website\"},\"primaryImageOfPage\":{\"@id\":\"https:\\\/\\\/ecosupplements.ch\\\/?product=fat-direct-2in1-shot-20-x-60-ml#primaryimage\"},\"image\":{\"@id\":\"https:\\\/\\\/ecosupplements.ch\\\/?product=fat-direct-2in1-shot-20-x-60-ml#primaryimage\"},\"thumbnailUrl\":\"https:\\\/\\\/ecosupplements.ch\\\/wp-content\\\/uploads\\\/2026\\\/05\\\/Fat-Direct-2in1-Shot-20-x-60-ml.jpg\",\"datePublished\":\"2026-05-11T14:35:35+00:00\",\"dateModified\":\"2026-05-12T17:01:06+00:00\",\"description\":\"Nutrend Fat Direct 2in1 Shot mit L-Carnitin, Koffein & B-Vitaminen \u2013 20 trinkfertige Shots \u00e0 60 ml f\u00fcr vor dem Training. Jetzt bestellen.\",\"breadcrumb\":{\"@id\":\"https:\\\/\\\/ecosupplements.ch\\\/?product=fat-direct-2in1-shot-20-x-60-ml#breadcrumb\"},\"inLanguage\":\"de-CH\",\"potentialAction\":[{\"@type\":\"ReadAction\",\"target\":[\"https:\\\/\\\/ecosupplements.ch\\\/?product=fat-direct-2in1-shot-20-x-60-ml\"]}]},{\"@type\":\"ImageObject\",\"inLanguage\":\"de-CH\",\"@id\":\"https:\\\/\\\/ecosupplements.ch\\\/?product=fat-direct-2in1-shot-20-x-60-ml#primaryimage\",\"url\":\"https:\\\/\\\/ecosupplements.ch\\\/wp-content\\\/uploads\\\/2026\\\/05\\\/Fat-Direct-2in1-Shot-20-x-60-ml.jpg\",\"contentUrl\":\"https:\\\/\\\/ecosupplements.ch\\\/wp-content\\\/uploads\\\/2026\\\/05\\\/Fat-Direct-2in1-Shot-20-x-60-ml.jpg\",\"width\":695,\"height\":699,\"caption\":\"Fat Direct 2in1 Shot - 20 x 60 ml.\"},{\"@type\":\"BreadcrumbList\",\"@id\":\"https:\\\/\\\/ecosupplements.ch\\\/?product=fat-direct-2in1-shot-20-x-60-ml#breadcrumb\",\"itemListElement\":[{\"@type\":\"ListItem\",\"position\":1,\"name\":\"Home\",\"item\":\"https:\\\/\\\/ecosupplements.ch\\\/\"},{\"@type\":\"ListItem\",\"position\":2,\"name\":\"Shop\",\"item\":\"https:\\\/\\\/ecosupplements.ch\\\/?page_id=14\"},{\"@type\":\"ListItem\",\"position\":3,\"name\":\"Fat Direct 2in1 Shot &#8211; 20 x 60 ml.\"}]},{\"@type\":\"WebSite\",\"@id\":\"https:\\\/\\\/ecosupplements.ch\\\/#website\",\"url\":\"https:\\\/\\\/ecosupplements.ch\\\/\",\"name\":\"Eco Supplements\",\"description\":\"\",\"potentialAction\":[{\"@type\":\"SearchAction\",\"target\":{\"@type\":\"EntryPoint\",\"urlTemplate\":\"https:\\\/\\\/ecosupplements.ch\\\/?s={search_term_string}\"},\"query-input\":{\"@type\":\"PropertyValueSpecification\",\"valueRequired\":true,\"valueName\":\"search_term_string\"}}],\"inLanguage\":\"de-CH\"}]}<\/script>\n<meta property=\"product:price:amount\" content=\"34.02\" \/>\n<meta property=\"product:price:currency\" content=\"CHF\" \/>\n<meta property=\"og:availability\" content=\"out of stock\" \/>\n<meta property=\"product:availability\" content=\"out of stock\" \/>\n<meta property=\"product:retailer_item_id\" content=\"8594014862119\" \/>\n<meta property=\"product:condition\" content=\"new\" \/>\n<!-- \/ Yoast SEO plugin. -->","yoast_head_json":{"title":"Fat Direct 2in1 Shot 20x60ml \u2013 Nutrend | ecosupplements.ch","description":"Nutrend Fat Direct 2in1 Shot mit L-Carnitin, Koffein & B-Vitaminen \u2013 20 trinkfertige Shots \u00e0 60 ml f\u00fcr vor dem Training. Jetzt bestellen.","robots":{"index":"index","follow":"follow","max-snippet":"max-snippet:-1","max-image-preview":"max-image-preview:large","max-video-preview":"max-video-preview:-1"},"canonical":"https:\/\/ecosupplements.ch\/?product=fat-direct-2in1-shot-20-x-60-ml","og_locale":"de_DE","og_type":"article","og_title":"Fat Direct 2in1 Shot 20x60ml \u2013 Nutrend | ecosupplements.ch","og_description":"Nutrend Fat Direct 2in1 Shot mit L-Carnitin, Koffein & B-Vitaminen \u2013 20 trinkfertige Shots \u00e0 60 ml f\u00fcr vor dem Training. Jetzt bestellen.","og_url":"https:\/\/ecosupplements.ch\/?product=fat-direct-2in1-shot-20-x-60-ml","og_site_name":"Eco Supplements","article_modified_time":"2026-05-12T17:01:06+00:00","og_image":[{"width":695,"height":699,"url":"https:\/\/ecosupplements.ch\/wp-content\/uploads\/2026\/05\/Fat-Direct-2in1-Shot-20-x-60-ml.jpg","type":"image\/jpeg"}],"twitter_card":"summary_large_image","twitter_misc":{"Price":"&#67;&#72;&#70;&nbsp;34.02","Availability":"Out of stock"},"schema":{"@context":"https:\/\/schema.org","@graph":[{"@type":"WebPage","@id":"https:\/\/ecosupplements.ch\/?product=fat-direct-2in1-shot-20-x-60-ml","url":"https:\/\/ecosupplements.ch\/?product=fat-direct-2in1-shot-20-x-60-ml","name":"Fat Direct 2in1 Shot 20x60ml \u2013 Nutrend | ecosupplements.ch","isPartOf":{"@id":"https:\/\/ecosupplements.ch\/#website"},"primaryImageOfPage":{"@id":"https:\/\/ecosupplements.ch\/?product=fat-direct-2in1-shot-20-x-60-ml#primaryimage"},"image":{"@id":"https:\/\/ecosupplements.ch\/?product=fat-direct-2in1-shot-20-x-60-ml#primaryimage"},"thumbnailUrl":"https:\/\/ecosupplements.ch\/wp-content\/uploads\/2026\/05\/Fat-Direct-2in1-Shot-20-x-60-ml.jpg","datePublished":"2026-05-11T14:35:35+00:00","dateModified":"2026-05-12T17:01:06+00:00","description":"Nutrend Fat Direct 2in1 Shot mit L-Carnitin, Koffein & B-Vitaminen \u2013 20 trinkfertige Shots \u00e0 60 ml f\u00fcr vor dem Training. Jetzt bestellen.","breadcrumb":{"@id":"https:\/\/ecosupplements.ch\/?product=fat-direct-2in1-shot-20-x-60-ml#breadcrumb"},"inLanguage":"de-CH","potentialAction":[{"@type":"ReadAction","target":["https:\/\/ecosupplements.ch\/?product=fat-direct-2in1-shot-20-x-60-ml"]}]},{"@type":"ImageObject","inLanguage":"de-CH","@id":"https:\/\/ecosupplements.ch\/?product=fat-direct-2in1-shot-20-x-60-ml#primaryimage","url":"https:\/\/ecosupplements.ch\/wp-content\/uploads\/2026\/05\/Fat-Direct-2in1-Shot-20-x-60-ml.jpg","contentUrl":"https:\/\/ecosupplements.ch\/wp-content\/uploads\/2026\/05\/Fat-Direct-2in1-Shot-20-x-60-ml.jpg","width":695,"height":699,"caption":"Fat Direct 2in1 Shot - 20 x 60 ml."},{"@type":"BreadcrumbList","@id":"https:\/\/ecosupplements.ch\/?product=fat-direct-2in1-shot-20-x-60-ml#breadcrumb","itemListElement":[{"@type":"ListItem","position":1,"name":"Home","item":"https:\/\/ecosupplements.ch\/"},{"@type":"ListItem","position":2,"name":"Shop","item":"https:\/\/ecosupplements.ch\/?page_id=14"},{"@type":"ListItem","position":3,"name":"Fat Direct 2in1 Shot &#8211; 20 x 60 ml."}]},{"@type":"WebSite","@id":"https:\/\/ecosupplements.ch\/#website","url":"https:\/\/ecosupplements.ch\/","name":"Eco Supplements","description":"","potentialAction":[{"@type":"SearchAction","target":{"@type":"EntryPoint","urlTemplate":"https:\/\/ecosupplements.ch\/?s={search_term_string}"},"query-input":{"@type":"PropertyValueSpecification","valueRequired":true,"valueName":"search_term_string"}}],"inLanguage":"de-CH"}]},"product_price_amount":"34.02","product_price_currency":"CHF","og_availability":"out of stock","product_availability":"out of stock","product_retailer_item_id":"8594014862119","product_condition":"new"},"_links":{"self":[{"href":"https:\/\/ecosupplements.ch\/index.php?rest_route=\/wp\/v2\/product\/2325","targetHints":{"allow":["GET"]}}],"collection":[{"href":"https:\/\/ecosupplements.ch\/index.php?rest_route=\/wp\/v2\/product"}],"about":[{"href":"https:\/\/ecosupplements.ch\/index.php?rest_route=\/wp\/v2\/types\/product"}],"replies":[{"embeddable":true,"href":"https:\/\/ecosupplements.ch\/index.php?rest_route=%2Fwp%2Fv2%2Fcomments&post=2325"}],"wp:featuredmedia":[{"embeddable":true,"href":"https:\/\/ecosupplements.ch\/index.php?rest_route=\/wp\/v2\/media\/2326"}],"wp:attachment":[{"href":"https:\/\/ecosupplements.ch\/index.php?rest_route=%2Fwp%2Fv2%2Fmedia&parent=2325"}],"wp:term":[{"taxonomy":"product_brand","embeddable":true,"href":"https:\/\/ecosupplements.ch\/index.php?rest_route=%2Fwp%2Fv2%2Fproduct_brand&post=2325"},{"taxonomy":"product_cat","embeddable":true,"href":"https:\/\/ecosupplements.ch\/index.php?rest_route=%2Fwp%2Fv2%2Fproduct_cat&post=2325"},{"taxonomy":"product_tag","embeddable":true,"href":"https:\/\/ecosupplements.ch\/index.php?rest_route=%2Fwp%2Fv2%2Fproduct_tag&post=2325"}],"curies":[{"name":"wp","href":"https:\/\/api.w.org\/{rel}","templated":true}]}}