{"id":2329,"date":"2026-05-11T14:35:37","date_gmt":"2026-05-11T14:35:37","guid":{"rendered":"https:\/\/ecosupplements.ch\/?product=ashwagandha-rhodiola-ginseng-120-vegan-caps"},"modified":"2026-05-13T07:25:46","modified_gmt":"2026-05-13T07:25:46","slug":"ashwagandha-rhodiola-ginseng-120-vegan-caps","status":"publish","type":"product","link":"https:\/\/ecosupplements.ch\/?product=ashwagandha-rhodiola-ginseng-120-vegan-caps","title":{"rendered":"Ashwagandha + Rhodiola &amp; Ginseng &#8211; 120 vegan caps"},"content":{"rendered":"<div class=\"chcg-product-description\">\n<h2 class=\"chcg-heading\">\u00dcber Osavi \u2013 Ashwagandha + Rhodiola &amp; Ginseng \u2013 120 vegane Kapseln<\/h2>\n<div class=\"chcg-intro\">\n<p>Die Formel von Osavi vereint vier sorgf\u00e4ltig standardisierte Pflanzenextrakte in einer einzigen veganen Kapsel: KSM-66\u00ae Ashwagandha, Rhodiola rosea, Sibirischer Ginseng sowie Koreanischer Ginseng. Jeder Extrakt wird auf seine charakteristischen Wirkstoffgruppen \u2013 Withanolide, Rosavine, Salidroside, Eleutherosides und Ginsenoside \u2013 eingestellt, um eine gleichbleibend hohe Qualit\u00e4t pro Portion zu gew\u00e4hrleisten.<\/p>\n<p>Das Produkt eignet sich besonders f\u00fcr Personen, die ihren aktiven Alltag mit gezielter N\u00e4hrstoffunterst\u00fctzung erg\u00e4nzen m\u00f6chten. Die vier Adaptogene wurden in pr\u00e4zisen Dosierungen kombiniert und mit Inulin als pflanzlichem F\u00fcllstoff abgerundet. Die Kapselh\u00fclle besteht aus Hydroxypropylmethylcellulose (HPMC) und ist damit vollst\u00e4ndig vegan.<\/p>\n<p>Mit 120 Kapseln pro Packung \u2013 entsprechend einem Vorrat von 120 Tagen bei der empfohlenen Tagesdosis von 1 Kapsel \u2013 bietet dieses Produkt eine langfristige und praktische Erg\u00e4nzung der t\u00e4glichen Ern\u00e4hrung. Das Produkt ist frei von Gluten, Laktose, Soja und gentechnisch ver\u00e4nderten Organismen.<\/p>\n<\/p><\/div>\n<div class=\"chcg-nutrition\">\n<h3>N\u00e4hrwertangaben<\/h3>\n<table class=\"chcg-nutrition-table\">\n<thead>\n<tr>\n<th>N\u00e4hrstoff<\/th>\n<th>Pro Portion (1 Kapsel)<\/th>\n<\/tr>\n<\/thead>\n<tbody>\n<tr>\n<td>KSM-66\u00ae Ashwagandha (Withania somnifera) Wurzelextrakt, DER 10\u201315:1<\/td>\n<td>100 mg<\/td>\n<\/tr>\n<tr>\n<td>\u2013 davon mind. 5 % Withanolide<\/td>\n<td>5 mg<\/td>\n<\/tr>\n<tr>\n<td>Rhodiola rosea Wurzelextrakt, DER 11:1<\/td>\n<td>100 mg<\/td>\n<\/tr>\n<tr>\n<td>\u2013 davon mind. 3 % Rosavine<\/td>\n<td>3 mg<\/td>\n<\/tr>\n<tr>\n<td>\u2013 davon mind. 1 % Salidroside<\/td>\n<td>1 mg<\/td>\n<\/tr>\n<tr>\n<td>Sibirischer Ginseng (Eleutherococcus senticosus) Wurzelextrakt, DER 10:1<\/td>\n<td>100 mg<\/td>\n<\/tr>\n<tr>\n<td>\u2013 davon mind. 0,8 % Eleutherosides<\/td>\n<td>0,8 mg<\/td>\n<\/tr>\n<tr>\n<td>Koreanischer Ginseng (Panax ginseng) Wurzelextrakt, DER 3:1<\/td>\n<td>35 mg<\/td>\n<\/tr>\n<tr>\n<td>\u2013 davon mind. 4 % Ginsenoside<\/td>\n<td>1,4 mg<\/td>\n<\/tr>\n<\/tbody>\n<\/table>\n<p class=\"chcg-footnote\">* Kein festgelegter Tagesbedarf.<\/p>\n<\/p><\/div>\n<div class=\"chcg-ingredients\">\n<h3>Zutaten<\/h3>\n<p>KSM-66\u00ae Ashwagandha (Withania somnifera) Wurzelextrakt, DER 10\u201315:1 (standardisiert auf mind. 5 % Withanolide), Rhodiola rosea Wurzelextrakt, DER 11:1 (standardisiert auf: mind. 3 % Rosavine, mind. 1 % Salidroside), Sibirischer Ginseng (Eleutherococcus senticosus) Wurzelextrakt, DER 10:1 (standardisiert auf mind. 0,8 % Eleutherosides), Koreanischer Ginseng (Panax ginseng) Wurzelextrakt, DER 3:1 (standardisiert auf mind. 4 % Ginsenoside). Weitere Zutaten: Inulin, Ashwagandha (Withania somnifera) Wurzelextrakt, Rhodiola rosea Wurzelextrakt, Sibirischer Ginseng (Eleutherococcus senticosus) Wurzelextrakt, Kapselh\u00fclle (Hydroxypropylmethylcellulose), Koreanischer Ginseng (Panax ginseng) Wurzelextrakt.<\/p>\n<p class=\"chcg-capsule-shell\">Kapselh\u00fclle: Hydroxypropylmethylcellulose (HPMC)<\/p>\n<\/p><\/div>\n<div class=\"chcg-dosage\">\n<h3>Verzehrempfehlung<\/h3>\n<p>Empfohlene Tagesdosis: 1 Kapsel, nach einer Mahlzeit, mit einem Glas Wasser.<\/p>\n<\/p><\/div>\n<div class=\"chcg-warnings\">\n<h3>Warnhinweise<\/h3>\n<p>Die empfohlene Tagesdosis nicht \u00fcberschreiten. Nicht f\u00fcr Kinder geeignet. Nicht anwenden bei Schwangerschaft oder Stillzeit sowie bei gleichzeitiger Einnahme von sedierenden, schlafinduzierenden oder antiepileptischen Arzneimitteln. Bei geplanter Schwangerschaft, bei Einnahme von Medikamenten oder bei \u00e4rztlicher Betreuung vor der Anwendung einen Arzt oder Apotheker konsultieren. Nahrungserg\u00e4nzungsmittel sind kein Ersatz f\u00fcr eine abwechslungsreiche und ausgewogene Ern\u00e4hrung. Auf eine gesunde Lebensweise achten.<\/p>\n<\/p><\/div>\n<div class=\"chcg-allergens\">\n<h3>Allergeninformationen<\/h3>\n<p>Frei von Gluten, Laktose, Soja und gentechnisch ver\u00e4nderten Organismen (GVO). Keine Allergene deklariert.<\/p>\n<\/p><\/div>\n<div class=\"chcg-storage\">\n<h3>Lagerung<\/h3>\n<p>An einem k\u00fchlen, trockenen und dunklen Ort aufbewahren, ausserhalb der Reichweite von Kindern.<\/p>\n<\/p><\/div>\n<div class=\"chcg-dietary\">\n<h3>Ern\u00e4hrungshinweise<\/h3>\n<ul>\n<li>Vegan<\/li>\n<li>Vegetarisch<\/li>\n<li>Glutenfrei<\/li>\n<li>Laktosefrei<\/li>\n<\/ul><\/div>\n<\/div>\n","protected":false},"excerpt":{"rendered":"<p>Osavi Ashwagandha + Rhodiola &amp; Ginseng kombiniert vier standardisierte Pflanzenextrakte in einer veganen Kapsel. 120 Kapseln pro Packung, frei von Gluten und Laktose.<\/p>\n","protected":false},"featured_media":2330,"comment_status":"closed","ping_status":"open","template":"","meta":[],"product_brand":[219],"product_cat":[48,25,22],"product_tag":[],"class_list":{"0":"post-2329","1":"product","2":"type-product","3":"status-publish","4":"has-post-thumbnail","6":"product_brand-osavi","7":"product_cat-gesunde-ernaehrung","8":"product_cat-gesundheit-und-wohlbefinden","9":"product_cat-vegane-produkte","11":"first","12":"outofstock","13":"taxable","14":"shipping-taxable","15":"purchasable","16":"product-type-simple"},"yoast_head":"<!-- This site is optimized with the Yoast SEO plugin v27.5 - https:\/\/yoast.com\/product\/yoast-seo-wordpress\/ -->\n<title>Ashwagandha + Rhodiola &amp; Ginseng \u2013 Osavi | ecosupplements.ch<\/title>\n<meta name=\"description\" content=\"Osavi Ashwagandha + Rhodiola &amp; Ginseng \u2013 4 standardisierte Extrakte in 1 veganer Kapsel, 120 St\u00fcck, glutenfrei. Jetzt bestellen.\" \/>\n<meta name=\"robots\" content=\"index, follow, max-snippet:-1, max-image-preview:large, max-video-preview:-1\" \/>\n<link rel=\"canonical\" href=\"https:\/\/ecosupplements.ch\/?product=ashwagandha-rhodiola-ginseng-120-vegan-caps\" \/>\n<meta property=\"og:locale\" content=\"de_DE\" \/>\n<meta property=\"og:type\" content=\"article\" \/>\n<meta property=\"og:title\" content=\"Ashwagandha + Rhodiola &amp; Ginseng \u2013 Osavi | ecosupplements.ch\" \/>\n<meta property=\"og:description\" content=\"Osavi Ashwagandha + Rhodiola &amp; Ginseng \u2013 4 standardisierte Extrakte in 1 veganer Kapsel, 120 St\u00fcck, glutenfrei. Jetzt bestellen.\" \/>\n<meta property=\"og:url\" content=\"https:\/\/ecosupplements.ch\/?product=ashwagandha-rhodiola-ginseng-120-vegan-caps\" \/>\n<meta property=\"og:site_name\" content=\"Eco Supplements\" \/>\n<meta property=\"article:modified_time\" content=\"2026-05-13T07:25:46+00:00\" \/>\n<meta property=\"og:image\" content=\"https:\/\/ecosupplements.ch\/wp-content\/uploads\/2026\/05\/Ashwagandha-Rhodiola-Ginseng-120-vegan-caps.jpg\" \/>\n\t<meta property=\"og:image:width\" content=\"562\" \/>\n\t<meta property=\"og:image:height\" content=\"818\" \/>\n\t<meta property=\"og:image:type\" content=\"image\/jpeg\" \/>\n<meta name=\"twitter:card\" content=\"summary_large_image\" \/>\n<meta name=\"twitter:label1\" content=\"Price\" \/>\n\t<meta name=\"twitter:data1\" content=\"&#067;&#072;&#070;&nbsp;22.79\" \/>\n\t<meta name=\"twitter:label2\" content=\"Availability\" \/>\n\t<meta name=\"twitter:data2\" content=\"Out of stock\" \/>\n<script type=\"application\/ld+json\" class=\"yoast-schema-graph\">{\"@context\":\"https:\\\/\\\/schema.org\",\"@graph\":[{\"@type\":\"WebPage\",\"@id\":\"https:\\\/\\\/ecosupplements.ch\\\/?product=ashwagandha-rhodiola-ginseng-120-vegan-caps\",\"url\":\"https:\\\/\\\/ecosupplements.ch\\\/?product=ashwagandha-rhodiola-ginseng-120-vegan-caps\",\"name\":\"Ashwagandha + Rhodiola & Ginseng \u2013 Osavi | ecosupplements.ch\",\"isPartOf\":{\"@id\":\"https:\\\/\\\/ecosupplements.ch\\\/#website\"},\"primaryImageOfPage\":{\"@id\":\"https:\\\/\\\/ecosupplements.ch\\\/?product=ashwagandha-rhodiola-ginseng-120-vegan-caps#primaryimage\"},\"image\":{\"@id\":\"https:\\\/\\\/ecosupplements.ch\\\/?product=ashwagandha-rhodiola-ginseng-120-vegan-caps#primaryimage\"},\"thumbnailUrl\":\"https:\\\/\\\/ecosupplements.ch\\\/wp-content\\\/uploads\\\/2026\\\/05\\\/Ashwagandha-Rhodiola-Ginseng-120-vegan-caps.jpg\",\"datePublished\":\"2026-05-11T14:35:37+00:00\",\"dateModified\":\"2026-05-13T07:25:46+00:00\",\"description\":\"Osavi Ashwagandha + Rhodiola & Ginseng \u2013 4 standardisierte Extrakte in 1 veganer Kapsel, 120 St\u00fcck, glutenfrei. Jetzt bestellen.\",\"breadcrumb\":{\"@id\":\"https:\\\/\\\/ecosupplements.ch\\\/?product=ashwagandha-rhodiola-ginseng-120-vegan-caps#breadcrumb\"},\"inLanguage\":\"de-CH\",\"potentialAction\":[{\"@type\":\"ReadAction\",\"target\":[\"https:\\\/\\\/ecosupplements.ch\\\/?product=ashwagandha-rhodiola-ginseng-120-vegan-caps\"]}]},{\"@type\":\"ImageObject\",\"inLanguage\":\"de-CH\",\"@id\":\"https:\\\/\\\/ecosupplements.ch\\\/?product=ashwagandha-rhodiola-ginseng-120-vegan-caps#primaryimage\",\"url\":\"https:\\\/\\\/ecosupplements.ch\\\/wp-content\\\/uploads\\\/2026\\\/05\\\/Ashwagandha-Rhodiola-Ginseng-120-vegan-caps.jpg\",\"contentUrl\":\"https:\\\/\\\/ecosupplements.ch\\\/wp-content\\\/uploads\\\/2026\\\/05\\\/Ashwagandha-Rhodiola-Ginseng-120-vegan-caps.jpg\",\"width\":562,\"height\":818,\"caption\":\"Ashwagandha + Rhodiola & Ginseng - 120 vegan caps\"},{\"@type\":\"BreadcrumbList\",\"@id\":\"https:\\\/\\\/ecosupplements.ch\\\/?product=ashwagandha-rhodiola-ginseng-120-vegan-caps#breadcrumb\",\"itemListElement\":[{\"@type\":\"ListItem\",\"position\":1,\"name\":\"Home\",\"item\":\"https:\\\/\\\/ecosupplements.ch\\\/\"},{\"@type\":\"ListItem\",\"position\":2,\"name\":\"Shop\",\"item\":\"https:\\\/\\\/ecosupplements.ch\\\/?page_id=14\"},{\"@type\":\"ListItem\",\"position\":3,\"name\":\"Ashwagandha + Rhodiola &amp; Ginseng &#8211; 120 vegan caps\"}]},{\"@type\":\"WebSite\",\"@id\":\"https:\\\/\\\/ecosupplements.ch\\\/#website\",\"url\":\"https:\\\/\\\/ecosupplements.ch\\\/\",\"name\":\"Eco Supplements\",\"description\":\"\",\"potentialAction\":[{\"@type\":\"SearchAction\",\"target\":{\"@type\":\"EntryPoint\",\"urlTemplate\":\"https:\\\/\\\/ecosupplements.ch\\\/?s={search_term_string}\"},\"query-input\":{\"@type\":\"PropertyValueSpecification\",\"valueRequired\":true,\"valueName\":\"search_term_string\"}}],\"inLanguage\":\"de-CH\"}]}<\/script>\n<meta property=\"product:price:amount\" content=\"22.79\" \/>\n<meta property=\"product:price:currency\" content=\"CHF\" \/>\n<meta property=\"og:availability\" content=\"out of stock\" \/>\n<meta property=\"product:availability\" content=\"out of stock\" \/>\n<meta property=\"product:retailer_item_id\" content=\"5904139924747\" \/>\n<meta property=\"product:condition\" content=\"new\" \/>\n<!-- \/ Yoast SEO plugin. -->","yoast_head_json":{"title":"Ashwagandha + Rhodiola & Ginseng \u2013 Osavi | ecosupplements.ch","description":"Osavi Ashwagandha + Rhodiola & Ginseng \u2013 4 standardisierte Extrakte in 1 veganer Kapsel, 120 St\u00fcck, glutenfrei. Jetzt bestellen.","robots":{"index":"index","follow":"follow","max-snippet":"max-snippet:-1","max-image-preview":"max-image-preview:large","max-video-preview":"max-video-preview:-1"},"canonical":"https:\/\/ecosupplements.ch\/?product=ashwagandha-rhodiola-ginseng-120-vegan-caps","og_locale":"de_DE","og_type":"article","og_title":"Ashwagandha + Rhodiola & Ginseng \u2013 Osavi | ecosupplements.ch","og_description":"Osavi Ashwagandha + Rhodiola & Ginseng \u2013 4 standardisierte Extrakte in 1 veganer Kapsel, 120 St\u00fcck, glutenfrei. Jetzt bestellen.","og_url":"https:\/\/ecosupplements.ch\/?product=ashwagandha-rhodiola-ginseng-120-vegan-caps","og_site_name":"Eco Supplements","article_modified_time":"2026-05-13T07:25:46+00:00","og_image":[{"width":562,"height":818,"url":"https:\/\/ecosupplements.ch\/wp-content\/uploads\/2026\/05\/Ashwagandha-Rhodiola-Ginseng-120-vegan-caps.jpg","type":"image\/jpeg"}],"twitter_card":"summary_large_image","twitter_misc":{"Price":"&#67;&#72;&#70;&nbsp;22.79","Availability":"Out of stock"},"schema":{"@context":"https:\/\/schema.org","@graph":[{"@type":"WebPage","@id":"https:\/\/ecosupplements.ch\/?product=ashwagandha-rhodiola-ginseng-120-vegan-caps","url":"https:\/\/ecosupplements.ch\/?product=ashwagandha-rhodiola-ginseng-120-vegan-caps","name":"Ashwagandha + Rhodiola & Ginseng \u2013 Osavi | ecosupplements.ch","isPartOf":{"@id":"https:\/\/ecosupplements.ch\/#website"},"primaryImageOfPage":{"@id":"https:\/\/ecosupplements.ch\/?product=ashwagandha-rhodiola-ginseng-120-vegan-caps#primaryimage"},"image":{"@id":"https:\/\/ecosupplements.ch\/?product=ashwagandha-rhodiola-ginseng-120-vegan-caps#primaryimage"},"thumbnailUrl":"https:\/\/ecosupplements.ch\/wp-content\/uploads\/2026\/05\/Ashwagandha-Rhodiola-Ginseng-120-vegan-caps.jpg","datePublished":"2026-05-11T14:35:37+00:00","dateModified":"2026-05-13T07:25:46+00:00","description":"Osavi Ashwagandha + Rhodiola & Ginseng \u2013 4 standardisierte Extrakte in 1 veganer Kapsel, 120 St\u00fcck, glutenfrei. Jetzt bestellen.","breadcrumb":{"@id":"https:\/\/ecosupplements.ch\/?product=ashwagandha-rhodiola-ginseng-120-vegan-caps#breadcrumb"},"inLanguage":"de-CH","potentialAction":[{"@type":"ReadAction","target":["https:\/\/ecosupplements.ch\/?product=ashwagandha-rhodiola-ginseng-120-vegan-caps"]}]},{"@type":"ImageObject","inLanguage":"de-CH","@id":"https:\/\/ecosupplements.ch\/?product=ashwagandha-rhodiola-ginseng-120-vegan-caps#primaryimage","url":"https:\/\/ecosupplements.ch\/wp-content\/uploads\/2026\/05\/Ashwagandha-Rhodiola-Ginseng-120-vegan-caps.jpg","contentUrl":"https:\/\/ecosupplements.ch\/wp-content\/uploads\/2026\/05\/Ashwagandha-Rhodiola-Ginseng-120-vegan-caps.jpg","width":562,"height":818,"caption":"Ashwagandha + Rhodiola & Ginseng - 120 vegan caps"},{"@type":"BreadcrumbList","@id":"https:\/\/ecosupplements.ch\/?product=ashwagandha-rhodiola-ginseng-120-vegan-caps#breadcrumb","itemListElement":[{"@type":"ListItem","position":1,"name":"Home","item":"https:\/\/ecosupplements.ch\/"},{"@type":"ListItem","position":2,"name":"Shop","item":"https:\/\/ecosupplements.ch\/?page_id=14"},{"@type":"ListItem","position":3,"name":"Ashwagandha + Rhodiola &amp; Ginseng &#8211; 120 vegan caps"}]},{"@type":"WebSite","@id":"https:\/\/ecosupplements.ch\/#website","url":"https:\/\/ecosupplements.ch\/","name":"Eco Supplements","description":"","potentialAction":[{"@type":"SearchAction","target":{"@type":"EntryPoint","urlTemplate":"https:\/\/ecosupplements.ch\/?s={search_term_string}"},"query-input":{"@type":"PropertyValueSpecification","valueRequired":true,"valueName":"search_term_string"}}],"inLanguage":"de-CH"}]},"product_price_amount":"22.79","product_price_currency":"CHF","og_availability":"out of stock","product_availability":"out of stock","product_retailer_item_id":"5904139924747","product_condition":"new"},"_links":{"self":[{"href":"https:\/\/ecosupplements.ch\/index.php?rest_route=\/wp\/v2\/product\/2329","targetHints":{"allow":["GET"]}}],"collection":[{"href":"https:\/\/ecosupplements.ch\/index.php?rest_route=\/wp\/v2\/product"}],"about":[{"href":"https:\/\/ecosupplements.ch\/index.php?rest_route=\/wp\/v2\/types\/product"}],"replies":[{"embeddable":true,"href":"https:\/\/ecosupplements.ch\/index.php?rest_route=%2Fwp%2Fv2%2Fcomments&post=2329"}],"wp:featuredmedia":[{"embeddable":true,"href":"https:\/\/ecosupplements.ch\/index.php?rest_route=\/wp\/v2\/media\/2330"}],"wp:attachment":[{"href":"https:\/\/ecosupplements.ch\/index.php?rest_route=%2Fwp%2Fv2%2Fmedia&parent=2329"}],"wp:term":[{"taxonomy":"product_brand","embeddable":true,"href":"https:\/\/ecosupplements.ch\/index.php?rest_route=%2Fwp%2Fv2%2Fproduct_brand&post=2329"},{"taxonomy":"product_cat","embeddable":true,"href":"https:\/\/ecosupplements.ch\/index.php?rest_route=%2Fwp%2Fv2%2Fproduct_cat&post=2329"},{"taxonomy":"product_tag","embeddable":true,"href":"https:\/\/ecosupplements.ch\/index.php?rest_route=%2Fwp%2Fv2%2Fproduct_tag&post=2329"}],"curies":[{"name":"wp","href":"https:\/\/api.w.org\/{rel}","templated":true}]}}