{"id":2341,"date":"2026-05-11T14:35:41","date_gmt":"2026-05-11T14:35:41","guid":{"rendered":"https:\/\/ecosupplements.ch\/?product=biotin-2500mcg-60-vegan-caps"},"modified":"2026-05-13T07:24:58","modified_gmt":"2026-05-13T07:24:58","slug":"biotin-2500mcg-60-vegan-caps","status":"publish","type":"product","link":"https:\/\/ecosupplements.ch\/?product=biotin-2500mcg-60-vegan-caps","title":{"rendered":"Biotin, 2500mcg &#8211; 60 vegan caps"},"content":{"rendered":"<div class=\"chcg-product-description\">\n<h2 class=\"chcg-heading\">\u00dcber Osavi \u2013 Biotin, 2500mcg \u2013 60 vegane Kapseln<\/h2>\n<div class=\"chcg-intro\">\n<p>Biotin, auch bekannt als Vitamin B7 oder D-Biotin, ist ein wasserl\u00f6sliches Vitamin, das eine wichtige Rolle im Energiestoffwechsel des K\u00f6rpers spielt. Es tr\u00e4gt zur normalen Funktion des Nervensystems sowie zur Aufrechterhaltung normaler Haut und normaler Schleimh\u00e4ute bei. Zudem unterst\u00fctzt Biotin den normalen Stoffwechsel von Makron\u00e4hrstoffen wie Kohlenhydraten, Fetten und Proteinen.<\/p>\n<p>Jede Kapsel von Osavi liefert 2500 \u00b5g Biotin (D-Biotin) \u2013 das entspricht 5000 % des N\u00e4hrstoffreferenzwertes (NRW). Die Formulierung enth\u00e4lt ausschliesslich sorgf\u00e4ltig ausgew\u00e4hlte Zutaten und ist frei von Gluten, Laktose, Soja und Zucker. Die Kapsel besteht aus pflanzlicher HPMC-Zellulose und eignet sich damit f\u00fcr eine vegane und vegetarische Lebensweise.<\/p>\n<p>Osavi steht f\u00fcr Transparenz und Qualit\u00e4t: Die Produkte werden nach h\u00f6chsten Standards hergestellt und richten sich an alle, die ihre N\u00e4hrstoffversorgung gezielt und verantwortungsbewusst erg\u00e4nzen m\u00f6chten. Mit nur einer Kapsel t\u00e4glich l\u00e4sst sich die Biotin-Einnahme bequem in den Alltag integrieren.<\/p>\n<\/p><\/div>\n<div class=\"chcg-nutrition\">\n<h3>N\u00e4hrwertangaben<\/h3>\n<table class=\"chcg-nutrition-table\">\n<thead>\n<tr>\n<th>N\u00e4hrstoff<\/th>\n<th>Pro Portion (1 Kapsel)<\/th>\n<\/tr>\n<\/thead>\n<tbody>\n<tr>\n<td>Biotin (D-Biotin)<\/td>\n<td>2500 \u00b5g (5000 % NRW)<\/td>\n<\/tr>\n<\/tbody>\n<\/table><\/div>\n<div class=\"chcg-ingredients\">\n<h3>Zutaten<\/h3>\n<p>Biotin (D-Biotin) 2500 \u00b5g, Inulin, Kapselh\u00fclle (Hydroxypropylmethylcellulose).<\/p>\n<p class=\"chcg-capsule-shell\">Kapselh\u00fclle: Hydroxypropylmethylcellulose (HPMC)<\/p>\n<\/p><\/div>\n<div class=\"chcg-dosage\">\n<h3>Verzehrempfehlung<\/h3>\n<p>1 Kapsel pro Tag, vorzugsweise am Morgen, mit einem Glas Wasser einnehmen.<\/p>\n<\/p><\/div>\n<div class=\"chcg-warnings\">\n<h3>Warnhinweise<\/h3>\n<p>Die empfohlene Tagesdosis darf nicht \u00fcberschritten werden. Nahrungserg\u00e4nzungsmittel sollten nicht als Ersatz f\u00fcr eine ausgewogene Ern\u00e4hrung verwendet werden. Eine abwechslungsreiche Ern\u00e4hrung und ein gesunder Lebensstil sind wichtig, um die normale Gesundheit zu erhalten. K\u00fchl, trocken und lichtgesch\u00fctzt bei Raumtemperatur lagern. Ausserhalb der Reichweite von kleinen Kindern aufbewahren.<\/p>\n<\/p><\/div>\n<div class=\"chcg-allergens\">\n<h3>Allergeninformationen<\/h3>\n<p>Keine Allergene deklariert. Frei von Gluten, Laktose, Soja und Zucker.<\/p>\n<\/p><\/div>\n<div class=\"chcg-storage\">\n<h3>Lagerung<\/h3>\n<p>An einem dunklen und trockenen Ort bei Raumtemperatur lagern. Ausserhalb der Reichweite von kleinen Kindern aufbewahren.<\/p>\n<\/p><\/div>\n<div class=\"chcg-dietary\">\n<h3>Ern\u00e4hrungshinweise<\/h3>\n<ul>\n<li>Vegan<\/li>\n<li>Vegetarisch<\/li>\n<li>Glutenfrei<\/li>\n<li>Laktosefrei<\/li>\n<\/ul><\/div>\n<\/div>\n","protected":false},"excerpt":{"rendered":"<p>Osavi Biotin liefert 2500 \u00b5g D-Biotin pro veganer Kapsel und unterst\u00fctzt normalen Stoffwechsel, Haut und Nervensystem. 60 Kapseln pro Packung \u2013 glutenfrei und laktosefrei.<\/p>\n","protected":false},"featured_media":2342,"comment_status":"closed","ping_status":"open","template":"","meta":[],"product_brand":[219],"product_cat":[113,27,48,25,41,26,32,21],"product_tag":[],"class_list":{"0":"post-2341","1":"product","2":"type-product","3":"status-publish","4":"has-post-thumbnail","6":"product_brand-osavi","7":"product_cat-biotin","8":"product_cat-einige-vitamine","9":"product_cat-gesunde-ernaehrung","10":"product_cat-gesundheit-und-wohlbefinden","11":"product_cat-haare-und-naegel","12":"product_cat-multivitamine","13":"product_cat-nahrungsergaenzungsmittel-fuer-frauen","14":"product_cat-vitamine-und-mineralstoffe","16":"first","17":"outofstock","18":"taxable","19":"shipping-taxable","20":"purchasable","21":"product-type-simple"},"yoast_head":"<!-- This site is optimized with the Yoast SEO plugin v27.5 - https:\/\/yoast.com\/product\/yoast-seo-wordpress\/ -->\n<title>Biotin 2500mcg \u2013 60 vegane Kapseln \u2013 Osavi | ecosupplements.ch<\/title>\n<meta name=\"description\" content=\"Osavi Biotin mit 2500 \u00b5g D-Biotin pro Kapsel unterst\u00fctzt Stoffwechsel, Haut und Nervensystem. 60 vegane Kapseln, glutenfrei. Jetzt bestellen.\" \/>\n<meta name=\"robots\" content=\"index, follow, max-snippet:-1, max-image-preview:large, max-video-preview:-1\" \/>\n<link rel=\"canonical\" href=\"https:\/\/ecosupplements.ch\/?product=biotin-2500mcg-60-vegan-caps\" \/>\n<meta property=\"og:locale\" content=\"de_DE\" \/>\n<meta property=\"og:type\" content=\"article\" \/>\n<meta property=\"og:title\" content=\"Biotin 2500mcg \u2013 60 vegane Kapseln \u2013 Osavi | ecosupplements.ch\" \/>\n<meta property=\"og:description\" content=\"Osavi Biotin mit 2500 \u00b5g D-Biotin pro Kapsel unterst\u00fctzt Stoffwechsel, Haut und Nervensystem. 60 vegane Kapseln, glutenfrei. Jetzt bestellen.\" \/>\n<meta property=\"og:url\" content=\"https:\/\/ecosupplements.ch\/?product=biotin-2500mcg-60-vegan-caps\" \/>\n<meta property=\"og:site_name\" content=\"Eco Supplements\" \/>\n<meta property=\"article:modified_time\" content=\"2026-05-13T07:24:58+00:00\" \/>\n<meta property=\"og:image\" content=\"https:\/\/ecosupplements.ch\/wp-content\/uploads\/2026\/05\/Biotin-2500mcg-60-vegan-caps.png\" \/>\n\t<meta property=\"og:image:width\" content=\"577\" \/>\n\t<meta property=\"og:image:height\" content=\"750\" \/>\n\t<meta property=\"og:image:type\" content=\"image\/png\" \/>\n<meta name=\"twitter:card\" content=\"summary_large_image\" \/>\n<meta name=\"twitter:label1\" content=\"Price\" \/>\n\t<meta name=\"twitter:data1\" content=\"&#067;&#072;&#070;&nbsp;5.19\" \/>\n\t<meta name=\"twitter:label2\" content=\"Availability\" \/>\n\t<meta name=\"twitter:data2\" content=\"Out of stock\" \/>\n<script type=\"application\/ld+json\" class=\"yoast-schema-graph\">{\"@context\":\"https:\\\/\\\/schema.org\",\"@graph\":[{\"@type\":\"WebPage\",\"@id\":\"https:\\\/\\\/ecosupplements.ch\\\/?product=biotin-2500mcg-60-vegan-caps\",\"url\":\"https:\\\/\\\/ecosupplements.ch\\\/?product=biotin-2500mcg-60-vegan-caps\",\"name\":\"Biotin 2500mcg \u2013 60 vegane Kapseln \u2013 Osavi | ecosupplements.ch\",\"isPartOf\":{\"@id\":\"https:\\\/\\\/ecosupplements.ch\\\/#website\"},\"primaryImageOfPage\":{\"@id\":\"https:\\\/\\\/ecosupplements.ch\\\/?product=biotin-2500mcg-60-vegan-caps#primaryimage\"},\"image\":{\"@id\":\"https:\\\/\\\/ecosupplements.ch\\\/?product=biotin-2500mcg-60-vegan-caps#primaryimage\"},\"thumbnailUrl\":\"https:\\\/\\\/ecosupplements.ch\\\/wp-content\\\/uploads\\\/2026\\\/05\\\/Biotin-2500mcg-60-vegan-caps.png\",\"datePublished\":\"2026-05-11T14:35:41+00:00\",\"dateModified\":\"2026-05-13T07:24:58+00:00\",\"description\":\"Osavi Biotin mit 2500 \u00b5g D-Biotin pro Kapsel unterst\u00fctzt Stoffwechsel, Haut und Nervensystem. 60 vegane Kapseln, glutenfrei. Jetzt bestellen.\",\"breadcrumb\":{\"@id\":\"https:\\\/\\\/ecosupplements.ch\\\/?product=biotin-2500mcg-60-vegan-caps#breadcrumb\"},\"inLanguage\":\"de-CH\",\"potentialAction\":[{\"@type\":\"ReadAction\",\"target\":[\"https:\\\/\\\/ecosupplements.ch\\\/?product=biotin-2500mcg-60-vegan-caps\"]}]},{\"@type\":\"ImageObject\",\"inLanguage\":\"de-CH\",\"@id\":\"https:\\\/\\\/ecosupplements.ch\\\/?product=biotin-2500mcg-60-vegan-caps#primaryimage\",\"url\":\"https:\\\/\\\/ecosupplements.ch\\\/wp-content\\\/uploads\\\/2026\\\/05\\\/Biotin-2500mcg-60-vegan-caps.png\",\"contentUrl\":\"https:\\\/\\\/ecosupplements.ch\\\/wp-content\\\/uploads\\\/2026\\\/05\\\/Biotin-2500mcg-60-vegan-caps.png\",\"width\":577,\"height\":750,\"caption\":\"Biotin\"},{\"@type\":\"BreadcrumbList\",\"@id\":\"https:\\\/\\\/ecosupplements.ch\\\/?product=biotin-2500mcg-60-vegan-caps#breadcrumb\",\"itemListElement\":[{\"@type\":\"ListItem\",\"position\":1,\"name\":\"Home\",\"item\":\"https:\\\/\\\/ecosupplements.ch\\\/\"},{\"@type\":\"ListItem\",\"position\":2,\"name\":\"Shop\",\"item\":\"https:\\\/\\\/ecosupplements.ch\\\/?page_id=14\"},{\"@type\":\"ListItem\",\"position\":3,\"name\":\"Biotin, 2500mcg &#8211; 60 vegan caps\"}]},{\"@type\":\"WebSite\",\"@id\":\"https:\\\/\\\/ecosupplements.ch\\\/#website\",\"url\":\"https:\\\/\\\/ecosupplements.ch\\\/\",\"name\":\"Eco Supplements\",\"description\":\"\",\"potentialAction\":[{\"@type\":\"SearchAction\",\"target\":{\"@type\":\"EntryPoint\",\"urlTemplate\":\"https:\\\/\\\/ecosupplements.ch\\\/?s={search_term_string}\"},\"query-input\":{\"@type\":\"PropertyValueSpecification\",\"valueRequired\":true,\"valueName\":\"search_term_string\"}}],\"inLanguage\":\"de-CH\"}]}<\/script>\n<meta property=\"product:price:amount\" content=\"5.19\" \/>\n<meta property=\"product:price:currency\" content=\"CHF\" \/>\n<meta property=\"og:availability\" content=\"out of stock\" \/>\n<meta property=\"product:availability\" content=\"out of stock\" \/>\n<meta property=\"product:retailer_item_id\" content=\"5904139921760\" \/>\n<meta property=\"product:condition\" content=\"new\" \/>\n<!-- \/ Yoast SEO plugin. -->","yoast_head_json":{"title":"Biotin 2500mcg \u2013 60 vegane Kapseln \u2013 Osavi | ecosupplements.ch","description":"Osavi Biotin mit 2500 \u00b5g D-Biotin pro Kapsel unterst\u00fctzt Stoffwechsel, Haut und Nervensystem. 60 vegane Kapseln, glutenfrei. Jetzt bestellen.","robots":{"index":"index","follow":"follow","max-snippet":"max-snippet:-1","max-image-preview":"max-image-preview:large","max-video-preview":"max-video-preview:-1"},"canonical":"https:\/\/ecosupplements.ch\/?product=biotin-2500mcg-60-vegan-caps","og_locale":"de_DE","og_type":"article","og_title":"Biotin 2500mcg \u2013 60 vegane Kapseln \u2013 Osavi | ecosupplements.ch","og_description":"Osavi Biotin mit 2500 \u00b5g D-Biotin pro Kapsel unterst\u00fctzt Stoffwechsel, Haut und Nervensystem. 60 vegane Kapseln, glutenfrei. Jetzt bestellen.","og_url":"https:\/\/ecosupplements.ch\/?product=biotin-2500mcg-60-vegan-caps","og_site_name":"Eco Supplements","article_modified_time":"2026-05-13T07:24:58+00:00","og_image":[{"width":577,"height":750,"url":"https:\/\/ecosupplements.ch\/wp-content\/uploads\/2026\/05\/Biotin-2500mcg-60-vegan-caps.png","type":"image\/png"}],"twitter_card":"summary_large_image","twitter_misc":{"Price":"&#67;&#72;&#70;&nbsp;5.19","Availability":"Out of stock"},"schema":{"@context":"https:\/\/schema.org","@graph":[{"@type":"WebPage","@id":"https:\/\/ecosupplements.ch\/?product=biotin-2500mcg-60-vegan-caps","url":"https:\/\/ecosupplements.ch\/?product=biotin-2500mcg-60-vegan-caps","name":"Biotin 2500mcg \u2013 60 vegane Kapseln \u2013 Osavi | ecosupplements.ch","isPartOf":{"@id":"https:\/\/ecosupplements.ch\/#website"},"primaryImageOfPage":{"@id":"https:\/\/ecosupplements.ch\/?product=biotin-2500mcg-60-vegan-caps#primaryimage"},"image":{"@id":"https:\/\/ecosupplements.ch\/?product=biotin-2500mcg-60-vegan-caps#primaryimage"},"thumbnailUrl":"https:\/\/ecosupplements.ch\/wp-content\/uploads\/2026\/05\/Biotin-2500mcg-60-vegan-caps.png","datePublished":"2026-05-11T14:35:41+00:00","dateModified":"2026-05-13T07:24:58+00:00","description":"Osavi Biotin mit 2500 \u00b5g D-Biotin pro Kapsel unterst\u00fctzt Stoffwechsel, Haut und Nervensystem. 60 vegane Kapseln, glutenfrei. Jetzt bestellen.","breadcrumb":{"@id":"https:\/\/ecosupplements.ch\/?product=biotin-2500mcg-60-vegan-caps#breadcrumb"},"inLanguage":"de-CH","potentialAction":[{"@type":"ReadAction","target":["https:\/\/ecosupplements.ch\/?product=biotin-2500mcg-60-vegan-caps"]}]},{"@type":"ImageObject","inLanguage":"de-CH","@id":"https:\/\/ecosupplements.ch\/?product=biotin-2500mcg-60-vegan-caps#primaryimage","url":"https:\/\/ecosupplements.ch\/wp-content\/uploads\/2026\/05\/Biotin-2500mcg-60-vegan-caps.png","contentUrl":"https:\/\/ecosupplements.ch\/wp-content\/uploads\/2026\/05\/Biotin-2500mcg-60-vegan-caps.png","width":577,"height":750,"caption":"Biotin"},{"@type":"BreadcrumbList","@id":"https:\/\/ecosupplements.ch\/?product=biotin-2500mcg-60-vegan-caps#breadcrumb","itemListElement":[{"@type":"ListItem","position":1,"name":"Home","item":"https:\/\/ecosupplements.ch\/"},{"@type":"ListItem","position":2,"name":"Shop","item":"https:\/\/ecosupplements.ch\/?page_id=14"},{"@type":"ListItem","position":3,"name":"Biotin, 2500mcg &#8211; 60 vegan caps"}]},{"@type":"WebSite","@id":"https:\/\/ecosupplements.ch\/#website","url":"https:\/\/ecosupplements.ch\/","name":"Eco Supplements","description":"","potentialAction":[{"@type":"SearchAction","target":{"@type":"EntryPoint","urlTemplate":"https:\/\/ecosupplements.ch\/?s={search_term_string}"},"query-input":{"@type":"PropertyValueSpecification","valueRequired":true,"valueName":"search_term_string"}}],"inLanguage":"de-CH"}]},"product_price_amount":"5.19","product_price_currency":"CHF","og_availability":"out of stock","product_availability":"out of stock","product_retailer_item_id":"5904139921760","product_condition":"new"},"_links":{"self":[{"href":"https:\/\/ecosupplements.ch\/index.php?rest_route=\/wp\/v2\/product\/2341","targetHints":{"allow":["GET"]}}],"collection":[{"href":"https:\/\/ecosupplements.ch\/index.php?rest_route=\/wp\/v2\/product"}],"about":[{"href":"https:\/\/ecosupplements.ch\/index.php?rest_route=\/wp\/v2\/types\/product"}],"replies":[{"embeddable":true,"href":"https:\/\/ecosupplements.ch\/index.php?rest_route=%2Fwp%2Fv2%2Fcomments&post=2341"}],"wp:featuredmedia":[{"embeddable":true,"href":"https:\/\/ecosupplements.ch\/index.php?rest_route=\/wp\/v2\/media\/2342"}],"wp:attachment":[{"href":"https:\/\/ecosupplements.ch\/index.php?rest_route=%2Fwp%2Fv2%2Fmedia&parent=2341"}],"wp:term":[{"taxonomy":"product_brand","embeddable":true,"href":"https:\/\/ecosupplements.ch\/index.php?rest_route=%2Fwp%2Fv2%2Fproduct_brand&post=2341"},{"taxonomy":"product_cat","embeddable":true,"href":"https:\/\/ecosupplements.ch\/index.php?rest_route=%2Fwp%2Fv2%2Fproduct_cat&post=2341"},{"taxonomy":"product_tag","embeddable":true,"href":"https:\/\/ecosupplements.ch\/index.php?rest_route=%2Fwp%2Fv2%2Fproduct_tag&post=2341"}],"curies":[{"name":"wp","href":"https:\/\/api.w.org\/{rel}","templated":true}]}}