{"id":2345,"date":"2026-05-11T14:35:43","date_gmt":"2026-05-11T14:35:43","guid":{"rendered":"https:\/\/ecosupplements.ch\/?product=calcium-citrate-powder-240g"},"modified":"2026-05-13T07:25:28","modified_gmt":"2026-05-13T07:25:28","slug":"calcium-citrate-powder-240g","status":"publish","type":"product","link":"https:\/\/ecosupplements.ch\/?product=calcium-citrate-powder-240g","title":{"rendered":"Calcium Citrate, Powder &#8211; 240g"},"content":{"rendered":"<div class=\"chcg-product-description\">\n<h2 class=\"chcg-heading\">\u00dcber Osavi \u2013 Calcium Citrate, Pulver \u2013 240g<\/h2>\n<div class=\"chcg-intro\">\n<p>Calcium Citrate von Osavi liefert hochreines Calciumcitrat in praktischer Pulverform \u2013 ideal f\u00fcr alle, die ihren t\u00e4glichen Calciumbedarf gezielt und unkompliziert decken m\u00f6chten. Calcium tr\u00e4gt zur normalen Muskelfunktion, zur normalen Blutgerinnung sowie zur Erhaltung normaler Knochen und Z\u00e4hne bei.<\/p>\n<p>Die Formulierung enth\u00e4lt ausschliesslich Calciumcitrat als Wirkstoff \u2013 ohne unn\u00f6tige Zusatzstoffe. Calciumcitrat gilt als gut vertr\u00e4gliche Form des Calciums und eignet sich besonders f\u00fcr Menschen mit empfindlichem Magen, da es unabh\u00e4ngig vom Mahlzeitenrhythmus gut aufgenommen werden kann.<\/p>\n<p>Mit 960 mg Calcium pro Tagesportion (3 Messl\u00f6ffel \/ 4,7 g) deckt dieses Produkt 120 % des empfohlenen Tagesbedarfs (NRV). Die praktische Pulverform l\u00e4sst sich einfach in Wasser aufl\u00f6sen und ist besonders f\u00fcr Personen geeignet, die keine Kapseln oder Tabletten einnehmen m\u00f6chten.<\/p>\n<\/p><\/div>\n<div class=\"chcg-nutrition\">\n<h3>N\u00e4hrwertangaben<\/h3>\n<table class=\"chcg-nutrition-table\">\n<thead>\n<tr>\n<th>N\u00e4hrstoff<\/th>\n<th>Pro Portion (3 Messl\u00f6ffel \/ 4,7 g)<\/th>\n<\/tr>\n<\/thead>\n<tbody>\n<tr>\n<td>Calciumcitrat<\/td>\n<td>4,70 g<\/td>\n<\/tr>\n<tr>\n<td>\u2013 davon Calcium<\/td>\n<td>960 mg (120 % NRW*)<\/td>\n<\/tr>\n<\/tbody>\n<\/table>\n<p class=\"chcg-footnote\">* NRW \u2013 N\u00e4hrwert-Referenzwert<\/p>\n<\/p><\/div>\n<div class=\"chcg-ingredients\">\n<h3>Zutaten<\/h3>\n<p>Calciumcitrat (davon Calcium), Calciumsalze der Citronens\u00e4ure.<\/p>\n<\/p><\/div>\n<div class=\"chcg-dosage\">\n<h3>Verzehrempfehlung<\/h3>\n<p>3 Messl\u00f6ffel (4,7 g) t\u00e4glich. 3 Messl\u00f6ffel Pulver in 200 ml Wasser einr\u00fchren. Die Suspension sofort nach der Zubereitung trinken. Das Auftreten von Bodensatz ist ein nat\u00fcrliches Ph\u00e4nomen und beeintr\u00e4chtigt die Qualit\u00e4t des Produkts nicht. Wir empfehlen, das Produkt zu oder unmittelbar nach einer Mahlzeit einzunehmen.<\/p>\n<\/p><\/div>\n<div class=\"chcg-warnings\">\n<h3>Warnhinweise<\/h3>\n<p>Die empfohlene Tagesdosis sollte nicht \u00fcberschritten werden. Konsultieren Sie vor der Einnahme dieses Produkts Ihren Apotheker oder Arzt, wenn Sie schwanger werden m\u00f6chten, schwanger sind, stillen, unter \u00e4rztlicher Aufsicht stehen oder an Nahrungsmittelallergien leiden. Nahrungserg\u00e4nzungsmittel sollten nicht als Ersatz f\u00fcr eine ausgewogene Ern\u00e4hrung verwendet werden. Eine abwechslungsreiche Ern\u00e4hrung und ein gesunder Lebensstil sollten zur Erhaltung der normalen Gesundheit beitragen. Ausserhalb der Reichweite von Kleinkindern aufbewahren.<\/p>\n<\/p><\/div>\n<div class=\"chcg-allergens\">\n<h3>Allergeninformationen<\/h3>\n<p>Keine bekannten Allergene enthalten.<\/p>\n<\/p><\/div>\n<div class=\"chcg-storage\">\n<h3>Lagerung<\/h3>\n<p>An einem dunklen und trockenen Ort bei Raumtemperatur lagern, ausserhalb der Reichweite von Kleinkindern.<\/p>\n<\/p><\/div>\n<div class=\"chcg-dietary\">\n<h3>Ern\u00e4hrungshinweise<\/h3>\n<ul>\n<li>Vegan<\/li>\n<li>Vegetarisch<\/li>\n<li>Glutenfrei<\/li>\n<li>Laktosefrei<\/li>\n<\/ul><\/div>\n<\/div>\n","protected":false},"excerpt":{"rendered":"<p>Calcium Citrate Pulver von Osavi liefert 960 mg Calcium pro Tagesportion \u2013 das entspricht 120 % des Tagesbedarfs. Das reine Pulver (240 g) ist vegan, glutenfrei und einfach in Wasser aufzul\u00f6sen.<\/p>\n","protected":false},"featured_media":2346,"comment_status":"closed","ping_status":"open","template":"","meta":[],"product_brand":[219],"product_cat":[27,48,25,32,30,31,21],"product_tag":[],"class_list":{"0":"post-2345","1":"product","2":"type-product","3":"status-publish","4":"has-post-thumbnail","6":"product_brand-osavi","7":"product_cat-einige-vitamine","8":"product_cat-gesunde-ernaehrung","9":"product_cat-gesundheit-und-wohlbefinden","10":"product_cat-nahrungsergaenzungsmittel-fuer-frauen","11":"product_cat-vitamin-d","12":"product_cat-vitamin-k","13":"product_cat-vitamine-und-mineralstoffe","15":"first","16":"outofstock","17":"taxable","18":"shipping-taxable","19":"purchasable","20":"product-type-simple"},"yoast_head":"<!-- This site is optimized with the Yoast SEO plugin v27.5 - https:\/\/yoast.com\/product\/yoast-seo-wordpress\/ -->\n<title>Calcium Citrate Pulver 240g \u2013 Osavi | ecosupplements.ch<\/title>\n<meta name=\"description\" content=\"Osavi Calcium Citrate Pulver \u2013 960 mg Calcium pro Portion, vegan und glutenfrei. 240 g reines Pulver f\u00fcr Knochen und Muskeln. Jetzt bestellen.\" \/>\n<meta name=\"robots\" content=\"index, follow, max-snippet:-1, max-image-preview:large, max-video-preview:-1\" \/>\n<link rel=\"canonical\" href=\"https:\/\/ecosupplements.ch\/?product=calcium-citrate-powder-240g\" \/>\n<meta property=\"og:locale\" content=\"de_DE\" \/>\n<meta property=\"og:type\" content=\"article\" \/>\n<meta property=\"og:title\" content=\"Calcium Citrate Pulver 240g \u2013 Osavi | ecosupplements.ch\" \/>\n<meta property=\"og:description\" content=\"Osavi Calcium Citrate Pulver \u2013 960 mg Calcium pro Portion, vegan und glutenfrei. 240 g reines Pulver f\u00fcr Knochen und Muskeln. Jetzt bestellen.\" \/>\n<meta property=\"og:url\" content=\"https:\/\/ecosupplements.ch\/?product=calcium-citrate-powder-240g\" \/>\n<meta property=\"og:site_name\" content=\"Eco Supplements\" \/>\n<meta property=\"article:modified_time\" content=\"2026-05-13T07:25:28+00:00\" \/>\n<meta property=\"og:image\" content=\"https:\/\/ecosupplements.ch\/wp-content\/uploads\/2026\/05\/Calcium-Citrate-Powder-240g.jpg\" \/>\n\t<meta property=\"og:image:width\" content=\"559\" \/>\n\t<meta property=\"og:image:height\" content=\"750\" \/>\n\t<meta property=\"og:image:type\" content=\"image\/jpeg\" \/>\n<meta name=\"twitter:card\" content=\"summary_large_image\" \/>\n<meta name=\"twitter:label1\" content=\"Price\" \/>\n\t<meta name=\"twitter:data1\" content=\"&#067;&#072;&#070;&nbsp;13.95\" \/>\n\t<meta name=\"twitter:label2\" content=\"Availability\" \/>\n\t<meta name=\"twitter:data2\" content=\"Out of stock\" \/>\n<script type=\"application\/ld+json\" class=\"yoast-schema-graph\">{\"@context\":\"https:\\\/\\\/schema.org\",\"@graph\":[{\"@type\":\"WebPage\",\"@id\":\"https:\\\/\\\/ecosupplements.ch\\\/?product=calcium-citrate-powder-240g\",\"url\":\"https:\\\/\\\/ecosupplements.ch\\\/?product=calcium-citrate-powder-240g\",\"name\":\"Calcium Citrate Pulver 240g \u2013 Osavi | ecosupplements.ch\",\"isPartOf\":{\"@id\":\"https:\\\/\\\/ecosupplements.ch\\\/#website\"},\"primaryImageOfPage\":{\"@id\":\"https:\\\/\\\/ecosupplements.ch\\\/?product=calcium-citrate-powder-240g#primaryimage\"},\"image\":{\"@id\":\"https:\\\/\\\/ecosupplements.ch\\\/?product=calcium-citrate-powder-240g#primaryimage\"},\"thumbnailUrl\":\"https:\\\/\\\/ecosupplements.ch\\\/wp-content\\\/uploads\\\/2026\\\/05\\\/Calcium-Citrate-Powder-240g.jpg\",\"datePublished\":\"2026-05-11T14:35:43+00:00\",\"dateModified\":\"2026-05-13T07:25:28+00:00\",\"description\":\"Osavi Calcium Citrate Pulver \u2013 960 mg Calcium pro Portion, vegan und glutenfrei. 240 g reines Pulver f\u00fcr Knochen und Muskeln. Jetzt bestellen.\",\"breadcrumb\":{\"@id\":\"https:\\\/\\\/ecosupplements.ch\\\/?product=calcium-citrate-powder-240g#breadcrumb\"},\"inLanguage\":\"de-CH\",\"potentialAction\":[{\"@type\":\"ReadAction\",\"target\":[\"https:\\\/\\\/ecosupplements.ch\\\/?product=calcium-citrate-powder-240g\"]}]},{\"@type\":\"ImageObject\",\"inLanguage\":\"de-CH\",\"@id\":\"https:\\\/\\\/ecosupplements.ch\\\/?product=calcium-citrate-powder-240g#primaryimage\",\"url\":\"https:\\\/\\\/ecosupplements.ch\\\/wp-content\\\/uploads\\\/2026\\\/05\\\/Calcium-Citrate-Powder-240g.jpg\",\"contentUrl\":\"https:\\\/\\\/ecosupplements.ch\\\/wp-content\\\/uploads\\\/2026\\\/05\\\/Calcium-Citrate-Powder-240g.jpg\",\"width\":559,\"height\":750,\"caption\":\"Calcium Citrate\"},{\"@type\":\"BreadcrumbList\",\"@id\":\"https:\\\/\\\/ecosupplements.ch\\\/?product=calcium-citrate-powder-240g#breadcrumb\",\"itemListElement\":[{\"@type\":\"ListItem\",\"position\":1,\"name\":\"Home\",\"item\":\"https:\\\/\\\/ecosupplements.ch\\\/\"},{\"@type\":\"ListItem\",\"position\":2,\"name\":\"Shop\",\"item\":\"https:\\\/\\\/ecosupplements.ch\\\/?page_id=14\"},{\"@type\":\"ListItem\",\"position\":3,\"name\":\"Calcium Citrate, Powder &#8211; 240g\"}]},{\"@type\":\"WebSite\",\"@id\":\"https:\\\/\\\/ecosupplements.ch\\\/#website\",\"url\":\"https:\\\/\\\/ecosupplements.ch\\\/\",\"name\":\"Eco Supplements\",\"description\":\"\",\"potentialAction\":[{\"@type\":\"SearchAction\",\"target\":{\"@type\":\"EntryPoint\",\"urlTemplate\":\"https:\\\/\\\/ecosupplements.ch\\\/?s={search_term_string}\"},\"query-input\":{\"@type\":\"PropertyValueSpecification\",\"valueRequired\":true,\"valueName\":\"search_term_string\"}}],\"inLanguage\":\"de-CH\"}]}<\/script>\n<meta property=\"product:price:amount\" content=\"13.95\" \/>\n<meta property=\"product:price:currency\" content=\"CHF\" \/>\n<meta property=\"og:availability\" content=\"out of stock\" \/>\n<meta property=\"product:availability\" content=\"out of stock\" \/>\n<meta property=\"product:retailer_item_id\" content=\"5904139923115\" \/>\n<meta property=\"product:condition\" content=\"new\" \/>\n<!-- \/ Yoast SEO plugin. -->","yoast_head_json":{"title":"Calcium Citrate Pulver 240g \u2013 Osavi | ecosupplements.ch","description":"Osavi Calcium Citrate Pulver \u2013 960 mg Calcium pro Portion, vegan und glutenfrei. 240 g reines Pulver f\u00fcr Knochen und Muskeln. Jetzt bestellen.","robots":{"index":"index","follow":"follow","max-snippet":"max-snippet:-1","max-image-preview":"max-image-preview:large","max-video-preview":"max-video-preview:-1"},"canonical":"https:\/\/ecosupplements.ch\/?product=calcium-citrate-powder-240g","og_locale":"de_DE","og_type":"article","og_title":"Calcium Citrate Pulver 240g \u2013 Osavi | ecosupplements.ch","og_description":"Osavi Calcium Citrate Pulver \u2013 960 mg Calcium pro Portion, vegan und glutenfrei. 240 g reines Pulver f\u00fcr Knochen und Muskeln. Jetzt bestellen.","og_url":"https:\/\/ecosupplements.ch\/?product=calcium-citrate-powder-240g","og_site_name":"Eco Supplements","article_modified_time":"2026-05-13T07:25:28+00:00","og_image":[{"width":559,"height":750,"url":"https:\/\/ecosupplements.ch\/wp-content\/uploads\/2026\/05\/Calcium-Citrate-Powder-240g.jpg","type":"image\/jpeg"}],"twitter_card":"summary_large_image","twitter_misc":{"Price":"&#67;&#72;&#70;&nbsp;13.95","Availability":"Out of stock"},"schema":{"@context":"https:\/\/schema.org","@graph":[{"@type":"WebPage","@id":"https:\/\/ecosupplements.ch\/?product=calcium-citrate-powder-240g","url":"https:\/\/ecosupplements.ch\/?product=calcium-citrate-powder-240g","name":"Calcium Citrate Pulver 240g \u2013 Osavi | ecosupplements.ch","isPartOf":{"@id":"https:\/\/ecosupplements.ch\/#website"},"primaryImageOfPage":{"@id":"https:\/\/ecosupplements.ch\/?product=calcium-citrate-powder-240g#primaryimage"},"image":{"@id":"https:\/\/ecosupplements.ch\/?product=calcium-citrate-powder-240g#primaryimage"},"thumbnailUrl":"https:\/\/ecosupplements.ch\/wp-content\/uploads\/2026\/05\/Calcium-Citrate-Powder-240g.jpg","datePublished":"2026-05-11T14:35:43+00:00","dateModified":"2026-05-13T07:25:28+00:00","description":"Osavi Calcium Citrate Pulver \u2013 960 mg Calcium pro Portion, vegan und glutenfrei. 240 g reines Pulver f\u00fcr Knochen und Muskeln. Jetzt bestellen.","breadcrumb":{"@id":"https:\/\/ecosupplements.ch\/?product=calcium-citrate-powder-240g#breadcrumb"},"inLanguage":"de-CH","potentialAction":[{"@type":"ReadAction","target":["https:\/\/ecosupplements.ch\/?product=calcium-citrate-powder-240g"]}]},{"@type":"ImageObject","inLanguage":"de-CH","@id":"https:\/\/ecosupplements.ch\/?product=calcium-citrate-powder-240g#primaryimage","url":"https:\/\/ecosupplements.ch\/wp-content\/uploads\/2026\/05\/Calcium-Citrate-Powder-240g.jpg","contentUrl":"https:\/\/ecosupplements.ch\/wp-content\/uploads\/2026\/05\/Calcium-Citrate-Powder-240g.jpg","width":559,"height":750,"caption":"Calcium Citrate"},{"@type":"BreadcrumbList","@id":"https:\/\/ecosupplements.ch\/?product=calcium-citrate-powder-240g#breadcrumb","itemListElement":[{"@type":"ListItem","position":1,"name":"Home","item":"https:\/\/ecosupplements.ch\/"},{"@type":"ListItem","position":2,"name":"Shop","item":"https:\/\/ecosupplements.ch\/?page_id=14"},{"@type":"ListItem","position":3,"name":"Calcium Citrate, Powder &#8211; 240g"}]},{"@type":"WebSite","@id":"https:\/\/ecosupplements.ch\/#website","url":"https:\/\/ecosupplements.ch\/","name":"Eco Supplements","description":"","potentialAction":[{"@type":"SearchAction","target":{"@type":"EntryPoint","urlTemplate":"https:\/\/ecosupplements.ch\/?s={search_term_string}"},"query-input":{"@type":"PropertyValueSpecification","valueRequired":true,"valueName":"search_term_string"}}],"inLanguage":"de-CH"}]},"product_price_amount":"13.95","product_price_currency":"CHF","og_availability":"out of stock","product_availability":"out of stock","product_retailer_item_id":"5904139923115","product_condition":"new"},"_links":{"self":[{"href":"https:\/\/ecosupplements.ch\/index.php?rest_route=\/wp\/v2\/product\/2345","targetHints":{"allow":["GET"]}}],"collection":[{"href":"https:\/\/ecosupplements.ch\/index.php?rest_route=\/wp\/v2\/product"}],"about":[{"href":"https:\/\/ecosupplements.ch\/index.php?rest_route=\/wp\/v2\/types\/product"}],"replies":[{"embeddable":true,"href":"https:\/\/ecosupplements.ch\/index.php?rest_route=%2Fwp%2Fv2%2Fcomments&post=2345"}],"wp:featuredmedia":[{"embeddable":true,"href":"https:\/\/ecosupplements.ch\/index.php?rest_route=\/wp\/v2\/media\/2346"}],"wp:attachment":[{"href":"https:\/\/ecosupplements.ch\/index.php?rest_route=%2Fwp%2Fv2%2Fmedia&parent=2345"}],"wp:term":[{"taxonomy":"product_brand","embeddable":true,"href":"https:\/\/ecosupplements.ch\/index.php?rest_route=%2Fwp%2Fv2%2Fproduct_brand&post=2345"},{"taxonomy":"product_cat","embeddable":true,"href":"https:\/\/ecosupplements.ch\/index.php?rest_route=%2Fwp%2Fv2%2Fproduct_cat&post=2345"},{"taxonomy":"product_tag","embeddable":true,"href":"https:\/\/ecosupplements.ch\/index.php?rest_route=%2Fwp%2Fv2%2Fproduct_tag&post=2345"}],"curies":[{"name":"wp","href":"https:\/\/api.w.org\/{rel}","templated":true}]}}