{"id":2358,"date":"2026-05-11T14:35:50","date_gmt":"2026-05-11T14:35:50","guid":{"rendered":"https:\/\/ecosupplements.ch\/?product=collagen-peptides-tendons-ligaments-150-9g"},"modified":"2026-05-13T07:25:28","modified_gmt":"2026-05-13T07:25:28","slug":"collagen-peptides-tendons-ligaments-150-9g","status":"publish","type":"product","link":"https:\/\/ecosupplements.ch\/?product=collagen-peptides-tendons-ligaments-150-9g","title":{"rendered":"Collagen Peptides &#8211; Tendons &amp; Ligaments &#8211; 150.9g"},"content":{"rendered":"<div class=\"chcg-product-description\">\n<h2 class=\"chcg-heading\">\u00dcber Osavi \u2013 Collagen Peptides \u2013 Tendons &amp; Ligaments \u2013 150.9g<\/h2>\n<div class=\"chcg-intro\">\n<p>Osavi Collagen Peptides \u2013 Tendons &amp; Ligaments ist ein hochwertiges Kollagenpulver, das speziell f\u00fcr die Unterst\u00fctzung von Sehnen und B\u00e4ndern entwickelt wurde. Es enth\u00e4lt TENDOFORTE\u00ae, ein wissenschaftlich entwickeltes bioaktives Kollagenpeptid-Gemisch, das gezielt auf das Bindegewebe des Bewegungsapparats ausgerichtet ist. Pro Portion liefert das Produkt 5 g TENDOFORTE\u00ae sowie wertvolle Mikron\u00e4hrstoffe.<\/p>\n<p>Kupfer tr\u00e4gt zur normalen Bindegewebsbildung bei und unterst\u00fctzt den normalen Energiestoffwechsel. Mangan tr\u00e4gt zur normalen Bindegewebsbildung bei und unterst\u00fctzt den Schutz der Zellen vor oxidativem Stress. Mit nur 18 kcal pro Portion und 4,5 g Protein ist das Pulver eine leichte und praktische Erg\u00e4nzung im Alltag.<\/p>\n<p>Das Pulver l\u00e4sst sich einfach in Wasser aufl\u00f6sen oder direkt zu Mahlzeiten hinzuf\u00fcgen \u2013 ideal f\u00fcr Menschen, die aktiv sind und ihren Bewegungsapparat gezielt unterst\u00fctzen m\u00f6chten. Ein Beh\u00e4lter enth\u00e4lt 30 Portionen \u00e0 5,03 g.<\/p>\n<\/p><\/div>\n<div class=\"chcg-nutrition\">\n<h3>N\u00e4hrwertangaben<\/h3>\n<table class=\"chcg-nutrition-table\">\n<thead>\n<tr>\n<th>N\u00e4hrstoff<\/th>\n<th>Pro Portion (5,03 g)<\/th>\n<\/tr>\n<\/thead>\n<tbody>\n<tr>\n<td>Energiewert<\/td>\n<td>18 kcal \/ 77 kJ<\/td>\n<\/tr>\n<tr>\n<td>Fett<\/td>\n<td>0 g<\/td>\n<\/tr>\n<tr>\n<td>\u2013 davon ges\u00e4ttigte Fetts\u00e4uren<\/td>\n<td>0 g<\/td>\n<\/tr>\n<tr>\n<td>Kohlenhydrate<\/td>\n<td>0 g<\/td>\n<\/tr>\n<tr>\n<td>\u2013 davon Zucker<\/td>\n<td>0 g<\/td>\n<\/tr>\n<tr>\n<td>Protein<\/td>\n<td>4,5 g<\/td>\n<\/tr>\n<tr>\n<td>Salz<\/td>\n<td>0 g<\/td>\n<\/tr>\n<tr>\n<td>TENDOFORTE\u00ae bioaktive Kollagenpeptide<\/td>\n<td>5 g*<\/td>\n<\/tr>\n<tr>\n<td>Kupfer (Kupfergluconat)<\/td>\n<td>1 mg (100% NRV)<\/td>\n<\/tr>\n<tr>\n<td>Mangan (Mangangluconat)<\/td>\n<td>1,8 mg (90% NRV)<\/td>\n<\/tr>\n<\/tbody>\n<\/table>\n<p class=\"chcg-footnote\">* Kein festgelegter Tagesbedarf (NRV).<\/p>\n<\/p><\/div>\n<div class=\"chcg-ingredients\">\n<h3>Zutaten<\/h3>\n<p>TENDOFORTE\u00ae bioaktive Kollagenpeptide, Kupfer (Kupfergluconat), Mangan (Mangangluconat). Weitere Zutaten: Rinder-Kollagenpeptide, Mangangluconat, Kupfergluconat.<\/p>\n<\/p><\/div>\n<div class=\"chcg-dosage\">\n<h3>Verzehrempfehlung<\/h3>\n<p>1 Messl\u00f6ffel Pulver (5,03 g) in 200 ml Wasser aufl\u00f6sen und trinken, oder direkt zu einer Mahlzeit hinzuf\u00fcgen. Das Produkt kann zu Vorspeisen, Salaten, Fr\u00fchst\u00fcck, Smoothies oder Desserts gegeben werden. Portionsgr\u00f6sse: 1 Messl\u00f6ffel (5,03 g). Portionen pro Beh\u00e4lter: 30.<\/p>\n<\/p><\/div>\n<div class=\"chcg-warnings\">\n<h3>Warnhinweise<\/h3>\n<p>Die empfohlene Tagesdosis sollte nicht \u00fcberschritten werden. Wie bei anderen Nahrungserg\u00e4nzungsmitteln wird empfohlen, vor der Einnahme fachkundigen Rat einzuholen, wenn Sie unter \u00e4rztlicher Aufsicht stehen, schwanger sind, stillen oder an Lebensmittelallergien leiden. Nahrungserg\u00e4nzungsmittel sollten nicht als Ersatz f\u00fcr eine ausgewogene Ern\u00e4hrung verwendet werden. Eine abwechslungsreiche Ern\u00e4hrung und ein gesunder Lebensstil sind wichtig, um die normale Gesundheit zu erhalten.<\/p>\n<\/p><\/div>\n<div class=\"chcg-allergens\">\n<h3>Allergeninformationen<\/h3>\n<p>Auf dem Produktetikett sind keine Allergene deklariert. Hinweis: Gem\u00e4ss Angaben eines H\u00e4ndlers wird das Produkt in einem Betrieb hergestellt, der Eier, Milchproteine, Gluten, Erdn\u00fcsse, Soja und Schalentiere verarbeitet. Bitte \u00fcberpr\u00fcfen Sie die Angaben auf dem aktuellen Produktetikett.<\/p>\n<\/p><\/div>\n<div class=\"chcg-storage\">\n<h3>Lagerung<\/h3>\n<p>An einem dunklen und trockenen Ort bei Raumtemperatur aufbewahren. Ausserhalb der Reichweite von Kindern aufbewahren.<\/p>\n<\/p><\/div>\n<div class=\"chcg-dietary\">\n<h3>Ern\u00e4hrungshinweise<\/h3>\n<ul>\n<li>Nicht vegan (tierische Herkunft: Rinder-Kollagen)<\/li>\n<li>Nicht vegetarisch (tierische Herkunft: Rinder-Kollagen)<\/li>\n<\/ul><\/div>\n<\/div>\n","protected":false},"excerpt":{"rendered":"<p>Osavi Collagen Peptides \u2013 Tendons &amp; Ligaments unterst\u00fctzt Sehnen und B\u00e4nder mit 5 g TENDOFORTE\u00ae bioaktiven Kollagenpeptiden sowie Kupfer und Mangan pro Portion. Das Pulver (150,9 g \/ 30 Portionen) l\u00e4sst sich einfach in Wasser oder Speisen einr\u00fchren.<\/p>\n","protected":false},"featured_media":2359,"comment_status":"closed","ping_status":"open","template":"","meta":[],"product_brand":[219],"product_cat":[48,25,80],"product_tag":[],"class_list":{"0":"post-2358","1":"product","2":"type-product","3":"status-publish","4":"has-post-thumbnail","6":"product_brand-osavi","7":"product_cat-gesunde-ernaehrung","8":"product_cat-gesundheit-und-wohlbefinden","9":"product_cat-kollagen","11":"first","12":"outofstock","13":"taxable","14":"shipping-taxable","15":"purchasable","16":"product-type-simple"},"yoast_head":"<!-- This site is optimized with the Yoast SEO plugin v27.5 - https:\/\/yoast.com\/product\/yoast-seo-wordpress\/ -->\n<title>Collagen Peptides Tendons &amp; Ligaments \u2013 Osavi | ecosupplements.ch<\/title>\n<meta name=\"description\" content=\"Osavi Collagen Peptides mit TENDOFORTE\u00ae f\u00fcr Sehnen &amp; B\u00e4nder \u2013 30 Portionen Pulver mit Kupfer und Mangan. Jetzt bestellen.\" \/>\n<meta name=\"robots\" content=\"index, follow, max-snippet:-1, max-image-preview:large, max-video-preview:-1\" \/>\n<link rel=\"canonical\" href=\"https:\/\/ecosupplements.ch\/?product=collagen-peptides-tendons-ligaments-150-9g\" \/>\n<meta property=\"og:locale\" content=\"de_DE\" \/>\n<meta property=\"og:type\" content=\"article\" \/>\n<meta property=\"og:title\" content=\"Collagen Peptides Tendons &amp; Ligaments \u2013 Osavi | ecosupplements.ch\" \/>\n<meta property=\"og:description\" content=\"Osavi Collagen Peptides mit TENDOFORTE\u00ae f\u00fcr Sehnen &amp; B\u00e4nder \u2013 30 Portionen Pulver mit Kupfer und Mangan. Jetzt bestellen.\" \/>\n<meta property=\"og:url\" content=\"https:\/\/ecosupplements.ch\/?product=collagen-peptides-tendons-ligaments-150-9g\" \/>\n<meta property=\"og:site_name\" content=\"Eco Supplements\" \/>\n<meta property=\"article:modified_time\" content=\"2026-05-13T07:25:28+00:00\" \/>\n<meta property=\"og:image\" content=\"https:\/\/ecosupplements.ch\/wp-content\/uploads\/2026\/05\/Collagen-Peptides-Tendons-Ligaments-150.9g.png\" \/>\n\t<meta property=\"og:image:width\" content=\"940\" \/>\n\t<meta property=\"og:image:height\" content=\"750\" \/>\n\t<meta property=\"og:image:type\" content=\"image\/png\" \/>\n<meta name=\"twitter:card\" content=\"summary_large_image\" \/>\n<meta name=\"twitter:label1\" content=\"Price\" \/>\n\t<meta name=\"twitter:data1\" content=\"&#067;&#072;&#070;&nbsp;18.43\" \/>\n\t<meta name=\"twitter:label2\" content=\"Availability\" \/>\n\t<meta name=\"twitter:data2\" content=\"Out of stock\" \/>\n<script type=\"application\/ld+json\" class=\"yoast-schema-graph\">{\"@context\":\"https:\\\/\\\/schema.org\",\"@graph\":[{\"@type\":\"WebPage\",\"@id\":\"https:\\\/\\\/ecosupplements.ch\\\/?product=collagen-peptides-tendons-ligaments-150-9g\",\"url\":\"https:\\\/\\\/ecosupplements.ch\\\/?product=collagen-peptides-tendons-ligaments-150-9g\",\"name\":\"Collagen Peptides Tendons & Ligaments \u2013 Osavi | ecosupplements.ch\",\"isPartOf\":{\"@id\":\"https:\\\/\\\/ecosupplements.ch\\\/#website\"},\"primaryImageOfPage\":{\"@id\":\"https:\\\/\\\/ecosupplements.ch\\\/?product=collagen-peptides-tendons-ligaments-150-9g#primaryimage\"},\"image\":{\"@id\":\"https:\\\/\\\/ecosupplements.ch\\\/?product=collagen-peptides-tendons-ligaments-150-9g#primaryimage\"},\"thumbnailUrl\":\"https:\\\/\\\/ecosupplements.ch\\\/wp-content\\\/uploads\\\/2026\\\/05\\\/Collagen-Peptides-Tendons-Ligaments-150.9g.png\",\"datePublished\":\"2026-05-11T14:35:50+00:00\",\"dateModified\":\"2026-05-13T07:25:28+00:00\",\"description\":\"Osavi Collagen Peptides mit TENDOFORTE\u00ae f\u00fcr Sehnen & B\u00e4nder \u2013 30 Portionen Pulver mit Kupfer und Mangan. Jetzt bestellen.\",\"breadcrumb\":{\"@id\":\"https:\\\/\\\/ecosupplements.ch\\\/?product=collagen-peptides-tendons-ligaments-150-9g#breadcrumb\"},\"inLanguage\":\"de-CH\",\"potentialAction\":[{\"@type\":\"ReadAction\",\"target\":[\"https:\\\/\\\/ecosupplements.ch\\\/?product=collagen-peptides-tendons-ligaments-150-9g\"]}]},{\"@type\":\"ImageObject\",\"inLanguage\":\"de-CH\",\"@id\":\"https:\\\/\\\/ecosupplements.ch\\\/?product=collagen-peptides-tendons-ligaments-150-9g#primaryimage\",\"url\":\"https:\\\/\\\/ecosupplements.ch\\\/wp-content\\\/uploads\\\/2026\\\/05\\\/Collagen-Peptides-Tendons-Ligaments-150.9g.png\",\"contentUrl\":\"https:\\\/\\\/ecosupplements.ch\\\/wp-content\\\/uploads\\\/2026\\\/05\\\/Collagen-Peptides-Tendons-Ligaments-150.9g.png\",\"width\":940,\"height\":750,\"caption\":\"Collagen Peptides - Tendons & Ligaments - 150.9g\"},{\"@type\":\"BreadcrumbList\",\"@id\":\"https:\\\/\\\/ecosupplements.ch\\\/?product=collagen-peptides-tendons-ligaments-150-9g#breadcrumb\",\"itemListElement\":[{\"@type\":\"ListItem\",\"position\":1,\"name\":\"Home\",\"item\":\"https:\\\/\\\/ecosupplements.ch\\\/\"},{\"@type\":\"ListItem\",\"position\":2,\"name\":\"Shop\",\"item\":\"https:\\\/\\\/ecosupplements.ch\\\/?page_id=14\"},{\"@type\":\"ListItem\",\"position\":3,\"name\":\"Collagen Peptides &#8211; Tendons &amp; Ligaments &#8211; 150.9g\"}]},{\"@type\":\"WebSite\",\"@id\":\"https:\\\/\\\/ecosupplements.ch\\\/#website\",\"url\":\"https:\\\/\\\/ecosupplements.ch\\\/\",\"name\":\"Eco Supplements\",\"description\":\"\",\"potentialAction\":[{\"@type\":\"SearchAction\",\"target\":{\"@type\":\"EntryPoint\",\"urlTemplate\":\"https:\\\/\\\/ecosupplements.ch\\\/?s={search_term_string}\"},\"query-input\":{\"@type\":\"PropertyValueSpecification\",\"valueRequired\":true,\"valueName\":\"search_term_string\"}}],\"inLanguage\":\"de-CH\"}]}<\/script>\n<meta property=\"product:price:amount\" content=\"18.43\" \/>\n<meta property=\"product:price:currency\" content=\"CHF\" \/>\n<meta property=\"og:availability\" content=\"out of stock\" \/>\n<meta property=\"product:availability\" content=\"out of stock\" \/>\n<meta property=\"product:retailer_item_id\" content=\"5904139922293\" \/>\n<meta property=\"product:condition\" content=\"new\" \/>\n<!-- \/ Yoast SEO plugin. -->","yoast_head_json":{"title":"Collagen Peptides Tendons & Ligaments \u2013 Osavi | ecosupplements.ch","description":"Osavi Collagen Peptides mit TENDOFORTE\u00ae f\u00fcr Sehnen & B\u00e4nder \u2013 30 Portionen Pulver mit Kupfer und Mangan. Jetzt bestellen.","robots":{"index":"index","follow":"follow","max-snippet":"max-snippet:-1","max-image-preview":"max-image-preview:large","max-video-preview":"max-video-preview:-1"},"canonical":"https:\/\/ecosupplements.ch\/?product=collagen-peptides-tendons-ligaments-150-9g","og_locale":"de_DE","og_type":"article","og_title":"Collagen Peptides Tendons & Ligaments \u2013 Osavi | ecosupplements.ch","og_description":"Osavi Collagen Peptides mit TENDOFORTE\u00ae f\u00fcr Sehnen & B\u00e4nder \u2013 30 Portionen Pulver mit Kupfer und Mangan. Jetzt bestellen.","og_url":"https:\/\/ecosupplements.ch\/?product=collagen-peptides-tendons-ligaments-150-9g","og_site_name":"Eco Supplements","article_modified_time":"2026-05-13T07:25:28+00:00","og_image":[{"width":940,"height":750,"url":"https:\/\/ecosupplements.ch\/wp-content\/uploads\/2026\/05\/Collagen-Peptides-Tendons-Ligaments-150.9g.png","type":"image\/png"}],"twitter_card":"summary_large_image","twitter_misc":{"Price":"&#67;&#72;&#70;&nbsp;18.43","Availability":"Out of stock"},"schema":{"@context":"https:\/\/schema.org","@graph":[{"@type":"WebPage","@id":"https:\/\/ecosupplements.ch\/?product=collagen-peptides-tendons-ligaments-150-9g","url":"https:\/\/ecosupplements.ch\/?product=collagen-peptides-tendons-ligaments-150-9g","name":"Collagen Peptides Tendons & Ligaments \u2013 Osavi | ecosupplements.ch","isPartOf":{"@id":"https:\/\/ecosupplements.ch\/#website"},"primaryImageOfPage":{"@id":"https:\/\/ecosupplements.ch\/?product=collagen-peptides-tendons-ligaments-150-9g#primaryimage"},"image":{"@id":"https:\/\/ecosupplements.ch\/?product=collagen-peptides-tendons-ligaments-150-9g#primaryimage"},"thumbnailUrl":"https:\/\/ecosupplements.ch\/wp-content\/uploads\/2026\/05\/Collagen-Peptides-Tendons-Ligaments-150.9g.png","datePublished":"2026-05-11T14:35:50+00:00","dateModified":"2026-05-13T07:25:28+00:00","description":"Osavi Collagen Peptides mit TENDOFORTE\u00ae f\u00fcr Sehnen & B\u00e4nder \u2013 30 Portionen Pulver mit Kupfer und Mangan. Jetzt bestellen.","breadcrumb":{"@id":"https:\/\/ecosupplements.ch\/?product=collagen-peptides-tendons-ligaments-150-9g#breadcrumb"},"inLanguage":"de-CH","potentialAction":[{"@type":"ReadAction","target":["https:\/\/ecosupplements.ch\/?product=collagen-peptides-tendons-ligaments-150-9g"]}]},{"@type":"ImageObject","inLanguage":"de-CH","@id":"https:\/\/ecosupplements.ch\/?product=collagen-peptides-tendons-ligaments-150-9g#primaryimage","url":"https:\/\/ecosupplements.ch\/wp-content\/uploads\/2026\/05\/Collagen-Peptides-Tendons-Ligaments-150.9g.png","contentUrl":"https:\/\/ecosupplements.ch\/wp-content\/uploads\/2026\/05\/Collagen-Peptides-Tendons-Ligaments-150.9g.png","width":940,"height":750,"caption":"Collagen Peptides - Tendons & Ligaments - 150.9g"},{"@type":"BreadcrumbList","@id":"https:\/\/ecosupplements.ch\/?product=collagen-peptides-tendons-ligaments-150-9g#breadcrumb","itemListElement":[{"@type":"ListItem","position":1,"name":"Home","item":"https:\/\/ecosupplements.ch\/"},{"@type":"ListItem","position":2,"name":"Shop","item":"https:\/\/ecosupplements.ch\/?page_id=14"},{"@type":"ListItem","position":3,"name":"Collagen Peptides &#8211; Tendons &amp; Ligaments &#8211; 150.9g"}]},{"@type":"WebSite","@id":"https:\/\/ecosupplements.ch\/#website","url":"https:\/\/ecosupplements.ch\/","name":"Eco Supplements","description":"","potentialAction":[{"@type":"SearchAction","target":{"@type":"EntryPoint","urlTemplate":"https:\/\/ecosupplements.ch\/?s={search_term_string}"},"query-input":{"@type":"PropertyValueSpecification","valueRequired":true,"valueName":"search_term_string"}}],"inLanguage":"de-CH"}]},"product_price_amount":"18.43","product_price_currency":"CHF","og_availability":"out of stock","product_availability":"out of stock","product_retailer_item_id":"5904139922293","product_condition":"new"},"_links":{"self":[{"href":"https:\/\/ecosupplements.ch\/index.php?rest_route=\/wp\/v2\/product\/2358","targetHints":{"allow":["GET"]}}],"collection":[{"href":"https:\/\/ecosupplements.ch\/index.php?rest_route=\/wp\/v2\/product"}],"about":[{"href":"https:\/\/ecosupplements.ch\/index.php?rest_route=\/wp\/v2\/types\/product"}],"replies":[{"embeddable":true,"href":"https:\/\/ecosupplements.ch\/index.php?rest_route=%2Fwp%2Fv2%2Fcomments&post=2358"}],"wp:featuredmedia":[{"embeddable":true,"href":"https:\/\/ecosupplements.ch\/index.php?rest_route=\/wp\/v2\/media\/2359"}],"wp:attachment":[{"href":"https:\/\/ecosupplements.ch\/index.php?rest_route=%2Fwp%2Fv2%2Fmedia&parent=2358"}],"wp:term":[{"taxonomy":"product_brand","embeddable":true,"href":"https:\/\/ecosupplements.ch\/index.php?rest_route=%2Fwp%2Fv2%2Fproduct_brand&post=2358"},{"taxonomy":"product_cat","embeddable":true,"href":"https:\/\/ecosupplements.ch\/index.php?rest_route=%2Fwp%2Fv2%2Fproduct_cat&post=2358"},{"taxonomy":"product_tag","embeddable":true,"href":"https:\/\/ecosupplements.ch\/index.php?rest_route=%2Fwp%2Fv2%2Fproduct_tag&post=2358"}],"curies":[{"name":"wp","href":"https:\/\/api.w.org\/{rel}","templated":true}]}}