{"id":2364,"date":"2026-05-11T14:35:54","date_gmt":"2026-05-11T14:35:54","guid":{"rendered":"https:\/\/ecosupplements.ch\/?product=colostrum-immuno-800mg-60-caps"},"modified":"2026-05-13T07:23:36","modified_gmt":"2026-05-13T07:23:36","slug":"colostrum-immuno-800mg-60-caps","status":"publish","type":"product","link":"https:\/\/ecosupplements.ch\/?product=colostrum-immuno-800mg-60-caps","title":{"rendered":"Colostrum Immuno, 800mg &#8211; 60 caps"},"content":{"rendered":"<div class=\"chcg-product-description\">\n<h2 class=\"chcg-heading\">\u00dcber Osavi \u2013 Colostrum Immuno, 800mg \u2013 60 Kapseln<\/h2>\n<div class=\"chcg-intro\">\n<p>Colostrum Immuno von Osavi kombiniert hochwertiges bovines Colostrum mit Zink \u2013 zwei bew\u00e4hrte N\u00e4hrstoffe zur Unterst\u00fctzung des Immunsystems. Jede Tagesportion liefert 800 mg Colostrum bovinum, standardisiert auf mindestens 18 % Immunglobuline G (IgG), sowie 15 mg Zink, was 150 % des Referenzwerts f\u00fcr die N\u00e4hrstoffzufuhr entspricht.<\/p>\n<p>Zink tr\u00e4gt zur normalen Funktion des Immunsystems bei und unterst\u00fctzt den Schutz der Zellen vor oxidativem Stress. Das Produkt ist in pflanzlichen HPMC-Kapseln abgef\u00fcllt und damit f\u00fcr Vegetarierinnen und Vegetarier geeignet.<\/p>\n<p>Colostrum Immuno ist eine praktische Erg\u00e4nzung f\u00fcr alle, die ihre Ern\u00e4hrung gezielt mit Colostrum und Zink erg\u00e4nzen m\u00f6chten \u2013 einfach einzunehmen und aus sorgf\u00e4ltig ausgew\u00e4hlten Zutaten hergestellt.<\/p>\n<\/p><\/div>\n<div class=\"chcg-nutrition\">\n<h3>N\u00e4hrwertangaben<\/h3>\n<table class=\"chcg-nutrition-table\">\n<thead>\n<tr>\n<th>N\u00e4hrstoff<\/th>\n<th>Pro Portion (2 Kapseln)<\/th>\n<\/tr>\n<\/thead>\n<tbody>\n<tr>\n<td>Colostrum bovinum<\/td>\n<td>800 mg<\/td>\n<\/tr>\n<tr>\n<td>\u2013 davon standardisiert auf mind. 18 % Immunglobuline G<\/td>\n<td>mind. 144 mg<\/td>\n<\/tr>\n<tr>\n<td>Zink (als Zinkgluconat)<\/td>\n<td>15 mg (150 % NRW)<\/td>\n<\/tr>\n<\/tbody>\n<\/table>\n<p class=\"chcg-footnote\">NRW = N\u00e4hrwert-Referenzwert<\/p>\n<\/p><\/div>\n<div class=\"chcg-ingredients\">\n<h3>Zutaten<\/h3>\n<p>Colostrum bovinum (enth\u00e4lt MILCH, Laktose), Inulin, Kapselh\u00fclle (Hydroxypropylmethylcellulose), Zinkgluconat.<\/p>\n<p class=\"chcg-capsule-shell\">Kapselh\u00fclle: Hydroxypropylmethylcellulose (HPMC)<\/p>\n<\/p><\/div>\n<div class=\"chcg-dosage\">\n<h3>Verzehrempfehlung<\/h3>\n<p>T\u00e4glich 2 Kapseln am Morgen vor einer Mahlzeit einnehmen. Mit einem Glas Wasser schlucken.<\/p>\n<\/p><\/div>\n<div class=\"chcg-warnings\">\n<h3>Warnhinweise<\/h3>\n<p>Die empfohlene Tagesdosis sollte nicht \u00fcberschritten werden. Vor der Einnahme dieses Produkts ist R\u00fccksprache mit einer Apothekerin, einem Apotheker oder einer \u00c4rztin bzw. einem Arzt empfohlen, wenn eine Schwangerschaft geplant ist, w\u00e4hrend der Schwangerschaft, in der Stillzeit, bei medizinischer Betreuung oder bei bestehenden Nahrungsmittelallergien. Nahrungserg\u00e4nzungsmittel sollten nicht als Ersatz f\u00fcr eine ausgewogene Ern\u00e4hrung verwendet werden. Eine abwechslungsreiche Ern\u00e4hrung und ein gesunder Lebensstil sind wichtig, um die normale Gesundheit zu erhalten. Ausserhalb der Reichweite von kleinen Kindern aufbewahren.<\/p>\n<\/p><\/div>\n<div class=\"chcg-allergens\">\n<h3>Allergeninformationen<\/h3>\n<p>Enth\u00e4lt Milch (Laktose). Kann Spuren von Milch (einschliesslich Laktose), Soja, Erdn\u00fcssen, anderen N\u00fcssen, Sesamsamen, Hafer, Eiern, Krebstieren, Fisch und Gluten enthalten.<\/p>\n<\/p><\/div>\n<div class=\"chcg-storage\">\n<h3>Lagerung<\/h3>\n<p>An einem dunklen und trockenen Ort bei Raumtemperatur und ausserhalb der Reichweite von kleinen Kindern aufbewahren.<\/p>\n<\/p><\/div>\n<div class=\"chcg-dietary\">\n<h3>Ern\u00e4hrungshinweise<\/h3>\n<ul>\n<li>Vegetarisch<\/li>\n<li>Glutenfrei<\/li>\n<\/ul><\/div>\n<\/div>\n","protected":false},"excerpt":{"rendered":"<p>Colostrum Immuno von Osavi liefert pro Tagesportion 800 mg Colostrum bovinum (mind. 18 % IgG) und 15 mg Zink zur Unterst\u00fctzung des Immunsystems. Erh\u00e4ltlich in 60 vegetarischen HPMC-Kapseln. Glutenfrei.<\/p>\n","protected":false},"featured_media":2365,"comment_status":"closed","ping_status":"open","template":"","meta":[],"product_brand":[219],"product_cat":[48,25,45],"product_tag":[],"class_list":{"0":"post-2364","1":"product","2":"type-product","3":"status-publish","4":"has-post-thumbnail","6":"product_brand-osavi","7":"product_cat-gesunde-ernaehrung","8":"product_cat-gesundheit-und-wohlbefinden","9":"product_cat-immunsystem","11":"first","12":"outofstock","13":"taxable","14":"shipping-taxable","15":"purchasable","16":"product-type-simple"},"yoast_head":"<!-- This site is optimized with the Yoast SEO plugin v27.5 - https:\/\/yoast.com\/product\/yoast-seo-wordpress\/ -->\n<title>Colostrum Immuno 800mg \u2013 Osavi | ecosupplements.ch<\/title>\n<meta name=\"description\" content=\"Osavi Colostrum Immuno mit 800 mg Colostrum bovinum und 15 mg Zink pro Portion \u2013 60 vegetarische Kapseln zur Unterst\u00fctzung des Immunsystems. Jetzt bestellen.\" \/>\n<meta name=\"robots\" content=\"index, follow, max-snippet:-1, max-image-preview:large, max-video-preview:-1\" \/>\n<link rel=\"canonical\" href=\"https:\/\/ecosupplements.ch\/?product=colostrum-immuno-800mg-60-caps\" \/>\n<meta property=\"og:locale\" content=\"de_DE\" \/>\n<meta property=\"og:type\" content=\"article\" \/>\n<meta property=\"og:title\" content=\"Colostrum Immuno 800mg \u2013 Osavi | ecosupplements.ch\" \/>\n<meta property=\"og:description\" content=\"Osavi Colostrum Immuno mit 800 mg Colostrum bovinum und 15 mg Zink pro Portion \u2013 60 vegetarische Kapseln zur Unterst\u00fctzung des Immunsystems. Jetzt bestellen.\" \/>\n<meta property=\"og:url\" content=\"https:\/\/ecosupplements.ch\/?product=colostrum-immuno-800mg-60-caps\" \/>\n<meta property=\"og:site_name\" content=\"Eco Supplements\" \/>\n<meta property=\"article:modified_time\" content=\"2026-05-13T07:23:36+00:00\" \/>\n<meta property=\"og:image\" content=\"https:\/\/ecosupplements.ch\/wp-content\/uploads\/2026\/05\/Colostrum-Immuno-800mg-60-caps.png\" \/>\n\t<meta property=\"og:image:width\" content=\"492\" \/>\n\t<meta property=\"og:image:height\" content=\"750\" \/>\n\t<meta property=\"og:image:type\" content=\"image\/png\" \/>\n<meta name=\"twitter:card\" content=\"summary_large_image\" \/>\n<meta name=\"twitter:label1\" content=\"Price\" \/>\n\t<meta name=\"twitter:data1\" content=\"&#067;&#072;&#070;&nbsp;13.78\" \/>\n\t<meta name=\"twitter:label2\" content=\"Availability\" \/>\n\t<meta name=\"twitter:data2\" content=\"Out of stock\" \/>\n<script type=\"application\/ld+json\" class=\"yoast-schema-graph\">{\"@context\":\"https:\\\/\\\/schema.org\",\"@graph\":[{\"@type\":\"WebPage\",\"@id\":\"https:\\\/\\\/ecosupplements.ch\\\/?product=colostrum-immuno-800mg-60-caps\",\"url\":\"https:\\\/\\\/ecosupplements.ch\\\/?product=colostrum-immuno-800mg-60-caps\",\"name\":\"Colostrum Immuno 800mg \u2013 Osavi | ecosupplements.ch\",\"isPartOf\":{\"@id\":\"https:\\\/\\\/ecosupplements.ch\\\/#website\"},\"primaryImageOfPage\":{\"@id\":\"https:\\\/\\\/ecosupplements.ch\\\/?product=colostrum-immuno-800mg-60-caps#primaryimage\"},\"image\":{\"@id\":\"https:\\\/\\\/ecosupplements.ch\\\/?product=colostrum-immuno-800mg-60-caps#primaryimage\"},\"thumbnailUrl\":\"https:\\\/\\\/ecosupplements.ch\\\/wp-content\\\/uploads\\\/2026\\\/05\\\/Colostrum-Immuno-800mg-60-caps.png\",\"datePublished\":\"2026-05-11T14:35:54+00:00\",\"dateModified\":\"2026-05-13T07:23:36+00:00\",\"description\":\"Osavi Colostrum Immuno mit 800 mg Colostrum bovinum und 15 mg Zink pro Portion \u2013 60 vegetarische Kapseln zur Unterst\u00fctzung des Immunsystems. Jetzt bestellen.\",\"breadcrumb\":{\"@id\":\"https:\\\/\\\/ecosupplements.ch\\\/?product=colostrum-immuno-800mg-60-caps#breadcrumb\"},\"inLanguage\":\"de-CH\",\"potentialAction\":[{\"@type\":\"ReadAction\",\"target\":[\"https:\\\/\\\/ecosupplements.ch\\\/?product=colostrum-immuno-800mg-60-caps\"]}]},{\"@type\":\"ImageObject\",\"inLanguage\":\"de-CH\",\"@id\":\"https:\\\/\\\/ecosupplements.ch\\\/?product=colostrum-immuno-800mg-60-caps#primaryimage\",\"url\":\"https:\\\/\\\/ecosupplements.ch\\\/wp-content\\\/uploads\\\/2026\\\/05\\\/Colostrum-Immuno-800mg-60-caps.png\",\"contentUrl\":\"https:\\\/\\\/ecosupplements.ch\\\/wp-content\\\/uploads\\\/2026\\\/05\\\/Colostrum-Immuno-800mg-60-caps.png\",\"width\":492,\"height\":750,\"caption\":\"Colostrum Immuno\"},{\"@type\":\"BreadcrumbList\",\"@id\":\"https:\\\/\\\/ecosupplements.ch\\\/?product=colostrum-immuno-800mg-60-caps#breadcrumb\",\"itemListElement\":[{\"@type\":\"ListItem\",\"position\":1,\"name\":\"Home\",\"item\":\"https:\\\/\\\/ecosupplements.ch\\\/\"},{\"@type\":\"ListItem\",\"position\":2,\"name\":\"Shop\",\"item\":\"https:\\\/\\\/ecosupplements.ch\\\/?page_id=14\"},{\"@type\":\"ListItem\",\"position\":3,\"name\":\"Colostrum Immuno, 800mg &#8211; 60 caps\"}]},{\"@type\":\"WebSite\",\"@id\":\"https:\\\/\\\/ecosupplements.ch\\\/#website\",\"url\":\"https:\\\/\\\/ecosupplements.ch\\\/\",\"name\":\"Eco Supplements\",\"description\":\"\",\"potentialAction\":[{\"@type\":\"SearchAction\",\"target\":{\"@type\":\"EntryPoint\",\"urlTemplate\":\"https:\\\/\\\/ecosupplements.ch\\\/?s={search_term_string}\"},\"query-input\":{\"@type\":\"PropertyValueSpecification\",\"valueRequired\":true,\"valueName\":\"search_term_string\"}}],\"inLanguage\":\"de-CH\"}]}<\/script>\n<meta property=\"product:price:amount\" content=\"13.78\" \/>\n<meta property=\"product:price:currency\" content=\"CHF\" \/>\n<meta property=\"og:availability\" content=\"out of stock\" \/>\n<meta property=\"product:availability\" content=\"out of stock\" \/>\n<meta property=\"product:retailer_item_id\" content=\"5904139920879\" \/>\n<meta property=\"product:condition\" content=\"new\" \/>\n<!-- \/ Yoast SEO plugin. -->","yoast_head_json":{"title":"Colostrum Immuno 800mg \u2013 Osavi | ecosupplements.ch","description":"Osavi Colostrum Immuno mit 800 mg Colostrum bovinum und 15 mg Zink pro Portion \u2013 60 vegetarische Kapseln zur Unterst\u00fctzung des Immunsystems. Jetzt bestellen.","robots":{"index":"index","follow":"follow","max-snippet":"max-snippet:-1","max-image-preview":"max-image-preview:large","max-video-preview":"max-video-preview:-1"},"canonical":"https:\/\/ecosupplements.ch\/?product=colostrum-immuno-800mg-60-caps","og_locale":"de_DE","og_type":"article","og_title":"Colostrum Immuno 800mg \u2013 Osavi | ecosupplements.ch","og_description":"Osavi Colostrum Immuno mit 800 mg Colostrum bovinum und 15 mg Zink pro Portion \u2013 60 vegetarische Kapseln zur Unterst\u00fctzung des Immunsystems. Jetzt bestellen.","og_url":"https:\/\/ecosupplements.ch\/?product=colostrum-immuno-800mg-60-caps","og_site_name":"Eco Supplements","article_modified_time":"2026-05-13T07:23:36+00:00","og_image":[{"width":492,"height":750,"url":"https:\/\/ecosupplements.ch\/wp-content\/uploads\/2026\/05\/Colostrum-Immuno-800mg-60-caps.png","type":"image\/png"}],"twitter_card":"summary_large_image","twitter_misc":{"Price":"&#67;&#72;&#70;&nbsp;13.78","Availability":"Out of stock"},"schema":{"@context":"https:\/\/schema.org","@graph":[{"@type":"WebPage","@id":"https:\/\/ecosupplements.ch\/?product=colostrum-immuno-800mg-60-caps","url":"https:\/\/ecosupplements.ch\/?product=colostrum-immuno-800mg-60-caps","name":"Colostrum Immuno 800mg \u2013 Osavi | ecosupplements.ch","isPartOf":{"@id":"https:\/\/ecosupplements.ch\/#website"},"primaryImageOfPage":{"@id":"https:\/\/ecosupplements.ch\/?product=colostrum-immuno-800mg-60-caps#primaryimage"},"image":{"@id":"https:\/\/ecosupplements.ch\/?product=colostrum-immuno-800mg-60-caps#primaryimage"},"thumbnailUrl":"https:\/\/ecosupplements.ch\/wp-content\/uploads\/2026\/05\/Colostrum-Immuno-800mg-60-caps.png","datePublished":"2026-05-11T14:35:54+00:00","dateModified":"2026-05-13T07:23:36+00:00","description":"Osavi Colostrum Immuno mit 800 mg Colostrum bovinum und 15 mg Zink pro Portion \u2013 60 vegetarische Kapseln zur Unterst\u00fctzung des Immunsystems. Jetzt bestellen.","breadcrumb":{"@id":"https:\/\/ecosupplements.ch\/?product=colostrum-immuno-800mg-60-caps#breadcrumb"},"inLanguage":"de-CH","potentialAction":[{"@type":"ReadAction","target":["https:\/\/ecosupplements.ch\/?product=colostrum-immuno-800mg-60-caps"]}]},{"@type":"ImageObject","inLanguage":"de-CH","@id":"https:\/\/ecosupplements.ch\/?product=colostrum-immuno-800mg-60-caps#primaryimage","url":"https:\/\/ecosupplements.ch\/wp-content\/uploads\/2026\/05\/Colostrum-Immuno-800mg-60-caps.png","contentUrl":"https:\/\/ecosupplements.ch\/wp-content\/uploads\/2026\/05\/Colostrum-Immuno-800mg-60-caps.png","width":492,"height":750,"caption":"Colostrum Immuno"},{"@type":"BreadcrumbList","@id":"https:\/\/ecosupplements.ch\/?product=colostrum-immuno-800mg-60-caps#breadcrumb","itemListElement":[{"@type":"ListItem","position":1,"name":"Home","item":"https:\/\/ecosupplements.ch\/"},{"@type":"ListItem","position":2,"name":"Shop","item":"https:\/\/ecosupplements.ch\/?page_id=14"},{"@type":"ListItem","position":3,"name":"Colostrum Immuno, 800mg &#8211; 60 caps"}]},{"@type":"WebSite","@id":"https:\/\/ecosupplements.ch\/#website","url":"https:\/\/ecosupplements.ch\/","name":"Eco Supplements","description":"","potentialAction":[{"@type":"SearchAction","target":{"@type":"EntryPoint","urlTemplate":"https:\/\/ecosupplements.ch\/?s={search_term_string}"},"query-input":{"@type":"PropertyValueSpecification","valueRequired":true,"valueName":"search_term_string"}}],"inLanguage":"de-CH"}]},"product_price_amount":"13.78","product_price_currency":"CHF","og_availability":"out of stock","product_availability":"out of stock","product_retailer_item_id":"5904139920879","product_condition":"new"},"_links":{"self":[{"href":"https:\/\/ecosupplements.ch\/index.php?rest_route=\/wp\/v2\/product\/2364","targetHints":{"allow":["GET"]}}],"collection":[{"href":"https:\/\/ecosupplements.ch\/index.php?rest_route=\/wp\/v2\/product"}],"about":[{"href":"https:\/\/ecosupplements.ch\/index.php?rest_route=\/wp\/v2\/types\/product"}],"replies":[{"embeddable":true,"href":"https:\/\/ecosupplements.ch\/index.php?rest_route=%2Fwp%2Fv2%2Fcomments&post=2364"}],"wp:featuredmedia":[{"embeddable":true,"href":"https:\/\/ecosupplements.ch\/index.php?rest_route=\/wp\/v2\/media\/2365"}],"wp:attachment":[{"href":"https:\/\/ecosupplements.ch\/index.php?rest_route=%2Fwp%2Fv2%2Fmedia&parent=2364"}],"wp:term":[{"taxonomy":"product_brand","embeddable":true,"href":"https:\/\/ecosupplements.ch\/index.php?rest_route=%2Fwp%2Fv2%2Fproduct_brand&post=2364"},{"taxonomy":"product_cat","embeddable":true,"href":"https:\/\/ecosupplements.ch\/index.php?rest_route=%2Fwp%2Fv2%2Fproduct_cat&post=2364"},{"taxonomy":"product_tag","embeddable":true,"href":"https:\/\/ecosupplements.ch\/index.php?rest_route=%2Fwp%2Fv2%2Fproduct_tag&post=2364"}],"curies":[{"name":"wp","href":"https:\/\/api.w.org\/{rel}","templated":true}]}}