{"id":2366,"date":"2026-05-11T14:35:55","date_gmt":"2026-05-11T14:35:55","guid":{"rendered":"https:\/\/ecosupplements.ch\/?product=colostrum-1000mg-120-caps"},"modified":"2026-05-13T07:25:28","modified_gmt":"2026-05-13T07:25:28","slug":"colostrum-1000mg-120-caps","status":"publish","type":"product","link":"https:\/\/ecosupplements.ch\/?product=colostrum-1000mg-120-caps","title":{"rendered":"Colostrum, 1000mg &#8211; 120 caps"},"content":{"rendered":"<div class=\"chcg-product-description\">\n<h2 class=\"chcg-heading\">\u00dcber Osavi \u2013 Colostrum, 1000mg \u2013 120 Kapseln<\/h2>\n<div class=\"chcg-intro\">\n<p>Colostrum bovinum \u2013 auch bekannt als Biestmilch \u2013 ist das n\u00e4hrstoffreiche Erstgemelk von K\u00fchen, das in den ersten Stunden nach der Geburt produziert wird. Es enth\u00e4lt eine einzigartige Kombination aus Immunglobulinen, Wachstumsfaktoren und weiteren bioaktiven Verbindungen, die den K\u00f6rper auf nat\u00fcrliche Weise unterst\u00fctzen k\u00f6nnen. Das Colostrum in diesen Kapseln von Osavi ist auf einen Mindestgehalt von 30 % Immunglobulin G (IgG) standardisiert \u2013 das entspricht mindestens 300 mg IgG pro Tagesdosis.<\/p>\n<p>Jede Tagesdosis liefert 1000 mg Colostrum bovinum in zwei leicht schluckbaren Kapseln aus Hydroxypropylmethylcellulose (HPMC), die sich auch f\u00fcr Vegetarierinnen und Vegetarier eignen. Die Rezeptur enth\u00e4lt zudem Inulin, einen nat\u00fcrlichen Ballaststoff. Jede Packung enth\u00e4lt 120 Kapseln \u2013 das entspricht 60 Tagesdosen.<\/p>\n<p>Osavi steht f\u00fcr transparente Rezepturen und h\u00f6chste Qualit\u00e4tsstandards. Das Produkt wird in der EU nach GMP-Richtlinien hergestellt und ist frei von Gluten \u2013 ideal f\u00fcr Personen, die auf eine gezielte Erg\u00e4nzung ihrer Ern\u00e4hrung mit Colostrum bovinum setzen.<\/p>\n<\/p><\/div>\n<div class=\"chcg-nutrition\">\n<h3>N\u00e4hrwertangaben<\/h3>\n<table class=\"chcg-nutrition-table\">\n<thead>\n<tr>\n<th>N\u00e4hrstoff<\/th>\n<th>Pro Portion (2 Kapseln)<\/th>\n<\/tr>\n<\/thead>\n<tbody>\n<tr>\n<td>Colostrum bovinum<\/td>\n<td>1000 mg<\/td>\n<\/tr>\n<tr>\n<td>\u2013 davon Immunglobulin G (IgG), mind. 30 %<\/td>\n<td>mind. 300 mg<\/td>\n<\/tr>\n<\/tbody>\n<\/table>\n<p class=\"chcg-footnote\">* Kein festgelegter Tagesreferenzwert vorhanden.<\/p>\n<\/p><\/div>\n<div class=\"chcg-ingredients\">\n<h3>Zutaten<\/h3>\n<p>Colostrum bovinum (enth\u00e4lt Milch, Laktose), H\u00fclle (Hydroxypropylmethylcellulose), Inulin.<\/p>\n<p class=\"chcg-capsule-shell\">Kapselh\u00fclle: Hydroxypropylmethylcellulose (HPMC)<\/p>\n<\/p><\/div>\n<div class=\"chcg-dosage\">\n<h3>Verzehrempfehlung<\/h3>\n<p>Empfohlene Tagesdosis: 2 Kapseln morgens vor einer Mahlzeit einnehmen. Portionsgr\u00f6sse: 2 Kapseln. Portionen pro Packung: 60.<\/p>\n<\/p><\/div>\n<div class=\"chcg-warnings\">\n<h3>Warnhinweise<\/h3>\n<p>Die empfohlene Tagesdosis darf nicht \u00fcberschritten werden. Nahrungserg\u00e4nzungsmittel sollten nicht als Ersatz f\u00fcr eine ausgewogene und abwechslungsreiche Ern\u00e4hrung verwendet werden. Eine abwechslungsreiche Ern\u00e4hrung und eine gesunde Lebensweise sind wichtig f\u00fcr den Erhalt der normalen Gesundheit. Ausserhalb der Reichweite von kleinen Kindern aufbewahren.<\/p>\n<\/p><\/div>\n<div class=\"chcg-allergens\">\n<h3>Allergeninformationen<\/h3>\n<p>Enth\u00e4lt Milch, Laktose.<\/p>\n<\/p><\/div>\n<div class=\"chcg-storage\">\n<h3>Lagerung<\/h3>\n<p>An einem dunklen und trockenen Ort bei Raumtemperatur lagern. Ausserhalb der Reichweite von kleinen Kindern aufbewahren.<\/p>\n<\/p><\/div>\n<div class=\"chcg-dietary\">\n<h3>Ern\u00e4hrungshinweise<\/h3>\n<ul>\n<li>Vegetarisch<\/li>\n<li>Glutenfrei<\/li>\n<\/ul><\/div>\n<\/div>\n","protected":false},"excerpt":{"rendered":"<p>Osavi Colostrum liefert 1000 mg Colostrum bovinum pro Tagesdosis, standardisiert auf mind. 30 % IgG. 120 vegetarische Kapseln \u2013 glutenfrei. Enth\u00e4lt Milch und Laktose.<\/p>\n","protected":false},"featured_media":2367,"comment_status":"closed","ping_status":"open","template":"","meta":[],"product_brand":[219],"product_cat":[48,25,98],"product_tag":[],"class_list":{"0":"post-2366","1":"product","2":"type-product","3":"status-publish","4":"has-post-thumbnail","6":"product_brand-osavi","7":"product_cat-gesunde-ernaehrung","8":"product_cat-gesundheit-und-wohlbefinden","9":"product_cat-vitalitaet","11":"first","12":"outofstock","13":"taxable","14":"shipping-taxable","15":"purchasable","16":"product-type-simple"},"yoast_head":"<!-- This site is optimized with the Yoast SEO plugin v27.5 - https:\/\/yoast.com\/product\/yoast-seo-wordpress\/ -->\n<title>Colostrum 1000mg \u2013 Osavi | ecosupplements.ch<\/title>\n<meta name=\"description\" content=\"Osavi Colostrum 1000mg \u2013 120 Kapseln mit mind. 30 % Immunglobulin G pro Tagesdosis, vegetarisch und glutenfrei. Jetzt bestellen.\" \/>\n<meta name=\"robots\" content=\"index, follow, max-snippet:-1, max-image-preview:large, max-video-preview:-1\" \/>\n<link rel=\"canonical\" href=\"https:\/\/ecosupplements.ch\/?product=colostrum-1000mg-120-caps\" \/>\n<meta property=\"og:locale\" content=\"de_DE\" \/>\n<meta property=\"og:type\" content=\"article\" \/>\n<meta property=\"og:title\" content=\"Colostrum 1000mg \u2013 Osavi | ecosupplements.ch\" \/>\n<meta property=\"og:description\" content=\"Osavi Colostrum 1000mg \u2013 120 Kapseln mit mind. 30 % Immunglobulin G pro Tagesdosis, vegetarisch und glutenfrei. Jetzt bestellen.\" \/>\n<meta property=\"og:url\" content=\"https:\/\/ecosupplements.ch\/?product=colostrum-1000mg-120-caps\" \/>\n<meta property=\"og:site_name\" content=\"Eco Supplements\" \/>\n<meta property=\"article:modified_time\" content=\"2026-05-13T07:25:28+00:00\" \/>\n<meta property=\"og:image\" content=\"https:\/\/ecosupplements.ch\/wp-content\/uploads\/2026\/05\/Colostrum-1000mg-120-caps.png\" \/>\n\t<meta property=\"og:image:width\" content=\"490\" \/>\n\t<meta property=\"og:image:height\" content=\"750\" \/>\n\t<meta property=\"og:image:type\" content=\"image\/png\" \/>\n<meta name=\"twitter:card\" content=\"summary_large_image\" \/>\n<meta name=\"twitter:label1\" content=\"Price\" \/>\n\t<meta name=\"twitter:data1\" content=\"&#067;&#072;&#070;&nbsp;26.34\" \/>\n\t<meta name=\"twitter:label2\" content=\"Availability\" \/>\n\t<meta name=\"twitter:data2\" content=\"Out of stock\" \/>\n<script type=\"application\/ld+json\" class=\"yoast-schema-graph\">{\"@context\":\"https:\\\/\\\/schema.org\",\"@graph\":[{\"@type\":\"WebPage\",\"@id\":\"https:\\\/\\\/ecosupplements.ch\\\/?product=colostrum-1000mg-120-caps\",\"url\":\"https:\\\/\\\/ecosupplements.ch\\\/?product=colostrum-1000mg-120-caps\",\"name\":\"Colostrum 1000mg \u2013 Osavi | ecosupplements.ch\",\"isPartOf\":{\"@id\":\"https:\\\/\\\/ecosupplements.ch\\\/#website\"},\"primaryImageOfPage\":{\"@id\":\"https:\\\/\\\/ecosupplements.ch\\\/?product=colostrum-1000mg-120-caps#primaryimage\"},\"image\":{\"@id\":\"https:\\\/\\\/ecosupplements.ch\\\/?product=colostrum-1000mg-120-caps#primaryimage\"},\"thumbnailUrl\":\"https:\\\/\\\/ecosupplements.ch\\\/wp-content\\\/uploads\\\/2026\\\/05\\\/Colostrum-1000mg-120-caps.png\",\"datePublished\":\"2026-05-11T14:35:55+00:00\",\"dateModified\":\"2026-05-13T07:25:28+00:00\",\"description\":\"Osavi Colostrum 1000mg \u2013 120 Kapseln mit mind. 30 % Immunglobulin G pro Tagesdosis, vegetarisch und glutenfrei. Jetzt bestellen.\",\"breadcrumb\":{\"@id\":\"https:\\\/\\\/ecosupplements.ch\\\/?product=colostrum-1000mg-120-caps#breadcrumb\"},\"inLanguage\":\"de-CH\",\"potentialAction\":[{\"@type\":\"ReadAction\",\"target\":[\"https:\\\/\\\/ecosupplements.ch\\\/?product=colostrum-1000mg-120-caps\"]}]},{\"@type\":\"ImageObject\",\"inLanguage\":\"de-CH\",\"@id\":\"https:\\\/\\\/ecosupplements.ch\\\/?product=colostrum-1000mg-120-caps#primaryimage\",\"url\":\"https:\\\/\\\/ecosupplements.ch\\\/wp-content\\\/uploads\\\/2026\\\/05\\\/Colostrum-1000mg-120-caps.png\",\"contentUrl\":\"https:\\\/\\\/ecosupplements.ch\\\/wp-content\\\/uploads\\\/2026\\\/05\\\/Colostrum-1000mg-120-caps.png\",\"width\":490,\"height\":750,\"caption\":\"Colostrum\"},{\"@type\":\"BreadcrumbList\",\"@id\":\"https:\\\/\\\/ecosupplements.ch\\\/?product=colostrum-1000mg-120-caps#breadcrumb\",\"itemListElement\":[{\"@type\":\"ListItem\",\"position\":1,\"name\":\"Home\",\"item\":\"https:\\\/\\\/ecosupplements.ch\\\/\"},{\"@type\":\"ListItem\",\"position\":2,\"name\":\"Shop\",\"item\":\"https:\\\/\\\/ecosupplements.ch\\\/?page_id=14\"},{\"@type\":\"ListItem\",\"position\":3,\"name\":\"Colostrum, 1000mg &#8211; 120 caps\"}]},{\"@type\":\"WebSite\",\"@id\":\"https:\\\/\\\/ecosupplements.ch\\\/#website\",\"url\":\"https:\\\/\\\/ecosupplements.ch\\\/\",\"name\":\"Eco Supplements\",\"description\":\"\",\"potentialAction\":[{\"@type\":\"SearchAction\",\"target\":{\"@type\":\"EntryPoint\",\"urlTemplate\":\"https:\\\/\\\/ecosupplements.ch\\\/?s={search_term_string}\"},\"query-input\":{\"@type\":\"PropertyValueSpecification\",\"valueRequired\":true,\"valueName\":\"search_term_string\"}}],\"inLanguage\":\"de-CH\"}]}<\/script>\n<meta property=\"product:price:amount\" content=\"26.34\" \/>\n<meta property=\"product:price:currency\" content=\"CHF\" \/>\n<meta property=\"og:availability\" content=\"out of stock\" \/>\n<meta property=\"product:availability\" content=\"out of stock\" \/>\n<meta property=\"product:retailer_item_id\" content=\"5904139923566\" \/>\n<meta property=\"product:condition\" content=\"new\" \/>\n<!-- \/ Yoast SEO plugin. -->","yoast_head_json":{"title":"Colostrum 1000mg \u2013 Osavi | ecosupplements.ch","description":"Osavi Colostrum 1000mg \u2013 120 Kapseln mit mind. 30 % Immunglobulin G pro Tagesdosis, vegetarisch und glutenfrei. Jetzt bestellen.","robots":{"index":"index","follow":"follow","max-snippet":"max-snippet:-1","max-image-preview":"max-image-preview:large","max-video-preview":"max-video-preview:-1"},"canonical":"https:\/\/ecosupplements.ch\/?product=colostrum-1000mg-120-caps","og_locale":"de_DE","og_type":"article","og_title":"Colostrum 1000mg \u2013 Osavi | ecosupplements.ch","og_description":"Osavi Colostrum 1000mg \u2013 120 Kapseln mit mind. 30 % Immunglobulin G pro Tagesdosis, vegetarisch und glutenfrei. Jetzt bestellen.","og_url":"https:\/\/ecosupplements.ch\/?product=colostrum-1000mg-120-caps","og_site_name":"Eco Supplements","article_modified_time":"2026-05-13T07:25:28+00:00","og_image":[{"width":490,"height":750,"url":"https:\/\/ecosupplements.ch\/wp-content\/uploads\/2026\/05\/Colostrum-1000mg-120-caps.png","type":"image\/png"}],"twitter_card":"summary_large_image","twitter_misc":{"Price":"&#67;&#72;&#70;&nbsp;26.34","Availability":"Out of stock"},"schema":{"@context":"https:\/\/schema.org","@graph":[{"@type":"WebPage","@id":"https:\/\/ecosupplements.ch\/?product=colostrum-1000mg-120-caps","url":"https:\/\/ecosupplements.ch\/?product=colostrum-1000mg-120-caps","name":"Colostrum 1000mg \u2013 Osavi | ecosupplements.ch","isPartOf":{"@id":"https:\/\/ecosupplements.ch\/#website"},"primaryImageOfPage":{"@id":"https:\/\/ecosupplements.ch\/?product=colostrum-1000mg-120-caps#primaryimage"},"image":{"@id":"https:\/\/ecosupplements.ch\/?product=colostrum-1000mg-120-caps#primaryimage"},"thumbnailUrl":"https:\/\/ecosupplements.ch\/wp-content\/uploads\/2026\/05\/Colostrum-1000mg-120-caps.png","datePublished":"2026-05-11T14:35:55+00:00","dateModified":"2026-05-13T07:25:28+00:00","description":"Osavi Colostrum 1000mg \u2013 120 Kapseln mit mind. 30 % Immunglobulin G pro Tagesdosis, vegetarisch und glutenfrei. Jetzt bestellen.","breadcrumb":{"@id":"https:\/\/ecosupplements.ch\/?product=colostrum-1000mg-120-caps#breadcrumb"},"inLanguage":"de-CH","potentialAction":[{"@type":"ReadAction","target":["https:\/\/ecosupplements.ch\/?product=colostrum-1000mg-120-caps"]}]},{"@type":"ImageObject","inLanguage":"de-CH","@id":"https:\/\/ecosupplements.ch\/?product=colostrum-1000mg-120-caps#primaryimage","url":"https:\/\/ecosupplements.ch\/wp-content\/uploads\/2026\/05\/Colostrum-1000mg-120-caps.png","contentUrl":"https:\/\/ecosupplements.ch\/wp-content\/uploads\/2026\/05\/Colostrum-1000mg-120-caps.png","width":490,"height":750,"caption":"Colostrum"},{"@type":"BreadcrumbList","@id":"https:\/\/ecosupplements.ch\/?product=colostrum-1000mg-120-caps#breadcrumb","itemListElement":[{"@type":"ListItem","position":1,"name":"Home","item":"https:\/\/ecosupplements.ch\/"},{"@type":"ListItem","position":2,"name":"Shop","item":"https:\/\/ecosupplements.ch\/?page_id=14"},{"@type":"ListItem","position":3,"name":"Colostrum, 1000mg &#8211; 120 caps"}]},{"@type":"WebSite","@id":"https:\/\/ecosupplements.ch\/#website","url":"https:\/\/ecosupplements.ch\/","name":"Eco Supplements","description":"","potentialAction":[{"@type":"SearchAction","target":{"@type":"EntryPoint","urlTemplate":"https:\/\/ecosupplements.ch\/?s={search_term_string}"},"query-input":{"@type":"PropertyValueSpecification","valueRequired":true,"valueName":"search_term_string"}}],"inLanguage":"de-CH"}]},"product_price_amount":"26.34","product_price_currency":"CHF","og_availability":"out of stock","product_availability":"out of stock","product_retailer_item_id":"5904139923566","product_condition":"new"},"_links":{"self":[{"href":"https:\/\/ecosupplements.ch\/index.php?rest_route=\/wp\/v2\/product\/2366","targetHints":{"allow":["GET"]}}],"collection":[{"href":"https:\/\/ecosupplements.ch\/index.php?rest_route=\/wp\/v2\/product"}],"about":[{"href":"https:\/\/ecosupplements.ch\/index.php?rest_route=\/wp\/v2\/types\/product"}],"replies":[{"embeddable":true,"href":"https:\/\/ecosupplements.ch\/index.php?rest_route=%2Fwp%2Fv2%2Fcomments&post=2366"}],"wp:featuredmedia":[{"embeddable":true,"href":"https:\/\/ecosupplements.ch\/index.php?rest_route=\/wp\/v2\/media\/2367"}],"wp:attachment":[{"href":"https:\/\/ecosupplements.ch\/index.php?rest_route=%2Fwp%2Fv2%2Fmedia&parent=2366"}],"wp:term":[{"taxonomy":"product_brand","embeddable":true,"href":"https:\/\/ecosupplements.ch\/index.php?rest_route=%2Fwp%2Fv2%2Fproduct_brand&post=2366"},{"taxonomy":"product_cat","embeddable":true,"href":"https:\/\/ecosupplements.ch\/index.php?rest_route=%2Fwp%2Fv2%2Fproduct_cat&post=2366"},{"taxonomy":"product_tag","embeddable":true,"href":"https:\/\/ecosupplements.ch\/index.php?rest_route=%2Fwp%2Fv2%2Fproduct_tag&post=2366"}],"curies":[{"name":"wp","href":"https:\/\/api.w.org\/{rel}","templated":true}]}}