{"id":2368,"date":"2026-05-11T14:35:56","date_gmt":"2026-05-11T14:35:56","guid":{"rendered":"https:\/\/ecosupplements.ch\/?product=cordyceps-1200mg-120-vegan-caps"},"modified":"2026-05-13T07:25:28","modified_gmt":"2026-05-13T07:25:28","slug":"cordyceps-1200mg-120-vegan-caps","status":"publish","type":"product","link":"https:\/\/ecosupplements.ch\/?product=cordyceps-1200mg-120-vegan-caps","title":{"rendered":"Cordyceps, 1200mg &#8211; 120 vegan caps"},"content":{"rendered":"<div class=\"chcg-product-description\">\n<h2 class=\"chcg-heading\">\u00dcber Osavi \u2013 Cordyceps, 1200mg \u2013 120 vegane Kapseln<\/h2>\n<div class=\"chcg-intro\">\n<p>Cordyceps sinensis ist ein traditioneller Vitalpilz, der seit Jahrhunderten in der asiatischen Gesundheitstradition gesch\u00e4tzt wird. Das Osavi Cordyceps-Pr\u00e4parat liefert pro Tagesportion 1200 mg eines standardisierten Myzelextrakts (DER 3:1) mit einem garantierten Gehalt von mindestens 7 % Cordycepins\u00e4ure (84 mg) \u2013 einem charakteristischen Wirkstoff dieses Pilzes. Dank des Extraktverh\u00e4ltnisses von 3:1 entspricht jede Tagesdosis dem Wirkstoffgehalt von 3600 mg getrocknetem Cordyceps-Myzel.<\/p>\n<p>Die Formulierung von Osavi setzt auf hohe Reinheit und eine transparente Deklaration: Jede vegane Kapsel enth\u00e4lt ausschliesslich den standardisierten Cordyceps-Extrakt sowie Inulin als nat\u00fcrliche F\u00fcllsubstanz. Das Produkt ist frei von Gluten, Laktose, Soja und gentechnisch ver\u00e4nderten Organismen und eignet sich sowohl f\u00fcr vegane als auch f\u00fcr vegetarische Ern\u00e4hrungsweisen.<\/p>\n<p>Mit 120 veganen Kapseln pro Packung \u2013 aufgeteilt in eine Morgen- und eine Abenddosis \u2013 bietet Osavi Cordyceps eine bequeme und alltagstaugliche Anwendung f\u00fcr alle, die ihren Lebensstil mit einem hochwertigen Pilzextrakt erg\u00e4nzen m\u00f6chten.<\/p>\n<\/p><\/div>\n<div class=\"chcg-nutrition\">\n<h3>N\u00e4hrwertangaben<\/h3>\n<table class=\"chcg-nutrition-table\">\n<thead>\n<tr>\n<th>N\u00e4hrstoff<\/th>\n<th>Pro Portion (2 Kapseln)<\/th>\n<\/tr>\n<\/thead>\n<tbody>\n<tr>\n<td>Energie<\/td>\n<td>3 kcal<\/td>\n<\/tr>\n<tr>\n<td>Cordyceps (<em>Cordyceps sinensis<\/em>) Myzelextrakt, DER 3:1<\/td>\n<td>1200 mg<\/td>\n<\/tr>\n<tr>\n<td>\u2013 davon Cordycepins\u00e4ure (min. 7 %)<\/td>\n<td>84 mg<\/td>\n<\/tr>\n<\/tbody>\n<\/table>\n<p class=\"chcg-footnote\">* Kein festgelegter Tagesbedarf.<\/p>\n<\/p><\/div>\n<div class=\"chcg-ingredients\">\n<h3>Zutaten<\/h3>\n<p>Cordyceps (<em>Cordyceps sinensis<\/em>) Myzelextrakt, DER 3:1 (standardisiert auf min. 7 % Cordycepins\u00e4ure), Cordyceps-Myzelextrakt (<em>Cordyceps sinensis<\/em>), H\u00fclle (Hydroxypropylmethylcellulose), Inulin.<\/p>\n<p class=\"chcg-capsule-shell\">Kapselh\u00fclle: Hydroxypropylmethylcellulose (HPMC) \u2013 vegane Kapselh\u00fclle<\/p>\n<\/p><\/div>\n<div class=\"chcg-dosage\">\n<h3>Verzehrempfehlung<\/h3>\n<p>2 Kapseln t\u00e4glich (1 am Morgen, 1 am Abend, jeweils nach einer Mahlzeit). Jede Tagesportion von 2 Kapseln liefert 1200 mg Cordyceps-sinensis-Myzelextrakt, DER 3:1, standardisiert auf min. 7 % Cordycepins\u00e4ure (84 mg). Dies entspricht 3600 mg getrocknetem Cordyceps-Myzel pro Tagesportion.<\/p>\n<\/p><\/div>\n<div class=\"chcg-warnings\">\n<h3>Warnhinweise<\/h3>\n<p>Die empfohlene Tagesdosis darf nicht \u00fcberschritten werden. Nicht f\u00fcr Kinder sowie nicht w\u00e4hrend der Schwangerschaft und Stillzeit verwenden. Nahrungserg\u00e4nzungsmittel sind kein Ersatz f\u00fcr eine ausgewogene und abwechslungsreiche Ern\u00e4hrung. Eine abwechslungsreiche Ern\u00e4hrung und eine gesunde Lebensweise sind wichtig f\u00fcr die Erhaltung der normalen Gesundheit.<\/p>\n<\/p><\/div>\n<div class=\"chcg-allergens\">\n<h3>Allergeninformationen<\/h3>\n<p>Frei von Gluten, Laktose, Soja und gentechnisch ver\u00e4nderten Organismen (GVO). Keine k\u00fcnstlichen Zusatzstoffe.<\/p>\n<\/p><\/div>\n<div class=\"chcg-storage\">\n<h3>Lagerung<\/h3>\n<p>An einem dunklen und trockenen Ort bei Raumtemperatur lagern. Ausserhalb der Reichweite von Kindern aufbewahren.<\/p>\n<\/p><\/div>\n<div class=\"chcg-dietary\">\n<h3>Ern\u00e4hrungshinweise<\/h3>\n<ul>\n<li>Vegan<\/li>\n<li>Vegetarisch<\/li>\n<li>Glutenfrei<\/li>\n<li>Laktosefrei<\/li>\n<\/ul><\/div>\n<\/div>\n","protected":false},"excerpt":{"rendered":"<p>Osavi Cordyceps liefert 1200 mg standardisierten Cordyceps-sinensis-Myzelextrakt (DER 3:1) pro Tagesportion \u2013 in 120 veganen Kapseln, frei von Gluten, Laktose und Soja.<\/p>\n","protected":false},"featured_media":2369,"comment_status":"closed","ping_status":"open","template":"","meta":[],"product_brand":[219],"product_cat":[48,25,22],"product_tag":[],"class_list":{"0":"post-2368","1":"product","2":"type-product","3":"status-publish","4":"has-post-thumbnail","6":"product_brand-osavi","7":"product_cat-gesunde-ernaehrung","8":"product_cat-gesundheit-und-wohlbefinden","9":"product_cat-vegane-produkte","11":"first","12":"outofstock","13":"taxable","14":"shipping-taxable","15":"purchasable","16":"product-type-simple"},"yoast_head":"<!-- This site is optimized with the Yoast SEO plugin v27.5 - https:\/\/yoast.com\/product\/yoast-seo-wordpress\/ -->\n<title>Cordyceps 1200mg \u2013 120 vegane Kapseln \u2013 Osavi | ecosupplements.ch<\/title>\n<meta name=\"description\" content=\"Osavi Cordyceps 1200mg \u2013 120 vegane Kapseln mit standardisiertem Myzelextrakt (DER 3:1), vegan, glutenfrei, ohne Soja. Jetzt bestellen.\" \/>\n<meta name=\"robots\" content=\"index, follow, max-snippet:-1, max-image-preview:large, max-video-preview:-1\" \/>\n<link rel=\"canonical\" href=\"https:\/\/ecosupplements.ch\/?product=cordyceps-1200mg-120-vegan-caps\" \/>\n<meta property=\"og:locale\" content=\"de_DE\" \/>\n<meta property=\"og:type\" content=\"article\" \/>\n<meta property=\"og:title\" content=\"Cordyceps 1200mg \u2013 120 vegane Kapseln \u2013 Osavi | ecosupplements.ch\" \/>\n<meta property=\"og:description\" content=\"Osavi Cordyceps 1200mg \u2013 120 vegane Kapseln mit standardisiertem Myzelextrakt (DER 3:1), vegan, glutenfrei, ohne Soja. Jetzt bestellen.\" \/>\n<meta property=\"og:url\" content=\"https:\/\/ecosupplements.ch\/?product=cordyceps-1200mg-120-vegan-caps\" \/>\n<meta property=\"og:site_name\" content=\"Eco Supplements\" \/>\n<meta property=\"article:modified_time\" content=\"2026-05-13T07:25:28+00:00\" \/>\n<meta property=\"og:image\" content=\"https:\/\/ecosupplements.ch\/wp-content\/uploads\/2026\/05\/Cordyceps-1200mg-120-vegan-caps.png\" \/>\n\t<meta property=\"og:image:width\" content=\"464\" \/>\n\t<meta property=\"og:image:height\" content=\"750\" \/>\n\t<meta property=\"og:image:type\" content=\"image\/png\" \/>\n<meta name=\"twitter:card\" content=\"summary_large_image\" \/>\n<meta name=\"twitter:label1\" content=\"Price\" \/>\n\t<meta name=\"twitter:data1\" content=\"&#067;&#072;&#070;&nbsp;19.07\" \/>\n\t<meta name=\"twitter:label2\" content=\"Availability\" \/>\n\t<meta name=\"twitter:data2\" content=\"Out of stock\" \/>\n<script type=\"application\/ld+json\" class=\"yoast-schema-graph\">{\"@context\":\"https:\\\/\\\/schema.org\",\"@graph\":[{\"@type\":\"WebPage\",\"@id\":\"https:\\\/\\\/ecosupplements.ch\\\/?product=cordyceps-1200mg-120-vegan-caps\",\"url\":\"https:\\\/\\\/ecosupplements.ch\\\/?product=cordyceps-1200mg-120-vegan-caps\",\"name\":\"Cordyceps 1200mg \u2013 120 vegane Kapseln \u2013 Osavi | ecosupplements.ch\",\"isPartOf\":{\"@id\":\"https:\\\/\\\/ecosupplements.ch\\\/#website\"},\"primaryImageOfPage\":{\"@id\":\"https:\\\/\\\/ecosupplements.ch\\\/?product=cordyceps-1200mg-120-vegan-caps#primaryimage\"},\"image\":{\"@id\":\"https:\\\/\\\/ecosupplements.ch\\\/?product=cordyceps-1200mg-120-vegan-caps#primaryimage\"},\"thumbnailUrl\":\"https:\\\/\\\/ecosupplements.ch\\\/wp-content\\\/uploads\\\/2026\\\/05\\\/Cordyceps-1200mg-120-vegan-caps.png\",\"datePublished\":\"2026-05-11T14:35:56+00:00\",\"dateModified\":\"2026-05-13T07:25:28+00:00\",\"description\":\"Osavi Cordyceps 1200mg \u2013 120 vegane Kapseln mit standardisiertem Myzelextrakt (DER 3:1), vegan, glutenfrei, ohne Soja. Jetzt bestellen.\",\"breadcrumb\":{\"@id\":\"https:\\\/\\\/ecosupplements.ch\\\/?product=cordyceps-1200mg-120-vegan-caps#breadcrumb\"},\"inLanguage\":\"de-CH\",\"potentialAction\":[{\"@type\":\"ReadAction\",\"target\":[\"https:\\\/\\\/ecosupplements.ch\\\/?product=cordyceps-1200mg-120-vegan-caps\"]}]},{\"@type\":\"ImageObject\",\"inLanguage\":\"de-CH\",\"@id\":\"https:\\\/\\\/ecosupplements.ch\\\/?product=cordyceps-1200mg-120-vegan-caps#primaryimage\",\"url\":\"https:\\\/\\\/ecosupplements.ch\\\/wp-content\\\/uploads\\\/2026\\\/05\\\/Cordyceps-1200mg-120-vegan-caps.png\",\"contentUrl\":\"https:\\\/\\\/ecosupplements.ch\\\/wp-content\\\/uploads\\\/2026\\\/05\\\/Cordyceps-1200mg-120-vegan-caps.png\",\"width\":464,\"height\":750,\"caption\":\"Cordyceps\"},{\"@type\":\"BreadcrumbList\",\"@id\":\"https:\\\/\\\/ecosupplements.ch\\\/?product=cordyceps-1200mg-120-vegan-caps#breadcrumb\",\"itemListElement\":[{\"@type\":\"ListItem\",\"position\":1,\"name\":\"Home\",\"item\":\"https:\\\/\\\/ecosupplements.ch\\\/\"},{\"@type\":\"ListItem\",\"position\":2,\"name\":\"Shop\",\"item\":\"https:\\\/\\\/ecosupplements.ch\\\/?page_id=14\"},{\"@type\":\"ListItem\",\"position\":3,\"name\":\"Cordyceps, 1200mg &#8211; 120 vegan caps\"}]},{\"@type\":\"WebSite\",\"@id\":\"https:\\\/\\\/ecosupplements.ch\\\/#website\",\"url\":\"https:\\\/\\\/ecosupplements.ch\\\/\",\"name\":\"Eco Supplements\",\"description\":\"\",\"potentialAction\":[{\"@type\":\"SearchAction\",\"target\":{\"@type\":\"EntryPoint\",\"urlTemplate\":\"https:\\\/\\\/ecosupplements.ch\\\/?s={search_term_string}\"},\"query-input\":{\"@type\":\"PropertyValueSpecification\",\"valueRequired\":true,\"valueName\":\"search_term_string\"}}],\"inLanguage\":\"de-CH\"}]}<\/script>\n<meta property=\"product:price:amount\" content=\"19.07\" \/>\n<meta property=\"product:price:currency\" content=\"CHF\" \/>\n<meta property=\"og:availability\" content=\"out of stock\" \/>\n<meta property=\"product:availability\" content=\"out of stock\" \/>\n<meta property=\"product:retailer_item_id\" content=\"5904139921555\" \/>\n<meta property=\"product:condition\" content=\"new\" \/>\n<!-- \/ Yoast SEO plugin. -->","yoast_head_json":{"title":"Cordyceps 1200mg \u2013 120 vegane Kapseln \u2013 Osavi | ecosupplements.ch","description":"Osavi Cordyceps 1200mg \u2013 120 vegane Kapseln mit standardisiertem Myzelextrakt (DER 3:1), vegan, glutenfrei, ohne Soja. Jetzt bestellen.","robots":{"index":"index","follow":"follow","max-snippet":"max-snippet:-1","max-image-preview":"max-image-preview:large","max-video-preview":"max-video-preview:-1"},"canonical":"https:\/\/ecosupplements.ch\/?product=cordyceps-1200mg-120-vegan-caps","og_locale":"de_DE","og_type":"article","og_title":"Cordyceps 1200mg \u2013 120 vegane Kapseln \u2013 Osavi | ecosupplements.ch","og_description":"Osavi Cordyceps 1200mg \u2013 120 vegane Kapseln mit standardisiertem Myzelextrakt (DER 3:1), vegan, glutenfrei, ohne Soja. Jetzt bestellen.","og_url":"https:\/\/ecosupplements.ch\/?product=cordyceps-1200mg-120-vegan-caps","og_site_name":"Eco Supplements","article_modified_time":"2026-05-13T07:25:28+00:00","og_image":[{"width":464,"height":750,"url":"https:\/\/ecosupplements.ch\/wp-content\/uploads\/2026\/05\/Cordyceps-1200mg-120-vegan-caps.png","type":"image\/png"}],"twitter_card":"summary_large_image","twitter_misc":{"Price":"&#67;&#72;&#70;&nbsp;19.07","Availability":"Out of stock"},"schema":{"@context":"https:\/\/schema.org","@graph":[{"@type":"WebPage","@id":"https:\/\/ecosupplements.ch\/?product=cordyceps-1200mg-120-vegan-caps","url":"https:\/\/ecosupplements.ch\/?product=cordyceps-1200mg-120-vegan-caps","name":"Cordyceps 1200mg \u2013 120 vegane Kapseln \u2013 Osavi | ecosupplements.ch","isPartOf":{"@id":"https:\/\/ecosupplements.ch\/#website"},"primaryImageOfPage":{"@id":"https:\/\/ecosupplements.ch\/?product=cordyceps-1200mg-120-vegan-caps#primaryimage"},"image":{"@id":"https:\/\/ecosupplements.ch\/?product=cordyceps-1200mg-120-vegan-caps#primaryimage"},"thumbnailUrl":"https:\/\/ecosupplements.ch\/wp-content\/uploads\/2026\/05\/Cordyceps-1200mg-120-vegan-caps.png","datePublished":"2026-05-11T14:35:56+00:00","dateModified":"2026-05-13T07:25:28+00:00","description":"Osavi Cordyceps 1200mg \u2013 120 vegane Kapseln mit standardisiertem Myzelextrakt (DER 3:1), vegan, glutenfrei, ohne Soja. Jetzt bestellen.","breadcrumb":{"@id":"https:\/\/ecosupplements.ch\/?product=cordyceps-1200mg-120-vegan-caps#breadcrumb"},"inLanguage":"de-CH","potentialAction":[{"@type":"ReadAction","target":["https:\/\/ecosupplements.ch\/?product=cordyceps-1200mg-120-vegan-caps"]}]},{"@type":"ImageObject","inLanguage":"de-CH","@id":"https:\/\/ecosupplements.ch\/?product=cordyceps-1200mg-120-vegan-caps#primaryimage","url":"https:\/\/ecosupplements.ch\/wp-content\/uploads\/2026\/05\/Cordyceps-1200mg-120-vegan-caps.png","contentUrl":"https:\/\/ecosupplements.ch\/wp-content\/uploads\/2026\/05\/Cordyceps-1200mg-120-vegan-caps.png","width":464,"height":750,"caption":"Cordyceps"},{"@type":"BreadcrumbList","@id":"https:\/\/ecosupplements.ch\/?product=cordyceps-1200mg-120-vegan-caps#breadcrumb","itemListElement":[{"@type":"ListItem","position":1,"name":"Home","item":"https:\/\/ecosupplements.ch\/"},{"@type":"ListItem","position":2,"name":"Shop","item":"https:\/\/ecosupplements.ch\/?page_id=14"},{"@type":"ListItem","position":3,"name":"Cordyceps, 1200mg &#8211; 120 vegan caps"}]},{"@type":"WebSite","@id":"https:\/\/ecosupplements.ch\/#website","url":"https:\/\/ecosupplements.ch\/","name":"Eco Supplements","description":"","potentialAction":[{"@type":"SearchAction","target":{"@type":"EntryPoint","urlTemplate":"https:\/\/ecosupplements.ch\/?s={search_term_string}"},"query-input":{"@type":"PropertyValueSpecification","valueRequired":true,"valueName":"search_term_string"}}],"inLanguage":"de-CH"}]},"product_price_amount":"19.07","product_price_currency":"CHF","og_availability":"out of stock","product_availability":"out of stock","product_retailer_item_id":"5904139921555","product_condition":"new"},"_links":{"self":[{"href":"https:\/\/ecosupplements.ch\/index.php?rest_route=\/wp\/v2\/product\/2368","targetHints":{"allow":["GET"]}}],"collection":[{"href":"https:\/\/ecosupplements.ch\/index.php?rest_route=\/wp\/v2\/product"}],"about":[{"href":"https:\/\/ecosupplements.ch\/index.php?rest_route=\/wp\/v2\/types\/product"}],"replies":[{"embeddable":true,"href":"https:\/\/ecosupplements.ch\/index.php?rest_route=%2Fwp%2Fv2%2Fcomments&post=2368"}],"wp:featuredmedia":[{"embeddable":true,"href":"https:\/\/ecosupplements.ch\/index.php?rest_route=\/wp\/v2\/media\/2369"}],"wp:attachment":[{"href":"https:\/\/ecosupplements.ch\/index.php?rest_route=%2Fwp%2Fv2%2Fmedia&parent=2368"}],"wp:term":[{"taxonomy":"product_brand","embeddable":true,"href":"https:\/\/ecosupplements.ch\/index.php?rest_route=%2Fwp%2Fv2%2Fproduct_brand&post=2368"},{"taxonomy":"product_cat","embeddable":true,"href":"https:\/\/ecosupplements.ch\/index.php?rest_route=%2Fwp%2Fv2%2Fproduct_cat&post=2368"},{"taxonomy":"product_tag","embeddable":true,"href":"https:\/\/ecosupplements.ch\/index.php?rest_route=%2Fwp%2Fv2%2Fproduct_tag&post=2368"}],"curies":[{"name":"wp","href":"https:\/\/api.w.org\/{rel}","templated":true}]}}