{"id":2374,"date":"2026-05-11T14:35:58","date_gmt":"2026-05-11T14:35:58","guid":{"rendered":"https:\/\/ecosupplements.ch\/?product=glycine-1000mg-120-vegan-caps"},"modified":"2026-05-13T07:24:58","modified_gmt":"2026-05-13T07:24:58","slug":"glycine-1000mg-120-vegan-caps","status":"publish","type":"product","link":"https:\/\/ecosupplements.ch\/?product=glycine-1000mg-120-vegan-caps","title":{"rendered":"Glycine, 1000mg &#8211; 120 vegan caps"},"content":{"rendered":"<div class=\"chcg-product-description\">\n<h2 class=\"chcg-heading\">\u00dcber Osavi \u2013 Glycine, 1000mg \u2013 120 vegane Kapseln<\/h2>\n<div class=\"chcg-intro\">\n<p>Glycin (L-Glycin) ist eine nicht-essentielle Aminos\u00e4ure, die im menschlichen K\u00f6rper vielf\u00e4ltige Aufgaben erf\u00fcllt. Sie ist ein wichtiger Baustein f\u00fcr Proteine und Enzyme und spielt eine zentrale Rolle im Stoffwechsel. Osavi liefert mit dieser hochwertigen Formel 3000 mg L-Glycin pro Tagesportion \u2013 in praktischer veganer Kapselform.<\/p>\n<p>Glycin wird in der Wissenschaft intensiv erforscht, unter anderem im Zusammenhang mit der Schlafqualit\u00e4t und der Erholung nach k\u00f6rperlicher Belastung. Die Einnahme einer Stunde vor dem Schlafengehen entspricht einer g\u00e4ngigen Empfehlung, die in zahlreichen Studien angewendet wurde.<\/p>\n<p>Das Produkt von Osavi ist frei von Gluten und Laktose, rein pflanzlich und damit f\u00fcr vegane und vegetarische Ern\u00e4hrungsweisen geeignet. Die Kapselh\u00fclle besteht aus HPMC (Hydroxypropylmethylcellulose) \u2013 ohne tierische Inhaltsstoffe.<\/p>\n<\/p><\/div>\n<div class=\"chcg-nutrition\">\n<h3>N\u00e4hrwertangaben<\/h3>\n<table class=\"chcg-nutrition-table\">\n<thead>\n<tr>\n<th>N\u00e4hrstoff<\/th>\n<th>Pro Portion (3 Kapseln)<\/th>\n<\/tr>\n<\/thead>\n<tbody>\n<tr>\n<td>L-Glycin<\/td>\n<td>3000 mg*<\/td>\n<\/tr>\n<\/tbody>\n<\/table>\n<p class=\"chcg-footnote\">* Kein N\u00e4hrstoffreferenzwert (NRV) festgelegt.<\/p>\n<\/p><\/div>\n<div class=\"chcg-ingredients\">\n<h3>Zutaten<\/h3>\n<p>L-Glycin, H\u00fclle (Hydroxypropylmethylcellulose), Inulin.<\/p>\n<p class=\"chcg-capsule-shell\">Kapselh\u00fclle: Hydroxypropylmethylcellulose (HPMC)<\/p>\n<\/p><\/div>\n<div class=\"chcg-dosage\">\n<h3>Verzehrempfehlung<\/h3>\n<p>Empfohlene Tagesdosis: 3 Kapseln, eine Stunde vor dem Schlafengehen. Tagesportion (3 Kapseln): L-Glycin 3000 mg.<\/p>\n<\/p><\/div>\n<div class=\"chcg-warnings\">\n<h3>Warnhinweise<\/h3>\n<p>Die empfohlene Tagesdosis sollte nicht \u00fcberschritten werden. Nahrungserg\u00e4nzungsmittel sind kein Ersatz f\u00fcr eine ausgewogene und abwechslungsreiche Ern\u00e4hrung. Eine abwechslungsreiche Ern\u00e4hrung und ein gesunder Lebensstil sind wichtig, um die normale Gesundheit zu erhalten.<\/p>\n<\/p><\/div>\n<div class=\"chcg-allergens\">\n<h3>Allergeninformationen<\/h3>\n<p>Frei von Gluten und Laktose. Keine deklarationspflichtigen Allergene enthalten.<\/p>\n<\/p><\/div>\n<div class=\"chcg-storage\">\n<h3>Lagerung<\/h3>\n<p>An einem dunklen und trockenen Ort bei Raumtemperatur lagern. Ausserhalb der Reichweite von Kindern aufbewahren.<\/p>\n<\/p><\/div>\n<div class=\"chcg-dietary\">\n<h3>Ern\u00e4hrungshinweise<\/h3>\n<ul>\n<li>Vegan<\/li>\n<li>Vegetarisch<\/li>\n<li>Glutenfrei<\/li>\n<li>Laktosefrei<\/li>\n<\/ul><\/div>\n<\/div>\n","protected":false},"excerpt":{"rendered":"<p>Osavi Glycine liefert 3000 mg L-Glycin pro Tagesportion in 3 veganen Kapseln \u2013 ideal einzunehmen eine Stunde vor dem Schlafengehen. 120 Kapseln pro Packung, vegan, glutenfrei und laktosefrei.<\/p>\n","protected":false},"featured_media":2375,"comment_status":"closed","ping_status":"open","template":"","meta":[],"product_brand":[219],"product_cat":[517,514,90,48,25,50],"product_tag":[],"class_list":{"0":"post-2374","1":"product","2":"type-product","3":"status-publish","4":"has-post-thumbnail","6":"product_brand-osavi","7":"product_cat-aminosaeuremischungen-aminosaeuren-und-bcaas","8":"product_cat-aminosaeuren-und-bcaas","9":"product_cat-fitness-training","10":"product_cat-gesunde-ernaehrung","11":"product_cat-gesundheit-und-wohlbefinden","12":"product_cat-proteine","14":"first","15":"outofstock","16":"taxable","17":"shipping-taxable","18":"purchasable","19":"product-type-simple"},"yoast_head":"<!-- This site is optimized with the Yoast SEO plugin v27.5 - https:\/\/yoast.com\/product\/yoast-seo-wordpress\/ -->\n<title>Glycine 1000mg \u2013 120 vegane Kapseln \u2013 Osavi | ecosupplements.ch<\/title>\n<meta name=\"description\" content=\"Osavi Glycine mit 3000 mg L-Glycin pro Tagesportion in 120 veganen Kapseln \u2013 glutenfrei und laktosefrei. Jetzt bestellen.\" \/>\n<meta name=\"robots\" content=\"index, follow, max-snippet:-1, max-image-preview:large, max-video-preview:-1\" \/>\n<link rel=\"canonical\" href=\"https:\/\/ecosupplements.ch\/?product=glycine-1000mg-120-vegan-caps\" \/>\n<meta property=\"og:locale\" content=\"de_DE\" \/>\n<meta property=\"og:type\" content=\"article\" \/>\n<meta property=\"og:title\" content=\"Glycine 1000mg \u2013 120 vegane Kapseln \u2013 Osavi | ecosupplements.ch\" \/>\n<meta property=\"og:description\" content=\"Osavi Glycine mit 3000 mg L-Glycin pro Tagesportion in 120 veganen Kapseln \u2013 glutenfrei und laktosefrei. Jetzt bestellen.\" \/>\n<meta property=\"og:url\" content=\"https:\/\/ecosupplements.ch\/?product=glycine-1000mg-120-vegan-caps\" \/>\n<meta property=\"og:site_name\" content=\"Eco Supplements\" \/>\n<meta property=\"article:modified_time\" content=\"2026-05-13T07:24:58+00:00\" \/>\n<meta property=\"og:image\" content=\"https:\/\/ecosupplements.ch\/wp-content\/uploads\/2026\/05\/Glycine-1000mg-120-vegan-caps.jpg\" \/>\n\t<meta property=\"og:image:width\" content=\"445\" \/>\n\t<meta property=\"og:image:height\" content=\"750\" \/>\n\t<meta property=\"og:image:type\" content=\"image\/jpeg\" \/>\n<meta name=\"twitter:card\" content=\"summary_large_image\" \/>\n<meta name=\"twitter:label1\" content=\"Price\" \/>\n\t<meta name=\"twitter:data1\" content=\"&#067;&#072;&#070;&nbsp;13.80\" \/>\n\t<meta name=\"twitter:label2\" content=\"Availability\" \/>\n\t<meta name=\"twitter:data2\" content=\"Out of stock\" \/>\n<script type=\"application\/ld+json\" class=\"yoast-schema-graph\">{\"@context\":\"https:\\\/\\\/schema.org\",\"@graph\":[{\"@type\":\"WebPage\",\"@id\":\"https:\\\/\\\/ecosupplements.ch\\\/?product=glycine-1000mg-120-vegan-caps\",\"url\":\"https:\\\/\\\/ecosupplements.ch\\\/?product=glycine-1000mg-120-vegan-caps\",\"name\":\"Glycine 1000mg \u2013 120 vegane Kapseln \u2013 Osavi | ecosupplements.ch\",\"isPartOf\":{\"@id\":\"https:\\\/\\\/ecosupplements.ch\\\/#website\"},\"primaryImageOfPage\":{\"@id\":\"https:\\\/\\\/ecosupplements.ch\\\/?product=glycine-1000mg-120-vegan-caps#primaryimage\"},\"image\":{\"@id\":\"https:\\\/\\\/ecosupplements.ch\\\/?product=glycine-1000mg-120-vegan-caps#primaryimage\"},\"thumbnailUrl\":\"https:\\\/\\\/ecosupplements.ch\\\/wp-content\\\/uploads\\\/2026\\\/05\\\/Glycine-1000mg-120-vegan-caps.jpg\",\"datePublished\":\"2026-05-11T14:35:58+00:00\",\"dateModified\":\"2026-05-13T07:24:58+00:00\",\"description\":\"Osavi Glycine mit 3000 mg L-Glycin pro Tagesportion in 120 veganen Kapseln \u2013 glutenfrei und laktosefrei. Jetzt bestellen.\",\"breadcrumb\":{\"@id\":\"https:\\\/\\\/ecosupplements.ch\\\/?product=glycine-1000mg-120-vegan-caps#breadcrumb\"},\"inLanguage\":\"de-CH\",\"potentialAction\":[{\"@type\":\"ReadAction\",\"target\":[\"https:\\\/\\\/ecosupplements.ch\\\/?product=glycine-1000mg-120-vegan-caps\"]}]},{\"@type\":\"ImageObject\",\"inLanguage\":\"de-CH\",\"@id\":\"https:\\\/\\\/ecosupplements.ch\\\/?product=glycine-1000mg-120-vegan-caps#primaryimage\",\"url\":\"https:\\\/\\\/ecosupplements.ch\\\/wp-content\\\/uploads\\\/2026\\\/05\\\/Glycine-1000mg-120-vegan-caps.jpg\",\"contentUrl\":\"https:\\\/\\\/ecosupplements.ch\\\/wp-content\\\/uploads\\\/2026\\\/05\\\/Glycine-1000mg-120-vegan-caps.jpg\",\"width\":445,\"height\":750,\"caption\":\"Glycine\"},{\"@type\":\"BreadcrumbList\",\"@id\":\"https:\\\/\\\/ecosupplements.ch\\\/?product=glycine-1000mg-120-vegan-caps#breadcrumb\",\"itemListElement\":[{\"@type\":\"ListItem\",\"position\":1,\"name\":\"Home\",\"item\":\"https:\\\/\\\/ecosupplements.ch\\\/\"},{\"@type\":\"ListItem\",\"position\":2,\"name\":\"Shop\",\"item\":\"https:\\\/\\\/ecosupplements.ch\\\/?page_id=14\"},{\"@type\":\"ListItem\",\"position\":3,\"name\":\"Glycine, 1000mg &#8211; 120 vegan caps\"}]},{\"@type\":\"WebSite\",\"@id\":\"https:\\\/\\\/ecosupplements.ch\\\/#website\",\"url\":\"https:\\\/\\\/ecosupplements.ch\\\/\",\"name\":\"Eco Supplements\",\"description\":\"\",\"potentialAction\":[{\"@type\":\"SearchAction\",\"target\":{\"@type\":\"EntryPoint\",\"urlTemplate\":\"https:\\\/\\\/ecosupplements.ch\\\/?s={search_term_string}\"},\"query-input\":{\"@type\":\"PropertyValueSpecification\",\"valueRequired\":true,\"valueName\":\"search_term_string\"}}],\"inLanguage\":\"de-CH\"}]}<\/script>\n<meta property=\"product:price:amount\" content=\"13.80\" \/>\n<meta property=\"product:price:currency\" content=\"CHF\" \/>\n<meta property=\"og:availability\" content=\"out of stock\" \/>\n<meta property=\"product:availability\" content=\"out of stock\" \/>\n<meta property=\"product:retailer_item_id\" content=\"5904139923535\" \/>\n<meta property=\"product:condition\" content=\"new\" \/>\n<!-- \/ Yoast SEO plugin. -->","yoast_head_json":{"title":"Glycine 1000mg \u2013 120 vegane Kapseln \u2013 Osavi | ecosupplements.ch","description":"Osavi Glycine mit 3000 mg L-Glycin pro Tagesportion in 120 veganen Kapseln \u2013 glutenfrei und laktosefrei. Jetzt bestellen.","robots":{"index":"index","follow":"follow","max-snippet":"max-snippet:-1","max-image-preview":"max-image-preview:large","max-video-preview":"max-video-preview:-1"},"canonical":"https:\/\/ecosupplements.ch\/?product=glycine-1000mg-120-vegan-caps","og_locale":"de_DE","og_type":"article","og_title":"Glycine 1000mg \u2013 120 vegane Kapseln \u2013 Osavi | ecosupplements.ch","og_description":"Osavi Glycine mit 3000 mg L-Glycin pro Tagesportion in 120 veganen Kapseln \u2013 glutenfrei und laktosefrei. Jetzt bestellen.","og_url":"https:\/\/ecosupplements.ch\/?product=glycine-1000mg-120-vegan-caps","og_site_name":"Eco Supplements","article_modified_time":"2026-05-13T07:24:58+00:00","og_image":[{"width":445,"height":750,"url":"https:\/\/ecosupplements.ch\/wp-content\/uploads\/2026\/05\/Glycine-1000mg-120-vegan-caps.jpg","type":"image\/jpeg"}],"twitter_card":"summary_large_image","twitter_misc":{"Price":"&#67;&#72;&#70;&nbsp;13.80","Availability":"Out of stock"},"schema":{"@context":"https:\/\/schema.org","@graph":[{"@type":"WebPage","@id":"https:\/\/ecosupplements.ch\/?product=glycine-1000mg-120-vegan-caps","url":"https:\/\/ecosupplements.ch\/?product=glycine-1000mg-120-vegan-caps","name":"Glycine 1000mg \u2013 120 vegane Kapseln \u2013 Osavi | ecosupplements.ch","isPartOf":{"@id":"https:\/\/ecosupplements.ch\/#website"},"primaryImageOfPage":{"@id":"https:\/\/ecosupplements.ch\/?product=glycine-1000mg-120-vegan-caps#primaryimage"},"image":{"@id":"https:\/\/ecosupplements.ch\/?product=glycine-1000mg-120-vegan-caps#primaryimage"},"thumbnailUrl":"https:\/\/ecosupplements.ch\/wp-content\/uploads\/2026\/05\/Glycine-1000mg-120-vegan-caps.jpg","datePublished":"2026-05-11T14:35:58+00:00","dateModified":"2026-05-13T07:24:58+00:00","description":"Osavi Glycine mit 3000 mg L-Glycin pro Tagesportion in 120 veganen Kapseln \u2013 glutenfrei und laktosefrei. Jetzt bestellen.","breadcrumb":{"@id":"https:\/\/ecosupplements.ch\/?product=glycine-1000mg-120-vegan-caps#breadcrumb"},"inLanguage":"de-CH","potentialAction":[{"@type":"ReadAction","target":["https:\/\/ecosupplements.ch\/?product=glycine-1000mg-120-vegan-caps"]}]},{"@type":"ImageObject","inLanguage":"de-CH","@id":"https:\/\/ecosupplements.ch\/?product=glycine-1000mg-120-vegan-caps#primaryimage","url":"https:\/\/ecosupplements.ch\/wp-content\/uploads\/2026\/05\/Glycine-1000mg-120-vegan-caps.jpg","contentUrl":"https:\/\/ecosupplements.ch\/wp-content\/uploads\/2026\/05\/Glycine-1000mg-120-vegan-caps.jpg","width":445,"height":750,"caption":"Glycine"},{"@type":"BreadcrumbList","@id":"https:\/\/ecosupplements.ch\/?product=glycine-1000mg-120-vegan-caps#breadcrumb","itemListElement":[{"@type":"ListItem","position":1,"name":"Home","item":"https:\/\/ecosupplements.ch\/"},{"@type":"ListItem","position":2,"name":"Shop","item":"https:\/\/ecosupplements.ch\/?page_id=14"},{"@type":"ListItem","position":3,"name":"Glycine, 1000mg &#8211; 120 vegan caps"}]},{"@type":"WebSite","@id":"https:\/\/ecosupplements.ch\/#website","url":"https:\/\/ecosupplements.ch\/","name":"Eco Supplements","description":"","potentialAction":[{"@type":"SearchAction","target":{"@type":"EntryPoint","urlTemplate":"https:\/\/ecosupplements.ch\/?s={search_term_string}"},"query-input":{"@type":"PropertyValueSpecification","valueRequired":true,"valueName":"search_term_string"}}],"inLanguage":"de-CH"}]},"product_price_amount":"13.80","product_price_currency":"CHF","og_availability":"out of stock","product_availability":"out of stock","product_retailer_item_id":"5904139923535","product_condition":"new"},"_links":{"self":[{"href":"https:\/\/ecosupplements.ch\/index.php?rest_route=\/wp\/v2\/product\/2374","targetHints":{"allow":["GET"]}}],"collection":[{"href":"https:\/\/ecosupplements.ch\/index.php?rest_route=\/wp\/v2\/product"}],"about":[{"href":"https:\/\/ecosupplements.ch\/index.php?rest_route=\/wp\/v2\/types\/product"}],"replies":[{"embeddable":true,"href":"https:\/\/ecosupplements.ch\/index.php?rest_route=%2Fwp%2Fv2%2Fcomments&post=2374"}],"wp:featuredmedia":[{"embeddable":true,"href":"https:\/\/ecosupplements.ch\/index.php?rest_route=\/wp\/v2\/media\/2375"}],"wp:attachment":[{"href":"https:\/\/ecosupplements.ch\/index.php?rest_route=%2Fwp%2Fv2%2Fmedia&parent=2374"}],"wp:term":[{"taxonomy":"product_brand","embeddable":true,"href":"https:\/\/ecosupplements.ch\/index.php?rest_route=%2Fwp%2Fv2%2Fproduct_brand&post=2374"},{"taxonomy":"product_cat","embeddable":true,"href":"https:\/\/ecosupplements.ch\/index.php?rest_route=%2Fwp%2Fv2%2Fproduct_cat&post=2374"},{"taxonomy":"product_tag","embeddable":true,"href":"https:\/\/ecosupplements.ch\/index.php?rest_route=%2Fwp%2Fv2%2Fproduct_tag&post=2374"}],"curies":[{"name":"wp","href":"https:\/\/api.w.org\/{rel}","templated":true}]}}