{"id":2378,"date":"2026-05-11T14:36:00","date_gmt":"2026-05-11T14:36:00","guid":{"rendered":"https:\/\/ecosupplements.ch\/?product=iodine-oral-spray-150mcg-cherry-25-ml"},"modified":"2026-05-13T07:26:59","modified_gmt":"2026-05-13T07:26:59","slug":"iodine-oral-spray-150mcg-cherry-25-ml","status":"publish","type":"product","link":"https:\/\/ecosupplements.ch\/?product=iodine-oral-spray-150mcg-cherry-25-ml","title":{"rendered":"Iodine Oral Spray, 150mcg (Cherry) &#8211; 25 ml."},"content":{"rendered":"<div class=\"chcg-product-description\">\n<h2 class=\"chcg-heading\">\u00dcber Osavi \u2013 Iodine Oral Spray, 150mcg (Cherry) \u2013 25 ml<\/h2>\n<div class=\"chcg-intro\">\n<p>Das Osavi Iodine Oral Spray liefert 150 \u00b5g Jod pro Spr\u00fchstoss \u2013 genau 100 % des empfohlenen Tagesbedarfs \u2013 in einer praktischen und schnell absorbierbaren Sprayform. Jod tr\u00e4gt zur normalen Schilddr\u00fcsenfunktion sowie zur normalen Produktion von Schilddr\u00fcsenhormonen bei und unterst\u00fctzt ausserdem den normalen Energiestoffwechsel und eine normale kognitive Funktion.<\/p>\n<p>Die sublinguale Anwendung \u2013 direkt unter die Zunge gespr\u00fcht \u2013 erm\u00f6glicht eine einfache und unkomplizierte Einnahme ohne Schlucken von Kapseln oder Tabletten. Das angenehme Kirsch-Aroma auf Basis nat\u00fcrlicher Aromen macht die t\u00e4gliche Routine besonders angenehm. Das Spray ist geeignet f\u00fcr Erwachsene sowie f\u00fcr Kinder ab 3 Jahren.<\/p>\n<p>Die Rezeptur von Osavi ist frei von Gluten, Laktose, Soja und gentechnisch ver\u00e4nderten Organismen (GVO). Mit ca. 125 Portionen pro Flasche (25 ml) deckt dieses kompakte Spray einen Vorrat von rund 4 Monaten ab \u2013 ideal f\u00fcr zu Hause und unterwegs.<\/p>\n<\/p><\/div>\n<div class=\"chcg-nutrition\">\n<h3>N\u00e4hrwertangaben<\/h3>\n<table class=\"chcg-nutrition-table\">\n<thead>\n<tr>\n<th>N\u00e4hrstoff<\/th>\n<th>Pro 100 ml<\/th>\n<th>Pro Portion (1 Spr\u00fchstoss = 0,2 ml)<\/th>\n<th>% NRV<\/th>\n<\/tr>\n<\/thead>\n<tbody>\n<tr>\n<td>Jod (als Kaliumiodid)<\/td>\n<td>75 000 \u00b5g<\/td>\n<td>150 \u00b5g<\/td>\n<td>100 %<\/td>\n<\/tr>\n<\/tbody>\n<\/table><\/div>\n<div class=\"chcg-ingredients\">\n<h3>Zutaten<\/h3>\n<p>Jod (Kaliumiodid) 150 \u00b5g. Weitere Zutaten: Wasser, Verdickungsmittel: Xylitol (25 %) und Xanthan, nat\u00fcrliches Kirsch-Aroma, Konservierungsmittel: Kaliumsorbat, S\u00e4uerungsmittel: \u00c4pfels\u00e4ure, Kaliumiodid.<\/p>\n<\/p><\/div>\n<div class=\"chcg-dosage\">\n<h3>Verzehrempfehlung<\/h3>\n<p>1 Spr\u00fchstoss (0,2 ml) t\u00e4glich unter die Zunge. Vor jeder Anwendung gut sch\u00fctteln. Bei der ersten Verwendung den Pumpkopf 3\u20134 Mal bet\u00e4tigen, um das Spray zu aktivieren. Das Produkt kann von Kindern ab 3 Jahren verwendet werden.<\/p>\n<\/p><\/div>\n<div class=\"chcg-warnings\">\n<h3>Warnhinweise<\/h3>\n<p>Die empfohlene Tagesdosis darf nicht \u00fcberschritten werden. Konsultieren Sie vor der Einnahme dieses Produkts Ihren Apotheker oder Arzt, wenn Sie schwanger werden m\u00f6chten, schwanger sind, stillen, unter \u00e4rztlicher Aufsicht stehen oder an Lebensmittelallergien leiden. \u00dcberm\u00e4ssiger Konsum kann abf\u00fchrend wirken. Nahrungserg\u00e4nzungsmittel sind kein Ersatz f\u00fcr eine ausgewogene und abwechslungsreiche Ern\u00e4hrung. Eine abwechslungsreiche Ern\u00e4hrung und ein gesunder Lebensstil tragen zur Erhaltung der normalen Gesundheit bei. Nach dem ersten \u00d6ffnen innerhalb von 6 Monaten aufbrauchen.<\/p>\n<\/p><\/div>\n<div class=\"chcg-allergens\">\n<h3>Allergeninformationen<\/h3>\n<p>Keine Allergene deklarationspflichtig. Laut Hersteller frei von Gluten, Laktose, Soja und GVO.<\/p>\n<\/p><\/div>\n<div class=\"chcg-storage\">\n<h3>Lagerung<\/h3>\n<p>An einem dunklen und trockenen Ort bei Raumtemperatur, unter 25 \u00b0C, vor direkter Sonneneinstrahlung gesch\u00fctzt aufbewahren.<\/p>\n<\/p><\/div>\n<div class=\"chcg-dietary\">\n<h3>Ern\u00e4hrungshinweise<\/h3>\n<ul>\n<li>Vegan<\/li>\n<li>Vegetarisch<\/li>\n<li>Glutenfrei<\/li>\n<li>Laktosefrei<\/li>\n<\/ul><\/div>\n<\/div>\n","protected":false},"excerpt":{"rendered":"<p>Das Osavi Iodine Oral Spray liefert 150 \u00b5g Jod pro Spr\u00fchstoss und unterst\u00fctzt die normale Schilddr\u00fcsenfunktion. Das praktische Kirsch-Spray (25 ml, ca. 125 Portionen) ist vegan, glutenfrei und f\u00fcr Kinder ab 3 Jahren geeignet.<\/p>\n","protected":false},"featured_media":2379,"comment_status":"closed","ping_status":"open","template":"","meta":[],"product_brand":[219],"product_cat":[23,48,25,109,21],"product_tag":[],"class_list":{"0":"post-2378","1":"product","2":"type-product","3":"status-publish","4":"has-post-thumbnail","6":"product_brand-osavi","7":"product_cat-einige-mineralien","8":"product_cat-gesunde-ernaehrung","9":"product_cat-gesundheit-und-wohlbefinden","10":"product_cat-jod","11":"product_cat-vitamine-und-mineralstoffe","13":"first","14":"outofstock","15":"taxable","16":"shipping-taxable","17":"purchasable","18":"product-type-simple"},"yoast_head":"<!-- This site is optimized with the Yoast SEO plugin v27.5 - https:\/\/yoast.com\/product\/yoast-seo-wordpress\/ -->\n<title>Iodine Oral Spray 150mcg Cherry \u2013 Osavi | ecosupplements.ch<\/title>\n<meta name=\"description\" content=\"Osavi Iodine Oral Spray mit 150 \u00b5g Jod pro Spr\u00fchstoss \u2013 unterst\u00fctzt die normale Schilddr\u00fcsenfunktion. 25 ml, ca. 125 Portionen, vegan &amp; glutenfrei. Jetzt bestellen.\" \/>\n<meta name=\"robots\" content=\"index, follow, max-snippet:-1, max-image-preview:large, max-video-preview:-1\" \/>\n<link rel=\"canonical\" href=\"https:\/\/ecosupplements.ch\/?product=iodine-oral-spray-150mcg-cherry-25-ml\" \/>\n<meta property=\"og:locale\" content=\"de_DE\" \/>\n<meta property=\"og:type\" content=\"article\" \/>\n<meta property=\"og:title\" content=\"Iodine Oral Spray 150mcg Cherry \u2013 Osavi | ecosupplements.ch\" \/>\n<meta property=\"og:description\" content=\"Osavi Iodine Oral Spray mit 150 \u00b5g Jod pro Spr\u00fchstoss \u2013 unterst\u00fctzt die normale Schilddr\u00fcsenfunktion. 25 ml, ca. 125 Portionen, vegan &amp; glutenfrei. Jetzt bestellen.\" \/>\n<meta property=\"og:url\" content=\"https:\/\/ecosupplements.ch\/?product=iodine-oral-spray-150mcg-cherry-25-ml\" \/>\n<meta property=\"og:site_name\" content=\"Eco Supplements\" \/>\n<meta property=\"article:modified_time\" content=\"2026-05-13T07:26:59+00:00\" \/>\n<meta property=\"og:image\" content=\"https:\/\/ecosupplements.ch\/wp-content\/uploads\/2026\/05\/Iodine-Oral-Spray-150mcg-Cherry-25-ml.jpg\" \/>\n\t<meta property=\"og:image:width\" content=\"1621\" \/>\n\t<meta property=\"og:image:height\" content=\"2560\" \/>\n\t<meta property=\"og:image:type\" content=\"image\/jpeg\" \/>\n<meta name=\"twitter:card\" content=\"summary_large_image\" \/>\n<meta name=\"twitter:label1\" content=\"Price\" \/>\n\t<meta name=\"twitter:data1\" content=\"&#067;&#072;&#070;&nbsp;10.50\" \/>\n\t<meta name=\"twitter:label2\" content=\"Availability\" \/>\n\t<meta name=\"twitter:data2\" content=\"Out of stock\" \/>\n<script type=\"application\/ld+json\" class=\"yoast-schema-graph\">{\"@context\":\"https:\\\/\\\/schema.org\",\"@graph\":[{\"@type\":\"WebPage\",\"@id\":\"https:\\\/\\\/ecosupplements.ch\\\/?product=iodine-oral-spray-150mcg-cherry-25-ml\",\"url\":\"https:\\\/\\\/ecosupplements.ch\\\/?product=iodine-oral-spray-150mcg-cherry-25-ml\",\"name\":\"Iodine Oral Spray 150mcg Cherry \u2013 Osavi | ecosupplements.ch\",\"isPartOf\":{\"@id\":\"https:\\\/\\\/ecosupplements.ch\\\/#website\"},\"primaryImageOfPage\":{\"@id\":\"https:\\\/\\\/ecosupplements.ch\\\/?product=iodine-oral-spray-150mcg-cherry-25-ml#primaryimage\"},\"image\":{\"@id\":\"https:\\\/\\\/ecosupplements.ch\\\/?product=iodine-oral-spray-150mcg-cherry-25-ml#primaryimage\"},\"thumbnailUrl\":\"https:\\\/\\\/ecosupplements.ch\\\/wp-content\\\/uploads\\\/2026\\\/05\\\/Iodine-Oral-Spray-150mcg-Cherry-25-ml.jpg\",\"datePublished\":\"2026-05-11T14:36:00+00:00\",\"dateModified\":\"2026-05-13T07:26:59+00:00\",\"description\":\"Osavi Iodine Oral Spray mit 150 \u00b5g Jod pro Spr\u00fchstoss \u2013 unterst\u00fctzt die normale Schilddr\u00fcsenfunktion. 25 ml, ca. 125 Portionen, vegan & glutenfrei. Jetzt bestellen.\",\"breadcrumb\":{\"@id\":\"https:\\\/\\\/ecosupplements.ch\\\/?product=iodine-oral-spray-150mcg-cherry-25-ml#breadcrumb\"},\"inLanguage\":\"de-CH\",\"potentialAction\":[{\"@type\":\"ReadAction\",\"target\":[\"https:\\\/\\\/ecosupplements.ch\\\/?product=iodine-oral-spray-150mcg-cherry-25-ml\"]}]},{\"@type\":\"ImageObject\",\"inLanguage\":\"de-CH\",\"@id\":\"https:\\\/\\\/ecosupplements.ch\\\/?product=iodine-oral-spray-150mcg-cherry-25-ml#primaryimage\",\"url\":\"https:\\\/\\\/ecosupplements.ch\\\/wp-content\\\/uploads\\\/2026\\\/05\\\/Iodine-Oral-Spray-150mcg-Cherry-25-ml.jpg\",\"contentUrl\":\"https:\\\/\\\/ecosupplements.ch\\\/wp-content\\\/uploads\\\/2026\\\/05\\\/Iodine-Oral-Spray-150mcg-Cherry-25-ml.jpg\",\"width\":1621,\"height\":2560,\"caption\":\"Iodine Oral Spray\"},{\"@type\":\"BreadcrumbList\",\"@id\":\"https:\\\/\\\/ecosupplements.ch\\\/?product=iodine-oral-spray-150mcg-cherry-25-ml#breadcrumb\",\"itemListElement\":[{\"@type\":\"ListItem\",\"position\":1,\"name\":\"Home\",\"item\":\"https:\\\/\\\/ecosupplements.ch\\\/\"},{\"@type\":\"ListItem\",\"position\":2,\"name\":\"Shop\",\"item\":\"https:\\\/\\\/ecosupplements.ch\\\/?page_id=14\"},{\"@type\":\"ListItem\",\"position\":3,\"name\":\"Iodine Oral Spray, 150mcg (Cherry) &#8211; 25 ml.\"}]},{\"@type\":\"WebSite\",\"@id\":\"https:\\\/\\\/ecosupplements.ch\\\/#website\",\"url\":\"https:\\\/\\\/ecosupplements.ch\\\/\",\"name\":\"Eco Supplements\",\"description\":\"\",\"potentialAction\":[{\"@type\":\"SearchAction\",\"target\":{\"@type\":\"EntryPoint\",\"urlTemplate\":\"https:\\\/\\\/ecosupplements.ch\\\/?s={search_term_string}\"},\"query-input\":{\"@type\":\"PropertyValueSpecification\",\"valueRequired\":true,\"valueName\":\"search_term_string\"}}],\"inLanguage\":\"de-CH\"}]}<\/script>\n<meta property=\"product:price:amount\" content=\"10.50\" \/>\n<meta property=\"product:price:currency\" content=\"CHF\" \/>\n<meta property=\"og:availability\" content=\"out of stock\" \/>\n<meta property=\"product:availability\" content=\"out of stock\" \/>\n<meta property=\"product:retailer_item_id\" content=\"5904139925522\" \/>\n<meta property=\"product:condition\" content=\"new\" \/>\n<!-- \/ Yoast SEO plugin. -->","yoast_head_json":{"title":"Iodine Oral Spray 150mcg Cherry \u2013 Osavi | ecosupplements.ch","description":"Osavi Iodine Oral Spray mit 150 \u00b5g Jod pro Spr\u00fchstoss \u2013 unterst\u00fctzt die normale Schilddr\u00fcsenfunktion. 25 ml, ca. 125 Portionen, vegan & glutenfrei. Jetzt bestellen.","robots":{"index":"index","follow":"follow","max-snippet":"max-snippet:-1","max-image-preview":"max-image-preview:large","max-video-preview":"max-video-preview:-1"},"canonical":"https:\/\/ecosupplements.ch\/?product=iodine-oral-spray-150mcg-cherry-25-ml","og_locale":"de_DE","og_type":"article","og_title":"Iodine Oral Spray 150mcg Cherry \u2013 Osavi | ecosupplements.ch","og_description":"Osavi Iodine Oral Spray mit 150 \u00b5g Jod pro Spr\u00fchstoss \u2013 unterst\u00fctzt die normale Schilddr\u00fcsenfunktion. 25 ml, ca. 125 Portionen, vegan & glutenfrei. Jetzt bestellen.","og_url":"https:\/\/ecosupplements.ch\/?product=iodine-oral-spray-150mcg-cherry-25-ml","og_site_name":"Eco Supplements","article_modified_time":"2026-05-13T07:26:59+00:00","og_image":[{"width":1621,"height":2560,"url":"https:\/\/ecosupplements.ch\/wp-content\/uploads\/2026\/05\/Iodine-Oral-Spray-150mcg-Cherry-25-ml.jpg","type":"image\/jpeg"}],"twitter_card":"summary_large_image","twitter_misc":{"Price":"&#67;&#72;&#70;&nbsp;10.50","Availability":"Out of stock"},"schema":{"@context":"https:\/\/schema.org","@graph":[{"@type":"WebPage","@id":"https:\/\/ecosupplements.ch\/?product=iodine-oral-spray-150mcg-cherry-25-ml","url":"https:\/\/ecosupplements.ch\/?product=iodine-oral-spray-150mcg-cherry-25-ml","name":"Iodine Oral Spray 150mcg Cherry \u2013 Osavi | ecosupplements.ch","isPartOf":{"@id":"https:\/\/ecosupplements.ch\/#website"},"primaryImageOfPage":{"@id":"https:\/\/ecosupplements.ch\/?product=iodine-oral-spray-150mcg-cherry-25-ml#primaryimage"},"image":{"@id":"https:\/\/ecosupplements.ch\/?product=iodine-oral-spray-150mcg-cherry-25-ml#primaryimage"},"thumbnailUrl":"https:\/\/ecosupplements.ch\/wp-content\/uploads\/2026\/05\/Iodine-Oral-Spray-150mcg-Cherry-25-ml.jpg","datePublished":"2026-05-11T14:36:00+00:00","dateModified":"2026-05-13T07:26:59+00:00","description":"Osavi Iodine Oral Spray mit 150 \u00b5g Jod pro Spr\u00fchstoss \u2013 unterst\u00fctzt die normale Schilddr\u00fcsenfunktion. 25 ml, ca. 125 Portionen, vegan & glutenfrei. Jetzt bestellen.","breadcrumb":{"@id":"https:\/\/ecosupplements.ch\/?product=iodine-oral-spray-150mcg-cherry-25-ml#breadcrumb"},"inLanguage":"de-CH","potentialAction":[{"@type":"ReadAction","target":["https:\/\/ecosupplements.ch\/?product=iodine-oral-spray-150mcg-cherry-25-ml"]}]},{"@type":"ImageObject","inLanguage":"de-CH","@id":"https:\/\/ecosupplements.ch\/?product=iodine-oral-spray-150mcg-cherry-25-ml#primaryimage","url":"https:\/\/ecosupplements.ch\/wp-content\/uploads\/2026\/05\/Iodine-Oral-Spray-150mcg-Cherry-25-ml.jpg","contentUrl":"https:\/\/ecosupplements.ch\/wp-content\/uploads\/2026\/05\/Iodine-Oral-Spray-150mcg-Cherry-25-ml.jpg","width":1621,"height":2560,"caption":"Iodine Oral Spray"},{"@type":"BreadcrumbList","@id":"https:\/\/ecosupplements.ch\/?product=iodine-oral-spray-150mcg-cherry-25-ml#breadcrumb","itemListElement":[{"@type":"ListItem","position":1,"name":"Home","item":"https:\/\/ecosupplements.ch\/"},{"@type":"ListItem","position":2,"name":"Shop","item":"https:\/\/ecosupplements.ch\/?page_id=14"},{"@type":"ListItem","position":3,"name":"Iodine Oral Spray, 150mcg (Cherry) &#8211; 25 ml."}]},{"@type":"WebSite","@id":"https:\/\/ecosupplements.ch\/#website","url":"https:\/\/ecosupplements.ch\/","name":"Eco Supplements","description":"","potentialAction":[{"@type":"SearchAction","target":{"@type":"EntryPoint","urlTemplate":"https:\/\/ecosupplements.ch\/?s={search_term_string}"},"query-input":{"@type":"PropertyValueSpecification","valueRequired":true,"valueName":"search_term_string"}}],"inLanguage":"de-CH"}]},"product_price_amount":"10.50","product_price_currency":"CHF","og_availability":"out of stock","product_availability":"out of stock","product_retailer_item_id":"5904139925522","product_condition":"new"},"_links":{"self":[{"href":"https:\/\/ecosupplements.ch\/index.php?rest_route=\/wp\/v2\/product\/2378","targetHints":{"allow":["GET"]}}],"collection":[{"href":"https:\/\/ecosupplements.ch\/index.php?rest_route=\/wp\/v2\/product"}],"about":[{"href":"https:\/\/ecosupplements.ch\/index.php?rest_route=\/wp\/v2\/types\/product"}],"replies":[{"embeddable":true,"href":"https:\/\/ecosupplements.ch\/index.php?rest_route=%2Fwp%2Fv2%2Fcomments&post=2378"}],"wp:featuredmedia":[{"embeddable":true,"href":"https:\/\/ecosupplements.ch\/index.php?rest_route=\/wp\/v2\/media\/2379"}],"wp:attachment":[{"href":"https:\/\/ecosupplements.ch\/index.php?rest_route=%2Fwp%2Fv2%2Fmedia&parent=2378"}],"wp:term":[{"taxonomy":"product_brand","embeddable":true,"href":"https:\/\/ecosupplements.ch\/index.php?rest_route=%2Fwp%2Fv2%2Fproduct_brand&post=2378"},{"taxonomy":"product_cat","embeddable":true,"href":"https:\/\/ecosupplements.ch\/index.php?rest_route=%2Fwp%2Fv2%2Fproduct_cat&post=2378"},{"taxonomy":"product_tag","embeddable":true,"href":"https:\/\/ecosupplements.ch\/index.php?rest_route=%2Fwp%2Fv2%2Fproduct_tag&post=2378"}],"curies":[{"name":"wp","href":"https:\/\/api.w.org\/{rel}","templated":true}]}}