{"id":2380,"date":"2026-05-11T14:36:02","date_gmt":"2026-05-11T14:36:02","guid":{"rendered":"https:\/\/ecosupplements.ch\/?product=lions-mane-600mg-120-vegan-caps"},"modified":"2026-05-13T07:25:35","modified_gmt":"2026-05-13T07:25:35","slug":"lions-mane-600mg-120-vegan-caps","status":"publish","type":"product","link":"https:\/\/ecosupplements.ch\/?product=lions-mane-600mg-120-vegan-caps","title":{"rendered":"Lion&#8217;s Mane, 600mg &#8211; 120 vegan caps"},"content":{"rendered":"<div class=\"chcg-product-description\">\n<h2 class=\"chcg-heading\">\u00dcber Osavi \u2013 Lion&#8217;s Mane, 600mg \u2013 120 vegane Kapseln<\/h2>\n<div class=\"chcg-intro\">\n<p>Lion&#8217;s Mane (Hericium erinaceus), auch bekannt als Igelstachelbart, ist ein traditionsreicher Speise- und Heilpilz, der in der Naturheilkunde seit Jahrhunderten gesch\u00e4tzt wird. Osavi setzt auf einen hochwertigen Fruchtk\u00f6perextrakt mit einem Konzentrationsverh\u00e4ltnis von 30:1 \u2013 das bedeutet, dass jede Kapsel einem \u00c4quivalent von 18 g frischer Lion&#8217;s Mane-Fruchtk\u00f6per entspricht. Der Extrakt ist standardisiert auf mindestens 40 % Polysaccharide, davon mindestens 120 mg Beta-Glucane pro Kapsel.<\/p>\n<p>Beta-Glucane sind nat\u00fcrlich vorkommende Polysaccharide, die im Lion&#8217;s Mane-Pilz in besonders hoher Konzentration enthalten sind und massgeblich zur Qualit\u00e4t des Extrakts beitragen. Dank der veganen HPMC-Kapselh\u00fclle und der Freiheit von Gluten, Laktose, Soja, Zucker und gentechnisch ver\u00e4nderten Organismen eignet sich dieses Produkt f\u00fcr eine breite Zielgruppe mit unterschiedlichen Ern\u00e4hrungsbed\u00fcrfnissen.<\/p>\n<p>Mit 120 Kapseln pro Packung bietet Osavi Lion&#8217;s Mane eine praktische und ergiebige Versorgung f\u00fcr vier Monate bei t\u00e4glicher Einnahme. Die einfache Dosierung von einer Kapsel pro Tag macht die Integration in die t\u00e4gliche Routine unkompliziert.<\/p>\n<\/p><\/div>\n<div class=\"chcg-nutrition\">\n<h3>N\u00e4hrwertangaben<\/h3>\n<table class=\"chcg-nutrition-table\">\n<thead>\n<tr>\n<th>N\u00e4hrstoff<\/th>\n<th>Pro Portion (1 Kapsel)<\/th>\n<\/tr>\n<\/thead>\n<tbody>\n<tr>\n<td>Energiewert<\/td>\n<td>3 kJ \/ 1 kcal<\/td>\n<\/tr>\n<tr>\n<td>Fett<\/td>\n<td>&lt;0,1 g<\/td>\n<\/tr>\n<tr>\n<td>\u2013 davon ges\u00e4ttigte Fetts\u00e4uren<\/td>\n<td>&lt;0,1 g<\/td>\n<\/tr>\n<tr>\n<td>Kohlenhydrate<\/td>\n<td>0,1 g<\/td>\n<\/tr>\n<tr>\n<td>\u2013 davon Zucker<\/td>\n<td>&lt;0,1 g<\/td>\n<\/tr>\n<tr>\n<td>Ballaststoffe<\/td>\n<td>0,2 g<\/td>\n<\/tr>\n<tr>\n<td>Protein<\/td>\n<td>&lt;0,1 g<\/td>\n<\/tr>\n<tr>\n<td>Salz<\/td>\n<td>0,01 g<\/td>\n<\/tr>\n<tr>\n<td>Lion&#8217;s Mane (Hericium erinaceus) Fruchtk\u00f6perextrakt, DER 30:1*<\/td>\n<td>600 mg<\/td>\n<\/tr>\n<tr>\n<td>\u2013 Min. 40 % Polysaccharide (min.)<\/td>\n<td>240 mg<\/td>\n<\/tr>\n<tr>\n<td>\u2013 davon Beta-Glucane (min.)<\/td>\n<td>120 mg<\/td>\n<\/tr>\n<\/tbody>\n<\/table>\n<p class=\"chcg-footnote\">* 600 mg Extrakt wurden aus 18 g Lion&#8217;s Mane-Fruchtk\u00f6pern gewonnen.<\/p>\n<p class=\"chcg-footnote\">** Kein festgelegter Tagesreferenzwert.<\/p>\n<\/p><\/div>\n<div class=\"chcg-ingredients\">\n<h3>Zutaten<\/h3>\n<p>Lion&#8217;s Mane (Hericium erinaceus) Fruchtk\u00f6perextrakt, DER 30:1, standardisiert auf: min. 40 % Polysaccharide (davon min. Beta-Glucane); 600 mg Extrakt wurden aus 18 g Lion&#8217;s Mane-Fruchtk\u00f6pern gewonnen; Inulin.<\/p>\n<p class=\"chcg-capsule-shell\">Kapselh\u00fclle: Hydroxypropylmethylcellulose (HPMC)<\/p>\n<\/p><\/div>\n<div class=\"chcg-dosage\">\n<h3>Verzehrempfehlung<\/h3>\n<p>1 Kapsel pro Tag, nach einer Mahlzeit. Mit einem Glas Wasser schlucken.<\/p>\n<\/p><\/div>\n<div class=\"chcg-warnings\">\n<h3>Warnhinweise<\/h3>\n<p>Die empfohlene Tagesdosis sollte nicht \u00fcberschritten werden. Wenn Sie schwanger werden m\u00f6chten, schwanger sind, stillen, unter \u00e4rztlicher Aufsicht stehen oder an Nahrungsmittelallergien leiden, konsultieren Sie bitte vor der Einnahme dieses Produkts Ihren Apotheker oder Arzt. Nicht f\u00fcr Kinder empfohlen. Nahrungserg\u00e4nzungsmittel sollten nicht als Ersatz f\u00fcr eine ausgewogene Ern\u00e4hrung verwendet werden. Eine abwechslungsreiche Ern\u00e4hrung und ein gesunder Lebensstil tragen zur Erhaltung der normalen Gesundheit bei.<\/p>\n<\/p><\/div>\n<div class=\"chcg-allergens\">\n<h3>Allergeninformationen<\/h3>\n<p>Keine Allergene deklariert. Frei von Gluten, Laktose, Soja, Zucker und GVO.<\/p>\n<\/p><\/div>\n<div class=\"chcg-storage\">\n<h3>Lagerung<\/h3>\n<p>An einem dunklen und trockenen Ort bei Raumtemperatur lagern. Ausserhalb der Reichweite von Kleinkindern aufbewahren.<\/p>\n<\/p><\/div>\n<div class=\"chcg-dietary\">\n<h3>Ern\u00e4hrungshinweise<\/h3>\n<ul>\n<li>Vegan<\/li>\n<li>Vegetarisch<\/li>\n<li>Glutenfrei<\/li>\n<li>Laktosefrei<\/li>\n<\/ul><\/div>\n<\/div>\n","protected":false},"excerpt":{"rendered":"<p>Osavi Lion&#8217;s Mane liefert 600 mg Hericium erinaceus-Fruchtk\u00f6perextrakt (DER 30:1), standardisiert auf min. 40 % Polysaccharide. 120 vegane Kapseln \u2013 glutenfrei und laktosefrei.<\/p>\n","protected":false},"featured_media":2381,"comment_status":"closed","ping_status":"open","template":"","meta":[],"product_brand":[219],"product_cat":[48,25,22],"product_tag":[],"class_list":{"0":"post-2380","1":"product","2":"type-product","3":"status-publish","4":"has-post-thumbnail","6":"product_brand-osavi","7":"product_cat-gesunde-ernaehrung","8":"product_cat-gesundheit-und-wohlbefinden","9":"product_cat-vegane-produkte","11":"first","12":"outofstock","13":"taxable","14":"shipping-taxable","15":"purchasable","16":"product-type-simple"},"yoast_head":"<!-- This site is optimized with the Yoast SEO plugin v27.5 - https:\/\/yoast.com\/product\/yoast-seo-wordpress\/ -->\n<title>Lion&#039;s Mane 600mg, 120 vegane Kapseln \u2013 Osavi | ecosupplements.ch<\/title>\n<meta name=\"description\" content=\"Hochwertiger Lion&#039;s Mane-Extrakt (DER 30:1) mit min. 40 % Polysacchariden \u2013 vegan, glutenfrei, 120 Kapseln. Jetzt bestellen.\" \/>\n<meta name=\"robots\" content=\"index, follow, max-snippet:-1, max-image-preview:large, max-video-preview:-1\" \/>\n<link rel=\"canonical\" href=\"https:\/\/ecosupplements.ch\/?product=lions-mane-600mg-120-vegan-caps\" \/>\n<meta property=\"og:locale\" content=\"de_DE\" \/>\n<meta property=\"og:type\" content=\"article\" \/>\n<meta property=\"og:title\" content=\"Lion&#039;s Mane 600mg, 120 vegane Kapseln \u2013 Osavi | ecosupplements.ch\" \/>\n<meta property=\"og:description\" content=\"Hochwertiger Lion&#039;s Mane-Extrakt (DER 30:1) mit min. 40 % Polysacchariden \u2013 vegan, glutenfrei, 120 Kapseln. Jetzt bestellen.\" \/>\n<meta property=\"og:url\" content=\"https:\/\/ecosupplements.ch\/?product=lions-mane-600mg-120-vegan-caps\" \/>\n<meta property=\"og:site_name\" content=\"Eco Supplements\" \/>\n<meta property=\"article:modified_time\" content=\"2026-05-13T07:25:35+00:00\" \/>\n<meta property=\"og:image\" content=\"https:\/\/ecosupplements.ch\/wp-content\/uploads\/2026\/05\/Lions-Mane-600mg-120-vegan-caps.png\" \/>\n\t<meta property=\"og:image:width\" content=\"500\" \/>\n\t<meta property=\"og:image:height\" content=\"750\" \/>\n\t<meta property=\"og:image:type\" content=\"image\/png\" \/>\n<meta name=\"twitter:card\" content=\"summary_large_image\" \/>\n<meta name=\"twitter:label1\" content=\"Price\" \/>\n\t<meta name=\"twitter:data1\" content=\"&#067;&#072;&#070;&nbsp;17.83\" \/>\n\t<meta name=\"twitter:label2\" content=\"Availability\" \/>\n\t<meta name=\"twitter:data2\" content=\"Out of stock\" \/>\n<script type=\"application\/ld+json\" class=\"yoast-schema-graph\">{\"@context\":\"https:\\\/\\\/schema.org\",\"@graph\":[{\"@type\":\"WebPage\",\"@id\":\"https:\\\/\\\/ecosupplements.ch\\\/?product=lions-mane-600mg-120-vegan-caps\",\"url\":\"https:\\\/\\\/ecosupplements.ch\\\/?product=lions-mane-600mg-120-vegan-caps\",\"name\":\"Lion's Mane 600mg, 120 vegane Kapseln \u2013 Osavi | ecosupplements.ch\",\"isPartOf\":{\"@id\":\"https:\\\/\\\/ecosupplements.ch\\\/#website\"},\"primaryImageOfPage\":{\"@id\":\"https:\\\/\\\/ecosupplements.ch\\\/?product=lions-mane-600mg-120-vegan-caps#primaryimage\"},\"image\":{\"@id\":\"https:\\\/\\\/ecosupplements.ch\\\/?product=lions-mane-600mg-120-vegan-caps#primaryimage\"},\"thumbnailUrl\":\"https:\\\/\\\/ecosupplements.ch\\\/wp-content\\\/uploads\\\/2026\\\/05\\\/Lions-Mane-600mg-120-vegan-caps.png\",\"datePublished\":\"2026-05-11T14:36:02+00:00\",\"dateModified\":\"2026-05-13T07:25:35+00:00\",\"description\":\"Hochwertiger Lion's Mane-Extrakt (DER 30:1) mit min. 40 % Polysacchariden \u2013 vegan, glutenfrei, 120 Kapseln. Jetzt bestellen.\",\"breadcrumb\":{\"@id\":\"https:\\\/\\\/ecosupplements.ch\\\/?product=lions-mane-600mg-120-vegan-caps#breadcrumb\"},\"inLanguage\":\"de-CH\",\"potentialAction\":[{\"@type\":\"ReadAction\",\"target\":[\"https:\\\/\\\/ecosupplements.ch\\\/?product=lions-mane-600mg-120-vegan-caps\"]}]},{\"@type\":\"ImageObject\",\"inLanguage\":\"de-CH\",\"@id\":\"https:\\\/\\\/ecosupplements.ch\\\/?product=lions-mane-600mg-120-vegan-caps#primaryimage\",\"url\":\"https:\\\/\\\/ecosupplements.ch\\\/wp-content\\\/uploads\\\/2026\\\/05\\\/Lions-Mane-600mg-120-vegan-caps.png\",\"contentUrl\":\"https:\\\/\\\/ecosupplements.ch\\\/wp-content\\\/uploads\\\/2026\\\/05\\\/Lions-Mane-600mg-120-vegan-caps.png\",\"width\":500,\"height\":750,\"caption\":\"Lion's Mane\"},{\"@type\":\"BreadcrumbList\",\"@id\":\"https:\\\/\\\/ecosupplements.ch\\\/?product=lions-mane-600mg-120-vegan-caps#breadcrumb\",\"itemListElement\":[{\"@type\":\"ListItem\",\"position\":1,\"name\":\"Home\",\"item\":\"https:\\\/\\\/ecosupplements.ch\\\/\"},{\"@type\":\"ListItem\",\"position\":2,\"name\":\"Shop\",\"item\":\"https:\\\/\\\/ecosupplements.ch\\\/?page_id=14\"},{\"@type\":\"ListItem\",\"position\":3,\"name\":\"Lion&#8217;s Mane, 600mg &#8211; 120 vegan caps\"}]},{\"@type\":\"WebSite\",\"@id\":\"https:\\\/\\\/ecosupplements.ch\\\/#website\",\"url\":\"https:\\\/\\\/ecosupplements.ch\\\/\",\"name\":\"Eco Supplements\",\"description\":\"\",\"potentialAction\":[{\"@type\":\"SearchAction\",\"target\":{\"@type\":\"EntryPoint\",\"urlTemplate\":\"https:\\\/\\\/ecosupplements.ch\\\/?s={search_term_string}\"},\"query-input\":{\"@type\":\"PropertyValueSpecification\",\"valueRequired\":true,\"valueName\":\"search_term_string\"}}],\"inLanguage\":\"de-CH\"}]}<\/script>\n<meta property=\"product:price:amount\" content=\"17.83\" \/>\n<meta property=\"product:price:currency\" content=\"CHF\" \/>\n<meta property=\"og:availability\" content=\"out of stock\" \/>\n<meta property=\"product:availability\" content=\"out of stock\" \/>\n<meta property=\"product:retailer_item_id\" content=\"5904139923955\" \/>\n<meta property=\"product:condition\" content=\"new\" \/>\n<!-- \/ Yoast SEO plugin. -->","yoast_head_json":{"title":"Lion's Mane 600mg, 120 vegane Kapseln \u2013 Osavi | ecosupplements.ch","description":"Hochwertiger Lion's Mane-Extrakt (DER 30:1) mit min. 40 % Polysacchariden \u2013 vegan, glutenfrei, 120 Kapseln. Jetzt bestellen.","robots":{"index":"index","follow":"follow","max-snippet":"max-snippet:-1","max-image-preview":"max-image-preview:large","max-video-preview":"max-video-preview:-1"},"canonical":"https:\/\/ecosupplements.ch\/?product=lions-mane-600mg-120-vegan-caps","og_locale":"de_DE","og_type":"article","og_title":"Lion's Mane 600mg, 120 vegane Kapseln \u2013 Osavi | ecosupplements.ch","og_description":"Hochwertiger Lion's Mane-Extrakt (DER 30:1) mit min. 40 % Polysacchariden \u2013 vegan, glutenfrei, 120 Kapseln. Jetzt bestellen.","og_url":"https:\/\/ecosupplements.ch\/?product=lions-mane-600mg-120-vegan-caps","og_site_name":"Eco Supplements","article_modified_time":"2026-05-13T07:25:35+00:00","og_image":[{"width":500,"height":750,"url":"https:\/\/ecosupplements.ch\/wp-content\/uploads\/2026\/05\/Lions-Mane-600mg-120-vegan-caps.png","type":"image\/png"}],"twitter_card":"summary_large_image","twitter_misc":{"Price":"&#67;&#72;&#70;&nbsp;17.83","Availability":"Out of stock"},"schema":{"@context":"https:\/\/schema.org","@graph":[{"@type":"WebPage","@id":"https:\/\/ecosupplements.ch\/?product=lions-mane-600mg-120-vegan-caps","url":"https:\/\/ecosupplements.ch\/?product=lions-mane-600mg-120-vegan-caps","name":"Lion's Mane 600mg, 120 vegane Kapseln \u2013 Osavi | ecosupplements.ch","isPartOf":{"@id":"https:\/\/ecosupplements.ch\/#website"},"primaryImageOfPage":{"@id":"https:\/\/ecosupplements.ch\/?product=lions-mane-600mg-120-vegan-caps#primaryimage"},"image":{"@id":"https:\/\/ecosupplements.ch\/?product=lions-mane-600mg-120-vegan-caps#primaryimage"},"thumbnailUrl":"https:\/\/ecosupplements.ch\/wp-content\/uploads\/2026\/05\/Lions-Mane-600mg-120-vegan-caps.png","datePublished":"2026-05-11T14:36:02+00:00","dateModified":"2026-05-13T07:25:35+00:00","description":"Hochwertiger Lion's Mane-Extrakt (DER 30:1) mit min. 40 % Polysacchariden \u2013 vegan, glutenfrei, 120 Kapseln. Jetzt bestellen.","breadcrumb":{"@id":"https:\/\/ecosupplements.ch\/?product=lions-mane-600mg-120-vegan-caps#breadcrumb"},"inLanguage":"de-CH","potentialAction":[{"@type":"ReadAction","target":["https:\/\/ecosupplements.ch\/?product=lions-mane-600mg-120-vegan-caps"]}]},{"@type":"ImageObject","inLanguage":"de-CH","@id":"https:\/\/ecosupplements.ch\/?product=lions-mane-600mg-120-vegan-caps#primaryimage","url":"https:\/\/ecosupplements.ch\/wp-content\/uploads\/2026\/05\/Lions-Mane-600mg-120-vegan-caps.png","contentUrl":"https:\/\/ecosupplements.ch\/wp-content\/uploads\/2026\/05\/Lions-Mane-600mg-120-vegan-caps.png","width":500,"height":750,"caption":"Lion's Mane"},{"@type":"BreadcrumbList","@id":"https:\/\/ecosupplements.ch\/?product=lions-mane-600mg-120-vegan-caps#breadcrumb","itemListElement":[{"@type":"ListItem","position":1,"name":"Home","item":"https:\/\/ecosupplements.ch\/"},{"@type":"ListItem","position":2,"name":"Shop","item":"https:\/\/ecosupplements.ch\/?page_id=14"},{"@type":"ListItem","position":3,"name":"Lion&#8217;s Mane, 600mg &#8211; 120 vegan caps"}]},{"@type":"WebSite","@id":"https:\/\/ecosupplements.ch\/#website","url":"https:\/\/ecosupplements.ch\/","name":"Eco Supplements","description":"","potentialAction":[{"@type":"SearchAction","target":{"@type":"EntryPoint","urlTemplate":"https:\/\/ecosupplements.ch\/?s={search_term_string}"},"query-input":{"@type":"PropertyValueSpecification","valueRequired":true,"valueName":"search_term_string"}}],"inLanguage":"de-CH"}]},"product_price_amount":"17.83","product_price_currency":"CHF","og_availability":"out of stock","product_availability":"out of stock","product_retailer_item_id":"5904139923955","product_condition":"new"},"_links":{"self":[{"href":"https:\/\/ecosupplements.ch\/index.php?rest_route=\/wp\/v2\/product\/2380","targetHints":{"allow":["GET"]}}],"collection":[{"href":"https:\/\/ecosupplements.ch\/index.php?rest_route=\/wp\/v2\/product"}],"about":[{"href":"https:\/\/ecosupplements.ch\/index.php?rest_route=\/wp\/v2\/types\/product"}],"replies":[{"embeddable":true,"href":"https:\/\/ecosupplements.ch\/index.php?rest_route=%2Fwp%2Fv2%2Fcomments&post=2380"}],"wp:featuredmedia":[{"embeddable":true,"href":"https:\/\/ecosupplements.ch\/index.php?rest_route=\/wp\/v2\/media\/2381"}],"wp:attachment":[{"href":"https:\/\/ecosupplements.ch\/index.php?rest_route=%2Fwp%2Fv2%2Fmedia&parent=2380"}],"wp:term":[{"taxonomy":"product_brand","embeddable":true,"href":"https:\/\/ecosupplements.ch\/index.php?rest_route=%2Fwp%2Fv2%2Fproduct_brand&post=2380"},{"taxonomy":"product_cat","embeddable":true,"href":"https:\/\/ecosupplements.ch\/index.php?rest_route=%2Fwp%2Fv2%2Fproduct_cat&post=2380"},{"taxonomy":"product_tag","embeddable":true,"href":"https:\/\/ecosupplements.ch\/index.php?rest_route=%2Fwp%2Fv2%2Fproduct_tag&post=2380"}],"curies":[{"name":"wp","href":"https:\/\/api.w.org\/{rel}","templated":true}]}}