{"id":2382,"date":"2026-05-11T14:36:04","date_gmt":"2026-05-11T14:36:04","guid":{"rendered":"https:\/\/ecosupplements.ch\/?product=lions-mane-600mg-60-vegan-caps"},"modified":"2026-05-13T07:25:35","modified_gmt":"2026-05-13T07:25:35","slug":"lions-mane-600mg-60-vegan-caps","status":"publish","type":"product","link":"https:\/\/ecosupplements.ch\/?product=lions-mane-600mg-60-vegan-caps","title":{"rendered":"Lion&#8217;s Mane, 600mg &#8211; 60 vegan caps"},"content":{"rendered":"<div class=\"chcg-product-description\">\n<h2 class=\"chcg-heading\">\u00dcber Osavi \u2013 Lion&#8217;s Mane, 600mg \u2013 60 vegane Kapseln<\/h2>\n<div class=\"chcg-intro\">\n<p>Der Lion&#8217;s Mane von Osavi liefert pro Kapsel 600 mg eines hochwertigen Extrakts aus den Fruchtk\u00f6rpern des Igelstachelbartes (<em>Hericium erinaceus<\/em>) \u2013 standardisiert auf mindestens 40 % Polysaccharide und mindestens 20 % Beta-Glucane. Dank des Extraktionsverh\u00e4ltnisses von 30:1 entspricht jede Kapsel 18 g frischer Igelstachelbart-Fruchtk\u00f6rper und bietet damit eine besonders konzentrierte Wirkstoffdichte in praktischer Kapselform.<\/p>\n<p>Beta-Glucane und Polysaccharide aus Pilzextrakten werden intensiv erforscht und erfreuen sich wachsendem Interesse in der Welt der Nahrungserg\u00e4nzungsmittel. Osavi setzt auf einen Extrakt aus den Fruchtk\u00f6rpern \u2013 nicht aus dem Myzel \u2013 und gew\u00e4hrleistet so eine hohe Reinheit und Standardisierung des Wirkstoffgehalts.<\/p>\n<p>Die vegane Kapsel aus Hydroxypropylmethylcellulose (HPMC) ist frei von Gluten, Laktose, Soja und GVO und eignet sich damit f\u00fcr eine breite Zielgruppe mit unterschiedlichen Ern\u00e4hrungsweisen und -bed\u00fcrfnissen.<\/p>\n<\/p><\/div>\n<div class=\"chcg-nutrition\">\n<h3>N\u00e4hrwertangaben<\/h3>\n<table class=\"chcg-nutrition-table\">\n<thead>\n<tr>\n<th>N\u00e4hrstoff<\/th>\n<th>Pro Portion (1 Kapsel)<\/th>\n<\/tr>\n<\/thead>\n<tbody>\n<tr>\n<td>Lion&#8217;s Mane (<em>Hericium erinaceus<\/em>) Fruchtk\u00f6rperextrakt, DER 30:1<\/td>\n<td>600 mg<\/td>\n<\/tr>\n<tr>\n<td>\u2013 davon mind. 40 % Polysaccharide<\/td>\n<td>240 mg<\/td>\n<\/tr>\n<tr>\n<td>\u2013 davon mind. 20 % Beta-Glucane<\/td>\n<td>120 mg<\/td>\n<\/tr>\n<\/tbody>\n<\/table>\n<p class=\"chcg-footnote\">600 mg Extrakt wurden aus 18 g frischen Lion&#8217;s-Mane-Fruchtk\u00f6rpern gewonnen.<\/p>\n<p class=\"chcg-footnote\">* Kein festgelegter Tagesreferenzwert.<\/p>\n<\/p><\/div>\n<div class=\"chcg-ingredients\">\n<h3>Zutaten<\/h3>\n<p>Lion&#8217;s Mane (<em>Hericium erinaceus<\/em>) Fruchtk\u00f6rperextrakt, DER 30:1, standardisiert auf: mind. 40 % Polysaccharide, davon Beta-Glucane mind. 20 %; 600 mg des Extrakts wurden aus 18 g der Lion&#8217;s-Mane-Fruchtk\u00f6rper gewonnen. Inulin.<\/p>\n<p class=\"chcg-capsule-shell\">Kapselh\u00fclle: Hydroxypropylmethylcellulose (HPMC) \u2013 vegane Kapselh\u00fclle.<\/p>\n<\/p><\/div>\n<div class=\"chcg-dosage\">\n<h3>Verzehrempfehlung<\/h3>\n<p>1 Kapsel pro Tag, nach einer Mahlzeit einnehmen. Mit einem Glas Wasser schlucken.<\/p>\n<\/p><\/div>\n<div class=\"chcg-warnings\">\n<h3>Warnhinweise<\/h3>\n<p>Die empfohlene Tagesdosis darf nicht \u00fcberschritten werden. Konsultieren Sie vor der Einnahme dieses Produkts Ihren Apotheker oder Arzt, wenn Sie schwanger werden m\u00f6chten, schwanger sind, stillen, unter \u00e4rztlicher Aufsicht stehen oder an Lebensmittelallergien leiden. Nicht f\u00fcr Kinder geeignet. Nahrungserg\u00e4nzungsmittel sollten nicht als Ersatz f\u00fcr eine ausgewogene Ern\u00e4hrung verwendet werden. Eine abwechslungsreiche Ern\u00e4hrung und ein gesunder Lebensstil sind wichtig, um die normale Gesundheit zu erhalten.<\/p>\n<\/p><\/div>\n<div class=\"chcg-allergens\">\n<h3>Allergeninformationen<\/h3>\n<p>Keine Allergene deklariert. Das Produkt ist frei von Gluten, Laktose, Soja und GVO.<\/p>\n<\/p><\/div>\n<div class=\"chcg-storage\">\n<h3>Lagerung<\/h3>\n<p>An einem dunklen und trockenen Ort bei Raumtemperatur lagern. Ausserhalb der Reichweite von Kleinkindern aufbewahren.<\/p>\n<\/p><\/div>\n<div class=\"chcg-dietary\">\n<h3>Ern\u00e4hrungshinweise<\/h3>\n<ul>\n<li>Vegan<\/li>\n<li>Vegetarisch<\/li>\n<li>Glutenfrei<\/li>\n<li>Laktosefrei<\/li>\n<\/ul><\/div>\n<\/div>\n","protected":false},"excerpt":{"rendered":"<p>Osavi Lion&#8217;s Mane liefert 600 mg standardisierten Fruchtk\u00f6rperextrakt (DER 30:1) pro veganer Kapsel \u2013 mit mind. 40 % Polysacchariden und 20 % Beta-Glucanen. 60 Kapseln, vegan, glutenfrei und laktosefrei.<\/p>\n","protected":false},"featured_media":2383,"comment_status":"closed","ping_status":"open","template":"","meta":[],"product_brand":[219],"product_cat":[48,25,22],"product_tag":[],"class_list":{"0":"post-2382","1":"product","2":"type-product","3":"status-publish","4":"has-post-thumbnail","6":"product_brand-osavi","7":"product_cat-gesunde-ernaehrung","8":"product_cat-gesundheit-und-wohlbefinden","9":"product_cat-vegane-produkte","11":"first","12":"outofstock","13":"taxable","14":"shipping-taxable","15":"purchasable","16":"product-type-simple"},"yoast_head":"<!-- This site is optimized with the Yoast SEO plugin v27.5 - https:\/\/yoast.com\/product\/yoast-seo-wordpress\/ -->\n<title>Lion&#039;s Mane 600mg, 60 vegane Kapseln \u2013 Osavi | ecosupplements.ch<\/title>\n<meta name=\"description\" content=\"Osavi Lion&#039;s Mane \u2013 600 mg Fruchtk\u00f6rperextrakt (DER 30:1) mit mind. 20 % Beta-Glucanen, 60 vegane Kapseln, glutenfrei. Jetzt bestellen.\" \/>\n<meta name=\"robots\" content=\"index, follow, max-snippet:-1, max-image-preview:large, max-video-preview:-1\" \/>\n<link rel=\"canonical\" href=\"https:\/\/ecosupplements.ch\/?product=lions-mane-600mg-60-vegan-caps\" \/>\n<meta property=\"og:locale\" content=\"de_DE\" \/>\n<meta property=\"og:type\" content=\"article\" \/>\n<meta property=\"og:title\" content=\"Lion&#039;s Mane 600mg, 60 vegane Kapseln \u2013 Osavi | ecosupplements.ch\" \/>\n<meta property=\"og:description\" content=\"Osavi Lion&#039;s Mane \u2013 600 mg Fruchtk\u00f6rperextrakt (DER 30:1) mit mind. 20 % Beta-Glucanen, 60 vegane Kapseln, glutenfrei. Jetzt bestellen.\" \/>\n<meta property=\"og:url\" content=\"https:\/\/ecosupplements.ch\/?product=lions-mane-600mg-60-vegan-caps\" \/>\n<meta property=\"og:site_name\" content=\"Eco Supplements\" \/>\n<meta property=\"article:modified_time\" content=\"2026-05-13T07:25:35+00:00\" \/>\n<meta property=\"og:image\" content=\"https:\/\/ecosupplements.ch\/wp-content\/uploads\/2026\/05\/Lions-Mane-600mg-60-vegan-caps.png\" \/>\n\t<meta property=\"og:image:width\" content=\"477\" \/>\n\t<meta property=\"og:image:height\" content=\"750\" \/>\n\t<meta property=\"og:image:type\" content=\"image\/png\" \/>\n<meta name=\"twitter:card\" content=\"summary_large_image\" \/>\n<meta name=\"twitter:label1\" content=\"Price\" \/>\n\t<meta name=\"twitter:data1\" content=\"&#067;&#072;&#070;&nbsp;10.70\" \/>\n\t<meta name=\"twitter:label2\" content=\"Availability\" \/>\n\t<meta name=\"twitter:data2\" content=\"Out of stock\" \/>\n<script type=\"application\/ld+json\" class=\"yoast-schema-graph\">{\"@context\":\"https:\\\/\\\/schema.org\",\"@graph\":[{\"@type\":\"WebPage\",\"@id\":\"https:\\\/\\\/ecosupplements.ch\\\/?product=lions-mane-600mg-60-vegan-caps\",\"url\":\"https:\\\/\\\/ecosupplements.ch\\\/?product=lions-mane-600mg-60-vegan-caps\",\"name\":\"Lion's Mane 600mg, 60 vegane Kapseln \u2013 Osavi | ecosupplements.ch\",\"isPartOf\":{\"@id\":\"https:\\\/\\\/ecosupplements.ch\\\/#website\"},\"primaryImageOfPage\":{\"@id\":\"https:\\\/\\\/ecosupplements.ch\\\/?product=lions-mane-600mg-60-vegan-caps#primaryimage\"},\"image\":{\"@id\":\"https:\\\/\\\/ecosupplements.ch\\\/?product=lions-mane-600mg-60-vegan-caps#primaryimage\"},\"thumbnailUrl\":\"https:\\\/\\\/ecosupplements.ch\\\/wp-content\\\/uploads\\\/2026\\\/05\\\/Lions-Mane-600mg-60-vegan-caps.png\",\"datePublished\":\"2026-05-11T14:36:04+00:00\",\"dateModified\":\"2026-05-13T07:25:35+00:00\",\"description\":\"Osavi Lion's Mane \u2013 600 mg Fruchtk\u00f6rperextrakt (DER 30:1) mit mind. 20 % Beta-Glucanen, 60 vegane Kapseln, glutenfrei. Jetzt bestellen.\",\"breadcrumb\":{\"@id\":\"https:\\\/\\\/ecosupplements.ch\\\/?product=lions-mane-600mg-60-vegan-caps#breadcrumb\"},\"inLanguage\":\"de-CH\",\"potentialAction\":[{\"@type\":\"ReadAction\",\"target\":[\"https:\\\/\\\/ecosupplements.ch\\\/?product=lions-mane-600mg-60-vegan-caps\"]}]},{\"@type\":\"ImageObject\",\"inLanguage\":\"de-CH\",\"@id\":\"https:\\\/\\\/ecosupplements.ch\\\/?product=lions-mane-600mg-60-vegan-caps#primaryimage\",\"url\":\"https:\\\/\\\/ecosupplements.ch\\\/wp-content\\\/uploads\\\/2026\\\/05\\\/Lions-Mane-600mg-60-vegan-caps.png\",\"contentUrl\":\"https:\\\/\\\/ecosupplements.ch\\\/wp-content\\\/uploads\\\/2026\\\/05\\\/Lions-Mane-600mg-60-vegan-caps.png\",\"width\":477,\"height\":750,\"caption\":\"Lion's Mane\"},{\"@type\":\"BreadcrumbList\",\"@id\":\"https:\\\/\\\/ecosupplements.ch\\\/?product=lions-mane-600mg-60-vegan-caps#breadcrumb\",\"itemListElement\":[{\"@type\":\"ListItem\",\"position\":1,\"name\":\"Home\",\"item\":\"https:\\\/\\\/ecosupplements.ch\\\/\"},{\"@type\":\"ListItem\",\"position\":2,\"name\":\"Shop\",\"item\":\"https:\\\/\\\/ecosupplements.ch\\\/?page_id=14\"},{\"@type\":\"ListItem\",\"position\":3,\"name\":\"Lion&#8217;s Mane, 600mg &#8211; 60 vegan caps\"}]},{\"@type\":\"WebSite\",\"@id\":\"https:\\\/\\\/ecosupplements.ch\\\/#website\",\"url\":\"https:\\\/\\\/ecosupplements.ch\\\/\",\"name\":\"Eco Supplements\",\"description\":\"\",\"potentialAction\":[{\"@type\":\"SearchAction\",\"target\":{\"@type\":\"EntryPoint\",\"urlTemplate\":\"https:\\\/\\\/ecosupplements.ch\\\/?s={search_term_string}\"},\"query-input\":{\"@type\":\"PropertyValueSpecification\",\"valueRequired\":true,\"valueName\":\"search_term_string\"}}],\"inLanguage\":\"de-CH\"}]}<\/script>\n<meta property=\"product:price:amount\" content=\"10.70\" \/>\n<meta property=\"product:price:currency\" content=\"CHF\" \/>\n<meta property=\"og:availability\" content=\"out of stock\" \/>\n<meta property=\"product:availability\" content=\"out of stock\" \/>\n<meta property=\"product:retailer_item_id\" content=\"5904139923948\" \/>\n<meta property=\"product:condition\" content=\"new\" \/>\n<!-- \/ Yoast SEO plugin. -->","yoast_head_json":{"title":"Lion's Mane 600mg, 60 vegane Kapseln \u2013 Osavi | ecosupplements.ch","description":"Osavi Lion's Mane \u2013 600 mg Fruchtk\u00f6rperextrakt (DER 30:1) mit mind. 20 % Beta-Glucanen, 60 vegane Kapseln, glutenfrei. Jetzt bestellen.","robots":{"index":"index","follow":"follow","max-snippet":"max-snippet:-1","max-image-preview":"max-image-preview:large","max-video-preview":"max-video-preview:-1"},"canonical":"https:\/\/ecosupplements.ch\/?product=lions-mane-600mg-60-vegan-caps","og_locale":"de_DE","og_type":"article","og_title":"Lion's Mane 600mg, 60 vegane Kapseln \u2013 Osavi | ecosupplements.ch","og_description":"Osavi Lion's Mane \u2013 600 mg Fruchtk\u00f6rperextrakt (DER 30:1) mit mind. 20 % Beta-Glucanen, 60 vegane Kapseln, glutenfrei. Jetzt bestellen.","og_url":"https:\/\/ecosupplements.ch\/?product=lions-mane-600mg-60-vegan-caps","og_site_name":"Eco Supplements","article_modified_time":"2026-05-13T07:25:35+00:00","og_image":[{"width":477,"height":750,"url":"https:\/\/ecosupplements.ch\/wp-content\/uploads\/2026\/05\/Lions-Mane-600mg-60-vegan-caps.png","type":"image\/png"}],"twitter_card":"summary_large_image","twitter_misc":{"Price":"&#67;&#72;&#70;&nbsp;10.70","Availability":"Out of stock"},"schema":{"@context":"https:\/\/schema.org","@graph":[{"@type":"WebPage","@id":"https:\/\/ecosupplements.ch\/?product=lions-mane-600mg-60-vegan-caps","url":"https:\/\/ecosupplements.ch\/?product=lions-mane-600mg-60-vegan-caps","name":"Lion's Mane 600mg, 60 vegane Kapseln \u2013 Osavi | ecosupplements.ch","isPartOf":{"@id":"https:\/\/ecosupplements.ch\/#website"},"primaryImageOfPage":{"@id":"https:\/\/ecosupplements.ch\/?product=lions-mane-600mg-60-vegan-caps#primaryimage"},"image":{"@id":"https:\/\/ecosupplements.ch\/?product=lions-mane-600mg-60-vegan-caps#primaryimage"},"thumbnailUrl":"https:\/\/ecosupplements.ch\/wp-content\/uploads\/2026\/05\/Lions-Mane-600mg-60-vegan-caps.png","datePublished":"2026-05-11T14:36:04+00:00","dateModified":"2026-05-13T07:25:35+00:00","description":"Osavi Lion's Mane \u2013 600 mg Fruchtk\u00f6rperextrakt (DER 30:1) mit mind. 20 % Beta-Glucanen, 60 vegane Kapseln, glutenfrei. Jetzt bestellen.","breadcrumb":{"@id":"https:\/\/ecosupplements.ch\/?product=lions-mane-600mg-60-vegan-caps#breadcrumb"},"inLanguage":"de-CH","potentialAction":[{"@type":"ReadAction","target":["https:\/\/ecosupplements.ch\/?product=lions-mane-600mg-60-vegan-caps"]}]},{"@type":"ImageObject","inLanguage":"de-CH","@id":"https:\/\/ecosupplements.ch\/?product=lions-mane-600mg-60-vegan-caps#primaryimage","url":"https:\/\/ecosupplements.ch\/wp-content\/uploads\/2026\/05\/Lions-Mane-600mg-60-vegan-caps.png","contentUrl":"https:\/\/ecosupplements.ch\/wp-content\/uploads\/2026\/05\/Lions-Mane-600mg-60-vegan-caps.png","width":477,"height":750,"caption":"Lion's Mane"},{"@type":"BreadcrumbList","@id":"https:\/\/ecosupplements.ch\/?product=lions-mane-600mg-60-vegan-caps#breadcrumb","itemListElement":[{"@type":"ListItem","position":1,"name":"Home","item":"https:\/\/ecosupplements.ch\/"},{"@type":"ListItem","position":2,"name":"Shop","item":"https:\/\/ecosupplements.ch\/?page_id=14"},{"@type":"ListItem","position":3,"name":"Lion&#8217;s Mane, 600mg &#8211; 60 vegan caps"}]},{"@type":"WebSite","@id":"https:\/\/ecosupplements.ch\/#website","url":"https:\/\/ecosupplements.ch\/","name":"Eco Supplements","description":"","potentialAction":[{"@type":"SearchAction","target":{"@type":"EntryPoint","urlTemplate":"https:\/\/ecosupplements.ch\/?s={search_term_string}"},"query-input":{"@type":"PropertyValueSpecification","valueRequired":true,"valueName":"search_term_string"}}],"inLanguage":"de-CH"}]},"product_price_amount":"10.70","product_price_currency":"CHF","og_availability":"out of stock","product_availability":"out of stock","product_retailer_item_id":"5904139923948","product_condition":"new"},"_links":{"self":[{"href":"https:\/\/ecosupplements.ch\/index.php?rest_route=\/wp\/v2\/product\/2382","targetHints":{"allow":["GET"]}}],"collection":[{"href":"https:\/\/ecosupplements.ch\/index.php?rest_route=\/wp\/v2\/product"}],"about":[{"href":"https:\/\/ecosupplements.ch\/index.php?rest_route=\/wp\/v2\/types\/product"}],"replies":[{"embeddable":true,"href":"https:\/\/ecosupplements.ch\/index.php?rest_route=%2Fwp%2Fv2%2Fcomments&post=2382"}],"wp:featuredmedia":[{"embeddable":true,"href":"https:\/\/ecosupplements.ch\/index.php?rest_route=\/wp\/v2\/media\/2383"}],"wp:attachment":[{"href":"https:\/\/ecosupplements.ch\/index.php?rest_route=%2Fwp%2Fv2%2Fmedia&parent=2382"}],"wp:term":[{"taxonomy":"product_brand","embeddable":true,"href":"https:\/\/ecosupplements.ch\/index.php?rest_route=%2Fwp%2Fv2%2Fproduct_brand&post=2382"},{"taxonomy":"product_cat","embeddable":true,"href":"https:\/\/ecosupplements.ch\/index.php?rest_route=%2Fwp%2Fv2%2Fproduct_cat&post=2382"},{"taxonomy":"product_tag","embeddable":true,"href":"https:\/\/ecosupplements.ch\/index.php?rest_route=%2Fwp%2Fv2%2Fproduct_tag&post=2382"}],"curies":[{"name":"wp","href":"https:\/\/api.w.org\/{rel}","templated":true}]}}