{"id":2388,"date":"2026-05-11T14:36:06","date_gmt":"2026-05-11T14:36:06","guid":{"rendered":"https:\/\/ecosupplements.ch\/?product=liposomal-vitamin-c-1000mg-120-vcaps"},"modified":"2026-05-13T07:25:29","modified_gmt":"2026-05-13T07:25:29","slug":"liposomal-vitamin-c-1000mg-120-vcaps","status":"publish","type":"product","link":"https:\/\/ecosupplements.ch\/?product=liposomal-vitamin-c-1000mg-120-vcaps","title":{"rendered":"Liposomal Vitamin C, 1000mg &#8211; 120 vcaps"},"content":{"rendered":"<div class=\"chcg-product-description\">\n<h2 class=\"chcg-heading\">\u00dcber Osavi \u2013 Liposomal Vitamin C, 1000mg \u2013 120 Vcaps<\/h2>\n<div class=\"chcg-intro\">\n<p>Das liposomale Vitamin C von Osavi liefert 1000 mg L-Ascorbins\u00e4ure pro Tagesdosis in einer fortschrittlichen liposomalen Formulierung. Dank der patentierten Liposovit\u00ae-C-Technologie wird das Vitamin C in Phospholipide aus Sonnenblumenlecithin eingebettet, was eine verbesserte Aufnahme im Vergleich zu herk\u00f6mmlichen Vitamin-C-Pr\u00e4paraten erm\u00f6glicht.<\/p>\n<p>Vitamin C tr\u00e4gt zur normalen Funktion des Immunsystems, zur Verringerung von M\u00fcdigkeit und Ersch\u00f6pfung sowie zum Schutz der Zellen vor oxidativem Stress bei. Zus\u00e4tzlich unterst\u00fctzt es die normale Kollagenbildung f\u00fcr eine normale Funktion von Haut, Knochen, Z\u00e4hnen, Knorpel und Blutgef\u00e4ssen.<\/p>\n<p>Die veganen Kapseln mit H\u00fclle aus Hydroxypropylmethylcellulose (HPMC) sind frei von Gluten, Laktose, Soja und gentechnisch ver\u00e4nderten Organismen \u2013 ideal f\u00fcr eine bewusste Ern\u00e4hrungsweise und anspruchsvolle Konsumentinnen und Konsumenten.<\/p>\n<\/p><\/div>\n<div class=\"chcg-nutrition\">\n<h3>N\u00e4hrwertangaben<\/h3>\n<table class=\"chcg-nutrition-table\">\n<thead>\n<tr>\n<th>N\u00e4hrstoff<\/th>\n<th>Pro Portion (2 Kapseln)<\/th>\n<\/tr>\n<\/thead>\n<tbody>\n<tr>\n<td>Liposovit\u00ae-C (liposomales Vitamin C)<\/td>\n<td>\u2014<\/td>\n<\/tr>\n<tr>\n<td>&nbsp;&nbsp;\u2013 davon Vitamin C (L-Ascorbins\u00e4ure)<\/td>\n<td>1000 mg (1250% NRW*)<\/td>\n<\/tr>\n<\/tbody>\n<\/table>\n<p class=\"chcg-footnote\">* NRW \u2013 N\u00e4hrstoffbezugswert (Nutrient Reference Value)<\/p>\n<\/p><\/div>\n<div class=\"chcg-ingredients\">\n<h3>Zutaten<\/h3>\n<p>Liposovit\u00ae-C (liposomales Vitamin C) [L-Ascorbins\u00e4ure, Maltodextrin, Tr\u00e4gerstoff: Glycerol, Emulgator: Sonnenblumenlecithin-Phospholipide].<\/p>\n<p class=\"chcg-capsule-shell\">Kapselh\u00fclle: Hydroxypropylmethylcellulose (HPMC).<\/p>\n<\/p><\/div>\n<div class=\"chcg-dosage\">\n<h3>Verzehrempfehlung<\/h3>\n<p>Empfohlene Tagesdosis: 2 Kapseln. Wir empfehlen, t\u00e4glich 1 Kapsel zweimal t\u00e4glich nach einer Mahlzeit einzunehmen. Mit einem Glas Wasser schlucken.<\/p>\n<\/p><\/div>\n<div class=\"chcg-warnings\">\n<h3>Warnhinweise<\/h3>\n<p>Die empfohlene Tagesdosis sollte nicht \u00fcberschritten werden. Konsultieren Sie vor der Einnahme dieses Produkts Ihre Apothekerin, Ihren Apotheker, Ihre \u00c4rztin oder Ihren Arzt, wenn Sie schwanger werden m\u00f6chten, schwanger sind, stillen, unter \u00e4rztlicher Aufsicht stehen oder an Lebensmittelallergien leiden. Nahrungserg\u00e4nzungsmittel sollten nicht als Ersatz f\u00fcr eine ausgewogene Ern\u00e4hrung verwendet werden. Eine abwechslungsreiche Ern\u00e4hrung und eine gesunde Lebensweise sind wichtig, um die normale Gesundheit zu erhalten. Ausserhalb der Reichweite von Kleinkindern aufbewahren.<\/p>\n<\/p><\/div>\n<div class=\"chcg-allergens\">\n<h3>Allergeninformationen<\/h3>\n<p>Enth\u00e4lt Sonnenblumenlecithin. Frei von Gluten, Laktose, Soja und gentechnisch ver\u00e4nderten Organismen (GVO).<\/p>\n<\/p><\/div>\n<div class=\"chcg-storage\">\n<h3>Lagerung<\/h3>\n<p>An einem dunklen und trockenen Ort bei Raumtemperatur aufbewahren. Ausserhalb der Reichweite von Kleinkindern aufbewahren.<\/p>\n<\/p><\/div>\n<div class=\"chcg-dietary\">\n<h3>Ern\u00e4hrungshinweise<\/h3>\n<ul>\n<li>Vegan<\/li>\n<li>Vegetarisch<\/li>\n<li>Glutenfrei<\/li>\n<li>Laktosefrei<\/li>\n<\/ul><\/div>\n<\/div>\n","protected":false},"excerpt":{"rendered":"<p>Osavi Liposomal Vitamin C liefert 1000 mg L-Ascorbins\u00e4ure pro Tagesdosis in liposomaler Form f\u00fcr eine optimierte Aufnahme. 120 vegane HPMC-Kapseln, frei von Gluten, Laktose und Soja.<\/p>\n","protected":false},"featured_media":2389,"comment_status":"closed","ping_status":"open","template":"","meta":[],"product_brand":[219],"product_cat":[27,48,25,26,32,22,29,21],"product_tag":[],"class_list":{"0":"post-2388","1":"product","2":"type-product","3":"status-publish","4":"has-post-thumbnail","6":"product_brand-osavi","7":"product_cat-einige-vitamine","8":"product_cat-gesunde-ernaehrung","9":"product_cat-gesundheit-und-wohlbefinden","10":"product_cat-multivitamine","11":"product_cat-nahrungsergaenzungsmittel-fuer-frauen","12":"product_cat-vegane-produkte","13":"product_cat-vitamin-c","14":"product_cat-vitamine-und-mineralstoffe","16":"first","17":"outofstock","18":"taxable","19":"shipping-taxable","20":"purchasable","21":"product-type-simple"},"yoast_head":"<!-- This site is optimized with the Yoast SEO plugin v27.5 - https:\/\/yoast.com\/product\/yoast-seo-wordpress\/ -->\n<title>Liposomal Vitamin C 1000mg \u2013 Osavi | ecosupplements.ch<\/title>\n<meta name=\"description\" content=\"Osavi Liposomal Vitamin C mit 1000 mg pro Tagesdosis in 120 veganen Kapseln \u2013 f\u00fcr Immunsystem und Zellschutz. Jetzt bestellen.\" \/>\n<meta name=\"robots\" content=\"index, follow, max-snippet:-1, max-image-preview:large, max-video-preview:-1\" \/>\n<link rel=\"canonical\" href=\"https:\/\/ecosupplements.ch\/?product=liposomal-vitamin-c-1000mg-120-vcaps\" \/>\n<meta property=\"og:locale\" content=\"de_DE\" \/>\n<meta property=\"og:type\" content=\"article\" \/>\n<meta property=\"og:title\" content=\"Liposomal Vitamin C 1000mg \u2013 Osavi | ecosupplements.ch\" \/>\n<meta property=\"og:description\" content=\"Osavi Liposomal Vitamin C mit 1000 mg pro Tagesdosis in 120 veganen Kapseln \u2013 f\u00fcr Immunsystem und Zellschutz. Jetzt bestellen.\" \/>\n<meta property=\"og:url\" content=\"https:\/\/ecosupplements.ch\/?product=liposomal-vitamin-c-1000mg-120-vcaps\" \/>\n<meta property=\"og:site_name\" content=\"Eco Supplements\" \/>\n<meta property=\"article:modified_time\" content=\"2026-05-13T07:25:29+00:00\" \/>\n<meta property=\"og:image\" content=\"https:\/\/ecosupplements.ch\/wp-content\/uploads\/2026\/05\/Liposomal-Vitamin-C-1000mg-120-vcaps.png\" \/>\n\t<meta property=\"og:image:width\" content=\"483\" \/>\n\t<meta property=\"og:image:height\" content=\"750\" \/>\n\t<meta property=\"og:image:type\" content=\"image\/png\" \/>\n<meta name=\"twitter:card\" content=\"summary_large_image\" \/>\n<meta name=\"twitter:label1\" content=\"Price\" \/>\n\t<meta name=\"twitter:data1\" content=\"&#067;&#072;&#070;&nbsp;24.78\" \/>\n\t<meta name=\"twitter:label2\" content=\"Availability\" \/>\n\t<meta name=\"twitter:data2\" content=\"Out of stock\" \/>\n<script type=\"application\/ld+json\" class=\"yoast-schema-graph\">{\"@context\":\"https:\\\/\\\/schema.org\",\"@graph\":[{\"@type\":\"WebPage\",\"@id\":\"https:\\\/\\\/ecosupplements.ch\\\/?product=liposomal-vitamin-c-1000mg-120-vcaps\",\"url\":\"https:\\\/\\\/ecosupplements.ch\\\/?product=liposomal-vitamin-c-1000mg-120-vcaps\",\"name\":\"Liposomal Vitamin C 1000mg \u2013 Osavi | ecosupplements.ch\",\"isPartOf\":{\"@id\":\"https:\\\/\\\/ecosupplements.ch\\\/#website\"},\"primaryImageOfPage\":{\"@id\":\"https:\\\/\\\/ecosupplements.ch\\\/?product=liposomal-vitamin-c-1000mg-120-vcaps#primaryimage\"},\"image\":{\"@id\":\"https:\\\/\\\/ecosupplements.ch\\\/?product=liposomal-vitamin-c-1000mg-120-vcaps#primaryimage\"},\"thumbnailUrl\":\"https:\\\/\\\/ecosupplements.ch\\\/wp-content\\\/uploads\\\/2026\\\/05\\\/Liposomal-Vitamin-C-1000mg-120-vcaps.png\",\"datePublished\":\"2026-05-11T14:36:06+00:00\",\"dateModified\":\"2026-05-13T07:25:29+00:00\",\"description\":\"Osavi Liposomal Vitamin C mit 1000 mg pro Tagesdosis in 120 veganen Kapseln \u2013 f\u00fcr Immunsystem und Zellschutz. Jetzt bestellen.\",\"breadcrumb\":{\"@id\":\"https:\\\/\\\/ecosupplements.ch\\\/?product=liposomal-vitamin-c-1000mg-120-vcaps#breadcrumb\"},\"inLanguage\":\"de-CH\",\"potentialAction\":[{\"@type\":\"ReadAction\",\"target\":[\"https:\\\/\\\/ecosupplements.ch\\\/?product=liposomal-vitamin-c-1000mg-120-vcaps\"]}]},{\"@type\":\"ImageObject\",\"inLanguage\":\"de-CH\",\"@id\":\"https:\\\/\\\/ecosupplements.ch\\\/?product=liposomal-vitamin-c-1000mg-120-vcaps#primaryimage\",\"url\":\"https:\\\/\\\/ecosupplements.ch\\\/wp-content\\\/uploads\\\/2026\\\/05\\\/Liposomal-Vitamin-C-1000mg-120-vcaps.png\",\"contentUrl\":\"https:\\\/\\\/ecosupplements.ch\\\/wp-content\\\/uploads\\\/2026\\\/05\\\/Liposomal-Vitamin-C-1000mg-120-vcaps.png\",\"width\":483,\"height\":750,\"caption\":\"Liposomal Vitamin C\"},{\"@type\":\"BreadcrumbList\",\"@id\":\"https:\\\/\\\/ecosupplements.ch\\\/?product=liposomal-vitamin-c-1000mg-120-vcaps#breadcrumb\",\"itemListElement\":[{\"@type\":\"ListItem\",\"position\":1,\"name\":\"Home\",\"item\":\"https:\\\/\\\/ecosupplements.ch\\\/\"},{\"@type\":\"ListItem\",\"position\":2,\"name\":\"Shop\",\"item\":\"https:\\\/\\\/ecosupplements.ch\\\/?page_id=14\"},{\"@type\":\"ListItem\",\"position\":3,\"name\":\"Liposomal Vitamin C, 1000mg &#8211; 120 vcaps\"}]},{\"@type\":\"WebSite\",\"@id\":\"https:\\\/\\\/ecosupplements.ch\\\/#website\",\"url\":\"https:\\\/\\\/ecosupplements.ch\\\/\",\"name\":\"Eco Supplements\",\"description\":\"\",\"potentialAction\":[{\"@type\":\"SearchAction\",\"target\":{\"@type\":\"EntryPoint\",\"urlTemplate\":\"https:\\\/\\\/ecosupplements.ch\\\/?s={search_term_string}\"},\"query-input\":{\"@type\":\"PropertyValueSpecification\",\"valueRequired\":true,\"valueName\":\"search_term_string\"}}],\"inLanguage\":\"de-CH\"}]}<\/script>\n<meta property=\"product:price:amount\" content=\"24.78\" \/>\n<meta property=\"product:price:currency\" content=\"CHF\" \/>\n<meta property=\"og:availability\" content=\"out of stock\" \/>\n<meta property=\"product:availability\" content=\"out of stock\" \/>\n<meta property=\"product:retailer_item_id\" content=\"5904139922279\" \/>\n<meta property=\"product:condition\" content=\"new\" \/>\n<!-- \/ Yoast SEO plugin. -->","yoast_head_json":{"title":"Liposomal Vitamin C 1000mg \u2013 Osavi | ecosupplements.ch","description":"Osavi Liposomal Vitamin C mit 1000 mg pro Tagesdosis in 120 veganen Kapseln \u2013 f\u00fcr Immunsystem und Zellschutz. Jetzt bestellen.","robots":{"index":"index","follow":"follow","max-snippet":"max-snippet:-1","max-image-preview":"max-image-preview:large","max-video-preview":"max-video-preview:-1"},"canonical":"https:\/\/ecosupplements.ch\/?product=liposomal-vitamin-c-1000mg-120-vcaps","og_locale":"de_DE","og_type":"article","og_title":"Liposomal Vitamin C 1000mg \u2013 Osavi | ecosupplements.ch","og_description":"Osavi Liposomal Vitamin C mit 1000 mg pro Tagesdosis in 120 veganen Kapseln \u2013 f\u00fcr Immunsystem und Zellschutz. Jetzt bestellen.","og_url":"https:\/\/ecosupplements.ch\/?product=liposomal-vitamin-c-1000mg-120-vcaps","og_site_name":"Eco Supplements","article_modified_time":"2026-05-13T07:25:29+00:00","og_image":[{"width":483,"height":750,"url":"https:\/\/ecosupplements.ch\/wp-content\/uploads\/2026\/05\/Liposomal-Vitamin-C-1000mg-120-vcaps.png","type":"image\/png"}],"twitter_card":"summary_large_image","twitter_misc":{"Price":"&#67;&#72;&#70;&nbsp;24.78","Availability":"Out of stock"},"schema":{"@context":"https:\/\/schema.org","@graph":[{"@type":"WebPage","@id":"https:\/\/ecosupplements.ch\/?product=liposomal-vitamin-c-1000mg-120-vcaps","url":"https:\/\/ecosupplements.ch\/?product=liposomal-vitamin-c-1000mg-120-vcaps","name":"Liposomal Vitamin C 1000mg \u2013 Osavi | ecosupplements.ch","isPartOf":{"@id":"https:\/\/ecosupplements.ch\/#website"},"primaryImageOfPage":{"@id":"https:\/\/ecosupplements.ch\/?product=liposomal-vitamin-c-1000mg-120-vcaps#primaryimage"},"image":{"@id":"https:\/\/ecosupplements.ch\/?product=liposomal-vitamin-c-1000mg-120-vcaps#primaryimage"},"thumbnailUrl":"https:\/\/ecosupplements.ch\/wp-content\/uploads\/2026\/05\/Liposomal-Vitamin-C-1000mg-120-vcaps.png","datePublished":"2026-05-11T14:36:06+00:00","dateModified":"2026-05-13T07:25:29+00:00","description":"Osavi Liposomal Vitamin C mit 1000 mg pro Tagesdosis in 120 veganen Kapseln \u2013 f\u00fcr Immunsystem und Zellschutz. Jetzt bestellen.","breadcrumb":{"@id":"https:\/\/ecosupplements.ch\/?product=liposomal-vitamin-c-1000mg-120-vcaps#breadcrumb"},"inLanguage":"de-CH","potentialAction":[{"@type":"ReadAction","target":["https:\/\/ecosupplements.ch\/?product=liposomal-vitamin-c-1000mg-120-vcaps"]}]},{"@type":"ImageObject","inLanguage":"de-CH","@id":"https:\/\/ecosupplements.ch\/?product=liposomal-vitamin-c-1000mg-120-vcaps#primaryimage","url":"https:\/\/ecosupplements.ch\/wp-content\/uploads\/2026\/05\/Liposomal-Vitamin-C-1000mg-120-vcaps.png","contentUrl":"https:\/\/ecosupplements.ch\/wp-content\/uploads\/2026\/05\/Liposomal-Vitamin-C-1000mg-120-vcaps.png","width":483,"height":750,"caption":"Liposomal Vitamin C"},{"@type":"BreadcrumbList","@id":"https:\/\/ecosupplements.ch\/?product=liposomal-vitamin-c-1000mg-120-vcaps#breadcrumb","itemListElement":[{"@type":"ListItem","position":1,"name":"Home","item":"https:\/\/ecosupplements.ch\/"},{"@type":"ListItem","position":2,"name":"Shop","item":"https:\/\/ecosupplements.ch\/?page_id=14"},{"@type":"ListItem","position":3,"name":"Liposomal Vitamin C, 1000mg &#8211; 120 vcaps"}]},{"@type":"WebSite","@id":"https:\/\/ecosupplements.ch\/#website","url":"https:\/\/ecosupplements.ch\/","name":"Eco Supplements","description":"","potentialAction":[{"@type":"SearchAction","target":{"@type":"EntryPoint","urlTemplate":"https:\/\/ecosupplements.ch\/?s={search_term_string}"},"query-input":{"@type":"PropertyValueSpecification","valueRequired":true,"valueName":"search_term_string"}}],"inLanguage":"de-CH"}]},"product_price_amount":"24.78","product_price_currency":"CHF","og_availability":"out of stock","product_availability":"out of stock","product_retailer_item_id":"5904139922279","product_condition":"new"},"_links":{"self":[{"href":"https:\/\/ecosupplements.ch\/index.php?rest_route=\/wp\/v2\/product\/2388","targetHints":{"allow":["GET"]}}],"collection":[{"href":"https:\/\/ecosupplements.ch\/index.php?rest_route=\/wp\/v2\/product"}],"about":[{"href":"https:\/\/ecosupplements.ch\/index.php?rest_route=\/wp\/v2\/types\/product"}],"replies":[{"embeddable":true,"href":"https:\/\/ecosupplements.ch\/index.php?rest_route=%2Fwp%2Fv2%2Fcomments&post=2388"}],"wp:featuredmedia":[{"embeddable":true,"href":"https:\/\/ecosupplements.ch\/index.php?rest_route=\/wp\/v2\/media\/2389"}],"wp:attachment":[{"href":"https:\/\/ecosupplements.ch\/index.php?rest_route=%2Fwp%2Fv2%2Fmedia&parent=2388"}],"wp:term":[{"taxonomy":"product_brand","embeddable":true,"href":"https:\/\/ecosupplements.ch\/index.php?rest_route=%2Fwp%2Fv2%2Fproduct_brand&post=2388"},{"taxonomy":"product_cat","embeddable":true,"href":"https:\/\/ecosupplements.ch\/index.php?rest_route=%2Fwp%2Fv2%2Fproduct_cat&post=2388"},{"taxonomy":"product_tag","embeddable":true,"href":"https:\/\/ecosupplements.ch\/index.php?rest_route=%2Fwp%2Fv2%2Fproduct_tag&post=2388"}],"curies":[{"name":"wp","href":"https:\/\/api.w.org\/{rel}","templated":true}]}}