{"id":2390,"date":"2026-05-11T14:36:07","date_gmt":"2026-05-11T14:36:07","guid":{"rendered":"https:\/\/ecosupplements.ch\/?product=maca-1000mg-120-vegan-caps"},"modified":"2026-05-13T07:25:29","modified_gmt":"2026-05-13T07:25:29","slug":"maca-1000mg-120-vegan-caps","status":"publish","type":"product","link":"https:\/\/ecosupplements.ch\/?product=maca-1000mg-120-vegan-caps","title":{"rendered":"Maca, 1000mg &#8211; 120 vegan caps"},"content":{"rendered":"<div class=\"chcg-product-description\">\n<h2 class=\"chcg-heading\">\u00dcber Osavi \u2013 Maca, 1000mg \u2013 120 vegane Kapseln<\/h2>\n<div class=\"chcg-intro\">\n<p>Maca (<em>Lepidium meyenii<\/em>) ist eine Pflanze aus den Hochanden S\u00fcdamerikas, die seit Jahrhunderten in der traditionellen Ern\u00e4hrung gesch\u00e4tzt wird. Osavi setzt auf einen hochwertigen Wurzelextrakt im Verh\u00e4ltnis 5:1 \u2013 zwei Kapseln liefern 1000 mg Extrakt, was 5000 mg getrockneter Maca-Wurzel entspricht. Dieses Konzentrationsverh\u00e4ltnis erm\u00f6glicht eine effiziente Versorgung in kompakter Kapselform.<\/p>\n<p>Die veganen Kapseln sind frei von tierischen Bestandteilen und werden mit Inulin als pflanzlichem F\u00fcllstoff hergestellt. Die Kapselumh\u00fcllung besteht aus Hydroxypropylmethylcellulose (HPMC), was das Produkt sowohl f\u00fcr Veganer als auch f\u00fcr Vegetarier geeignet macht. Zudem ist das Produkt frei von Gluten und Laktose.<\/p>\n<p>Mit 120 Kapseln pro Packung und einer empfohlenen Tagesdosis von 2 Kapseln deckt eine Packung einen Vorrat von 60 Tagen ab. Osavi steht f\u00fcr transparente Zutatenlisten und sorgf\u00e4ltig formulierte Nahrungserg\u00e4nzungsmittel, die h\u00f6chsten Qualit\u00e4tsanspr\u00fcchen gen\u00fcgen.<\/p>\n<\/p><\/div>\n<div class=\"chcg-nutrition\">\n<h3>N\u00e4hrwertangaben<\/h3>\n<table class=\"chcg-nutrition-table\">\n<thead>\n<tr>\n<th>N\u00e4hrstoff<\/th>\n<th>Pro Portion (2 Kapseln)<\/th>\n<\/tr>\n<\/thead>\n<tbody>\n<tr>\n<td>Maca (<em>Lepidium meyenii<\/em>) Wurzelextrakt, DER 5:1<\/td>\n<td>1000 mg*<\/td>\n<\/tr>\n<tr>\n<td>\u2013 entspricht Maca-Wurzel<\/td>\n<td>5000 mg<\/td>\n<\/tr>\n<\/tbody>\n<\/table>\n<p class=\"chcg-footnote\">* Kein N\u00e4hrstoffreferenzwert (NRV) f\u00fcr Maca-Wurzelextrakt festgelegt.<\/p>\n<\/p><\/div>\n<div class=\"chcg-ingredients\">\n<h3>Zutaten<\/h3>\n<p>Maca (<em>Lepidium meyenii<\/em>) Wurzelextrakt, DER 5:1; Kapselh\u00fclle (Hydroxypropylmethylcellulose); Inulin.<\/p>\n<p class=\"chcg-capsule-shell\">Kapselh\u00fclle: Hydroxypropylmethylcellulose (HPMC)<\/p>\n<\/p><\/div>\n<div class=\"chcg-dosage\">\n<h3>Verzehrempfehlung<\/h3>\n<p>2 Kapseln nach einer Mahlzeit einnehmen. Empfohlene Tagesdosis: 2 Kapseln (liefern 1000 mg Maca-Wurzelextrakt, DER 5:1, entsprechend 5000 mg Maca-Wurzel). Portionen pro Packung: 60.<\/p>\n<\/p><\/div>\n<div class=\"chcg-warnings\">\n<h3>Warnhinweise<\/h3>\n<p>Die empfohlene Tagesdosis sollte nicht \u00fcberschritten werden. Wie bei anderen Nahrungserg\u00e4nzungsmitteln empfiehlt es sich, vor der Einnahme fachkundigen Rat einzuholen, wenn Sie unter \u00e4rztlicher Aufsicht stehen, schwanger sind, stillen oder unter Nahrungsmittelallergien leiden. Nicht f\u00fcr Kinder empfohlen. Nahrungserg\u00e4nzungsmittel sind kein Ersatz f\u00fcr eine ausgewogene und abwechslungsreiche Ern\u00e4hrung. Eine abwechslungsreiche Ern\u00e4hrung und ein gesunder Lebensstil sind wichtig, um die normale Gesundheit zu erhalten.<\/p>\n<\/p><\/div>\n<div class=\"chcg-allergens\">\n<h3>Allergeninformationen<\/h3>\n<p>Keine Allergene auf dem Etikett deklariert.<\/p>\n<\/p><\/div>\n<div class=\"chcg-storage\">\n<h3>Lagerung<\/h3>\n<p>An einem dunklen und trockenen Ort bei Raumtemperatur lagern. Ausserhalb der Reichweite von Kindern aufbewahren.<\/p>\n<\/p><\/div>\n<div class=\"chcg-dietary\">\n<h3>Ern\u00e4hrungshinweise<\/h3>\n<ul>\n<li>Vegan<\/li>\n<li>Vegetarisch<\/li>\n<li>Glutenfrei<\/li>\n<li>Laktosefrei<\/li>\n<\/ul><\/div>\n<\/div>\n","protected":false},"excerpt":{"rendered":"<p>Osavi Maca liefert 1000 mg konzentrierten Wurzelextrakt (DER 5:1) pro Tagesdosis \u2013 entsprechend 5000 mg Maca-Wurzel. 120 vegane Kapseln f\u00fcr 60 Tage, glutenfrei und laktosefrei.<\/p>\n","protected":false},"featured_media":2391,"comment_status":"closed","ping_status":"open","template":"","meta":[],"product_brand":[219],"product_cat":[48,25,153,32,44,21],"product_tag":[],"class_list":{"0":"post-2390","1":"product","2":"type-product","3":"status-publish","4":"has-post-thumbnail","6":"product_brand-osavi","7":"product_cat-gesunde-ernaehrung","8":"product_cat-gesundheit-und-wohlbefinden","9":"product_cat-maca","10":"product_cat-nahrungsergaenzungsmittel-fuer-frauen","11":"product_cat-pflanzliche-nahrungsergaenzungsmittel","12":"product_cat-vitamine-und-mineralstoffe","14":"first","15":"outofstock","16":"taxable","17":"shipping-taxable","18":"purchasable","19":"product-type-simple"},"yoast_head":"<!-- This site is optimized with the Yoast SEO plugin v27.5 - https:\/\/yoast.com\/product\/yoast-seo-wordpress\/ -->\n<title>Maca 1000mg, 120 vegane Kapseln \u2013 Osavi | ecosupplements.ch<\/title>\n<meta name=\"description\" content=\"Osavi Maca 1000mg \u2013 hochwertiger 5:1-Extrakt in 120 veganen Kapseln, glutenfrei und laktosefrei. Jetzt bestellen.\" \/>\n<meta name=\"robots\" content=\"index, follow, max-snippet:-1, max-image-preview:large, max-video-preview:-1\" \/>\n<link rel=\"canonical\" href=\"https:\/\/ecosupplements.ch\/?product=maca-1000mg-120-vegan-caps\" \/>\n<meta property=\"og:locale\" content=\"de_DE\" \/>\n<meta property=\"og:type\" content=\"article\" \/>\n<meta property=\"og:title\" content=\"Maca 1000mg, 120 vegane Kapseln \u2013 Osavi | ecosupplements.ch\" \/>\n<meta property=\"og:description\" content=\"Osavi Maca 1000mg \u2013 hochwertiger 5:1-Extrakt in 120 veganen Kapseln, glutenfrei und laktosefrei. Jetzt bestellen.\" \/>\n<meta property=\"og:url\" content=\"https:\/\/ecosupplements.ch\/?product=maca-1000mg-120-vegan-caps\" \/>\n<meta property=\"og:site_name\" content=\"Eco Supplements\" \/>\n<meta property=\"article:modified_time\" content=\"2026-05-13T07:25:29+00:00\" \/>\n<meta property=\"og:image\" content=\"https:\/\/ecosupplements.ch\/wp-content\/uploads\/2026\/05\/Maca-1000mg-120-vegan-caps.jpg\" \/>\n\t<meta property=\"og:image:width\" content=\"479\" \/>\n\t<meta property=\"og:image:height\" content=\"750\" \/>\n\t<meta property=\"og:image:type\" content=\"image\/jpeg\" \/>\n<meta name=\"twitter:card\" content=\"summary_large_image\" \/>\n<meta name=\"twitter:label1\" content=\"Price\" \/>\n\t<meta name=\"twitter:data1\" content=\"&#067;&#072;&#070;&nbsp;14.68\" \/>\n\t<meta name=\"twitter:label2\" content=\"Availability\" \/>\n\t<meta name=\"twitter:data2\" content=\"Out of stock\" \/>\n<script type=\"application\/ld+json\" class=\"yoast-schema-graph\">{\"@context\":\"https:\\\/\\\/schema.org\",\"@graph\":[{\"@type\":\"WebPage\",\"@id\":\"https:\\\/\\\/ecosupplements.ch\\\/?product=maca-1000mg-120-vegan-caps\",\"url\":\"https:\\\/\\\/ecosupplements.ch\\\/?product=maca-1000mg-120-vegan-caps\",\"name\":\"Maca 1000mg, 120 vegane Kapseln \u2013 Osavi | ecosupplements.ch\",\"isPartOf\":{\"@id\":\"https:\\\/\\\/ecosupplements.ch\\\/#website\"},\"primaryImageOfPage\":{\"@id\":\"https:\\\/\\\/ecosupplements.ch\\\/?product=maca-1000mg-120-vegan-caps#primaryimage\"},\"image\":{\"@id\":\"https:\\\/\\\/ecosupplements.ch\\\/?product=maca-1000mg-120-vegan-caps#primaryimage\"},\"thumbnailUrl\":\"https:\\\/\\\/ecosupplements.ch\\\/wp-content\\\/uploads\\\/2026\\\/05\\\/Maca-1000mg-120-vegan-caps.jpg\",\"datePublished\":\"2026-05-11T14:36:07+00:00\",\"dateModified\":\"2026-05-13T07:25:29+00:00\",\"description\":\"Osavi Maca 1000mg \u2013 hochwertiger 5:1-Extrakt in 120 veganen Kapseln, glutenfrei und laktosefrei. Jetzt bestellen.\",\"breadcrumb\":{\"@id\":\"https:\\\/\\\/ecosupplements.ch\\\/?product=maca-1000mg-120-vegan-caps#breadcrumb\"},\"inLanguage\":\"de-CH\",\"potentialAction\":[{\"@type\":\"ReadAction\",\"target\":[\"https:\\\/\\\/ecosupplements.ch\\\/?product=maca-1000mg-120-vegan-caps\"]}]},{\"@type\":\"ImageObject\",\"inLanguage\":\"de-CH\",\"@id\":\"https:\\\/\\\/ecosupplements.ch\\\/?product=maca-1000mg-120-vegan-caps#primaryimage\",\"url\":\"https:\\\/\\\/ecosupplements.ch\\\/wp-content\\\/uploads\\\/2026\\\/05\\\/Maca-1000mg-120-vegan-caps.jpg\",\"contentUrl\":\"https:\\\/\\\/ecosupplements.ch\\\/wp-content\\\/uploads\\\/2026\\\/05\\\/Maca-1000mg-120-vegan-caps.jpg\",\"width\":479,\"height\":750,\"caption\":\"Maca\"},{\"@type\":\"BreadcrumbList\",\"@id\":\"https:\\\/\\\/ecosupplements.ch\\\/?product=maca-1000mg-120-vegan-caps#breadcrumb\",\"itemListElement\":[{\"@type\":\"ListItem\",\"position\":1,\"name\":\"Home\",\"item\":\"https:\\\/\\\/ecosupplements.ch\\\/\"},{\"@type\":\"ListItem\",\"position\":2,\"name\":\"Shop\",\"item\":\"https:\\\/\\\/ecosupplements.ch\\\/?page_id=14\"},{\"@type\":\"ListItem\",\"position\":3,\"name\":\"Maca, 1000mg &#8211; 120 vegan caps\"}]},{\"@type\":\"WebSite\",\"@id\":\"https:\\\/\\\/ecosupplements.ch\\\/#website\",\"url\":\"https:\\\/\\\/ecosupplements.ch\\\/\",\"name\":\"Eco Supplements\",\"description\":\"\",\"potentialAction\":[{\"@type\":\"SearchAction\",\"target\":{\"@type\":\"EntryPoint\",\"urlTemplate\":\"https:\\\/\\\/ecosupplements.ch\\\/?s={search_term_string}\"},\"query-input\":{\"@type\":\"PropertyValueSpecification\",\"valueRequired\":true,\"valueName\":\"search_term_string\"}}],\"inLanguage\":\"de-CH\"}]}<\/script>\n<meta property=\"product:price:amount\" content=\"14.68\" \/>\n<meta property=\"product:price:currency\" content=\"CHF\" \/>\n<meta property=\"og:availability\" content=\"out of stock\" \/>\n<meta property=\"product:availability\" content=\"out of stock\" \/>\n<meta property=\"product:retailer_item_id\" content=\"5904139922415\" \/>\n<meta property=\"product:condition\" content=\"new\" \/>\n<!-- \/ Yoast SEO plugin. -->","yoast_head_json":{"title":"Maca 1000mg, 120 vegane Kapseln \u2013 Osavi | ecosupplements.ch","description":"Osavi Maca 1000mg \u2013 hochwertiger 5:1-Extrakt in 120 veganen Kapseln, glutenfrei und laktosefrei. Jetzt bestellen.","robots":{"index":"index","follow":"follow","max-snippet":"max-snippet:-1","max-image-preview":"max-image-preview:large","max-video-preview":"max-video-preview:-1"},"canonical":"https:\/\/ecosupplements.ch\/?product=maca-1000mg-120-vegan-caps","og_locale":"de_DE","og_type":"article","og_title":"Maca 1000mg, 120 vegane Kapseln \u2013 Osavi | ecosupplements.ch","og_description":"Osavi Maca 1000mg \u2013 hochwertiger 5:1-Extrakt in 120 veganen Kapseln, glutenfrei und laktosefrei. Jetzt bestellen.","og_url":"https:\/\/ecosupplements.ch\/?product=maca-1000mg-120-vegan-caps","og_site_name":"Eco Supplements","article_modified_time":"2026-05-13T07:25:29+00:00","og_image":[{"width":479,"height":750,"url":"https:\/\/ecosupplements.ch\/wp-content\/uploads\/2026\/05\/Maca-1000mg-120-vegan-caps.jpg","type":"image\/jpeg"}],"twitter_card":"summary_large_image","twitter_misc":{"Price":"&#67;&#72;&#70;&nbsp;14.68","Availability":"Out of stock"},"schema":{"@context":"https:\/\/schema.org","@graph":[{"@type":"WebPage","@id":"https:\/\/ecosupplements.ch\/?product=maca-1000mg-120-vegan-caps","url":"https:\/\/ecosupplements.ch\/?product=maca-1000mg-120-vegan-caps","name":"Maca 1000mg, 120 vegane Kapseln \u2013 Osavi | ecosupplements.ch","isPartOf":{"@id":"https:\/\/ecosupplements.ch\/#website"},"primaryImageOfPage":{"@id":"https:\/\/ecosupplements.ch\/?product=maca-1000mg-120-vegan-caps#primaryimage"},"image":{"@id":"https:\/\/ecosupplements.ch\/?product=maca-1000mg-120-vegan-caps#primaryimage"},"thumbnailUrl":"https:\/\/ecosupplements.ch\/wp-content\/uploads\/2026\/05\/Maca-1000mg-120-vegan-caps.jpg","datePublished":"2026-05-11T14:36:07+00:00","dateModified":"2026-05-13T07:25:29+00:00","description":"Osavi Maca 1000mg \u2013 hochwertiger 5:1-Extrakt in 120 veganen Kapseln, glutenfrei und laktosefrei. Jetzt bestellen.","breadcrumb":{"@id":"https:\/\/ecosupplements.ch\/?product=maca-1000mg-120-vegan-caps#breadcrumb"},"inLanguage":"de-CH","potentialAction":[{"@type":"ReadAction","target":["https:\/\/ecosupplements.ch\/?product=maca-1000mg-120-vegan-caps"]}]},{"@type":"ImageObject","inLanguage":"de-CH","@id":"https:\/\/ecosupplements.ch\/?product=maca-1000mg-120-vegan-caps#primaryimage","url":"https:\/\/ecosupplements.ch\/wp-content\/uploads\/2026\/05\/Maca-1000mg-120-vegan-caps.jpg","contentUrl":"https:\/\/ecosupplements.ch\/wp-content\/uploads\/2026\/05\/Maca-1000mg-120-vegan-caps.jpg","width":479,"height":750,"caption":"Maca"},{"@type":"BreadcrumbList","@id":"https:\/\/ecosupplements.ch\/?product=maca-1000mg-120-vegan-caps#breadcrumb","itemListElement":[{"@type":"ListItem","position":1,"name":"Home","item":"https:\/\/ecosupplements.ch\/"},{"@type":"ListItem","position":2,"name":"Shop","item":"https:\/\/ecosupplements.ch\/?page_id=14"},{"@type":"ListItem","position":3,"name":"Maca, 1000mg &#8211; 120 vegan caps"}]},{"@type":"WebSite","@id":"https:\/\/ecosupplements.ch\/#website","url":"https:\/\/ecosupplements.ch\/","name":"Eco Supplements","description":"","potentialAction":[{"@type":"SearchAction","target":{"@type":"EntryPoint","urlTemplate":"https:\/\/ecosupplements.ch\/?s={search_term_string}"},"query-input":{"@type":"PropertyValueSpecification","valueRequired":true,"valueName":"search_term_string"}}],"inLanguage":"de-CH"}]},"product_price_amount":"14.68","product_price_currency":"CHF","og_availability":"out of stock","product_availability":"out of stock","product_retailer_item_id":"5904139922415","product_condition":"new"},"_links":{"self":[{"href":"https:\/\/ecosupplements.ch\/index.php?rest_route=\/wp\/v2\/product\/2390","targetHints":{"allow":["GET"]}}],"collection":[{"href":"https:\/\/ecosupplements.ch\/index.php?rest_route=\/wp\/v2\/product"}],"about":[{"href":"https:\/\/ecosupplements.ch\/index.php?rest_route=\/wp\/v2\/types\/product"}],"replies":[{"embeddable":true,"href":"https:\/\/ecosupplements.ch\/index.php?rest_route=%2Fwp%2Fv2%2Fcomments&post=2390"}],"wp:featuredmedia":[{"embeddable":true,"href":"https:\/\/ecosupplements.ch\/index.php?rest_route=\/wp\/v2\/media\/2391"}],"wp:attachment":[{"href":"https:\/\/ecosupplements.ch\/index.php?rest_route=%2Fwp%2Fv2%2Fmedia&parent=2390"}],"wp:term":[{"taxonomy":"product_brand","embeddable":true,"href":"https:\/\/ecosupplements.ch\/index.php?rest_route=%2Fwp%2Fv2%2Fproduct_brand&post=2390"},{"taxonomy":"product_cat","embeddable":true,"href":"https:\/\/ecosupplements.ch\/index.php?rest_route=%2Fwp%2Fv2%2Fproduct_cat&post=2390"},{"taxonomy":"product_tag","embeddable":true,"href":"https:\/\/ecosupplements.ch\/index.php?rest_route=%2Fwp%2Fv2%2Fproduct_tag&post=2390"}],"curies":[{"name":"wp","href":"https:\/\/api.w.org\/{rel}","templated":true}]}}