{"id":2398,"date":"2026-05-11T14:36:31","date_gmt":"2026-05-11T14:36:31","guid":{"rendered":"https:\/\/ecosupplements.ch\/?product=melatonin-with-passion-flower-oral-spray-1mg-cherry-25-ml"},"modified":"2026-05-13T07:25:29","modified_gmt":"2026-05-13T07:25:29","slug":"melatonin-with-passion-flower-oral-spray-1mg-cherry-25-ml","status":"publish","type":"product","link":"https:\/\/ecosupplements.ch\/?product=melatonin-with-passion-flower-oral-spray-1mg-cherry-25-ml","title":{"rendered":"Melatonin with Passion Flower Oral Spray, 1mg (Cherry) &#8211; 25 ml."},"content":{"rendered":"<div class=\"chcg-product-description\">\n<h2 class=\"chcg-heading\">\u00dcber Osavi \u2013 Melatonin mit Passion Flower Oral Spray, 1mg (Kirsche) \u2013 25 ml<\/h2>\n<div class=\"chcg-intro\">\n<p>Das Osavi Melatonin Oral Spray kombiniert 1 mg Melatonin mit Passionsblumen- und Zitronenmelissenextrakt in einer praktischen Spr\u00fchflasche mit angenehmen Kirschgeschmack. Der Wirkstoff wird direkt unter die Zunge gespr\u00fcht und so schnell und komfortabel aufgenommen \u2013 ideal f\u00fcr alle, die eine einfache Alternative zu herk\u00f6mmlichen Tabletten bevorzugen.<\/p>\n<p>Melatonin tr\u00e4gt dazu bei, die Einschlafzeit zu verk\u00fcrzen. Die positive Wirkung stellt sich ein, wenn 1 mg Melatonin kurz vor dem Schlafengehen eingenommen wird. Das Spray eignet sich besonders f\u00fcr Menschen, die abends zur Ruhe kommen m\u00f6chten, beispielsweise bei unregelm\u00e4ssigem Schlaf-Wach-Rhythmus.<\/p>\n<p>Mit rund 125 Portionen pro Flasche bietet dieses 25-ml-Spray einen Vorrat von ca. 4 Monaten. Die Formel ist vegan, glutenfrei und laktosefrei \u2013 ohne unn\u00f6tige Zusatzstoffe, abgestimmt auf h\u00f6chste Schweizer Qualit\u00e4tsanspr\u00fcche.<\/p>\n<\/p><\/div>\n<div class=\"chcg-nutrition\">\n<h3>N\u00e4hrwertangaben<\/h3>\n<table class=\"chcg-nutrition-table\">\n<thead>\n<tr>\n<th>N\u00e4hrstoff<\/th>\n<th>Pro Portion (1 Spr\u00fchstoss \/ 0,2 ml)<\/th>\n<\/tr>\n<\/thead>\n<tbody>\n<tr>\n<td>Melatonin<\/td>\n<td>1 mg*<\/td>\n<\/tr>\n<tr>\n<td>Passionsblumenblattextrakt (<em>Passiflora incarnata<\/em>) DER 5,0\u20136,2:1<\/td>\n<td>11,5 mg*<\/td>\n<\/tr>\n<tr>\n<td>Zitronenmelissenblattextrakt (<em>Melissa officinalis<\/em>) DER 5,0\u20136,2:1<\/td>\n<td>10 mg*<\/td>\n<\/tr>\n<\/tbody>\n<\/table>\n<p class=\"chcg-footnote\">* Kein festgelegter Tagesbedarf.<\/p>\n<\/p><\/div>\n<div class=\"chcg-ingredients\">\n<h3>Zutaten<\/h3>\n<p>Wasser, Verdickungsmittel: Xylitol (25 %) und Xanthangummi, Passionsblume (<em>Passiflora incarnata<\/em>) Bl\u00e4tterextrakt, Zitronenmelisse (<em>Melissa officinalis<\/em>) Bl\u00e4tterextrakt, Melatonin, nat\u00fcrliches Kirschenaroma, Konservierungsmittel: Kaliumsorbat.<\/p>\n<\/p><\/div>\n<div class=\"chcg-dosage\">\n<h3>Verzehrempfehlung<\/h3>\n<p>Empfohlene Tagesdosis: 1 Spr\u00fchstoss (0,2 ml) unter die Zunge, ca. 30 Minuten vor dem Schlafengehen. Vor jedem Gebrauch gut sch\u00fctteln. Beim ersten Gebrauch die Pumpe 3\u20134 Mal bet\u00e4tigen, um sie zu aktivieren. Die empfohlene Tagesdosis nicht \u00fcberschreiten.<\/p>\n<\/p><\/div>\n<div class=\"chcg-warnings\">\n<h3>Warnhinweise<\/h3>\n<p>Die empfohlene Tagesdosis nicht \u00fcberschreiten. Nicht empfohlen f\u00fcr Kinder, Schwangere oder stillende M\u00fctter. Ein \u00fcberm\u00e4ssiger Verzehr kann eine abf\u00fchrende Wirkung haben. Aufgrund der enthaltenen Pflanzenextrakte sollte das Produkt nur von Personen ab 12 Jahren verwendet werden. Eine positive Wirkung tritt ein, wenn 1 mg Melatonin kurz vor dem Schlafengehen eingenommen wird. Nahrungserg\u00e4nzungsmittel \u2013 kein Ersatz f\u00fcr eine abwechslungsreiche Ern\u00e4hrung. Nach dem ersten \u00d6ffnen innerhalb von 6 Monaten verbrauchen.<\/p>\n<\/p><\/div>\n<div class=\"chcg-allergens\">\n<h3>Allergeninformationen<\/h3>\n<p>Keine Allergene auf dem Etikett deklariert.<\/p>\n<\/p><\/div>\n<div class=\"chcg-storage\">\n<h3>Lagerung<\/h3>\n<p>An einem dunklen und trockenen Ort bei Raumtemperatur lagern, ausserhalb der Reichweite von Kleinkindern aufbewahren. Mindesthaltbarkeitsdatum: siehe Datum und Chargennummer auf der Verpackung.<\/p>\n<\/p><\/div>\n<div class=\"chcg-dietary\">\n<h3>Ern\u00e4hrungshinweise<\/h3>\n<ul>\n<li>Vegan<\/li>\n<li>Vegetarisch<\/li>\n<li>Glutenfrei<\/li>\n<li>Laktosefrei<\/li>\n<\/ul><\/div>\n<\/div>\n","protected":false},"excerpt":{"rendered":"<p>Osavi Melatonin Oral Spray mit Passionsblume, 1 mg, unterst\u00fctzt das Einschlafen \u2013 1 Spr\u00fchstoss unter die Zunge, ca. 30 Min. vor dem Zubettgehen. 25 ml (ca. 125 Portionen), vegan und glutenfrei.<\/p>\n","protected":false},"featured_media":2399,"comment_status":"closed","ping_status":"open","template":"","meta":[],"product_brand":[219],"product_cat":[48,25,83,22],"product_tag":[],"class_list":{"0":"post-2398","1":"product","2":"type-product","3":"status-publish","4":"has-post-thumbnail","6":"product_brand-osavi","7":"product_cat-gesunde-ernaehrung","8":"product_cat-gesundheit-und-wohlbefinden","9":"product_cat-schlafunterstuetzung","10":"product_cat-vegane-produkte","12":"first","13":"outofstock","14":"taxable","15":"shipping-taxable","16":"purchasable","17":"product-type-simple"},"yoast_head":"<!-- This site is optimized with the Yoast SEO plugin v27.5 - https:\/\/yoast.com\/product\/yoast-seo-wordpress\/ -->\n<title>Melatonin Oral Spray 1mg Kirsche \u2013 Osavi | ecosupplements.ch<\/title>\n<meta name=\"description\" content=\"Osavi Melatonin Oral Spray mit Passionsblume, 1 mg \u2013 verk\u00fcrzt die Einschlafzeit, 125 Portionen, vegan &amp; glutenfrei. Jetzt bestellen.\" \/>\n<meta name=\"robots\" content=\"index, follow, max-snippet:-1, max-image-preview:large, max-video-preview:-1\" \/>\n<link rel=\"canonical\" href=\"https:\/\/ecosupplements.ch\/?product=melatonin-with-passion-flower-oral-spray-1mg-cherry-25-ml\" \/>\n<meta property=\"og:locale\" content=\"de_DE\" \/>\n<meta property=\"og:type\" content=\"article\" \/>\n<meta property=\"og:title\" content=\"Melatonin Oral Spray 1mg Kirsche \u2013 Osavi | ecosupplements.ch\" \/>\n<meta property=\"og:description\" content=\"Osavi Melatonin Oral Spray mit Passionsblume, 1 mg \u2013 verk\u00fcrzt die Einschlafzeit, 125 Portionen, vegan &amp; glutenfrei. Jetzt bestellen.\" \/>\n<meta property=\"og:url\" content=\"https:\/\/ecosupplements.ch\/?product=melatonin-with-passion-flower-oral-spray-1mg-cherry-25-ml\" \/>\n<meta property=\"og:site_name\" content=\"Eco Supplements\" \/>\n<meta property=\"article:modified_time\" content=\"2026-05-13T07:25:29+00:00\" \/>\n<meta property=\"og:image\" content=\"https:\/\/ecosupplements.ch\/wp-content\/uploads\/2026\/05\/Melatonin-with-Passion-Flower-Oral-Spray-1mg-Cherry-25-ml.png\" \/>\n\t<meta property=\"og:image:width\" content=\"540\" \/>\n\t<meta property=\"og:image:height\" content=\"750\" \/>\n\t<meta property=\"og:image:type\" content=\"image\/png\" \/>\n<meta name=\"twitter:card\" content=\"summary_large_image\" \/>\n<meta name=\"twitter:label1\" content=\"Price\" \/>\n\t<meta name=\"twitter:data1\" content=\"&#067;&#072;&#070;&nbsp;11.71\" \/>\n\t<meta name=\"twitter:label2\" content=\"Availability\" \/>\n\t<meta name=\"twitter:data2\" content=\"Out of stock\" \/>\n<script type=\"application\/ld+json\" class=\"yoast-schema-graph\">{\"@context\":\"https:\\\/\\\/schema.org\",\"@graph\":[{\"@type\":\"WebPage\",\"@id\":\"https:\\\/\\\/ecosupplements.ch\\\/?product=melatonin-with-passion-flower-oral-spray-1mg-cherry-25-ml\",\"url\":\"https:\\\/\\\/ecosupplements.ch\\\/?product=melatonin-with-passion-flower-oral-spray-1mg-cherry-25-ml\",\"name\":\"Melatonin Oral Spray 1mg Kirsche \u2013 Osavi | ecosupplements.ch\",\"isPartOf\":{\"@id\":\"https:\\\/\\\/ecosupplements.ch\\\/#website\"},\"primaryImageOfPage\":{\"@id\":\"https:\\\/\\\/ecosupplements.ch\\\/?product=melatonin-with-passion-flower-oral-spray-1mg-cherry-25-ml#primaryimage\"},\"image\":{\"@id\":\"https:\\\/\\\/ecosupplements.ch\\\/?product=melatonin-with-passion-flower-oral-spray-1mg-cherry-25-ml#primaryimage\"},\"thumbnailUrl\":\"https:\\\/\\\/ecosupplements.ch\\\/wp-content\\\/uploads\\\/2026\\\/05\\\/Melatonin-with-Passion-Flower-Oral-Spray-1mg-Cherry-25-ml.png\",\"datePublished\":\"2026-05-11T14:36:31+00:00\",\"dateModified\":\"2026-05-13T07:25:29+00:00\",\"description\":\"Osavi Melatonin Oral Spray mit Passionsblume, 1 mg \u2013 verk\u00fcrzt die Einschlafzeit, 125 Portionen, vegan & glutenfrei. Jetzt bestellen.\",\"breadcrumb\":{\"@id\":\"https:\\\/\\\/ecosupplements.ch\\\/?product=melatonin-with-passion-flower-oral-spray-1mg-cherry-25-ml#breadcrumb\"},\"inLanguage\":\"de-CH\",\"potentialAction\":[{\"@type\":\"ReadAction\",\"target\":[\"https:\\\/\\\/ecosupplements.ch\\\/?product=melatonin-with-passion-flower-oral-spray-1mg-cherry-25-ml\"]}]},{\"@type\":\"ImageObject\",\"inLanguage\":\"de-CH\",\"@id\":\"https:\\\/\\\/ecosupplements.ch\\\/?product=melatonin-with-passion-flower-oral-spray-1mg-cherry-25-ml#primaryimage\",\"url\":\"https:\\\/\\\/ecosupplements.ch\\\/wp-content\\\/uploads\\\/2026\\\/05\\\/Melatonin-with-Passion-Flower-Oral-Spray-1mg-Cherry-25-ml.png\",\"contentUrl\":\"https:\\\/\\\/ecosupplements.ch\\\/wp-content\\\/uploads\\\/2026\\\/05\\\/Melatonin-with-Passion-Flower-Oral-Spray-1mg-Cherry-25-ml.png\",\"width\":540,\"height\":750,\"caption\":\"Melatonin with Passion Flower Oral Spray\"},{\"@type\":\"BreadcrumbList\",\"@id\":\"https:\\\/\\\/ecosupplements.ch\\\/?product=melatonin-with-passion-flower-oral-spray-1mg-cherry-25-ml#breadcrumb\",\"itemListElement\":[{\"@type\":\"ListItem\",\"position\":1,\"name\":\"Home\",\"item\":\"https:\\\/\\\/ecosupplements.ch\\\/\"},{\"@type\":\"ListItem\",\"position\":2,\"name\":\"Shop\",\"item\":\"https:\\\/\\\/ecosupplements.ch\\\/?page_id=14\"},{\"@type\":\"ListItem\",\"position\":3,\"name\":\"Melatonin with Passion Flower Oral Spray, 1mg (Cherry) &#8211; 25 ml.\"}]},{\"@type\":\"WebSite\",\"@id\":\"https:\\\/\\\/ecosupplements.ch\\\/#website\",\"url\":\"https:\\\/\\\/ecosupplements.ch\\\/\",\"name\":\"Eco Supplements\",\"description\":\"\",\"potentialAction\":[{\"@type\":\"SearchAction\",\"target\":{\"@type\":\"EntryPoint\",\"urlTemplate\":\"https:\\\/\\\/ecosupplements.ch\\\/?s={search_term_string}\"},\"query-input\":{\"@type\":\"PropertyValueSpecification\",\"valueRequired\":true,\"valueName\":\"search_term_string\"}}],\"inLanguage\":\"de-CH\"}]}<\/script>\n<meta property=\"product:price:amount\" content=\"11.71\" \/>\n<meta property=\"product:price:currency\" content=\"CHF\" \/>\n<meta property=\"og:availability\" content=\"out of stock\" \/>\n<meta property=\"product:availability\" content=\"out of stock\" \/>\n<meta property=\"product:retailer_item_id\" content=\"5904139922736\" \/>\n<meta property=\"product:condition\" content=\"new\" \/>\n<!-- \/ Yoast SEO plugin. -->","yoast_head_json":{"title":"Melatonin Oral Spray 1mg Kirsche \u2013 Osavi | ecosupplements.ch","description":"Osavi Melatonin Oral Spray mit Passionsblume, 1 mg \u2013 verk\u00fcrzt die Einschlafzeit, 125 Portionen, vegan & glutenfrei. Jetzt bestellen.","robots":{"index":"index","follow":"follow","max-snippet":"max-snippet:-1","max-image-preview":"max-image-preview:large","max-video-preview":"max-video-preview:-1"},"canonical":"https:\/\/ecosupplements.ch\/?product=melatonin-with-passion-flower-oral-spray-1mg-cherry-25-ml","og_locale":"de_DE","og_type":"article","og_title":"Melatonin Oral Spray 1mg Kirsche \u2013 Osavi | ecosupplements.ch","og_description":"Osavi Melatonin Oral Spray mit Passionsblume, 1 mg \u2013 verk\u00fcrzt die Einschlafzeit, 125 Portionen, vegan & glutenfrei. Jetzt bestellen.","og_url":"https:\/\/ecosupplements.ch\/?product=melatonin-with-passion-flower-oral-spray-1mg-cherry-25-ml","og_site_name":"Eco Supplements","article_modified_time":"2026-05-13T07:25:29+00:00","og_image":[{"width":540,"height":750,"url":"https:\/\/ecosupplements.ch\/wp-content\/uploads\/2026\/05\/Melatonin-with-Passion-Flower-Oral-Spray-1mg-Cherry-25-ml.png","type":"image\/png"}],"twitter_card":"summary_large_image","twitter_misc":{"Price":"&#67;&#72;&#70;&nbsp;11.71","Availability":"Out of stock"},"schema":{"@context":"https:\/\/schema.org","@graph":[{"@type":"WebPage","@id":"https:\/\/ecosupplements.ch\/?product=melatonin-with-passion-flower-oral-spray-1mg-cherry-25-ml","url":"https:\/\/ecosupplements.ch\/?product=melatonin-with-passion-flower-oral-spray-1mg-cherry-25-ml","name":"Melatonin Oral Spray 1mg Kirsche \u2013 Osavi | ecosupplements.ch","isPartOf":{"@id":"https:\/\/ecosupplements.ch\/#website"},"primaryImageOfPage":{"@id":"https:\/\/ecosupplements.ch\/?product=melatonin-with-passion-flower-oral-spray-1mg-cherry-25-ml#primaryimage"},"image":{"@id":"https:\/\/ecosupplements.ch\/?product=melatonin-with-passion-flower-oral-spray-1mg-cherry-25-ml#primaryimage"},"thumbnailUrl":"https:\/\/ecosupplements.ch\/wp-content\/uploads\/2026\/05\/Melatonin-with-Passion-Flower-Oral-Spray-1mg-Cherry-25-ml.png","datePublished":"2026-05-11T14:36:31+00:00","dateModified":"2026-05-13T07:25:29+00:00","description":"Osavi Melatonin Oral Spray mit Passionsblume, 1 mg \u2013 verk\u00fcrzt die Einschlafzeit, 125 Portionen, vegan & glutenfrei. Jetzt bestellen.","breadcrumb":{"@id":"https:\/\/ecosupplements.ch\/?product=melatonin-with-passion-flower-oral-spray-1mg-cherry-25-ml#breadcrumb"},"inLanguage":"de-CH","potentialAction":[{"@type":"ReadAction","target":["https:\/\/ecosupplements.ch\/?product=melatonin-with-passion-flower-oral-spray-1mg-cherry-25-ml"]}]},{"@type":"ImageObject","inLanguage":"de-CH","@id":"https:\/\/ecosupplements.ch\/?product=melatonin-with-passion-flower-oral-spray-1mg-cherry-25-ml#primaryimage","url":"https:\/\/ecosupplements.ch\/wp-content\/uploads\/2026\/05\/Melatonin-with-Passion-Flower-Oral-Spray-1mg-Cherry-25-ml.png","contentUrl":"https:\/\/ecosupplements.ch\/wp-content\/uploads\/2026\/05\/Melatonin-with-Passion-Flower-Oral-Spray-1mg-Cherry-25-ml.png","width":540,"height":750,"caption":"Melatonin with Passion Flower Oral Spray"},{"@type":"BreadcrumbList","@id":"https:\/\/ecosupplements.ch\/?product=melatonin-with-passion-flower-oral-spray-1mg-cherry-25-ml#breadcrumb","itemListElement":[{"@type":"ListItem","position":1,"name":"Home","item":"https:\/\/ecosupplements.ch\/"},{"@type":"ListItem","position":2,"name":"Shop","item":"https:\/\/ecosupplements.ch\/?page_id=14"},{"@type":"ListItem","position":3,"name":"Melatonin with Passion Flower Oral Spray, 1mg (Cherry) &#8211; 25 ml."}]},{"@type":"WebSite","@id":"https:\/\/ecosupplements.ch\/#website","url":"https:\/\/ecosupplements.ch\/","name":"Eco Supplements","description":"","potentialAction":[{"@type":"SearchAction","target":{"@type":"EntryPoint","urlTemplate":"https:\/\/ecosupplements.ch\/?s={search_term_string}"},"query-input":{"@type":"PropertyValueSpecification","valueRequired":true,"valueName":"search_term_string"}}],"inLanguage":"de-CH"}]},"product_price_amount":"11.71","product_price_currency":"CHF","og_availability":"out of stock","product_availability":"out of stock","product_retailer_item_id":"5904139922736","product_condition":"new"},"_links":{"self":[{"href":"https:\/\/ecosupplements.ch\/index.php?rest_route=\/wp\/v2\/product\/2398","targetHints":{"allow":["GET"]}}],"collection":[{"href":"https:\/\/ecosupplements.ch\/index.php?rest_route=\/wp\/v2\/product"}],"about":[{"href":"https:\/\/ecosupplements.ch\/index.php?rest_route=\/wp\/v2\/types\/product"}],"replies":[{"embeddable":true,"href":"https:\/\/ecosupplements.ch\/index.php?rest_route=%2Fwp%2Fv2%2Fcomments&post=2398"}],"wp:featuredmedia":[{"embeddable":true,"href":"https:\/\/ecosupplements.ch\/index.php?rest_route=\/wp\/v2\/media\/2399"}],"wp:attachment":[{"href":"https:\/\/ecosupplements.ch\/index.php?rest_route=%2Fwp%2Fv2%2Fmedia&parent=2398"}],"wp:term":[{"taxonomy":"product_brand","embeddable":true,"href":"https:\/\/ecosupplements.ch\/index.php?rest_route=%2Fwp%2Fv2%2Fproduct_brand&post=2398"},{"taxonomy":"product_cat","embeddable":true,"href":"https:\/\/ecosupplements.ch\/index.php?rest_route=%2Fwp%2Fv2%2Fproduct_cat&post=2398"},{"taxonomy":"product_tag","embeddable":true,"href":"https:\/\/ecosupplements.ch\/index.php?rest_route=%2Fwp%2Fv2%2Fproduct_tag&post=2398"}],"curies":[{"name":"wp","href":"https:\/\/api.w.org\/{rel}","templated":true}]}}