{"id":2402,"date":"2026-05-11T14:36:33","date_gmt":"2026-05-11T14:36:33","guid":{"rendered":"https:\/\/ecosupplements.ch\/?product=melatonin-with-valerian-lemon-balm-1mg-60-vegan-caps"},"modified":"2026-05-13T07:25:29","modified_gmt":"2026-05-13T07:25:29","slug":"melatonin-with-valerian-lemon-balm-1mg-60-vegan-caps","status":"publish","type":"product","link":"https:\/\/ecosupplements.ch\/?product=melatonin-with-valerian-lemon-balm-1mg-60-vegan-caps","title":{"rendered":"Melatonin with Valerian &amp; Lemon Balm, 1mg &#8211; 60 vegan caps"},"content":{"rendered":"<div class=\"chcg-product-description\">\n<h2 class=\"chcg-heading\">\u00dcber Osavi \u2013 Melatonin mit Valerian &amp; Lemon Balm, 1mg \u2013 60 vegane Kapseln<\/h2>\n<div class=\"chcg-intro\">\n<p>Osavi Melatonin mit Valerian &amp; Lemon Balm vereint drei bew\u00e4hrte Inhaltsstoffe in einer praktischen veganen Kapsel. Melatonin ist ein k\u00f6rpereigenes Hormon, das den nat\u00fcrlichen Schlaf-Wach-Rhythmus reguliert. 1 mg Melatonin, kurz vor dem Einschlafen eingenommen, tr\u00e4gt nachweislich dazu bei, die Einschlafzeit zu verk\u00fcrzen \u2013 eine von der EFSA anerkannte ern\u00e4hrungsphysiologische Funktion.<\/p>\n<p>Erg\u00e4nzt wird die Formel durch Baldrianwurzelextrakt (Valeriana officinalis) in einem 5:1-Konzentrat, standardisiert auf mindestens 0,8 % Baldrians\u00e4ure, sowie durch Zitronenmelissenblattextrakt (Melissa officinalis) in einem 4:1-Konzentrat, standardisiert auf 2 % Rosmarins\u00e4ure. Beide Pflanzenextrakte sind seit Jahrhunderten in der traditionellen Anwendung bekannt und werden gezielt zur Abendroutine eingesetzt.<\/p>\n<p>Die Kapseln von Osavi sind vegan, glutenfrei, laktosefrei und soyfrei. Sie eignen sich damit f\u00fcr eine Vielzahl von Ern\u00e4hrungsweisen und sind frei von unn\u00f6tigen Zusatzstoffen. Mit 60 Kapseln pro Packung deckt dieses Produkt einen vollen Zweimonatsbedarf ab.<\/p>\n<\/p><\/div>\n<div class=\"chcg-nutrition\">\n<h3>N\u00e4hrwertangaben<\/h3>\n<table class=\"chcg-nutrition-table\">\n<thead>\n<tr>\n<th>N\u00e4hrstoff<\/th>\n<th>Pro Portion (1 Kapsel)<\/th>\n<\/tr>\n<\/thead>\n<tbody>\n<tr>\n<td>Melatonin<\/td>\n<td>1 mg<\/td>\n<\/tr>\n<tr>\n<td>Baldrianwurzelextrakt (<em>Valeriana officinalis<\/em>), DER 5:1, standardisiert auf min. 0,8 % Baldrians\u00e4ure<\/td>\n<td>120 mg<\/td>\n<\/tr>\n<tr>\n<td>Zitronenmelissenblattextrakt (<em>Melissa officinalis<\/em>), DER 4:1, standardisiert auf 2 % Rosmarins\u00e4ure<\/td>\n<td>80 mg<\/td>\n<\/tr>\n<\/tbody>\n<\/table>\n<p class=\"chcg-footnote\">* Kein festgelegter Tagesreferenzwert.<\/p>\n<\/p><\/div>\n<div class=\"chcg-ingredients\">\n<h3>Zutaten<\/h3>\n<p>Baldrianwurzelextrakt (<em>Valeriana officinalis<\/em>), Zitronenmelissenblattextrakt (<em>Melissa officinalis<\/em>), Inulin, Kapselh\u00fclle (Hydroxypropylmethylcellulose), Melatonin.<\/p>\n<p class=\"chcg-capsule-shell\">Kapselh\u00fclle: Hydroxypropylmethylcellulose (HPMC)<\/p>\n<\/p><\/div>\n<div class=\"chcg-dosage\">\n<h3>Verzehrempfehlung<\/h3>\n<p>1 Kapsel pro Tag einnehmen. Die Einnahme wird ca. 30 Minuten vor dem Schlafengehen empfohlen. Mit einem Glas Wasser schlucken.<\/p>\n<\/p><\/div>\n<div class=\"chcg-warnings\">\n<h3>Warnhinweise<\/h3>\n<p>Die empfohlene Tagesdosis nicht \u00fcberschreiten. Die positive Wirkung tritt auf, wenn 1 mg Melatonin kurz vor dem Einschlafen eingenommen wird. Nicht empfohlen f\u00fcr Kinder, schwangere Frauen oder stillende Frauen. Nahrungserg\u00e4nzungsmittel sollten nicht als Ersatz f\u00fcr eine abwechslungsreiche und ausgewogene Ern\u00e4hrung verwendet werden. Eine abwechslungsreiche Ern\u00e4hrung und einen gesunden Lebensstil aufrechterhalten. Ausserhalb der Reichweite von Kleinkindern aufbewahren.<\/p>\n<\/p><\/div>\n<div class=\"chcg-allergens\">\n<h3>Allergeninformationen<\/h3>\n<p>Keine Allergene auf dem Etikett deklariert. Das Produkt ist frei von Gluten, Laktose und Soja.<\/p>\n<\/p><\/div>\n<div class=\"chcg-storage\">\n<h3>Lagerung<\/h3>\n<p>An einem dunklen und trockenen Ort bei Raumtemperatur lagern. Ausserhalb der Reichweite von Kleinkindern aufbewahren.<\/p>\n<\/p><\/div>\n<div class=\"chcg-dietary\">\n<h3>Ern\u00e4hrungshinweise<\/h3>\n<ul>\n<li>Vegan<\/li>\n<li>Vegetarisch<\/li>\n<li>Glutenfrei<\/li>\n<li>Laktosefrei<\/li>\n<\/ul><\/div>\n<\/div>\n","protected":false},"excerpt":{"rendered":"<p>Osavi Melatonin mit Valerian &amp; Lemon Balm (1 mg) unterst\u00fctzt das nat\u00fcrliche Einschlafen. 60 vegane Kapseln, glutenfrei und laktosefrei \u2013 ideal f\u00fcr die abendliche Routine.<\/p>\n","protected":false},"featured_media":2403,"comment_status":"closed","ping_status":"open","template":"","meta":[],"product_brand":[219],"product_cat":[48,25,32,83,21],"product_tag":[],"class_list":{"0":"post-2402","1":"product","2":"type-product","3":"status-publish","4":"has-post-thumbnail","6":"product_brand-osavi","7":"product_cat-gesunde-ernaehrung","8":"product_cat-gesundheit-und-wohlbefinden","9":"product_cat-nahrungsergaenzungsmittel-fuer-frauen","10":"product_cat-schlafunterstuetzung","11":"product_cat-vitamine-und-mineralstoffe","13":"first","14":"outofstock","15":"taxable","16":"shipping-taxable","17":"purchasable","18":"product-type-simple"},"yoast_head":"<!-- This site is optimized with the Yoast SEO plugin v27.5 - https:\/\/yoast.com\/product\/yoast-seo-wordpress\/ -->\n<title>Melatonin mit Valerian &amp; Lemon Balm, 1mg \u2013 Osavi | ecosupplements.ch<\/title>\n<meta name=\"description\" content=\"Osavi Melatonin 1mg mit Baldrian &amp; Zitronenmelisse \u2013 60 vegane Kapseln f\u00fcr eine erholsame Nacht. Jetzt bestellen.\" \/>\n<meta name=\"robots\" content=\"index, follow, max-snippet:-1, max-image-preview:large, max-video-preview:-1\" \/>\n<link rel=\"canonical\" href=\"https:\/\/ecosupplements.ch\/?product=melatonin-with-valerian-lemon-balm-1mg-60-vegan-caps\" \/>\n<meta property=\"og:locale\" content=\"de_DE\" \/>\n<meta property=\"og:type\" content=\"article\" \/>\n<meta property=\"og:title\" content=\"Melatonin mit Valerian &amp; Lemon Balm, 1mg \u2013 Osavi | ecosupplements.ch\" \/>\n<meta property=\"og:description\" content=\"Osavi Melatonin 1mg mit Baldrian &amp; Zitronenmelisse \u2013 60 vegane Kapseln f\u00fcr eine erholsame Nacht. Jetzt bestellen.\" \/>\n<meta property=\"og:url\" content=\"https:\/\/ecosupplements.ch\/?product=melatonin-with-valerian-lemon-balm-1mg-60-vegan-caps\" \/>\n<meta property=\"og:site_name\" content=\"Eco Supplements\" \/>\n<meta property=\"article:modified_time\" content=\"2026-05-13T07:25:29+00:00\" \/>\n<meta property=\"og:image\" content=\"https:\/\/ecosupplements.ch\/wp-content\/uploads\/2026\/05\/Melatonin-with-Valerian-Lemon-Balm-1mg-60-vegan-caps.jpg\" \/>\n\t<meta property=\"og:image:width\" content=\"581\" \/>\n\t<meta property=\"og:image:height\" content=\"750\" \/>\n\t<meta property=\"og:image:type\" content=\"image\/jpeg\" \/>\n<meta name=\"twitter:card\" content=\"summary_large_image\" \/>\n<meta name=\"twitter:label1\" content=\"Price\" \/>\n\t<meta name=\"twitter:data1\" content=\"&#067;&#072;&#070;&nbsp;9.15\" \/>\n\t<meta name=\"twitter:label2\" content=\"Availability\" \/>\n\t<meta name=\"twitter:data2\" content=\"Out of stock\" \/>\n<script type=\"application\/ld+json\" class=\"yoast-schema-graph\">{\"@context\":\"https:\\\/\\\/schema.org\",\"@graph\":[{\"@type\":\"WebPage\",\"@id\":\"https:\\\/\\\/ecosupplements.ch\\\/?product=melatonin-with-valerian-lemon-balm-1mg-60-vegan-caps\",\"url\":\"https:\\\/\\\/ecosupplements.ch\\\/?product=melatonin-with-valerian-lemon-balm-1mg-60-vegan-caps\",\"name\":\"Melatonin mit Valerian & Lemon Balm, 1mg \u2013 Osavi | ecosupplements.ch\",\"isPartOf\":{\"@id\":\"https:\\\/\\\/ecosupplements.ch\\\/#website\"},\"primaryImageOfPage\":{\"@id\":\"https:\\\/\\\/ecosupplements.ch\\\/?product=melatonin-with-valerian-lemon-balm-1mg-60-vegan-caps#primaryimage\"},\"image\":{\"@id\":\"https:\\\/\\\/ecosupplements.ch\\\/?product=melatonin-with-valerian-lemon-balm-1mg-60-vegan-caps#primaryimage\"},\"thumbnailUrl\":\"https:\\\/\\\/ecosupplements.ch\\\/wp-content\\\/uploads\\\/2026\\\/05\\\/Melatonin-with-Valerian-Lemon-Balm-1mg-60-vegan-caps.jpg\",\"datePublished\":\"2026-05-11T14:36:33+00:00\",\"dateModified\":\"2026-05-13T07:25:29+00:00\",\"description\":\"Osavi Melatonin 1mg mit Baldrian & Zitronenmelisse \u2013 60 vegane Kapseln f\u00fcr eine erholsame Nacht. Jetzt bestellen.\",\"breadcrumb\":{\"@id\":\"https:\\\/\\\/ecosupplements.ch\\\/?product=melatonin-with-valerian-lemon-balm-1mg-60-vegan-caps#breadcrumb\"},\"inLanguage\":\"de-CH\",\"potentialAction\":[{\"@type\":\"ReadAction\",\"target\":[\"https:\\\/\\\/ecosupplements.ch\\\/?product=melatonin-with-valerian-lemon-balm-1mg-60-vegan-caps\"]}]},{\"@type\":\"ImageObject\",\"inLanguage\":\"de-CH\",\"@id\":\"https:\\\/\\\/ecosupplements.ch\\\/?product=melatonin-with-valerian-lemon-balm-1mg-60-vegan-caps#primaryimage\",\"url\":\"https:\\\/\\\/ecosupplements.ch\\\/wp-content\\\/uploads\\\/2026\\\/05\\\/Melatonin-with-Valerian-Lemon-Balm-1mg-60-vegan-caps.jpg\",\"contentUrl\":\"https:\\\/\\\/ecosupplements.ch\\\/wp-content\\\/uploads\\\/2026\\\/05\\\/Melatonin-with-Valerian-Lemon-Balm-1mg-60-vegan-caps.jpg\",\"width\":581,\"height\":750,\"caption\":\"Melatonin with Valerian & Lemon Balm\"},{\"@type\":\"BreadcrumbList\",\"@id\":\"https:\\\/\\\/ecosupplements.ch\\\/?product=melatonin-with-valerian-lemon-balm-1mg-60-vegan-caps#breadcrumb\",\"itemListElement\":[{\"@type\":\"ListItem\",\"position\":1,\"name\":\"Home\",\"item\":\"https:\\\/\\\/ecosupplements.ch\\\/\"},{\"@type\":\"ListItem\",\"position\":2,\"name\":\"Shop\",\"item\":\"https:\\\/\\\/ecosupplements.ch\\\/?page_id=14\"},{\"@type\":\"ListItem\",\"position\":3,\"name\":\"Melatonin with Valerian &amp; Lemon Balm, 1mg &#8211; 60 vegan caps\"}]},{\"@type\":\"WebSite\",\"@id\":\"https:\\\/\\\/ecosupplements.ch\\\/#website\",\"url\":\"https:\\\/\\\/ecosupplements.ch\\\/\",\"name\":\"Eco Supplements\",\"description\":\"\",\"potentialAction\":[{\"@type\":\"SearchAction\",\"target\":{\"@type\":\"EntryPoint\",\"urlTemplate\":\"https:\\\/\\\/ecosupplements.ch\\\/?s={search_term_string}\"},\"query-input\":{\"@type\":\"PropertyValueSpecification\",\"valueRequired\":true,\"valueName\":\"search_term_string\"}}],\"inLanguage\":\"de-CH\"}]}<\/script>\n<meta property=\"product:price:amount\" content=\"9.15\" \/>\n<meta property=\"product:price:currency\" content=\"CHF\" \/>\n<meta property=\"og:availability\" content=\"out of stock\" \/>\n<meta property=\"product:availability\" content=\"out of stock\" \/>\n<meta property=\"product:retailer_item_id\" content=\"5904139920848\" \/>\n<meta property=\"product:condition\" content=\"new\" \/>\n<!-- \/ Yoast SEO plugin. -->","yoast_head_json":{"title":"Melatonin mit Valerian & Lemon Balm, 1mg \u2013 Osavi | ecosupplements.ch","description":"Osavi Melatonin 1mg mit Baldrian & Zitronenmelisse \u2013 60 vegane Kapseln f\u00fcr eine erholsame Nacht. Jetzt bestellen.","robots":{"index":"index","follow":"follow","max-snippet":"max-snippet:-1","max-image-preview":"max-image-preview:large","max-video-preview":"max-video-preview:-1"},"canonical":"https:\/\/ecosupplements.ch\/?product=melatonin-with-valerian-lemon-balm-1mg-60-vegan-caps","og_locale":"de_DE","og_type":"article","og_title":"Melatonin mit Valerian & Lemon Balm, 1mg \u2013 Osavi | ecosupplements.ch","og_description":"Osavi Melatonin 1mg mit Baldrian & Zitronenmelisse \u2013 60 vegane Kapseln f\u00fcr eine erholsame Nacht. Jetzt bestellen.","og_url":"https:\/\/ecosupplements.ch\/?product=melatonin-with-valerian-lemon-balm-1mg-60-vegan-caps","og_site_name":"Eco Supplements","article_modified_time":"2026-05-13T07:25:29+00:00","og_image":[{"width":581,"height":750,"url":"https:\/\/ecosupplements.ch\/wp-content\/uploads\/2026\/05\/Melatonin-with-Valerian-Lemon-Balm-1mg-60-vegan-caps.jpg","type":"image\/jpeg"}],"twitter_card":"summary_large_image","twitter_misc":{"Price":"&#67;&#72;&#70;&nbsp;9.15","Availability":"Out of stock"},"schema":{"@context":"https:\/\/schema.org","@graph":[{"@type":"WebPage","@id":"https:\/\/ecosupplements.ch\/?product=melatonin-with-valerian-lemon-balm-1mg-60-vegan-caps","url":"https:\/\/ecosupplements.ch\/?product=melatonin-with-valerian-lemon-balm-1mg-60-vegan-caps","name":"Melatonin mit Valerian & Lemon Balm, 1mg \u2013 Osavi | ecosupplements.ch","isPartOf":{"@id":"https:\/\/ecosupplements.ch\/#website"},"primaryImageOfPage":{"@id":"https:\/\/ecosupplements.ch\/?product=melatonin-with-valerian-lemon-balm-1mg-60-vegan-caps#primaryimage"},"image":{"@id":"https:\/\/ecosupplements.ch\/?product=melatonin-with-valerian-lemon-balm-1mg-60-vegan-caps#primaryimage"},"thumbnailUrl":"https:\/\/ecosupplements.ch\/wp-content\/uploads\/2026\/05\/Melatonin-with-Valerian-Lemon-Balm-1mg-60-vegan-caps.jpg","datePublished":"2026-05-11T14:36:33+00:00","dateModified":"2026-05-13T07:25:29+00:00","description":"Osavi Melatonin 1mg mit Baldrian & Zitronenmelisse \u2013 60 vegane Kapseln f\u00fcr eine erholsame Nacht. Jetzt bestellen.","breadcrumb":{"@id":"https:\/\/ecosupplements.ch\/?product=melatonin-with-valerian-lemon-balm-1mg-60-vegan-caps#breadcrumb"},"inLanguage":"de-CH","potentialAction":[{"@type":"ReadAction","target":["https:\/\/ecosupplements.ch\/?product=melatonin-with-valerian-lemon-balm-1mg-60-vegan-caps"]}]},{"@type":"ImageObject","inLanguage":"de-CH","@id":"https:\/\/ecosupplements.ch\/?product=melatonin-with-valerian-lemon-balm-1mg-60-vegan-caps#primaryimage","url":"https:\/\/ecosupplements.ch\/wp-content\/uploads\/2026\/05\/Melatonin-with-Valerian-Lemon-Balm-1mg-60-vegan-caps.jpg","contentUrl":"https:\/\/ecosupplements.ch\/wp-content\/uploads\/2026\/05\/Melatonin-with-Valerian-Lemon-Balm-1mg-60-vegan-caps.jpg","width":581,"height":750,"caption":"Melatonin with Valerian & Lemon Balm"},{"@type":"BreadcrumbList","@id":"https:\/\/ecosupplements.ch\/?product=melatonin-with-valerian-lemon-balm-1mg-60-vegan-caps#breadcrumb","itemListElement":[{"@type":"ListItem","position":1,"name":"Home","item":"https:\/\/ecosupplements.ch\/"},{"@type":"ListItem","position":2,"name":"Shop","item":"https:\/\/ecosupplements.ch\/?page_id=14"},{"@type":"ListItem","position":3,"name":"Melatonin with Valerian &amp; Lemon Balm, 1mg &#8211; 60 vegan caps"}]},{"@type":"WebSite","@id":"https:\/\/ecosupplements.ch\/#website","url":"https:\/\/ecosupplements.ch\/","name":"Eco Supplements","description":"","potentialAction":[{"@type":"SearchAction","target":{"@type":"EntryPoint","urlTemplate":"https:\/\/ecosupplements.ch\/?s={search_term_string}"},"query-input":{"@type":"PropertyValueSpecification","valueRequired":true,"valueName":"search_term_string"}}],"inLanguage":"de-CH"}]},"product_price_amount":"9.15","product_price_currency":"CHF","og_availability":"out of stock","product_availability":"out of stock","product_retailer_item_id":"5904139920848","product_condition":"new"},"_links":{"self":[{"href":"https:\/\/ecosupplements.ch\/index.php?rest_route=\/wp\/v2\/product\/2402","targetHints":{"allow":["GET"]}}],"collection":[{"href":"https:\/\/ecosupplements.ch\/index.php?rest_route=\/wp\/v2\/product"}],"about":[{"href":"https:\/\/ecosupplements.ch\/index.php?rest_route=\/wp\/v2\/types\/product"}],"replies":[{"embeddable":true,"href":"https:\/\/ecosupplements.ch\/index.php?rest_route=%2Fwp%2Fv2%2Fcomments&post=2402"}],"wp:featuredmedia":[{"embeddable":true,"href":"https:\/\/ecosupplements.ch\/index.php?rest_route=\/wp\/v2\/media\/2403"}],"wp:attachment":[{"href":"https:\/\/ecosupplements.ch\/index.php?rest_route=%2Fwp%2Fv2%2Fmedia&parent=2402"}],"wp:term":[{"taxonomy":"product_brand","embeddable":true,"href":"https:\/\/ecosupplements.ch\/index.php?rest_route=%2Fwp%2Fv2%2Fproduct_brand&post=2402"},{"taxonomy":"product_cat","embeddable":true,"href":"https:\/\/ecosupplements.ch\/index.php?rest_route=%2Fwp%2Fv2%2Fproduct_cat&post=2402"},{"taxonomy":"product_tag","embeddable":true,"href":"https:\/\/ecosupplements.ch\/index.php?rest_route=%2Fwp%2Fv2%2Fproduct_tag&post=2402"}],"curies":[{"name":"wp","href":"https:\/\/api.w.org\/{rel}","templated":true}]}}