{"id":2404,"date":"2026-05-11T14:36:34","date_gmt":"2026-05-11T14:36:34","guid":{"rendered":"https:\/\/ecosupplements.ch\/?product=methyl-b12-oral-spray-100mcg-cherry-25-ml"},"modified":"2026-05-13T07:23:36","modified_gmt":"2026-05-13T07:23:36","slug":"methyl-b12-oral-spray-100mcg-cherry-25-ml","status":"publish","type":"product","link":"https:\/\/ecosupplements.ch\/?product=methyl-b12-oral-spray-100mcg-cherry-25-ml","title":{"rendered":"Methyl-B12 Oral Spray, 100mcg (Cherry) &#8211; 25 ml."},"content":{"rendered":"<div class=\"chcg-product-description\">\n<h2 class=\"chcg-heading\">\u00dcber Osavi \u2013 Methyl-B12 Oral Spray, 100mcg (Cherry) \u2013 25 ml<\/h2>\n<div class=\"chcg-intro\">\n<p>Das Osavi Methyl-B12 Oral Spray liefert Vitamin B12 in der hochwertigen Methylcobalamin-Form \u2013 direkt als Spray unter die Zunge aufgetragen. Diese Anwendungsform erm\u00f6glicht eine einfache und komfortable Einnahme ohne Schlucken von Kapseln oder Tabletten. Mit 100 \u00b5g Vitamin B12 pro Spr\u00fchstoss und einem angenehmen Kirschgeschmack ist dieses Spray eine praktische Erg\u00e4nzung f\u00fcr den Alltag.<\/p>\n<p>Vitamin B12 tr\u00e4gt zur normalen Funktion des Nervensystems, zur normalen psychischen Funktion sowie zur Verringerung von M\u00fcdigkeit und Ersch\u00f6pfung bei. Ausserdem unterst\u00fctzt es den normalen Energiestoffwechsel und tr\u00e4gt zur normalen Bildung roter Blutk\u00f6rperchen bei. Das Produkt ist besonders f\u00fcr Personen geeignet, die eine bequeme Alternative zur herk\u00f6mmlichen Einnahmeform bevorzugen.<\/p>\n<p>Das Osavi Methyl-B12 Oral Spray ist vegan, vegetarisch, glutenfrei, laktosefrei, sojafrei, zuckerfrei und frei von gentechnisch ver\u00e4nderten Organismen (GMO-frei). Die kompakte 25-ml-Flasche mit Pumpspender eignet sich ideal f\u00fcr zuhause und unterwegs.<\/p>\n<\/p><\/div>\n<div class=\"chcg-nutrition\">\n<h3>N\u00e4hrwertangaben<\/h3>\n<table class=\"chcg-nutrition-table\">\n<thead>\n<tr>\n<th>N\u00e4hrstoff<\/th>\n<th>Pro 100 ml<\/th>\n<th>Pro Tagesportion (1 Spr\u00fchstoss \/ 0,2 ml)<\/th>\n<th>% NRV<\/th>\n<\/tr>\n<\/thead>\n<tbody>\n<tr>\n<td>Vitamin B12 (Methylcobalamin)<\/td>\n<td>50 000 \u00b5g<\/td>\n<td>100 \u00b5g<\/td>\n<td>4000%<\/td>\n<\/tr>\n<\/tbody>\n<\/table>\n<p class=\"chcg-footnote\">NRV = N\u00e4hrstoffbezugswert (Nutrient Reference Value)<\/p>\n<\/p><\/div>\n<div class=\"chcg-ingredients\">\n<h3>Zutaten<\/h3>\n<p>Wasser, Verdickungsmittel: Xylitol (20%) und Xanthan, nat\u00fcrliches Kirschararoma, S\u00e4uerungsmittel: Zitronens\u00e4ure, Konservierungsstoff: Kaliumsorbat, Vitamin B12 (Methylcobalamin).<\/p>\n<\/p><\/div>\n<div class=\"chcg-dosage\">\n<h3>Verzehrempfehlung<\/h3>\n<p>1 Spr\u00fchstoss (0,2 ml) t\u00e4glich unter die Zunge spr\u00fchen. Vor jeder Anwendung gut sch\u00fctteln. Bei der ersten Anwendung die Pumpe 3\u20134 Mal dr\u00fccken, um sie zu aktivieren.<\/p>\n<\/p><\/div>\n<div class=\"chcg-warnings\">\n<h3>Warnhinweise<\/h3>\n<p>Das Produkt kann von Kindern ab 3 Jahren verwendet werden. Die empfohlene Tagesdosis darf nicht \u00fcberschritten werden. Konsultieren Sie vor der Verwendung dieses Produkts Ihren Apotheker oder Arzt, wenn Sie schwanger werden m\u00f6chten, schwanger sind, stillen, unter \u00e4rztlicher Aufsicht stehen oder an Lebensmittelallergien leiden. \u00dcberm\u00e4ssiger Konsum kann abf\u00fchrend wirken. Nahrungserg\u00e4nzungsmittel sollten nicht als Ersatz f\u00fcr eine ausgewogene Ern\u00e4hrung verwendet werden. Eine abwechslungsreiche Ern\u00e4hrung und ein gesunder Lebensstil sind massgebend f\u00fcr den Erhalt der normalen Gesundheit. Nach der ersten \u00d6ffnung innerhalb von 6 Monaten verbrauchen.<\/p>\n<\/p><\/div>\n<div class=\"chcg-allergens\">\n<h3>Allergeninformationen<\/h3>\n<p>Keine Allergene deklariert. Das Produkt ist glutenfrei, laktosefrei, sojafrei, zuckerfrei und GMO-frei.<\/p>\n<\/p><\/div>\n<div class=\"chcg-storage\">\n<h3>Lagerung<\/h3>\n<p>An einem dunklen und trockenen Ort bei Raumtemperatur lagern.<\/p>\n<\/p><\/div>\n<div class=\"chcg-dietary\">\n<h3>Ern\u00e4hrungshinweise<\/h3>\n<ul>\n<li>Vegan<\/li>\n<li>Vegetarisch<\/li>\n<li>Glutenfrei<\/li>\n<li>Laktosefrei<\/li>\n<\/ul><\/div>\n<\/div>\n","protected":false},"excerpt":{"rendered":"<p>Das Osavi Methyl-B12 Oral Spray liefert 100 \u00b5g Vitamin B12 als Methylcobalamin pro Spr\u00fchstoss \u2013 zur Unterst\u00fctzung des Energiestoffwechsels und zur Verringerung von M\u00fcdigkeit. Vegan, zuckerfrei, im praktischen 25-ml-Pumpspender mit Kirschgeschmack.<\/p>\n","protected":false},"featured_media":2405,"comment_status":"closed","ping_status":"open","template":"","meta":[],"product_brand":[219],"product_cat":[118,27,48,25,26,22,28,21],"product_tag":[],"class_list":{"0":"post-2404","1":"product","2":"type-product","3":"status-publish","4":"has-post-thumbnail","6":"product_brand-osavi","7":"product_cat-b12","8":"product_cat-einige-vitamine","9":"product_cat-gesunde-ernaehrung","10":"product_cat-gesundheit-und-wohlbefinden","11":"product_cat-multivitamine","12":"product_cat-vegane-produkte","13":"product_cat-vitamin-b","14":"product_cat-vitamine-und-mineralstoffe","16":"first","17":"outofstock","18":"taxable","19":"shipping-taxable","20":"purchasable","21":"product-type-simple"},"yoast_head":"<!-- This site is optimized with the Yoast SEO plugin v27.5 - https:\/\/yoast.com\/product\/yoast-seo-wordpress\/ -->\n<title>Methyl-B12 Oral Spray 100mcg Cherry \u2013 Osavi | ecosupplements.ch<\/title>\n<meta name=\"description\" content=\"Osavi Methyl-B12 Oral Spray mit 100 \u00b5g Methylcobalamin pro Spr\u00fchstoss \u2013 vegan, zuckerfrei, 25 ml. Jetzt bestellen.\" \/>\n<meta name=\"robots\" content=\"index, follow, max-snippet:-1, max-image-preview:large, max-video-preview:-1\" \/>\n<link rel=\"canonical\" href=\"https:\/\/ecosupplements.ch\/?product=methyl-b12-oral-spray-100mcg-cherry-25-ml\" \/>\n<meta property=\"og:locale\" content=\"de_DE\" \/>\n<meta property=\"og:type\" content=\"article\" \/>\n<meta property=\"og:title\" content=\"Methyl-B12 Oral Spray 100mcg Cherry \u2013 Osavi | ecosupplements.ch\" \/>\n<meta property=\"og:description\" content=\"Osavi Methyl-B12 Oral Spray mit 100 \u00b5g Methylcobalamin pro Spr\u00fchstoss \u2013 vegan, zuckerfrei, 25 ml. Jetzt bestellen.\" \/>\n<meta property=\"og:url\" content=\"https:\/\/ecosupplements.ch\/?product=methyl-b12-oral-spray-100mcg-cherry-25-ml\" \/>\n<meta property=\"og:site_name\" content=\"Eco Supplements\" \/>\n<meta property=\"article:modified_time\" content=\"2026-05-13T07:23:36+00:00\" \/>\n<meta property=\"og:image\" content=\"https:\/\/ecosupplements.ch\/wp-content\/uploads\/2026\/05\/Methyl-B12-Oral-Spray-100mcg-Cherry-25-ml.png\" \/>\n\t<meta property=\"og:image:width\" content=\"483\" \/>\n\t<meta property=\"og:image:height\" content=\"570\" \/>\n\t<meta property=\"og:image:type\" content=\"image\/png\" \/>\n<meta name=\"twitter:card\" content=\"summary_large_image\" \/>\n<meta name=\"twitter:label1\" content=\"Price\" \/>\n\t<meta name=\"twitter:data1\" content=\"&#067;&#072;&#070;&nbsp;8.83\" \/>\n\t<meta name=\"twitter:label2\" content=\"Availability\" \/>\n\t<meta name=\"twitter:data2\" content=\"Out of stock\" \/>\n<script type=\"application\/ld+json\" class=\"yoast-schema-graph\">{\"@context\":\"https:\\\/\\\/schema.org\",\"@graph\":[{\"@type\":\"WebPage\",\"@id\":\"https:\\\/\\\/ecosupplements.ch\\\/?product=methyl-b12-oral-spray-100mcg-cherry-25-ml\",\"url\":\"https:\\\/\\\/ecosupplements.ch\\\/?product=methyl-b12-oral-spray-100mcg-cherry-25-ml\",\"name\":\"Methyl-B12 Oral Spray 100mcg Cherry \u2013 Osavi | ecosupplements.ch\",\"isPartOf\":{\"@id\":\"https:\\\/\\\/ecosupplements.ch\\\/#website\"},\"primaryImageOfPage\":{\"@id\":\"https:\\\/\\\/ecosupplements.ch\\\/?product=methyl-b12-oral-spray-100mcg-cherry-25-ml#primaryimage\"},\"image\":{\"@id\":\"https:\\\/\\\/ecosupplements.ch\\\/?product=methyl-b12-oral-spray-100mcg-cherry-25-ml#primaryimage\"},\"thumbnailUrl\":\"https:\\\/\\\/ecosupplements.ch\\\/wp-content\\\/uploads\\\/2026\\\/05\\\/Methyl-B12-Oral-Spray-100mcg-Cherry-25-ml.png\",\"datePublished\":\"2026-05-11T14:36:34+00:00\",\"dateModified\":\"2026-05-13T07:23:36+00:00\",\"description\":\"Osavi Methyl-B12 Oral Spray mit 100 \u00b5g Methylcobalamin pro Spr\u00fchstoss \u2013 vegan, zuckerfrei, 25 ml. Jetzt bestellen.\",\"breadcrumb\":{\"@id\":\"https:\\\/\\\/ecosupplements.ch\\\/?product=methyl-b12-oral-spray-100mcg-cherry-25-ml#breadcrumb\"},\"inLanguage\":\"de-CH\",\"potentialAction\":[{\"@type\":\"ReadAction\",\"target\":[\"https:\\\/\\\/ecosupplements.ch\\\/?product=methyl-b12-oral-spray-100mcg-cherry-25-ml\"]}]},{\"@type\":\"ImageObject\",\"inLanguage\":\"de-CH\",\"@id\":\"https:\\\/\\\/ecosupplements.ch\\\/?product=methyl-b12-oral-spray-100mcg-cherry-25-ml#primaryimage\",\"url\":\"https:\\\/\\\/ecosupplements.ch\\\/wp-content\\\/uploads\\\/2026\\\/05\\\/Methyl-B12-Oral-Spray-100mcg-Cherry-25-ml.png\",\"contentUrl\":\"https:\\\/\\\/ecosupplements.ch\\\/wp-content\\\/uploads\\\/2026\\\/05\\\/Methyl-B12-Oral-Spray-100mcg-Cherry-25-ml.png\",\"width\":483,\"height\":570,\"caption\":\"Methyl-B12 Oral Spray\"},{\"@type\":\"BreadcrumbList\",\"@id\":\"https:\\\/\\\/ecosupplements.ch\\\/?product=methyl-b12-oral-spray-100mcg-cherry-25-ml#breadcrumb\",\"itemListElement\":[{\"@type\":\"ListItem\",\"position\":1,\"name\":\"Home\",\"item\":\"https:\\\/\\\/ecosupplements.ch\\\/\"},{\"@type\":\"ListItem\",\"position\":2,\"name\":\"Shop\",\"item\":\"https:\\\/\\\/ecosupplements.ch\\\/?page_id=14\"},{\"@type\":\"ListItem\",\"position\":3,\"name\":\"Methyl-B12 Oral Spray, 100mcg (Cherry) &#8211; 25 ml.\"}]},{\"@type\":\"WebSite\",\"@id\":\"https:\\\/\\\/ecosupplements.ch\\\/#website\",\"url\":\"https:\\\/\\\/ecosupplements.ch\\\/\",\"name\":\"Eco Supplements\",\"description\":\"\",\"potentialAction\":[{\"@type\":\"SearchAction\",\"target\":{\"@type\":\"EntryPoint\",\"urlTemplate\":\"https:\\\/\\\/ecosupplements.ch\\\/?s={search_term_string}\"},\"query-input\":{\"@type\":\"PropertyValueSpecification\",\"valueRequired\":true,\"valueName\":\"search_term_string\"}}],\"inLanguage\":\"de-CH\"}]}<\/script>\n<meta property=\"product:price:amount\" content=\"8.83\" \/>\n<meta property=\"product:price:currency\" content=\"CHF\" \/>\n<meta property=\"og:availability\" content=\"out of stock\" \/>\n<meta property=\"product:availability\" content=\"out of stock\" \/>\n<meta property=\"product:retailer_item_id\" content=\"5904139920541\" \/>\n<meta property=\"product:condition\" content=\"new\" \/>\n<!-- \/ Yoast SEO plugin. -->","yoast_head_json":{"title":"Methyl-B12 Oral Spray 100mcg Cherry \u2013 Osavi | ecosupplements.ch","description":"Osavi Methyl-B12 Oral Spray mit 100 \u00b5g Methylcobalamin pro Spr\u00fchstoss \u2013 vegan, zuckerfrei, 25 ml. Jetzt bestellen.","robots":{"index":"index","follow":"follow","max-snippet":"max-snippet:-1","max-image-preview":"max-image-preview:large","max-video-preview":"max-video-preview:-1"},"canonical":"https:\/\/ecosupplements.ch\/?product=methyl-b12-oral-spray-100mcg-cherry-25-ml","og_locale":"de_DE","og_type":"article","og_title":"Methyl-B12 Oral Spray 100mcg Cherry \u2013 Osavi | ecosupplements.ch","og_description":"Osavi Methyl-B12 Oral Spray mit 100 \u00b5g Methylcobalamin pro Spr\u00fchstoss \u2013 vegan, zuckerfrei, 25 ml. Jetzt bestellen.","og_url":"https:\/\/ecosupplements.ch\/?product=methyl-b12-oral-spray-100mcg-cherry-25-ml","og_site_name":"Eco Supplements","article_modified_time":"2026-05-13T07:23:36+00:00","og_image":[{"width":483,"height":570,"url":"https:\/\/ecosupplements.ch\/wp-content\/uploads\/2026\/05\/Methyl-B12-Oral-Spray-100mcg-Cherry-25-ml.png","type":"image\/png"}],"twitter_card":"summary_large_image","twitter_misc":{"Price":"&#67;&#72;&#70;&nbsp;8.83","Availability":"Out of stock"},"schema":{"@context":"https:\/\/schema.org","@graph":[{"@type":"WebPage","@id":"https:\/\/ecosupplements.ch\/?product=methyl-b12-oral-spray-100mcg-cherry-25-ml","url":"https:\/\/ecosupplements.ch\/?product=methyl-b12-oral-spray-100mcg-cherry-25-ml","name":"Methyl-B12 Oral Spray 100mcg Cherry \u2013 Osavi | ecosupplements.ch","isPartOf":{"@id":"https:\/\/ecosupplements.ch\/#website"},"primaryImageOfPage":{"@id":"https:\/\/ecosupplements.ch\/?product=methyl-b12-oral-spray-100mcg-cherry-25-ml#primaryimage"},"image":{"@id":"https:\/\/ecosupplements.ch\/?product=methyl-b12-oral-spray-100mcg-cherry-25-ml#primaryimage"},"thumbnailUrl":"https:\/\/ecosupplements.ch\/wp-content\/uploads\/2026\/05\/Methyl-B12-Oral-Spray-100mcg-Cherry-25-ml.png","datePublished":"2026-05-11T14:36:34+00:00","dateModified":"2026-05-13T07:23:36+00:00","description":"Osavi Methyl-B12 Oral Spray mit 100 \u00b5g Methylcobalamin pro Spr\u00fchstoss \u2013 vegan, zuckerfrei, 25 ml. Jetzt bestellen.","breadcrumb":{"@id":"https:\/\/ecosupplements.ch\/?product=methyl-b12-oral-spray-100mcg-cherry-25-ml#breadcrumb"},"inLanguage":"de-CH","potentialAction":[{"@type":"ReadAction","target":["https:\/\/ecosupplements.ch\/?product=methyl-b12-oral-spray-100mcg-cherry-25-ml"]}]},{"@type":"ImageObject","inLanguage":"de-CH","@id":"https:\/\/ecosupplements.ch\/?product=methyl-b12-oral-spray-100mcg-cherry-25-ml#primaryimage","url":"https:\/\/ecosupplements.ch\/wp-content\/uploads\/2026\/05\/Methyl-B12-Oral-Spray-100mcg-Cherry-25-ml.png","contentUrl":"https:\/\/ecosupplements.ch\/wp-content\/uploads\/2026\/05\/Methyl-B12-Oral-Spray-100mcg-Cherry-25-ml.png","width":483,"height":570,"caption":"Methyl-B12 Oral Spray"},{"@type":"BreadcrumbList","@id":"https:\/\/ecosupplements.ch\/?product=methyl-b12-oral-spray-100mcg-cherry-25-ml#breadcrumb","itemListElement":[{"@type":"ListItem","position":1,"name":"Home","item":"https:\/\/ecosupplements.ch\/"},{"@type":"ListItem","position":2,"name":"Shop","item":"https:\/\/ecosupplements.ch\/?page_id=14"},{"@type":"ListItem","position":3,"name":"Methyl-B12 Oral Spray, 100mcg (Cherry) &#8211; 25 ml."}]},{"@type":"WebSite","@id":"https:\/\/ecosupplements.ch\/#website","url":"https:\/\/ecosupplements.ch\/","name":"Eco Supplements","description":"","potentialAction":[{"@type":"SearchAction","target":{"@type":"EntryPoint","urlTemplate":"https:\/\/ecosupplements.ch\/?s={search_term_string}"},"query-input":{"@type":"PropertyValueSpecification","valueRequired":true,"valueName":"search_term_string"}}],"inLanguage":"de-CH"}]},"product_price_amount":"8.83","product_price_currency":"CHF","og_availability":"out of stock","product_availability":"out of stock","product_retailer_item_id":"5904139920541","product_condition":"new"},"_links":{"self":[{"href":"https:\/\/ecosupplements.ch\/index.php?rest_route=\/wp\/v2\/product\/2404","targetHints":{"allow":["GET"]}}],"collection":[{"href":"https:\/\/ecosupplements.ch\/index.php?rest_route=\/wp\/v2\/product"}],"about":[{"href":"https:\/\/ecosupplements.ch\/index.php?rest_route=\/wp\/v2\/types\/product"}],"replies":[{"embeddable":true,"href":"https:\/\/ecosupplements.ch\/index.php?rest_route=%2Fwp%2Fv2%2Fcomments&post=2404"}],"wp:featuredmedia":[{"embeddable":true,"href":"https:\/\/ecosupplements.ch\/index.php?rest_route=\/wp\/v2\/media\/2405"}],"wp:attachment":[{"href":"https:\/\/ecosupplements.ch\/index.php?rest_route=%2Fwp%2Fv2%2Fmedia&parent=2404"}],"wp:term":[{"taxonomy":"product_brand","embeddable":true,"href":"https:\/\/ecosupplements.ch\/index.php?rest_route=%2Fwp%2Fv2%2Fproduct_brand&post=2404"},{"taxonomy":"product_cat","embeddable":true,"href":"https:\/\/ecosupplements.ch\/index.php?rest_route=%2Fwp%2Fv2%2Fproduct_cat&post=2404"},{"taxonomy":"product_tag","embeddable":true,"href":"https:\/\/ecosupplements.ch\/index.php?rest_route=%2Fwp%2Fv2%2Fproduct_tag&post=2404"}],"curies":[{"name":"wp","href":"https:\/\/api.w.org\/{rel}","templated":true}]}}