{"id":2416,"date":"2026-05-11T14:36:59","date_gmt":"2026-05-11T14:36:59","guid":{"rendered":"https:\/\/ecosupplements.ch\/?product=natural-quercetin-500mg-120-vegan-caps"},"modified":"2026-05-13T07:26:59","modified_gmt":"2026-05-13T07:26:59","slug":"natural-quercetin-500mg-120-vegan-caps","status":"publish","type":"product","link":"https:\/\/ecosupplements.ch\/?product=natural-quercetin-500mg-120-vegan-caps","title":{"rendered":"Natural Quercetin, 500mg &#8211; 120 vegan caps"},"content":{"rendered":"<div class=\"chcg-product-description\">\n<h2 class=\"chcg-heading\">\u00dcber Osavi \u2013 Natural Quercetin, 500mg \u2013 120 vegane Kapseln<\/h2>\n<div class=\"chcg-intro\">\n<p>Quercetin ist ein nat\u00fcrlich vorkommendes Flavonoid, das in vielen Pflanzen, Fr\u00fcchten und Gem\u00fcsesorten vorkommt. Das Osavi Natural Quercetin liefert 500 mg reines Quercetin pro Kapsel \u2013 gewonnen aus dem Bl\u00fctenextrakt des japanischen Schnurbaums (Sophora japonica) unter Verwendung des hochwertigen FlaviPure\u00ae-Extrakts mit einem Extraktionsverh\u00e4ltnis von 12:1. Das bedeutet, dass jede Kapsel einem \u00c4quivalent von 6000 mg der Originalbl\u00fcte entspricht.<\/p>\n<p>FlaviPure\u00ae steht f\u00fcr einen standardisierten und qualit\u00e4tsgepr\u00fcften Quercetin-Extrakt, der eine gleichbleibend hohe Reinheit und Wirkstoffkonzentration gew\u00e4hrleistet. Die vegane Kapsel aus Hydroxypropylmethylcellulose (HPMC) macht dieses Produkt f\u00fcr alle geeignet, die auf tierische Inhaltsstoffe verzichten m\u00f6chten. Zusatzstoffe wurden auf ein Minimum reduziert.<\/p>\n<p>Osavi Natural Quercetin ist frei von Gluten, Laktose, Soja und gentechnisch ver\u00e4nderten Organismen \u2013 ideal f\u00fcr Menschen mit besonderen Ern\u00e4hrungsanforderungen oder einem bewussten Lebensstil.<\/p>\n<\/p><\/div>\n<div class=\"chcg-nutrition\">\n<h3>N\u00e4hrwertangaben<\/h3>\n<table class=\"chcg-nutrition-table\">\n<thead>\n<tr>\n<th>N\u00e4hrstoff<\/th>\n<th>Pro Portion (1 Kapsel)<\/th>\n<\/tr>\n<\/thead>\n<tbody>\n<tr>\n<td>Quercetin (FlaviPure\u00ae), extrahiert aus der Bl\u00fcte des japanischen Schnurbaums, DER 12:1*<\/td>\n<td>500 mg**<\/td>\n<\/tr>\n<\/tbody>\n<\/table>\n<p class=\"chcg-footnote\">* 500 mg Quercetin wurden aus 6000 mg der Bl\u00fcte von Sophora japonica gewonnen.<\/p>\n<p class=\"chcg-footnote\">** Kein N\u00e4hrwert-Referenzwert (NRV) f\u00fcr Quercetin festgelegt.<\/p>\n<\/p><\/div>\n<div class=\"chcg-ingredients\">\n<h3>Zutaten<\/h3>\n<p>Quercetin (FlaviPure\u00ae), extrahiert aus der Bl\u00fcte des japanischen Schnurbaums, DER 12:1 (500 mg Quercetin gewonnen aus 6000 mg der Bl\u00fcte von Sophora japonica), Quercetin-Dihydrat aus der Bl\u00fcte des japanischen Schnurbaums (Sophora japonica), H\u00fclle (Hydroxypropylmethylcellulose), F\u00fcllstoff: Akaziengummi.<\/p>\n<p class=\"chcg-capsule-shell\">Kapselh\u00fclle: Hydroxypropylmethylcellulose (HPMC)<\/p>\n<\/p><\/div>\n<div class=\"chcg-dosage\">\n<h3>Verzehrempfehlung<\/h3>\n<p>1 Kapsel t\u00e4glich, nach einer Mahlzeit. Empfohlene Tagesdosis: 1 Kapsel.<\/p>\n<\/p><\/div>\n<div class=\"chcg-warnings\">\n<h3>Warnhinweise<\/h3>\n<p>Die empfohlene Tagesdosis darf nicht \u00fcberschritten werden. Konsultieren Sie vor der Einnahme dieses Produkts Ihren Apotheker oder Arzt, wenn Sie schwanger werden m\u00f6chten, schwanger sind, stillen, unter \u00e4rztlicher Aufsicht stehen oder an Lebensmittelallergien leiden. Nicht f\u00fcr Kinder empfohlen. Nahrungserg\u00e4nzungsmittel sind kein Ersatz f\u00fcr eine ausgewogene Ern\u00e4hrung. Eine abwechslungsreiche Ern\u00e4hrung und ein gesunder Lebensstil sind wichtig, um die normale Gesundheit zu erhalten.<\/p>\n<\/p><\/div>\n<div class=\"chcg-allergens\">\n<h3>Allergeninformationen<\/h3>\n<p>Keine Allergene deklariert. Frei von Gluten, Laktose, Soja und gentechnisch ver\u00e4nderten Organismen (GVO).<\/p>\n<\/p><\/div>\n<div class=\"chcg-storage\">\n<h3>Lagerung<\/h3>\n<p>An einem dunklen und trockenen Ort bei Raumtemperatur lagern. Ausserhalb der Reichweite von Kleinkindern aufbewahren.<\/p>\n<\/p><\/div>\n<div class=\"chcg-dietary\">\n<h3>Ern\u00e4hrungshinweise<\/h3>\n<ul>\n<li>Vegan<\/li>\n<li>Vegetarisch<\/li>\n<li>Glutenfrei<\/li>\n<li>Laktosefrei<\/li>\n<\/ul><\/div>\n<\/div>\n","protected":false},"excerpt":{"rendered":"<p>Osavi Natural Quercetin liefert 500 mg FlaviPure\u00ae-Quercetin pro veganer Kapsel, extrahiert aus dem japanischen Schnurbaum. 120 Kapseln, vegan, gluten- und laktosefrei.<\/p>\n","protected":false},"featured_media":2417,"comment_status":"closed","ping_status":"open","template":"","meta":[],"product_brand":[219],"product_cat":[48,25],"product_tag":[],"class_list":{"0":"post-2416","1":"product","2":"type-product","3":"status-publish","4":"has-post-thumbnail","6":"product_brand-osavi","7":"product_cat-gesunde-ernaehrung","8":"product_cat-gesundheit-und-wohlbefinden","10":"first","11":"outofstock","12":"taxable","13":"shipping-taxable","14":"purchasable","15":"product-type-simple"},"yoast_head":"<!-- This site is optimized with the Yoast SEO plugin v27.5 - https:\/\/yoast.com\/product\/yoast-seo-wordpress\/ -->\n<title>Natural Quercetin 500mg \u2013 Osavi | ecosupplements.ch<\/title>\n<meta name=\"description\" content=\"500 mg FlaviPure\u00ae Quercetin pro veganer Kapsel \u2013 hochdosiert, glutenfrei und ohne Laktose. 120 Kapseln von Osavi. Jetzt bestellen.\" \/>\n<meta name=\"robots\" content=\"index, follow, max-snippet:-1, max-image-preview:large, max-video-preview:-1\" \/>\n<link rel=\"canonical\" href=\"https:\/\/ecosupplements.ch\/?product=natural-quercetin-500mg-120-vegan-caps\" \/>\n<meta property=\"og:locale\" content=\"de_DE\" \/>\n<meta property=\"og:type\" content=\"article\" \/>\n<meta property=\"og:title\" content=\"Natural Quercetin 500mg \u2013 Osavi | ecosupplements.ch\" \/>\n<meta property=\"og:description\" content=\"500 mg FlaviPure\u00ae Quercetin pro veganer Kapsel \u2013 hochdosiert, glutenfrei und ohne Laktose. 120 Kapseln von Osavi. Jetzt bestellen.\" \/>\n<meta property=\"og:url\" content=\"https:\/\/ecosupplements.ch\/?product=natural-quercetin-500mg-120-vegan-caps\" \/>\n<meta property=\"og:site_name\" content=\"Eco Supplements\" \/>\n<meta property=\"article:modified_time\" content=\"2026-05-13T07:26:59+00:00\" \/>\n<meta property=\"og:image\" content=\"https:\/\/ecosupplements.ch\/wp-content\/uploads\/2026\/05\/Natural-Quercetin-500mg-120-vegan-caps.jpg\" \/>\n\t<meta property=\"og:image:width\" content=\"1776\" \/>\n\t<meta property=\"og:image:height\" content=\"2560\" \/>\n\t<meta property=\"og:image:type\" content=\"image\/jpeg\" \/>\n<meta name=\"twitter:card\" content=\"summary_large_image\" \/>\n<meta name=\"twitter:label1\" content=\"Price\" \/>\n\t<meta name=\"twitter:data1\" content=\"&#067;&#072;&#070;&nbsp;26.05\" \/>\n\t<meta name=\"twitter:label2\" content=\"Availability\" \/>\n\t<meta name=\"twitter:data2\" content=\"Out of stock\" \/>\n<script type=\"application\/ld+json\" class=\"yoast-schema-graph\">{\"@context\":\"https:\\\/\\\/schema.org\",\"@graph\":[{\"@type\":\"WebPage\",\"@id\":\"https:\\\/\\\/ecosupplements.ch\\\/?product=natural-quercetin-500mg-120-vegan-caps\",\"url\":\"https:\\\/\\\/ecosupplements.ch\\\/?product=natural-quercetin-500mg-120-vegan-caps\",\"name\":\"Natural Quercetin 500mg \u2013 Osavi | ecosupplements.ch\",\"isPartOf\":{\"@id\":\"https:\\\/\\\/ecosupplements.ch\\\/#website\"},\"primaryImageOfPage\":{\"@id\":\"https:\\\/\\\/ecosupplements.ch\\\/?product=natural-quercetin-500mg-120-vegan-caps#primaryimage\"},\"image\":{\"@id\":\"https:\\\/\\\/ecosupplements.ch\\\/?product=natural-quercetin-500mg-120-vegan-caps#primaryimage\"},\"thumbnailUrl\":\"https:\\\/\\\/ecosupplements.ch\\\/wp-content\\\/uploads\\\/2026\\\/05\\\/Natural-Quercetin-500mg-120-vegan-caps.jpg\",\"datePublished\":\"2026-05-11T14:36:59+00:00\",\"dateModified\":\"2026-05-13T07:26:59+00:00\",\"description\":\"500 mg FlaviPure\u00ae Quercetin pro veganer Kapsel \u2013 hochdosiert, glutenfrei und ohne Laktose. 120 Kapseln von Osavi. Jetzt bestellen.\",\"breadcrumb\":{\"@id\":\"https:\\\/\\\/ecosupplements.ch\\\/?product=natural-quercetin-500mg-120-vegan-caps#breadcrumb\"},\"inLanguage\":\"de-CH\",\"potentialAction\":[{\"@type\":\"ReadAction\",\"target\":[\"https:\\\/\\\/ecosupplements.ch\\\/?product=natural-quercetin-500mg-120-vegan-caps\"]}]},{\"@type\":\"ImageObject\",\"inLanguage\":\"de-CH\",\"@id\":\"https:\\\/\\\/ecosupplements.ch\\\/?product=natural-quercetin-500mg-120-vegan-caps#primaryimage\",\"url\":\"https:\\\/\\\/ecosupplements.ch\\\/wp-content\\\/uploads\\\/2026\\\/05\\\/Natural-Quercetin-500mg-120-vegan-caps.jpg\",\"contentUrl\":\"https:\\\/\\\/ecosupplements.ch\\\/wp-content\\\/uploads\\\/2026\\\/05\\\/Natural-Quercetin-500mg-120-vegan-caps.jpg\",\"width\":1776,\"height\":2560,\"caption\":\"Natural Quercetin\"},{\"@type\":\"BreadcrumbList\",\"@id\":\"https:\\\/\\\/ecosupplements.ch\\\/?product=natural-quercetin-500mg-120-vegan-caps#breadcrumb\",\"itemListElement\":[{\"@type\":\"ListItem\",\"position\":1,\"name\":\"Home\",\"item\":\"https:\\\/\\\/ecosupplements.ch\\\/\"},{\"@type\":\"ListItem\",\"position\":2,\"name\":\"Shop\",\"item\":\"https:\\\/\\\/ecosupplements.ch\\\/?page_id=14\"},{\"@type\":\"ListItem\",\"position\":3,\"name\":\"Natural Quercetin, 500mg &#8211; 120 vegan caps\"}]},{\"@type\":\"WebSite\",\"@id\":\"https:\\\/\\\/ecosupplements.ch\\\/#website\",\"url\":\"https:\\\/\\\/ecosupplements.ch\\\/\",\"name\":\"Eco Supplements\",\"description\":\"\",\"potentialAction\":[{\"@type\":\"SearchAction\",\"target\":{\"@type\":\"EntryPoint\",\"urlTemplate\":\"https:\\\/\\\/ecosupplements.ch\\\/?s={search_term_string}\"},\"query-input\":{\"@type\":\"PropertyValueSpecification\",\"valueRequired\":true,\"valueName\":\"search_term_string\"}}],\"inLanguage\":\"de-CH\"}]}<\/script>\n<meta property=\"product:price:amount\" content=\"26.05\" \/>\n<meta property=\"product:price:currency\" content=\"CHF\" \/>\n<meta property=\"og:availability\" content=\"out of stock\" \/>\n<meta property=\"product:availability\" content=\"out of stock\" \/>\n<meta property=\"product:retailer_item_id\" content=\"5904139925300\" \/>\n<meta property=\"product:condition\" content=\"new\" \/>\n<!-- \/ Yoast SEO plugin. -->","yoast_head_json":{"title":"Natural Quercetin 500mg \u2013 Osavi | ecosupplements.ch","description":"500 mg FlaviPure\u00ae Quercetin pro veganer Kapsel \u2013 hochdosiert, glutenfrei und ohne Laktose. 120 Kapseln von Osavi. Jetzt bestellen.","robots":{"index":"index","follow":"follow","max-snippet":"max-snippet:-1","max-image-preview":"max-image-preview:large","max-video-preview":"max-video-preview:-1"},"canonical":"https:\/\/ecosupplements.ch\/?product=natural-quercetin-500mg-120-vegan-caps","og_locale":"de_DE","og_type":"article","og_title":"Natural Quercetin 500mg \u2013 Osavi | ecosupplements.ch","og_description":"500 mg FlaviPure\u00ae Quercetin pro veganer Kapsel \u2013 hochdosiert, glutenfrei und ohne Laktose. 120 Kapseln von Osavi. Jetzt bestellen.","og_url":"https:\/\/ecosupplements.ch\/?product=natural-quercetin-500mg-120-vegan-caps","og_site_name":"Eco Supplements","article_modified_time":"2026-05-13T07:26:59+00:00","og_image":[{"width":1776,"height":2560,"url":"https:\/\/ecosupplements.ch\/wp-content\/uploads\/2026\/05\/Natural-Quercetin-500mg-120-vegan-caps.jpg","type":"image\/jpeg"}],"twitter_card":"summary_large_image","twitter_misc":{"Price":"&#67;&#72;&#70;&nbsp;26.05","Availability":"Out of stock"},"schema":{"@context":"https:\/\/schema.org","@graph":[{"@type":"WebPage","@id":"https:\/\/ecosupplements.ch\/?product=natural-quercetin-500mg-120-vegan-caps","url":"https:\/\/ecosupplements.ch\/?product=natural-quercetin-500mg-120-vegan-caps","name":"Natural Quercetin 500mg \u2013 Osavi | ecosupplements.ch","isPartOf":{"@id":"https:\/\/ecosupplements.ch\/#website"},"primaryImageOfPage":{"@id":"https:\/\/ecosupplements.ch\/?product=natural-quercetin-500mg-120-vegan-caps#primaryimage"},"image":{"@id":"https:\/\/ecosupplements.ch\/?product=natural-quercetin-500mg-120-vegan-caps#primaryimage"},"thumbnailUrl":"https:\/\/ecosupplements.ch\/wp-content\/uploads\/2026\/05\/Natural-Quercetin-500mg-120-vegan-caps.jpg","datePublished":"2026-05-11T14:36:59+00:00","dateModified":"2026-05-13T07:26:59+00:00","description":"500 mg FlaviPure\u00ae Quercetin pro veganer Kapsel \u2013 hochdosiert, glutenfrei und ohne Laktose. 120 Kapseln von Osavi. Jetzt bestellen.","breadcrumb":{"@id":"https:\/\/ecosupplements.ch\/?product=natural-quercetin-500mg-120-vegan-caps#breadcrumb"},"inLanguage":"de-CH","potentialAction":[{"@type":"ReadAction","target":["https:\/\/ecosupplements.ch\/?product=natural-quercetin-500mg-120-vegan-caps"]}]},{"@type":"ImageObject","inLanguage":"de-CH","@id":"https:\/\/ecosupplements.ch\/?product=natural-quercetin-500mg-120-vegan-caps#primaryimage","url":"https:\/\/ecosupplements.ch\/wp-content\/uploads\/2026\/05\/Natural-Quercetin-500mg-120-vegan-caps.jpg","contentUrl":"https:\/\/ecosupplements.ch\/wp-content\/uploads\/2026\/05\/Natural-Quercetin-500mg-120-vegan-caps.jpg","width":1776,"height":2560,"caption":"Natural Quercetin"},{"@type":"BreadcrumbList","@id":"https:\/\/ecosupplements.ch\/?product=natural-quercetin-500mg-120-vegan-caps#breadcrumb","itemListElement":[{"@type":"ListItem","position":1,"name":"Home","item":"https:\/\/ecosupplements.ch\/"},{"@type":"ListItem","position":2,"name":"Shop","item":"https:\/\/ecosupplements.ch\/?page_id=14"},{"@type":"ListItem","position":3,"name":"Natural Quercetin, 500mg &#8211; 120 vegan caps"}]},{"@type":"WebSite","@id":"https:\/\/ecosupplements.ch\/#website","url":"https:\/\/ecosupplements.ch\/","name":"Eco Supplements","description":"","potentialAction":[{"@type":"SearchAction","target":{"@type":"EntryPoint","urlTemplate":"https:\/\/ecosupplements.ch\/?s={search_term_string}"},"query-input":{"@type":"PropertyValueSpecification","valueRequired":true,"valueName":"search_term_string"}}],"inLanguage":"de-CH"}]},"product_price_amount":"26.05","product_price_currency":"CHF","og_availability":"out of stock","product_availability":"out of stock","product_retailer_item_id":"5904139925300","product_condition":"new"},"_links":{"self":[{"href":"https:\/\/ecosupplements.ch\/index.php?rest_route=\/wp\/v2\/product\/2416","targetHints":{"allow":["GET"]}}],"collection":[{"href":"https:\/\/ecosupplements.ch\/index.php?rest_route=\/wp\/v2\/product"}],"about":[{"href":"https:\/\/ecosupplements.ch\/index.php?rest_route=\/wp\/v2\/types\/product"}],"replies":[{"embeddable":true,"href":"https:\/\/ecosupplements.ch\/index.php?rest_route=%2Fwp%2Fv2%2Fcomments&post=2416"}],"wp:featuredmedia":[{"embeddable":true,"href":"https:\/\/ecosupplements.ch\/index.php?rest_route=\/wp\/v2\/media\/2417"}],"wp:attachment":[{"href":"https:\/\/ecosupplements.ch\/index.php?rest_route=%2Fwp%2Fv2%2Fmedia&parent=2416"}],"wp:term":[{"taxonomy":"product_brand","embeddable":true,"href":"https:\/\/ecosupplements.ch\/index.php?rest_route=%2Fwp%2Fv2%2Fproduct_brand&post=2416"},{"taxonomy":"product_cat","embeddable":true,"href":"https:\/\/ecosupplements.ch\/index.php?rest_route=%2Fwp%2Fv2%2Fproduct_cat&post=2416"},{"taxonomy":"product_tag","embeddable":true,"href":"https:\/\/ecosupplements.ch\/index.php?rest_route=%2Fwp%2Fv2%2Fproduct_tag&post=2416"}],"curies":[{"name":"wp","href":"https:\/\/api.w.org\/{rel}","templated":true}]}}