{"id":2418,"date":"2026-05-11T14:37:01","date_gmt":"2026-05-11T14:37:01","guid":{"rendered":"https:\/\/ecosupplements.ch\/?product=niacinamide-500mg-120-vegan-caps"},"modified":"2026-05-13T07:23:36","modified_gmt":"2026-05-13T07:23:36","slug":"niacinamide-500mg-120-vegan-caps","status":"publish","type":"product","link":"https:\/\/ecosupplements.ch\/?product=niacinamide-500mg-120-vegan-caps","title":{"rendered":"Niacinamide, 500mg &#8211; 120 vegan caps"},"content":{"rendered":"<div class=\"chcg-product-description\">\n<h2 class=\"chcg-heading\">\u00dcber Osavi \u2013 Niacinamide, 500mg \u2013 120 vegane Kapseln<\/h2>\n<div class=\"chcg-intro\">\n<p>Niacinamid (Nicotinamid) ist eine biologisch aktive Form von Niacin (Vitamin B3) und ein essenzieller N\u00e4hrstoff, der vom K\u00f6rper f\u00fcr zahlreiche Stoffwechselprozesse ben\u00f6tigt wird. Niacin tr\u00e4gt zur normalen Funktion des Nervensystems, zur normalen psychischen Funktion sowie zur Verringerung von M\u00fcdigkeit und Ersch\u00f6pfung bei. Zudem unterst\u00fctzt Niacin die Erhaltung normaler Haut und normaler Schleimh\u00e4ute.<\/p>\n<p>Jede Kapsel von Osavi liefert 500 mg Niacinamid in reiner, gut vertr\u00e4glicher Form. Im Gegensatz zu Nicotins\u00e4ure verursacht Niacinamid keinen typischen Flush-Effekt, was es besonders angenehm in der t\u00e4glichen Einnahme macht. Die Rezeptur kommt ohne unn\u00f6tige Zusatzstoffe aus und ist ausschliesslich mit pflanzlicher Kapselh\u00fclle (HPMC) sowie Inulin als F\u00fcllstoff hergestellt.<\/p>\n<p>Das Produkt ist vollst\u00e4ndig vegan und vegetarisch, frei von Gluten, Laktose und Soja sowie ohne gentechnisch ver\u00e4nderte Zutaten \u2013 ideal f\u00fcr Menschen mit besonderen Ern\u00e4hrungsanforderungen oder einem bewussten Lebensstil.<\/p>\n<\/p><\/div>\n<div class=\"chcg-nutrition\">\n<h3>N\u00e4hrwertangaben<\/h3>\n<table class=\"chcg-nutrition-table\">\n<thead>\n<tr>\n<th>N\u00e4hrstoff<\/th>\n<th>Pro Portion (1 Kapsel)<\/th>\n<\/tr>\n<\/thead>\n<tbody>\n<tr>\n<td>Niacin (als Niacinamid \/ Nicotinamid)<\/td>\n<td>500 mg (3125 % NRV)<\/td>\n<\/tr>\n<\/tbody>\n<\/table>\n<p class=\"chcg-footnote\">NRV = N\u00e4hrstoffbezugswert (Nutrient Reference Value) gem\u00e4ss EU-Verordnung Nr. 1169\/2011.<\/p>\n<\/p><\/div>\n<div class=\"chcg-ingredients\">\n<h3>Zutaten<\/h3>\n<p>Niacin (als Niacinamid \/ Nicotinamid), Kapselh\u00fclle (Hydroxypropylmethylcellulose), Inulin.<\/p>\n<p class=\"chcg-capsule-shell\">Kapselh\u00fclle: Hydroxypropylmethylcellulose (HPMC)<\/p>\n<\/p><\/div>\n<div class=\"chcg-dosage\">\n<h3>Verzehrempfehlung<\/h3>\n<p>Empfohlene Tagesdosis: 1 Kapsel, zu einer Mahlzeit einnehmen.<\/p>\n<\/p><\/div>\n<div class=\"chcg-warnings\">\n<h3>Warnhinweise<\/h3>\n<p>Die empfohlene Tagesdosis darf nicht \u00fcberschritten werden. Vor der Einnahme dieses Produkts einen Apotheker oder Arzt konsultieren, wenn eine Schwangerschaft geplant ist, w\u00e4hrend der Schwangerschaft, in der Stillzeit, bei bestehender \u00e4rztlicher Behandlung oder bei bekannten Lebensmittelallergien. Nahrungserg\u00e4nzungsmittel sollten nicht als Ersatz f\u00fcr eine ausgewogene Ern\u00e4hrung verwendet werden. Eine abwechslungsreiche Ern\u00e4hrung und ein gesunder Lebensstil sind wichtig, um die normale Gesundheit zu erhalten. Ausserhalb der Reichweite von kleinen Kindern aufbewahren.<\/p>\n<\/p><\/div>\n<div class=\"chcg-allergens\">\n<h3>Allergeninformationen<\/h3>\n<p>Keine Allergene deklariert. Glutenfrei, laktosefrei, sojafrei, ohne gentechnisch ver\u00e4nderte Zutaten.<\/p>\n<\/p><\/div>\n<div class=\"chcg-storage\">\n<h3>Lagerung<\/h3>\n<p>An einem dunklen und trockenen Ort bei Raumtemperatur lagern, ausserhalb der Reichweite von kleinen Kindern.<\/p>\n<\/p><\/div>\n<div class=\"chcg-dietary\">\n<h3>Ern\u00e4hrungshinweise<\/h3>\n<ul>\n<li>Vegan<\/li>\n<li>Vegetarisch<\/li>\n<li>Glutenfrei<\/li>\n<li>Laktosefrei<\/li>\n<\/ul><\/div>\n<\/div>\n","protected":false},"excerpt":{"rendered":"<p>Osavi Niacinamide liefert 500 mg Niacin (Vitamin B3) pro veganer Kapsel zur Unterst\u00fctzung von Nervensystem, Haut und Energiestoffwechsel. 120 Kapseln pro Packung, ohne Flush-Effekt.<\/p>\n","protected":false},"featured_media":2419,"comment_status":"closed","ping_status":"open","template":"","meta":[],"product_brand":[219],"product_cat":[27,48,25,26,32,22,31,21],"product_tag":[],"class_list":{"0":"post-2418","1":"product","2":"type-product","3":"status-publish","4":"has-post-thumbnail","6":"product_brand-osavi","7":"product_cat-einige-vitamine","8":"product_cat-gesunde-ernaehrung","9":"product_cat-gesundheit-und-wohlbefinden","10":"product_cat-multivitamine","11":"product_cat-nahrungsergaenzungsmittel-fuer-frauen","12":"product_cat-vegane-produkte","13":"product_cat-vitamin-k","14":"product_cat-vitamine-und-mineralstoffe","16":"first","17":"outofstock","18":"taxable","19":"shipping-taxable","20":"purchasable","21":"product-type-simple"},"yoast_head":"<!-- This site is optimized with the Yoast SEO plugin v27.5 - https:\/\/yoast.com\/product\/yoast-seo-wordpress\/ -->\n<title>Niacinamide 500mg \u2013 120 vegane Kapseln \u2013 Osavi | ecosupplements.ch<\/title>\n<meta name=\"description\" content=\"Osavi Niacinamide 500mg unterst\u00fctzt Nervensystem, Haut und Energiestoffwechsel \u2013 120 vegane Kapseln, ohne Flush-Effekt. Jetzt bestellen.\" \/>\n<meta name=\"robots\" content=\"index, follow, max-snippet:-1, max-image-preview:large, max-video-preview:-1\" \/>\n<link rel=\"canonical\" href=\"https:\/\/ecosupplements.ch\/?product=niacinamide-500mg-120-vegan-caps\" \/>\n<meta property=\"og:locale\" content=\"de_DE\" \/>\n<meta property=\"og:type\" content=\"article\" \/>\n<meta property=\"og:title\" content=\"Niacinamide 500mg \u2013 120 vegane Kapseln \u2013 Osavi | ecosupplements.ch\" \/>\n<meta property=\"og:description\" content=\"Osavi Niacinamide 500mg unterst\u00fctzt Nervensystem, Haut und Energiestoffwechsel \u2013 120 vegane Kapseln, ohne Flush-Effekt. Jetzt bestellen.\" \/>\n<meta property=\"og:url\" content=\"https:\/\/ecosupplements.ch\/?product=niacinamide-500mg-120-vegan-caps\" \/>\n<meta property=\"og:site_name\" content=\"Eco Supplements\" \/>\n<meta property=\"article:modified_time\" content=\"2026-05-13T07:23:36+00:00\" \/>\n<meta property=\"og:image\" content=\"https:\/\/ecosupplements.ch\/wp-content\/uploads\/2026\/05\/Niacinamide-500mg-120-vegan-caps.png\" \/>\n\t<meta property=\"og:image:width\" content=\"533\" \/>\n\t<meta property=\"og:image:height\" content=\"750\" \/>\n\t<meta property=\"og:image:type\" content=\"image\/png\" \/>\n<meta name=\"twitter:card\" content=\"summary_large_image\" \/>\n<meta name=\"twitter:label1\" content=\"Price\" \/>\n\t<meta name=\"twitter:data1\" content=\"&#067;&#072;&#070;&nbsp;12.25\" \/>\n\t<meta name=\"twitter:label2\" content=\"Availability\" \/>\n\t<meta name=\"twitter:data2\" content=\"Out of stock\" \/>\n<script type=\"application\/ld+json\" class=\"yoast-schema-graph\">{\"@context\":\"https:\\\/\\\/schema.org\",\"@graph\":[{\"@type\":\"WebPage\",\"@id\":\"https:\\\/\\\/ecosupplements.ch\\\/?product=niacinamide-500mg-120-vegan-caps\",\"url\":\"https:\\\/\\\/ecosupplements.ch\\\/?product=niacinamide-500mg-120-vegan-caps\",\"name\":\"Niacinamide 500mg \u2013 120 vegane Kapseln \u2013 Osavi | ecosupplements.ch\",\"isPartOf\":{\"@id\":\"https:\\\/\\\/ecosupplements.ch\\\/#website\"},\"primaryImageOfPage\":{\"@id\":\"https:\\\/\\\/ecosupplements.ch\\\/?product=niacinamide-500mg-120-vegan-caps#primaryimage\"},\"image\":{\"@id\":\"https:\\\/\\\/ecosupplements.ch\\\/?product=niacinamide-500mg-120-vegan-caps#primaryimage\"},\"thumbnailUrl\":\"https:\\\/\\\/ecosupplements.ch\\\/wp-content\\\/uploads\\\/2026\\\/05\\\/Niacinamide-500mg-120-vegan-caps.png\",\"datePublished\":\"2026-05-11T14:37:01+00:00\",\"dateModified\":\"2026-05-13T07:23:36+00:00\",\"description\":\"Osavi Niacinamide 500mg unterst\u00fctzt Nervensystem, Haut und Energiestoffwechsel \u2013 120 vegane Kapseln, ohne Flush-Effekt. Jetzt bestellen.\",\"breadcrumb\":{\"@id\":\"https:\\\/\\\/ecosupplements.ch\\\/?product=niacinamide-500mg-120-vegan-caps#breadcrumb\"},\"inLanguage\":\"de-CH\",\"potentialAction\":[{\"@type\":\"ReadAction\",\"target\":[\"https:\\\/\\\/ecosupplements.ch\\\/?product=niacinamide-500mg-120-vegan-caps\"]}]},{\"@type\":\"ImageObject\",\"inLanguage\":\"de-CH\",\"@id\":\"https:\\\/\\\/ecosupplements.ch\\\/?product=niacinamide-500mg-120-vegan-caps#primaryimage\",\"url\":\"https:\\\/\\\/ecosupplements.ch\\\/wp-content\\\/uploads\\\/2026\\\/05\\\/Niacinamide-500mg-120-vegan-caps.png\",\"contentUrl\":\"https:\\\/\\\/ecosupplements.ch\\\/wp-content\\\/uploads\\\/2026\\\/05\\\/Niacinamide-500mg-120-vegan-caps.png\",\"width\":533,\"height\":750,\"caption\":\"Niacinamide\"},{\"@type\":\"BreadcrumbList\",\"@id\":\"https:\\\/\\\/ecosupplements.ch\\\/?product=niacinamide-500mg-120-vegan-caps#breadcrumb\",\"itemListElement\":[{\"@type\":\"ListItem\",\"position\":1,\"name\":\"Home\",\"item\":\"https:\\\/\\\/ecosupplements.ch\\\/\"},{\"@type\":\"ListItem\",\"position\":2,\"name\":\"Shop\",\"item\":\"https:\\\/\\\/ecosupplements.ch\\\/?page_id=14\"},{\"@type\":\"ListItem\",\"position\":3,\"name\":\"Niacinamide, 500mg &#8211; 120 vegan caps\"}]},{\"@type\":\"WebSite\",\"@id\":\"https:\\\/\\\/ecosupplements.ch\\\/#website\",\"url\":\"https:\\\/\\\/ecosupplements.ch\\\/\",\"name\":\"Eco Supplements\",\"description\":\"\",\"potentialAction\":[{\"@type\":\"SearchAction\",\"target\":{\"@type\":\"EntryPoint\",\"urlTemplate\":\"https:\\\/\\\/ecosupplements.ch\\\/?s={search_term_string}\"},\"query-input\":{\"@type\":\"PropertyValueSpecification\",\"valueRequired\":true,\"valueName\":\"search_term_string\"}}],\"inLanguage\":\"de-CH\"}]}<\/script>\n<meta property=\"product:price:amount\" content=\"12.25\" \/>\n<meta property=\"product:price:currency\" content=\"CHF\" \/>\n<meta property=\"og:availability\" content=\"out of stock\" \/>\n<meta property=\"product:availability\" content=\"out of stock\" \/>\n<meta property=\"product:retailer_item_id\" content=\"5904139920930\" \/>\n<meta property=\"product:condition\" content=\"new\" \/>\n<!-- \/ Yoast SEO plugin. -->","yoast_head_json":{"title":"Niacinamide 500mg \u2013 120 vegane Kapseln \u2013 Osavi | ecosupplements.ch","description":"Osavi Niacinamide 500mg unterst\u00fctzt Nervensystem, Haut und Energiestoffwechsel \u2013 120 vegane Kapseln, ohne Flush-Effekt. Jetzt bestellen.","robots":{"index":"index","follow":"follow","max-snippet":"max-snippet:-1","max-image-preview":"max-image-preview:large","max-video-preview":"max-video-preview:-1"},"canonical":"https:\/\/ecosupplements.ch\/?product=niacinamide-500mg-120-vegan-caps","og_locale":"de_DE","og_type":"article","og_title":"Niacinamide 500mg \u2013 120 vegane Kapseln \u2013 Osavi | ecosupplements.ch","og_description":"Osavi Niacinamide 500mg unterst\u00fctzt Nervensystem, Haut und Energiestoffwechsel \u2013 120 vegane Kapseln, ohne Flush-Effekt. Jetzt bestellen.","og_url":"https:\/\/ecosupplements.ch\/?product=niacinamide-500mg-120-vegan-caps","og_site_name":"Eco Supplements","article_modified_time":"2026-05-13T07:23:36+00:00","og_image":[{"width":533,"height":750,"url":"https:\/\/ecosupplements.ch\/wp-content\/uploads\/2026\/05\/Niacinamide-500mg-120-vegan-caps.png","type":"image\/png"}],"twitter_card":"summary_large_image","twitter_misc":{"Price":"&#67;&#72;&#70;&nbsp;12.25","Availability":"Out of stock"},"schema":{"@context":"https:\/\/schema.org","@graph":[{"@type":"WebPage","@id":"https:\/\/ecosupplements.ch\/?product=niacinamide-500mg-120-vegan-caps","url":"https:\/\/ecosupplements.ch\/?product=niacinamide-500mg-120-vegan-caps","name":"Niacinamide 500mg \u2013 120 vegane Kapseln \u2013 Osavi | ecosupplements.ch","isPartOf":{"@id":"https:\/\/ecosupplements.ch\/#website"},"primaryImageOfPage":{"@id":"https:\/\/ecosupplements.ch\/?product=niacinamide-500mg-120-vegan-caps#primaryimage"},"image":{"@id":"https:\/\/ecosupplements.ch\/?product=niacinamide-500mg-120-vegan-caps#primaryimage"},"thumbnailUrl":"https:\/\/ecosupplements.ch\/wp-content\/uploads\/2026\/05\/Niacinamide-500mg-120-vegan-caps.png","datePublished":"2026-05-11T14:37:01+00:00","dateModified":"2026-05-13T07:23:36+00:00","description":"Osavi Niacinamide 500mg unterst\u00fctzt Nervensystem, Haut und Energiestoffwechsel \u2013 120 vegane Kapseln, ohne Flush-Effekt. Jetzt bestellen.","breadcrumb":{"@id":"https:\/\/ecosupplements.ch\/?product=niacinamide-500mg-120-vegan-caps#breadcrumb"},"inLanguage":"de-CH","potentialAction":[{"@type":"ReadAction","target":["https:\/\/ecosupplements.ch\/?product=niacinamide-500mg-120-vegan-caps"]}]},{"@type":"ImageObject","inLanguage":"de-CH","@id":"https:\/\/ecosupplements.ch\/?product=niacinamide-500mg-120-vegan-caps#primaryimage","url":"https:\/\/ecosupplements.ch\/wp-content\/uploads\/2026\/05\/Niacinamide-500mg-120-vegan-caps.png","contentUrl":"https:\/\/ecosupplements.ch\/wp-content\/uploads\/2026\/05\/Niacinamide-500mg-120-vegan-caps.png","width":533,"height":750,"caption":"Niacinamide"},{"@type":"BreadcrumbList","@id":"https:\/\/ecosupplements.ch\/?product=niacinamide-500mg-120-vegan-caps#breadcrumb","itemListElement":[{"@type":"ListItem","position":1,"name":"Home","item":"https:\/\/ecosupplements.ch\/"},{"@type":"ListItem","position":2,"name":"Shop","item":"https:\/\/ecosupplements.ch\/?page_id=14"},{"@type":"ListItem","position":3,"name":"Niacinamide, 500mg &#8211; 120 vegan caps"}]},{"@type":"WebSite","@id":"https:\/\/ecosupplements.ch\/#website","url":"https:\/\/ecosupplements.ch\/","name":"Eco Supplements","description":"","potentialAction":[{"@type":"SearchAction","target":{"@type":"EntryPoint","urlTemplate":"https:\/\/ecosupplements.ch\/?s={search_term_string}"},"query-input":{"@type":"PropertyValueSpecification","valueRequired":true,"valueName":"search_term_string"}}],"inLanguage":"de-CH"}]},"product_price_amount":"12.25","product_price_currency":"CHF","og_availability":"out of stock","product_availability":"out of stock","product_retailer_item_id":"5904139920930","product_condition":"new"},"_links":{"self":[{"href":"https:\/\/ecosupplements.ch\/index.php?rest_route=\/wp\/v2\/product\/2418","targetHints":{"allow":["GET"]}}],"collection":[{"href":"https:\/\/ecosupplements.ch\/index.php?rest_route=\/wp\/v2\/product"}],"about":[{"href":"https:\/\/ecosupplements.ch\/index.php?rest_route=\/wp\/v2\/types\/product"}],"replies":[{"embeddable":true,"href":"https:\/\/ecosupplements.ch\/index.php?rest_route=%2Fwp%2Fv2%2Fcomments&post=2418"}],"wp:featuredmedia":[{"embeddable":true,"href":"https:\/\/ecosupplements.ch\/index.php?rest_route=\/wp\/v2\/media\/2419"}],"wp:attachment":[{"href":"https:\/\/ecosupplements.ch\/index.php?rest_route=%2Fwp%2Fv2%2Fmedia&parent=2418"}],"wp:term":[{"taxonomy":"product_brand","embeddable":true,"href":"https:\/\/ecosupplements.ch\/index.php?rest_route=%2Fwp%2Fv2%2Fproduct_brand&post=2418"},{"taxonomy":"product_cat","embeddable":true,"href":"https:\/\/ecosupplements.ch\/index.php?rest_route=%2Fwp%2Fv2%2Fproduct_cat&post=2418"},{"taxonomy":"product_tag","embeddable":true,"href":"https:\/\/ecosupplements.ch\/index.php?rest_route=%2Fwp%2Fv2%2Fproduct_tag&post=2418"}],"curies":[{"name":"wp","href":"https:\/\/api.w.org\/{rel}","templated":true}]}}