{"id":2422,"date":"2026-05-11T14:37:03","date_gmt":"2026-05-11T14:37:03","guid":{"rendered":"https:\/\/ecosupplements.ch\/?product=norwegian-cod-liver-oil-1000mg-omega-3-lemon-250-ml"},"modified":"2026-05-13T07:25:29","modified_gmt":"2026-05-13T07:25:29","slug":"norwegian-cod-liver-oil-1000mg-omega-3-lemon-250-ml","status":"publish","type":"product","link":"https:\/\/ecosupplements.ch\/?product=norwegian-cod-liver-oil-1000mg-omega-3-lemon-250-ml","title":{"rendered":"Norwegian Cod Liver Oil, 1000mg Omega 3 (Lemon) &#8211; 250 ml."},"content":{"rendered":"<div class=\"chcg-product-description\">\n<h2 class=\"chcg-heading\">\u00dcber Osavi \u2013 Norwegian Cod Liver Oil, 1000mg Omega 3 (Lemon) \u2013 250 ml<\/h2>\n<div class=\"chcg-intro\">\n<p>Der Osavi Norwegian Cod Liver Oil liefert hochwertiges Omega-3 aus norwegischem Kabeljaulebertran \u2013 einer der reinsten und nachhaltigsten Quellen f\u00fcr marine Fetts\u00e4uren. Pro Tagesportion (1 Teel\u00f6ffel \/ 5 ml) enth\u00e4lt das \u00d6l mindestens 400 mg EPA (Eicosapentaens\u00e4ure) und 600 mg DHA (Docosahexaens\u00e4ure), was einer Gesamtmenge von mindestens 1000 mg Omega-3-Fetts\u00e4uren entspricht.<\/p>\n<p>DHA tr\u00e4gt zur Erhaltung der normalen Gehirnfunktion und der normalen Sehkraft bei. EPA und DHA tragen zur normalen Herzfunktion bei. Zus\u00e4tzlich enth\u00e4lt das \u00d6l nat\u00fcrliches Vitamin A (Retinylpalmitat), welches zur Erhaltung normaler Haut, Sehkraft und Immunfunktion beitr\u00e4gt.<\/p>\n<p>Dank der angenehmen Zitronengeschmacksnote ist dieses \u00d6l besonders gut vertr\u00e4glich und l\u00e4sst sich unkompliziert in den Alltag integrieren. Die fl\u00fcssige Form erm\u00f6glicht eine flexible Dosierung und eine gute Absorption der wertvollen N\u00e4hrstoffe.<\/p>\n<\/p><\/div>\n<div class=\"chcg-nutrition\">\n<h3>N\u00e4hrwertangaben<\/h3>\n<table class=\"chcg-nutrition-table\">\n<thead>\n<tr>\n<th>N\u00e4hrstoff<\/th>\n<th>Pro 100 ml<\/th>\n<th>Pro Portion (1 Teel\u00f6ffel \/ 5 ml)<\/th>\n<\/tr>\n<\/thead>\n<tbody>\n<tr>\n<td>Kabeljaulebertran<\/td>\n<td>92 000 mg<\/td>\n<td>4 600 mg<\/td>\n<\/tr>\n<tr>\n<td>\u2013 davon Omega-3-Fetts\u00e4uren (mind.)<\/td>\n<td>20 000 mg<\/td>\n<td>1 000 mg<\/td>\n<\/tr>\n<tr>\n<td>\u2013 davon EPA (Eicosapentaens\u00e4ure) (mind.)<\/td>\n<td>8 000 mg<\/td>\n<td>400 mg<\/td>\n<\/tr>\n<tr>\n<td>\u2013 davon DHA (Docosahexaens\u00e4ure) (mind.)<\/td>\n<td>12 000 mg<\/td>\n<td>600 mg<\/td>\n<\/tr>\n<tr>\n<td>Vitamin A (Retinylpalmitat)<\/td>\n<td>5 400 \u00b5g<\/td>\n<td>270 \u00b5g (34 % NRW)<\/td>\n<\/tr>\n<\/tbody>\n<\/table>\n<p class=\"chcg-footnote\">* NRW \u2013 N\u00e4hrwert-Referenzwert<\/p>\n<\/p><\/div>\n<div class=\"chcg-ingredients\">\n<h3>Zutaten<\/h3>\n<p>Kabeljaulebertran, davon (Omega-3-Fetts\u00e4uren: mind., EPA (Eicosapentaens\u00e4ure) mind., DHA (Docosahexaens\u00e4ure) mind.), Vitamin A (Retinylpalmitat). Weitere Zutaten: Kabeljaulebertran, nat\u00fcrliches Zitronenaroma, Vitamin A (Retinylpalmitat), Antioxidationsmittel: Extrakt aus vitamin-E-reichen Quellen (Tocopherol-reicher Extrakt).<\/p>\n<\/p><\/div>\n<div class=\"chcg-dosage\">\n<h3>Verzehrempfehlung<\/h3>\n<p>Empfohlene Tagesdosis: 1 Teel\u00f6ffel (5 ml) zu oder nach einer Mahlzeit einnehmen.<\/p>\n<\/p><\/div>\n<div class=\"chcg-warnings\">\n<h3>Warnhinweise<\/h3>\n<p>Die empfohlene Tagesdosis darf nicht \u00fcberschritten werden. Die vorteilhafte Wirkung wird bei einer t\u00e4glichen Zufuhr von 250 mg EPA und DHA erzielt. Nahrungserg\u00e4nzungsmittel sollten nicht als Ersatz f\u00fcr eine ausgewogene Ern\u00e4hrung verwendet werden. Eine abwechslungsreiche Ern\u00e4hrung und ein gesunder Lebensstil sollten zur Erhaltung der normalen Gesundheit beitragen.<\/p>\n<\/p><\/div>\n<div class=\"chcg-allergens\">\n<h3>Allergeninformationen<\/h3>\n<p>Enth\u00e4lt Fisch (Kabeljau). Keine weiteren Allergene deklariert.<\/p>\n<\/p><\/div>\n<div class=\"chcg-storage\">\n<h3>Lagerung<\/h3>\n<p>An einem dunklen und trockenen Ort bei Raumtemperatur und ausserhalb der Reichweite von Kindern aufbewahren. Nach dem \u00d6ffnen im K\u00fchlschrank aufbewahren und innerhalb von 3 Monaten verbrauchen.<\/p>\n<\/p><\/div>\n<\/div>\n","protected":false},"excerpt":{"rendered":"<p>Osavi Norwegian Cod Liver Oil liefert pro Teel\u00f6ffel (5 ml) mindestens 1000 mg Omega-3, davon 400 mg EPA und 600 mg DHA, sowie Vitamin A \u2013 mit angenehmem Zitronengeschmack. Inhalt: 250 ml.<\/p>\n","protected":false},"featured_media":2423,"comment_status":"closed","ping_status":"open","template":"","meta":[],"product_brand":[219],"product_cat":[48,25,39,33],"product_tag":[],"class_list":{"0":"post-2422","1":"product","2":"type-product","3":"status-publish","4":"has-post-thumbnail","6":"product_brand-osavi","7":"product_cat-gesunde-ernaehrung","8":"product_cat-gesundheit-und-wohlbefinden","9":"product_cat-omega-und-fischoel","10":"product_cat-omega-fettsaeuren-essentielle-fettsaeuren-konjugierte-linolsaeure-oele","12":"first","13":"outofstock","14":"taxable","15":"shipping-taxable","16":"purchasable","17":"product-type-simple"},"yoast_head":"<!-- This site is optimized with the Yoast SEO plugin v27.5 - https:\/\/yoast.com\/product\/yoast-seo-wordpress\/ -->\n<title>Norwegian Cod Liver Oil 1000mg Omega 3 \u2013 Osavi | ecosupplements.ch<\/title>\n<meta name=\"description\" content=\"Osavi Kabeljaulebertran mit 1000 mg Omega-3 (EPA &amp; DHA) pro Portion, nat\u00fcrlichem Zitronenaroma und Vitamin A \u2013 fl\u00fcssig, 250 ml. Jetzt bestellen.\" \/>\n<meta name=\"robots\" content=\"index, follow, max-snippet:-1, max-image-preview:large, max-video-preview:-1\" \/>\n<link rel=\"canonical\" href=\"https:\/\/ecosupplements.ch\/?product=norwegian-cod-liver-oil-1000mg-omega-3-lemon-250-ml\" \/>\n<meta property=\"og:locale\" content=\"de_DE\" \/>\n<meta property=\"og:type\" content=\"article\" \/>\n<meta property=\"og:title\" content=\"Norwegian Cod Liver Oil 1000mg Omega 3 \u2013 Osavi | ecosupplements.ch\" \/>\n<meta property=\"og:description\" content=\"Osavi Kabeljaulebertran mit 1000 mg Omega-3 (EPA &amp; DHA) pro Portion, nat\u00fcrlichem Zitronenaroma und Vitamin A \u2013 fl\u00fcssig, 250 ml. Jetzt bestellen.\" \/>\n<meta property=\"og:url\" content=\"https:\/\/ecosupplements.ch\/?product=norwegian-cod-liver-oil-1000mg-omega-3-lemon-250-ml\" \/>\n<meta property=\"og:site_name\" content=\"Eco Supplements\" \/>\n<meta property=\"article:modified_time\" content=\"2026-05-13T07:25:29+00:00\" \/>\n<meta property=\"og:image\" content=\"https:\/\/ecosupplements.ch\/wp-content\/uploads\/2026\/05\/Norwegian-Cod-Liver-Oil-1000mg-Omega-3-Lemon-250-ml.jpg\" \/>\n\t<meta property=\"og:image:width\" content=\"331\" \/>\n\t<meta property=\"og:image:height\" content=\"750\" \/>\n\t<meta property=\"og:image:type\" content=\"image\/jpeg\" \/>\n<meta name=\"twitter:card\" content=\"summary_large_image\" \/>\n<meta name=\"twitter:label1\" content=\"Price\" \/>\n\t<meta name=\"twitter:data1\" content=\"&#067;&#072;&#070;&nbsp;20.07\" \/>\n\t<meta name=\"twitter:label2\" content=\"Availability\" \/>\n\t<meta name=\"twitter:data2\" content=\"Out of stock\" \/>\n<script type=\"application\/ld+json\" class=\"yoast-schema-graph\">{\"@context\":\"https:\\\/\\\/schema.org\",\"@graph\":[{\"@type\":\"WebPage\",\"@id\":\"https:\\\/\\\/ecosupplements.ch\\\/?product=norwegian-cod-liver-oil-1000mg-omega-3-lemon-250-ml\",\"url\":\"https:\\\/\\\/ecosupplements.ch\\\/?product=norwegian-cod-liver-oil-1000mg-omega-3-lemon-250-ml\",\"name\":\"Norwegian Cod Liver Oil 1000mg Omega 3 \u2013 Osavi | ecosupplements.ch\",\"isPartOf\":{\"@id\":\"https:\\\/\\\/ecosupplements.ch\\\/#website\"},\"primaryImageOfPage\":{\"@id\":\"https:\\\/\\\/ecosupplements.ch\\\/?product=norwegian-cod-liver-oil-1000mg-omega-3-lemon-250-ml#primaryimage\"},\"image\":{\"@id\":\"https:\\\/\\\/ecosupplements.ch\\\/?product=norwegian-cod-liver-oil-1000mg-omega-3-lemon-250-ml#primaryimage\"},\"thumbnailUrl\":\"https:\\\/\\\/ecosupplements.ch\\\/wp-content\\\/uploads\\\/2026\\\/05\\\/Norwegian-Cod-Liver-Oil-1000mg-Omega-3-Lemon-250-ml.jpg\",\"datePublished\":\"2026-05-11T14:37:03+00:00\",\"dateModified\":\"2026-05-13T07:25:29+00:00\",\"description\":\"Osavi Kabeljaulebertran mit 1000 mg Omega-3 (EPA & DHA) pro Portion, nat\u00fcrlichem Zitronenaroma und Vitamin A \u2013 fl\u00fcssig, 250 ml. Jetzt bestellen.\",\"breadcrumb\":{\"@id\":\"https:\\\/\\\/ecosupplements.ch\\\/?product=norwegian-cod-liver-oil-1000mg-omega-3-lemon-250-ml#breadcrumb\"},\"inLanguage\":\"de-CH\",\"potentialAction\":[{\"@type\":\"ReadAction\",\"target\":[\"https:\\\/\\\/ecosupplements.ch\\\/?product=norwegian-cod-liver-oil-1000mg-omega-3-lemon-250-ml\"]}]},{\"@type\":\"ImageObject\",\"inLanguage\":\"de-CH\",\"@id\":\"https:\\\/\\\/ecosupplements.ch\\\/?product=norwegian-cod-liver-oil-1000mg-omega-3-lemon-250-ml#primaryimage\",\"url\":\"https:\\\/\\\/ecosupplements.ch\\\/wp-content\\\/uploads\\\/2026\\\/05\\\/Norwegian-Cod-Liver-Oil-1000mg-Omega-3-Lemon-250-ml.jpg\",\"contentUrl\":\"https:\\\/\\\/ecosupplements.ch\\\/wp-content\\\/uploads\\\/2026\\\/05\\\/Norwegian-Cod-Liver-Oil-1000mg-Omega-3-Lemon-250-ml.jpg\",\"width\":331,\"height\":750,\"caption\":\"Norwegian Cod Liver Oil\"},{\"@type\":\"BreadcrumbList\",\"@id\":\"https:\\\/\\\/ecosupplements.ch\\\/?product=norwegian-cod-liver-oil-1000mg-omega-3-lemon-250-ml#breadcrumb\",\"itemListElement\":[{\"@type\":\"ListItem\",\"position\":1,\"name\":\"Home\",\"item\":\"https:\\\/\\\/ecosupplements.ch\\\/\"},{\"@type\":\"ListItem\",\"position\":2,\"name\":\"Shop\",\"item\":\"https:\\\/\\\/ecosupplements.ch\\\/?page_id=14\"},{\"@type\":\"ListItem\",\"position\":3,\"name\":\"Norwegian Cod Liver Oil, 1000mg Omega 3 (Lemon) &#8211; 250 ml.\"}]},{\"@type\":\"WebSite\",\"@id\":\"https:\\\/\\\/ecosupplements.ch\\\/#website\",\"url\":\"https:\\\/\\\/ecosupplements.ch\\\/\",\"name\":\"Eco Supplements\",\"description\":\"\",\"potentialAction\":[{\"@type\":\"SearchAction\",\"target\":{\"@type\":\"EntryPoint\",\"urlTemplate\":\"https:\\\/\\\/ecosupplements.ch\\\/?s={search_term_string}\"},\"query-input\":{\"@type\":\"PropertyValueSpecification\",\"valueRequired\":true,\"valueName\":\"search_term_string\"}}],\"inLanguage\":\"de-CH\"}]}<\/script>\n<meta property=\"product:price:amount\" content=\"20.07\" \/>\n<meta property=\"product:price:currency\" content=\"CHF\" \/>\n<meta property=\"og:availability\" content=\"out of stock\" \/>\n<meta property=\"product:availability\" content=\"out of stock\" \/>\n<meta property=\"product:retailer_item_id\" content=\"5065013139012\" \/>\n<meta property=\"product:condition\" content=\"new\" \/>\n<!-- \/ Yoast SEO plugin. -->","yoast_head_json":{"title":"Norwegian Cod Liver Oil 1000mg Omega 3 \u2013 Osavi | ecosupplements.ch","description":"Osavi Kabeljaulebertran mit 1000 mg Omega-3 (EPA & DHA) pro Portion, nat\u00fcrlichem Zitronenaroma und Vitamin A \u2013 fl\u00fcssig, 250 ml. Jetzt bestellen.","robots":{"index":"index","follow":"follow","max-snippet":"max-snippet:-1","max-image-preview":"max-image-preview:large","max-video-preview":"max-video-preview:-1"},"canonical":"https:\/\/ecosupplements.ch\/?product=norwegian-cod-liver-oil-1000mg-omega-3-lemon-250-ml","og_locale":"de_DE","og_type":"article","og_title":"Norwegian Cod Liver Oil 1000mg Omega 3 \u2013 Osavi | ecosupplements.ch","og_description":"Osavi Kabeljaulebertran mit 1000 mg Omega-3 (EPA & DHA) pro Portion, nat\u00fcrlichem Zitronenaroma und Vitamin A \u2013 fl\u00fcssig, 250 ml. Jetzt bestellen.","og_url":"https:\/\/ecosupplements.ch\/?product=norwegian-cod-liver-oil-1000mg-omega-3-lemon-250-ml","og_site_name":"Eco Supplements","article_modified_time":"2026-05-13T07:25:29+00:00","og_image":[{"width":331,"height":750,"url":"https:\/\/ecosupplements.ch\/wp-content\/uploads\/2026\/05\/Norwegian-Cod-Liver-Oil-1000mg-Omega-3-Lemon-250-ml.jpg","type":"image\/jpeg"}],"twitter_card":"summary_large_image","twitter_misc":{"Price":"&#67;&#72;&#70;&nbsp;20.07","Availability":"Out of stock"},"schema":{"@context":"https:\/\/schema.org","@graph":[{"@type":"WebPage","@id":"https:\/\/ecosupplements.ch\/?product=norwegian-cod-liver-oil-1000mg-omega-3-lemon-250-ml","url":"https:\/\/ecosupplements.ch\/?product=norwegian-cod-liver-oil-1000mg-omega-3-lemon-250-ml","name":"Norwegian Cod Liver Oil 1000mg Omega 3 \u2013 Osavi | ecosupplements.ch","isPartOf":{"@id":"https:\/\/ecosupplements.ch\/#website"},"primaryImageOfPage":{"@id":"https:\/\/ecosupplements.ch\/?product=norwegian-cod-liver-oil-1000mg-omega-3-lemon-250-ml#primaryimage"},"image":{"@id":"https:\/\/ecosupplements.ch\/?product=norwegian-cod-liver-oil-1000mg-omega-3-lemon-250-ml#primaryimage"},"thumbnailUrl":"https:\/\/ecosupplements.ch\/wp-content\/uploads\/2026\/05\/Norwegian-Cod-Liver-Oil-1000mg-Omega-3-Lemon-250-ml.jpg","datePublished":"2026-05-11T14:37:03+00:00","dateModified":"2026-05-13T07:25:29+00:00","description":"Osavi Kabeljaulebertran mit 1000 mg Omega-3 (EPA & DHA) pro Portion, nat\u00fcrlichem Zitronenaroma und Vitamin A \u2013 fl\u00fcssig, 250 ml. Jetzt bestellen.","breadcrumb":{"@id":"https:\/\/ecosupplements.ch\/?product=norwegian-cod-liver-oil-1000mg-omega-3-lemon-250-ml#breadcrumb"},"inLanguage":"de-CH","potentialAction":[{"@type":"ReadAction","target":["https:\/\/ecosupplements.ch\/?product=norwegian-cod-liver-oil-1000mg-omega-3-lemon-250-ml"]}]},{"@type":"ImageObject","inLanguage":"de-CH","@id":"https:\/\/ecosupplements.ch\/?product=norwegian-cod-liver-oil-1000mg-omega-3-lemon-250-ml#primaryimage","url":"https:\/\/ecosupplements.ch\/wp-content\/uploads\/2026\/05\/Norwegian-Cod-Liver-Oil-1000mg-Omega-3-Lemon-250-ml.jpg","contentUrl":"https:\/\/ecosupplements.ch\/wp-content\/uploads\/2026\/05\/Norwegian-Cod-Liver-Oil-1000mg-Omega-3-Lemon-250-ml.jpg","width":331,"height":750,"caption":"Norwegian Cod Liver Oil"},{"@type":"BreadcrumbList","@id":"https:\/\/ecosupplements.ch\/?product=norwegian-cod-liver-oil-1000mg-omega-3-lemon-250-ml#breadcrumb","itemListElement":[{"@type":"ListItem","position":1,"name":"Home","item":"https:\/\/ecosupplements.ch\/"},{"@type":"ListItem","position":2,"name":"Shop","item":"https:\/\/ecosupplements.ch\/?page_id=14"},{"@type":"ListItem","position":3,"name":"Norwegian Cod Liver Oil, 1000mg Omega 3 (Lemon) &#8211; 250 ml."}]},{"@type":"WebSite","@id":"https:\/\/ecosupplements.ch\/#website","url":"https:\/\/ecosupplements.ch\/","name":"Eco Supplements","description":"","potentialAction":[{"@type":"SearchAction","target":{"@type":"EntryPoint","urlTemplate":"https:\/\/ecosupplements.ch\/?s={search_term_string}"},"query-input":{"@type":"PropertyValueSpecification","valueRequired":true,"valueName":"search_term_string"}}],"inLanguage":"de-CH"}]},"product_price_amount":"20.07","product_price_currency":"CHF","og_availability":"out of stock","product_availability":"out of stock","product_retailer_item_id":"5065013139012","product_condition":"new"},"_links":{"self":[{"href":"https:\/\/ecosupplements.ch\/index.php?rest_route=\/wp\/v2\/product\/2422","targetHints":{"allow":["GET"]}}],"collection":[{"href":"https:\/\/ecosupplements.ch\/index.php?rest_route=\/wp\/v2\/product"}],"about":[{"href":"https:\/\/ecosupplements.ch\/index.php?rest_route=\/wp\/v2\/types\/product"}],"replies":[{"embeddable":true,"href":"https:\/\/ecosupplements.ch\/index.php?rest_route=%2Fwp%2Fv2%2Fcomments&post=2422"}],"wp:featuredmedia":[{"embeddable":true,"href":"https:\/\/ecosupplements.ch\/index.php?rest_route=\/wp\/v2\/media\/2423"}],"wp:attachment":[{"href":"https:\/\/ecosupplements.ch\/index.php?rest_route=%2Fwp%2Fv2%2Fmedia&parent=2422"}],"wp:term":[{"taxonomy":"product_brand","embeddable":true,"href":"https:\/\/ecosupplements.ch\/index.php?rest_route=%2Fwp%2Fv2%2Fproduct_brand&post=2422"},{"taxonomy":"product_cat","embeddable":true,"href":"https:\/\/ecosupplements.ch\/index.php?rest_route=%2Fwp%2Fv2%2Fproduct_cat&post=2422"},{"taxonomy":"product_tag","embeddable":true,"href":"https:\/\/ecosupplements.ch\/index.php?rest_route=%2Fwp%2Fv2%2Fproduct_tag&post=2422"}],"curies":[{"name":"wp","href":"https:\/\/api.w.org\/{rel}","templated":true}]}}