{"id":2428,"date":"2026-05-11T14:37:05","date_gmt":"2026-05-11T14:37:05","guid":{"rendered":"https:\/\/ecosupplements.ch\/?product=omega-3-fish-oil-molecularly-distilled-1000mg-lemon-180-softgels"},"modified":"2026-05-13T07:23:37","modified_gmt":"2026-05-13T07:23:37","slug":"omega-3-fish-oil-molecularly-distilled-1000mg-lemon-180-softgels","status":"publish","type":"product","link":"https:\/\/ecosupplements.ch\/?product=omega-3-fish-oil-molecularly-distilled-1000mg-lemon-180-softgels","title":{"rendered":"Omega-3 Fish Oil Molecularly Distilled, 1000mg (Lemon) &#8211; 180 softgels"},"content":{"rendered":"<div class=\"chcg-product-description\">\n<h2 class=\"chcg-heading\">\u00dcber Osavi \u2013 Omega-3 Fish Oil Molecularly Distilled, 1000mg (Lemon) \u2013 180 Softgels<\/h2>\n<div class=\"chcg-intro\">\n<p>Das Osavi Omega-3 Fish Oil liefert pro Tagesdosis (2 Softgels) mindestens 360 mg EPA und 240 mg DHA \u2013 zwei essentielle Omega-3-Fetts\u00e4uren, die zur normalen Herzfunktion beitragen. Das Fisch\u00f6l stammt von pelagischen Fischen und wird im Triglycerid-Format (TG 18\/12) angeboten, das f\u00fcr eine naturnahe Zusammensetzung bekannt ist.<\/p>\n<p>Durch den molekularen Destillationsprozess wird das \u00d6l auf h\u00f6chste Reinheit gebracht \u2013 Schwermetalle und andere unerw\u00fcnschte Stoffe werden gezielt entfernt. Das angenehme Zitronenaroma sorgt daf\u00fcr, dass die Kapseln ohne den typischen Fischgeschmack eingenommen werden k\u00f6nnen.<\/p>\n<p>Mit 180 Softgels bietet diese Packung einen Vorrat f\u00fcr 90 Tage bei der empfohlenen Tagesdosierung von 2 Kapseln. Ein hochwertiges Omega-3-Pr\u00e4parat f\u00fcr alle, die ihre t\u00e4gliche Versorgung mit wichtigen Fetts\u00e4uren gezielt unterst\u00fctzen m\u00f6chten.<\/p>\n<\/p><\/div>\n<div class=\"chcg-nutrition\">\n<h3>N\u00e4hrwertangaben<\/h3>\n<table class=\"chcg-nutrition-table\">\n<thead>\n<tr>\n<th>N\u00e4hrstoff<\/th>\n<th>Pro Portion (2 Softgels)<\/th>\n<\/tr>\n<\/thead>\n<tbody>\n<tr>\n<td>Fisch\u00f6l (TG 18\/12)<\/td>\n<td>2000 mg<\/td>\n<\/tr>\n<tr>\n<td>\u2013 Omega-3-Fetts\u00e4uren (mind.)<\/td>\n<td>700 mg<\/td>\n<\/tr>\n<tr>\n<td>\u2013\u2013 EPA (Eicosapentaens\u00e4ure) (mind.)<\/td>\n<td>360 mg<\/td>\n<\/tr>\n<tr>\n<td>\u2013\u2013 DHA (Docosahexaens\u00e4ure) (mind.)<\/td>\n<td>240 mg<\/td>\n<\/tr>\n<tr>\n<td>\u2013\u2013 Andere Omega-3-Fetts\u00e4uren (mind.)<\/td>\n<td>100 mg<\/td>\n<\/tr>\n<tr>\n<td>Energie<\/td>\n<td>84 kJ \/ 20 kcal<\/td>\n<\/tr>\n<tr>\n<td>Fett<\/td>\n<td>2 g<\/td>\n<\/tr>\n<tr>\n<td>\u2013 davon ges\u00e4ttigte Fetts\u00e4uren<\/td>\n<td>0,7 g<\/td>\n<\/tr>\n<\/tbody>\n<\/table>\n<p class=\"chcg-footnote\">* F\u00fcr Omega-3-Fetts\u00e4uren ist kein Referenzwert (NRV) festgelegt.<\/p>\n<\/p><\/div>\n<div class=\"chcg-ingredients\">\n<h3>Zutaten<\/h3>\n<p>Fisch\u00f6l (TG 18\/12) (aus pelagischen Fischen), H\u00fclle (Rindergelatine, Feuchthaltemittel: Glycerol, Wasser, nat\u00fcrliches Zitronenaroma), Antioxidationsmittel: D-alpha-Tocopherol.<\/p>\n<p class=\"chcg-capsule-shell\">Kapselh\u00fclle: Rindergelatine, Feuchthaltemittel: Glycerol, Wasser, nat\u00fcrliches Zitronenaroma.<\/p>\n<\/p><\/div>\n<div class=\"chcg-dosage\">\n<h3>Verzehrempfehlung<\/h3>\n<p>Empfohlene Tagesdosis: 2 Kapseln, zu einer Mahlzeit einnehmen.<\/p>\n<\/p><\/div>\n<div class=\"chcg-warnings\">\n<h3>Warnhinweise<\/h3>\n<p>Die empfohlene Tagesdosis darf nicht \u00fcberschritten werden. Die vorteilhafte Wirkung wird bei einer t\u00e4glichen Zufuhr von 250 mg EPA und DHA erzielt. Nahrungserg\u00e4nzungsmittel sollten nicht als Ersatz f\u00fcr eine ausgewogene Ern\u00e4hrung verwendet werden. Eine abwechslungsreiche Ern\u00e4hrung und eine gesunde Lebensweise sollten eingehalten werden, um die normale Gesundheit zu erhalten. Ausserhalb der Reichweite von Kleinkindern aufbewahren.<\/p>\n<\/p><\/div>\n<div class=\"chcg-allergens\">\n<h3>Allergeninformationen<\/h3>\n<p>Enth\u00e4lt Fisch (pelagische Fische, haupts\u00e4chlich Sardellen). Enth\u00e4lt Rindergelatine. Frei von: Gluten, Laktose, Soja, Zucker, GVO.<\/p>\n<\/p><\/div>\n<div class=\"chcg-storage\">\n<h3>Lagerung<\/h3>\n<p>An einem dunklen und trockenen Ort bei Raumtemperatur und ausserhalb der Reichweite von Kleinkindern aufbewahren.<\/p>\n<\/p><\/div>\n<div class=\"chcg-dietary\">\n<h3>Ern\u00e4hrungshinweise<\/h3>\n<ul>\n<li>Glutenfrei<\/li>\n<li>Laktosefrei<\/li>\n<\/ul><\/div>\n<\/div>\n","protected":false},"excerpt":{"rendered":"<p>Osavi Omega-3 Fish Oil liefert pro Tagesdosis mindestens 360 mg EPA und 240 mg DHA aus molekular destilliertem Fisch\u00f6l mit nat\u00fcrlichem Zitronenaroma. Erh\u00e4ltlich als praktische Softgels, 180 St\u00fcck pro Packung (90 Tage Vorrat).<\/p>\n","protected":false},"featured_media":2429,"comment_status":"closed","ping_status":"open","template":"","meta":[],"product_brand":[219],"product_cat":[48,25,39,33,21],"product_tag":[],"class_list":{"0":"post-2428","1":"product","2":"type-product","3":"status-publish","4":"has-post-thumbnail","6":"product_brand-osavi","7":"product_cat-gesunde-ernaehrung","8":"product_cat-gesundheit-und-wohlbefinden","9":"product_cat-omega-und-fischoel","10":"product_cat-omega-fettsaeuren-essentielle-fettsaeuren-konjugierte-linolsaeure-oele","11":"product_cat-vitamine-und-mineralstoffe","13":"first","14":"outofstock","15":"taxable","16":"shipping-taxable","17":"purchasable","18":"product-type-simple"},"yoast_head":"<!-- This site is optimized with the Yoast SEO plugin v27.5 - https:\/\/yoast.com\/product\/yoast-seo-wordpress\/ -->\n<title>Omega-3 Fish Oil 1000mg (Lemon), 180 Softgels \u2013 Osavi | ecosupplements.ch<\/title>\n<meta name=\"description\" content=\"Hochwertiges Omega-3 Fisch\u00f6l mit EPA &amp; DHA, molekular destilliert, mit Zitronenaroma \u2013 180 Softgels von Osavi. Jetzt bestellen.\" \/>\n<meta name=\"robots\" content=\"index, follow, max-snippet:-1, max-image-preview:large, max-video-preview:-1\" \/>\n<link rel=\"canonical\" href=\"https:\/\/ecosupplements.ch\/?product=omega-3-fish-oil-molecularly-distilled-1000mg-lemon-180-softgels\" \/>\n<meta property=\"og:locale\" content=\"de_DE\" \/>\n<meta property=\"og:type\" content=\"article\" \/>\n<meta property=\"og:title\" content=\"Omega-3 Fish Oil 1000mg (Lemon), 180 Softgels \u2013 Osavi | ecosupplements.ch\" \/>\n<meta property=\"og:description\" content=\"Hochwertiges Omega-3 Fisch\u00f6l mit EPA &amp; DHA, molekular destilliert, mit Zitronenaroma \u2013 180 Softgels von Osavi. Jetzt bestellen.\" \/>\n<meta property=\"og:url\" content=\"https:\/\/ecosupplements.ch\/?product=omega-3-fish-oil-molecularly-distilled-1000mg-lemon-180-softgels\" \/>\n<meta property=\"og:site_name\" content=\"Eco Supplements\" \/>\n<meta property=\"article:modified_time\" content=\"2026-05-13T07:23:37+00:00\" \/>\n<meta property=\"og:image\" content=\"https:\/\/ecosupplements.ch\/wp-content\/uploads\/2026\/05\/Omega-3-Fish-Oil-Molecularly-Distilled-1000mg-Lemon-180-softgels.png\" \/>\n\t<meta property=\"og:image:width\" content=\"439\" \/>\n\t<meta property=\"og:image:height\" content=\"750\" \/>\n\t<meta property=\"og:image:type\" content=\"image\/png\" \/>\n<meta name=\"twitter:card\" content=\"summary_large_image\" \/>\n<meta name=\"twitter:label1\" content=\"Price\" \/>\n\t<meta name=\"twitter:data1\" content=\"&#067;&#072;&#070;&nbsp;21.43\" \/>\n\t<meta name=\"twitter:label2\" content=\"Availability\" \/>\n\t<meta name=\"twitter:data2\" content=\"Out of stock\" \/>\n<script type=\"application\/ld+json\" class=\"yoast-schema-graph\">{\"@context\":\"https:\\\/\\\/schema.org\",\"@graph\":[{\"@type\":\"WebPage\",\"@id\":\"https:\\\/\\\/ecosupplements.ch\\\/?product=omega-3-fish-oil-molecularly-distilled-1000mg-lemon-180-softgels\",\"url\":\"https:\\\/\\\/ecosupplements.ch\\\/?product=omega-3-fish-oil-molecularly-distilled-1000mg-lemon-180-softgels\",\"name\":\"Omega-3 Fish Oil 1000mg (Lemon), 180 Softgels \u2013 Osavi | ecosupplements.ch\",\"isPartOf\":{\"@id\":\"https:\\\/\\\/ecosupplements.ch\\\/#website\"},\"primaryImageOfPage\":{\"@id\":\"https:\\\/\\\/ecosupplements.ch\\\/?product=omega-3-fish-oil-molecularly-distilled-1000mg-lemon-180-softgels#primaryimage\"},\"image\":{\"@id\":\"https:\\\/\\\/ecosupplements.ch\\\/?product=omega-3-fish-oil-molecularly-distilled-1000mg-lemon-180-softgels#primaryimage\"},\"thumbnailUrl\":\"https:\\\/\\\/ecosupplements.ch\\\/wp-content\\\/uploads\\\/2026\\\/05\\\/Omega-3-Fish-Oil-Molecularly-Distilled-1000mg-Lemon-180-softgels.png\",\"datePublished\":\"2026-05-11T14:37:05+00:00\",\"dateModified\":\"2026-05-13T07:23:37+00:00\",\"description\":\"Hochwertiges Omega-3 Fisch\u00f6l mit EPA & DHA, molekular destilliert, mit Zitronenaroma \u2013 180 Softgels von Osavi. Jetzt bestellen.\",\"breadcrumb\":{\"@id\":\"https:\\\/\\\/ecosupplements.ch\\\/?product=omega-3-fish-oil-molecularly-distilled-1000mg-lemon-180-softgels#breadcrumb\"},\"inLanguage\":\"de-CH\",\"potentialAction\":[{\"@type\":\"ReadAction\",\"target\":[\"https:\\\/\\\/ecosupplements.ch\\\/?product=omega-3-fish-oil-molecularly-distilled-1000mg-lemon-180-softgels\"]}]},{\"@type\":\"ImageObject\",\"inLanguage\":\"de-CH\",\"@id\":\"https:\\\/\\\/ecosupplements.ch\\\/?product=omega-3-fish-oil-molecularly-distilled-1000mg-lemon-180-softgels#primaryimage\",\"url\":\"https:\\\/\\\/ecosupplements.ch\\\/wp-content\\\/uploads\\\/2026\\\/05\\\/Omega-3-Fish-Oil-Molecularly-Distilled-1000mg-Lemon-180-softgels.png\",\"contentUrl\":\"https:\\\/\\\/ecosupplements.ch\\\/wp-content\\\/uploads\\\/2026\\\/05\\\/Omega-3-Fish-Oil-Molecularly-Distilled-1000mg-Lemon-180-softgels.png\",\"width\":439,\"height\":750,\"caption\":\"Omega-3 Fish Oil Molecularly Distilled\"},{\"@type\":\"BreadcrumbList\",\"@id\":\"https:\\\/\\\/ecosupplements.ch\\\/?product=omega-3-fish-oil-molecularly-distilled-1000mg-lemon-180-softgels#breadcrumb\",\"itemListElement\":[{\"@type\":\"ListItem\",\"position\":1,\"name\":\"Home\",\"item\":\"https:\\\/\\\/ecosupplements.ch\\\/\"},{\"@type\":\"ListItem\",\"position\":2,\"name\":\"Shop\",\"item\":\"https:\\\/\\\/ecosupplements.ch\\\/?page_id=14\"},{\"@type\":\"ListItem\",\"position\":3,\"name\":\"Omega-3 Fish Oil Molecularly Distilled, 1000mg (Lemon) &#8211; 180 softgels\"}]},{\"@type\":\"WebSite\",\"@id\":\"https:\\\/\\\/ecosupplements.ch\\\/#website\",\"url\":\"https:\\\/\\\/ecosupplements.ch\\\/\",\"name\":\"Eco Supplements\",\"description\":\"\",\"potentialAction\":[{\"@type\":\"SearchAction\",\"target\":{\"@type\":\"EntryPoint\",\"urlTemplate\":\"https:\\\/\\\/ecosupplements.ch\\\/?s={search_term_string}\"},\"query-input\":{\"@type\":\"PropertyValueSpecification\",\"valueRequired\":true,\"valueName\":\"search_term_string\"}}],\"inLanguage\":\"de-CH\"}]}<\/script>\n<meta property=\"product:price:amount\" content=\"21.43\" \/>\n<meta property=\"product:price:currency\" content=\"CHF\" \/>\n<meta property=\"og:availability\" content=\"out of stock\" \/>\n<meta property=\"product:availability\" content=\"out of stock\" \/>\n<meta property=\"product:retailer_item_id\" content=\"5904139920329\" \/>\n<meta property=\"product:condition\" content=\"new\" \/>\n<!-- \/ Yoast SEO plugin. -->","yoast_head_json":{"title":"Omega-3 Fish Oil 1000mg (Lemon), 180 Softgels \u2013 Osavi | ecosupplements.ch","description":"Hochwertiges Omega-3 Fisch\u00f6l mit EPA & DHA, molekular destilliert, mit Zitronenaroma \u2013 180 Softgels von Osavi. Jetzt bestellen.","robots":{"index":"index","follow":"follow","max-snippet":"max-snippet:-1","max-image-preview":"max-image-preview:large","max-video-preview":"max-video-preview:-1"},"canonical":"https:\/\/ecosupplements.ch\/?product=omega-3-fish-oil-molecularly-distilled-1000mg-lemon-180-softgels","og_locale":"de_DE","og_type":"article","og_title":"Omega-3 Fish Oil 1000mg (Lemon), 180 Softgels \u2013 Osavi | ecosupplements.ch","og_description":"Hochwertiges Omega-3 Fisch\u00f6l mit EPA & DHA, molekular destilliert, mit Zitronenaroma \u2013 180 Softgels von Osavi. Jetzt bestellen.","og_url":"https:\/\/ecosupplements.ch\/?product=omega-3-fish-oil-molecularly-distilled-1000mg-lemon-180-softgels","og_site_name":"Eco Supplements","article_modified_time":"2026-05-13T07:23:37+00:00","og_image":[{"width":439,"height":750,"url":"https:\/\/ecosupplements.ch\/wp-content\/uploads\/2026\/05\/Omega-3-Fish-Oil-Molecularly-Distilled-1000mg-Lemon-180-softgels.png","type":"image\/png"}],"twitter_card":"summary_large_image","twitter_misc":{"Price":"&#67;&#72;&#70;&nbsp;21.43","Availability":"Out of stock"},"schema":{"@context":"https:\/\/schema.org","@graph":[{"@type":"WebPage","@id":"https:\/\/ecosupplements.ch\/?product=omega-3-fish-oil-molecularly-distilled-1000mg-lemon-180-softgels","url":"https:\/\/ecosupplements.ch\/?product=omega-3-fish-oil-molecularly-distilled-1000mg-lemon-180-softgels","name":"Omega-3 Fish Oil 1000mg (Lemon), 180 Softgels \u2013 Osavi | ecosupplements.ch","isPartOf":{"@id":"https:\/\/ecosupplements.ch\/#website"},"primaryImageOfPage":{"@id":"https:\/\/ecosupplements.ch\/?product=omega-3-fish-oil-molecularly-distilled-1000mg-lemon-180-softgels#primaryimage"},"image":{"@id":"https:\/\/ecosupplements.ch\/?product=omega-3-fish-oil-molecularly-distilled-1000mg-lemon-180-softgels#primaryimage"},"thumbnailUrl":"https:\/\/ecosupplements.ch\/wp-content\/uploads\/2026\/05\/Omega-3-Fish-Oil-Molecularly-Distilled-1000mg-Lemon-180-softgels.png","datePublished":"2026-05-11T14:37:05+00:00","dateModified":"2026-05-13T07:23:37+00:00","description":"Hochwertiges Omega-3 Fisch\u00f6l mit EPA & DHA, molekular destilliert, mit Zitronenaroma \u2013 180 Softgels von Osavi. Jetzt bestellen.","breadcrumb":{"@id":"https:\/\/ecosupplements.ch\/?product=omega-3-fish-oil-molecularly-distilled-1000mg-lemon-180-softgels#breadcrumb"},"inLanguage":"de-CH","potentialAction":[{"@type":"ReadAction","target":["https:\/\/ecosupplements.ch\/?product=omega-3-fish-oil-molecularly-distilled-1000mg-lemon-180-softgels"]}]},{"@type":"ImageObject","inLanguage":"de-CH","@id":"https:\/\/ecosupplements.ch\/?product=omega-3-fish-oil-molecularly-distilled-1000mg-lemon-180-softgels#primaryimage","url":"https:\/\/ecosupplements.ch\/wp-content\/uploads\/2026\/05\/Omega-3-Fish-Oil-Molecularly-Distilled-1000mg-Lemon-180-softgels.png","contentUrl":"https:\/\/ecosupplements.ch\/wp-content\/uploads\/2026\/05\/Omega-3-Fish-Oil-Molecularly-Distilled-1000mg-Lemon-180-softgels.png","width":439,"height":750,"caption":"Omega-3 Fish Oil Molecularly Distilled"},{"@type":"BreadcrumbList","@id":"https:\/\/ecosupplements.ch\/?product=omega-3-fish-oil-molecularly-distilled-1000mg-lemon-180-softgels#breadcrumb","itemListElement":[{"@type":"ListItem","position":1,"name":"Home","item":"https:\/\/ecosupplements.ch\/"},{"@type":"ListItem","position":2,"name":"Shop","item":"https:\/\/ecosupplements.ch\/?page_id=14"},{"@type":"ListItem","position":3,"name":"Omega-3 Fish Oil Molecularly Distilled, 1000mg (Lemon) &#8211; 180 softgels"}]},{"@type":"WebSite","@id":"https:\/\/ecosupplements.ch\/#website","url":"https:\/\/ecosupplements.ch\/","name":"Eco Supplements","description":"","potentialAction":[{"@type":"SearchAction","target":{"@type":"EntryPoint","urlTemplate":"https:\/\/ecosupplements.ch\/?s={search_term_string}"},"query-input":{"@type":"PropertyValueSpecification","valueRequired":true,"valueName":"search_term_string"}}],"inLanguage":"de-CH"}]},"product_price_amount":"21.43","product_price_currency":"CHF","og_availability":"out of stock","product_availability":"out of stock","product_retailer_item_id":"5904139920329","product_condition":"new"},"_links":{"self":[{"href":"https:\/\/ecosupplements.ch\/index.php?rest_route=\/wp\/v2\/product\/2428","targetHints":{"allow":["GET"]}}],"collection":[{"href":"https:\/\/ecosupplements.ch\/index.php?rest_route=\/wp\/v2\/product"}],"about":[{"href":"https:\/\/ecosupplements.ch\/index.php?rest_route=\/wp\/v2\/types\/product"}],"replies":[{"embeddable":true,"href":"https:\/\/ecosupplements.ch\/index.php?rest_route=%2Fwp%2Fv2%2Fcomments&post=2428"}],"wp:featuredmedia":[{"embeddable":true,"href":"https:\/\/ecosupplements.ch\/index.php?rest_route=\/wp\/v2\/media\/2429"}],"wp:attachment":[{"href":"https:\/\/ecosupplements.ch\/index.php?rest_route=%2Fwp%2Fv2%2Fmedia&parent=2428"}],"wp:term":[{"taxonomy":"product_brand","embeddable":true,"href":"https:\/\/ecosupplements.ch\/index.php?rest_route=%2Fwp%2Fv2%2Fproduct_brand&post=2428"},{"taxonomy":"product_cat","embeddable":true,"href":"https:\/\/ecosupplements.ch\/index.php?rest_route=%2Fwp%2Fv2%2Fproduct_cat&post=2428"},{"taxonomy":"product_tag","embeddable":true,"href":"https:\/\/ecosupplements.ch\/index.php?rest_route=%2Fwp%2Fv2%2Fproduct_tag&post=2428"}],"curies":[{"name":"wp","href":"https:\/\/api.w.org\/{rel}","templated":true}]}}