{"id":2430,"date":"2026-05-11T14:37:06","date_gmt":"2026-05-11T14:37:06","guid":{"rendered":"https:\/\/ecosupplements.ch\/?product=omega-3-fish-oil-molecularly-distilled-1000mg-180-softgels"},"modified":"2026-05-13T07:25:30","modified_gmt":"2026-05-13T07:25:30","slug":"omega-3-fish-oil-molecularly-distilled-1000mg-180-softgels","status":"publish","type":"product","link":"https:\/\/ecosupplements.ch\/?product=omega-3-fish-oil-molecularly-distilled-1000mg-180-softgels","title":{"rendered":"Omega-3 Fish Oil Molecularly Distilled, 1000mg &#8211; 180 softgels"},"content":{"rendered":"<div class=\"chcg-product-description\">\n<h2 class=\"chcg-heading\">\u00dcber Osavi \u2013 Omega-3 Fish Oil Molecularly Distilled, 1000mg \u2013 180 Softgels<\/h2>\n<div class=\"chcg-intro\">\n<p>Das Osavi Omega-3 Fish Oil liefert pro Tagesportion (2 Softgels) 2000 mg hochwertiges Fisch\u00f6l im Triglycerid-Format (TG 18\/12) \u2013 einer Form, die vom K\u00f6rper besonders gut aufgenommen werden kann. Jede Portion enth\u00e4lt mindestens 360 mg EPA (Eicosapentaens\u00e4ure) und 240 mg DHA (Docosahexaens\u00e4ure), zwei essentielle Omega-3-Fetts\u00e4uren, die zur normalen Herzfunktion beitragen. DHA tr\u00e4gt zudem zur Erhaltung der normalen Gehirnfunktion und der normalen Sehkraft bei.<\/p>\n<p>Das Fisch\u00f6l stammt aus pelagischen Fischen und wird durch molekulare Destillation gereinigt. Dieses Verfahren reduziert unerw\u00fcnschte R\u00fcckst\u00e4nde und sorgt f\u00fcr ein Produkt mit hohem Reinheitsgrad. Als Antioxidationsmittel wird nat\u00fcrliches D-alpha-Tocopherol (Vitamin E) eingesetzt, das die Qualit\u00e4t des \u00d6ls sch\u00fctzt. Die Softgels sind mit einem nat\u00fcrlichen Zitronenaroma versehen, was die t\u00e4gliche Einnahme angenehmer macht.<\/p>\n<p>Mit 180 Softgels pro Packung deckt dieses Produkt einen Bedarf von 90 Tagen bei empfohlener Tagesdosis ab und ist damit eine praktische und wirtschaftliche Wahl f\u00fcr die t\u00e4gliche Versorgung mit Omega-3-Fetts\u00e4uren.<\/p>\n<\/p><\/div>\n<div class=\"chcg-nutrition\">\n<h3>N\u00e4hrwertangaben<\/h3>\n<table class=\"chcg-nutrition-table\">\n<thead>\n<tr>\n<th>N\u00e4hrstoff<\/th>\n<th>Pro Portion (2 Softgels)<\/th>\n<\/tr>\n<\/thead>\n<tbody>\n<tr>\n<td>Fisch\u00f6l (TG 18\/12)<\/td>\n<td>2000 mg<\/td>\n<\/tr>\n<tr>\n<td>\u2013 davon Omega-3-Fetts\u00e4uren<\/td>\n<td>min. 700 mg<\/td>\n<\/tr>\n<tr>\n<td>\u2013 EPA (Eicosapentaens\u00e4ure)<\/td>\n<td>min. 360 mg<\/td>\n<\/tr>\n<tr>\n<td>\u2013 DHA (Docosahexaens\u00e4ure)<\/td>\n<td>min. 240 mg<\/td>\n<\/tr>\n<tr>\n<td>\u2013 Andere Omega-3-Fetts\u00e4uren<\/td>\n<td>min. 100 mg<\/td>\n<\/tr>\n<\/tbody>\n<\/table><\/div>\n<div class=\"chcg-ingredients\">\n<h3>Zutaten<\/h3>\n<p>Fisch\u00f6l (TG 18\/12) (davon Omega-3-Fetts\u00e4uren: min., EPA (Eicosapentaens\u00e4ure) min., DHA (Docosahexaens\u00e4ure) min., Andere Omega-3-Fetts\u00e4uren min.), Fisch\u00f6l aus pelagischen Fischen, H\u00fclle (Rindergelatine, Feuchthaltemittel: Glycerol, Wasser, nat\u00fcrliches Zitronenaroma), Antioxidationsmittel: D-alpha-Tocopherol.<\/p>\n<p class=\"chcg-capsule-shell\">Kapselh\u00fclle: Rindergelatine, Feuchthaltemittel: Glycerol, Wasser, nat\u00fcrliches Zitronenaroma<\/p>\n<\/p><\/div>\n<div class=\"chcg-dosage\">\n<h3>Verzehrempfehlung<\/h3>\n<p>Empfohlene Tagesdosis: 2 Kapseln, zu einer Mahlzeit.<\/p>\n<\/p><\/div>\n<div class=\"chcg-warnings\">\n<h3>Warnhinweise<\/h3>\n<p>Die empfohlene Tagesdosis sollte nicht \u00fcberschritten werden. Die positive Wirkung wird bei einer t\u00e4glichen Aufnahme von 250 mg EPA und DHA erzielt. Nahrungserg\u00e4nzungsmittel sollten nicht als Ersatz f\u00fcr eine ausgewogene Ern\u00e4hrung verwendet werden. Eine abwechslungsreiche Ern\u00e4hrung und ein gesunder Lebensstil sind empfehlenswert, um die normale Gesundheit zu erhalten.<\/p>\n<\/p><\/div>\n<div class=\"chcg-allergens\">\n<h3>Allergeninformationen<\/h3>\n<p>Enth\u00e4lt Fisch (pelagische Fische, haupts\u00e4chlich Sardellen).<\/p>\n<\/p><\/div>\n<div class=\"chcg-storage\">\n<h3>Lagerung<\/h3>\n<p>An einem dunklen und trockenen Ort bei Raumtemperatur lagern. Ausserhalb der Reichweite von Kleinkindern aufbewahren.<\/p>\n<\/p><\/div>\n<div class=\"chcg-dietary\">\n<h3>Ern\u00e4hrungshinweise<\/h3>\n<ul>\n<li>Glutenfrei<\/li>\n<li>Laktosefrei<\/li>\n<\/ul><\/div>\n<\/div>\n","protected":false},"excerpt":{"rendered":"<p>Osavi Omega-3 Fish Oil liefert pro Tagesdosis min. 360 mg EPA und 240 mg DHA aus molekular destilliertem Fisch\u00f6l. Erh\u00e4ltlich als praktische Softgels, 180 St\u00fcck pro Packung \u2013 glutenfrei und laktosefrei.<\/p>\n","protected":false},"featured_media":2431,"comment_status":"closed","ping_status":"open","template":"","meta":[],"product_brand":[219],"product_cat":[48,25,39,33],"product_tag":[],"class_list":{"0":"post-2430","1":"product","2":"type-product","3":"status-publish","4":"has-post-thumbnail","6":"product_brand-osavi","7":"product_cat-gesunde-ernaehrung","8":"product_cat-gesundheit-und-wohlbefinden","9":"product_cat-omega-und-fischoel","10":"product_cat-omega-fettsaeuren-essentielle-fettsaeuren-konjugierte-linolsaeure-oele","12":"first","13":"outofstock","14":"taxable","15":"shipping-taxable","16":"purchasable","17":"product-type-simple"},"yoast_head":"<!-- This site is optimized with the Yoast SEO plugin v27.5 - https:\/\/yoast.com\/product\/yoast-seo-wordpress\/ -->\n<title>Omega-3 Fish Oil 1000mg, 180 Softgels \u2013 Osavi | ecosupplements.ch<\/title>\n<meta name=\"description\" content=\"Hochwertiges Omega-3 Fisch\u00f6l von Osavi mit min. 360 mg EPA und 240 mg DHA pro Portion, molekular destilliert, 180 Softgels. Jetzt bestellen.\" \/>\n<meta name=\"robots\" content=\"index, follow, max-snippet:-1, max-image-preview:large, max-video-preview:-1\" \/>\n<link rel=\"canonical\" href=\"https:\/\/ecosupplements.ch\/?product=omega-3-fish-oil-molecularly-distilled-1000mg-180-softgels\" \/>\n<meta property=\"og:locale\" content=\"de_DE\" \/>\n<meta property=\"og:type\" content=\"article\" \/>\n<meta property=\"og:title\" content=\"Omega-3 Fish Oil 1000mg, 180 Softgels \u2013 Osavi | ecosupplements.ch\" \/>\n<meta property=\"og:description\" content=\"Hochwertiges Omega-3 Fisch\u00f6l von Osavi mit min. 360 mg EPA und 240 mg DHA pro Portion, molekular destilliert, 180 Softgels. Jetzt bestellen.\" \/>\n<meta property=\"og:url\" content=\"https:\/\/ecosupplements.ch\/?product=omega-3-fish-oil-molecularly-distilled-1000mg-180-softgels\" \/>\n<meta property=\"og:site_name\" content=\"Eco Supplements\" \/>\n<meta property=\"article:modified_time\" content=\"2026-05-13T07:25:30+00:00\" \/>\n<meta property=\"og:image\" content=\"https:\/\/ecosupplements.ch\/wp-content\/uploads\/2026\/05\/Omega-3-Fish-Oil-Molecularly-Distilled-1000mg-180-softgels.png\" \/>\n\t<meta property=\"og:image:width\" content=\"445\" \/>\n\t<meta property=\"og:image:height\" content=\"750\" \/>\n\t<meta property=\"og:image:type\" content=\"image\/png\" \/>\n<meta name=\"twitter:card\" content=\"summary_large_image\" \/>\n<meta name=\"twitter:label1\" content=\"Price\" \/>\n\t<meta name=\"twitter:data1\" content=\"&#067;&#072;&#070;&nbsp;21.43\" \/>\n\t<meta name=\"twitter:label2\" content=\"Availability\" \/>\n\t<meta name=\"twitter:data2\" content=\"Out of stock\" \/>\n<script type=\"application\/ld+json\" class=\"yoast-schema-graph\">{\"@context\":\"https:\\\/\\\/schema.org\",\"@graph\":[{\"@type\":\"WebPage\",\"@id\":\"https:\\\/\\\/ecosupplements.ch\\\/?product=omega-3-fish-oil-molecularly-distilled-1000mg-180-softgels\",\"url\":\"https:\\\/\\\/ecosupplements.ch\\\/?product=omega-3-fish-oil-molecularly-distilled-1000mg-180-softgels\",\"name\":\"Omega-3 Fish Oil 1000mg, 180 Softgels \u2013 Osavi | ecosupplements.ch\",\"isPartOf\":{\"@id\":\"https:\\\/\\\/ecosupplements.ch\\\/#website\"},\"primaryImageOfPage\":{\"@id\":\"https:\\\/\\\/ecosupplements.ch\\\/?product=omega-3-fish-oil-molecularly-distilled-1000mg-180-softgels#primaryimage\"},\"image\":{\"@id\":\"https:\\\/\\\/ecosupplements.ch\\\/?product=omega-3-fish-oil-molecularly-distilled-1000mg-180-softgels#primaryimage\"},\"thumbnailUrl\":\"https:\\\/\\\/ecosupplements.ch\\\/wp-content\\\/uploads\\\/2026\\\/05\\\/Omega-3-Fish-Oil-Molecularly-Distilled-1000mg-180-softgels.png\",\"datePublished\":\"2026-05-11T14:37:06+00:00\",\"dateModified\":\"2026-05-13T07:25:30+00:00\",\"description\":\"Hochwertiges Omega-3 Fisch\u00f6l von Osavi mit min. 360 mg EPA und 240 mg DHA pro Portion, molekular destilliert, 180 Softgels. Jetzt bestellen.\",\"breadcrumb\":{\"@id\":\"https:\\\/\\\/ecosupplements.ch\\\/?product=omega-3-fish-oil-molecularly-distilled-1000mg-180-softgels#breadcrumb\"},\"inLanguage\":\"de-CH\",\"potentialAction\":[{\"@type\":\"ReadAction\",\"target\":[\"https:\\\/\\\/ecosupplements.ch\\\/?product=omega-3-fish-oil-molecularly-distilled-1000mg-180-softgels\"]}]},{\"@type\":\"ImageObject\",\"inLanguage\":\"de-CH\",\"@id\":\"https:\\\/\\\/ecosupplements.ch\\\/?product=omega-3-fish-oil-molecularly-distilled-1000mg-180-softgels#primaryimage\",\"url\":\"https:\\\/\\\/ecosupplements.ch\\\/wp-content\\\/uploads\\\/2026\\\/05\\\/Omega-3-Fish-Oil-Molecularly-Distilled-1000mg-180-softgels.png\",\"contentUrl\":\"https:\\\/\\\/ecosupplements.ch\\\/wp-content\\\/uploads\\\/2026\\\/05\\\/Omega-3-Fish-Oil-Molecularly-Distilled-1000mg-180-softgels.png\",\"width\":445,\"height\":750,\"caption\":\"Omega-3 Fish Oil Molecularly Distilled\"},{\"@type\":\"BreadcrumbList\",\"@id\":\"https:\\\/\\\/ecosupplements.ch\\\/?product=omega-3-fish-oil-molecularly-distilled-1000mg-180-softgels#breadcrumb\",\"itemListElement\":[{\"@type\":\"ListItem\",\"position\":1,\"name\":\"Home\",\"item\":\"https:\\\/\\\/ecosupplements.ch\\\/\"},{\"@type\":\"ListItem\",\"position\":2,\"name\":\"Shop\",\"item\":\"https:\\\/\\\/ecosupplements.ch\\\/?page_id=14\"},{\"@type\":\"ListItem\",\"position\":3,\"name\":\"Omega-3 Fish Oil Molecularly Distilled, 1000mg &#8211; 180 softgels\"}]},{\"@type\":\"WebSite\",\"@id\":\"https:\\\/\\\/ecosupplements.ch\\\/#website\",\"url\":\"https:\\\/\\\/ecosupplements.ch\\\/\",\"name\":\"Eco Supplements\",\"description\":\"\",\"potentialAction\":[{\"@type\":\"SearchAction\",\"target\":{\"@type\":\"EntryPoint\",\"urlTemplate\":\"https:\\\/\\\/ecosupplements.ch\\\/?s={search_term_string}\"},\"query-input\":{\"@type\":\"PropertyValueSpecification\",\"valueRequired\":true,\"valueName\":\"search_term_string\"}}],\"inLanguage\":\"de-CH\"}]}<\/script>\n<meta property=\"product:price:amount\" content=\"21.43\" \/>\n<meta property=\"product:price:currency\" content=\"CHF\" \/>\n<meta property=\"og:availability\" content=\"out of stock\" \/>\n<meta property=\"product:availability\" content=\"out of stock\" \/>\n<meta property=\"product:retailer_item_id\" content=\"5904139923474\" \/>\n<meta property=\"product:condition\" content=\"new\" \/>\n<!-- \/ Yoast SEO plugin. -->","yoast_head_json":{"title":"Omega-3 Fish Oil 1000mg, 180 Softgels \u2013 Osavi | ecosupplements.ch","description":"Hochwertiges Omega-3 Fisch\u00f6l von Osavi mit min. 360 mg EPA und 240 mg DHA pro Portion, molekular destilliert, 180 Softgels. Jetzt bestellen.","robots":{"index":"index","follow":"follow","max-snippet":"max-snippet:-1","max-image-preview":"max-image-preview:large","max-video-preview":"max-video-preview:-1"},"canonical":"https:\/\/ecosupplements.ch\/?product=omega-3-fish-oil-molecularly-distilled-1000mg-180-softgels","og_locale":"de_DE","og_type":"article","og_title":"Omega-3 Fish Oil 1000mg, 180 Softgels \u2013 Osavi | ecosupplements.ch","og_description":"Hochwertiges Omega-3 Fisch\u00f6l von Osavi mit min. 360 mg EPA und 240 mg DHA pro Portion, molekular destilliert, 180 Softgels. Jetzt bestellen.","og_url":"https:\/\/ecosupplements.ch\/?product=omega-3-fish-oil-molecularly-distilled-1000mg-180-softgels","og_site_name":"Eco Supplements","article_modified_time":"2026-05-13T07:25:30+00:00","og_image":[{"width":445,"height":750,"url":"https:\/\/ecosupplements.ch\/wp-content\/uploads\/2026\/05\/Omega-3-Fish-Oil-Molecularly-Distilled-1000mg-180-softgels.png","type":"image\/png"}],"twitter_card":"summary_large_image","twitter_misc":{"Price":"&#67;&#72;&#70;&nbsp;21.43","Availability":"Out of stock"},"schema":{"@context":"https:\/\/schema.org","@graph":[{"@type":"WebPage","@id":"https:\/\/ecosupplements.ch\/?product=omega-3-fish-oil-molecularly-distilled-1000mg-180-softgels","url":"https:\/\/ecosupplements.ch\/?product=omega-3-fish-oil-molecularly-distilled-1000mg-180-softgels","name":"Omega-3 Fish Oil 1000mg, 180 Softgels \u2013 Osavi | ecosupplements.ch","isPartOf":{"@id":"https:\/\/ecosupplements.ch\/#website"},"primaryImageOfPage":{"@id":"https:\/\/ecosupplements.ch\/?product=omega-3-fish-oil-molecularly-distilled-1000mg-180-softgels#primaryimage"},"image":{"@id":"https:\/\/ecosupplements.ch\/?product=omega-3-fish-oil-molecularly-distilled-1000mg-180-softgels#primaryimage"},"thumbnailUrl":"https:\/\/ecosupplements.ch\/wp-content\/uploads\/2026\/05\/Omega-3-Fish-Oil-Molecularly-Distilled-1000mg-180-softgels.png","datePublished":"2026-05-11T14:37:06+00:00","dateModified":"2026-05-13T07:25:30+00:00","description":"Hochwertiges Omega-3 Fisch\u00f6l von Osavi mit min. 360 mg EPA und 240 mg DHA pro Portion, molekular destilliert, 180 Softgels. Jetzt bestellen.","breadcrumb":{"@id":"https:\/\/ecosupplements.ch\/?product=omega-3-fish-oil-molecularly-distilled-1000mg-180-softgels#breadcrumb"},"inLanguage":"de-CH","potentialAction":[{"@type":"ReadAction","target":["https:\/\/ecosupplements.ch\/?product=omega-3-fish-oil-molecularly-distilled-1000mg-180-softgels"]}]},{"@type":"ImageObject","inLanguage":"de-CH","@id":"https:\/\/ecosupplements.ch\/?product=omega-3-fish-oil-molecularly-distilled-1000mg-180-softgels#primaryimage","url":"https:\/\/ecosupplements.ch\/wp-content\/uploads\/2026\/05\/Omega-3-Fish-Oil-Molecularly-Distilled-1000mg-180-softgels.png","contentUrl":"https:\/\/ecosupplements.ch\/wp-content\/uploads\/2026\/05\/Omega-3-Fish-Oil-Molecularly-Distilled-1000mg-180-softgels.png","width":445,"height":750,"caption":"Omega-3 Fish Oil Molecularly Distilled"},{"@type":"BreadcrumbList","@id":"https:\/\/ecosupplements.ch\/?product=omega-3-fish-oil-molecularly-distilled-1000mg-180-softgels#breadcrumb","itemListElement":[{"@type":"ListItem","position":1,"name":"Home","item":"https:\/\/ecosupplements.ch\/"},{"@type":"ListItem","position":2,"name":"Shop","item":"https:\/\/ecosupplements.ch\/?page_id=14"},{"@type":"ListItem","position":3,"name":"Omega-3 Fish Oil Molecularly Distilled, 1000mg &#8211; 180 softgels"}]},{"@type":"WebSite","@id":"https:\/\/ecosupplements.ch\/#website","url":"https:\/\/ecosupplements.ch\/","name":"Eco Supplements","description":"","potentialAction":[{"@type":"SearchAction","target":{"@type":"EntryPoint","urlTemplate":"https:\/\/ecosupplements.ch\/?s={search_term_string}"},"query-input":{"@type":"PropertyValueSpecification","valueRequired":true,"valueName":"search_term_string"}}],"inLanguage":"de-CH"}]},"product_price_amount":"21.43","product_price_currency":"CHF","og_availability":"out of stock","product_availability":"out of stock","product_retailer_item_id":"5904139923474","product_condition":"new"},"_links":{"self":[{"href":"https:\/\/ecosupplements.ch\/index.php?rest_route=\/wp\/v2\/product\/2430","targetHints":{"allow":["GET"]}}],"collection":[{"href":"https:\/\/ecosupplements.ch\/index.php?rest_route=\/wp\/v2\/product"}],"about":[{"href":"https:\/\/ecosupplements.ch\/index.php?rest_route=\/wp\/v2\/types\/product"}],"replies":[{"embeddable":true,"href":"https:\/\/ecosupplements.ch\/index.php?rest_route=%2Fwp%2Fv2%2Fcomments&post=2430"}],"wp:featuredmedia":[{"embeddable":true,"href":"https:\/\/ecosupplements.ch\/index.php?rest_route=\/wp\/v2\/media\/2431"}],"wp:attachment":[{"href":"https:\/\/ecosupplements.ch\/index.php?rest_route=%2Fwp%2Fv2%2Fmedia&parent=2430"}],"wp:term":[{"taxonomy":"product_brand","embeddable":true,"href":"https:\/\/ecosupplements.ch\/index.php?rest_route=%2Fwp%2Fv2%2Fproduct_brand&post=2430"},{"taxonomy":"product_cat","embeddable":true,"href":"https:\/\/ecosupplements.ch\/index.php?rest_route=%2Fwp%2Fv2%2Fproduct_cat&post=2430"},{"taxonomy":"product_tag","embeddable":true,"href":"https:\/\/ecosupplements.ch\/index.php?rest_route=%2Fwp%2Fv2%2Fproduct_tag&post=2430"}],"curies":[{"name":"wp","href":"https:\/\/api.w.org\/{rel}","templated":true}]}}