{"id":2434,"date":"2026-05-11T14:37:08","date_gmt":"2026-05-11T14:37:08","guid":{"rendered":"https:\/\/ecosupplements.ch\/?product=oregano-oil-carvacrol-180mg-60-enteric-caps"},"modified":"2026-05-13T07:25:30","modified_gmt":"2026-05-13T07:25:30","slug":"oregano-oil-carvacrol-180mg-60-enteric-caps","status":"publish","type":"product","link":"https:\/\/ecosupplements.ch\/?product=oregano-oil-carvacrol-180mg-60-enteric-caps","title":{"rendered":"Oregano Oil Carvacrol, 180mg &#8211; 60 enteric caps"},"content":{"rendered":"<div class=\"chcg-product-description\">\n<h2 class=\"chcg-heading\">\u00dcber Osavi \u2013 Oregano Oil Carvacrol, 180mg \u2013 60 Enterokapseln<\/h2>\n<div class=\"chcg-intro\">\n<p>Das Oregano Oil Carvacrol von Osavi liefert pro Kapsel 257 mg hochwertiges Oreganoblatt\u00f6l (<em>Origanum vulgare<\/em>), standardisiert auf einen Mindestgehalt von 70 % Carvacrol \u2013 das entspricht 180 mg Carvacrol pro Tagesdosis. Carvacrol ist der massgebliche Wirkstoff im Oregan\u00f6l und macht dieses Produkt zu einer konzentrierten und zuverl\u00e4ssigen Quelle dieses nat\u00fcrlichen Pflanzenextrakts.<\/p>\n<p>Die magensaftresistenten Weichkapseln sind mit einer Enteroh\u00fclle ausgestattet, die sicherstellt, dass das Oregan\u00f6l den Magen passiert und erst im D\u00fcnndarm freigesetzt wird. Dies sch\u00fctzt den Magen vor dem intensiven Aroma des \u00d6ls und verbessert die Vertr\u00e4glichkeit bei empfindlichen Personen.<\/p>\n<p>Osavi steht f\u00fcr Transparenz und Qualit\u00e4t: Das Produkt enth\u00e4lt keine unn\u00f6tigen Zusatzstoffe und wird ohne Gluten, Laktose, Soja oder gentechnisch ver\u00e4nderte Zutaten hergestellt. Eine Packung enth\u00e4lt 60 Enterokapseln \u2013 das entspricht einem zweimonatigen Vorrat bei empfohlener Einnahme.<\/p>\n<\/p><\/div>\n<div class=\"chcg-nutrition\">\n<h3>N\u00e4hrwertangaben<\/h3>\n<table class=\"chcg-nutrition-table\">\n<thead>\n<tr>\n<th>N\u00e4hrstoff<\/th>\n<th>Pro Portion (1 Kapsel)<\/th>\n<\/tr>\n<\/thead>\n<tbody>\n<tr>\n<td>Oreganoblatt\u00f6l (<em>Origanum vulgare<\/em>)<\/td>\n<td>257 mg<\/td>\n<\/tr>\n<tr>\n<td>\u2013 davon Carvacrol (min. 70 %)<\/td>\n<td>180 mg*<\/td>\n<\/tr>\n<\/tbody>\n<\/table>\n<p class=\"chcg-footnote\">* Kein festgelegter Tagesbedarf (NRV)<\/p>\n<\/p><\/div>\n<div class=\"chcg-ingredients\">\n<h3>Zutaten<\/h3>\n<p>Oreganoblatt\u00f6l (<em>Origanum vulgare<\/em>), standardisiert auf min. 70 % Carvacrol; natives Oliven\u00f6l extra.<\/p>\n<p class=\"chcg-capsule-shell\">Kapselh\u00fclle: Enteroh\u00fclle: Rindergelatine, Feuchthaltemittel: Sorbit und Glycerol, Wasser.<\/p>\n<\/p><\/div>\n<div class=\"chcg-dosage\">\n<h3>Verzehrempfehlung<\/h3>\n<p>Empfohlene Tagesdosis: 1 Kapsel nach einer Mahlzeit einnehmen. Portionsgr\u00f6sse: 1 Kapsel. Portionen pro Packung: 60.<\/p>\n<\/p><\/div>\n<div class=\"chcg-warnings\">\n<h3>Warnhinweise<\/h3>\n<p>Die empfohlene Tagesdosis darf nicht \u00fcberschritten werden. Vor der Einnahme dieses Produkts sollte eine Apothekerin, ein Apotheker oder eine \u00c4rztin bzw. ein Arzt konsultiert werden, wenn eine Schwangerschaft geplant ist, w\u00e4hrend der Schwangerschaft oder Stillzeit, bei bestehender \u00e4rztlicher Behandlung oder bei einer Nahrungsmittelallergie. Nicht f\u00fcr Kinder geeignet. Nahrungserg\u00e4nzungsmittel sind kein Ersatz f\u00fcr eine ausgewogene Ern\u00e4hrung. Eine abwechslungsreiche Ern\u00e4hrung und ein gesunder Lebensstil sind massgebend, um die normale Gesundheit zu erhalten.<\/p>\n<\/p><\/div>\n<div class=\"chcg-allergens\">\n<h3>Allergeninformationen<\/h3>\n<p>Enth\u00e4lt Rindergelatine. Kein Gluten, keine Laktose, kein Soja und keine gentechnisch ver\u00e4nderten Zutaten deklariert.<\/p>\n<\/p><\/div>\n<div class=\"chcg-storage\">\n<h3>Lagerung<\/h3>\n<p>An einem dunklen und trockenen Ort bei Raumtemperatur lagern. Ausserhalb der Reichweite von Kleinkindern aufbewahren.<\/p>\n<\/p><\/div>\n<div class=\"chcg-dietary\">\n<h3>Ern\u00e4hrungshinweise<\/h3>\n<ul>\n<li>Glutenfrei<\/li>\n<li>Laktosefrei<\/li>\n<\/ul><\/div>\n<\/div>\n","protected":false},"excerpt":{"rendered":"<p>Osavi Oregano Oil liefert 180 mg Carvacrol pro magensaftresistenter Weichkapsel f\u00fcr optimale Vertr\u00e4glichkeit. 60 Enterokapseln pro Packung \u2013 standardisiert auf mindestens 70 % Carvacrol.<\/p>\n","protected":false},"featured_media":2435,"comment_status":"closed","ping_status":"open","template":"","meta":[],"product_brand":[219],"product_cat":[48,25],"product_tag":[],"class_list":{"0":"post-2434","1":"product","2":"type-product","3":"status-publish","4":"has-post-thumbnail","6":"product_brand-osavi","7":"product_cat-gesunde-ernaehrung","8":"product_cat-gesundheit-und-wohlbefinden","10":"first","11":"outofstock","12":"taxable","13":"shipping-taxable","14":"purchasable","15":"product-type-simple"},"yoast_head":"<!-- This site is optimized with the Yoast SEO plugin v27.5 - https:\/\/yoast.com\/product\/yoast-seo-wordpress\/ -->\n<title>Oregano Oil Carvacrol 180mg \u2013 Osavi | ecosupplements.ch<\/title>\n<meta name=\"description\" content=\"Osavi Oregano Oil mit 180 mg Carvacrol in magensaftresistenten Weichkapseln \u2013 60 Enterokapseln pro Packung. Jetzt bestellen.\" \/>\n<meta name=\"robots\" content=\"index, follow, max-snippet:-1, max-image-preview:large, max-video-preview:-1\" \/>\n<link rel=\"canonical\" href=\"https:\/\/ecosupplements.ch\/?product=oregano-oil-carvacrol-180mg-60-enteric-caps\" \/>\n<meta property=\"og:locale\" content=\"de_DE\" \/>\n<meta property=\"og:type\" content=\"article\" \/>\n<meta property=\"og:title\" content=\"Oregano Oil Carvacrol 180mg \u2013 Osavi | ecosupplements.ch\" \/>\n<meta property=\"og:description\" content=\"Osavi Oregano Oil mit 180 mg Carvacrol in magensaftresistenten Weichkapseln \u2013 60 Enterokapseln pro Packung. Jetzt bestellen.\" \/>\n<meta property=\"og:url\" content=\"https:\/\/ecosupplements.ch\/?product=oregano-oil-carvacrol-180mg-60-enteric-caps\" \/>\n<meta property=\"og:site_name\" content=\"Eco Supplements\" \/>\n<meta property=\"article:modified_time\" content=\"2026-05-13T07:25:30+00:00\" \/>\n<meta property=\"og:image\" content=\"https:\/\/ecosupplements.ch\/wp-content\/uploads\/2026\/05\/Oregano-Oil-Carvacrol-180mg-60-enteric-caps.jpg\" \/>\n\t<meta property=\"og:image:width\" content=\"634\" \/>\n\t<meta property=\"og:image:height\" content=\"750\" \/>\n\t<meta property=\"og:image:type\" content=\"image\/jpeg\" \/>\n<meta name=\"twitter:card\" content=\"summary_large_image\" \/>\n<meta name=\"twitter:label1\" content=\"Price\" \/>\n\t<meta name=\"twitter:data1\" content=\"&#067;&#072;&#070;&nbsp;12.64\" \/>\n\t<meta name=\"twitter:label2\" content=\"Availability\" \/>\n\t<meta name=\"twitter:data2\" content=\"Out of stock\" \/>\n<script type=\"application\/ld+json\" class=\"yoast-schema-graph\">{\"@context\":\"https:\\\/\\\/schema.org\",\"@graph\":[{\"@type\":\"WebPage\",\"@id\":\"https:\\\/\\\/ecosupplements.ch\\\/?product=oregano-oil-carvacrol-180mg-60-enteric-caps\",\"url\":\"https:\\\/\\\/ecosupplements.ch\\\/?product=oregano-oil-carvacrol-180mg-60-enteric-caps\",\"name\":\"Oregano Oil Carvacrol 180mg \u2013 Osavi | ecosupplements.ch\",\"isPartOf\":{\"@id\":\"https:\\\/\\\/ecosupplements.ch\\\/#website\"},\"primaryImageOfPage\":{\"@id\":\"https:\\\/\\\/ecosupplements.ch\\\/?product=oregano-oil-carvacrol-180mg-60-enteric-caps#primaryimage\"},\"image\":{\"@id\":\"https:\\\/\\\/ecosupplements.ch\\\/?product=oregano-oil-carvacrol-180mg-60-enteric-caps#primaryimage\"},\"thumbnailUrl\":\"https:\\\/\\\/ecosupplements.ch\\\/wp-content\\\/uploads\\\/2026\\\/05\\\/Oregano-Oil-Carvacrol-180mg-60-enteric-caps.jpg\",\"datePublished\":\"2026-05-11T14:37:08+00:00\",\"dateModified\":\"2026-05-13T07:25:30+00:00\",\"description\":\"Osavi Oregano Oil mit 180 mg Carvacrol in magensaftresistenten Weichkapseln \u2013 60 Enterokapseln pro Packung. Jetzt bestellen.\",\"breadcrumb\":{\"@id\":\"https:\\\/\\\/ecosupplements.ch\\\/?product=oregano-oil-carvacrol-180mg-60-enteric-caps#breadcrumb\"},\"inLanguage\":\"de-CH\",\"potentialAction\":[{\"@type\":\"ReadAction\",\"target\":[\"https:\\\/\\\/ecosupplements.ch\\\/?product=oregano-oil-carvacrol-180mg-60-enteric-caps\"]}]},{\"@type\":\"ImageObject\",\"inLanguage\":\"de-CH\",\"@id\":\"https:\\\/\\\/ecosupplements.ch\\\/?product=oregano-oil-carvacrol-180mg-60-enteric-caps#primaryimage\",\"url\":\"https:\\\/\\\/ecosupplements.ch\\\/wp-content\\\/uploads\\\/2026\\\/05\\\/Oregano-Oil-Carvacrol-180mg-60-enteric-caps.jpg\",\"contentUrl\":\"https:\\\/\\\/ecosupplements.ch\\\/wp-content\\\/uploads\\\/2026\\\/05\\\/Oregano-Oil-Carvacrol-180mg-60-enteric-caps.jpg\",\"width\":634,\"height\":750,\"caption\":\"Oregano Oil Carvacrol\"},{\"@type\":\"BreadcrumbList\",\"@id\":\"https:\\\/\\\/ecosupplements.ch\\\/?product=oregano-oil-carvacrol-180mg-60-enteric-caps#breadcrumb\",\"itemListElement\":[{\"@type\":\"ListItem\",\"position\":1,\"name\":\"Home\",\"item\":\"https:\\\/\\\/ecosupplements.ch\\\/\"},{\"@type\":\"ListItem\",\"position\":2,\"name\":\"Shop\",\"item\":\"https:\\\/\\\/ecosupplements.ch\\\/?page_id=14\"},{\"@type\":\"ListItem\",\"position\":3,\"name\":\"Oregano Oil Carvacrol, 180mg &#8211; 60 enteric caps\"}]},{\"@type\":\"WebSite\",\"@id\":\"https:\\\/\\\/ecosupplements.ch\\\/#website\",\"url\":\"https:\\\/\\\/ecosupplements.ch\\\/\",\"name\":\"Eco Supplements\",\"description\":\"\",\"potentialAction\":[{\"@type\":\"SearchAction\",\"target\":{\"@type\":\"EntryPoint\",\"urlTemplate\":\"https:\\\/\\\/ecosupplements.ch\\\/?s={search_term_string}\"},\"query-input\":{\"@type\":\"PropertyValueSpecification\",\"valueRequired\":true,\"valueName\":\"search_term_string\"}}],\"inLanguage\":\"de-CH\"}]}<\/script>\n<meta property=\"product:price:amount\" content=\"12.64\" \/>\n<meta property=\"product:price:currency\" content=\"CHF\" \/>\n<meta property=\"og:availability\" content=\"out of stock\" \/>\n<meta property=\"product:availability\" content=\"out of stock\" \/>\n<meta property=\"product:retailer_item_id\" content=\"5904139922361\" \/>\n<meta property=\"product:condition\" content=\"new\" \/>\n<!-- \/ Yoast SEO plugin. -->","yoast_head_json":{"title":"Oregano Oil Carvacrol 180mg \u2013 Osavi | ecosupplements.ch","description":"Osavi Oregano Oil mit 180 mg Carvacrol in magensaftresistenten Weichkapseln \u2013 60 Enterokapseln pro Packung. Jetzt bestellen.","robots":{"index":"index","follow":"follow","max-snippet":"max-snippet:-1","max-image-preview":"max-image-preview:large","max-video-preview":"max-video-preview:-1"},"canonical":"https:\/\/ecosupplements.ch\/?product=oregano-oil-carvacrol-180mg-60-enteric-caps","og_locale":"de_DE","og_type":"article","og_title":"Oregano Oil Carvacrol 180mg \u2013 Osavi | ecosupplements.ch","og_description":"Osavi Oregano Oil mit 180 mg Carvacrol in magensaftresistenten Weichkapseln \u2013 60 Enterokapseln pro Packung. Jetzt bestellen.","og_url":"https:\/\/ecosupplements.ch\/?product=oregano-oil-carvacrol-180mg-60-enteric-caps","og_site_name":"Eco Supplements","article_modified_time":"2026-05-13T07:25:30+00:00","og_image":[{"width":634,"height":750,"url":"https:\/\/ecosupplements.ch\/wp-content\/uploads\/2026\/05\/Oregano-Oil-Carvacrol-180mg-60-enteric-caps.jpg","type":"image\/jpeg"}],"twitter_card":"summary_large_image","twitter_misc":{"Price":"&#67;&#72;&#70;&nbsp;12.64","Availability":"Out of stock"},"schema":{"@context":"https:\/\/schema.org","@graph":[{"@type":"WebPage","@id":"https:\/\/ecosupplements.ch\/?product=oregano-oil-carvacrol-180mg-60-enteric-caps","url":"https:\/\/ecosupplements.ch\/?product=oregano-oil-carvacrol-180mg-60-enteric-caps","name":"Oregano Oil Carvacrol 180mg \u2013 Osavi | ecosupplements.ch","isPartOf":{"@id":"https:\/\/ecosupplements.ch\/#website"},"primaryImageOfPage":{"@id":"https:\/\/ecosupplements.ch\/?product=oregano-oil-carvacrol-180mg-60-enteric-caps#primaryimage"},"image":{"@id":"https:\/\/ecosupplements.ch\/?product=oregano-oil-carvacrol-180mg-60-enteric-caps#primaryimage"},"thumbnailUrl":"https:\/\/ecosupplements.ch\/wp-content\/uploads\/2026\/05\/Oregano-Oil-Carvacrol-180mg-60-enteric-caps.jpg","datePublished":"2026-05-11T14:37:08+00:00","dateModified":"2026-05-13T07:25:30+00:00","description":"Osavi Oregano Oil mit 180 mg Carvacrol in magensaftresistenten Weichkapseln \u2013 60 Enterokapseln pro Packung. Jetzt bestellen.","breadcrumb":{"@id":"https:\/\/ecosupplements.ch\/?product=oregano-oil-carvacrol-180mg-60-enteric-caps#breadcrumb"},"inLanguage":"de-CH","potentialAction":[{"@type":"ReadAction","target":["https:\/\/ecosupplements.ch\/?product=oregano-oil-carvacrol-180mg-60-enteric-caps"]}]},{"@type":"ImageObject","inLanguage":"de-CH","@id":"https:\/\/ecosupplements.ch\/?product=oregano-oil-carvacrol-180mg-60-enteric-caps#primaryimage","url":"https:\/\/ecosupplements.ch\/wp-content\/uploads\/2026\/05\/Oregano-Oil-Carvacrol-180mg-60-enteric-caps.jpg","contentUrl":"https:\/\/ecosupplements.ch\/wp-content\/uploads\/2026\/05\/Oregano-Oil-Carvacrol-180mg-60-enteric-caps.jpg","width":634,"height":750,"caption":"Oregano Oil Carvacrol"},{"@type":"BreadcrumbList","@id":"https:\/\/ecosupplements.ch\/?product=oregano-oil-carvacrol-180mg-60-enteric-caps#breadcrumb","itemListElement":[{"@type":"ListItem","position":1,"name":"Home","item":"https:\/\/ecosupplements.ch\/"},{"@type":"ListItem","position":2,"name":"Shop","item":"https:\/\/ecosupplements.ch\/?page_id=14"},{"@type":"ListItem","position":3,"name":"Oregano Oil Carvacrol, 180mg &#8211; 60 enteric caps"}]},{"@type":"WebSite","@id":"https:\/\/ecosupplements.ch\/#website","url":"https:\/\/ecosupplements.ch\/","name":"Eco Supplements","description":"","potentialAction":[{"@type":"SearchAction","target":{"@type":"EntryPoint","urlTemplate":"https:\/\/ecosupplements.ch\/?s={search_term_string}"},"query-input":{"@type":"PropertyValueSpecification","valueRequired":true,"valueName":"search_term_string"}}],"inLanguage":"de-CH"}]},"product_price_amount":"12.64","product_price_currency":"CHF","og_availability":"out of stock","product_availability":"out of stock","product_retailer_item_id":"5904139922361","product_condition":"new"},"_links":{"self":[{"href":"https:\/\/ecosupplements.ch\/index.php?rest_route=\/wp\/v2\/product\/2434","targetHints":{"allow":["GET"]}}],"collection":[{"href":"https:\/\/ecosupplements.ch\/index.php?rest_route=\/wp\/v2\/product"}],"about":[{"href":"https:\/\/ecosupplements.ch\/index.php?rest_route=\/wp\/v2\/types\/product"}],"replies":[{"embeddable":true,"href":"https:\/\/ecosupplements.ch\/index.php?rest_route=%2Fwp%2Fv2%2Fcomments&post=2434"}],"wp:featuredmedia":[{"embeddable":true,"href":"https:\/\/ecosupplements.ch\/index.php?rest_route=\/wp\/v2\/media\/2435"}],"wp:attachment":[{"href":"https:\/\/ecosupplements.ch\/index.php?rest_route=%2Fwp%2Fv2%2Fmedia&parent=2434"}],"wp:term":[{"taxonomy":"product_brand","embeddable":true,"href":"https:\/\/ecosupplements.ch\/index.php?rest_route=%2Fwp%2Fv2%2Fproduct_brand&post=2434"},{"taxonomy":"product_cat","embeddable":true,"href":"https:\/\/ecosupplements.ch\/index.php?rest_route=%2Fwp%2Fv2%2Fproduct_cat&post=2434"},{"taxonomy":"product_tag","embeddable":true,"href":"https:\/\/ecosupplements.ch\/index.php?rest_route=%2Fwp%2Fv2%2Fproduct_tag&post=2434"}],"curies":[{"name":"wp","href":"https:\/\/api.w.org\/{rel}","templated":true}]}}