{"id":2442,"date":"2026-05-11T14:37:13","date_gmt":"2026-05-11T14:37:13","guid":{"rendered":"https:\/\/ecosupplements.ch\/?product=primrose-oil-with-vitamin-a-e-1800mg-60-softgels"},"modified":"2026-05-13T07:25:30","modified_gmt":"2026-05-13T07:25:30","slug":"primrose-oil-with-vitamin-a-e-1800mg-60-softgels","status":"publish","type":"product","link":"https:\/\/ecosupplements.ch\/?product=primrose-oil-with-vitamin-a-e-1800mg-60-softgels","title":{"rendered":"Primrose Oil with Vitamin A &amp; E, 1800mg &#8211; 60 softgels"},"content":{"rendered":"<div class=\"chcg-product-description\">\n<h2 class=\"chcg-heading\">\u00dcber Osavi \u2013 Primrose Oil mit Vitamin A &amp; E, 1800mg \u2013 60 Softgels<\/h2>\n<div class=\"chcg-intro\">\n<p>Das Osavi Primrose Oil mit Vitamin A &amp; E liefert pro Tagesportion 1800 mg kaltgepresstes Nachtkerzen\u00f6l (Oenothera biennis) aus den Samen der Pflanze \u2013 eine nat\u00fcrliche Quelle der Gamma-Linolens\u00e4ure (GLA), einer Omega-6-Fetts\u00e4ure. Jede Tagesportion enth\u00e4lt mindestens 144 mg GLA und wird durch die fettl\u00f6slichen Vitamine A und E erg\u00e4nzt, die gemeinsam in einer praktischen Softgel-Formel kombiniert sind.<\/p>\n<p>Vitamin A tr\u00e4gt zur Erhaltung normaler Haut, normaler Sehkraft sowie einer normalen Funktion des Immunsystems bei. Vitamin E sch\u00fctzt die Zellen vor oxidativem Stress. Die Kombination dieser drei Wirkstoffe in einem einzigen Produkt macht dieses Nahrungserg\u00e4nzungsmittel zu einer effizienten Erg\u00e4nzung des t\u00e4glichen Wohlbefindens.<\/p>\n<p>Das \u00d6l wird kalt gepresst gewonnen, um eine hohe Qualit\u00e4t der enthaltenen Fetts\u00e4uren zu gew\u00e4hrleisten. Die Softgel-Kapseln sind einfach einzunehmen und gew\u00e4hrleisten eine gute Vertr\u00e4glichkeit des empfindlichen \u00d6ls.<\/p>\n<\/p><\/div>\n<div class=\"chcg-nutrition\">\n<h3>N\u00e4hrwertangaben<\/h3>\n<table class=\"chcg-nutrition-table\">\n<thead>\n<tr>\n<th>N\u00e4hrstoff<\/th>\n<th>Pro Portion (3 Kapseln)<\/th>\n<\/tr>\n<\/thead>\n<tbody>\n<tr>\n<td>Kaltgepresstes Nachtkerzen- (Oenothera biennis) Samen\u00f6l<\/td>\n<td>1800 mg<\/td>\n<\/tr>\n<tr>\n<td>\u2013 davon Gamma-Linolens\u00e4ure (GLA) mind.<\/td>\n<td>144 mg<\/td>\n<\/tr>\n<tr>\n<td>Vitamin A (Retinylpalmitat)<\/td>\n<td>600 \u00b5g (75 % NRV)<\/td>\n<\/tr>\n<tr>\n<td>Vitamin E (D-alpha-Tocopherol)<\/td>\n<td>18 mg (150 % NRV)<\/td>\n<\/tr>\n<\/tbody>\n<\/table>\n<p class=\"chcg-footnote\">NRV \u2013 Referenzwert f\u00fcr die N\u00e4hrstoffzufuhr (Nutrient Reference Value)<\/p>\n<\/p><\/div>\n<div class=\"chcg-ingredients\">\n<h3>Zutaten<\/h3>\n<p>Kaltgepresstes Nachtkerzen- (Oenothera biennis) Samen\u00f6l (davon Gamma-Linolens\u00e4ure (GLA) mind.), Vitamin A (Retinylpalmitat), Vitamin E (D-alpha-Tocopherol), Nachtkerzen- (Oenothera biennis) Samen\u00f6l, D-alpha-Tocopherol, Retinylpalmitat.<\/p>\n<p class=\"chcg-capsule-shell\">Kapselh\u00fclle: Rindergelatine, Feuchthaltemittel: Glycerol, Wasser.<\/p>\n<\/p><\/div>\n<div class=\"chcg-dosage\">\n<h3>Verzehrempfehlung<\/h3>\n<p>Empfohlene Tagesdosis: 1 Kapsel dreimal t\u00e4glich, nach einer Mahlzeit. Tagesportion: 3 Kapseln.<\/p>\n<\/p><\/div>\n<div class=\"chcg-warnings\">\n<h3>Warnhinweise<\/h3>\n<p>Die empfohlene Tagesdosis darf nicht \u00fcberschritten werden. Nahrungserg\u00e4nzungsmittel sollten nicht als Ersatz f\u00fcr eine ausgewogene Ern\u00e4hrung verwendet werden. Eine abwechslungsreiche Ern\u00e4hrung und ein gesunder Lebensstil sind wichtig, um die normale Gesundheit zu erhalten. Ausserhalb der Reichweite von Kleinkindern aufbewahren.<\/p>\n<\/p><\/div>\n<div class=\"chcg-allergens\">\n<h3>Allergeninformationen<\/h3>\n<p>Enth\u00e4lt Rindergelatine. Keine weiteren Allergene angegeben.<\/p>\n<\/p><\/div>\n<div class=\"chcg-storage\">\n<h3>Lagerung<\/h3>\n<p>An einem dunklen und trockenen Ort bei Raumtemperatur lagern. Ausserhalb der Reichweite von Kleinkindern aufbewahren.<\/p>\n<\/p><\/div>\n<div class=\"chcg-dietary\">\n<h3>Ern\u00e4hrungshinweise<\/h3>\n<ul>\n<li>Nicht vegan<\/li>\n<li>Nicht vegetarisch<\/li>\n<\/ul><\/div>\n<\/div>\n","protected":false},"excerpt":{"rendered":"<p>Osavi Primrose Oil liefert 1800 mg kaltgepresstes Nachtkerzen\u00f6l mit GLA sowie Vitamin A und E pro Tagesportion. Erh\u00e4ltlich als praktische Softgels, 60 St\u00fcck pro Packung.<\/p>\n","protected":false},"featured_media":2443,"comment_status":"closed","ping_status":"open","template":"","meta":[],"product_brand":[219],"product_cat":[48,25,26,161,32,21],"product_tag":[],"class_list":{"0":"post-2442","1":"product","2":"type-product","3":"status-publish","4":"has-post-thumbnail","6":"product_brand-osavi","7":"product_cat-gesunde-ernaehrung","8":"product_cat-gesundheit-und-wohlbefinden","9":"product_cat-multivitamine","10":"product_cat-nachtkerzenoel","11":"product_cat-nahrungsergaenzungsmittel-fuer-frauen","12":"product_cat-vitamine-und-mineralstoffe","14":"first","15":"outofstock","16":"taxable","17":"shipping-taxable","18":"purchasable","19":"product-type-simple"},"yoast_head":"<!-- This site is optimized with the Yoast SEO plugin v27.5 - https:\/\/yoast.com\/product\/yoast-seo-wordpress\/ -->\n<title>Primrose Oil mit Vitamin A &amp; E, 1800mg \u2013 Osavi | ecosupplements.ch<\/title>\n<meta name=\"description\" content=\"Osavi Primrose Oil mit 1800 mg Nachtkerzen\u00f6l, GLA sowie Vitamin A &amp; E \u2013 60 Softgels f\u00fcr die t\u00e4gliche Erg\u00e4nzung. Jetzt bestellen.\" \/>\n<meta name=\"robots\" content=\"index, follow, max-snippet:-1, max-image-preview:large, max-video-preview:-1\" \/>\n<link rel=\"canonical\" href=\"https:\/\/ecosupplements.ch\/?product=primrose-oil-with-vitamin-a-e-1800mg-60-softgels\" \/>\n<meta property=\"og:locale\" content=\"de_DE\" \/>\n<meta property=\"og:type\" content=\"article\" \/>\n<meta property=\"og:title\" content=\"Primrose Oil mit Vitamin A &amp; E, 1800mg \u2013 Osavi | ecosupplements.ch\" \/>\n<meta property=\"og:description\" content=\"Osavi Primrose Oil mit 1800 mg Nachtkerzen\u00f6l, GLA sowie Vitamin A &amp; E \u2013 60 Softgels f\u00fcr die t\u00e4gliche Erg\u00e4nzung. Jetzt bestellen.\" \/>\n<meta property=\"og:url\" content=\"https:\/\/ecosupplements.ch\/?product=primrose-oil-with-vitamin-a-e-1800mg-60-softgels\" \/>\n<meta property=\"og:site_name\" content=\"Eco Supplements\" \/>\n<meta property=\"article:modified_time\" content=\"2026-05-13T07:25:30+00:00\" \/>\n<meta property=\"og:image\" content=\"https:\/\/ecosupplements.ch\/wp-content\/uploads\/2026\/05\/Primrose-Oil-with-Vitamin-A-E-1800mg-60-softgels.jpg\" \/>\n\t<meta property=\"og:image:width\" content=\"607\" \/>\n\t<meta property=\"og:image:height\" content=\"750\" \/>\n\t<meta property=\"og:image:type\" content=\"image\/jpeg\" \/>\n<meta name=\"twitter:card\" content=\"summary_large_image\" \/>\n<meta name=\"twitter:label1\" content=\"Price\" \/>\n\t<meta name=\"twitter:data1\" content=\"&#067;&#072;&#070;&nbsp;8.22\" \/>\n\t<meta name=\"twitter:label2\" content=\"Availability\" \/>\n\t<meta name=\"twitter:data2\" content=\"Out of stock\" \/>\n<script type=\"application\/ld+json\" class=\"yoast-schema-graph\">{\"@context\":\"https:\\\/\\\/schema.org\",\"@graph\":[{\"@type\":\"WebPage\",\"@id\":\"https:\\\/\\\/ecosupplements.ch\\\/?product=primrose-oil-with-vitamin-a-e-1800mg-60-softgels\",\"url\":\"https:\\\/\\\/ecosupplements.ch\\\/?product=primrose-oil-with-vitamin-a-e-1800mg-60-softgels\",\"name\":\"Primrose Oil mit Vitamin A & E, 1800mg \u2013 Osavi | ecosupplements.ch\",\"isPartOf\":{\"@id\":\"https:\\\/\\\/ecosupplements.ch\\\/#website\"},\"primaryImageOfPage\":{\"@id\":\"https:\\\/\\\/ecosupplements.ch\\\/?product=primrose-oil-with-vitamin-a-e-1800mg-60-softgels#primaryimage\"},\"image\":{\"@id\":\"https:\\\/\\\/ecosupplements.ch\\\/?product=primrose-oil-with-vitamin-a-e-1800mg-60-softgels#primaryimage\"},\"thumbnailUrl\":\"https:\\\/\\\/ecosupplements.ch\\\/wp-content\\\/uploads\\\/2026\\\/05\\\/Primrose-Oil-with-Vitamin-A-E-1800mg-60-softgels.jpg\",\"datePublished\":\"2026-05-11T14:37:13+00:00\",\"dateModified\":\"2026-05-13T07:25:30+00:00\",\"description\":\"Osavi Primrose Oil mit 1800 mg Nachtkerzen\u00f6l, GLA sowie Vitamin A & E \u2013 60 Softgels f\u00fcr die t\u00e4gliche Erg\u00e4nzung. Jetzt bestellen.\",\"breadcrumb\":{\"@id\":\"https:\\\/\\\/ecosupplements.ch\\\/?product=primrose-oil-with-vitamin-a-e-1800mg-60-softgels#breadcrumb\"},\"inLanguage\":\"de-CH\",\"potentialAction\":[{\"@type\":\"ReadAction\",\"target\":[\"https:\\\/\\\/ecosupplements.ch\\\/?product=primrose-oil-with-vitamin-a-e-1800mg-60-softgels\"]}]},{\"@type\":\"ImageObject\",\"inLanguage\":\"de-CH\",\"@id\":\"https:\\\/\\\/ecosupplements.ch\\\/?product=primrose-oil-with-vitamin-a-e-1800mg-60-softgels#primaryimage\",\"url\":\"https:\\\/\\\/ecosupplements.ch\\\/wp-content\\\/uploads\\\/2026\\\/05\\\/Primrose-Oil-with-Vitamin-A-E-1800mg-60-softgels.jpg\",\"contentUrl\":\"https:\\\/\\\/ecosupplements.ch\\\/wp-content\\\/uploads\\\/2026\\\/05\\\/Primrose-Oil-with-Vitamin-A-E-1800mg-60-softgels.jpg\",\"width\":607,\"height\":750,\"caption\":\"Primrose Oil with Vitamin A & E\"},{\"@type\":\"BreadcrumbList\",\"@id\":\"https:\\\/\\\/ecosupplements.ch\\\/?product=primrose-oil-with-vitamin-a-e-1800mg-60-softgels#breadcrumb\",\"itemListElement\":[{\"@type\":\"ListItem\",\"position\":1,\"name\":\"Home\",\"item\":\"https:\\\/\\\/ecosupplements.ch\\\/\"},{\"@type\":\"ListItem\",\"position\":2,\"name\":\"Shop\",\"item\":\"https:\\\/\\\/ecosupplements.ch\\\/?page_id=14\"},{\"@type\":\"ListItem\",\"position\":3,\"name\":\"Primrose Oil with Vitamin A &amp; E, 1800mg &#8211; 60 softgels\"}]},{\"@type\":\"WebSite\",\"@id\":\"https:\\\/\\\/ecosupplements.ch\\\/#website\",\"url\":\"https:\\\/\\\/ecosupplements.ch\\\/\",\"name\":\"Eco Supplements\",\"description\":\"\",\"potentialAction\":[{\"@type\":\"SearchAction\",\"target\":{\"@type\":\"EntryPoint\",\"urlTemplate\":\"https:\\\/\\\/ecosupplements.ch\\\/?s={search_term_string}\"},\"query-input\":{\"@type\":\"PropertyValueSpecification\",\"valueRequired\":true,\"valueName\":\"search_term_string\"}}],\"inLanguage\":\"de-CH\"}]}<\/script>\n<meta property=\"product:price:amount\" content=\"8.22\" \/>\n<meta property=\"product:price:currency\" content=\"CHF\" \/>\n<meta property=\"og:availability\" content=\"out of stock\" \/>\n<meta property=\"product:availability\" content=\"out of stock\" \/>\n<meta property=\"product:retailer_item_id\" content=\"5904139922200\" \/>\n<meta property=\"product:condition\" content=\"new\" \/>\n<!-- \/ Yoast SEO plugin. -->","yoast_head_json":{"title":"Primrose Oil mit Vitamin A & E, 1800mg \u2013 Osavi | ecosupplements.ch","description":"Osavi Primrose Oil mit 1800 mg Nachtkerzen\u00f6l, GLA sowie Vitamin A & E \u2013 60 Softgels f\u00fcr die t\u00e4gliche Erg\u00e4nzung. Jetzt bestellen.","robots":{"index":"index","follow":"follow","max-snippet":"max-snippet:-1","max-image-preview":"max-image-preview:large","max-video-preview":"max-video-preview:-1"},"canonical":"https:\/\/ecosupplements.ch\/?product=primrose-oil-with-vitamin-a-e-1800mg-60-softgels","og_locale":"de_DE","og_type":"article","og_title":"Primrose Oil mit Vitamin A & E, 1800mg \u2013 Osavi | ecosupplements.ch","og_description":"Osavi Primrose Oil mit 1800 mg Nachtkerzen\u00f6l, GLA sowie Vitamin A & E \u2013 60 Softgels f\u00fcr die t\u00e4gliche Erg\u00e4nzung. Jetzt bestellen.","og_url":"https:\/\/ecosupplements.ch\/?product=primrose-oil-with-vitamin-a-e-1800mg-60-softgels","og_site_name":"Eco Supplements","article_modified_time":"2026-05-13T07:25:30+00:00","og_image":[{"width":607,"height":750,"url":"https:\/\/ecosupplements.ch\/wp-content\/uploads\/2026\/05\/Primrose-Oil-with-Vitamin-A-E-1800mg-60-softgels.jpg","type":"image\/jpeg"}],"twitter_card":"summary_large_image","twitter_misc":{"Price":"&#67;&#72;&#70;&nbsp;8.22","Availability":"Out of stock"},"schema":{"@context":"https:\/\/schema.org","@graph":[{"@type":"WebPage","@id":"https:\/\/ecosupplements.ch\/?product=primrose-oil-with-vitamin-a-e-1800mg-60-softgels","url":"https:\/\/ecosupplements.ch\/?product=primrose-oil-with-vitamin-a-e-1800mg-60-softgels","name":"Primrose Oil mit Vitamin A & E, 1800mg \u2013 Osavi | ecosupplements.ch","isPartOf":{"@id":"https:\/\/ecosupplements.ch\/#website"},"primaryImageOfPage":{"@id":"https:\/\/ecosupplements.ch\/?product=primrose-oil-with-vitamin-a-e-1800mg-60-softgels#primaryimage"},"image":{"@id":"https:\/\/ecosupplements.ch\/?product=primrose-oil-with-vitamin-a-e-1800mg-60-softgels#primaryimage"},"thumbnailUrl":"https:\/\/ecosupplements.ch\/wp-content\/uploads\/2026\/05\/Primrose-Oil-with-Vitamin-A-E-1800mg-60-softgels.jpg","datePublished":"2026-05-11T14:37:13+00:00","dateModified":"2026-05-13T07:25:30+00:00","description":"Osavi Primrose Oil mit 1800 mg Nachtkerzen\u00f6l, GLA sowie Vitamin A & E \u2013 60 Softgels f\u00fcr die t\u00e4gliche Erg\u00e4nzung. Jetzt bestellen.","breadcrumb":{"@id":"https:\/\/ecosupplements.ch\/?product=primrose-oil-with-vitamin-a-e-1800mg-60-softgels#breadcrumb"},"inLanguage":"de-CH","potentialAction":[{"@type":"ReadAction","target":["https:\/\/ecosupplements.ch\/?product=primrose-oil-with-vitamin-a-e-1800mg-60-softgels"]}]},{"@type":"ImageObject","inLanguage":"de-CH","@id":"https:\/\/ecosupplements.ch\/?product=primrose-oil-with-vitamin-a-e-1800mg-60-softgels#primaryimage","url":"https:\/\/ecosupplements.ch\/wp-content\/uploads\/2026\/05\/Primrose-Oil-with-Vitamin-A-E-1800mg-60-softgels.jpg","contentUrl":"https:\/\/ecosupplements.ch\/wp-content\/uploads\/2026\/05\/Primrose-Oil-with-Vitamin-A-E-1800mg-60-softgels.jpg","width":607,"height":750,"caption":"Primrose Oil with Vitamin A & E"},{"@type":"BreadcrumbList","@id":"https:\/\/ecosupplements.ch\/?product=primrose-oil-with-vitamin-a-e-1800mg-60-softgels#breadcrumb","itemListElement":[{"@type":"ListItem","position":1,"name":"Home","item":"https:\/\/ecosupplements.ch\/"},{"@type":"ListItem","position":2,"name":"Shop","item":"https:\/\/ecosupplements.ch\/?page_id=14"},{"@type":"ListItem","position":3,"name":"Primrose Oil with Vitamin A &amp; E, 1800mg &#8211; 60 softgels"}]},{"@type":"WebSite","@id":"https:\/\/ecosupplements.ch\/#website","url":"https:\/\/ecosupplements.ch\/","name":"Eco Supplements","description":"","potentialAction":[{"@type":"SearchAction","target":{"@type":"EntryPoint","urlTemplate":"https:\/\/ecosupplements.ch\/?s={search_term_string}"},"query-input":{"@type":"PropertyValueSpecification","valueRequired":true,"valueName":"search_term_string"}}],"inLanguage":"de-CH"}]},"product_price_amount":"8.22","product_price_currency":"CHF","og_availability":"out of stock","product_availability":"out of stock","product_retailer_item_id":"5904139922200","product_condition":"new"},"_links":{"self":[{"href":"https:\/\/ecosupplements.ch\/index.php?rest_route=\/wp\/v2\/product\/2442","targetHints":{"allow":["GET"]}}],"collection":[{"href":"https:\/\/ecosupplements.ch\/index.php?rest_route=\/wp\/v2\/product"}],"about":[{"href":"https:\/\/ecosupplements.ch\/index.php?rest_route=\/wp\/v2\/types\/product"}],"replies":[{"embeddable":true,"href":"https:\/\/ecosupplements.ch\/index.php?rest_route=%2Fwp%2Fv2%2Fcomments&post=2442"}],"wp:featuredmedia":[{"embeddable":true,"href":"https:\/\/ecosupplements.ch\/index.php?rest_route=\/wp\/v2\/media\/2443"}],"wp:attachment":[{"href":"https:\/\/ecosupplements.ch\/index.php?rest_route=%2Fwp%2Fv2%2Fmedia&parent=2442"}],"wp:term":[{"taxonomy":"product_brand","embeddable":true,"href":"https:\/\/ecosupplements.ch\/index.php?rest_route=%2Fwp%2Fv2%2Fproduct_brand&post=2442"},{"taxonomy":"product_cat","embeddable":true,"href":"https:\/\/ecosupplements.ch\/index.php?rest_route=%2Fwp%2Fv2%2Fproduct_cat&post=2442"},{"taxonomy":"product_tag","embeddable":true,"href":"https:\/\/ecosupplements.ch\/index.php?rest_route=%2Fwp%2Fv2%2Fproduct_tag&post=2442"}],"curies":[{"name":"wp","href":"https:\/\/api.w.org\/{rel}","templated":true}]}}