{"id":2452,"date":"2026-05-11T14:37:43","date_gmt":"2026-05-11T14:37:43","guid":{"rendered":"https:\/\/ecosupplements.ch\/?product=sodium-butyrate-sr-960mg-60-vegan-caps"},"modified":"2026-05-13T07:25:59","modified_gmt":"2026-05-13T07:25:59","slug":"sodium-butyrate-sr-960mg-60-vegan-caps","status":"publish","type":"product","link":"https:\/\/ecosupplements.ch\/?product=sodium-butyrate-sr-960mg-60-vegan-caps","title":{"rendered":"Sodium butyrate SR, 960mg &#8211; 60 vegan caps"},"content":{"rendered":"<div class=\"chcg-product-description\">\n<h2 class=\"chcg-heading\">\u00dcber Osavi \u2013 Sodium butyrate SR, 960mg \u2013 60 vegane Kapseln<\/h2>\n<div class=\"chcg-intro\">\n<p>Sodium butyrate SR von Osavi liefert pro Tagesportion 960 mg Natriumbutyrat \u2013 davon 768 mg Butters\u00e4ure \u2013 in einer speziell entwickelten Slow-Release-Formulierung (SR). Dank der verz\u00f6gerten Freisetzung wird der Wirkstoff gleichm\u00e4ssig im Verdauungstrakt abgegeben, was eine optimale Verf\u00fcgbarkeit im Darm beg\u00fcnstigt.<\/p>\n<p>Butters\u00e4ure ist eine kurzkettige Fetts\u00e4ure, die nat\u00fcrlicherweise im Dickdarm durch die Fermentation von Ballaststoffen entsteht. Sie gilt als wichtige Energiequelle f\u00fcr die Darmzellen (Kolonozyten) und wird intensiv erforscht hinsichtlich ihrer Rolle f\u00fcr die Darmgesundheit und die Integrit\u00e4t der Darmschleimhaut.<\/p>\n<p>Das Produkt ist vegan, vegetarisch sowie frei von Gluten, Laktose, Soja, Palm\u00f6l, Zucker und gentechnisch ver\u00e4nderten Organismen (GVO). Die Kapselh\u00fclle besteht aus Hydroxypropylmethylcellulose (HPMC) \u2013 ohne tierische Bestandteile.<\/p>\n<\/p><\/div>\n<div class=\"chcg-nutrition\">\n<h3>N\u00e4hrwertangaben<\/h3>\n<table class=\"chcg-nutrition-table\">\n<thead>\n<tr>\n<th>N\u00e4hrstoff<\/th>\n<th>Pro Portion (2 Kapseln)<\/th>\n<\/tr>\n<\/thead>\n<tbody>\n<tr>\n<td>Sodium butyrate<\/td>\n<td>960 mg<\/td>\n<\/tr>\n<tr>\n<td>\u2013 davon Butters\u00e4ure<\/td>\n<td>768 mg<\/td>\n<\/tr>\n<\/tbody>\n<\/table>\n<p class=\"chcg-footnote\">* Kein festgelegter Tagesbedarf.<\/p>\n<\/p><\/div>\n<div class=\"chcg-ingredients\">\n<h3>Zutaten<\/h3>\n<p>Natriumbutyrat (davon Butters\u00e4ure), Natriumbutyrat, H\u00fclle (Hydroxypropylmethylcellulose), F\u00fcllstoff: Cellulose, Verdickungsmittel: Hydroxypropylmethylcellulose, \u00dcberzugsmittel: Ethylcellulose.<\/p>\n<p class=\"chcg-capsule-shell\">Kapselh\u00fclle: Hydroxypropylmethylcellulose (HPMC)<\/p>\n<\/p><\/div>\n<div class=\"chcg-dosage\">\n<h3>Verzehrempfehlung<\/h3>\n<p>2 Kapseln pro Tag (1 Kapsel morgens, 1 Kapsel abends, jeweils nach einer Mahlzeit). Ganz mit Wasser schlucken.<\/p>\n<\/p><\/div>\n<div class=\"chcg-warnings\">\n<h3>Warnhinweise<\/h3>\n<p>Die empfohlene Tagesdosis darf nicht \u00fcberschritten werden. Konsultieren Sie Ihren Apotheker oder Arzt, bevor Sie dieses Produkt verwenden, wenn Sie schwanger werden m\u00f6chten, schwanger sind, stillen, unter \u00e4rztlicher Aufsicht stehen oder an Lebensmittelallergien leiden. Nicht f\u00fcr Kinder empfohlen. Nahrungserg\u00e4nzungsmittel sollten nicht als Ersatz f\u00fcr eine ausgewogene Ern\u00e4hrung verwendet werden. Eine abwechslungsreiche Ern\u00e4hrung und ein gesunder Lebensstil tragen dazu bei, die normale Gesundheit zu erhalten.<\/p>\n<\/p><\/div>\n<div class=\"chcg-allergens\">\n<h3>Allergeninformationen<\/h3>\n<p>Keine Allergene deklariert. Frei von Gluten, Laktose, Soja, Palm\u00f6l, Zucker und GVO.<\/p>\n<\/p><\/div>\n<div class=\"chcg-storage\">\n<h3>Lagerung<\/h3>\n<p>An einem dunklen und trockenen Ort bei Raumtemperatur lagern. Ausserhalb der Reichweite von Kleinkindern aufbewahren.<\/p>\n<\/p><\/div>\n<div class=\"chcg-dietary\">\n<h3>Ern\u00e4hrungshinweise<\/h3>\n<ul>\n<li>Vegan<\/li>\n<li>Vegetarisch<\/li>\n<li>Glutenfrei<\/li>\n<li>Laktosefrei<\/li>\n<\/ul><\/div>\n<\/div>\n","protected":false},"excerpt":{"rendered":"<p>Sodium butyrate SR von Osavi liefert 960 mg Natriumbutyrat pro Tagesportion in verz\u00f6gerter Freisetzung \u2013 ideal f\u00fcr die Darmgesundheit. 60 vegane Kapseln, frei von Gluten, Laktose und GVO.<\/p>\n","protected":false},"featured_media":2453,"comment_status":"closed","ping_status":"open","template":"","meta":[],"product_brand":[219],"product_cat":[48,25,22],"product_tag":[],"class_list":{"0":"post-2452","1":"product","2":"type-product","3":"status-publish","4":"has-post-thumbnail","6":"product_brand-osavi","7":"product_cat-gesunde-ernaehrung","8":"product_cat-gesundheit-und-wohlbefinden","9":"product_cat-vegane-produkte","11":"first","12":"outofstock","13":"taxable","14":"shipping-taxable","15":"purchasable","16":"product-type-simple"},"yoast_head":"<!-- This site is optimized with the Yoast SEO plugin v27.5 - https:\/\/yoast.com\/product\/yoast-seo-wordpress\/ -->\n<title>Sodium butyrate SR 960mg \u2013 Osavi | ecosupplements.ch<\/title>\n<meta name=\"description\" content=\"Osavi Sodium butyrate SR mit 960 mg pro Tagesportion in 60 veganen Kapseln \u2013 f\u00fcr eine gezielte Unterst\u00fctzung der Darmgesundheit. Jetzt bestellen.\" \/>\n<meta name=\"robots\" content=\"index, follow, max-snippet:-1, max-image-preview:large, max-video-preview:-1\" \/>\n<link rel=\"canonical\" href=\"https:\/\/ecosupplements.ch\/?product=sodium-butyrate-sr-960mg-60-vegan-caps\" \/>\n<meta property=\"og:locale\" content=\"de_DE\" \/>\n<meta property=\"og:type\" content=\"article\" \/>\n<meta property=\"og:title\" content=\"Sodium butyrate SR 960mg \u2013 Osavi | ecosupplements.ch\" \/>\n<meta property=\"og:description\" content=\"Osavi Sodium butyrate SR mit 960 mg pro Tagesportion in 60 veganen Kapseln \u2013 f\u00fcr eine gezielte Unterst\u00fctzung der Darmgesundheit. Jetzt bestellen.\" \/>\n<meta property=\"og:url\" content=\"https:\/\/ecosupplements.ch\/?product=sodium-butyrate-sr-960mg-60-vegan-caps\" \/>\n<meta property=\"og:site_name\" content=\"Eco Supplements\" \/>\n<meta property=\"article:modified_time\" content=\"2026-05-13T07:25:59+00:00\" \/>\n<meta property=\"og:image\" content=\"https:\/\/ecosupplements.ch\/wp-content\/uploads\/2026\/05\/Sodium-butyrate-SR-960mg-60-vegan-caps-scaled.png\" \/>\n\t<meta property=\"og:image:width\" content=\"1759\" \/>\n\t<meta property=\"og:image:height\" content=\"2560\" \/>\n\t<meta property=\"og:image:type\" content=\"image\/png\" \/>\n<meta name=\"twitter:card\" content=\"summary_large_image\" \/>\n<meta name=\"twitter:label1\" content=\"Price\" \/>\n\t<meta name=\"twitter:data1\" content=\"&#067;&#072;&#070;&nbsp;12.29\" \/>\n\t<meta name=\"twitter:label2\" content=\"Availability\" \/>\n\t<meta name=\"twitter:data2\" content=\"Out of stock\" \/>\n<script type=\"application\/ld+json\" class=\"yoast-schema-graph\">{\"@context\":\"https:\\\/\\\/schema.org\",\"@graph\":[{\"@type\":\"WebPage\",\"@id\":\"https:\\\/\\\/ecosupplements.ch\\\/?product=sodium-butyrate-sr-960mg-60-vegan-caps\",\"url\":\"https:\\\/\\\/ecosupplements.ch\\\/?product=sodium-butyrate-sr-960mg-60-vegan-caps\",\"name\":\"Sodium butyrate SR 960mg \u2013 Osavi | ecosupplements.ch\",\"isPartOf\":{\"@id\":\"https:\\\/\\\/ecosupplements.ch\\\/#website\"},\"primaryImageOfPage\":{\"@id\":\"https:\\\/\\\/ecosupplements.ch\\\/?product=sodium-butyrate-sr-960mg-60-vegan-caps#primaryimage\"},\"image\":{\"@id\":\"https:\\\/\\\/ecosupplements.ch\\\/?product=sodium-butyrate-sr-960mg-60-vegan-caps#primaryimage\"},\"thumbnailUrl\":\"https:\\\/\\\/ecosupplements.ch\\\/wp-content\\\/uploads\\\/2026\\\/05\\\/Sodium-butyrate-SR-960mg-60-vegan-caps-scaled.png\",\"datePublished\":\"2026-05-11T14:37:43+00:00\",\"dateModified\":\"2026-05-13T07:25:59+00:00\",\"description\":\"Osavi Sodium butyrate SR mit 960 mg pro Tagesportion in 60 veganen Kapseln \u2013 f\u00fcr eine gezielte Unterst\u00fctzung der Darmgesundheit. Jetzt bestellen.\",\"breadcrumb\":{\"@id\":\"https:\\\/\\\/ecosupplements.ch\\\/?product=sodium-butyrate-sr-960mg-60-vegan-caps#breadcrumb\"},\"inLanguage\":\"de-CH\",\"potentialAction\":[{\"@type\":\"ReadAction\",\"target\":[\"https:\\\/\\\/ecosupplements.ch\\\/?product=sodium-butyrate-sr-960mg-60-vegan-caps\"]}]},{\"@type\":\"ImageObject\",\"inLanguage\":\"de-CH\",\"@id\":\"https:\\\/\\\/ecosupplements.ch\\\/?product=sodium-butyrate-sr-960mg-60-vegan-caps#primaryimage\",\"url\":\"https:\\\/\\\/ecosupplements.ch\\\/wp-content\\\/uploads\\\/2026\\\/05\\\/Sodium-butyrate-SR-960mg-60-vegan-caps-scaled.png\",\"contentUrl\":\"https:\\\/\\\/ecosupplements.ch\\\/wp-content\\\/uploads\\\/2026\\\/05\\\/Sodium-butyrate-SR-960mg-60-vegan-caps-scaled.png\",\"width\":1759,\"height\":2560,\"caption\":\"Sodium butyrate SR\"},{\"@type\":\"BreadcrumbList\",\"@id\":\"https:\\\/\\\/ecosupplements.ch\\\/?product=sodium-butyrate-sr-960mg-60-vegan-caps#breadcrumb\",\"itemListElement\":[{\"@type\":\"ListItem\",\"position\":1,\"name\":\"Home\",\"item\":\"https:\\\/\\\/ecosupplements.ch\\\/\"},{\"@type\":\"ListItem\",\"position\":2,\"name\":\"Shop\",\"item\":\"https:\\\/\\\/ecosupplements.ch\\\/?page_id=14\"},{\"@type\":\"ListItem\",\"position\":3,\"name\":\"Sodium butyrate SR, 960mg &#8211; 60 vegan caps\"}]},{\"@type\":\"WebSite\",\"@id\":\"https:\\\/\\\/ecosupplements.ch\\\/#website\",\"url\":\"https:\\\/\\\/ecosupplements.ch\\\/\",\"name\":\"Eco Supplements\",\"description\":\"\",\"potentialAction\":[{\"@type\":\"SearchAction\",\"target\":{\"@type\":\"EntryPoint\",\"urlTemplate\":\"https:\\\/\\\/ecosupplements.ch\\\/?s={search_term_string}\"},\"query-input\":{\"@type\":\"PropertyValueSpecification\",\"valueRequired\":true,\"valueName\":\"search_term_string\"}}],\"inLanguage\":\"de-CH\"}]}<\/script>\n<meta property=\"product:price:amount\" content=\"12.29\" \/>\n<meta property=\"product:price:currency\" content=\"CHF\" \/>\n<meta property=\"og:availability\" content=\"out of stock\" \/>\n<meta property=\"product:availability\" content=\"out of stock\" \/>\n<meta property=\"product:retailer_item_id\" content=\"5904139924617\" \/>\n<meta property=\"product:condition\" content=\"new\" \/>\n<!-- \/ Yoast SEO plugin. -->","yoast_head_json":{"title":"Sodium butyrate SR 960mg \u2013 Osavi | ecosupplements.ch","description":"Osavi Sodium butyrate SR mit 960 mg pro Tagesportion in 60 veganen Kapseln \u2013 f\u00fcr eine gezielte Unterst\u00fctzung der Darmgesundheit. Jetzt bestellen.","robots":{"index":"index","follow":"follow","max-snippet":"max-snippet:-1","max-image-preview":"max-image-preview:large","max-video-preview":"max-video-preview:-1"},"canonical":"https:\/\/ecosupplements.ch\/?product=sodium-butyrate-sr-960mg-60-vegan-caps","og_locale":"de_DE","og_type":"article","og_title":"Sodium butyrate SR 960mg \u2013 Osavi | ecosupplements.ch","og_description":"Osavi Sodium butyrate SR mit 960 mg pro Tagesportion in 60 veganen Kapseln \u2013 f\u00fcr eine gezielte Unterst\u00fctzung der Darmgesundheit. Jetzt bestellen.","og_url":"https:\/\/ecosupplements.ch\/?product=sodium-butyrate-sr-960mg-60-vegan-caps","og_site_name":"Eco Supplements","article_modified_time":"2026-05-13T07:25:59+00:00","og_image":[{"width":1759,"height":2560,"url":"https:\/\/ecosupplements.ch\/wp-content\/uploads\/2026\/05\/Sodium-butyrate-SR-960mg-60-vegan-caps-scaled.png","type":"image\/png"}],"twitter_card":"summary_large_image","twitter_misc":{"Price":"&#67;&#72;&#70;&nbsp;12.29","Availability":"Out of stock"},"schema":{"@context":"https:\/\/schema.org","@graph":[{"@type":"WebPage","@id":"https:\/\/ecosupplements.ch\/?product=sodium-butyrate-sr-960mg-60-vegan-caps","url":"https:\/\/ecosupplements.ch\/?product=sodium-butyrate-sr-960mg-60-vegan-caps","name":"Sodium butyrate SR 960mg \u2013 Osavi | ecosupplements.ch","isPartOf":{"@id":"https:\/\/ecosupplements.ch\/#website"},"primaryImageOfPage":{"@id":"https:\/\/ecosupplements.ch\/?product=sodium-butyrate-sr-960mg-60-vegan-caps#primaryimage"},"image":{"@id":"https:\/\/ecosupplements.ch\/?product=sodium-butyrate-sr-960mg-60-vegan-caps#primaryimage"},"thumbnailUrl":"https:\/\/ecosupplements.ch\/wp-content\/uploads\/2026\/05\/Sodium-butyrate-SR-960mg-60-vegan-caps-scaled.png","datePublished":"2026-05-11T14:37:43+00:00","dateModified":"2026-05-13T07:25:59+00:00","description":"Osavi Sodium butyrate SR mit 960 mg pro Tagesportion in 60 veganen Kapseln \u2013 f\u00fcr eine gezielte Unterst\u00fctzung der Darmgesundheit. Jetzt bestellen.","breadcrumb":{"@id":"https:\/\/ecosupplements.ch\/?product=sodium-butyrate-sr-960mg-60-vegan-caps#breadcrumb"},"inLanguage":"de-CH","potentialAction":[{"@type":"ReadAction","target":["https:\/\/ecosupplements.ch\/?product=sodium-butyrate-sr-960mg-60-vegan-caps"]}]},{"@type":"ImageObject","inLanguage":"de-CH","@id":"https:\/\/ecosupplements.ch\/?product=sodium-butyrate-sr-960mg-60-vegan-caps#primaryimage","url":"https:\/\/ecosupplements.ch\/wp-content\/uploads\/2026\/05\/Sodium-butyrate-SR-960mg-60-vegan-caps-scaled.png","contentUrl":"https:\/\/ecosupplements.ch\/wp-content\/uploads\/2026\/05\/Sodium-butyrate-SR-960mg-60-vegan-caps-scaled.png","width":1759,"height":2560,"caption":"Sodium butyrate SR"},{"@type":"BreadcrumbList","@id":"https:\/\/ecosupplements.ch\/?product=sodium-butyrate-sr-960mg-60-vegan-caps#breadcrumb","itemListElement":[{"@type":"ListItem","position":1,"name":"Home","item":"https:\/\/ecosupplements.ch\/"},{"@type":"ListItem","position":2,"name":"Shop","item":"https:\/\/ecosupplements.ch\/?page_id=14"},{"@type":"ListItem","position":3,"name":"Sodium butyrate SR, 960mg &#8211; 60 vegan caps"}]},{"@type":"WebSite","@id":"https:\/\/ecosupplements.ch\/#website","url":"https:\/\/ecosupplements.ch\/","name":"Eco Supplements","description":"","potentialAction":[{"@type":"SearchAction","target":{"@type":"EntryPoint","urlTemplate":"https:\/\/ecosupplements.ch\/?s={search_term_string}"},"query-input":{"@type":"PropertyValueSpecification","valueRequired":true,"valueName":"search_term_string"}}],"inLanguage":"de-CH"}]},"product_price_amount":"12.29","product_price_currency":"CHF","og_availability":"out of stock","product_availability":"out of stock","product_retailer_item_id":"5904139924617","product_condition":"new"},"_links":{"self":[{"href":"https:\/\/ecosupplements.ch\/index.php?rest_route=\/wp\/v2\/product\/2452","targetHints":{"allow":["GET"]}}],"collection":[{"href":"https:\/\/ecosupplements.ch\/index.php?rest_route=\/wp\/v2\/product"}],"about":[{"href":"https:\/\/ecosupplements.ch\/index.php?rest_route=\/wp\/v2\/types\/product"}],"replies":[{"embeddable":true,"href":"https:\/\/ecosupplements.ch\/index.php?rest_route=%2Fwp%2Fv2%2Fcomments&post=2452"}],"wp:featuredmedia":[{"embeddable":true,"href":"https:\/\/ecosupplements.ch\/index.php?rest_route=\/wp\/v2\/media\/2453"}],"wp:attachment":[{"href":"https:\/\/ecosupplements.ch\/index.php?rest_route=%2Fwp%2Fv2%2Fmedia&parent=2452"}],"wp:term":[{"taxonomy":"product_brand","embeddable":true,"href":"https:\/\/ecosupplements.ch\/index.php?rest_route=%2Fwp%2Fv2%2Fproduct_brand&post=2452"},{"taxonomy":"product_cat","embeddable":true,"href":"https:\/\/ecosupplements.ch\/index.php?rest_route=%2Fwp%2Fv2%2Fproduct_cat&post=2452"},{"taxonomy":"product_tag","embeddable":true,"href":"https:\/\/ecosupplements.ch\/index.php?rest_route=%2Fwp%2Fv2%2Fproduct_tag&post=2452"}],"curies":[{"name":"wp","href":"https:\/\/api.w.org\/{rel}","templated":true}]}}