{"id":2458,"date":"2026-05-11T14:37:59","date_gmt":"2026-05-11T14:37:59","guid":{"rendered":"https:\/\/ecosupplements.ch\/?product=super-strong-omega-3-500-epa-250-dha-60-softgels"},"modified":"2026-05-13T07:25:39","modified_gmt":"2026-05-13T07:25:39","slug":"super-strong-omega-3-500-epa-250-dha-60-softgels","status":"publish","type":"product","link":"https:\/\/ecosupplements.ch\/?product=super-strong-omega-3-500-epa-250-dha-60-softgels","title":{"rendered":"Super Strong Omega 3, 500 EPA \/ 250 DHA &#8211; 60 softgels"},"content":{"rendered":"<div class=\"chcg-product-description\">\n<h2 class=\"chcg-heading\">\u00dcber Osavi \u2013 Super Strong Omega 3, 500 EPA \/ 250 DHA \u2013 60 Softgels<\/h2>\n<div class=\"chcg-intro\">\n<p>Osavi Super Strong Omega 3 liefert pro Tagesportion 1000 mg Fisch\u00f6l in Triglyceridform (TG 50\/25) mit einem hohen Reinheitsgehalt \u2013 davon mindestens 500 mg EPA (Eicosapentaens\u00e4ure) und 250 mg DHA (Docosahexaens\u00e4ure). Diese Konzentration \u00fcbertrifft viele herk\u00f6mmliche Omega-3-Pr\u00e4parate deutlich und eignet sich f\u00fcr alle, die gezielt auf eine hochdosierte Versorgung mit essentiellen Fetts\u00e4uren setzen.<\/p>\n<p>DHA tr\u00e4gt zur Erhaltung normaler Gehirnfunktion und normaler Sehkraft bei. EPA und DHA tragen zur normalen Herzfunktion bei. Der g\u00fcnstige Effekt wird mit einer t\u00e4glichen Aufnahme von 250 mg EPA und DHA erzielt. Das Fisch\u00f6l stammt aus pelagischen Fischen und wird in praktischen Softgels angeboten, die sich leicht in den Alltag integrieren lassen.<\/p>\n<p>Die Formel von Osavi \u00fcberzeugt durch ihre Einfachheit und Qualit\u00e4t: ohne unn\u00f6tige Zusatzstoffe, mit zugesetzten gemischten Tocopherolen als nat\u00fcrlichem Antioxidans zum Schutz des \u00d6ls. F\u00fcr alle, die eine zuverl\u00e4ssige und hochwertige Omega-3-Quelle suchen, ist dieses Produkt eine ausgezeichnete Wahl.<\/p>\n<\/p><\/div>\n<div class=\"chcg-nutrition\">\n<h3>N\u00e4hrwertangaben<\/h3>\n<table class=\"chcg-nutrition-table\">\n<thead>\n<tr>\n<th>N\u00e4hrstoff<\/th>\n<th>Pro Portion (1 Softgel)<\/th>\n<\/tr>\n<\/thead>\n<tbody>\n<tr>\n<td>Fisch\u00f6l (TG 50\/25)<\/td>\n<td>1000 mg<\/td>\n<\/tr>\n<tr>\n<td>\u2013 davon Omega-3-Fetts\u00e4uren min.<\/td>\n<td>800 mg<\/td>\n<\/tr>\n<tr>\n<td>\u2013 \u2013 EPA (Eicosapentaens\u00e4ure) min.<\/td>\n<td>500 mg<\/td>\n<\/tr>\n<tr>\n<td>\u2013 \u2013 DHA (Docosahexaens\u00e4ure) min.<\/td>\n<td>250 mg<\/td>\n<\/tr>\n<tr>\n<td>\u2013 \u2013 Andere Omega-3-Fetts\u00e4uren min.<\/td>\n<td>50 mg<\/td>\n<\/tr>\n<\/tbody>\n<\/table>\n<p class=\"chcg-footnote\">* Kein festgelegter Tagesbedarf.<\/p>\n<\/p><\/div>\n<div class=\"chcg-ingredients\">\n<h3>Zutaten<\/h3>\n<p>Fisch\u00f6l (TG 50\/25) (davon: Omega-3-Fetts\u00e4uren min., EPA (Eicosapentaens\u00e4ure) min., DHA (Docosahexaens\u00e4ure) min., andere Omega-3-Fetts\u00e4uren min.). Fisch\u00f6l aus pelagischen Fischen, H\u00fclle (Rindergelatine, Feuchthaltemittel: Glycerol, Wasser), Antioxidationsmittel: gemischte Tocopherole.<\/p>\n<p class=\"chcg-capsule-shell\">Kapselh\u00fclle: Rindergelatine, Feuchthaltemittel: Glycerol, Wasser<\/p>\n<\/p><\/div>\n<div class=\"chcg-dosage\">\n<h3>Verzehrempfehlung<\/h3>\n<p>1 Softgel pro Tag, zu einer Mahlzeit einnehmen.<\/p>\n<\/p><\/div>\n<div class=\"chcg-warnings\">\n<h3>Warnhinweise<\/h3>\n<p>Die empfohlene Tagesdosis nicht \u00fcberschreiten. Konsultieren Sie vor der Einnahme dieses Produkts Ihren Apotheker oder Arzt, wenn Sie schwanger werden m\u00f6chten, schwanger sind, stillen, unter \u00e4rztlicher Aufsicht stehen oder an Lebensmittelallergien leiden. Der g\u00fcnstige Effekt wird mit einer t\u00e4glichen Aufnahme von 250 mg EPA und DHA erzielt. Nahrungserg\u00e4nzungsmittel sind kein Ersatz f\u00fcr eine ausgewogene Ern\u00e4hrung. Eine abwechslungsreiche Ern\u00e4hrung und ein gesunder Lebensstil sollten zur Erhaltung der normalen Gesundheit beibehalten werden. Ausserhalb der Reichweite von Kleinkindern aufbewahren.<\/p>\n<\/p><\/div>\n<div class=\"chcg-allergens\">\n<h3>Allergeninformationen<\/h3>\n<p>Enth\u00e4lt Fisch (pelagische Fische, haupts\u00e4chlich Sardellen).<\/p>\n<\/p><\/div>\n<div class=\"chcg-storage\">\n<h3>Lagerung<\/h3>\n<p>An einem k\u00fchlen, trockenen und dunklen Ort aufbewahren, ausserhalb der Reichweite von Kindern.<\/p>\n<\/p><\/div>\n<div class=\"chcg-dietary\">\n<h3>Ern\u00e4hrungshinweise<\/h3>\n<ul>\n<li>Glutenfrei<\/li>\n<li>Laktosefrei<\/li>\n<\/ul><\/div>\n<\/div>\n","protected":false},"excerpt":{"rendered":"<p>Osavi Super Strong Omega 3 liefert pro Softgel mindestens 500 mg EPA und 250 mg DHA aus hochwertigem Fisch\u00f6l in Triglyceridform. 60 Softgels f\u00fcr eine t\u00e4gliche, hochdosierte Omega-3-Versorgung \u2013 glutenfrei und laktosefrei.<\/p>\n","protected":false},"featured_media":2459,"comment_status":"closed","ping_status":"open","template":"","meta":[],"product_brand":[219],"product_cat":[48,25,39,33,21],"product_tag":[],"class_list":{"0":"post-2458","1":"product","2":"type-product","3":"status-publish","4":"has-post-thumbnail","6":"product_brand-osavi","7":"product_cat-gesunde-ernaehrung","8":"product_cat-gesundheit-und-wohlbefinden","9":"product_cat-omega-und-fischoel","10":"product_cat-omega-fettsaeuren-essentielle-fettsaeuren-konjugierte-linolsaeure-oele","11":"product_cat-vitamine-und-mineralstoffe","13":"first","14":"outofstock","15":"taxable","16":"shipping-taxable","17":"purchasable","18":"product-type-simple"},"yoast_head":"<!-- This site is optimized with the Yoast SEO plugin v27.5 - https:\/\/yoast.com\/product\/yoast-seo-wordpress\/ -->\n<title>Super Strong Omega 3 500 EPA\/250 DHA \u2013 Osavi | ecosupplements.ch<\/title>\n<meta name=\"description\" content=\"Hochdosiertes Omega 3 mit 500 mg EPA und 250 mg DHA pro Softgel von Osavi \u2013 60 Softgels f\u00fcr die t\u00e4gliche Herzfunktion und Sehkraft. Jetzt bestellen.\" \/>\n<meta name=\"robots\" content=\"index, follow, max-snippet:-1, max-image-preview:large, max-video-preview:-1\" \/>\n<link rel=\"canonical\" href=\"https:\/\/ecosupplements.ch\/?product=super-strong-omega-3-500-epa-250-dha-60-softgels\" \/>\n<meta property=\"og:locale\" content=\"de_DE\" \/>\n<meta property=\"og:type\" content=\"article\" \/>\n<meta property=\"og:title\" content=\"Super Strong Omega 3 500 EPA\/250 DHA \u2013 Osavi | ecosupplements.ch\" \/>\n<meta property=\"og:description\" content=\"Hochdosiertes Omega 3 mit 500 mg EPA und 250 mg DHA pro Softgel von Osavi \u2013 60 Softgels f\u00fcr die t\u00e4gliche Herzfunktion und Sehkraft. Jetzt bestellen.\" \/>\n<meta property=\"og:url\" content=\"https:\/\/ecosupplements.ch\/?product=super-strong-omega-3-500-epa-250-dha-60-softgels\" \/>\n<meta property=\"og:site_name\" content=\"Eco Supplements\" \/>\n<meta property=\"article:modified_time\" content=\"2026-05-13T07:25:39+00:00\" \/>\n<meta property=\"og:image\" content=\"https:\/\/ecosupplements.ch\/wp-content\/uploads\/2026\/05\/Super-Strong-Omega-3-500-EPA-250-DHA-60-softgels.jpg\" \/>\n\t<meta property=\"og:image:width\" content=\"585\" \/>\n\t<meta property=\"og:image:height\" content=\"750\" \/>\n\t<meta property=\"og:image:type\" content=\"image\/jpeg\" \/>\n<meta name=\"twitter:card\" content=\"summary_large_image\" \/>\n<meta name=\"twitter:label1\" content=\"Price\" \/>\n\t<meta name=\"twitter:data1\" content=\"&#067;&#072;&#070;&nbsp;20.91\" \/>\n\t<meta name=\"twitter:label2\" content=\"Availability\" \/>\n\t<meta name=\"twitter:data2\" content=\"Out of stock\" \/>\n<script type=\"application\/ld+json\" class=\"yoast-schema-graph\">{\"@context\":\"https:\\\/\\\/schema.org\",\"@graph\":[{\"@type\":\"WebPage\",\"@id\":\"https:\\\/\\\/ecosupplements.ch\\\/?product=super-strong-omega-3-500-epa-250-dha-60-softgels\",\"url\":\"https:\\\/\\\/ecosupplements.ch\\\/?product=super-strong-omega-3-500-epa-250-dha-60-softgels\",\"name\":\"Super Strong Omega 3 500 EPA\\\/250 DHA \u2013 Osavi | ecosupplements.ch\",\"isPartOf\":{\"@id\":\"https:\\\/\\\/ecosupplements.ch\\\/#website\"},\"primaryImageOfPage\":{\"@id\":\"https:\\\/\\\/ecosupplements.ch\\\/?product=super-strong-omega-3-500-epa-250-dha-60-softgels#primaryimage\"},\"image\":{\"@id\":\"https:\\\/\\\/ecosupplements.ch\\\/?product=super-strong-omega-3-500-epa-250-dha-60-softgels#primaryimage\"},\"thumbnailUrl\":\"https:\\\/\\\/ecosupplements.ch\\\/wp-content\\\/uploads\\\/2026\\\/05\\\/Super-Strong-Omega-3-500-EPA-250-DHA-60-softgels.jpg\",\"datePublished\":\"2026-05-11T14:37:59+00:00\",\"dateModified\":\"2026-05-13T07:25:39+00:00\",\"description\":\"Hochdosiertes Omega 3 mit 500 mg EPA und 250 mg DHA pro Softgel von Osavi \u2013 60 Softgels f\u00fcr die t\u00e4gliche Herzfunktion und Sehkraft. Jetzt bestellen.\",\"breadcrumb\":{\"@id\":\"https:\\\/\\\/ecosupplements.ch\\\/?product=super-strong-omega-3-500-epa-250-dha-60-softgels#breadcrumb\"},\"inLanguage\":\"de-CH\",\"potentialAction\":[{\"@type\":\"ReadAction\",\"target\":[\"https:\\\/\\\/ecosupplements.ch\\\/?product=super-strong-omega-3-500-epa-250-dha-60-softgels\"]}]},{\"@type\":\"ImageObject\",\"inLanguage\":\"de-CH\",\"@id\":\"https:\\\/\\\/ecosupplements.ch\\\/?product=super-strong-omega-3-500-epa-250-dha-60-softgels#primaryimage\",\"url\":\"https:\\\/\\\/ecosupplements.ch\\\/wp-content\\\/uploads\\\/2026\\\/05\\\/Super-Strong-Omega-3-500-EPA-250-DHA-60-softgels.jpg\",\"contentUrl\":\"https:\\\/\\\/ecosupplements.ch\\\/wp-content\\\/uploads\\\/2026\\\/05\\\/Super-Strong-Omega-3-500-EPA-250-DHA-60-softgels.jpg\",\"width\":585,\"height\":750,\"caption\":\"Super Strong Omega 3\"},{\"@type\":\"BreadcrumbList\",\"@id\":\"https:\\\/\\\/ecosupplements.ch\\\/?product=super-strong-omega-3-500-epa-250-dha-60-softgels#breadcrumb\",\"itemListElement\":[{\"@type\":\"ListItem\",\"position\":1,\"name\":\"Home\",\"item\":\"https:\\\/\\\/ecosupplements.ch\\\/\"},{\"@type\":\"ListItem\",\"position\":2,\"name\":\"Shop\",\"item\":\"https:\\\/\\\/ecosupplements.ch\\\/?page_id=14\"},{\"@type\":\"ListItem\",\"position\":3,\"name\":\"Super Strong Omega 3, 500 EPA \\\/ 250 DHA &#8211; 60 softgels\"}]},{\"@type\":\"WebSite\",\"@id\":\"https:\\\/\\\/ecosupplements.ch\\\/#website\",\"url\":\"https:\\\/\\\/ecosupplements.ch\\\/\",\"name\":\"Eco Supplements\",\"description\":\"\",\"potentialAction\":[{\"@type\":\"SearchAction\",\"target\":{\"@type\":\"EntryPoint\",\"urlTemplate\":\"https:\\\/\\\/ecosupplements.ch\\\/?s={search_term_string}\"},\"query-input\":{\"@type\":\"PropertyValueSpecification\",\"valueRequired\":true,\"valueName\":\"search_term_string\"}}],\"inLanguage\":\"de-CH\"}]}<\/script>\n<meta property=\"product:price:amount\" content=\"20.91\" \/>\n<meta property=\"product:price:currency\" content=\"CHF\" \/>\n<meta property=\"og:availability\" content=\"out of stock\" \/>\n<meta property=\"product:availability\" content=\"out of stock\" \/>\n<meta property=\"product:retailer_item_id\" content=\"5904139924211\" \/>\n<meta property=\"product:condition\" content=\"new\" \/>\n<!-- \/ Yoast SEO plugin. -->","yoast_head_json":{"title":"Super Strong Omega 3 500 EPA\/250 DHA \u2013 Osavi | ecosupplements.ch","description":"Hochdosiertes Omega 3 mit 500 mg EPA und 250 mg DHA pro Softgel von Osavi \u2013 60 Softgels f\u00fcr die t\u00e4gliche Herzfunktion und Sehkraft. Jetzt bestellen.","robots":{"index":"index","follow":"follow","max-snippet":"max-snippet:-1","max-image-preview":"max-image-preview:large","max-video-preview":"max-video-preview:-1"},"canonical":"https:\/\/ecosupplements.ch\/?product=super-strong-omega-3-500-epa-250-dha-60-softgels","og_locale":"de_DE","og_type":"article","og_title":"Super Strong Omega 3 500 EPA\/250 DHA \u2013 Osavi | ecosupplements.ch","og_description":"Hochdosiertes Omega 3 mit 500 mg EPA und 250 mg DHA pro Softgel von Osavi \u2013 60 Softgels f\u00fcr die t\u00e4gliche Herzfunktion und Sehkraft. Jetzt bestellen.","og_url":"https:\/\/ecosupplements.ch\/?product=super-strong-omega-3-500-epa-250-dha-60-softgels","og_site_name":"Eco Supplements","article_modified_time":"2026-05-13T07:25:39+00:00","og_image":[{"width":585,"height":750,"url":"https:\/\/ecosupplements.ch\/wp-content\/uploads\/2026\/05\/Super-Strong-Omega-3-500-EPA-250-DHA-60-softgels.jpg","type":"image\/jpeg"}],"twitter_card":"summary_large_image","twitter_misc":{"Price":"&#67;&#72;&#70;&nbsp;20.91","Availability":"Out of stock"},"schema":{"@context":"https:\/\/schema.org","@graph":[{"@type":"WebPage","@id":"https:\/\/ecosupplements.ch\/?product=super-strong-omega-3-500-epa-250-dha-60-softgels","url":"https:\/\/ecosupplements.ch\/?product=super-strong-omega-3-500-epa-250-dha-60-softgels","name":"Super Strong Omega 3 500 EPA\/250 DHA \u2013 Osavi | ecosupplements.ch","isPartOf":{"@id":"https:\/\/ecosupplements.ch\/#website"},"primaryImageOfPage":{"@id":"https:\/\/ecosupplements.ch\/?product=super-strong-omega-3-500-epa-250-dha-60-softgels#primaryimage"},"image":{"@id":"https:\/\/ecosupplements.ch\/?product=super-strong-omega-3-500-epa-250-dha-60-softgels#primaryimage"},"thumbnailUrl":"https:\/\/ecosupplements.ch\/wp-content\/uploads\/2026\/05\/Super-Strong-Omega-3-500-EPA-250-DHA-60-softgels.jpg","datePublished":"2026-05-11T14:37:59+00:00","dateModified":"2026-05-13T07:25:39+00:00","description":"Hochdosiertes Omega 3 mit 500 mg EPA und 250 mg DHA pro Softgel von Osavi \u2013 60 Softgels f\u00fcr die t\u00e4gliche Herzfunktion und Sehkraft. Jetzt bestellen.","breadcrumb":{"@id":"https:\/\/ecosupplements.ch\/?product=super-strong-omega-3-500-epa-250-dha-60-softgels#breadcrumb"},"inLanguage":"de-CH","potentialAction":[{"@type":"ReadAction","target":["https:\/\/ecosupplements.ch\/?product=super-strong-omega-3-500-epa-250-dha-60-softgels"]}]},{"@type":"ImageObject","inLanguage":"de-CH","@id":"https:\/\/ecosupplements.ch\/?product=super-strong-omega-3-500-epa-250-dha-60-softgels#primaryimage","url":"https:\/\/ecosupplements.ch\/wp-content\/uploads\/2026\/05\/Super-Strong-Omega-3-500-EPA-250-DHA-60-softgels.jpg","contentUrl":"https:\/\/ecosupplements.ch\/wp-content\/uploads\/2026\/05\/Super-Strong-Omega-3-500-EPA-250-DHA-60-softgels.jpg","width":585,"height":750,"caption":"Super Strong Omega 3"},{"@type":"BreadcrumbList","@id":"https:\/\/ecosupplements.ch\/?product=super-strong-omega-3-500-epa-250-dha-60-softgels#breadcrumb","itemListElement":[{"@type":"ListItem","position":1,"name":"Home","item":"https:\/\/ecosupplements.ch\/"},{"@type":"ListItem","position":2,"name":"Shop","item":"https:\/\/ecosupplements.ch\/?page_id=14"},{"@type":"ListItem","position":3,"name":"Super Strong Omega 3, 500 EPA \/ 250 DHA &#8211; 60 softgels"}]},{"@type":"WebSite","@id":"https:\/\/ecosupplements.ch\/#website","url":"https:\/\/ecosupplements.ch\/","name":"Eco Supplements","description":"","potentialAction":[{"@type":"SearchAction","target":{"@type":"EntryPoint","urlTemplate":"https:\/\/ecosupplements.ch\/?s={search_term_string}"},"query-input":{"@type":"PropertyValueSpecification","valueRequired":true,"valueName":"search_term_string"}}],"inLanguage":"de-CH"}]},"product_price_amount":"20.91","product_price_currency":"CHF","og_availability":"out of stock","product_availability":"out of stock","product_retailer_item_id":"5904139924211","product_condition":"new"},"_links":{"self":[{"href":"https:\/\/ecosupplements.ch\/index.php?rest_route=\/wp\/v2\/product\/2458","targetHints":{"allow":["GET"]}}],"collection":[{"href":"https:\/\/ecosupplements.ch\/index.php?rest_route=\/wp\/v2\/product"}],"about":[{"href":"https:\/\/ecosupplements.ch\/index.php?rest_route=\/wp\/v2\/types\/product"}],"replies":[{"embeddable":true,"href":"https:\/\/ecosupplements.ch\/index.php?rest_route=%2Fwp%2Fv2%2Fcomments&post=2458"}],"wp:featuredmedia":[{"embeddable":true,"href":"https:\/\/ecosupplements.ch\/index.php?rest_route=\/wp\/v2\/media\/2459"}],"wp:attachment":[{"href":"https:\/\/ecosupplements.ch\/index.php?rest_route=%2Fwp%2Fv2%2Fmedia&parent=2458"}],"wp:term":[{"taxonomy":"product_brand","embeddable":true,"href":"https:\/\/ecosupplements.ch\/index.php?rest_route=%2Fwp%2Fv2%2Fproduct_brand&post=2458"},{"taxonomy":"product_cat","embeddable":true,"href":"https:\/\/ecosupplements.ch\/index.php?rest_route=%2Fwp%2Fv2%2Fproduct_cat&post=2458"},{"taxonomy":"product_tag","embeddable":true,"href":"https:\/\/ecosupplements.ch\/index.php?rest_route=%2Fwp%2Fv2%2Fproduct_tag&post=2458"}],"curies":[{"name":"wp","href":"https:\/\/api.w.org\/{rel}","templated":true}]}}