{"id":2462,"date":"2026-05-11T14:38:00","date_gmt":"2026-05-11T14:38:00","guid":{"rendered":"https:\/\/ecosupplements.ch\/?product=vitamin-b5-pantothenic-acid-200mg-180-vegan-caps"},"modified":"2026-05-13T07:23:37","modified_gmt":"2026-05-13T07:23:37","slug":"vitamin-b5-pantothenic-acid-200mg-180-vegan-caps","status":"publish","type":"product","link":"https:\/\/ecosupplements.ch\/?product=vitamin-b5-pantothenic-acid-200mg-180-vegan-caps","title":{"rendered":"Vitamin B5 Pantothenic Acid, 200mg &#8211; 180 vegan caps"},"content":{"rendered":"<div class=\"chcg-product-description\">\n<h2 class=\"chcg-heading\">\u00dcber Osavi \u2013 Vitamin B5 Pantothenic Acid, 200mg \u2013 180 vegane Kapseln<\/h2>\n<div class=\"chcg-intro\">\n<p>Vitamin B5, auch bekannt als Pantothens\u00e4ure, ist ein essenzielles wasserl\u00f6sliches B-Vitamin, das eine zentrale Rolle im Energiestoffwechsel des K\u00f6rpers spielt. Es tr\u00e4gt zur normalen Synthese und zum normalen Stoffwechsel von Steroidhormonen, Vitamin D und einigen Neurotransmittern bei und unterst\u00fctzt die normale geistige Leistungsf\u00e4higkeit sowie die Verringerung von M\u00fcdigkeit und Ersch\u00f6pfung.<\/p>\n<p>Jede Kapsel von Osavi liefert 200 mg Pantothens\u00e4ure in Form von Calcium-D-Pantothenat \u2013 einer gut vertr\u00e4glichen und bioverf\u00fcgbaren Form des Vitamins. Die hochdosierte Formulierung deckt 3333 % des Tagesbedarfs und eignet sich f\u00fcr Personen, die eine gezielte Versorgung mit Vitamin B5 anstreben.<\/p>\n<p>Die veganen Kapseln aus Hydroxypropylmethylcellulose (HPMC) sind frei von tierischen Bestandteilen und enthalten Inulin als pflanzliches F\u00fcllmittel. Das Produkt ist glutenfrei, laktosefrei, sojafrei und ohne gentechnisch ver\u00e4nderte Organismen hergestellt \u2013 ideal f\u00fcr anspruchsvolle Ern\u00e4hrungsweisen.<\/p>\n<\/p><\/div>\n<div class=\"chcg-nutrition\">\n<h3>N\u00e4hrwertangaben<\/h3>\n<table class=\"chcg-nutrition-table\">\n<thead>\n<tr>\n<th>N\u00e4hrstoff<\/th>\n<th>Pro Portion (1 Kapsel)<\/th>\n<\/tr>\n<\/thead>\n<tbody>\n<tr>\n<td>Pantothens\u00e4ure (Calcium-D-Pantothenat)<\/td>\n<td>200 mg (3333 % NRV)<\/td>\n<\/tr>\n<\/tbody>\n<\/table><\/div>\n<div class=\"chcg-ingredients\">\n<h3>Zutaten<\/h3>\n<p>Pantothens\u00e4ure (Calcium-D-Pantothenat), Calcium-D-Pantothenat, Inulin, H\u00fclle (Hydroxypropylmethylcellulose).<\/p>\n<p class=\"chcg-capsule-shell\">Kapselh\u00fclle: Hydroxypropylmethylcellulose (HPMC)<\/p>\n<\/p><\/div>\n<div class=\"chcg-dosage\">\n<h3>Verzehrempfehlung<\/h3>\n<p>T\u00e4glich 1 Kapsel am Morgen einnehmen. Mit einem Glas Wasser schlucken.<\/p>\n<\/p><\/div>\n<div class=\"chcg-warnings\">\n<h3>Warnhinweise<\/h3>\n<p>Die empfohlene Tagesdosis sollte nicht \u00fcberschritten werden. Nahrungserg\u00e4nzungsmittel sollten nicht als Ersatz f\u00fcr eine ausgewogene Ern\u00e4hrung verwendet werden. Eine abwechslungsreiche Ern\u00e4hrung und ein gesunder Lebensstil sind wichtig, um die normale Gesundheit zu erhalten. Ausserhalb der Reichweite von kleinen Kindern aufbewahren.<\/p>\n<\/p><\/div>\n<div class=\"chcg-allergens\">\n<h3>Allergeninformationen<\/h3>\n<p>Keine Allergene deklariert. Das Produkt ist glutenfrei, laktosefrei, sojafrei und frei von gentechnisch ver\u00e4nderten Organismen (GVO-frei).<\/p>\n<\/p><\/div>\n<div class=\"chcg-storage\">\n<h3>Lagerung<\/h3>\n<p>An einem dunklen und trockenen Ort bei Raumtemperatur lagern. Ausserhalb der Reichweite von kleinen Kindern aufbewahren.<\/p>\n<\/p><\/div>\n<div class=\"chcg-dietary\">\n<h3>Ern\u00e4hrungshinweise<\/h3>\n<ul>\n<li>Vegan<\/li>\n<li>Vegetarisch<\/li>\n<li>Glutenfrei<\/li>\n<li>Laktosefrei<\/li>\n<\/ul><\/div>\n<\/div>\n","protected":false},"excerpt":{"rendered":"<p>Osavi Vitamin B5 Pantothenic Acid liefert 200 mg Pantothens\u00e4ure pro veganer Kapsel und unterst\u00fctzt den normalen Energiestoffwechsel sowie die Verringerung von M\u00fcdigkeit. 180 vegane Kapseln pro Packung, glutenfrei und laktosefrei.<\/p>\n","protected":false},"featured_media":2463,"comment_status":"closed","ping_status":"open","template":"","meta":[],"product_brand":[219],"product_cat":[125,27,48,25,26,22,28,21],"product_tag":[],"class_list":{"0":"post-2462","1":"product","2":"type-product","3":"status-publish","4":"has-post-thumbnail","6":"product_brand-osavi","7":"product_cat-b5","8":"product_cat-einige-vitamine","9":"product_cat-gesunde-ernaehrung","10":"product_cat-gesundheit-und-wohlbefinden","11":"product_cat-multivitamine","12":"product_cat-vegane-produkte","13":"product_cat-vitamin-b","14":"product_cat-vitamine-und-mineralstoffe","16":"first","17":"outofstock","18":"taxable","19":"shipping-taxable","20":"purchasable","21":"product-type-simple"},"yoast_head":"<!-- This site is optimized with the Yoast SEO plugin v27.5 - https:\/\/yoast.com\/product\/yoast-seo-wordpress\/ -->\n<title>Vitamin B5 Pantothenic Acid 200mg \u2013 Osavi | ecosupplements.ch<\/title>\n<meta name=\"description\" content=\"Osavi Vitamin B5 Pantothens\u00e4ure, 200 mg pro veganer Kapsel, 180 St\u00fcck \u2013 f\u00fcr normalen Energiestoffwechsel und weniger M\u00fcdigkeit. Jetzt bestellen.\" \/>\n<meta name=\"robots\" content=\"index, follow, max-snippet:-1, max-image-preview:large, max-video-preview:-1\" \/>\n<link rel=\"canonical\" href=\"https:\/\/ecosupplements.ch\/?product=vitamin-b5-pantothenic-acid-200mg-180-vegan-caps\" \/>\n<meta property=\"og:locale\" content=\"de_DE\" \/>\n<meta property=\"og:type\" content=\"article\" \/>\n<meta property=\"og:title\" content=\"Vitamin B5 Pantothenic Acid 200mg \u2013 Osavi | ecosupplements.ch\" \/>\n<meta property=\"og:description\" content=\"Osavi Vitamin B5 Pantothens\u00e4ure, 200 mg pro veganer Kapsel, 180 St\u00fcck \u2013 f\u00fcr normalen Energiestoffwechsel und weniger M\u00fcdigkeit. Jetzt bestellen.\" \/>\n<meta property=\"og:url\" content=\"https:\/\/ecosupplements.ch\/?product=vitamin-b5-pantothenic-acid-200mg-180-vegan-caps\" \/>\n<meta property=\"og:site_name\" content=\"Eco Supplements\" \/>\n<meta property=\"article:modified_time\" content=\"2026-05-13T07:23:37+00:00\" \/>\n<meta property=\"og:image\" content=\"https:\/\/ecosupplements.ch\/wp-content\/uploads\/2026\/05\/Vitamin-B5-Pantothenic-Acid-200mg-180-vegan-caps.png\" \/>\n\t<meta property=\"og:image:width\" content=\"477\" \/>\n\t<meta property=\"og:image:height\" content=\"750\" \/>\n\t<meta property=\"og:image:type\" content=\"image\/png\" \/>\n<meta name=\"twitter:card\" content=\"summary_large_image\" \/>\n<meta name=\"twitter:label1\" content=\"Price\" \/>\n\t<meta name=\"twitter:data1\" content=\"&#067;&#072;&#070;&nbsp;12.71\" \/>\n\t<meta name=\"twitter:label2\" content=\"Availability\" \/>\n\t<meta name=\"twitter:data2\" content=\"Out of stock\" \/>\n<script type=\"application\/ld+json\" class=\"yoast-schema-graph\">{\"@context\":\"https:\\\/\\\/schema.org\",\"@graph\":[{\"@type\":\"WebPage\",\"@id\":\"https:\\\/\\\/ecosupplements.ch\\\/?product=vitamin-b5-pantothenic-acid-200mg-180-vegan-caps\",\"url\":\"https:\\\/\\\/ecosupplements.ch\\\/?product=vitamin-b5-pantothenic-acid-200mg-180-vegan-caps\",\"name\":\"Vitamin B5 Pantothenic Acid 200mg \u2013 Osavi | ecosupplements.ch\",\"isPartOf\":{\"@id\":\"https:\\\/\\\/ecosupplements.ch\\\/#website\"},\"primaryImageOfPage\":{\"@id\":\"https:\\\/\\\/ecosupplements.ch\\\/?product=vitamin-b5-pantothenic-acid-200mg-180-vegan-caps#primaryimage\"},\"image\":{\"@id\":\"https:\\\/\\\/ecosupplements.ch\\\/?product=vitamin-b5-pantothenic-acid-200mg-180-vegan-caps#primaryimage\"},\"thumbnailUrl\":\"https:\\\/\\\/ecosupplements.ch\\\/wp-content\\\/uploads\\\/2026\\\/05\\\/Vitamin-B5-Pantothenic-Acid-200mg-180-vegan-caps.png\",\"datePublished\":\"2026-05-11T14:38:00+00:00\",\"dateModified\":\"2026-05-13T07:23:37+00:00\",\"description\":\"Osavi Vitamin B5 Pantothens\u00e4ure, 200 mg pro veganer Kapsel, 180 St\u00fcck \u2013 f\u00fcr normalen Energiestoffwechsel und weniger M\u00fcdigkeit. Jetzt bestellen.\",\"breadcrumb\":{\"@id\":\"https:\\\/\\\/ecosupplements.ch\\\/?product=vitamin-b5-pantothenic-acid-200mg-180-vegan-caps#breadcrumb\"},\"inLanguage\":\"de-CH\",\"potentialAction\":[{\"@type\":\"ReadAction\",\"target\":[\"https:\\\/\\\/ecosupplements.ch\\\/?product=vitamin-b5-pantothenic-acid-200mg-180-vegan-caps\"]}]},{\"@type\":\"ImageObject\",\"inLanguage\":\"de-CH\",\"@id\":\"https:\\\/\\\/ecosupplements.ch\\\/?product=vitamin-b5-pantothenic-acid-200mg-180-vegan-caps#primaryimage\",\"url\":\"https:\\\/\\\/ecosupplements.ch\\\/wp-content\\\/uploads\\\/2026\\\/05\\\/Vitamin-B5-Pantothenic-Acid-200mg-180-vegan-caps.png\",\"contentUrl\":\"https:\\\/\\\/ecosupplements.ch\\\/wp-content\\\/uploads\\\/2026\\\/05\\\/Vitamin-B5-Pantothenic-Acid-200mg-180-vegan-caps.png\",\"width\":477,\"height\":750,\"caption\":\"Vitamin B5 Pantothenic Acid\"},{\"@type\":\"BreadcrumbList\",\"@id\":\"https:\\\/\\\/ecosupplements.ch\\\/?product=vitamin-b5-pantothenic-acid-200mg-180-vegan-caps#breadcrumb\",\"itemListElement\":[{\"@type\":\"ListItem\",\"position\":1,\"name\":\"Home\",\"item\":\"https:\\\/\\\/ecosupplements.ch\\\/\"},{\"@type\":\"ListItem\",\"position\":2,\"name\":\"Shop\",\"item\":\"https:\\\/\\\/ecosupplements.ch\\\/?page_id=14\"},{\"@type\":\"ListItem\",\"position\":3,\"name\":\"Vitamin B5 Pantothenic Acid, 200mg &#8211; 180 vegan caps\"}]},{\"@type\":\"WebSite\",\"@id\":\"https:\\\/\\\/ecosupplements.ch\\\/#website\",\"url\":\"https:\\\/\\\/ecosupplements.ch\\\/\",\"name\":\"Eco Supplements\",\"description\":\"\",\"potentialAction\":[{\"@type\":\"SearchAction\",\"target\":{\"@type\":\"EntryPoint\",\"urlTemplate\":\"https:\\\/\\\/ecosupplements.ch\\\/?s={search_term_string}\"},\"query-input\":{\"@type\":\"PropertyValueSpecification\",\"valueRequired\":true,\"valueName\":\"search_term_string\"}}],\"inLanguage\":\"de-CH\"}]}<\/script>\n<meta property=\"product:price:amount\" content=\"12.71\" \/>\n<meta property=\"product:price:currency\" content=\"CHF\" \/>\n<meta property=\"og:availability\" content=\"out of stock\" \/>\n<meta property=\"product:availability\" content=\"out of stock\" \/>\n<meta property=\"product:retailer_item_id\" content=\"5904139921180\" \/>\n<meta property=\"product:condition\" content=\"new\" \/>\n<!-- \/ Yoast SEO plugin. -->","yoast_head_json":{"title":"Vitamin B5 Pantothenic Acid 200mg \u2013 Osavi | ecosupplements.ch","description":"Osavi Vitamin B5 Pantothens\u00e4ure, 200 mg pro veganer Kapsel, 180 St\u00fcck \u2013 f\u00fcr normalen Energiestoffwechsel und weniger M\u00fcdigkeit. Jetzt bestellen.","robots":{"index":"index","follow":"follow","max-snippet":"max-snippet:-1","max-image-preview":"max-image-preview:large","max-video-preview":"max-video-preview:-1"},"canonical":"https:\/\/ecosupplements.ch\/?product=vitamin-b5-pantothenic-acid-200mg-180-vegan-caps","og_locale":"de_DE","og_type":"article","og_title":"Vitamin B5 Pantothenic Acid 200mg \u2013 Osavi | ecosupplements.ch","og_description":"Osavi Vitamin B5 Pantothens\u00e4ure, 200 mg pro veganer Kapsel, 180 St\u00fcck \u2013 f\u00fcr normalen Energiestoffwechsel und weniger M\u00fcdigkeit. Jetzt bestellen.","og_url":"https:\/\/ecosupplements.ch\/?product=vitamin-b5-pantothenic-acid-200mg-180-vegan-caps","og_site_name":"Eco Supplements","article_modified_time":"2026-05-13T07:23:37+00:00","og_image":[{"width":477,"height":750,"url":"https:\/\/ecosupplements.ch\/wp-content\/uploads\/2026\/05\/Vitamin-B5-Pantothenic-Acid-200mg-180-vegan-caps.png","type":"image\/png"}],"twitter_card":"summary_large_image","twitter_misc":{"Price":"&#67;&#72;&#70;&nbsp;12.71","Availability":"Out of stock"},"schema":{"@context":"https:\/\/schema.org","@graph":[{"@type":"WebPage","@id":"https:\/\/ecosupplements.ch\/?product=vitamin-b5-pantothenic-acid-200mg-180-vegan-caps","url":"https:\/\/ecosupplements.ch\/?product=vitamin-b5-pantothenic-acid-200mg-180-vegan-caps","name":"Vitamin B5 Pantothenic Acid 200mg \u2013 Osavi | ecosupplements.ch","isPartOf":{"@id":"https:\/\/ecosupplements.ch\/#website"},"primaryImageOfPage":{"@id":"https:\/\/ecosupplements.ch\/?product=vitamin-b5-pantothenic-acid-200mg-180-vegan-caps#primaryimage"},"image":{"@id":"https:\/\/ecosupplements.ch\/?product=vitamin-b5-pantothenic-acid-200mg-180-vegan-caps#primaryimage"},"thumbnailUrl":"https:\/\/ecosupplements.ch\/wp-content\/uploads\/2026\/05\/Vitamin-B5-Pantothenic-Acid-200mg-180-vegan-caps.png","datePublished":"2026-05-11T14:38:00+00:00","dateModified":"2026-05-13T07:23:37+00:00","description":"Osavi Vitamin B5 Pantothens\u00e4ure, 200 mg pro veganer Kapsel, 180 St\u00fcck \u2013 f\u00fcr normalen Energiestoffwechsel und weniger M\u00fcdigkeit. Jetzt bestellen.","breadcrumb":{"@id":"https:\/\/ecosupplements.ch\/?product=vitamin-b5-pantothenic-acid-200mg-180-vegan-caps#breadcrumb"},"inLanguage":"de-CH","potentialAction":[{"@type":"ReadAction","target":["https:\/\/ecosupplements.ch\/?product=vitamin-b5-pantothenic-acid-200mg-180-vegan-caps"]}]},{"@type":"ImageObject","inLanguage":"de-CH","@id":"https:\/\/ecosupplements.ch\/?product=vitamin-b5-pantothenic-acid-200mg-180-vegan-caps#primaryimage","url":"https:\/\/ecosupplements.ch\/wp-content\/uploads\/2026\/05\/Vitamin-B5-Pantothenic-Acid-200mg-180-vegan-caps.png","contentUrl":"https:\/\/ecosupplements.ch\/wp-content\/uploads\/2026\/05\/Vitamin-B5-Pantothenic-Acid-200mg-180-vegan-caps.png","width":477,"height":750,"caption":"Vitamin B5 Pantothenic Acid"},{"@type":"BreadcrumbList","@id":"https:\/\/ecosupplements.ch\/?product=vitamin-b5-pantothenic-acid-200mg-180-vegan-caps#breadcrumb","itemListElement":[{"@type":"ListItem","position":1,"name":"Home","item":"https:\/\/ecosupplements.ch\/"},{"@type":"ListItem","position":2,"name":"Shop","item":"https:\/\/ecosupplements.ch\/?page_id=14"},{"@type":"ListItem","position":3,"name":"Vitamin B5 Pantothenic Acid, 200mg &#8211; 180 vegan caps"}]},{"@type":"WebSite","@id":"https:\/\/ecosupplements.ch\/#website","url":"https:\/\/ecosupplements.ch\/","name":"Eco Supplements","description":"","potentialAction":[{"@type":"SearchAction","target":{"@type":"EntryPoint","urlTemplate":"https:\/\/ecosupplements.ch\/?s={search_term_string}"},"query-input":{"@type":"PropertyValueSpecification","valueRequired":true,"valueName":"search_term_string"}}],"inLanguage":"de-CH"}]},"product_price_amount":"12.71","product_price_currency":"CHF","og_availability":"out of stock","product_availability":"out of stock","product_retailer_item_id":"5904139921180","product_condition":"new"},"_links":{"self":[{"href":"https:\/\/ecosupplements.ch\/index.php?rest_route=\/wp\/v2\/product\/2462","targetHints":{"allow":["GET"]}}],"collection":[{"href":"https:\/\/ecosupplements.ch\/index.php?rest_route=\/wp\/v2\/product"}],"about":[{"href":"https:\/\/ecosupplements.ch\/index.php?rest_route=\/wp\/v2\/types\/product"}],"replies":[{"embeddable":true,"href":"https:\/\/ecosupplements.ch\/index.php?rest_route=%2Fwp%2Fv2%2Fcomments&post=2462"}],"wp:featuredmedia":[{"embeddable":true,"href":"https:\/\/ecosupplements.ch\/index.php?rest_route=\/wp\/v2\/media\/2463"}],"wp:attachment":[{"href":"https:\/\/ecosupplements.ch\/index.php?rest_route=%2Fwp%2Fv2%2Fmedia&parent=2462"}],"wp:term":[{"taxonomy":"product_brand","embeddable":true,"href":"https:\/\/ecosupplements.ch\/index.php?rest_route=%2Fwp%2Fv2%2Fproduct_brand&post=2462"},{"taxonomy":"product_cat","embeddable":true,"href":"https:\/\/ecosupplements.ch\/index.php?rest_route=%2Fwp%2Fv2%2Fproduct_cat&post=2462"},{"taxonomy":"product_tag","embeddable":true,"href":"https:\/\/ecosupplements.ch\/index.php?rest_route=%2Fwp%2Fv2%2Fproduct_tag&post=2462"}],"curies":[{"name":"wp","href":"https:\/\/api.w.org\/{rel}","templated":true}]}}