{"id":2464,"date":"2026-05-11T14:38:01","date_gmt":"2026-05-11T14:38:01","guid":{"rendered":"https:\/\/ecosupplements.ch\/?product=vitamin-b6-p-5-p-30mg-120-vegan-caps"},"modified":"2026-05-13T07:25:31","modified_gmt":"2026-05-13T07:25:31","slug":"vitamin-b6-p-5-p-30mg-120-vegan-caps","status":"publish","type":"product","link":"https:\/\/ecosupplements.ch\/?product=vitamin-b6-p-5-p-30mg-120-vegan-caps","title":{"rendered":"Vitamin B6 &#8211; P-5-P, 30mg &#8211; 120 vegan caps"},"content":{"rendered":"<div class=\"chcg-product-description\">\n<h2 class=\"chcg-heading\">\u00dcber Osavi \u2013 Vitamin B6 \u2013 P-5-P, 30mg \u2013 120 vegane Kapseln<\/h2>\n<div class=\"chcg-intro\">\n<p>Vitamin B6 in der bioaktiven Form Pyridoxal-5&#8242;-phosphat (P-5-P) von Osavi liefert pro Kapsel 18 mg Vitamin B6 \u2013 das entspricht 1286 % des Tagesbedarfs. P-5-P ist die direkt verwertbare Coenzymform von Vitamin B6 und muss vom K\u00f6rper nicht erst umgewandelt werden, was sie von herk\u00f6mmlichen Vitamin-B6-Formen unterscheidet.<\/p>\n<p>Vitamin B6 tr\u00e4gt zur normalen Funktion des Nervensystems und des Immunsystems bei, unterst\u00fctzt den normalen Energiestoffwechsel und hilft, M\u00fcdigkeit und Ersch\u00f6pfung zu verringern. Zudem tr\u00e4gt es zur normalen psychischen Funktion sowie zur Regulierung der Hormont\u00e4tigkeit bei.<\/p>\n<p>Die veganen Kapseln von Osavi sind frei von Gluten, Laktose und Soja und werden ohne gentechnisch ver\u00e4nderte Organismen (GMO) hergestellt. Das Produkt eignet sich sowohl f\u00fcr Veganer als auch f\u00fcr Vegetarier.<\/p>\n<\/p><\/div>\n<div class=\"chcg-nutrition\">\n<h3>N\u00e4hrwertangaben<\/h3>\n<table class=\"chcg-nutrition-table\">\n<thead>\n<tr>\n<th>N\u00e4hrstoff<\/th>\n<th>Pro Portion (1 Kapsel)<\/th>\n<\/tr>\n<\/thead>\n<tbody>\n<tr>\n<td>Pyridoxal-5&#8242;-phosphat (P-5-P)<\/td>\n<td>30 mg*<\/td>\n<\/tr>\n<tr>\n<td>\u2013 davon Vitamin B6<\/td>\n<td>18 mg (1286% NRV)<\/td>\n<\/tr>\n<\/tbody>\n<\/table>\n<p class=\"chcg-footnote\">* Kein festgelegter Tagesbedarf (NRV) vorhanden.<\/p>\n<\/p><\/div>\n<div class=\"chcg-ingredients\">\n<h3>Zutaten<\/h3>\n<p>Pyridoxal-5&#8242;-phosphat (P-5-P) (davon Vitamin B6), Inulin, Pyridoxal-5&#8242;-phosphat.<\/p>\n<p class=\"chcg-capsule-shell\">Kapselh\u00fclle: Hydroxypropylmethylcellulose (HPMC)<\/p>\n<\/p><\/div>\n<div class=\"chcg-dosage\">\n<h3>Verzehrempfehlung<\/h3>\n<p>1 Kapsel t\u00e4glich, morgens einnehmen.<\/p>\n<\/p><\/div>\n<div class=\"chcg-warnings\">\n<h3>Warnhinweise<\/h3>\n<p>Die empfohlene Tagesdosis sollte nicht \u00fcberschritten werden. Eine langfristige Einnahme kann zu leichtem Kribbeln und Taubheitsgef\u00fchl f\u00fchren. Konsultieren Sie vor der Einnahme dieses Produkts Ihren Apotheker oder Arzt, wenn Sie schwanger werden m\u00f6chten, schwanger sind, stillen, unter \u00e4rztlicher Aufsicht stehen oder an Lebensmittelallergien leiden. Nahrungserg\u00e4nzungsmittel sollten nicht als Ersatz f\u00fcr eine ausgewogene Ern\u00e4hrung verwendet werden. Eine abwechslungsreiche Ern\u00e4hrung und ein gesunder Lebensstil tragen dazu bei, die normale Gesundheit zu erhalten.<\/p>\n<\/p><\/div>\n<div class=\"chcg-allergens\">\n<h3>Allergeninformationen<\/h3>\n<p>Keine Allergene deklariert. Das Produkt ist glutenfrei, laktosefrei und sojafreiund enth\u00e4lt keine gentechnisch ver\u00e4nderten Organismen (GMO-frei).<\/p>\n<\/p><\/div>\n<div class=\"chcg-storage\">\n<h3>Lagerung<\/h3>\n<p>An einem dunklen und trockenen Ort bei Raumtemperatur lagern. Ausserhalb der Reichweite von kleinen Kindern aufbewahren.<\/p>\n<\/p><\/div>\n<div class=\"chcg-dietary\">\n<h3>Ern\u00e4hrungshinweise<\/h3>\n<ul>\n<li>Vegan<\/li>\n<li>Vegetarisch<\/li>\n<li>Glutenfrei<\/li>\n<li>Laktosefrei<\/li>\n<\/ul><\/div>\n<\/div>\n","protected":false},"excerpt":{"rendered":"<p>Osavi Vitamin B6 als bioaktives P-5-P (30 mg) unterst\u00fctzt Nervensystem, Immunsystem und Energiestoffwechsel. 120 vegane Kapseln, glutenfrei und laktosefrei.<\/p>\n","protected":false},"featured_media":2465,"comment_status":"closed","ping_status":"open","template":"","meta":[],"product_brand":[219],"product_cat":[122,27,48,25,28,29,171,21],"product_tag":[],"class_list":{"0":"post-2464","1":"product","2":"type-product","3":"status-publish","4":"has-post-thumbnail","6":"product_brand-osavi","7":"product_cat-b6","8":"product_cat-einige-vitamine","9":"product_cat-gesunde-ernaehrung","10":"product_cat-gesundheit-und-wohlbefinden","11":"product_cat-vitamin-b","12":"product_cat-vitamin-c","13":"product_cat-vitamine-und-mineralien","14":"product_cat-vitamine-und-mineralstoffe","16":"first","17":"outofstock","18":"taxable","19":"shipping-taxable","20":"purchasable","21":"product-type-simple"},"yoast_head":"<!-- This site is optimized with the Yoast SEO plugin v27.5 - https:\/\/yoast.com\/product\/yoast-seo-wordpress\/ -->\n<title>Vitamin B6 P-5-P 30mg \u2013 Osavi | ecosupplements.ch<\/title>\n<meta name=\"description\" content=\"Bioaktives Vitamin B6 als P-5-P von Osavi \u2013 120 vegane Kapseln f\u00fcr Nervensystem und Energiestoffwechsel. Glutenfrei, laktosefrei. Jetzt bestellen.\" \/>\n<meta name=\"robots\" content=\"index, follow, max-snippet:-1, max-image-preview:large, max-video-preview:-1\" \/>\n<link rel=\"canonical\" href=\"https:\/\/ecosupplements.ch\/?product=vitamin-b6-p-5-p-30mg-120-vegan-caps\" \/>\n<meta property=\"og:locale\" content=\"de_DE\" \/>\n<meta property=\"og:type\" content=\"article\" \/>\n<meta property=\"og:title\" content=\"Vitamin B6 P-5-P 30mg \u2013 Osavi | ecosupplements.ch\" \/>\n<meta property=\"og:description\" content=\"Bioaktives Vitamin B6 als P-5-P von Osavi \u2013 120 vegane Kapseln f\u00fcr Nervensystem und Energiestoffwechsel. Glutenfrei, laktosefrei. Jetzt bestellen.\" \/>\n<meta property=\"og:url\" content=\"https:\/\/ecosupplements.ch\/?product=vitamin-b6-p-5-p-30mg-120-vegan-caps\" \/>\n<meta property=\"og:site_name\" content=\"Eco Supplements\" \/>\n<meta property=\"article:modified_time\" content=\"2026-05-13T07:25:31+00:00\" \/>\n<meta property=\"og:image\" content=\"https:\/\/ecosupplements.ch\/wp-content\/uploads\/2026\/05\/Vitamin-B6-P-5-P-30mg-120-vegan-caps.jpg\" \/>\n\t<meta property=\"og:image:width\" content=\"558\" \/>\n\t<meta property=\"og:image:height\" content=\"750\" \/>\n\t<meta property=\"og:image:type\" content=\"image\/jpeg\" \/>\n<meta name=\"twitter:card\" content=\"summary_large_image\" \/>\n<meta name=\"twitter:label1\" content=\"Price\" \/>\n\t<meta name=\"twitter:data1\" content=\"&#067;&#072;&#070;&nbsp;11.09\" \/>\n\t<meta name=\"twitter:label2\" content=\"Availability\" \/>\n\t<meta name=\"twitter:data2\" content=\"Out of stock\" \/>\n<script type=\"application\/ld+json\" class=\"yoast-schema-graph\">{\"@context\":\"https:\\\/\\\/schema.org\",\"@graph\":[{\"@type\":\"WebPage\",\"@id\":\"https:\\\/\\\/ecosupplements.ch\\\/?product=vitamin-b6-p-5-p-30mg-120-vegan-caps\",\"url\":\"https:\\\/\\\/ecosupplements.ch\\\/?product=vitamin-b6-p-5-p-30mg-120-vegan-caps\",\"name\":\"Vitamin B6 P-5-P 30mg \u2013 Osavi | ecosupplements.ch\",\"isPartOf\":{\"@id\":\"https:\\\/\\\/ecosupplements.ch\\\/#website\"},\"primaryImageOfPage\":{\"@id\":\"https:\\\/\\\/ecosupplements.ch\\\/?product=vitamin-b6-p-5-p-30mg-120-vegan-caps#primaryimage\"},\"image\":{\"@id\":\"https:\\\/\\\/ecosupplements.ch\\\/?product=vitamin-b6-p-5-p-30mg-120-vegan-caps#primaryimage\"},\"thumbnailUrl\":\"https:\\\/\\\/ecosupplements.ch\\\/wp-content\\\/uploads\\\/2026\\\/05\\\/Vitamin-B6-P-5-P-30mg-120-vegan-caps.jpg\",\"datePublished\":\"2026-05-11T14:38:01+00:00\",\"dateModified\":\"2026-05-13T07:25:31+00:00\",\"description\":\"Bioaktives Vitamin B6 als P-5-P von Osavi \u2013 120 vegane Kapseln f\u00fcr Nervensystem und Energiestoffwechsel. Glutenfrei, laktosefrei. Jetzt bestellen.\",\"breadcrumb\":{\"@id\":\"https:\\\/\\\/ecosupplements.ch\\\/?product=vitamin-b6-p-5-p-30mg-120-vegan-caps#breadcrumb\"},\"inLanguage\":\"de-CH\",\"potentialAction\":[{\"@type\":\"ReadAction\",\"target\":[\"https:\\\/\\\/ecosupplements.ch\\\/?product=vitamin-b6-p-5-p-30mg-120-vegan-caps\"]}]},{\"@type\":\"ImageObject\",\"inLanguage\":\"de-CH\",\"@id\":\"https:\\\/\\\/ecosupplements.ch\\\/?product=vitamin-b6-p-5-p-30mg-120-vegan-caps#primaryimage\",\"url\":\"https:\\\/\\\/ecosupplements.ch\\\/wp-content\\\/uploads\\\/2026\\\/05\\\/Vitamin-B6-P-5-P-30mg-120-vegan-caps.jpg\",\"contentUrl\":\"https:\\\/\\\/ecosupplements.ch\\\/wp-content\\\/uploads\\\/2026\\\/05\\\/Vitamin-B6-P-5-P-30mg-120-vegan-caps.jpg\",\"width\":558,\"height\":750,\"caption\":\"Vitamin B6 - P-5-P\"},{\"@type\":\"BreadcrumbList\",\"@id\":\"https:\\\/\\\/ecosupplements.ch\\\/?product=vitamin-b6-p-5-p-30mg-120-vegan-caps#breadcrumb\",\"itemListElement\":[{\"@type\":\"ListItem\",\"position\":1,\"name\":\"Home\",\"item\":\"https:\\\/\\\/ecosupplements.ch\\\/\"},{\"@type\":\"ListItem\",\"position\":2,\"name\":\"Shop\",\"item\":\"https:\\\/\\\/ecosupplements.ch\\\/?page_id=14\"},{\"@type\":\"ListItem\",\"position\":3,\"name\":\"Vitamin B6 &#8211; P-5-P, 30mg &#8211; 120 vegan caps\"}]},{\"@type\":\"WebSite\",\"@id\":\"https:\\\/\\\/ecosupplements.ch\\\/#website\",\"url\":\"https:\\\/\\\/ecosupplements.ch\\\/\",\"name\":\"Eco Supplements\",\"description\":\"\",\"potentialAction\":[{\"@type\":\"SearchAction\",\"target\":{\"@type\":\"EntryPoint\",\"urlTemplate\":\"https:\\\/\\\/ecosupplements.ch\\\/?s={search_term_string}\"},\"query-input\":{\"@type\":\"PropertyValueSpecification\",\"valueRequired\":true,\"valueName\":\"search_term_string\"}}],\"inLanguage\":\"de-CH\"}]}<\/script>\n<meta property=\"product:price:amount\" content=\"11.09\" \/>\n<meta property=\"product:price:currency\" content=\"CHF\" \/>\n<meta property=\"og:availability\" content=\"out of stock\" \/>\n<meta property=\"product:availability\" content=\"out of stock\" \/>\n<meta property=\"product:retailer_item_id\" content=\"5904139922538\" \/>\n<meta property=\"product:condition\" content=\"new\" \/>\n<!-- \/ Yoast SEO plugin. -->","yoast_head_json":{"title":"Vitamin B6 P-5-P 30mg \u2013 Osavi | ecosupplements.ch","description":"Bioaktives Vitamin B6 als P-5-P von Osavi \u2013 120 vegane Kapseln f\u00fcr Nervensystem und Energiestoffwechsel. Glutenfrei, laktosefrei. Jetzt bestellen.","robots":{"index":"index","follow":"follow","max-snippet":"max-snippet:-1","max-image-preview":"max-image-preview:large","max-video-preview":"max-video-preview:-1"},"canonical":"https:\/\/ecosupplements.ch\/?product=vitamin-b6-p-5-p-30mg-120-vegan-caps","og_locale":"de_DE","og_type":"article","og_title":"Vitamin B6 P-5-P 30mg \u2013 Osavi | ecosupplements.ch","og_description":"Bioaktives Vitamin B6 als P-5-P von Osavi \u2013 120 vegane Kapseln f\u00fcr Nervensystem und Energiestoffwechsel. Glutenfrei, laktosefrei. Jetzt bestellen.","og_url":"https:\/\/ecosupplements.ch\/?product=vitamin-b6-p-5-p-30mg-120-vegan-caps","og_site_name":"Eco Supplements","article_modified_time":"2026-05-13T07:25:31+00:00","og_image":[{"width":558,"height":750,"url":"https:\/\/ecosupplements.ch\/wp-content\/uploads\/2026\/05\/Vitamin-B6-P-5-P-30mg-120-vegan-caps.jpg","type":"image\/jpeg"}],"twitter_card":"summary_large_image","twitter_misc":{"Price":"&#67;&#72;&#70;&nbsp;11.09","Availability":"Out of stock"},"schema":{"@context":"https:\/\/schema.org","@graph":[{"@type":"WebPage","@id":"https:\/\/ecosupplements.ch\/?product=vitamin-b6-p-5-p-30mg-120-vegan-caps","url":"https:\/\/ecosupplements.ch\/?product=vitamin-b6-p-5-p-30mg-120-vegan-caps","name":"Vitamin B6 P-5-P 30mg \u2013 Osavi | ecosupplements.ch","isPartOf":{"@id":"https:\/\/ecosupplements.ch\/#website"},"primaryImageOfPage":{"@id":"https:\/\/ecosupplements.ch\/?product=vitamin-b6-p-5-p-30mg-120-vegan-caps#primaryimage"},"image":{"@id":"https:\/\/ecosupplements.ch\/?product=vitamin-b6-p-5-p-30mg-120-vegan-caps#primaryimage"},"thumbnailUrl":"https:\/\/ecosupplements.ch\/wp-content\/uploads\/2026\/05\/Vitamin-B6-P-5-P-30mg-120-vegan-caps.jpg","datePublished":"2026-05-11T14:38:01+00:00","dateModified":"2026-05-13T07:25:31+00:00","description":"Bioaktives Vitamin B6 als P-5-P von Osavi \u2013 120 vegane Kapseln f\u00fcr Nervensystem und Energiestoffwechsel. Glutenfrei, laktosefrei. Jetzt bestellen.","breadcrumb":{"@id":"https:\/\/ecosupplements.ch\/?product=vitamin-b6-p-5-p-30mg-120-vegan-caps#breadcrumb"},"inLanguage":"de-CH","potentialAction":[{"@type":"ReadAction","target":["https:\/\/ecosupplements.ch\/?product=vitamin-b6-p-5-p-30mg-120-vegan-caps"]}]},{"@type":"ImageObject","inLanguage":"de-CH","@id":"https:\/\/ecosupplements.ch\/?product=vitamin-b6-p-5-p-30mg-120-vegan-caps#primaryimage","url":"https:\/\/ecosupplements.ch\/wp-content\/uploads\/2026\/05\/Vitamin-B6-P-5-P-30mg-120-vegan-caps.jpg","contentUrl":"https:\/\/ecosupplements.ch\/wp-content\/uploads\/2026\/05\/Vitamin-B6-P-5-P-30mg-120-vegan-caps.jpg","width":558,"height":750,"caption":"Vitamin B6 - P-5-P"},{"@type":"BreadcrumbList","@id":"https:\/\/ecosupplements.ch\/?product=vitamin-b6-p-5-p-30mg-120-vegan-caps#breadcrumb","itemListElement":[{"@type":"ListItem","position":1,"name":"Home","item":"https:\/\/ecosupplements.ch\/"},{"@type":"ListItem","position":2,"name":"Shop","item":"https:\/\/ecosupplements.ch\/?page_id=14"},{"@type":"ListItem","position":3,"name":"Vitamin B6 &#8211; P-5-P, 30mg &#8211; 120 vegan caps"}]},{"@type":"WebSite","@id":"https:\/\/ecosupplements.ch\/#website","url":"https:\/\/ecosupplements.ch\/","name":"Eco Supplements","description":"","potentialAction":[{"@type":"SearchAction","target":{"@type":"EntryPoint","urlTemplate":"https:\/\/ecosupplements.ch\/?s={search_term_string}"},"query-input":{"@type":"PropertyValueSpecification","valueRequired":true,"valueName":"search_term_string"}}],"inLanguage":"de-CH"}]},"product_price_amount":"11.09","product_price_currency":"CHF","og_availability":"out of stock","product_availability":"out of stock","product_retailer_item_id":"5904139922538","product_condition":"new"},"_links":{"self":[{"href":"https:\/\/ecosupplements.ch\/index.php?rest_route=\/wp\/v2\/product\/2464","targetHints":{"allow":["GET"]}}],"collection":[{"href":"https:\/\/ecosupplements.ch\/index.php?rest_route=\/wp\/v2\/product"}],"about":[{"href":"https:\/\/ecosupplements.ch\/index.php?rest_route=\/wp\/v2\/types\/product"}],"replies":[{"embeddable":true,"href":"https:\/\/ecosupplements.ch\/index.php?rest_route=%2Fwp%2Fv2%2Fcomments&post=2464"}],"wp:featuredmedia":[{"embeddable":true,"href":"https:\/\/ecosupplements.ch\/index.php?rest_route=\/wp\/v2\/media\/2465"}],"wp:attachment":[{"href":"https:\/\/ecosupplements.ch\/index.php?rest_route=%2Fwp%2Fv2%2Fmedia&parent=2464"}],"wp:term":[{"taxonomy":"product_brand","embeddable":true,"href":"https:\/\/ecosupplements.ch\/index.php?rest_route=%2Fwp%2Fv2%2Fproduct_brand&post=2464"},{"taxonomy":"product_cat","embeddable":true,"href":"https:\/\/ecosupplements.ch\/index.php?rest_route=%2Fwp%2Fv2%2Fproduct_cat&post=2464"},{"taxonomy":"product_tag","embeddable":true,"href":"https:\/\/ecosupplements.ch\/index.php?rest_route=%2Fwp%2Fv2%2Fproduct_tag&post=2464"}],"curies":[{"name":"wp","href":"https:\/\/api.w.org\/{rel}","templated":true}]}}