{"id":2474,"date":"2026-05-11T14:38:06","date_gmt":"2026-05-11T14:38:06","guid":{"rendered":"https:\/\/ecosupplements.ch\/?product=vitamin-d3-k2-4000iu-150mcg-120-softgels"},"modified":"2026-05-13T07:25:31","modified_gmt":"2026-05-13T07:25:31","slug":"vitamin-d3-k2-4000iu-150mcg-120-softgels","status":"publish","type":"product","link":"https:\/\/ecosupplements.ch\/?product=vitamin-d3-k2-4000iu-150mcg-120-softgels","title":{"rendered":"Vitamin D3 + K2, 4000IU + 150mcg &#8211; 120 softgels"},"content":{"rendered":"<div class=\"chcg-product-description\">\n<h2 class=\"chcg-heading\">\u00dcber Osavi \u2013 Vitamin D3 + K2, 4000IU + 150mcg \u2013 120 Softgels<\/h2>\n<div class=\"chcg-intro\">\n<p>Osavi Vitamin D3 + K2 kombiniert zwei essentielle fettl\u00f6sliche Vitamine in einer einzigen, leicht einzunehmenden Softgelkapsel. Mit einer Dosierung von 4000 IU (100 \u00b5g) Vitamin D3 und 150 \u00b5g Vitamin K2 (als Menachinon-7) bietet dieses Pr\u00e4parat eine hochdosierte, synergistische Unterst\u00fctzung f\u00fcr Knochen, Z\u00e4hne und das Immunsystem. Vitamin D3 tr\u00e4gt zur normalen Aufnahme und Verwertung von Calcium und Phosphor bei und unterst\u00fctzt die Erhaltung normaler Knochen und Z\u00e4hne sowie eine normale Muskelfunktion.<\/p>\n<p>Vitamin K2 in der hochwertigen MK-7-Form (Menachinon-7) tr\u00e4gt zur normalen Blutgerinnung und zur Erhaltung normaler Knochen bei. Die Kombination von D3 und K2 ist besonders sinnvoll, da beide Vitamine im Knochenstoffwechsel zusammenwirken. Als Tr\u00e4ger\u00f6l wird MCT-\u00d6l (mittelkettige Triglyceride) verwendet, das die Aufnahme fettl\u00f6slicher Vitamine effektiv unterst\u00fctzt.<\/p>\n<p>Das Produkt von Osavi ist frei von Gluten, Laktose, Soja, Palm\u00f6l und Zucker und enth\u00e4lt keine gentechnisch ver\u00e4nderten Organismen. Die Softgelkapseln sind auf Basis von Rindergelatine hergestellt und eignen sich f\u00fcr Personen, die auf eine hochwertige, sorgf\u00e4ltig zusammengestellte Nahrungserg\u00e4nzung Wert legen.<\/p>\n<\/p><\/div>\n<div class=\"chcg-nutrition\">\n<h3>N\u00e4hrwertangaben<\/h3>\n<table class=\"chcg-nutrition-table\">\n<thead>\n<tr>\n<th>N\u00e4hrstoff<\/th>\n<th>Pro Portion (1 Kapsel)<\/th>\n<\/tr>\n<\/thead>\n<tbody>\n<tr>\n<td>Vitamin D (D3, Cholecalciferol)<\/td>\n<td>4000 IU \/ 100 \u00b5g (2000% NRW)<\/td>\n<\/tr>\n<tr>\n<td>Vitamin K (K2, Menachinon-7)<\/td>\n<td>150 \u00b5g (200% NRW)<\/td>\n<\/tr>\n<\/tbody>\n<\/table>\n<p class=\"chcg-footnote\">NRW = N\u00e4hrwert-Referenzwert<\/p>\n<\/p><\/div>\n<div class=\"chcg-ingredients\">\n<h3>Zutaten<\/h3>\n<p>MCT-\u00d6l (mittelkettige Triglyceride), Vitamin K2 (Menachinon-7), Vitamin D3 (Cholecalciferol).<\/p>\n<p class=\"chcg-capsule-shell\">Kapselh\u00fclle: Rindergelatine, Feuchthaltemittel: Glycerol, Wasser.<\/p>\n<\/p><\/div>\n<div class=\"chcg-dosage\">\n<h3>Verzehrempfehlung<\/h3>\n<p>1 Kapsel t\u00e4glich. Mit einem Glas Wasser, zu einer Mahlzeit oder unmittelbar danach, schlucken.<\/p>\n<\/p><\/div>\n<div class=\"chcg-warnings\">\n<h3>Warnhinweise<\/h3>\n<p>Nahrungserg\u00e4nzungsmittel sollten nicht als Ersatz f\u00fcr eine abwechslungsreiche Ern\u00e4hrung verwendet werden. Ausserhalb der Reichweite von kleinen Kindern aufbewahren. Die empfohlene Tagesdosis sollte nicht \u00fcberschritten werden. Konsultieren Sie vor der Einnahme dieses Produkts Ihren Apotheker oder Arzt, wenn Sie schwanger werden m\u00f6chten, schwanger sind, stillen, unter \u00e4rztlicher Aufsicht stehen oder an Lebensmittelallergien leiden. Personen, die Antikoagulanzien (blutgerinnungshemmende Medikamente) einnehmen, sollten vor dem Verzehr von Vitamin-K-haltigen Nahrungserg\u00e4nzungsmitteln \u00e4rztlichen Rat einholen.<\/p>\n<\/p><\/div>\n<div class=\"chcg-allergens\">\n<h3>Allergeninformationen<\/h3>\n<p>Keine Allergene deklariert. Das Produkt ist glutenfrei, laktosefrei, sojafrei, palm\u00f6lfrei, zuckerfrei und frei von gentechnisch ver\u00e4nderten Organismen (GMO-frei). Die Kapselh\u00fclle enth\u00e4lt Rindergelatine.<\/p>\n<\/p><\/div>\n<div class=\"chcg-storage\">\n<h3>Lagerung<\/h3>\n<p>An einem dunklen und trockenen Ort bei Raumtemperatur und ausserhalb der Reichweite von kleinen Kindern aufbewahren.<\/p>\n<\/p><\/div>\n<div class=\"chcg-dietary\">\n<h3>Ern\u00e4hrungshinweise<\/h3>\n<ul>\n<li>Glutenfrei<\/li>\n<li>Laktosefrei<\/li>\n<\/ul><\/div>\n<\/div>\n","protected":false},"excerpt":{"rendered":"<p>Osavi Vitamin D3 + K2 liefert 4000 IU D3 und 150 \u00b5g K2 (MK-7) pro Softgelkapsel \u2013 f\u00fcr Knochen, Z\u00e4hne und das Immunsystem. 120 Softgels pro Packung, glutenfrei und laktosefrei.<\/p>\n","protected":false},"featured_media":2475,"comment_status":"closed","ping_status":"open","template":"","meta":[],"product_brand":[219],"product_cat":[27,48,25,30,31,171,21],"product_tag":[],"class_list":{"0":"post-2474","1":"product","2":"type-product","3":"status-publish","4":"has-post-thumbnail","6":"product_brand-osavi","7":"product_cat-einige-vitamine","8":"product_cat-gesunde-ernaehrung","9":"product_cat-gesundheit-und-wohlbefinden","10":"product_cat-vitamin-d","11":"product_cat-vitamin-k","12":"product_cat-vitamine-und-mineralien","13":"product_cat-vitamine-und-mineralstoffe","15":"first","16":"outofstock","17":"taxable","18":"shipping-taxable","19":"purchasable","20":"product-type-simple"},"yoast_head":"<!-- This site is optimized with the Yoast SEO plugin v27.5 - https:\/\/yoast.com\/product\/yoast-seo-wordpress\/ -->\n<title>Vitamin D3 + K2 4000IU + 150mcg \u2013 Osavi | ecosupplements.ch<\/title>\n<meta name=\"description\" content=\"Osavi Vitamin D3 + K2 unterst\u00fctzt Knochen und Immunsystem \u2013 4000 IU D3 und 150 \u00b5g MK-7 pro Softgelkapsel, 120 St\u00fcck, glutenfrei. Jetzt bestellen.\" \/>\n<meta name=\"robots\" content=\"index, follow, max-snippet:-1, max-image-preview:large, max-video-preview:-1\" \/>\n<link rel=\"canonical\" href=\"https:\/\/ecosupplements.ch\/?product=vitamin-d3-k2-4000iu-150mcg-120-softgels\" \/>\n<meta property=\"og:locale\" content=\"de_DE\" \/>\n<meta property=\"og:type\" content=\"article\" \/>\n<meta property=\"og:title\" content=\"Vitamin D3 + K2 4000IU + 150mcg \u2013 Osavi | ecosupplements.ch\" \/>\n<meta property=\"og:description\" content=\"Osavi Vitamin D3 + K2 unterst\u00fctzt Knochen und Immunsystem \u2013 4000 IU D3 und 150 \u00b5g MK-7 pro Softgelkapsel, 120 St\u00fcck, glutenfrei. Jetzt bestellen.\" \/>\n<meta property=\"og:url\" content=\"https:\/\/ecosupplements.ch\/?product=vitamin-d3-k2-4000iu-150mcg-120-softgels\" \/>\n<meta property=\"og:site_name\" content=\"Eco Supplements\" \/>\n<meta property=\"article:modified_time\" content=\"2026-05-13T07:25:31+00:00\" \/>\n<meta property=\"og:image\" content=\"https:\/\/ecosupplements.ch\/wp-content\/uploads\/2026\/05\/Vitamin-D3-K2-4000IU-150mcg-120-softgels.png\" \/>\n\t<meta property=\"og:image:width\" content=\"600\" \/>\n\t<meta property=\"og:image:height\" content=\"873\" \/>\n\t<meta property=\"og:image:type\" content=\"image\/png\" \/>\n<meta name=\"twitter:card\" content=\"summary_large_image\" \/>\n<meta name=\"twitter:label1\" content=\"Price\" \/>\n\t<meta name=\"twitter:data1\" content=\"&#067;&#072;&#070;&nbsp;19.53\" \/>\n\t<meta name=\"twitter:label2\" content=\"Availability\" \/>\n\t<meta name=\"twitter:data2\" content=\"Out of stock\" \/>\n<script type=\"application\/ld+json\" class=\"yoast-schema-graph\">{\"@context\":\"https:\\\/\\\/schema.org\",\"@graph\":[{\"@type\":\"WebPage\",\"@id\":\"https:\\\/\\\/ecosupplements.ch\\\/?product=vitamin-d3-k2-4000iu-150mcg-120-softgels\",\"url\":\"https:\\\/\\\/ecosupplements.ch\\\/?product=vitamin-d3-k2-4000iu-150mcg-120-softgels\",\"name\":\"Vitamin D3 + K2 4000IU + 150mcg \u2013 Osavi | ecosupplements.ch\",\"isPartOf\":{\"@id\":\"https:\\\/\\\/ecosupplements.ch\\\/#website\"},\"primaryImageOfPage\":{\"@id\":\"https:\\\/\\\/ecosupplements.ch\\\/?product=vitamin-d3-k2-4000iu-150mcg-120-softgels#primaryimage\"},\"image\":{\"@id\":\"https:\\\/\\\/ecosupplements.ch\\\/?product=vitamin-d3-k2-4000iu-150mcg-120-softgels#primaryimage\"},\"thumbnailUrl\":\"https:\\\/\\\/ecosupplements.ch\\\/wp-content\\\/uploads\\\/2026\\\/05\\\/Vitamin-D3-K2-4000IU-150mcg-120-softgels.png\",\"datePublished\":\"2026-05-11T14:38:06+00:00\",\"dateModified\":\"2026-05-13T07:25:31+00:00\",\"description\":\"Osavi Vitamin D3 + K2 unterst\u00fctzt Knochen und Immunsystem \u2013 4000 IU D3 und 150 \u00b5g MK-7 pro Softgelkapsel, 120 St\u00fcck, glutenfrei. Jetzt bestellen.\",\"breadcrumb\":{\"@id\":\"https:\\\/\\\/ecosupplements.ch\\\/?product=vitamin-d3-k2-4000iu-150mcg-120-softgels#breadcrumb\"},\"inLanguage\":\"de-CH\",\"potentialAction\":[{\"@type\":\"ReadAction\",\"target\":[\"https:\\\/\\\/ecosupplements.ch\\\/?product=vitamin-d3-k2-4000iu-150mcg-120-softgels\"]}]},{\"@type\":\"ImageObject\",\"inLanguage\":\"de-CH\",\"@id\":\"https:\\\/\\\/ecosupplements.ch\\\/?product=vitamin-d3-k2-4000iu-150mcg-120-softgels#primaryimage\",\"url\":\"https:\\\/\\\/ecosupplements.ch\\\/wp-content\\\/uploads\\\/2026\\\/05\\\/Vitamin-D3-K2-4000IU-150mcg-120-softgels.png\",\"contentUrl\":\"https:\\\/\\\/ecosupplements.ch\\\/wp-content\\\/uploads\\\/2026\\\/05\\\/Vitamin-D3-K2-4000IU-150mcg-120-softgels.png\",\"width\":600,\"height\":873,\"caption\":\"Vitamin D3 + K2\"},{\"@type\":\"BreadcrumbList\",\"@id\":\"https:\\\/\\\/ecosupplements.ch\\\/?product=vitamin-d3-k2-4000iu-150mcg-120-softgels#breadcrumb\",\"itemListElement\":[{\"@type\":\"ListItem\",\"position\":1,\"name\":\"Home\",\"item\":\"https:\\\/\\\/ecosupplements.ch\\\/\"},{\"@type\":\"ListItem\",\"position\":2,\"name\":\"Shop\",\"item\":\"https:\\\/\\\/ecosupplements.ch\\\/?page_id=14\"},{\"@type\":\"ListItem\",\"position\":3,\"name\":\"Vitamin D3 + K2, 4000IU + 150mcg &#8211; 120 softgels\"}]},{\"@type\":\"WebSite\",\"@id\":\"https:\\\/\\\/ecosupplements.ch\\\/#website\",\"url\":\"https:\\\/\\\/ecosupplements.ch\\\/\",\"name\":\"Eco Supplements\",\"description\":\"\",\"potentialAction\":[{\"@type\":\"SearchAction\",\"target\":{\"@type\":\"EntryPoint\",\"urlTemplate\":\"https:\\\/\\\/ecosupplements.ch\\\/?s={search_term_string}\"},\"query-input\":{\"@type\":\"PropertyValueSpecification\",\"valueRequired\":true,\"valueName\":\"search_term_string\"}}],\"inLanguage\":\"de-CH\"}]}<\/script>\n<meta property=\"product:price:amount\" content=\"19.53\" \/>\n<meta property=\"product:price:currency\" content=\"CHF\" \/>\n<meta property=\"og:availability\" content=\"out of stock\" \/>\n<meta property=\"product:availability\" content=\"out of stock\" \/>\n<meta property=\"product:retailer_item_id\" content=\"5904139922170\" \/>\n<meta property=\"product:condition\" content=\"new\" \/>\n<!-- \/ Yoast SEO plugin. -->","yoast_head_json":{"title":"Vitamin D3 + K2 4000IU + 150mcg \u2013 Osavi | ecosupplements.ch","description":"Osavi Vitamin D3 + K2 unterst\u00fctzt Knochen und Immunsystem \u2013 4000 IU D3 und 150 \u00b5g MK-7 pro Softgelkapsel, 120 St\u00fcck, glutenfrei. Jetzt bestellen.","robots":{"index":"index","follow":"follow","max-snippet":"max-snippet:-1","max-image-preview":"max-image-preview:large","max-video-preview":"max-video-preview:-1"},"canonical":"https:\/\/ecosupplements.ch\/?product=vitamin-d3-k2-4000iu-150mcg-120-softgels","og_locale":"de_DE","og_type":"article","og_title":"Vitamin D3 + K2 4000IU + 150mcg \u2013 Osavi | ecosupplements.ch","og_description":"Osavi Vitamin D3 + K2 unterst\u00fctzt Knochen und Immunsystem \u2013 4000 IU D3 und 150 \u00b5g MK-7 pro Softgelkapsel, 120 St\u00fcck, glutenfrei. Jetzt bestellen.","og_url":"https:\/\/ecosupplements.ch\/?product=vitamin-d3-k2-4000iu-150mcg-120-softgels","og_site_name":"Eco Supplements","article_modified_time":"2026-05-13T07:25:31+00:00","og_image":[{"width":600,"height":873,"url":"https:\/\/ecosupplements.ch\/wp-content\/uploads\/2026\/05\/Vitamin-D3-K2-4000IU-150mcg-120-softgels.png","type":"image\/png"}],"twitter_card":"summary_large_image","twitter_misc":{"Price":"&#67;&#72;&#70;&nbsp;19.53","Availability":"Out of stock"},"schema":{"@context":"https:\/\/schema.org","@graph":[{"@type":"WebPage","@id":"https:\/\/ecosupplements.ch\/?product=vitamin-d3-k2-4000iu-150mcg-120-softgels","url":"https:\/\/ecosupplements.ch\/?product=vitamin-d3-k2-4000iu-150mcg-120-softgels","name":"Vitamin D3 + K2 4000IU + 150mcg \u2013 Osavi | ecosupplements.ch","isPartOf":{"@id":"https:\/\/ecosupplements.ch\/#website"},"primaryImageOfPage":{"@id":"https:\/\/ecosupplements.ch\/?product=vitamin-d3-k2-4000iu-150mcg-120-softgels#primaryimage"},"image":{"@id":"https:\/\/ecosupplements.ch\/?product=vitamin-d3-k2-4000iu-150mcg-120-softgels#primaryimage"},"thumbnailUrl":"https:\/\/ecosupplements.ch\/wp-content\/uploads\/2026\/05\/Vitamin-D3-K2-4000IU-150mcg-120-softgels.png","datePublished":"2026-05-11T14:38:06+00:00","dateModified":"2026-05-13T07:25:31+00:00","description":"Osavi Vitamin D3 + K2 unterst\u00fctzt Knochen und Immunsystem \u2013 4000 IU D3 und 150 \u00b5g MK-7 pro Softgelkapsel, 120 St\u00fcck, glutenfrei. Jetzt bestellen.","breadcrumb":{"@id":"https:\/\/ecosupplements.ch\/?product=vitamin-d3-k2-4000iu-150mcg-120-softgels#breadcrumb"},"inLanguage":"de-CH","potentialAction":[{"@type":"ReadAction","target":["https:\/\/ecosupplements.ch\/?product=vitamin-d3-k2-4000iu-150mcg-120-softgels"]}]},{"@type":"ImageObject","inLanguage":"de-CH","@id":"https:\/\/ecosupplements.ch\/?product=vitamin-d3-k2-4000iu-150mcg-120-softgels#primaryimage","url":"https:\/\/ecosupplements.ch\/wp-content\/uploads\/2026\/05\/Vitamin-D3-K2-4000IU-150mcg-120-softgels.png","contentUrl":"https:\/\/ecosupplements.ch\/wp-content\/uploads\/2026\/05\/Vitamin-D3-K2-4000IU-150mcg-120-softgels.png","width":600,"height":873,"caption":"Vitamin D3 + K2"},{"@type":"BreadcrumbList","@id":"https:\/\/ecosupplements.ch\/?product=vitamin-d3-k2-4000iu-150mcg-120-softgels#breadcrumb","itemListElement":[{"@type":"ListItem","position":1,"name":"Home","item":"https:\/\/ecosupplements.ch\/"},{"@type":"ListItem","position":2,"name":"Shop","item":"https:\/\/ecosupplements.ch\/?page_id=14"},{"@type":"ListItem","position":3,"name":"Vitamin D3 + K2, 4000IU + 150mcg &#8211; 120 softgels"}]},{"@type":"WebSite","@id":"https:\/\/ecosupplements.ch\/#website","url":"https:\/\/ecosupplements.ch\/","name":"Eco Supplements","description":"","potentialAction":[{"@type":"SearchAction","target":{"@type":"EntryPoint","urlTemplate":"https:\/\/ecosupplements.ch\/?s={search_term_string}"},"query-input":{"@type":"PropertyValueSpecification","valueRequired":true,"valueName":"search_term_string"}}],"inLanguage":"de-CH"}]},"product_price_amount":"19.53","product_price_currency":"CHF","og_availability":"out of stock","product_availability":"out of stock","product_retailer_item_id":"5904139922170","product_condition":"new"},"_links":{"self":[{"href":"https:\/\/ecosupplements.ch\/index.php?rest_route=\/wp\/v2\/product\/2474","targetHints":{"allow":["GET"]}}],"collection":[{"href":"https:\/\/ecosupplements.ch\/index.php?rest_route=\/wp\/v2\/product"}],"about":[{"href":"https:\/\/ecosupplements.ch\/index.php?rest_route=\/wp\/v2\/types\/product"}],"replies":[{"embeddable":true,"href":"https:\/\/ecosupplements.ch\/index.php?rest_route=%2Fwp%2Fv2%2Fcomments&post=2474"}],"wp:featuredmedia":[{"embeddable":true,"href":"https:\/\/ecosupplements.ch\/index.php?rest_route=\/wp\/v2\/media\/2475"}],"wp:attachment":[{"href":"https:\/\/ecosupplements.ch\/index.php?rest_route=%2Fwp%2Fv2%2Fmedia&parent=2474"}],"wp:term":[{"taxonomy":"product_brand","embeddable":true,"href":"https:\/\/ecosupplements.ch\/index.php?rest_route=%2Fwp%2Fv2%2Fproduct_brand&post=2474"},{"taxonomy":"product_cat","embeddable":true,"href":"https:\/\/ecosupplements.ch\/index.php?rest_route=%2Fwp%2Fv2%2Fproduct_cat&post=2474"},{"taxonomy":"product_tag","embeddable":true,"href":"https:\/\/ecosupplements.ch\/index.php?rest_route=%2Fwp%2Fv2%2Fproduct_tag&post=2474"}],"curies":[{"name":"wp","href":"https:\/\/api.w.org\/{rel}","templated":true}]}}